


{"id":14325,"date":"2017-11-27T14:04:21","date_gmt":"2017-11-27T14:04:21","guid":{"rendered":"https:\/\/www.unirufa.it\/?page_id=14325"},"modified":"2021-11-02T13:26:18","modified_gmt":"2021-11-02T12:26:18","slug":"rufa-contest-2018","status":"publish","type":"page","link":"https:\/\/www.unirufa.it\/es\/rufa-contest-2018\/","title":{"rendered":"RUFA Contest 2018"},"content":{"rendered":"<p class=\"qtranxs-available-languages-message qtranxs-available-languages-message-es\">Disculpa, pero esta entrada est\u00e1 disponible s\u00f3lo en <a href=\"https:\/\/www.unirufa.it\/it\/wp-json\/wp\/v2\/pages\/14325\" class=\"qtranxs-available-language-link qtranxs-available-language-link-it\" title=\"IT\">IT<\/a> y <a href=\"https:\/\/www.unirufa.it\/en\/wp-json\/wp\/v2\/pages\/14325\" class=\"qtranxs-available-language-link qtranxs-available-language-link-en\" title=\"EN\">EN<\/a>.<\/p><h4>12 Giugno 2018: Roma apre le porte ad un evento divenuto ormai parte del tessuto culturale della citt\u00e0.<\/h4>\n<p>Al Teatro Olimpico andr\u00e0 in scena lo spettacolo, il talk offerto dalla Presidente di Giuria Shirin Neshat ed infine la premiazione: il RUFA Contest \u00e8 una serata perfetta, nella quale si celebra la creativit\u00e0 pi\u00f9 pura, quella che gi\u00e0 oggi rivolge lo sguardo al domani.<br \/>\nLa quarta edizione del RUFA CONTEST porta l\u2019occhio ad esplorare la tensione che emerge dalla diversit\u00e0. Un mix di arte, media e contemporaneit\u00e0 sullo sfondo di Roma che sar\u00e0 illustrato prima in una masterclass e poi in una serata evento programmata per il prossimo 12 giugno, con inizio alle ore 18, presso il Teatro Olimpico di Roma. Tantissimo da vedere e vivere, per un evento che non vorrete assolutamente perdere.<\/p>\n<p><a class=\"download-btn\" href=\"https:\/\/event.unirufa.it\/2018\/\" target=\"_blank\" rel=\"noopener\">RUFA Contest 2018<\/a>","protected":false},"excerpt":{"rendered":"<p>Disculpa, pero esta entrada est\u00e1 disponible s\u00f3lo en IT y EN.12 Giugno 2018: Roma apre le porte ad un evento divenuto ormai parte del tessuto culturale della citt\u00e0. Al Teatro Olimpico andr\u00e0 in scena lo spettacolo, il talk offerto dalla Presidente di Giuria Shirin Neshat ed infine la premiazione: il RUFA Contest \u00e8 una serata&#8230;<\/p>\n","protected":false},"author":1,"featured_media":16492,"parent":0,"menu_order":0,"comment_status":"closed","ping_status":"closed","template":"","meta":{"content-type":"","footnotes":""},"class_list":["post-14325","page","type-page","status-publish","has-post-thumbnail","hentry"],"yoast_head":"<!-- This site is optimized with the Yoast SEO plugin v24.2 - https:\/\/yoast.com\/wordpress\/plugins\/seo\/ -->\n<title>RUFA Contest 2018 - RUFA - Rome University of Fine Arts<\/title>\n<meta name=\"robots\" content=\"index, follow, max-snippet:-1, max-image-preview:large, max-video-preview:-1\" \/>\n<link rel=\"canonical\" href=\"https:\/\/www.unirufa.it\/rufa-contest-2018\/\" \/>\n<meta property=\"og:locale\" content=\"es_ES\" \/>\n<meta property=\"og:type\" content=\"article\" \/>\n<meta property=\"og:title\" content=\"RUFA Contest 2018 - RUFA - Rome University of Fine Arts\" \/>\n<meta property=\"og:description\" content=\"Disculpa, pero esta entrada est\u00e1 disponible s\u00f3lo en IT y EN.12 Giugno 2018: Roma apre le porte ad un evento divenuto ormai parte del tessuto culturale della citt\u00e0. Al Teatro Olimpico andr\u00e0 in scena lo spettacolo, il talk offerto dalla Presidente di Giuria Shirin Neshat ed infine la premiazione: il RUFA Contest \u00e8 una serata...\" \/>\n<meta property=\"og:url\" content=\"https:\/\/www.unirufa.it\/rufa-contest-2018\/\" \/>\n<meta property=\"og:site_name\" content=\"RUFA - Rome University of Fine Arts\" \/>\n<meta property=\"article:modified_time\" content=\"2021-11-02T12:26:18+00:00\" \/>\n<meta property=\"og:image\" content=\"https:\/\/www.unirufa.it\/wp-content\/uploads\/2018\/05\/RUFA_CONTEST_Slider_Home_page_1440x600-1.jpg\" \/>\n\t<meta property=\"og:image:width\" content=\"1440\" \/>\n\t<meta property=\"og:image:height\" content=\"600\" \/>\n\t<meta property=\"og:image:type\" content=\"image\/jpeg\" \/>\n<meta name=\"twitter:label1\" content=\"Tiempo de lectura\" \/>\n\t<meta name=\"twitter:data1\" content=\"1 minuto\" \/>\n<script type=\"application\/ld+json\" class=\"yoast-schema-graph\">{\"@context\":\"https:\/\/schema.org\",\"@graph\":[{\"@type\":\"WebPage\",\"@id\":\"https:\/\/www.unirufa.it\/rufa-contest-2018\/\",\"url\":\"https:\/\/www.unirufa.it\/rufa-contest-2018\/\",\"name\":\"RUFA Contest 2018 - RUFA - Rome University of Fine Arts\",\"isPartOf\":{\"@id\":\"https:\/\/www.unirufa.it\/#website\"},\"primaryImageOfPage\":{\"@id\":\"https:\/\/www.unirufa.it\/rufa-contest-2018\/#primaryimage\"},\"image\":{\"@id\":\"https:\/\/www.unirufa.it\/rufa-contest-2018\/#primaryimage\"},\"thumbnailUrl\":\"https:\/\/www.unirufa.it\/wp-content\/uploads\/2018\/05\/RUFA_CONTEST_Slider_Home_page_1440x600-1.jpg\",\"datePublished\":\"2017-11-27T14:04:21+00:00\",\"dateModified\":\"2021-11-02T12:26:18+00:00\",\"breadcrumb\":{\"@id\":\"https:\/\/www.unirufa.it\/rufa-contest-2018\/#breadcrumb\"},\"inLanguage\":\"es\",\"potentialAction\":[{\"@type\":\"ReadAction\",\"target\":[\"https:\/\/www.unirufa.it\/rufa-contest-2018\/\"]}]},{\"@type\":\"ImageObject\",\"inLanguage\":\"es\",\"@id\":\"https:\/\/www.unirufa.it\/rufa-contest-2018\/#primaryimage\",\"url\":\"https:\/\/www.unirufa.it\/wp-content\/uploads\/2018\/05\/RUFA_CONTEST_Slider_Home_page_1440x600-1.jpg\",\"contentUrl\":\"https:\/\/www.unirufa.it\/wp-content\/uploads\/2018\/05\/RUFA_CONTEST_Slider_Home_page_1440x600-1.jpg\",\"width\":1440,\"height\":600},{\"@type\":\"BreadcrumbList\",\"@id\":\"https:\/\/www.unirufa.it\/rufa-contest-2018\/#breadcrumb\",\"itemListElement\":[{\"@type\":\"ListItem\",\"position\":1,\"name\":\"Home\",\"item\":\"https:\/\/www.unirufa.it\/\"},{\"@type\":\"ListItem\",\"position\":2,\"name\":\"RUFA Contest 2018\"}]},{\"@type\":\"WebSite\",\"@id\":\"https:\/\/www.unirufa.it\/#website\",\"url\":\"https:\/\/www.unirufa.it\/\",\"name\":\"RUFA - Rome University of Fine Arts\",\"description\":\"\",\"potentialAction\":[{\"@type\":\"SearchAction\",\"target\":{\"@type\":\"EntryPoint\",\"urlTemplate\":\"https:\/\/www.unirufa.it\/?s={search_term_string}\"},\"query-input\":{\"@type\":\"PropertyValueSpecification\",\"valueRequired\":true,\"valueName\":\"search_term_string\"}}],\"inLanguage\":\"es\"}]}<\/script>\n<!-- \/ Yoast SEO plugin. -->","yoast_head_json":{"title":"RUFA Contest 2018 - RUFA - Rome University of Fine Arts","robots":{"index":"index","follow":"follow","max-snippet":"max-snippet:-1","max-image-preview":"max-image-preview:large","max-video-preview":"max-video-preview:-1"},"canonical":"https:\/\/www.unirufa.it\/rufa-contest-2018\/","og_locale":"es_ES","og_type":"article","og_title":"RUFA Contest 2018 - RUFA - Rome University of Fine Arts","og_description":"Disculpa, pero esta entrada est\u00e1 disponible s\u00f3lo en IT y EN.12 Giugno 2018: Roma apre le porte ad un evento divenuto ormai parte del tessuto culturale della citt\u00e0. Al Teatro Olimpico andr\u00e0 in scena lo spettacolo, il talk offerto dalla Presidente di Giuria Shirin Neshat ed infine la premiazione: il RUFA Contest \u00e8 una serata...","og_url":"https:\/\/www.unirufa.it\/rufa-contest-2018\/","og_site_name":"RUFA - Rome University of Fine Arts","article_modified_time":"2021-11-02T12:26:18+00:00","og_image":[{"width":1440,"height":600,"url":"https:\/\/www.unirufa.it\/wp-content\/uploads\/2018\/05\/RUFA_CONTEST_Slider_Home_page_1440x600-1.jpg","type":"image\/jpeg"}],"twitter_misc":{"Tiempo de lectura":"1 minuto"},"schema":{"@context":"https:\/\/schema.org","@graph":[{"@type":"WebPage","@id":"https:\/\/www.unirufa.it\/rufa-contest-2018\/","url":"https:\/\/www.unirufa.it\/rufa-contest-2018\/","name":"RUFA Contest 2018 - RUFA - Rome University of Fine Arts","isPartOf":{"@id":"https:\/\/www.unirufa.it\/#website"},"primaryImageOfPage":{"@id":"https:\/\/www.unirufa.it\/rufa-contest-2018\/#primaryimage"},"image":{"@id":"https:\/\/www.unirufa.it\/rufa-contest-2018\/#primaryimage"},"thumbnailUrl":"https:\/\/www.unirufa.it\/wp-content\/uploads\/2018\/05\/RUFA_CONTEST_Slider_Home_page_1440x600-1.jpg","datePublished":"2017-11-27T14:04:21+00:00","dateModified":"2021-11-02T12:26:18+00:00","breadcrumb":{"@id":"https:\/\/www.unirufa.it\/rufa-contest-2018\/#breadcrumb"},"inLanguage":"es","potentialAction":[{"@type":"ReadAction","target":["https:\/\/www.unirufa.it\/rufa-contest-2018\/"]}]},{"@type":"ImageObject","inLanguage":"es","@id":"https:\/\/www.unirufa.it\/rufa-contest-2018\/#primaryimage","url":"https:\/\/www.unirufa.it\/wp-content\/uploads\/2018\/05\/RUFA_CONTEST_Slider_Home_page_1440x600-1.jpg","contentUrl":"https:\/\/www.unirufa.it\/wp-content\/uploads\/2018\/05\/RUFA_CONTEST_Slider_Home_page_1440x600-1.jpg","width":1440,"height":600},{"@type":"BreadcrumbList","@id":"https:\/\/www.unirufa.it\/rufa-contest-2018\/#breadcrumb","itemListElement":[{"@type":"ListItem","position":1,"name":"Home","item":"https:\/\/www.unirufa.it\/"},{"@type":"ListItem","position":2,"name":"RUFA Contest 2018"}]},{"@type":"WebSite","@id":"https:\/\/www.unirufa.it\/#website","url":"https:\/\/www.unirufa.it\/","name":"RUFA - Rome University of Fine Arts","description":"","potentialAction":[{"@type":"SearchAction","target":{"@type":"EntryPoint","urlTemplate":"https:\/\/www.unirufa.it\/?s={search_term_string}"},"query-input":{"@type":"PropertyValueSpecification","valueRequired":true,"valueName":"search_term_string"}}],"inLanguage":"es"}]}},"_links":{"self":[{"href":"https:\/\/www.unirufa.it\/es\/wp-json\/wp\/v2\/pages\/14325","targetHints":{"allow":["GET"]}}],"collection":[{"href":"https:\/\/www.unirufa.it\/es\/wp-json\/wp\/v2\/pages"}],"about":[{"href":"https:\/\/www.unirufa.it\/es\/wp-json\/wp\/v2\/types\/page"}],"author":[{"embeddable":true,"href":"https:\/\/www.unirufa.it\/es\/wp-json\/wp\/v2\/users\/1"}],"replies":[{"embeddable":true,"href":"https:\/\/www.unirufa.it\/es\/wp-json\/wp\/v2\/comments?post=14325"}],"version-history":[{"count":27,"href":"https:\/\/www.unirufa.it\/es\/wp-json\/wp\/v2\/pages\/14325\/revisions"}],"predecessor-version":[{"id":55082,"href":"https:\/\/www.unirufa.it\/es\/wp-json\/wp\/v2\/pages\/14325\/revisions\/55082"}],"wp:featuredmedia":[{"embeddable":true,"href":"https:\/\/www.unirufa.it\/es\/wp-json\/wp\/v2\/media\/16492"}],"wp:attachment":[{"href":"https:\/\/www.unirufa.it\/es\/wp-json\/wp\/v2\/media?parent=14325"}],"curies":[{"name":"wp","href":"https:\/\/api.w.org\/{rel}","templated":true}]}}