


{"id":144577,"date":"2025-04-28T11:52:18","date_gmt":"2025-04-28T09:52:18","guid":{"rendered":"https:\/\/www.unirufa.it\/?page_id=144577"},"modified":"2025-06-25T15:20:12","modified_gmt":"2025-06-25T13:20:12","slug":"tracks-of-freedom-2025","status":"publish","type":"page","link":"https:\/\/www.unirufa.it\/es\/tracks-of-freedom-2025\/","title":{"rendered":"Tracks of Freedom 2025 &#8211; \u00abmicro-Macro\u00bb"},"content":{"rendered":"<h3><span style=\"color: #0d8bd5;\">\u00abmicro-Macro\u00bb es el tema lanzado para la edici\u00f3n 2025 del formato TRACKS OF FREEDOM: como cada a\u00f1o, un grupo de estudiantes de RUFA del m\u00e1ster en <a href=\"https:\/\/www.unirufa.it\/offerta-formativa\/corsi-ii-livello\/visual-and-innovation-design\/\"><span style=\"color: #0d8bd5;\">Visual and Innovation Design<\/span><\/a> vol\u00f3 a Nueva York para vivir una experiencia profesional \u00fanica, en busca de inspiraci\u00f3n para nuevos enfoques de dise\u00f1o y art\u00edsticos.<\/span><\/h3>\n<p>&nbsp;<\/p>\n<p>Imagina sumergirte en el efervescente mundo del dise\u00f1o visual y de marca, rodeado de charlas, visitas a estudios y profundizaciones sociales y culturales, todo en el vibrante escenario de Nueva York, s\u00edmbolo indiscutible de la libertad. Aqu\u00ed, nuestros estudiantes del m\u00e1ster en Visual and Innovation Design tendr\u00e1n la oportunidad de transformar la energ\u00eda palpitante de la ciudad \u2014y sus sue\u00f1os\u2014 en creatividad sin l\u00edmites.<\/p>\n<p>Este proyecto especial ofrece una intensa experiencia de 9 d\u00edas donde la investigaci\u00f3n, el estudio y el trabajo de dise\u00f1o se fusionan en un recorrido extraordinario en el coraz\u00f3n de la Gran Manzana, dentro de un entorno profesional estimulante y atractivo.<\/p>\n<p>El workshop tiene como objetivo <strong>explorar el concepto de Libertad<\/strong> a trav\u00e9s de una lente sinest\u00e9sica, adoptando un <strong>enfoque multidisciplinario<\/strong> que pretende capturar el dinamismo electrizante y el poder creativo simb\u00f3lico de Nueva York. Se utilizar\u00e1n todas las t\u00e9cnicas y lenguajes de la comunicaci\u00f3n contempor\u00e1nea \u2014desde la <strong>identidad de marca hasta el motion graphic, del dise\u00f1o de interacci\u00f3n a la fotograf\u00eda y el v\u00eddeo<\/strong>\u2014 fomentando hibridaciones, convergencias y experimentaci\u00f3n.<\/p>\n<p>Del 6 al 14 de mayo de 2025, los estudiantes \u2014guiados por los docentes y dise\u00f1adores <a href=\"https:\/\/www.unirufa.it\/docenti\/mario-rullo\/\" target=\"_blank\" rel=\"noopener\">Mario Rullo<\/a> y <a href=\"https:\/\/www.unirufa.it\/docenti\/emanuele-cappelli\/\" target=\"_blank\" rel=\"noopener\">Emanuele Cappelli<\/a>, junto con nuestro Director Acad\u00e9mico, el arquitecto Fabio Mongelli\u2014 intentaron reinterpretar el concepto de \u00abLibertad\u00bb, capturando el <strong>dinamismo vibrante y la energ\u00eda creativa de Nueva York<\/strong> a trav\u00e9s de una variedad de lenguajes y t\u00e9cnicas comunicativas contempor\u00e1neas.<\/p>\n<p>Los proyectos desarrollados por los estudiantes durante estos nueve d\u00edas se expondr\u00e1n posteriormente en el evocador escenario del <a href=\"https:\/\/www.unirufa.it\/en\/sedi\/sedi-roma\/via-degli-ausoni-7\/rufa-space\/\" rel=\"noopener\" target=\"_blank\">RUFA Space<\/a>, el espacio expositivo ubicado en el Pastificio Cerere, en el barrio San Lorenzo de Roma. Una valiosa oportunidad para compartir con el p\u00fablico los resultados de esta experiencia educativa \u00fanica.<\/p>\n<p>Entre los innumerables estudios visitados por los estudiantes de RUFA: <strong><a href=\"https:\/\/www.pentagram.com\/\" rel=\"noopener\" target=\"_blank\">Pentagram<\/a><\/strong>, guiado por la socia Giorgia Lupi y con un breve encuentro con Paula Scher, una de las dise\u00f1adoras gr\u00e1ficas m\u00e1s influyentes del mundo; <strong><a href=\"https:\/\/cooper.edu\/art\/herb-lubalin-study-center-design-and-typography\" rel=\"noopener\" target=\"_blank\">Lubalin Foundation<\/a>, <a href=\"https:\/\/order.design\/\" rel=\"noopener\" target=\"_blank\">Order Studio<\/a><\/strong>, <strong><a href=\"https:\/\/www.salotto.studio\/\" rel=\"noopener\" target=\"_blank\">Salotto Studio<\/a><\/strong> \u2014donde escuchamos los casos de estudio de Giulia Zoavo, Vittorio Perotti, Lorenzo Fanton y el ilustrador Emiliano Ponzi\u2014 as\u00ed como <strong><a href=\"https:\/\/theworkingassembly.com\/\" rel=\"noopener\" target=\"_blank\">The Working Assembly<\/a><\/strong>, <strong><a href=\"https:\/\/gretelny.com\/\" rel=\"noopener\" target=\"_blank\">Studio Gretel<\/a><\/strong>, y los dise\u00f1adores radicados en Nueva York desde hace a\u00f1os <strong>Matteo Bologna y Daniele Politini<\/strong>.<\/p>\n<h3","protected":false},"excerpt":{"rendered":"<p>\u00abmicro-Macro\u00bb es el tema lanzado para la edici\u00f3n 2025 del formato TRACKS OF FREEDOM: como cada a\u00f1o, un grupo de estudiantes de RUFA del m\u00e1ster en Visual and Innovation Design vol\u00f3 a Nueva York para vivir una experiencia profesional \u00fanica, en busca de inspiraci\u00f3n para nuevos enfoques de dise\u00f1o y art\u00edsticos. &nbsp; Imagina sumergirte en&#8230;<\/p>\n","protected":false},"author":35,"featured_media":144593,"parent":0,"menu_order":0,"comment_status":"closed","ping_status":"closed","template":"page_sva.php","meta":{"content-type":"","footnotes":""},"class_list":["post-144577","page","type-page","status-publish","has-post-thumbnail","hentry"],"yoast_head":"<!-- This site is optimized with the Yoast SEO plugin v24.2 - https:\/\/yoast.com\/wordpress\/plugins\/seo\/ -->\n<title>Tracks of Freedom 2025 - &quot;micro-Macro&quot; - RUFA - Rome University of Fine Arts<\/title>\n<meta name=\"description\" content=\"Tracks of Freedom: Un&#039;intensa esperienza di visual and innovation design ha portato gli studenti RUFA nel cuore pulsante di New York.\" \/>\n<meta name=\"robots\" content=\"index, follow, max-snippet:-1, max-image-preview:large, max-video-preview:-1\" \/>\n<link rel=\"canonical\" href=\"https:\/\/www.unirufa.it\/tracks-of-freedom-2025\/\" \/>\n<meta property=\"og:locale\" content=\"es_ES\" \/>\n<meta property=\"og:type\" content=\"article\" \/>\n<meta property=\"og:title\" content=\"Tracks of Freedom 2025 - &quot;micro-Macro&quot; - RUFA - Rome University of Fine Arts\" \/>\n<meta property=\"og:description\" content=\"{:it}Tracks of Freedom: Un&#039;intensa esperienza di visual and innovation design ha portato gli studenti RUFA nel cuore pulsante di New York.{:}\" \/>\n<meta property=\"og:url\" content=\"https:\/\/www.unirufa.it\/tracks-of-freedom-2025\/\" \/>\n<meta property=\"og:site_name\" content=\"RUFA - Rome University of Fine Arts\" \/>\n<meta property=\"article:modified_time\" content=\"2025-06-25T13:20:12+00:00\" \/>\n<meta property=\"og:image\" content=\"https:\/\/www.unirufa.it\/wp-content\/uploads\/2025\/04\/RUFA_TRACKSO_F_FREEDOM_2025-1.jpg\" \/>\n\t<meta property=\"og:image:width\" content=\"1440\" \/>\n\t<meta property=\"og:image:height\" content=\"600\" \/>\n\t<meta property=\"og:image:type\" content=\"image\/jpeg\" \/>\n<meta name=\"twitter:label1\" content=\"Tiempo de lectura\" \/>\n\t<meta name=\"twitter:data1\" content=\"7 minutos\" \/>\n<script type=\"application\/ld+json\" class=\"yoast-schema-graph\">{\"@context\":\"https:\/\/schema.org\",\"@graph\":[{\"@type\":\"WebPage\",\"@id\":\"https:\/\/www.unirufa.it\/tracks-of-freedom-2025\/\",\"url\":\"https:\/\/www.unirufa.it\/tracks-of-freedom-2025\/\",\"name\":\"Tracks of Freedom 2025 - \\\"micro-Macro\\\" - RUFA - Rome University of Fine Arts\",\"isPartOf\":{\"@id\":\"https:\/\/www.unirufa.it\/#website\"},\"primaryImageOfPage\":{\"@id\":\"https:\/\/www.unirufa.it\/tracks-of-freedom-2025\/#primaryimage\"},\"image\":{\"@id\":\"https:\/\/www.unirufa.it\/tracks-of-freedom-2025\/#primaryimage\"},\"thumbnailUrl\":\"https:\/\/www.unirufa.it\/wp-content\/uploads\/2025\/04\/RUFA_TRACKSO_F_FREEDOM_2025-1.jpg\",\"datePublished\":\"2025-04-28T09:52:18+00:00\",\"dateModified\":\"2025-06-25T13:20:12+00:00\",\"description\":\"{:it}Tracks of Freedom: Un'intensa esperienza di visual and innovation design ha portato gli studenti RUFA nel cuore pulsante di New York.{:}\",\"breadcrumb\":{\"@id\":\"https:\/\/www.unirufa.it\/tracks-of-freedom-2025\/#breadcrumb\"},\"inLanguage\":\"es\",\"potentialAction\":[{\"@type\":\"ReadAction\",\"target\":[\"https:\/\/www.unirufa.it\/tracks-of-freedom-2025\/\"]}]},{\"@type\":\"ImageObject\",\"inLanguage\":\"es\",\"@id\":\"https:\/\/www.unirufa.it\/tracks-of-freedom-2025\/#primaryimage\",\"url\":\"https:\/\/www.unirufa.it\/wp-content\/uploads\/2025\/04\/RUFA_TRACKSO_F_FREEDOM_2025-1.jpg\",\"contentUrl\":\"https:\/\/www.unirufa.it\/wp-content\/uploads\/2025\/04\/RUFA_TRACKSO_F_FREEDOM_2025-1.jpg\",\"width\":1440,\"height\":600},{\"@type\":\"BreadcrumbList\",\"@id\":\"https:\/\/www.unirufa.it\/tracks-of-freedom-2025\/#breadcrumb\",\"itemListElement\":[{\"@type\":\"ListItem\",\"position\":1,\"name\":\"Home\",\"item\":\"https:\/\/www.unirufa.it\/\"},{\"@type\":\"ListItem\",\"position\":2,\"name\":\"Tracks of Freedom 2025 &#8211; &#8220;micro-Macro&#8221;\"}]},{\"@type\":\"WebSite\",\"@id\":\"https:\/\/www.unirufa.it\/#website\",\"url\":\"https:\/\/www.unirufa.it\/\",\"name\":\"RUFA - Rome University of Fine Arts\",\"description\":\"\",\"potentialAction\":[{\"@type\":\"SearchAction\",\"target\":{\"@type\":\"EntryPoint\",\"urlTemplate\":\"https:\/\/www.unirufa.it\/?s={search_term_string}\"},\"query-input\":{\"@type\":\"PropertyValueSpecification\",\"valueRequired\":true,\"valueName\":\"search_term_string\"}}],\"inLanguage\":\"es\"}]}<\/script>\n<!-- \/ Yoast SEO plugin. -->","yoast_head_json":{"title":"Tracks of Freedom 2025 - \"micro-Macro\" - RUFA - Rome University of Fine Arts","description":"Tracks of Freedom: Un'intensa esperienza di visual and innovation design ha portato gli studenti RUFA nel cuore pulsante di New York.","robots":{"index":"index","follow":"follow","max-snippet":"max-snippet:-1","max-image-preview":"max-image-preview:large","max-video-preview":"max-video-preview:-1"},"canonical":"https:\/\/www.unirufa.it\/tracks-of-freedom-2025\/","og_locale":"es_ES","og_type":"article","og_title":"Tracks of Freedom 2025 - \"micro-Macro\" - RUFA - Rome University of Fine Arts","og_description":"{:it}Tracks of Freedom: Un'intensa esperienza di visual and innovation design ha portato gli studenti RUFA nel cuore pulsante di New York.{:}","og_url":"https:\/\/www.unirufa.it\/tracks-of-freedom-2025\/","og_site_name":"RUFA - Rome University of Fine Arts","article_modified_time":"2025-06-25T13:20:12+00:00","og_image":[{"width":1440,"height":600,"url":"https:\/\/www.unirufa.it\/wp-content\/uploads\/2025\/04\/RUFA_TRACKSO_F_FREEDOM_2025-1.jpg","type":"image\/jpeg"}],"twitter_misc":{"Tiempo de lectura":"7 minutos"},"schema":{"@context":"https:\/\/schema.org","@graph":[{"@type":"WebPage","@id":"https:\/\/www.unirufa.it\/tracks-of-freedom-2025\/","url":"https:\/\/www.unirufa.it\/tracks-of-freedom-2025\/","name":"Tracks of Freedom 2025 - \"micro-Macro\" - RUFA - Rome University of Fine Arts","isPartOf":{"@id":"https:\/\/www.unirufa.it\/#website"},"primaryImageOfPage":{"@id":"https:\/\/www.unirufa.it\/tracks-of-freedom-2025\/#primaryimage"},"image":{"@id":"https:\/\/www.unirufa.it\/tracks-of-freedom-2025\/#primaryimage"},"thumbnailUrl":"https:\/\/www.unirufa.it\/wp-content\/uploads\/2025\/04\/RUFA_TRACKSO_F_FREEDOM_2025-1.jpg","datePublished":"2025-04-28T09:52:18+00:00","dateModified":"2025-06-25T13:20:12+00:00","description":"{:it}Tracks of Freedom: Un'intensa esperienza di visual and innovation design ha portato gli studenti RUFA nel cuore pulsante di New York.{:}","breadcrumb":{"@id":"https:\/\/www.unirufa.it\/tracks-of-freedom-2025\/#breadcrumb"},"inLanguage":"es","potentialAction":[{"@type":"ReadAction","target":["https:\/\/www.unirufa.it\/tracks-of-freedom-2025\/"]}]},{"@type":"ImageObject","inLanguage":"es","@id":"https:\/\/www.unirufa.it\/tracks-of-freedom-2025\/#primaryimage","url":"https:\/\/www.unirufa.it\/wp-content\/uploads\/2025\/04\/RUFA_TRACKSO_F_FREEDOM_2025-1.jpg","contentUrl":"https:\/\/www.unirufa.it\/wp-content\/uploads\/2025\/04\/RUFA_TRACKSO_F_FREEDOM_2025-1.jpg","width":1440,"height":600},{"@type":"BreadcrumbList","@id":"https:\/\/www.unirufa.it\/tracks-of-freedom-2025\/#breadcrumb","itemListElement":[{"@type":"ListItem","position":1,"name":"Home","item":"https:\/\/www.unirufa.it\/"},{"@type":"ListItem","position":2,"name":"Tracks of Freedom 2025 &#8211; &#8220;micro-Macro&#8221;"}]},{"@type":"WebSite","@id":"https:\/\/www.unirufa.it\/#website","url":"https:\/\/www.unirufa.it\/","name":"RUFA - Rome University of Fine Arts","description":"","potentialAction":[{"@type":"SearchAction","target":{"@type":"EntryPoint","urlTemplate":"https:\/\/www.unirufa.it\/?s={search_term_string}"},"query-input":{"@type":"PropertyValueSpecification","valueRequired":true,"valueName":"search_term_string"}}],"inLanguage":"es"}]}},"_links":{"self":[{"href":"https:\/\/www.unirufa.it\/es\/wp-json\/wp\/v2\/pages\/144577","targetHints":{"allow":["GET"]}}],"collection":[{"href":"https:\/\/www.unirufa.it\/es\/wp-json\/wp\/v2\/pages"}],"about":[{"href":"https:\/\/www.unirufa.it\/es\/wp-json\/wp\/v2\/types\/page"}],"author":[{"embeddable":true,"href":"https:\/\/www.unirufa.it\/es\/wp-json\/wp\/v2\/users\/35"}],"replies":[{"embeddable":true,"href":"https:\/\/www.unirufa.it\/es\/wp-json\/wp\/v2\/comments?post=144577"}],"version-history":[{"count":20,"href":"https:\/\/www.unirufa.it\/es\/wp-json\/wp\/v2\/pages\/144577\/revisions"}],"predecessor-version":[{"id":146229,"href":"https:\/\/www.unirufa.it\/es\/wp-json\/wp\/v2\/pages\/144577\/revisions\/146229"}],"wp:featuredmedia":[{"embeddable":true,"href":"https:\/\/www.unirufa.it\/es\/wp-json\/wp\/v2\/media\/144593"}],"wp:attachment":[{"href":"https:\/\/www.unirufa.it\/es\/wp-json\/wp\/v2\/media?parent=144577"}],"curies":[{"name":"wp","href":"https:\/\/api.w.org\/{rel}","templated":true}]}}