


{"id":146287,"date":"2025-06-27T12:30:06","date_gmt":"2025-06-27T10:30:06","guid":{"rendered":"https:\/\/www.unirufa.it\/?page_id=146287"},"modified":"2026-03-25T22:04:47","modified_gmt":"2026-03-25T21:04:47","slug":"arti-performative-acting","status":"publish","type":"page","link":"https:\/\/www.unirufa.it\/es\/arti-performative-acting\/","title":{"rendered":"Artes esc\u00e9nicas &#8211; Interpretaci\u00f3n"},"content":{"rendered":"<h2>\u00a1Da voz!<\/h2>\n<p>El curso tiene como objetivo dar voz a la unicidad de cada participante en el momento vital que est\u00e1 atravesando, en l\u00ednea con sus deseos y objetivos, dentro de un espacio de co-creaci\u00f3n donde se pondr\u00e1n a disposici\u00f3n t\u00e9cnicas actorales, juegos de atenci\u00f3n, coaching y trabajo imaginal sobre arquetipos de \u00abpersonajes\u00bb.<br \/>\nLas competencias adquiridas incluir\u00e1n la capacidad de hablar en p\u00fablico con mayor conciencia y libertad, mayor claridad sobre qu\u00e9 comunicar y c\u00f3mo hacerlo, as\u00ed como un aumento de la creatividad en sinton\u00eda con la intuici\u00f3n personal y un bienestar psico-f\u00edsico dado por la alineaci\u00f3n de mente, cuerpo y emociones.<\/p>\n<p>Al final del curso, se entregar\u00e1 un certificado de asistencia, siempre que se haya asistido al menos a 8 de las 10 clases previstas, con un posible reconocimiento de 2 CFA.<\/p>\n<p><em>Se ofrece un descuento del 15% para las inscripciones realizadas antes del 31 de octubre y del 10% para las completadas antes del 30 de noviembre.<\/em><\/p>\n\n    <div class=\"panel-group\" id=\"accordion\" role=\"tablist\" aria-multiselectable=\"true\">\n        \n\n<article class=\"panel panel-default\" role=\"article\" itemscope itemtype=\"http:\/\/schema.org\/BlogPosting\">\n    <div class=\"panel-heading\" role=\"tab\" id=\"heading1\">\n\t    <h4 class=\"panel-title\">\n\t        <a class=\"collapsed\" role=\"button\" data-toggle=\"collapse\" data-parent=\"#accordion\" href=\"#collapse1\" aria-expanded=\"false\" aria-controls=\"collapse1\" itemprop=\"headline\"><strong>INFORMACI\u00d3N GENERAL<\/strong>\t        \t<span class=\"courses\">\n                 \n\t        \t<\/span>\n\t        <\/a>\n\t    <\/h4>\n\t<\/div>\n<\/article>\n\n\n    <div id=\"collapse1\" class=\"panel-collapse collapse \" role=\"tabpanel\" aria-labelledby=\"heading1\">\n        <div class=\"panel-body\" itemprop=\"articleBody\">\n            <div class=\"item-description\">\n                \n<p><strong>Tipo de curso:<\/strong> grupo \u2013 presencial<br \/>\n<strong>N\u00famero de participantes:<\/strong> M\u00e1x. 15<br \/>\n<strong>Frecuencia:<\/strong> semanal \u2013 lunes de 19:00 a 21:30, del 26\/01\/2026 al 30\/03\/2026<br \/>\n<strong>Duraci\u00f3n:<\/strong> 10 clases \u2013 total 25 horas<br \/>\n<strong>Coste:<\/strong> 480 \u20ac en un \u00fanico pago o dos cuotas de 245 \u20ac (una al momento de la inscripci\u00f3n; la segunda a 30 d\u00edas)<br \/>\n<strong>Materiales:<\/strong> ordenador port\u00e1til personal o cuaderno para apuntes<br \/>\n<strong>Requisitos\/soportes:<\/strong> ninguno<br \/>\n<strong>Idioma:<\/strong> Italiano<br \/>\n<strong>Docente:<\/strong> Elena Aimone<br \/>\n<strong>Sede:<\/strong> Bodio Center, Piazzale Lugano, 19 \u2013 20158 Mil\u00e1n<br \/>\n<strong>Cierre de inscripciones:<\/strong> enero de 2026<\/p>\n            <\/div>\n        <\/div>\n    <\/div>\n    \n\n<article class=\"panel panel-default\" role=\"article\" itemscope itemtype=\"http:\/\/schema.org\/BlogPosting\">\n    <div class=\"panel-heading\" role=\"tab\" id=\"heading3\">\n\t    <h4 class=\"panel-title\">\n\t        <a class=\"collapsed\" role=\"button\" data-toggle=\"collapse\" data-parent=\"#accordion\" href=\"#collapse3\" aria-expanded=\"false\" aria-controls=\"collapse3\" itemprop=\"headline\"><strong>PROGRAMA DEL CURSO<\/strong>\t        \t<span class=\"courses\">\n                 \n\t        \t<\/span>\n\t        <\/a>\n\t    <\/h4>\n\t<\/div>\n<\/article>\n\n\n    <div id=\"collapse3\" class=\"panel-collapse collapse \" role=\"tabpanel\" aria-labelledby=\"heading3\">\n        <div class=\"panel-body\" itemprop=\"articleBody\">\n            <div class=\"item-description\">\n                \n<p>Cada clase incluir\u00e1 una parte te\u00f3rica y una parte pr\u00e1ctica que integra pr\u00e1cticas propias del mundo actoral, t\u00e9cnicas de coaching imaginal para trabajar la unicidad y la visi\u00f3n, y una fase final de retroalimentaci\u00f3n y recopilaci\u00f3n de aprendizajes.<br \/>\nSe prev\u00e9 una salida externa, al teatro o a una exposici\u00f3n, y la participaci\u00f3n de Simon Blackhall, actor, coach y formador de Londres.<\/p>\n            <\/div>\n        <\/div>\n    <\/div>\n    \n\n<article class=\"panel panel-default\" role=\"article\" itemscope itemtype=\"http:\/\/schema.org\/BlogPosting\">\n    <div class=\"panel-heading\" role=\"tab\" id=\"heading7\">\n\t    <h4 class=\"panel-title\">\n\t        <a class=\"collapsed\" role=\"button\" data-toggle=\"collapse\" data-parent=\"#accordion\" href=\"#collapse7\" aria-expanded=\"false\" aria-controls=\"collapse7\" itemprop=\"headline\"><strong>CALENDARIO<\/strong>\t        \t<span class=\"courses\">\n                 \n\t        \t<\/span>\n\t        <\/a>\n\t    <\/h4>\n\t<\/div>\n<\/article>\n\n\n    <div id=\"collapse7\" class=\"panel-collapse collapse \" role=\"tabpanel\" aria-labelledby=\"heading7\">\n        <div class=\"panel-body\" itemprop=\"articleBody\">\n            <div class=\"item-description\">\n                \n<h5>ENERO<\/h5>\n<p>26\/01\/2026 <\/p>\n<h5>FEBRERO<\/h5>\n<p>02\/02\/2026<br \/>\n09\/02\/2026<br \/>\n16\/02\/2026<br \/>\n23\/02\/2026 <\/p>\n<h5>MARZO<\/h5>\n<p>02\/03\/2026<br \/>\n09\/03\/2026<br \/>\n16\/03\/2026<br \/>\n23\/03\/2026<br \/>\n30\/03\/2026<\/p>\n            <\/div>\n        <\/div>\n    <\/div>\n    \n\n<article class=\"panel panel-default\" role=\"article\" itemscope itemtype=\"http:\/\/schema.org\/BlogPosting\">\n    <div class=\"panel-heading\" role=\"tab\" id=\"heading4\">\n\t    <h4 class=\"panel-title\">\n\t        <a class=\"collapsed\" role=\"button\" data-toggle=\"collapse\" data-parent=\"#accordion\" href=\"#collapse4\" aria-expanded=\"false\" aria-controls=\"collapse4\" itemprop=\"headline\"><strong>DOCENTE \u2013 ELENA AIMONE<\/strong>\t        \t<span class=\"courses\">\n                 \n\t        \t<\/span>\n\t        <\/a>\n\t    <\/h4>\n\t<\/div>\n<\/article>\n\n\n    <div id=\"collapse4\" class=\"panel-collapse collapse \" role=\"tabpanel\" aria-labelledby=\"heading4\">\n        <div class=\"panel-body\" itemprop=\"articleBody\">\n            <div class=\"item-description\">\n                \n<div class=\"col-md-3\"> <a href=\"https:\/\/www.unirufa.it\/wp-content\/uploads\/2025\/06\/RUFA_ELENA_AIMONE_CORSI_BREVI_MILANO.jpg\"><img decoding=\"async\" class=\"alignnone size-medium wp-image-30173\" src=\"https:\/\/www.unirufa.it\/wp-content\/uploads\/2025\/06\/RUFA_ELENA_AIMONE_CORSI_BREVI_MILANO.jpg\" alt=\"\" width=\"100%\" height=\"auto\"\/><\/a> <\/div>\n<div class=\"col-md-9\">\n<p>Graduada en la Future Coaching Academy, escuela acreditada por la ICF \u2013 International Coach Federation. Se especializa en un m\u00e9todo que combina t\u00e9cnicas de coaching con pr\u00e1cticas teatrales y de oratoria, trabajo con arquetipos y con lo imaginal. Colabora con el Teatro Stabile di Torino y la Universidad de Tur\u00edn en el \u00e1mbito de proyectos culturales inclusivos, y ense\u00f1a en RUFA \u2013 Rome University of Fine Arts.<br \/>\nDurante seis a\u00f1os, con el proyecto.wanderlust, del cual fue cofundadora, trabaj\u00f3 en el desarrollo del potencial humano y en el acompa\u00f1amiento de transiciones personales. Colabora con adultos, adolescentes, comunidades vulnerables, instituciones p\u00fablicas, escuelas, empresas privadas y profesionales.<br \/>\nHa desarrollado una gran habilidad en el empoderamiento individual, con un enfoque en la creatividad y en la armonizaci\u00f3n de equipos. Desarrolla un m\u00e9todo que integra pr\u00e1cticas teatrales y relacionales con el uso de textos teatrales y cuentos, creando un desaf\u00edo aplicable a la vida real.<br \/>\nLicenciada en Lenguas y Literaturas Modernas por la Universidad de Tur\u00edn y diplomada en la Academia del Teatro Stabile di Torino. Como actriz, recibi\u00f3 una menci\u00f3n especial en el Premio Hystrio de Mil\u00e1n.<br \/>\nSu especial habilidad consiste en trabajar en colaboraci\u00f3n con el cliente para refinar y ampliar su conciencia, avanzando en su carrera y vida personal. A trav\u00e9s del coaching, Elena crea un espacio que permite a sus clientes reconectarse con su impulso creativo y atraer sus visiones.<br \/>\nSu misi\u00f3n como coach es co-crear un espacio de expansi\u00f3n y conciencia en el que la luz pueda entrar y favorecer la evoluci\u00f3n en l\u00ednea con la propia verdad personal.<br \/>\n\u201cSi crees que la realidad es una reacci\u00f3n ralentizada de tus pensamientos, imaginarla es realmente el primer paso para crearla. La creatividad no se puede ense\u00f1ar, pero se pueden crear las condiciones para invitarla a entrar. Poder, belleza y visi\u00f3n ser\u00e1n nuestros ingredientes, algunas reglas y todo aderezado con el principio del placer.\u201d<\/p>\n<\/div>\n            <\/div>\n        <\/div>\n    <\/div>\n    \n\n<article class=\"panel panel-default\" role=\"article\" itemscope itemtype=\"http:\/\/schema.org\/BlogPosting\">\n    <div class=\"panel-heading\" role=\"tab\" id=\"heading5\">\n\t    <h4 class=\"panel-title\">\n\t        <a class=\"collapsed\" role=\"button\" data-toggle=\"collapse\" data-parent=\"#accordion\" href=\"#collapse5\" aria-expanded=\"false\" aria-controls=\"collapse5\" itemprop=\"headline\"><strong>DESCUENTOS<\/strong>\t        \t<span class=\"courses\">\n                 \n\t        \t<\/span>\n\t        <\/a>\n\t    <\/h4>\n\t<\/div>\n<\/article>\n\n\n    <div id=\"collapse5\" class=\"panel-collapse collapse \" role=\"tabpanel\" aria-labelledby=\"heading5\">\n        <div class=\"panel-body\" itemprop=\"articleBody\">\n            <div class=\"item-description\">\n                \n<p><strong>Estudiantes y Alumni de Plena Education (RUFA, SPD, Ferrari Fashion School, Saint Louis College of Music, CIELS, CAST, MADE):<\/strong> 50% de descuento<br \/>\n<strong>Ex estudiantes de Cursos Breves y Cursos de Verano de Plena Education:<\/strong> 15% de descuento<br \/>\n<strong>Estudiantes universitarios:<\/strong> 10% de descuento (previa presentaci\u00f3n del carn\u00e9 universitario)<br \/>\n<strong>Para convenios con escuelas secundarias lombardas e internacionales y paquetes para varios cursos\/grupos\/familias:<\/strong> contactar a <a href=\"mailto:corsibrevi@plenaeducation.it\">corsibrevi@plenaeducation.it<br \/>\n<\/a><\/p>\n<p>Se ofrece un descuento del 15% para las inscripciones realizadas antes del <strong>31 de octubre<\/strong> y del 10% para las completadas antes del <strong>30 de noviembre.<\/strong><\/p>\n            <\/div>\n        <\/div>\n    <\/div>\n    \n    <\/div>\n    \n<p>&nbsp;<\/p>\n<h3>Para m\u00e1s informaci\u00f3n sobre el curso, rellena el formulario y te contactaremos.<\/h3>\n\n\t\t\t\t\t<script>\n\t\t\t\t\t\twindow.hsFormsOnReady = window.hsFormsOnReady || [];\n\t\t\t\t\t\twindow.hsFormsOnReady.push(()=>{\n\t\t\t\t\t\t\thbspt.forms.create({\n\t\t\t\t\t\t\t\tportalId: 147413364,\n\t\t\t\t\t\t\t\tformId: \"1281b2dc-f238-4c40-b1b6-0ebea1bef9b8\",\n\t\t\t\t\t\t\t\ttarget: \"#hbspt-form-1775964019000-9830899909\",\n\t\t\t\t\t\t\t\tregion: \"eu1\",\n\t\t\t\t\t\t\t\t\n\t\t\t\t\t\t})});\n\t\t\t\t\t<\/script>\n\t\t\t\t\t<div class=\"hbspt-form\" id=\"hbspt-form-1775964019000-9830899909\"><\/div>\n<p>&nbsp;","protected":false},"excerpt":{"rendered":"<p>\u00a1Da voz! El curso tiene como objetivo dar voz a la unicidad de cada participante en el momento vital que est\u00e1 atravesando, en l\u00ednea con sus deseos y objetivos, dentro de un espacio de co-creaci\u00f3n donde se pondr\u00e1n a disposici\u00f3n t\u00e9cnicas actorales, juegos de atenci\u00f3n, coaching y trabajo imaginal sobre arquetipos de \u00abpersonajes\u00bb. Las competencias&#8230;<\/p>\n","protected":false},"author":39,"featured_media":146289,"parent":0,"menu_order":0,"comment_status":"closed","ping_status":"closed","template":"page_short_course.php","meta":{"content-type":"","footnotes":""},"class_list":["post-146287","page","type-page","status-publish","has-post-thumbnail","hentry"],"yoast_head":"<!-- This site is optimized with the Yoast SEO plugin v24.2 - https:\/\/yoast.com\/wordpress\/plugins\/seo\/ -->\n<title>Artes esc\u00e9nicas - Interpretaci\u00f3n - RUFA - Rome University of Fine Arts<\/title>\n<meta name=\"robots\" content=\"index, follow, max-snippet:-1, max-image-preview:large, max-video-preview:-1\" \/>\n<link rel=\"canonical\" href=\"https:\/\/www.unirufa.it\/arti-performative-acting\/\" \/>\n<meta property=\"og:locale\" content=\"es_ES\" \/>\n<meta property=\"og:type\" content=\"article\" \/>\n<meta property=\"og:title\" content=\"Artes esc\u00e9nicas - Interpretaci\u00f3n - RUFA - Rome University of Fine Arts\" \/>\n<meta property=\"og:description\" content=\"\u00a1Da voz! El curso tiene como objetivo dar voz a la unicidad de cada participante en el momento vital que est\u00e1 atravesando, en l\u00ednea con sus deseos y objetivos, dentro de un espacio de co-creaci\u00f3n donde se pondr\u00e1n a disposici\u00f3n t\u00e9cnicas actorales, juegos de atenci\u00f3n, coaching y trabajo imaginal sobre arquetipos de \u00abpersonajes\u00bb. Las competencias...\" \/>\n<meta property=\"og:url\" content=\"https:\/\/www.unirufa.it\/arti-performative-acting\/\" \/>\n<meta property=\"og:site_name\" content=\"RUFA - Rome University of Fine Arts\" \/>\n<meta property=\"article:modified_time\" content=\"2026-03-25T21:04:47+00:00\" \/>\n<meta property=\"og:image\" content=\"https:\/\/www.unirufa.it\/wp-content\/uploads\/2025\/06\/RUFA_ACTING_CORSI_BREVI_MILANO.jpg\" \/>\n\t<meta property=\"og:image:width\" content=\"1440\" \/>\n\t<meta property=\"og:image:height\" content=\"600\" \/>\n\t<meta property=\"og:image:type\" content=\"image\/jpeg\" \/>\n<meta name=\"twitter:label1\" content=\"Tiempo de lectura\" \/>\n\t<meta name=\"twitter:data1\" content=\"13 minutos\" \/>\n<script type=\"application\/ld+json\" class=\"yoast-schema-graph\">{\"@context\":\"https:\/\/schema.org\",\"@graph\":[{\"@type\":\"WebPage\",\"@id\":\"https:\/\/www.unirufa.it\/arti-performative-acting\/\",\"url\":\"https:\/\/www.unirufa.it\/arti-performative-acting\/\",\"name\":\"Artes esc\u00e9nicas - Interpretaci\u00f3n - RUFA - Rome University of Fine Arts\",\"isPartOf\":{\"@id\":\"https:\/\/www.unirufa.it\/#website\"},\"primaryImageOfPage\":{\"@id\":\"https:\/\/www.unirufa.it\/arti-performative-acting\/#primaryimage\"},\"image\":{\"@id\":\"https:\/\/www.unirufa.it\/arti-performative-acting\/#primaryimage\"},\"thumbnailUrl\":\"https:\/\/www.unirufa.it\/wp-content\/uploads\/2025\/06\/RUFA_ACTING_CORSI_BREVI_MILANO.jpg\",\"datePublished\":\"2025-06-27T10:30:06+00:00\",\"dateModified\":\"2026-03-25T21:04:47+00:00\",\"breadcrumb\":{\"@id\":\"https:\/\/www.unirufa.it\/arti-performative-acting\/#breadcrumb\"},\"inLanguage\":\"es\",\"potentialAction\":[{\"@type\":\"ReadAction\",\"target\":[\"https:\/\/www.unirufa.it\/arti-performative-acting\/\"]}]},{\"@type\":\"ImageObject\",\"inLanguage\":\"es\",\"@id\":\"https:\/\/www.unirufa.it\/arti-performative-acting\/#primaryimage\",\"url\":\"https:\/\/www.unirufa.it\/wp-content\/uploads\/2025\/06\/RUFA_ACTING_CORSI_BREVI_MILANO.jpg\",\"contentUrl\":\"https:\/\/www.unirufa.it\/wp-content\/uploads\/2025\/06\/RUFA_ACTING_CORSI_BREVI_MILANO.jpg\",\"width\":1440,\"height\":600,\"caption\":\"RUFA_ACTING_CORSI_BREVI_MILANO\"},{\"@type\":\"BreadcrumbList\",\"@id\":\"https:\/\/www.unirufa.it\/arti-performative-acting\/#breadcrumb\",\"itemListElement\":[{\"@type\":\"ListItem\",\"position\":1,\"name\":\"Home\",\"item\":\"https:\/\/www.unirufa.it\/\"},{\"@type\":\"ListItem\",\"position\":2,\"name\":\"Arti Performative &#8211; Acting\"}]},{\"@type\":\"WebSite\",\"@id\":\"https:\/\/www.unirufa.it\/#website\",\"url\":\"https:\/\/www.unirufa.it\/\",\"name\":\"RUFA - Rome University of Fine Arts\",\"description\":\"\",\"potentialAction\":[{\"@type\":\"SearchAction\",\"target\":{\"@type\":\"EntryPoint\",\"urlTemplate\":\"https:\/\/www.unirufa.it\/?s={search_term_string}\"},\"query-input\":{\"@type\":\"PropertyValueSpecification\",\"valueRequired\":true,\"valueName\":\"search_term_string\"}}],\"inLanguage\":\"es\"}]}<\/script>\n<!-- \/ Yoast SEO plugin. -->","yoast_head_json":{"title":"Artes esc\u00e9nicas - Interpretaci\u00f3n - RUFA - Rome University of Fine Arts","robots":{"index":"index","follow":"follow","max-snippet":"max-snippet:-1","max-image-preview":"max-image-preview:large","max-video-preview":"max-video-preview:-1"},"canonical":"https:\/\/www.unirufa.it\/arti-performative-acting\/","og_locale":"es_ES","og_type":"article","og_title":"Artes esc\u00e9nicas - Interpretaci\u00f3n - RUFA - Rome University of Fine Arts","og_description":"\u00a1Da voz! El curso tiene como objetivo dar voz a la unicidad de cada participante en el momento vital que est\u00e1 atravesando, en l\u00ednea con sus deseos y objetivos, dentro de un espacio de co-creaci\u00f3n donde se pondr\u00e1n a disposici\u00f3n t\u00e9cnicas actorales, juegos de atenci\u00f3n, coaching y trabajo imaginal sobre arquetipos de \u00abpersonajes\u00bb. Las competencias...","og_url":"https:\/\/www.unirufa.it\/arti-performative-acting\/","og_site_name":"RUFA - Rome University of Fine Arts","article_modified_time":"2026-03-25T21:04:47+00:00","og_image":[{"width":1440,"height":600,"url":"https:\/\/www.unirufa.it\/wp-content\/uploads\/2025\/06\/RUFA_ACTING_CORSI_BREVI_MILANO.jpg","type":"image\/jpeg"}],"twitter_misc":{"Tiempo de lectura":"13 minutos"},"schema":{"@context":"https:\/\/schema.org","@graph":[{"@type":"WebPage","@id":"https:\/\/www.unirufa.it\/arti-performative-acting\/","url":"https:\/\/www.unirufa.it\/arti-performative-acting\/","name":"Artes esc\u00e9nicas - Interpretaci\u00f3n - RUFA - Rome University of Fine Arts","isPartOf":{"@id":"https:\/\/www.unirufa.it\/#website"},"primaryImageOfPage":{"@id":"https:\/\/www.unirufa.it\/arti-performative-acting\/#primaryimage"},"image":{"@id":"https:\/\/www.unirufa.it\/arti-performative-acting\/#primaryimage"},"thumbnailUrl":"https:\/\/www.unirufa.it\/wp-content\/uploads\/2025\/06\/RUFA_ACTING_CORSI_BREVI_MILANO.jpg","datePublished":"2025-06-27T10:30:06+00:00","dateModified":"2026-03-25T21:04:47+00:00","breadcrumb":{"@id":"https:\/\/www.unirufa.it\/arti-performative-acting\/#breadcrumb"},"inLanguage":"es","potentialAction":[{"@type":"ReadAction","target":["https:\/\/www.unirufa.it\/arti-performative-acting\/"]}]},{"@type":"ImageObject","inLanguage":"es","@id":"https:\/\/www.unirufa.it\/arti-performative-acting\/#primaryimage","url":"https:\/\/www.unirufa.it\/wp-content\/uploads\/2025\/06\/RUFA_ACTING_CORSI_BREVI_MILANO.jpg","contentUrl":"https:\/\/www.unirufa.it\/wp-content\/uploads\/2025\/06\/RUFA_ACTING_CORSI_BREVI_MILANO.jpg","width":1440,"height":600,"caption":"RUFA_ACTING_CORSI_BREVI_MILANO"},{"@type":"BreadcrumbList","@id":"https:\/\/www.unirufa.it\/arti-performative-acting\/#breadcrumb","itemListElement":[{"@type":"ListItem","position":1,"name":"Home","item":"https:\/\/www.unirufa.it\/"},{"@type":"ListItem","position":2,"name":"Arti Performative &#8211; Acting"}]},{"@type":"WebSite","@id":"https:\/\/www.unirufa.it\/#website","url":"https:\/\/www.unirufa.it\/","name":"RUFA - Rome University of Fine Arts","description":"","potentialAction":[{"@type":"SearchAction","target":{"@type":"EntryPoint","urlTemplate":"https:\/\/www.unirufa.it\/?s={search_term_string}"},"query-input":{"@type":"PropertyValueSpecification","valueRequired":true,"valueName":"search_term_string"}}],"inLanguage":"es"}]}},"_links":{"self":[{"href":"https:\/\/www.unirufa.it\/es\/wp-json\/wp\/v2\/pages\/146287","targetHints":{"allow":["GET"]}}],"collection":[{"href":"https:\/\/www.unirufa.it\/es\/wp-json\/wp\/v2\/pages"}],"about":[{"href":"https:\/\/www.unirufa.it\/es\/wp-json\/wp\/v2\/types\/page"}],"author":[{"embeddable":true,"href":"https:\/\/www.unirufa.it\/es\/wp-json\/wp\/v2\/users\/39"}],"replies":[{"embeddable":true,"href":"https:\/\/www.unirufa.it\/es\/wp-json\/wp\/v2\/comments?post=146287"}],"version-history":[{"count":27,"href":"https:\/\/www.unirufa.it\/es\/wp-json\/wp\/v2\/pages\/146287\/revisions"}],"predecessor-version":[{"id":152310,"href":"https:\/\/www.unirufa.it\/es\/wp-json\/wp\/v2\/pages\/146287\/revisions\/152310"}],"wp:featuredmedia":[{"embeddable":true,"href":"https:\/\/www.unirufa.it\/es\/wp-json\/wp\/v2\/media\/146289"}],"wp:attachment":[{"href":"https:\/\/www.unirufa.it\/es\/wp-json\/wp\/v2\/media?parent=146287"}],"curies":[{"name":"wp","href":"https:\/\/api.w.org\/{rel}","templated":true}]}}