


{"id":146357,"date":"2025-06-27T12:29:13","date_gmt":"2025-06-27T10:29:13","guid":{"rendered":"https:\/\/www.unirufa.it\/?page_id=146357"},"modified":"2026-03-25T22:05:24","modified_gmt":"2026-03-25T21:05:24","slug":"grafica-e-comunicazione-visiva-self-publishing","status":"publish","type":"page","link":"https:\/\/www.unirufa.it\/es\/grafica-e-comunicazione-visiva-self-publishing\/","title":{"rendered":"Gr\u00e1ficos y Comunicaci\u00f3n Visual &#8211; Autoedici\u00f3n"},"content":{"rendered":"&nbsp;<\/p>\n<p>Hoy m\u00e1s que nunca, cada uno de nosotros es autor: compartimos constantemente contenidos \u2014fotos, comentarios, rese\u00f1as\u2014 impulsados por una necesidad profunda de expresi\u00f3n y de compartir. Sin embargo, estas publicaciones digitales suelen ser ef\u00edmeras, destinadas a perderse en el flujo continuo de informaci\u00f3n.<br \/>\nEl curso de Autoedici\u00f3n nace para responder a esta necesidad, invitando a los participantes a crear algo tangible, f\u00edsico y duradero. Porque, como dice alguien, \u201clos libros contienen nuestra memoria\u201d.<br \/>\nA trav\u00e9s del aprendizaje de los fundamentos de la edici\u00f3n independiente, los participantes ser\u00e1n guiados en la realizaci\u00f3n de una publicaci\u00f3n personal, donde contenido y forma \u2014tanto visual como material\u2014 se integren de manera coherente y expresiva.<br \/>\nEl objetivo del curso es la producci\u00f3n de una publicaci\u00f3n impresa, y est\u00e1 dirigido a todos aquellos que deseen realizar una edici\u00f3n en papel, adquiriendo competencias tanto en el \u00e1mbito editorial tradicional como, sobre todo, en el independiente.<br \/>\nAl finalizar el curso, se entregar\u00e1 un certificado de asistencia, siempre que se haya asistido al menos a 8 de las 10 clases programadas, con la posibilidad de reconocimiento de 2 cr\u00e9ditos CFA.<\/p>\n<p>Se ofrece un descuento del 15% para las inscripciones realizadas <strong>antes del 31 de octubre<\/strong> y del 10% para las completadas <strong>antes del 30 de noviembre.<\/strong><\/p>\n\n    <div class=\"panel-group\" id=\"accordion\" role=\"tablist\" aria-multiselectable=\"true\">\n        \n\n<article class=\"panel panel-default\" role=\"article\" itemscope itemtype=\"http:\/\/schema.org\/BlogPosting\">\n    <div class=\"panel-heading\" role=\"tab\" id=\"heading1\">\n\t    <h4 class=\"panel-title\">\n\t        <a class=\"collapsed\" role=\"button\" data-toggle=\"collapse\" data-parent=\"#accordion\" href=\"#collapse1\" aria-expanded=\"false\" aria-controls=\"collapse1\" itemprop=\"headline\"><strong>INFORMACI\u00d3N GENERAL<\/strong>\t        \t<span class=\"courses\">\n                 \n\t        \t<\/span>\n\t        <\/a>\n\t    <\/h4>\n\t<\/div>\n<\/article>\n\n\n    <div id=\"collapse1\" class=\"panel-collapse collapse \" role=\"tabpanel\" aria-labelledby=\"heading1\">\n        <div class=\"panel-body\" itemprop=\"articleBody\">\n            <div class=\"item-description\">\n                \n<p><strong>Tipo de curso:<\/strong> grupo \u2013 presencial<br \/>\n<strong>N\u00famero m\u00e1ximo de participantes:<\/strong> 15<br \/>\n<strong>Frecuencia:<\/strong> semanal \u2013 lunes de 7:00 p.m. a 9:30 p.m., del 6 de octubre al 15 de diciembre de 2025.<br \/>\n<strong>Duraci\u00f3n:<\/strong> 10 clases \u2013 total 25 horas<br \/>\n<strong>Coste:<\/strong> \u20ac480 en un solo pago o dos cuotas de \u20ac245 (una al inscribirse; la segunda a los 30 d\u00edas)<br \/>\n<strong>Materiales:<\/strong> Ordenador port\u00e1til personal con Adobe\u00a9 Suite instalada<br \/>\n<strong>Requisitos\/soporte:<\/strong> Conocimientos b\u00e1sicos del software Adobe\u00a9 InDesign<br \/>\n<strong>Idioma:<\/strong> Italiano<br \/>\n<strong>Docente:<\/strong> Fabio Mario Rizzotti<br \/>\n<strong>Sede:<\/strong> Bodio Center, Piazzale Lugano, 19 \u2013 20158 Mil\u00e1n<br \/>\n<strong>Apertura de inscripciones:<\/strong> 1 de julio de 2025<br \/>\n<strong>Cierre de inscripciones:<\/strong> 1 de octubre de 2025  <\/p>\n            <\/div>\n        <\/div>\n    <\/div>\n    \n\n<article class=\"panel panel-default\" role=\"article\" itemscope itemtype=\"http:\/\/schema.org\/BlogPosting\">\n    <div class=\"panel-heading\" role=\"tab\" id=\"heading3\">\n\t    <h4 class=\"panel-title\">\n\t        <a class=\"collapsed\" role=\"button\" data-toggle=\"collapse\" data-parent=\"#accordion\" href=\"#collapse3\" aria-expanded=\"false\" aria-controls=\"collapse3\" itemprop=\"headline\"><strong>PROGRAMA DEL CURSO<\/strong>\t        \t<span class=\"courses\">\n                 \n\t        \t<\/span>\n\t        <\/a>\n\t    <\/h4>\n\t<\/div>\n<\/article>\n\n\n    <div id=\"collapse3\" class=\"panel-collapse collapse \" role=\"tabpanel\" aria-labelledby=\"heading3\">\n        <div class=\"panel-body\" itemprop=\"articleBody\">\n            <div class=\"item-description\">\n                \n<p>\u2022 Introducci\u00f3n y definici\u00f3n del concepto<br \/>\n\u2022 Definici\u00f3n del concepto<br \/>\n\u2022 Recopilaci\u00f3n y organizaci\u00f3n de materiales<br \/>\n\u2022 Definici\u00f3n del tim\u00f3n editorial<br \/>\n\u2022 Desarrollo del dise\u00f1o<br \/>\n\u2022 Desarrollo del dise\u00f1o<br \/>\n\u2022 Desarrollo del proyecto<br \/>\n\u2022 Taller de encuadernaci\u00f3n<br \/>\n\u2022 Desarrollo final y preparaci\u00f3n para impresi\u00f3n<br \/>\n\u2022 Presentaci\u00f3n final  <\/p>\n            <\/div>\n        <\/div>\n    <\/div>\n    \n\n<article class=\"panel panel-default\" role=\"article\" itemscope itemtype=\"http:\/\/schema.org\/BlogPosting\">\n    <div class=\"panel-heading\" role=\"tab\" id=\"heading7\">\n\t    <h4 class=\"panel-title\">\n\t        <a class=\"collapsed\" role=\"button\" data-toggle=\"collapse\" data-parent=\"#accordion\" href=\"#collapse7\" aria-expanded=\"false\" aria-controls=\"collapse7\" itemprop=\"headline\"><strong>CALENDARIO<\/strong>\t        \t<span class=\"courses\">\n                 \n\t        \t<\/span>\n\t        <\/a>\n\t    <\/h4>\n\t<\/div>\n<\/article>\n\n\n    <div id=\"collapse7\" class=\"panel-collapse collapse \" role=\"tabpanel\" aria-labelledby=\"heading7\">\n        <div class=\"panel-body\" itemprop=\"articleBody\">\n            <div class=\"item-description\">\n                 <\/p>\n<h5>GENNAIO<\/h5>\n<p>26\/01\/2026 <\/p>\n<h5>FEBBRAIO<\/h5>\n<p>02\/02\/2026<br \/>\n9\/02\/2026<br \/>\n16\/02\/2026<br \/>\n23\/02\/2026 <\/p>\n<h5>MARZO<\/h5>\n<p>02\/03\/2026<br \/>\n09\/03\/2026<br \/>\n16\/03\/2026<br \/>\n23\/03\/2026<br \/>\n30\/03\/2026<\/p>\n            <\/div>\n        <\/div>\n    <\/div>\n    \n\n<article class=\"panel panel-default\" role=\"article\" itemscope itemtype=\"http:\/\/schema.org\/BlogPosting\">\n    <div class=\"panel-heading\" role=\"tab\" id=\"heading4\">\n\t    <h4 class=\"panel-title\">\n\t        <a class=\"collapsed\" role=\"button\" data-toggle=\"collapse\" data-parent=\"#accordion\" href=\"#collapse4\" aria-expanded=\"false\" aria-controls=\"collapse4\" itemprop=\"headline\"><strong>DOCENTE \u2013 FABIO MARIO RIZZOTTI<\/strong>\t        \t<span class=\"courses\">\n                 \n\t        \t<\/span>\n\t        <\/a>\n\t    <\/h4>\n\t<\/div>\n<\/article>\n\n\n    <div id=\"collapse4\" class=\"panel-collapse collapse \" role=\"tabpanel\" aria-labelledby=\"heading4\">\n        <div class=\"panel-body\" itemprop=\"articleBody\">\n            <div class=\"item-description\">\n                \n<div class=\"col-md-3\">\n<a href=\"https:\/\/www.unirufa.it\/wp-content\/uploads\/2025\/06\/RUFA_FABIO-MARIO-RIZZOTTI_CORSI_BREVI_MILANO.jpg\"><img decoding=\"async\" class=\"alignnone size-medium wp-image-30173\" src=\"https:\/\/www.unirufa.it\/wp-content\/uploads\/2025\/06\/RUFA_FABIO-MARIO-RIZZOTTI_CORSI_BREVI_MILANO.jpg\" alt=\"\" width=\"100%\" height=\"auto\"\/><\/a>\n <\/div>\n<div class=\"col-md-6\">\n<p>F. Mario Rizzotti es un dise\u00f1ador gr\u00e1fico galardonado y docente con sede en Mil\u00e1n. Est\u00e1 especializado en direcci\u00f3n de arte, branding, dise\u00f1o editorial y sistemas de dise\u00f1o. Colabora con varios clientes, incluidas empresas del sector del mueble, pymes, editoriales y estudios de dise\u00f1o. Adem\u00e1s de su pr\u00e1ctica profesional, imparte cursos y talleres en varias universidades. En el pasado, fue curador de la serie Design Interview 1Q y es fundador de Pittogramma, una plataforma digital para j\u00f3venes dise\u00f1adores gr\u00e1ficos italianos.<\/p>\n<p><a href=\"https:\/\/www.fmrizzotti.it\/\">SITIO WEB<\/a><\/p>\n<\/div>\n            <\/div>\n        <\/div>\n    <\/div>\n    \n\n<article class=\"panel panel-default\" role=\"article\" itemscope itemtype=\"http:\/\/schema.org\/BlogPosting\">\n    <div class=\"panel-heading\" role=\"tab\" id=\"heading5\">\n\t    <h4 class=\"panel-title\">\n\t        <a class=\"collapsed\" role=\"button\" data-toggle=\"collapse\" data-parent=\"#accordion\" href=\"#collapse5\" aria-expanded=\"false\" aria-controls=\"collapse5\" itemprop=\"headline\"><strong>DESCUENTOS<\/strong>\t        \t<span class=\"courses\">\n                 \n\t        \t<\/span>\n\t        <\/a>\n\t    <\/h4>\n\t<\/div>\n<\/article>\n\n\n    <div id=\"collapse5\" class=\"panel-collapse collapse \" role=\"tabpanel\" aria-labelledby=\"heading5\">\n        <div class=\"panel-body\" itemprop=\"articleBody\">\n            <div class=\"item-description\">\n                \n<p><strong>Estudiantes y exalumnos de Plena Education (RUFA, SPD, Ferrari Fashion School, Saint Louis College of Music CIELS, CAST, MADE):<\/strong> 50% de descuento<br \/>\n<strong>Exalumnos de cursos breves o de verano de Plena Education:<\/strong> 15% de descuento<br \/>\n<strong>Estudiantes universitarios:<\/strong> 10% de descuento (previa presentaci\u00f3n del carnet universitario)<br \/>\n<strong>Para convenios con escuelas secundarias de Lombard\u00eda o internacionales, o paquetes para varios cursos\/grupos\/familias:<\/strong> contactar a <a href= \"mailto:corsibrevi@plenaeducation.it\">corsibrevi@plenaeducation.it<\/a>  <\/p>\n<p>Se ofrece un descuento del 15% para las inscripciones realizadas <strong>antes del 31 de octubre<\/strong> y del 10% para las completadas <strong>antes del 30 de noviembre.<\/strong><\/p>\n            <\/div>\n        <\/div>\n    <\/div>\n    \n    <\/div>\n    \n<p>&nbsp;<\/p>\n<h3>Para m\u00e1s informaci\u00f3n sobre el curso, rellena el formulario y te contactaremos.<\/h3>\n\n\t\t\t\t\t<script>\n\t\t\t\t\t\twindow.hsFormsOnReady = window.hsFormsOnReady || [];\n\t\t\t\t\t\twindow.hsFormsOnReady.push(()=>{\n\t\t\t\t\t\t\thbspt.forms.create({\n\t\t\t\t\t\t\t\tportalId: 147413364,\n\t\t\t\t\t\t\t\tformId: \"1281b2dc-f238-4c40-b1b6-0ebea1bef9b8\",\n\t\t\t\t\t\t\t\ttarget: \"#hbspt-form-1776304839000-0719661352\",\n\t\t\t\t\t\t\t\tregion: \"eu1\",\n\t\t\t\t\t\t\t\t\n\t\t\t\t\t\t})});\n\t\t\t\t\t<\/script>\n\t\t\t\t\t<div class=\"hbspt-form\" id=\"hbspt-form-1776304839000-0719661352\"><\/div>\n<p>&nbsp;","protected":false},"excerpt":{"rendered":"<p>&nbsp; Hoy m\u00e1s que nunca, cada uno de nosotros es autor: compartimos constantemente contenidos \u2014fotos, comentarios, rese\u00f1as\u2014 impulsados por una necesidad profunda de expresi\u00f3n y de compartir. Sin embargo, estas publicaciones digitales suelen ser ef\u00edmeras, destinadas a perderse en el flujo continuo de informaci\u00f3n. El curso de Autoedici\u00f3n nace para responder a esta necesidad, invitando&#8230;<\/p>\n","protected":false},"author":39,"featured_media":0,"parent":0,"menu_order":0,"comment_status":"closed","ping_status":"closed","template":"page_short_course.php","meta":{"content-type":"","footnotes":""},"class_list":["post-146357","page","type-page","status-publish","hentry"],"yoast_head":"<!-- This site is optimized with the Yoast SEO plugin v24.2 - https:\/\/yoast.com\/wordpress\/plugins\/seo\/ -->\n<title>Gr\u00e1ficos y Comunicaci\u00f3n Visual - Autoedici\u00f3n - RUFA - Rome University of Fine Arts<\/title>\n<meta name=\"robots\" content=\"index, follow, max-snippet:-1, max-image-preview:large, max-video-preview:-1\" \/>\n<link rel=\"canonical\" href=\"https:\/\/www.unirufa.it\/grafica-e-comunicazione-visiva-self-publishing\/\" \/>\n<meta property=\"og:locale\" content=\"es_ES\" \/>\n<meta property=\"og:type\" content=\"article\" \/>\n<meta property=\"og:title\" content=\"Gr\u00e1ficos y Comunicaci\u00f3n Visual - Autoedici\u00f3n - RUFA - Rome University of Fine Arts\" \/>\n<meta property=\"og:description\" content=\"&nbsp; Hoy m\u00e1s que nunca, cada uno de nosotros es autor: compartimos constantemente contenidos \u2014fotos, comentarios, rese\u00f1as\u2014 impulsados por una necesidad profunda de expresi\u00f3n y de compartir. Sin embargo, estas publicaciones digitales suelen ser ef\u00edmeras, destinadas a perderse en el flujo continuo de informaci\u00f3n. El curso de Autoedici\u00f3n nace para responder a esta necesidad, invitando...\" \/>\n<meta property=\"og:url\" content=\"https:\/\/www.unirufa.it\/grafica-e-comunicazione-visiva-self-publishing\/\" \/>\n<meta property=\"og:site_name\" content=\"RUFA - Rome University of Fine Arts\" \/>\n<meta property=\"article:modified_time\" content=\"2026-03-25T21:05:24+00:00\" \/>\n<meta property=\"og:image\" content=\"https:\/\/www.unirufa.it\/wp-content\/uploads\/2025\/06\/RUFA_FABIO-MARIO-RIZZOTTI_CORSI_BREVI_MILANO.jpg\" \/>\n<meta name=\"twitter:label1\" content=\"Tiempo de lectura\" \/>\n\t<meta name=\"twitter:data1\" content=\"10 minutos\" \/>\n<script type=\"application\/ld+json\" class=\"yoast-schema-graph\">{\"@context\":\"https:\/\/schema.org\",\"@graph\":[{\"@type\":\"WebPage\",\"@id\":\"https:\/\/www.unirufa.it\/grafica-e-comunicazione-visiva-self-publishing\/\",\"url\":\"https:\/\/www.unirufa.it\/grafica-e-comunicazione-visiva-self-publishing\/\",\"name\":\"Gr\u00e1ficos y Comunicaci\u00f3n Visual - Autoedici\u00f3n - RUFA - Rome University of Fine Arts\",\"isPartOf\":{\"@id\":\"https:\/\/www.unirufa.it\/#website\"},\"primaryImageOfPage\":{\"@id\":\"https:\/\/www.unirufa.it\/grafica-e-comunicazione-visiva-self-publishing\/#primaryimage\"},\"image\":{\"@id\":\"https:\/\/www.unirufa.it\/grafica-e-comunicazione-visiva-self-publishing\/#primaryimage\"},\"thumbnailUrl\":\"https:\/\/www.unirufa.it\/wp-content\/uploads\/2025\/06\/RUFA_FABIO-MARIO-RIZZOTTI_CORSI_BREVI_MILANO.jpg\",\"datePublished\":\"2025-06-27T10:29:13+00:00\",\"dateModified\":\"2026-03-25T21:05:24+00:00\",\"breadcrumb\":{\"@id\":\"https:\/\/www.unirufa.it\/grafica-e-comunicazione-visiva-self-publishing\/#breadcrumb\"},\"inLanguage\":\"es\",\"potentialAction\":[{\"@type\":\"ReadAction\",\"target\":[\"https:\/\/www.unirufa.it\/grafica-e-comunicazione-visiva-self-publishing\/\"]}]},{\"@type\":\"ImageObject\",\"inLanguage\":\"es\",\"@id\":\"https:\/\/www.unirufa.it\/grafica-e-comunicazione-visiva-self-publishing\/#primaryimage\",\"url\":\"https:\/\/www.unirufa.it\/wp-content\/uploads\/2025\/06\/RUFA_FABIO-MARIO-RIZZOTTI_CORSI_BREVI_MILANO.jpg\",\"contentUrl\":\"https:\/\/www.unirufa.it\/wp-content\/uploads\/2025\/06\/RUFA_FABIO-MARIO-RIZZOTTI_CORSI_BREVI_MILANO.jpg\"},{\"@type\":\"BreadcrumbList\",\"@id\":\"https:\/\/www.unirufa.it\/grafica-e-comunicazione-visiva-self-publishing\/#breadcrumb\",\"itemListElement\":[{\"@type\":\"ListItem\",\"position\":1,\"name\":\"Home\",\"item\":\"https:\/\/www.unirufa.it\/\"},{\"@type\":\"ListItem\",\"position\":2,\"name\":\"Grafica e Comunicazione Visiva &#8211; Self-Publishing\"}]},{\"@type\":\"WebSite\",\"@id\":\"https:\/\/www.unirufa.it\/#website\",\"url\":\"https:\/\/www.unirufa.it\/\",\"name\":\"RUFA - Rome University of Fine Arts\",\"description\":\"\",\"potentialAction\":[{\"@type\":\"SearchAction\",\"target\":{\"@type\":\"EntryPoint\",\"urlTemplate\":\"https:\/\/www.unirufa.it\/?s={search_term_string}\"},\"query-input\":{\"@type\":\"PropertyValueSpecification\",\"valueRequired\":true,\"valueName\":\"search_term_string\"}}],\"inLanguage\":\"es\"}]}<\/script>\n<!-- \/ Yoast SEO plugin. -->","yoast_head_json":{"title":"Gr\u00e1ficos y Comunicaci\u00f3n Visual - Autoedici\u00f3n - RUFA - Rome University of Fine Arts","robots":{"index":"index","follow":"follow","max-snippet":"max-snippet:-1","max-image-preview":"max-image-preview:large","max-video-preview":"max-video-preview:-1"},"canonical":"https:\/\/www.unirufa.it\/grafica-e-comunicazione-visiva-self-publishing\/","og_locale":"es_ES","og_type":"article","og_title":"Gr\u00e1ficos y Comunicaci\u00f3n Visual - Autoedici\u00f3n - RUFA - Rome University of Fine Arts","og_description":"&nbsp; Hoy m\u00e1s que nunca, cada uno de nosotros es autor: compartimos constantemente contenidos \u2014fotos, comentarios, rese\u00f1as\u2014 impulsados por una necesidad profunda de expresi\u00f3n y de compartir. Sin embargo, estas publicaciones digitales suelen ser ef\u00edmeras, destinadas a perderse en el flujo continuo de informaci\u00f3n. El curso de Autoedici\u00f3n nace para responder a esta necesidad, invitando...","og_url":"https:\/\/www.unirufa.it\/grafica-e-comunicazione-visiva-self-publishing\/","og_site_name":"RUFA - Rome University of Fine Arts","article_modified_time":"2026-03-25T21:05:24+00:00","og_image":[{"url":"https:\/\/www.unirufa.it\/wp-content\/uploads\/2025\/06\/RUFA_FABIO-MARIO-RIZZOTTI_CORSI_BREVI_MILANO.jpg","type":"","width":"","height":""}],"twitter_misc":{"Tiempo de lectura":"10 minutos"},"schema":{"@context":"https:\/\/schema.org","@graph":[{"@type":"WebPage","@id":"https:\/\/www.unirufa.it\/grafica-e-comunicazione-visiva-self-publishing\/","url":"https:\/\/www.unirufa.it\/grafica-e-comunicazione-visiva-self-publishing\/","name":"Gr\u00e1ficos y Comunicaci\u00f3n Visual - Autoedici\u00f3n - RUFA - Rome University of Fine Arts","isPartOf":{"@id":"https:\/\/www.unirufa.it\/#website"},"primaryImageOfPage":{"@id":"https:\/\/www.unirufa.it\/grafica-e-comunicazione-visiva-self-publishing\/#primaryimage"},"image":{"@id":"https:\/\/www.unirufa.it\/grafica-e-comunicazione-visiva-self-publishing\/#primaryimage"},"thumbnailUrl":"https:\/\/www.unirufa.it\/wp-content\/uploads\/2025\/06\/RUFA_FABIO-MARIO-RIZZOTTI_CORSI_BREVI_MILANO.jpg","datePublished":"2025-06-27T10:29:13+00:00","dateModified":"2026-03-25T21:05:24+00:00","breadcrumb":{"@id":"https:\/\/www.unirufa.it\/grafica-e-comunicazione-visiva-self-publishing\/#breadcrumb"},"inLanguage":"es","potentialAction":[{"@type":"ReadAction","target":["https:\/\/www.unirufa.it\/grafica-e-comunicazione-visiva-self-publishing\/"]}]},{"@type":"ImageObject","inLanguage":"es","@id":"https:\/\/www.unirufa.it\/grafica-e-comunicazione-visiva-self-publishing\/#primaryimage","url":"https:\/\/www.unirufa.it\/wp-content\/uploads\/2025\/06\/RUFA_FABIO-MARIO-RIZZOTTI_CORSI_BREVI_MILANO.jpg","contentUrl":"https:\/\/www.unirufa.it\/wp-content\/uploads\/2025\/06\/RUFA_FABIO-MARIO-RIZZOTTI_CORSI_BREVI_MILANO.jpg"},{"@type":"BreadcrumbList","@id":"https:\/\/www.unirufa.it\/grafica-e-comunicazione-visiva-self-publishing\/#breadcrumb","itemListElement":[{"@type":"ListItem","position":1,"name":"Home","item":"https:\/\/www.unirufa.it\/"},{"@type":"ListItem","position":2,"name":"Grafica e Comunicazione Visiva &#8211; Self-Publishing"}]},{"@type":"WebSite","@id":"https:\/\/www.unirufa.it\/#website","url":"https:\/\/www.unirufa.it\/","name":"RUFA - Rome University of Fine Arts","description":"","potentialAction":[{"@type":"SearchAction","target":{"@type":"EntryPoint","urlTemplate":"https:\/\/www.unirufa.it\/?s={search_term_string}"},"query-input":{"@type":"PropertyValueSpecification","valueRequired":true,"valueName":"search_term_string"}}],"inLanguage":"es"}]}},"_links":{"self":[{"href":"https:\/\/www.unirufa.it\/es\/wp-json\/wp\/v2\/pages\/146357","targetHints":{"allow":["GET"]}}],"collection":[{"href":"https:\/\/www.unirufa.it\/es\/wp-json\/wp\/v2\/pages"}],"about":[{"href":"https:\/\/www.unirufa.it\/es\/wp-json\/wp\/v2\/types\/page"}],"author":[{"embeddable":true,"href":"https:\/\/www.unirufa.it\/es\/wp-json\/wp\/v2\/users\/39"}],"replies":[{"embeddable":true,"href":"https:\/\/www.unirufa.it\/es\/wp-json\/wp\/v2\/comments?post=146357"}],"version-history":[{"count":21,"href":"https:\/\/www.unirufa.it\/es\/wp-json\/wp\/v2\/pages\/146357\/revisions"}],"predecessor-version":[{"id":152311,"href":"https:\/\/www.unirufa.it\/es\/wp-json\/wp\/v2\/pages\/146357\/revisions\/152311"}],"wp:attachment":[{"href":"https:\/\/www.unirufa.it\/es\/wp-json\/wp\/v2\/media?parent=146357"}],"curies":[{"name":"wp","href":"https:\/\/api.w.org\/{rel}","templated":true}]}}