


{"id":146399,"date":"2025-06-27T12:25:13","date_gmt":"2025-06-27T10:25:13","guid":{"rendered":"https:\/\/www.unirufa.it\/?page_id=146399"},"modified":"2026-04-27T10:22:49","modified_gmt":"2026-04-27T08:22:49","slug":"laboratorio-creativo-milano","status":"publish","type":"page","link":"https:\/\/www.unirufa.it\/es\/offerta-formativa\/corsi-brevi\/laboratorio-creativo-milano\/","title":{"rendered":"Laboratorio Creativo &#8211; MILANO"},"content":{"rendered":"<p class=\"qtranxs-available-languages-message qtranxs-available-languages-message-es\">Disculpa, pero esta entrada est\u00e1 disponible s\u00f3lo en <a href=\"https:\/\/www.unirufa.it\/it\/wp-json\/wp\/v2\/pages\/146399\" class=\"qtranxs-available-language-link qtranxs-available-language-link-it\" title=\"IT\">IT<\/a> y <a href=\"https:\/\/www.unirufa.it\/en\/wp-json\/wp\/v2\/pages\/146399\" class=\"qtranxs-available-language-link qtranxs-available-language-link-en\" title=\"EN\">EN<\/a>.<\/p><div class=\"row\">\n<div class=\"col-sm-9\">\n<h2>Cosa sono i corsi brevi del Laboratorio Creativo?<\/h2>\n<p>RUFA \u00e8 parte del Gruppo Plena Education, l&#8217;hub dell&#8217;alta formazione italiano specializzato negli ambiti della creativit\u00e0 e della comunicazione. In collaborazione con il network di istituzioni prestigiose che compongono il Gruppo (SPD Scuola Politecnica di Design, Ferrari Fashion School, Saint Louis College of Music) \u00e8 in grado di offrire un programma dinamico di corsi brevi, pensato per coloro che desiderano esplorare, sviluppare o perfezionare le proprie competenze nei settori dell&#8217;arte, del design, della moda e della comunicazione visiva a Milano. I corsi si svolgono nel campus diffuso di Plena Education, un hub creativo dedicato a diversi livelli di educazione, situato all&#8217;interno del Bodio Center, nel quartiere Bovisa, e in zona Tortona, nel cuore del distretto milanese della moda. <\/p>\n<h4>Il Laboratorio Creativo \u00e8 un programma dinamico di corsi brevi, ideato per chi desidera esplorare, sviluppare o perfezionare le proprie competenze nei settori dell\u2019arte, del design, del fashion design e della comunicazione visiva a Milano.<\/h4>\n<\/div>\n<\/div>\n<p>&nbsp;<\/p>\n<div class=\"col-sm-12 col-lg-4\" style=\"padding-left: 0;\">\n\t<a href=\"https:\/\/www.unirufa.it\/arti-performative-acting\/\"><img decoding=\"async\" class=\"alignnone size-small wp-image-30173\" src=\"https:\/\/www.unirufa.it\/wp-content\/uploads\/2025\/07\/RUFA_ACTING_CORSI_BREVI_MILANO.jpg\" alt=\"\" width=\"100%\" height=\"auto\" \/><\/a><br \/>\n<a href=\"https:\/\/www.unirufa.it\/arti-performative-acting\/\"><\/p>\n<h5>Arti Performative \u2013 Acting<\/h5>\n<p><\/a>\n<\/div>\n<div class=\"col-sm-12 col-lg-4\" style=\"padding-left: 0;\">\n\t<a href=\"https:\/\/www.unirufa.it\/grafica-e-comunicazione-visiva-self-publishing\/\"><img decoding=\"async\" class=\"alignnone size-small wp-image-30173\" src=\"https:\/\/www.unirufa.it\/wp-content\/uploads\/2025\/07\/RUFA_GRAFICA-E-COMUNICAZIONE_CORSI_BREVI_MILANO-1.jpg\" alt=\"\" width=\"100%\" height=\"auto\"><\/a><br \/>\n<a href=\"https:\/\/www.unirufa.it\/grafica-e-comunicazione-visiva-self-publishing\/\"><\/p>\n<h5>Grafica e Comunicazione Visiva \u2013 Self-Publishing<\/h5>\n<p><\/a>\n<\/div>\n<div class=\"col-sm-12 col-lg-4\" style=\"padding-left: 0;\">\n\t<a href=\"https:\/\/www.unirufa.it\/creative-industries-ia-e-creativita\/\"><img decoding=\"async\" class=\"alignnone size-small wp-image-30173\" src=\"https:\/\/www.unirufa.it\/wp-content\/uploads\/2025\/07\/Intelligenza-Artificiale-e-Creativita.webp\" alt=\"\" width=\"100%\" height=\"auto\" \/><\/a><br \/>\n<a href=\"https:\/\/www.unirufa.it\/creative-industries-ia-e-creativita\/\"><\/p>\n<h5>Creative Industries \u2013 IA e Creativit\u00e0<\/h5>\n<p><\/a>\n<\/div>\n<p>&nbsp;<\/p>\n<div class=\"col-sm-12 col-lg-4\" style=\"padding-left: 0;\">\n\t<a href=\"https:\/\/www.ferrarifashionschool.it\/corso-breve-clo-3d\/\" target=\"_blank\"><img decoding=\"async\" class=\"alignnone size-small wp-image-30173\" src=\"https:\/\/www.unirufa.it\/wp-content\/uploads\/2025\/07\/CORSI_BREVI_MILANO_CLO_3D.jpg\" alt=\"\" width=\"100%\" height=\"auto\" \/><\/a><br \/>\n<a href=\"https:\/\/www.ferrarifashionschool.it\/corso-breve-clo-3d\/\" target=\"_blank\"><\/p>\n<h5>Fashion Design 3D Con CLO 3D<\/h5>\n<p><\/a>\n<\/div>\n<div class=\"col-sm-12 col-lg-4\" style=\"padding-left: 0;\">\n\t<a href=\"https:\/\/www.ferrarifashionschool.it\/corso-breve-maglia\/\" target=\"_blank\"><img decoding=\"async\" class=\"alignnone size-small wp-image-30173\" src=\"https:\/\/www.unirufa.it\/wp-content\/uploads\/2025\/07\/CORSI_BREVI_MILANO_KNITWEAR_FOR_EVERYONE.jpg\" alt=\"\" width=\"100%\" height=\"auto\" \/><\/a><br \/>\n<a href=\"https:\/\/www.ferrarifashionschool.it\/corso-breve-maglia\/\" target=\"_blank\"><\/p>\n<h5>KNITWEAR FOR EVERYONE<\/h5>\n<p><\/a>\n<\/div>\n<div class=\"col-sm-12 col-lg-4\" style=\"padding-left: 0;\">\n\t<a href=\"https:\/\/www.ferrarifashionschool.it\/sartoria-base\/\" target=\"_blank\"><img decoding=\"async\" class=\"alignnone size-small wp-image-30173\" src=\"https:\/\/www.unirufa.it\/wp-content\/uploads\/2025\/07\/CORSI_BREVI_MILANO_SARTORIA_BASE.jpg\" alt=\"\" width=\"100%\" height=\"auto\" \/><\/a><br \/>\n<a href=\"https:\/\/www.ferrarifashionschool.it\/sartoria-base\/\" target=\"_blank\"><\/p>\n<h5>Sartoria Base<\/h5>\n<p><\/a>\n<\/div>\n<p>&nbsp;<\/p>\n<p><!--\n\n<div class=\"col-sm-12 col-lg-4\" style=\"padding-left: 0;\">\n\t<a href=\"https:\/\/www.scuoladesign.com\/it\/corsi\/modellazione-artistica\/\" target=\"_blank\"><img decoding=\"async\" class=\"alignnone size-small wp-image-30173\" src=\"https:\/\/www.unirufa.it\/wp-content\/uploads\/2025\/07\/La-Modellazione-Artistica.webp\" alt=\"\" width=\"100%\" height=\"auto\"><\/a>\n<a href=\"https:\/\/www.scuoladesign.com\/it\/corsi\/modellazione-artistica\/\" target=\"_blank\">\n\n<h5>Arte e Design \u2013 La Modellazione Artistica<\/h5>\n\n<\/a>\n<\/div>\n\n\n\n\n\n<div class=\"col-sm-12 col-lg-4\" style=\"padding-left: 0;\">\n\t<a href=\"https:\/\/www.scuoladesign.com\/it\/corsi\/modellazione-3d-con-rhinoceros\/\" target=\"_blank\"><img decoding=\"async\" class=\"alignnone size-small wp-image-30173\" src=\"https:\/\/www.unirufa.it\/wp-content\/uploads\/2025\/07\/Modellazione-3D-con-Rhinoceros.webp\" alt=\"\" width=\"100%\" height=\"auto\"><\/a>\n<a href=\"https:\/\/www.scuoladesign.com\/it\/corsi\/modellazione-3d-con-rhinoceros\/\" target=\"_blank\">\n\n<h5>MODELLAZIONE 3D CON RHINOCEROS<\/h5>\n\n<\/a>\n<\/div>\n\n--><\/p>\n<div class=\"col-sm-12 col-lg-4\" style=\"padding-left: 0;\">\n\t<a href=\"https:\/\/saintlouis.eu\/corsi_saint_louis\/introduzione-al-music-business-contemporaneo\/\" target=\"_blank\"><img decoding=\"async\" class=\"alignnone size-small wp-image-30173\" src=\"https:\/\/www.unirufa.it\/wp-content\/uploads\/2025\/11\/NEWS-Introduzione-Music-Business-copia.webp\" alt=\"\" width=\"100%\" height=\"auto\"><\/a><br \/>\n<a href=\"https:\/\/saintlouis.eu\/corsi_saint_louis\/introduzione-al-music-business-contemporaneo\/ \" target=\"_blank\"><\/p>\n<h5>INTRODUZIONE AL MUSIC BUSINESS<\/h5>\n<p><\/a>\n<\/div>\n<div class=\"col-sm-12 col-lg-4\" style=\"padding-left: 0;\">\n\t<a href=\"https:\/\/www.ferrarifashionschool.it\/corsi-brevi\/cinema-e-moda\/\" target=\"_blank\"><img decoding=\"async\" class=\"alignnone size-small wp-image-30173\" src=\"https:\/\/www.unirufa.it\/wp-content\/uploads\/2025\/12\/CINEMA-E-MODA_FFS_CORSI_BREVI_MILANO.webp\" alt=\"\" width=\"100%\" height=\"auto\"><\/a><br \/>\n<a href=\"https:\/\/www.ferrarifashionschool.it\/corsi-brevi\/cinema-e-moda\/\" target=\"_blank\"><\/p>\n<h5>Cinema e Moda<\/h5>\n<p><\/a>\n<\/div>\n<div class=\"col-sm-12 col-lg-4\" style=\"padding-left: 0;\">\n\t<a href=\"https:\/\/www.scuoladesign.com\/courses\/cmf-design\/\" target=\"_blank\"><img decoding=\"async\" class=\"alignnone size-small wp-image-30173\" src=\"https:\/\/www.unirufa.it\/wp-content\/uploads\/2025\/12\/CMP_SPD_CORSI_BREVI_MILANO.webp\" alt=\"\" width=\"100%\" height=\"auto\"><\/a><br \/>\n<a href=\"https:\/\/www.scuoladesign.com\/courses\/cmf-design\/\" target=\"_blank\"><\/p>\n<h5>CMF Design<\/h5>\n<p><\/a>\n<\/div>\n<p>&nbsp;<\/p>\n<div class=\"col-sm-12 col-lg-4\" style=\"padding-left: 0;\">\n\t<a href=\"https:\/\/www.ferrarifashionschool.it\/corsi-brevi\/upcycling-and-re-fashion\/\" target=\"_blank\"><img decoding=\"async\" class=\"alignnone size-small wp-image-30173\" src=\"https:\/\/www.unirufa.it\/wp-content\/uploads\/2025\/12\/Upcycling-and-Re-fashion_FFS_CORSI_BREVI_MILANO.webp\" alt=\"\" width=\"100%\" height=\"auto\"><\/a><br \/>\n<a href=\"https:\/\/www.ferrarifashionschool.it\/corsi-brevi\/upcycling-and-re-fashion\/\" target=\"_blank\"><\/p>\n<h5>Upcycling and Re-fashion<\/h5>\n<p><\/a>\n<\/div>\n<p>&nbsp;","protected":false},"excerpt":{"rendered":"<p>Disculpa, pero esta entrada est\u00e1 disponible s\u00f3lo en IT y EN. Cosa sono i corsi brevi del Laboratorio Creativo? RUFA \u00e8 parte del Gruppo Plena Education, l&#8217;hub dell&#8217;alta formazione italiano specializzato negli ambiti della creativit\u00e0 e della comunicazione. In collaborazione con il network di istituzioni prestigiose che compongono il Gruppo (SPD Scuola Politecnica di Design,&#8230;<\/p>\n","protected":false},"author":39,"featured_media":0,"parent":10848,"menu_order":0,"comment_status":"closed","ping_status":"closed","template":"page_short-courses.php","meta":{"content-type":"","footnotes":""},"class_list":["post-146399","page","type-page","status-publish","hentry"],"yoast_head":"<!-- This site is optimized with the Yoast SEO plugin v24.2 - https:\/\/yoast.com\/wordpress\/plugins\/seo\/ -->\n<title>Laboratorio Creativo - MILANO - RUFA - Rome University of Fine Arts<\/title>\n<meta name=\"robots\" content=\"index, follow, max-snippet:-1, max-image-preview:large, max-video-preview:-1\" \/>\n<link rel=\"canonical\" href=\"https:\/\/www.unirufa.it\/offerta-formativa\/corsi-brevi\/laboratorio-creativo-milano\/\" \/>\n<meta property=\"og:locale\" content=\"es_ES\" \/>\n<meta property=\"og:type\" content=\"article\" \/>\n<meta property=\"og:title\" content=\"Laboratorio Creativo - MILANO - RUFA - Rome University of Fine Arts\" \/>\n<meta property=\"og:description\" content=\"Disculpa, pero esta entrada est\u00e1 disponible s\u00f3lo en IT y EN. Cosa sono i corsi brevi del Laboratorio Creativo? RUFA \u00e8 parte del Gruppo Plena Education, l&#8217;hub dell&#8217;alta formazione italiano specializzato negli ambiti della creativit\u00e0 e della comunicazione. In collaborazione con il network di istituzioni prestigiose che compongono il Gruppo (SPD Scuola Politecnica di Design,...\" \/>\n<meta property=\"og:url\" content=\"https:\/\/www.unirufa.it\/offerta-formativa\/corsi-brevi\/laboratorio-creativo-milano\/\" \/>\n<meta property=\"og:site_name\" content=\"RUFA - Rome University of Fine Arts\" \/>\n<meta property=\"article:modified_time\" content=\"2026-04-27T08:22:49+00:00\" \/>\n<meta property=\"og:image\" content=\"https:\/\/www.unirufa.it\/wp-content\/uploads\/2020\/07\/News_SaveTheDate_Federico_Lena_2.jpg\" \/>\n\t<meta property=\"og:image:width\" content=\"1050\" \/>\n\t<meta property=\"og:image:height\" content=\"600\" \/>\n\t<meta property=\"og:image:type\" content=\"image\/jpeg\" \/>\n<meta name=\"twitter:label1\" content=\"Tiempo de lectura\" \/>\n\t<meta name=\"twitter:data1\" content=\"7 minutos\" \/>\n<script type=\"application\/ld+json\" class=\"yoast-schema-graph\">{\"@context\":\"https:\/\/schema.org\",\"@graph\":[{\"@type\":\"WebPage\",\"@id\":\"https:\/\/www.unirufa.it\/offerta-formativa\/corsi-brevi\/laboratorio-creativo-milano\/\",\"url\":\"https:\/\/www.unirufa.it\/offerta-formativa\/corsi-brevi\/laboratorio-creativo-milano\/\",\"name\":\"Laboratorio Creativo - MILANO - RUFA - Rome University of Fine Arts\",\"isPartOf\":{\"@id\":\"https:\/\/www.unirufa.it\/#website\"},\"primaryImageOfPage\":{\"@id\":\"https:\/\/www.unirufa.it\/offerta-formativa\/corsi-brevi\/laboratorio-creativo-milano\/#primaryimage\"},\"image\":{\"@id\":\"https:\/\/www.unirufa.it\/offerta-formativa\/corsi-brevi\/laboratorio-creativo-milano\/#primaryimage\"},\"thumbnailUrl\":\"https:\/\/www.unirufa.it\/wp-content\/uploads\/2025\/07\/RUFA_ACTING_CORSI_BREVI_MILANO.jpg\",\"datePublished\":\"2025-06-27T10:25:13+00:00\",\"dateModified\":\"2026-04-27T08:22:49+00:00\",\"breadcrumb\":{\"@id\":\"https:\/\/www.unirufa.it\/offerta-formativa\/corsi-brevi\/laboratorio-creativo-milano\/#breadcrumb\"},\"inLanguage\":\"es\",\"potentialAction\":[{\"@type\":\"ReadAction\",\"target\":[\"https:\/\/www.unirufa.it\/offerta-formativa\/corsi-brevi\/laboratorio-creativo-milano\/\"]}]},{\"@type\":\"ImageObject\",\"inLanguage\":\"es\",\"@id\":\"https:\/\/www.unirufa.it\/offerta-formativa\/corsi-brevi\/laboratorio-creativo-milano\/#primaryimage\",\"url\":\"https:\/\/www.unirufa.it\/wp-content\/uploads\/2025\/07\/RUFA_ACTING_CORSI_BREVI_MILANO.jpg\",\"contentUrl\":\"https:\/\/www.unirufa.it\/wp-content\/uploads\/2025\/07\/RUFA_ACTING_CORSI_BREVI_MILANO.jpg\"},{\"@type\":\"BreadcrumbList\",\"@id\":\"https:\/\/www.unirufa.it\/offerta-formativa\/corsi-brevi\/laboratorio-creativo-milano\/#breadcrumb\",\"itemListElement\":[{\"@type\":\"ListItem\",\"position\":1,\"name\":\"Home\",\"item\":\"https:\/\/www.unirufa.it\/\"},{\"@type\":\"ListItem\",\"position\":2,\"name\":\"Offerta formativa\",\"item\":\"https:\/\/www.unirufa.it\/offerta-formativa\/\"},{\"@type\":\"ListItem\",\"position\":3,\"name\":\"Corsi Brevi\",\"item\":\"https:\/\/www.unirufa.it\/offerta-formativa\/corsi-brevi\/\"},{\"@type\":\"ListItem\",\"position\":4,\"name\":\"Laboratorio Creativo &#8211; MILANO\"}]},{\"@type\":\"WebSite\",\"@id\":\"https:\/\/www.unirufa.it\/#website\",\"url\":\"https:\/\/www.unirufa.it\/\",\"name\":\"RUFA - Rome University of Fine Arts\",\"description\":\"\",\"potentialAction\":[{\"@type\":\"SearchAction\",\"target\":{\"@type\":\"EntryPoint\",\"urlTemplate\":\"https:\/\/www.unirufa.it\/?s={search_term_string}\"},\"query-input\":{\"@type\":\"PropertyValueSpecification\",\"valueRequired\":true,\"valueName\":\"search_term_string\"}}],\"inLanguage\":\"es\"}]}<\/script>\n<!-- \/ Yoast SEO plugin. -->","yoast_head_json":{"title":"Laboratorio Creativo - MILANO - RUFA - Rome University of Fine Arts","robots":{"index":"index","follow":"follow","max-snippet":"max-snippet:-1","max-image-preview":"max-image-preview:large","max-video-preview":"max-video-preview:-1"},"canonical":"https:\/\/www.unirufa.it\/offerta-formativa\/corsi-brevi\/laboratorio-creativo-milano\/","og_locale":"es_ES","og_type":"article","og_title":"Laboratorio Creativo - MILANO - RUFA - Rome University of Fine Arts","og_description":"Disculpa, pero esta entrada est\u00e1 disponible s\u00f3lo en IT y EN. Cosa sono i corsi brevi del Laboratorio Creativo? RUFA \u00e8 parte del Gruppo Plena Education, l&#8217;hub dell&#8217;alta formazione italiano specializzato negli ambiti della creativit\u00e0 e della comunicazione. In collaborazione con il network di istituzioni prestigiose che compongono il Gruppo (SPD Scuola Politecnica di Design,...","og_url":"https:\/\/www.unirufa.it\/offerta-formativa\/corsi-brevi\/laboratorio-creativo-milano\/","og_site_name":"RUFA - Rome University of Fine Arts","article_modified_time":"2026-04-27T08:22:49+00:00","og_image":[{"width":1050,"height":600,"url":"https:\/\/www.unirufa.it\/wp-content\/uploads\/2020\/07\/News_SaveTheDate_Federico_Lena_2.jpg","type":"image\/jpeg"}],"twitter_misc":{"Tiempo de lectura":"7 minutos"},"schema":{"@context":"https:\/\/schema.org","@graph":[{"@type":"WebPage","@id":"https:\/\/www.unirufa.it\/offerta-formativa\/corsi-brevi\/laboratorio-creativo-milano\/","url":"https:\/\/www.unirufa.it\/offerta-formativa\/corsi-brevi\/laboratorio-creativo-milano\/","name":"Laboratorio Creativo - MILANO - RUFA - Rome University of Fine Arts","isPartOf":{"@id":"https:\/\/www.unirufa.it\/#website"},"primaryImageOfPage":{"@id":"https:\/\/www.unirufa.it\/offerta-formativa\/corsi-brevi\/laboratorio-creativo-milano\/#primaryimage"},"image":{"@id":"https:\/\/www.unirufa.it\/offerta-formativa\/corsi-brevi\/laboratorio-creativo-milano\/#primaryimage"},"thumbnailUrl":"https:\/\/www.unirufa.it\/wp-content\/uploads\/2025\/07\/RUFA_ACTING_CORSI_BREVI_MILANO.jpg","datePublished":"2025-06-27T10:25:13+00:00","dateModified":"2026-04-27T08:22:49+00:00","breadcrumb":{"@id":"https:\/\/www.unirufa.it\/offerta-formativa\/corsi-brevi\/laboratorio-creativo-milano\/#breadcrumb"},"inLanguage":"es","potentialAction":[{"@type":"ReadAction","target":["https:\/\/www.unirufa.it\/offerta-formativa\/corsi-brevi\/laboratorio-creativo-milano\/"]}]},{"@type":"ImageObject","inLanguage":"es","@id":"https:\/\/www.unirufa.it\/offerta-formativa\/corsi-brevi\/laboratorio-creativo-milano\/#primaryimage","url":"https:\/\/www.unirufa.it\/wp-content\/uploads\/2025\/07\/RUFA_ACTING_CORSI_BREVI_MILANO.jpg","contentUrl":"https:\/\/www.unirufa.it\/wp-content\/uploads\/2025\/07\/RUFA_ACTING_CORSI_BREVI_MILANO.jpg"},{"@type":"BreadcrumbList","@id":"https:\/\/www.unirufa.it\/offerta-formativa\/corsi-brevi\/laboratorio-creativo-milano\/#breadcrumb","itemListElement":[{"@type":"ListItem","position":1,"name":"Home","item":"https:\/\/www.unirufa.it\/"},{"@type":"ListItem","position":2,"name":"Offerta formativa","item":"https:\/\/www.unirufa.it\/offerta-formativa\/"},{"@type":"ListItem","position":3,"name":"Corsi Brevi","item":"https:\/\/www.unirufa.it\/offerta-formativa\/corsi-brevi\/"},{"@type":"ListItem","position":4,"name":"Laboratorio Creativo &#8211; MILANO"}]},{"@type":"WebSite","@id":"https:\/\/www.unirufa.it\/#website","url":"https:\/\/www.unirufa.it\/","name":"RUFA - Rome University of Fine Arts","description":"","potentialAction":[{"@type":"SearchAction","target":{"@type":"EntryPoint","urlTemplate":"https:\/\/www.unirufa.it\/?s={search_term_string}"},"query-input":{"@type":"PropertyValueSpecification","valueRequired":true,"valueName":"search_term_string"}}],"inLanguage":"es"}]}},"_links":{"self":[{"href":"https:\/\/www.unirufa.it\/es\/wp-json\/wp\/v2\/pages\/146399","targetHints":{"allow":["GET"]}}],"collection":[{"href":"https:\/\/www.unirufa.it\/es\/wp-json\/wp\/v2\/pages"}],"about":[{"href":"https:\/\/www.unirufa.it\/es\/wp-json\/wp\/v2\/types\/page"}],"author":[{"embeddable":true,"href":"https:\/\/www.unirufa.it\/es\/wp-json\/wp\/v2\/users\/39"}],"replies":[{"embeddable":true,"href":"https:\/\/www.unirufa.it\/es\/wp-json\/wp\/v2\/comments?post=146399"}],"version-history":[{"count":36,"href":"https:\/\/www.unirufa.it\/es\/wp-json\/wp\/v2\/pages\/146399\/revisions"}],"predecessor-version":[{"id":153165,"href":"https:\/\/www.unirufa.it\/es\/wp-json\/wp\/v2\/pages\/146399\/revisions\/153165"}],"up":[{"embeddable":true,"href":"https:\/\/www.unirufa.it\/es\/wp-json\/wp\/v2\/pages\/10848"}],"wp:attachment":[{"href":"https:\/\/www.unirufa.it\/es\/wp-json\/wp\/v2\/media?parent=146399"}],"curies":[{"name":"wp","href":"https:\/\/api.w.org\/{rel}","templated":true}]}}