


{"id":147057,"date":"2025-07-24T11:00:22","date_gmt":"2025-07-24T09:00:22","guid":{"rendered":"https:\/\/www.unirufa.it\/?page_id=147057"},"modified":"2025-09-29T11:51:56","modified_gmt":"2025-09-29T09:51:56","slug":"borsa-di-studio-diploma-accademico-primo-livello-fashion-design-sostenibile","status":"publish","type":"page","link":"https:\/\/www.unirufa.it\/es\/borsa-di-studio-diploma-accademico-primo-livello-fashion-design-sostenibile\/","title":{"rendered":"Beca \u2013 T\u00edtulo Acad\u00e9mico de Primer Nivel \u2013 Dise\u00f1o de Moda Sostenible"},"content":{"rendered":"<p>La pr\u00f3xima convocatoria se publicar\u00e1 en <a href=\"https:\/\/www.unirufa.it\/orientamento\/borse-di-studio-e-agevolazioni-economiche\/borse-di-studio\/\"><strong>esta p\u00e1gina<\/strong><\/a>.<\/p>\n<div class=\" hidden-xs hidden-sm hidden-md hidden-lg hidden-xl\">\n<h5>LOS 2 BOLSOS EST\u00c1N RESERVADOS S\u00d3LO PARA EL CURSO DE DISE\u00d1O DE MODA SOSTENIBLE.<\/h5>\n<p><strong>Tenga en cuenta<\/strong>: no se tendr\u00e1n en cuenta todas las solicitudes enviadas fuera de plazo.<\/p>\n<p>A efectos del concurso, los alumnos con derecho a <strong>INSCRIPCI\u00d3N DIRECTA<\/strong> deber\u00e1n estar matriculados en la Academia en las fechas indicadas en las <a href=\"https:\/\/www.unirufa.it\/es\/orientamento\/borse-di-studio-e-agevolazioni-economiche\/borse-di-studio\/#guida\"><strong>BASES<\/strong><\/a>.<\/p>\n\n<div class=\"wpcf7 no-js\" id=\"wpcf7-f146137-o3\" lang=\"it-IT\" dir=\"ltr\" data-wpcf7-id=\"146137\">\n<div class=\"screen-reader-response\"><p role=\"status\" aria-live=\"polite\" aria-atomic=\"true\"><\/p> <ul><\/ul><\/div>\n<form action=\"\/es\/wp-json\/wp\/v2\/pages\/147057#wpcf7-f146137-o3\" method=\"post\" class=\"wpcf7-form init\" aria-label=\"Contact form\" enctype=\"multipart\/form-data\" novalidate=\"novalidate\" data-status=\"init\">\n<div style=\"display: none;\">\n<input type=\"hidden\" name=\"_wpcf7\" value=\"146137\" \/>\n<input type=\"hidden\" name=\"_wpcf7_version\" value=\"6.0.3\" \/>\n<input type=\"hidden\" name=\"_wpcf7_locale\" value=\"it_IT\" \/>\n<input type=\"hidden\" name=\"_wpcf7_unit_tag\" value=\"wpcf7-f146137-o3\" \/>\n<input type=\"hidden\" name=\"_wpcf7_container_post\" value=\"0\" \/>\n<input type=\"hidden\" name=\"_wpcf7_posted_data_hash\" value=\"\" \/>\n<input type=\"hidden\" name=\"_wpcf7cf_hidden_group_fields\" value=\"[]\" \/>\n<input type=\"hidden\" name=\"_wpcf7cf_hidden_groups\" value=\"[]\" \/>\n<input type=\"hidden\" name=\"_wpcf7cf_visible_groups\" value=\"[]\" \/>\n<input type=\"hidden\" name=\"_wpcf7cf_repeaters\" value=\"[]\" \/>\n<input type=\"hidden\" name=\"_wpcf7cf_steps\" value=\"{}\" \/>\n<input type=\"hidden\" name=\"_wpcf7cf_options\" value=\"{&quot;form_id&quot;:146137,&quot;conditions&quot;:[{&quot;then_field&quot;:&quot;-1&quot;,&quot;and_rules&quot;:[{&quot;if_field&quot;:&quot;-1&quot;,&quot;operator&quot;:&quot;equals&quot;,&quot;if_value&quot;:&quot;Painting - Bachelor of Arts&quot;}]},{&quot;then_field&quot;:&quot;-1&quot;,&quot;and_rules&quot;:[{&quot;if_field&quot;:&quot;-1&quot;,&quot;operator&quot;:&quot;equals&quot;,&quot;if_value&quot;:&quot;Sculpture and installations - Bachelor of Arts&quot;}]},{&quot;then_field&quot;:&quot;-1&quot;,&quot;and_rules&quot;:[{&quot;if_field&quot;:&quot;-1&quot;,&quot;operator&quot;:&quot;equals&quot;,&quot;if_value&quot;:&quot;Design - Bachelor of Arts&quot;}]},{&quot;then_field&quot;:&quot;-1&quot;,&quot;and_rules&quot;:[{&quot;if_field&quot;:&quot;-1&quot;,&quot;operator&quot;:&quot;equals&quot;,&quot;if_value&quot;:&quot;Fine arts - Master of Arts&quot;}]},{&quot;then_field&quot;:&quot;-1&quot;,&quot;and_rules&quot;:[{&quot;if_field&quot;:&quot;-1&quot;,&quot;operator&quot;:&quot;equals&quot;,&quot;if_value&quot;:&quot;Film arts - Master of Arts&quot;}]}],&quot;settings&quot;:{&quot;animation&quot;:&quot;yes&quot;,&quot;animation_intime&quot;:200,&quot;animation_outtime&quot;:200,&quot;conditions_ui&quot;:&quot;normal&quot;,&quot;notice_dismissed&quot;:true,&quot;notice_dismissed_update-cf7-5.6.3&quot;:true,&quot;notice_dismissed_update-cf7-5.7.1&quot;:true,&quot;notice_dismissed_update-cf7-5.7.2&quot;:true,&quot;notice_dismissed_update-cf7-5.7.3&quot;:true,&quot;notice_dismissed_update-cf7-5.8.3&quot;:true,&quot;notice_dismissed_rollback-cf7-5.8.3&quot;:true,&quot;notice_dismissed_rollback-cf7-5.9.5&quot;:true}}\" \/>\n<input type=\"hidden\" name=\"_wpcf7dtx_version\" value=\"5.0.2\" \/>\n<input type=\"hidden\" name=\"_wpcf7_recaptcha_response\" value=\"\" \/>\n<\/div>\n<p><span class=\"wpcf7-form-control-wrap\" data-name=\"tipoCandidatura\"><span class=\"wpcf7-form-control wpcf7-checkbox\"><span class=\"wpcf7-list-item first last\"><input type=\"checkbox\" name=\"tipoCandidatura[]\" value=\"Immatricolazione diretta \/ Direct enrolment \/ Inscripci\u00f3n directa\" \/><span class=\"wpcf7-list-item-label\">Immatricolazione diretta \/ Direct enrolment \/ Inscripci\u00f3n directa<\/span><\/span><\/span><\/span>\n<\/p>\n<div class=\"row inline-row\">\n\t<div class=\"col-sm-6\">\n\t\t<p><label style=\"width: 100%\"> Nome \/ Name \/ Nombre*<\/label><br \/>\n<span class=\"wpcf7-form-control-wrap\" data-name=\"your-name\"><input size=\"40\" maxlength=\"400\" class=\"wpcf7-form-control wpcf7-text wpcf7-validates-as-required\" aria-required=\"true\" aria-invalid=\"false\" value=\"\" type=\"text\" name=\"your-name\" \/><\/span>\n\t\t<\/p>\n\t<\/div>\n\t<div class=\"col-sm-6\">\n\t\t<p><label style=\"width: 100%\"> Cognome \/ Surname \/ Apellido*<\/label><br \/>\n<span class=\"wpcf7-form-control-wrap\" data-name=\"your-surname\"><input size=\"40\" maxlength=\"400\" class=\"wpcf7-form-control wpcf7-text wpcf7-validates-as-required\" aria-required=\"true\" aria-invalid=\"false\" value=\"\" type=\"text\" name=\"your-surname\" \/><\/span>\n\t\t<\/p>\n\t<\/div>\n<\/div>\n<div class=\"row inline-row\">\n\t<div class=\"col-sm-6\">\n\t\t<p><label style=\"width: 100%\"> Codice fiscale \/ Fiscal Code \/ C\u00f3digo Fiscal*<\/label><br \/>\n<span class=\"wpcf7-form-control-wrap\" data-name=\"codice-fiscale\"><input size=\"40\" maxlength=\"400\" class=\"wpcf7-form-control wpcf7-text wpcf7-validates-as-required\" aria-required=\"true\" aria-invalid=\"false\" value=\"\" type=\"text\" name=\"codice-fiscale\" \/><\/span>\n\t\t<\/p>\n\t<\/div>\n\t<div class=\"col-sm-6\">\n\t\t<p><label style=\"width: 100%\"> Nato a \/ Born in \/ Nacido en*<\/label><br \/>\n<span class=\"wpcf7-form-control-wrap\" data-name=\"nascita\"><input size=\"40\" maxlength=\"400\" class=\"wpcf7-form-control wpcf7-text wpcf7-validates-as-required\" aria-required=\"true\" aria-invalid=\"false\" value=\"\" type=\"text\" name=\"nascita\" \/><\/span>\n\t\t<\/p>\n\t<\/div>\n<\/div>\n<div class=\"row inline-row\">\n\t<div class=\"col-sm-6\">\n\t\t<p><label style=\"width: 100%\"> Data di nascita \/ Birth date \/ Fecha de nacimiento*<\/label><br \/>\n<span class=\"wpcf7-form-control-wrap\" data-name=\"data-nascita\"><input class=\"wpcf7-form-control wpcf7-date wpcf7-validates-as-required wpcf7-validates-as-date\" aria-required=\"true\" aria-invalid=\"false\" value=\"\" type=\"date\" name=\"data-nascita\" \/><\/span>\n\t\t<\/p>\n\t<\/div>\n\t<div class=\"col-sm-6\">\n\t\t<p><label style=\"width: 100%\"> Residente in \/ Resident in \/ Residente en*<\/label><br \/>\n<span class=\"wpcf7-form-control-wrap\" data-name=\"residenza\"><input size=\"40\" maxlength=\"400\" class=\"wpcf7-form-control wpcf7-text wpcf7-validates-as-required\" aria-required=\"true\" aria-invalid=\"false\" value=\"\" type=\"text\" name=\"residenza\" \/><\/span>\n\t\t<\/p>\n\t<\/div>\n<\/div>\n<div class=\"row inline-row\">\n\t<div class=\"col-sm-6\">\n\t\t<p><label style=\"width: 100%\"> Indirizzo \/ Address \/ Direcci\u00f3n*<\/label><br \/>\n<span class=\"wpcf7-form-control-wrap\" data-name=\"indirizzo\"><input size=\"40\" maxlength=\"400\" class=\"wpcf7-form-control wpcf7-text wpcf7-validates-as-required\" aria-required=\"true\" aria-invalid=\"false\" value=\"\" type=\"text\" name=\"indirizzo\" \/><\/span>\n\t\t<\/p>\n\t<\/div>\n\t<div class=\"col-sm-6\">\n\t\t<p><label style=\"width: 100%\"> Provincia \/ Province \/ Provincia*<\/label><br \/>\n<span class=\"wpcf7-form-control-wrap\" data-name=\"provincia\"><input size=\"40\" maxlength=\"400\" class=\"wpcf7-form-control wpcf7-text wpcf7-validates-as-required\" aria-required=\"true\" aria-invalid=\"false\" value=\"\" type=\"text\" name=\"provincia\" \/><\/span>\n\t\t<\/p>\n\t<\/div>\n<\/div>\n<div class=\"row inline-row\">\n\t<div class=\"col-sm-6\">\n\t\t<p><label style=\"width: 100%\"> Cap \/ Postal code \/ c\u00f3digo postal* <\/label><br \/>\n<span class=\"wpcf7-form-control-wrap\" data-name=\"cap\"><input size=\"40\" maxlength=\"400\" class=\"wpcf7-form-control wpcf7-text wpcf7-validates-as-required\" aria-required=\"true\" aria-invalid=\"false\" value=\"\" type=\"text\" name=\"cap\" \/><\/span>\n\t\t<\/p>\n\t<\/div>\n\t<div class=\"col-sm-6\">\n\t\t<p><label style=\"width: 100%\"> Cittadinanza \/ Citizenship \/ Ciudadan\u00eda* <\/label><br \/>\n<span class=\"wpcf7-form-control-wrap\" data-name=\"cittadinanza\"><input size=\"40\" maxlength=\"400\" class=\"wpcf7-form-control wpcf7-text wpcf7-validates-as-required\" aria-required=\"true\" aria-invalid=\"false\" value=\"\" type=\"text\" name=\"cittadinanza\" \/><\/span>\n\t\t<\/p>\n\t<\/div>\n<\/div>\n<div class=\"row inline-row\">\n\t<div class=\"col-sm-6\">\n\t\t<p><label style=\"width: 100%\"> Email*<\/label><br \/>\n<span class=\"wpcf7-form-control-wrap\" data-name=\"your-email\"><input size=\"40\" maxlength=\"400\" class=\"wpcf7-form-control wpcf7-email wpcf7-validates-as-required wpcf7-text wpcf7-validates-as-email\" aria-required=\"true\" aria-invalid=\"false\" value=\"\" type=\"email\" name=\"your-email\" \/><\/span>\n\t\t<\/p>\n\t<\/div>\n\t<div class=\"col-sm-6\">\n\t\t<p><label style=\"width: 100%\"> Telefono \/ Phone \/ Tel\u00e9fono*<\/label><br \/>\n<span class=\"wpcf7-form-control-wrap telefono\"><input class=\"wpcf7-form-control wpcf7-intl_tel wpcf7-validates-as-required wpcf7-intl-tel\" aria-required=\"true\" aria-invalid=\"false\" data-initialcountry=\"it\" value=\"\" type=\"tel\" name=\"telefono-cf7it-national\" \/><input name=\"telefono\" type=\"hidden\" class=\"wpcf7-intl-tel-full\" \/><input type=\"hidden\" name=\"telefono-cf7it-country-name\" class=\"wpcf7-intl-tel-country-name\" \/><input type=\"hidden\" name=\"telefono-cf7it-country-code\" class=\"wpcf7-intl-tel-country-code\" \/><input type=\"hidden\" name=\"telefono-cf7it-country-iso2\" class=\"wpcf7-intl-tel-country-iso2\" \/><\/span>\n\t\t<\/p>\n\t<\/div>\n<\/div>\n<div class=\"row inline-row\">\n\t<div class=\"col-sm-12\">\n\t\t<p><label style=\"width: 100%\"> Corso Accademico di primo livello in \/ Degree course in \/ Curso de grado en*<\/label><br \/>\n<span class=\"wpcf7-form-control-wrap\" data-name=\"CorsoLaurea\"><select class=\"wpcf7-form-control wpcf7-select\" aria-invalid=\"false\" name=\"CorsoLaurea\"><option value=\"\">&#8212;Please choose an option&#8212;<\/option><option value=\"Fashion design sostenibile - IT\">Fashion design sostenibile - IT<\/option><option value=\"Fashion design sostenibile - EN\">Fashion design sostenibile - EN<\/option><\/select><\/span>\n\t\t<\/p>\n\t<\/div>\n<\/div>\n<div class=\"row inline-row\">\n\t<div class=\"col-sm-6\">\n\t\t<p><label style=\"width: 100%\"> Dichiaro di essere in possesso di diploma di scuola media superiore rilasciato il (Opzionale) \/ I declare that I am in possession of a high school diploma issued on (Optional) \/ Declaro que estoy en posesi\u00f3n de un t\u00edtulo de bachillerato expedido el (Opcional): <\/label><br \/>\n<span class=\"wpcf7-form-control-wrap\" data-name=\"diploma\"><input class=\"wpcf7-form-control wpcf7-date wpcf7-validates-as-date\" aria-invalid=\"false\" value=\"\" type=\"date\" name=\"diploma\" \/><\/span>\n\t\t<\/p>\n\t<\/div>\n\t<div class=\"col-sm-6\">\n\t\t<p><label style=\"width: 100%\"> Rilasciato da (inserire nome Istituto di provenienza) \/ Released by (insert name of institute) \/ Emitido por (ins\u00e9rtese el nombre del instituto de origen):*<\/label><br \/>\n<span class=\"wpcf7-form-control-wrap\" data-name=\"rilascio_diploma\"><input size=\"40\" maxlength=\"400\" class=\"wpcf7-form-control wpcf7-text wpcf7-validates-as-required\" aria-required=\"true\" aria-invalid=\"false\" value=\"\" type=\"text\" name=\"rilascio_diploma\" \/><\/span>\n\t\t<\/p>\n\t<\/div>\n<\/div>\n<div class=\"row inline-row\">\n\t<div class=\"col-sm-6\">\n\t\t<p><label style=\"width: 100%\"> Allegato A - Portfolio*<\/label><br \/>\n<span class=\"wpcf7-form-control-wrap\" data-name=\"AllegatoA-portfolio\"><input size=\"40\" class=\"wpcf7-form-control wpcf7-file wpcf7-validates-as-required\" accept=\".pdf\" aria-required=\"true\" aria-invalid=\"false\" type=\"file\" name=\"AllegatoA-portfolio\" \/><\/span><br \/>\n<small>File in formato pdf - Massimo 10MB | PDF file format - Maximum 10MB<\/small>\n\t\t<\/p>\n\t<\/div>\n\t<div class=\"col-sm-6\">\n\t\t<p><label style=\"width: 100%\"> Allegato B - Curriculum Vitae (Opzionale) <\/label><br \/>\n<span class=\"wpcf7-form-control-wrap\" data-name=\"AllegatoCV\"><input size=\"40\" class=\"wpcf7-form-control wpcf7-file\" accept=\".pdf\" aria-invalid=\"false\" type=\"file\" name=\"AllegatoCV\" \/><\/span><br \/>\n<small>File in formato pdf - Massimo 2MB | PDF file format - Maximum 2MB<\/small>\n\t\t<\/p>\n\t<\/div>\n<\/div>\n<div class=\"row inline-row\">\n\t<div class=\"col-sm-12\">\n\t\t<p><label> Allegato C - Certificazione o autocertificazione punteggio esame di Stato (Opzionale) \/ Certification or self-certification of State examination score (Optional) \/ Certificaci\u00f3n o autocertificaci\u00f3n de la nota del examen de Estado (Opcional)<\/label><br \/>\n<span class=\"wpcf7-form-control-wrap\" data-name=\"AllegatoC-certificazione\"><input size=\"40\" class=\"wpcf7-form-control wpcf7-file\" accept=\".pdf\" aria-invalid=\"false\" type=\"file\" name=\"AllegatoC-certificazione\" \/><\/span><br \/>\n<small>File in formato pdf - Massimo 2MB | PDF file format - Maximum 2MB<\/small>\n\t\t<\/p>\n\t<\/div>\n<\/div>\n<div class=\"row inline-row\">\n\t<div class=\"col-sm-12\">\n\t\t<p>*richiesto \/ mandatory \/ obligatorio\n\t\t<\/p>\n\t\t<p><span class=\"wpcf7-form-control-wrap\" data-name=\"privacy\"><span class=\"wpcf7-form-control wpcf7-acceptance\"><span class=\"wpcf7-list-item\"><input type=\"checkbox\" name=\"privacy\" value=\"1\" aria-invalid=\"false\" \/><\/span><\/span><\/span> Confermo di aver preso visione della\u00a0<a href=\"https:\/\/www.unirufa.it\/informativa-privacy-sito\/\">\n\t\t\t\t<font color=\"blue\">Privacy Policy\n\t\t\t\t<\/font><\/a> resa disponibile e acconsento a ricevere le informazioni richieste a RUFA Rome University of Fine Arts.* \/ I confirm that I have read the \u00a0<a href=\"https:\/\/www.unirufa.it\/en\/informativa-privacy-sito\/\">\n\t\t\t\t<font color=\"blue\">Privacy Policy\n\t\t\t\t<\/font><\/a>\u00a0and agree to receive the requested information from RUFA Rome University of Fine Arts.* \/ Confirmo que he le\u00eddo la <a href=\"https:\/\/www.unirufa.it\/es\/informativa-privacy-sito\/\">\n\t\t\t\t<font color=\"blue\">Pol\u00edtica de privacidad\n\t\t\t\t<\/font><\/a> y acepto recibir la informaci\u00f3n solicitada de RUFA Rome University of Fine Arts.*\n\t\t<\/p>\n\t\t<p><span class=\"wpcf7-form-control-wrap\" data-name=\"promotion\"><span class=\"wpcf7-form-control wpcf7-acceptance optional\"><span class=\"wpcf7-list-item\"><input type=\"checkbox\" name=\"promotion\" value=\"1\" aria-invalid=\"false\" \/><\/span><\/span><\/span> Accetto di ricevere altre comunicazioni da RUFA Rome University of Fine Arts (es. Borse di studio, eventi e workshop). \/ I agree to receive other communications from RUFA Rome University of Fine Arts (e.g., Scholarships, events and workshops). \/ Acepto recibir otras comunicaciones de RUFA Rome University of Fine Arts (por ejemplo, becas, eventos y talleres).\n\t\t<\/p>\n\t\t<p><input class=\"wpcf7-form-control wpcf7-submit has-spinner\" type=\"submit\" value=\"Invia\/Send\/Enviar\" \/>\n\t\t<\/p>\n\t<\/div>\n<\/div><div class=\"wpcf7-response-output\" aria-hidden=\"true\"><\/div>\n<\/form>\n<\/div>\n<\/div>","protected":false},"excerpt":{"rendered":"<p>La pr\u00f3xima convocatoria se publicar\u00e1 en esta p\u00e1gina. LOS 2 BOLSOS EST\u00c1N RESERVADOS S\u00d3LO PARA EL CURSO DE DISE\u00d1O DE MODA SOSTENIBLE. Tenga en cuenta: no se tendr\u00e1n en cuenta todas las solicitudes enviadas fuera de plazo. A efectos del concurso, los alumnos con derecho a INSCRIPCI\u00d3N DIRECTA deber\u00e1n estar matriculados en la Academia en&#8230;<\/p>\n","protected":false},"author":39,"featured_media":0,"parent":0,"menu_order":0,"comment_status":"closed","ping_status":"closed","template":"","meta":{"content-type":"","footnotes":""},"class_list":["post-147057","page","type-page","status-publish","hentry"],"yoast_head":"<!-- This site is optimized with the Yoast SEO plugin v24.2 - https:\/\/yoast.com\/wordpress\/plugins\/seo\/ -->\n<title>Beca \u2013 T\u00edtulo Acad\u00e9mico de Primer Nivel \u2013 Dise\u00f1o de Moda Sostenible - RUFA - Rome University of Fine Arts<\/title>\n<meta name=\"robots\" content=\"index, follow, max-snippet:-1, max-image-preview:large, max-video-preview:-1\" \/>\n<link rel=\"canonical\" href=\"https:\/\/www.unirufa.it\/borsa-di-studio-diploma-accademico-primo-livello-fashion-design-sostenibile\/\" \/>\n<meta property=\"og:locale\" content=\"es_ES\" \/>\n<meta property=\"og:type\" content=\"article\" \/>\n<meta property=\"og:title\" content=\"Beca \u2013 T\u00edtulo Acad\u00e9mico de Primer Nivel \u2013 Dise\u00f1o de Moda Sostenible - RUFA - Rome University of Fine Arts\" \/>\n<meta property=\"og:description\" content=\"La pr\u00f3xima convocatoria se publicar\u00e1 en esta p\u00e1gina. LOS 2 BOLSOS EST\u00c1N RESERVADOS S\u00d3LO PARA EL CURSO DE DISE\u00d1O DE MODA SOSTENIBLE. Tenga en cuenta: no se tendr\u00e1n en cuenta todas las solicitudes enviadas fuera de plazo. A efectos del concurso, los alumnos con derecho a INSCRIPCI\u00d3N DIRECTA deber\u00e1n estar matriculados en la Academia en...\" \/>\n<meta property=\"og:url\" content=\"https:\/\/www.unirufa.it\/borsa-di-studio-diploma-accademico-primo-livello-fashion-design-sostenibile\/\" \/>\n<meta property=\"og:site_name\" content=\"RUFA - Rome University of Fine Arts\" \/>\n<meta property=\"article:modified_time\" content=\"2025-09-29T09:51:56+00:00\" \/>\n<meta property=\"og:image\" content=\"https:\/\/www.unirufa.it\/wp-content\/uploads\/2017\/11\/logo-rufa-2016.png\" \/>\n\t<meta property=\"og:image:width\" content=\"230\" \/>\n\t<meta property=\"og:image:height\" content=\"149\" \/>\n\t<meta property=\"og:image:type\" content=\"image\/png\" \/>\n<meta name=\"twitter:label1\" content=\"Tiempo de lectura\" \/>\n\t<meta name=\"twitter:data1\" content=\"2 minutos\" \/>\n<script type=\"application\/ld+json\" class=\"yoast-schema-graph\">{\"@context\":\"https:\/\/schema.org\",\"@graph\":[{\"@type\":\"WebPage\",\"@id\":\"https:\/\/www.unirufa.it\/borsa-di-studio-diploma-accademico-primo-livello-fashion-design-sostenibile\/\",\"url\":\"https:\/\/www.unirufa.it\/borsa-di-studio-diploma-accademico-primo-livello-fashion-design-sostenibile\/\",\"name\":\"Beca \u2013 T\u00edtulo Acad\u00e9mico de Primer Nivel \u2013 Dise\u00f1o de Moda Sostenible - RUFA - Rome University of Fine Arts\",\"isPartOf\":{\"@id\":\"https:\/\/www.unirufa.it\/#website\"},\"datePublished\":\"2025-07-24T09:00:22+00:00\",\"dateModified\":\"2025-09-29T09:51:56+00:00\",\"breadcrumb\":{\"@id\":\"https:\/\/www.unirufa.it\/borsa-di-studio-diploma-accademico-primo-livello-fashion-design-sostenibile\/#breadcrumb\"},\"inLanguage\":\"es\",\"potentialAction\":[{\"@type\":\"ReadAction\",\"target\":[\"https:\/\/www.unirufa.it\/borsa-di-studio-diploma-accademico-primo-livello-fashion-design-sostenibile\/\"]}]},{\"@type\":\"BreadcrumbList\",\"@id\":\"https:\/\/www.unirufa.it\/borsa-di-studio-diploma-accademico-primo-livello-fashion-design-sostenibile\/#breadcrumb\",\"itemListElement\":[{\"@type\":\"ListItem\",\"position\":1,\"name\":\"Home\",\"item\":\"https:\/\/www.unirufa.it\/\"},{\"@type\":\"ListItem\",\"position\":2,\"name\":\"Borsa di studio \u2013 Diploma accademico primo livello &#8211; Fashion Design Sostenibile\"}]},{\"@type\":\"WebSite\",\"@id\":\"https:\/\/www.unirufa.it\/#website\",\"url\":\"https:\/\/www.unirufa.it\/\",\"name\":\"RUFA - Rome University of Fine Arts\",\"description\":\"\",\"potentialAction\":[{\"@type\":\"SearchAction\",\"target\":{\"@type\":\"EntryPoint\",\"urlTemplate\":\"https:\/\/www.unirufa.it\/?s={search_term_string}\"},\"query-input\":{\"@type\":\"PropertyValueSpecification\",\"valueRequired\":true,\"valueName\":\"search_term_string\"}}],\"inLanguage\":\"es\"}]}<\/script>\n<!-- \/ Yoast SEO plugin. -->","yoast_head_json":{"title":"Beca \u2013 T\u00edtulo Acad\u00e9mico de Primer Nivel \u2013 Dise\u00f1o de Moda Sostenible - RUFA - Rome University of Fine Arts","robots":{"index":"index","follow":"follow","max-snippet":"max-snippet:-1","max-image-preview":"max-image-preview:large","max-video-preview":"max-video-preview:-1"},"canonical":"https:\/\/www.unirufa.it\/borsa-di-studio-diploma-accademico-primo-livello-fashion-design-sostenibile\/","og_locale":"es_ES","og_type":"article","og_title":"Beca \u2013 T\u00edtulo Acad\u00e9mico de Primer Nivel \u2013 Dise\u00f1o de Moda Sostenible - RUFA - Rome University of Fine Arts","og_description":"La pr\u00f3xima convocatoria se publicar\u00e1 en esta p\u00e1gina. LOS 2 BOLSOS EST\u00c1N RESERVADOS S\u00d3LO PARA EL CURSO DE DISE\u00d1O DE MODA SOSTENIBLE. Tenga en cuenta: no se tendr\u00e1n en cuenta todas las solicitudes enviadas fuera de plazo. A efectos del concurso, los alumnos con derecho a INSCRIPCI\u00d3N DIRECTA deber\u00e1n estar matriculados en la Academia en...","og_url":"https:\/\/www.unirufa.it\/borsa-di-studio-diploma-accademico-primo-livello-fashion-design-sostenibile\/","og_site_name":"RUFA - Rome University of Fine Arts","article_modified_time":"2025-09-29T09:51:56+00:00","og_image":[{"width":230,"height":149,"url":"https:\/\/www.unirufa.it\/wp-content\/uploads\/2017\/11\/logo-rufa-2016.png","type":"image\/png"}],"twitter_misc":{"Tiempo de lectura":"2 minutos"},"schema":{"@context":"https:\/\/schema.org","@graph":[{"@type":"WebPage","@id":"https:\/\/www.unirufa.it\/borsa-di-studio-diploma-accademico-primo-livello-fashion-design-sostenibile\/","url":"https:\/\/www.unirufa.it\/borsa-di-studio-diploma-accademico-primo-livello-fashion-design-sostenibile\/","name":"Beca \u2013 T\u00edtulo Acad\u00e9mico de Primer Nivel \u2013 Dise\u00f1o de Moda Sostenible - RUFA - Rome University of Fine Arts","isPartOf":{"@id":"https:\/\/www.unirufa.it\/#website"},"datePublished":"2025-07-24T09:00:22+00:00","dateModified":"2025-09-29T09:51:56+00:00","breadcrumb":{"@id":"https:\/\/www.unirufa.it\/borsa-di-studio-diploma-accademico-primo-livello-fashion-design-sostenibile\/#breadcrumb"},"inLanguage":"es","potentialAction":[{"@type":"ReadAction","target":["https:\/\/www.unirufa.it\/borsa-di-studio-diploma-accademico-primo-livello-fashion-design-sostenibile\/"]}]},{"@type":"BreadcrumbList","@id":"https:\/\/www.unirufa.it\/borsa-di-studio-diploma-accademico-primo-livello-fashion-design-sostenibile\/#breadcrumb","itemListElement":[{"@type":"ListItem","position":1,"name":"Home","item":"https:\/\/www.unirufa.it\/"},{"@type":"ListItem","position":2,"name":"Borsa di studio \u2013 Diploma accademico primo livello &#8211; Fashion Design Sostenibile"}]},{"@type":"WebSite","@id":"https:\/\/www.unirufa.it\/#website","url":"https:\/\/www.unirufa.it\/","name":"RUFA - Rome University of Fine Arts","description":"","potentialAction":[{"@type":"SearchAction","target":{"@type":"EntryPoint","urlTemplate":"https:\/\/www.unirufa.it\/?s={search_term_string}"},"query-input":{"@type":"PropertyValueSpecification","valueRequired":true,"valueName":"search_term_string"}}],"inLanguage":"es"}]}},"_links":{"self":[{"href":"https:\/\/www.unirufa.it\/es\/wp-json\/wp\/v2\/pages\/147057","targetHints":{"allow":["GET"]}}],"collection":[{"href":"https:\/\/www.unirufa.it\/es\/wp-json\/wp\/v2\/pages"}],"about":[{"href":"https:\/\/www.unirufa.it\/es\/wp-json\/wp\/v2\/types\/page"}],"author":[{"embeddable":true,"href":"https:\/\/www.unirufa.it\/es\/wp-json\/wp\/v2\/users\/39"}],"replies":[{"embeddable":true,"href":"https:\/\/www.unirufa.it\/es\/wp-json\/wp\/v2\/comments?post=147057"}],"version-history":[{"count":4,"href":"https:\/\/www.unirufa.it\/es\/wp-json\/wp\/v2\/pages\/147057\/revisions"}],"predecessor-version":[{"id":148228,"href":"https:\/\/www.unirufa.it\/es\/wp-json\/wp\/v2\/pages\/147057\/revisions\/148228"}],"wp:attachment":[{"href":"https:\/\/www.unirufa.it\/es\/wp-json\/wp\/v2\/media?parent=147057"}],"curies":[{"name":"wp","href":"https:\/\/api.w.org\/{rel}","templated":true}]}}