


{"id":147204,"date":"2025-07-30T13:31:02","date_gmt":"2025-07-30T11:31:02","guid":{"rendered":"https:\/\/www.unirufa.it\/?page_id=147204"},"modified":"2026-03-25T21:59:13","modified_gmt":"2026-03-25T20:59:13","slug":"scultura-corso-breve","status":"publish","type":"page","link":"https:\/\/www.unirufa.it\/es\/offerta-formativa\/corsi-brevi\/laboratorio-creativo\/scultura-corso-breve\/","title":{"rendered":"Fondamenti di Scultura"},"content":{"rendered":"<p class=\"qtranxs-available-languages-message qtranxs-available-languages-message-es\">Disculpa, pero esta entrada est\u00e1 disponible s\u00f3lo en <a href=\"https:\/\/www.unirufa.it\/it\/wp-json\/wp\/v2\/pages\/147204\" class=\"qtranxs-available-language-link qtranxs-available-language-link-it\" title=\"IT\">IT<\/a> y <a href=\"https:\/\/www.unirufa.it\/en\/wp-json\/wp\/v2\/pages\/147204\" class=\"qtranxs-available-language-link qtranxs-available-language-link-en\" title=\"EN\">EN<\/a>.<\/p>&nbsp;<\/p>\n<h4>Perch\u00e9 un corso di scultura?<\/h4>\n<p>Perch\u00e9 la scultura \u00e8 uno spazio di pensiero prima ancora che di forma. \u00c8 il luogo in cui l\u2019idea prende corpo attraverso il confronto diretto con la materia, il peso, il volume e il vuoto. Un corso di scultura non si limita all\u2019apprendimento di una tecnica, ma propone un\u2019esperienza di ricerca, in cui il fare \u00e8 sempre inseparabile dal pensare.<br \/>\nIl corso non mira alla riproducibilit\u00e0 n\u00e9 all\u2019utilit\u00e0, ma all\u2019esplorazione di un linguaggio personale, critico e contemporaneo. La materia non \u00e8 un fine, ma un mezzo attraverso cui interrogare lo spazio, il gesto e il senso.<br \/>\nIl corso si rivolge a chi desidera avvicinarsi alla scultura come pratica artistica, a studenti, artisti emergenti, professionisti creativi o appassionati che intendono sviluppare uno sguardo consapevole sulla forma tridimensionale. Non sono richieste competenze tecniche avanzate, ma curiosit\u00e0, disponibilit\u00e0 alla sperimentazione e interesse per un percorso che unisce pratica, riflessione e ricerca individuale.<br \/>\nPer motivi tecnici non \u00e8 prevista la tecnica della ceramica.<\/p>\n\n    <div class=\"panel-group\" id=\"accordion\" role=\"tablist\" aria-multiselectable=\"true\">\n        \n\n<article class=\"panel panel-default\" role=\"article\" itemscope itemtype=\"http:\/\/schema.org\/BlogPosting\">\n    <div class=\"panel-heading\" role=\"tab\" id=\"heading1\">\n\t    <h4 class=\"panel-title\">\n\t        <a class=\"collapsed\" role=\"button\" data-toggle=\"collapse\" data-parent=\"#accordion\" href=\"#collapse1\" aria-expanded=\"false\" aria-controls=\"collapse1\" itemprop=\"headline\"><strong>INFORMAZIONI GENERALI<\/strong>\t        \t<span class=\"courses\">\n                 \n\t        \t<\/span>\n\t        <\/a>\n\t    <\/h4>\n\t<\/div>\n<\/article>\n\n\n    <div id=\"collapse1\" class=\"panel-collapse collapse \" role=\"tabpanel\" aria-labelledby=\"heading1\">\n        <div class=\"panel-body\" itemprop=\"articleBody\">\n            <div class=\"item-description\">\n                \n<p><strong>Proroga:<\/strong> la partenza del corso \u00e8 stata prorogata all&#8217;11 aprile<br \/>\n<strong>Tipologia corso: <\/strong>gruppo &#8211; in presenza<br \/>\n<strong>Partecipanti:<\/strong> Max 15<br \/>\n<strong>Frequenza:<\/strong> settimanale, di sabato dalle 14.30 alle 18.30<br \/>\n<strong>Durata<\/strong>: 8 lezioni \u2013 totale 32 ore<br \/>\n<strong>Costo<\/strong>:  \u20ac 490,00 &#8211;  in caso di rateizzazione, caparra di \u20ac100,00 all&#8217;atto di iscrizione<br \/>\n<strong>Materiali:<\/strong> da acquistare a carico dello studente<br \/>\n<strong>Requisiti\/supporti:<\/strong> nessuno<br \/>\n<strong>Lingua:<\/strong> Italiano<br \/>\n<strong>Docente:<\/strong> Davide Miceli<br \/>\n<strong>Sede:<\/strong> RUFA \u2013 Via Degli Ausoni, 7 \u2013 Roma, Aula Scultura<br \/>\n<strong>Apertura iscrizioni:<\/strong> 5 ottobre 2025<br \/>\n<strong>Chiusura iscrizioni:<\/strong> 23 marzo 2026<\/p>\n            <\/div>\n        <\/div>\n    <\/div>\n    \n\n<article class=\"panel panel-default\" role=\"article\" itemscope itemtype=\"http:\/\/schema.org\/BlogPosting\">\n    <div class=\"panel-heading\" role=\"tab\" id=\"heading3\">\n\t    <h4 class=\"panel-title\">\n\t        <a class=\"collapsed\" role=\"button\" data-toggle=\"collapse\" data-parent=\"#accordion\" href=\"#collapse3\" aria-expanded=\"false\" aria-controls=\"collapse3\" itemprop=\"headline\"><strong>PROGRAMMA DEL CORSO<\/strong>\t        \t<span class=\"courses\">\n                 \n\t        \t<\/span>\n\t        <\/a>\n\t    <\/h4>\n\t<\/div>\n<\/article>\n\n\n    <div id=\"collapse3\" class=\"panel-collapse collapse \" role=\"tabpanel\" aria-labelledby=\"heading3\">\n        <div class=\"panel-body\" itemprop=\"articleBody\">\n            <div class=\"item-description\">\n                \n<p>Il corso breve di scultura accompagna gli studenti in un percorso pratico e intensivo dedicato alla modellazione in argilla che parte dall&#8217; osservazione del modello dal vero fino ad arrivare alla realizzazione di opere personali. Attraverso lo studio dei volumi e delle proporzioni, e un\u2019introduzione alle tecniche di stampo in gesso, il corso offre strumenti fondamentali per comprendere il processo scultoreo. Il programma \u00e8 arricchito da un intervento speciale di <strong><a href=\"https:\/\/www.youtube.com\/watch?v=DYYfFWZJrqA\" target=\"_blank\">Davide Dormino<\/a><\/strong>, docente RUFA e artista visivo, sul tema della scultura come arte pubblica, e si conclude con un progetto a soggetto libero che stimola la ricerca e l\u2019espressione individuale.<\/p>\n<p><strong>STRUTTURA DEL CORSO:<\/strong><br \/>\n<strong>Prima lezione<\/strong><br \/>\nLezione con modello dal vero.<br \/>\nGli studenti lavoreranno sull\u2019osservazione del soggetto partendo dalla sua riproduzione attraverso il disegno e la fotografia: saranno il materiale di riferimento per le lezioni successive dedicate al ritratto scultoreo.<\/p>\n<p><strong>Seconda e terza lezione<\/strong><br \/>\nInizio della modellazione in argilla del ritratto.<br \/>\nGli studenti avranno tempo a disposizione per sviluppare e approfondire il lavoro scultoreo.<\/p>\n<p><strong>Quarta lezione <\/strong><br \/>\nIntervento speciale di Davide Dormino, sul tema arte e attivismo.<br \/>\nA seguire: ultimi ritocchi al ritratto in argilla e considerazioni finali sui lavori realizzati.<\/p>\n<p><strong>Quinta e sesta lezione<\/strong><br \/>\nDimostrazione pratica della tecnica dello stampo in gesso.<br \/>\nSuccessivamente gli studenti realizzeranno piccoli oggetti a forma semplice o bassorilievi, dai quali produrranno uno stampo apribile per ottenere una o pi\u00f9 copie.<\/p>\n<p><strong>Settima e ottava lezione<\/strong><br \/>\nSoggetto libero.<br \/>\nOgni studente proporr\u00e0 un proprio soggetto (persona, animale o oggetto) da tentare di riprodurre in argilla, mettendo in pratica le competenze acquisite durante il corso.<\/p>\n            <\/div>\n        <\/div>\n    <\/div>\n    \n\n<article class=\"panel panel-default\" role=\"article\" itemscope itemtype=\"http:\/\/schema.org\/BlogPosting\">\n    <div class=\"panel-heading\" role=\"tab\" id=\"heading7\">\n\t    <h4 class=\"panel-title\">\n\t        <a class=\"collapsed\" role=\"button\" data-toggle=\"collapse\" data-parent=\"#accordion\" href=\"#collapse7\" aria-expanded=\"false\" aria-controls=\"collapse7\" itemprop=\"headline\"><strong>CALENDARIO<\/strong>\t        \t<span class=\"courses\">\n                 \n\t        \t<\/span>\n\t        <\/a>\n\t    <\/h4>\n\t<\/div>\n<\/article>\n\n\n    <div id=\"collapse7\" class=\"panel-collapse collapse \" role=\"tabpanel\" aria-labelledby=\"heading7\">\n        <div class=\"panel-body\" itemprop=\"articleBody\">\n            <div class=\"item-description\">\n                \n<p>11 aprile 2026<br \/>\n18 aprile 2026<br \/>\n9 maggio 2026<br \/>\n16 maggio 2026<br \/>\n23 maggio 2026<br \/>\n30 maggio 2026<br \/>\n6 giugno 2026<br \/>\n13 giugno 2026<\/p>\n<h5>Eventuale recupero*<\/h5>\n<p>20 giugno 2026<\/p>\n<h6>*Per \u201crecuperi\u201d si intendono date aggiuntive proposte da RUFA qualora, per cause dipendenti dal docente, dall\u2019Accademia o da forza maggiore, una qualunque data venisse cancellata. Non sono previsti recuperi in caso di assenze da parte degli studenti.<\/h6>\n            <\/div>\n        <\/div>\n    <\/div>\n    \n\n<article class=\"panel panel-default\" role=\"article\" itemscope itemtype=\"http:\/\/schema.org\/BlogPosting\">\n    <div class=\"panel-heading\" role=\"tab\" id=\"heading4\">\n\t    <h4 class=\"panel-title\">\n\t        <a class=\"collapsed\" role=\"button\" data-toggle=\"collapse\" data-parent=\"#accordion\" href=\"#collapse4\" aria-expanded=\"false\" aria-controls=\"collapse4\" itemprop=\"headline\"><strong>DOCENTE - DAVIDE MICELI <\/strong>\t        \t<span class=\"courses\">\n                 \n\t        \t<\/span>\n\t        <\/a>\n\t    <\/h4>\n\t<\/div>\n<\/article>\n\n\n    <div id=\"collapse4\" class=\"panel-collapse collapse \" role=\"tabpanel\" aria-labelledby=\"heading4\">\n        <div class=\"panel-body\" itemprop=\"articleBody\">\n            <div class=\"item-description\">\n                \n<div class=\"col-md-3\">\n<a href=\"https:\/\/www.unirufa.it\/wp-content\/uploads\/2025\/07\/BIO-DAVIDE-MICELI.jpg\"><img decoding=\"async\" class=\"alignnone size-medium wp-image-30173\" src=\"https:\/\/www.unirufa.it\/wp-content\/uploads\/2025\/07\/BIO-DAVIDE-MICELI.jpg\" alt=\"\" width=\"100%\" height=\"auto\"\/><\/a>\n <\/div>\n<div class=\"col-md-9\">\n<p>Artista romano attivo nel campo della scultura e della grafica d\u2019arte, Miceli si \u00e8 formato presso RUFA, dove ha conseguito la laurea in Scultura (2023) e in Grafica d\u2019Arte (2024). La sua ricerca artistica si muove con naturalezza tra discipline diverse, con un percorso che include mostre personali e collettive, residenze d\u2019artista e partecipazioni a concorsi di alto profilo. Ha collaborato come tecnico specializzato con artisti di rilievo internazionale, tra cui Giuseppe Gallo e Adam McEwen.<br \/>\nParallelamente alla sua produzione artistica, \u00e8 attivo in ambito accademico presso la stessa RUFA, dove affianca Davide Dormino alla cattedra di Scultura e Maria Pina e Gianna Bentivenga alla cattedra di Grafica d\u2019Arte.<br \/>\nNel 2024 ha condotto il workshop Roman Post-Cards, incentrato sulla litografia sintetica, rivolto a una classe dell\u2019American Academy in Rome. Con i Corsi Brevi RUFA, inizia ufficialmente la sua attivit\u00e0 come docente.<br \/>\nCollabora stabilmente con la galleria Lorcan O\u2019Neill, per la quale cura l\u2019allestimento di mostre e installazioni di artisti di fama internazionale.<\/p>\n<\/div>\n            <\/div>\n        <\/div>\n    <\/div>\n    \n\n<article class=\"panel panel-default\" role=\"article\" itemscope itemtype=\"http:\/\/schema.org\/BlogPosting\">\n    <div class=\"panel-heading\" role=\"tab\" id=\"heading5\">\n\t    <h4 class=\"panel-title\">\n\t        <a class=\"collapsed\" role=\"button\" data-toggle=\"collapse\" data-parent=\"#accordion\" href=\"#collapse5\" aria-expanded=\"false\" aria-controls=\"collapse5\" itemprop=\"headline\"><strong>AGEVOLAZIONI<\/strong>\t        \t<span class=\"courses\">\n                 \n\t        \t<\/span>\n\t        <\/a>\n\t    <\/h4>\n\t<\/div>\n<\/article>\n\n\n    <div id=\"collapse5\" class=\"panel-collapse collapse \" role=\"tabpanel\" aria-labelledby=\"heading5\">\n        <div class=\"panel-body\" itemprop=\"articleBody\">\n            <div class=\"item-description\">\n                \n<p><strong> Studenti e Alumni RUFA:<\/strong> agevolazione del 50%<br \/>\n<strong>Ex studenti Corsi Brevi e Summer RUFA 2024\u201325:<\/strong> agevolazione del 10%<br \/>\n<strong>Studenti universitari:<\/strong> agevolazione del 5% (previa esibizione del libretto universitario)<br \/>\n<strong>Pacchetto corsi\/gruppi\/famiglia:<\/strong> contatta <a href=\"mailto:corsibrevi@unirufa.it\">corsibrevi@unirufa.it<\/a> per soluzioni personalizzate<\/p>\n<p>Per tutti gli iscritti, senza necessit\u00e0 di requisiti particolari, sono disponibili agevolazioni in base alla data di iscrizione:<br \/>\n<strong>Very Early Bird:<\/strong> entro il 31 dicembre \u2192 \u20ac416,5 (\u201315%)<br \/>\n<strong>Early Bird:<\/strong> dal 1\u00b0 gennaio al 10 febbraio \u2192 \u20ac441,0 (\u201310%)<\/p>\n<p>Tutti gli studenti in possesso di certificazione ai sensi della <strong>Legge 104\/92<\/strong> hanno diritto a <strong>un\u2019agevolazione del 20%<\/strong> sulla quota di iscrizione, indipendentemente dalla fascia temporale scelta. Per richiederla, \u00e8 necessario inviare la documentazione alla segreteria all\u2019indirizzo <a href=\"mailto:corsibrevi@unirufa.it\" target=\"_blank\">corsibrevi@unirufa.it<\/a>.<br \/>\n<strong>L\u2019iscrizione a un corso breve d\u00e0 diritto, per il mese in cui si svolge il corso, ad accedere ad alcune convenzioni attive con esercizi commerciali.<\/strong><br \/>\nLe agevolazioni riguardano sia l\u2019acquisto di materiali creativi che le pause pranzo presso locali situati nei pressi dei campus.<br \/>\nOgni anno la Segreteria Corsi Brevi fornir\u00e0 un elenco delle attivit\u00e0 convenzionate.<\/p>\n            <\/div>\n        <\/div>\n    <\/div>\n    \n    <\/div>\n    \n<p>&nbsp;<\/p>\n<h3>Per informazioni sul corso compila il form e verrai ricontattato.<\/h3>\n\n\t\t\t\t\t<script>\n\t\t\t\t\t\twindow.hsFormsOnReady = window.hsFormsOnReady || [];\n\t\t\t\t\t\twindow.hsFormsOnReady.push(()=>{\n\t\t\t\t\t\t\thbspt.forms.create({\n\t\t\t\t\t\t\t\tportalId: 147413364,\n\t\t\t\t\t\t\t\tformId: \"5e4a4620-79b0-40df-9e78-0ca45b6d4b14\",\n\t\t\t\t\t\t\t\ttarget: \"#hbspt-form-1776197987000-4067774915\",\n\t\t\t\t\t\t\t\tregion: \"eu1\",\n\t\t\t\t\t\t\t\t\n\t\t\t\t\t\t})});\n\t\t\t\t\t<\/script>\n\t\t\t\t\t<div class=\"hbspt-form\" id=\"hbspt-form-1776197987000-4067774915\"><\/div>\n<p>&nbsp;","protected":false},"excerpt":{"rendered":"<p>Disculpa, pero esta entrada est\u00e1 disponible s\u00f3lo en IT y EN.&nbsp; Perch\u00e9 un corso di scultura? Perch\u00e9 la scultura \u00e8 uno spazio di pensiero prima ancora che di forma. \u00c8 il luogo in cui l\u2019idea prende corpo attraverso il confronto diretto con la materia, il peso, il volume e il vuoto. Un corso di scultura&#8230;<\/p>\n","protected":false},"author":28,"featured_media":0,"parent":10850,"menu_order":0,"comment_status":"closed","ping_status":"closed","template":"page_short_course.php","meta":{"content-type":"","footnotes":""},"class_list":["post-147204","page","type-page","status-publish","hentry"],"yoast_head":"<!-- This site is optimized with the Yoast SEO plugin v24.2 - https:\/\/yoast.com\/wordpress\/plugins\/seo\/ -->\n<title>Fondamenti di Scultura - RUFA - Rome University of Fine Arts<\/title>\n<meta name=\"robots\" content=\"index, follow, max-snippet:-1, max-image-preview:large, max-video-preview:-1\" \/>\n<link rel=\"canonical\" href=\"https:\/\/www.unirufa.it\/offerta-formativa\/corsi-brevi\/laboratorio-creativo\/scultura-corso-breve\/\" \/>\n<meta property=\"og:locale\" content=\"es_ES\" \/>\n<meta property=\"og:type\" content=\"article\" \/>\n<meta property=\"og:title\" content=\"Fondamenti di Scultura - RUFA - Rome University of Fine Arts\" \/>\n<meta property=\"og:description\" content=\"Disculpa, pero esta entrada est\u00e1 disponible s\u00f3lo en IT y EN.&nbsp; Perch\u00e9 un corso di scultura? Perch\u00e9 la scultura \u00e8 uno spazio di pensiero prima ancora che di forma. \u00c8 il luogo in cui l\u2019idea prende corpo attraverso il confronto diretto con la materia, il peso, il volume e il vuoto. Un corso di scultura...\" \/>\n<meta property=\"og:url\" content=\"https:\/\/www.unirufa.it\/offerta-formativa\/corsi-brevi\/laboratorio-creativo\/scultura-corso-breve\/\" \/>\n<meta property=\"og:site_name\" content=\"RUFA - Rome University of Fine Arts\" \/>\n<meta property=\"article:modified_time\" content=\"2026-03-25T20:59:13+00:00\" \/>\n<meta property=\"og:image\" content=\"https:\/\/www.unirufa.it\/wp-content\/uploads\/2025\/07\/BIO-DAVIDE-MICELI.jpg\" \/>\n<meta name=\"twitter:label1\" content=\"Tiempo de lectura\" \/>\n\t<meta name=\"twitter:data1\" content=\"11 minutos\" \/>\n<script type=\"application\/ld+json\" class=\"yoast-schema-graph\">{\"@context\":\"https:\/\/schema.org\",\"@graph\":[{\"@type\":\"WebPage\",\"@id\":\"https:\/\/www.unirufa.it\/offerta-formativa\/corsi-brevi\/laboratorio-creativo\/scultura-corso-breve\/\",\"url\":\"https:\/\/www.unirufa.it\/offerta-formativa\/corsi-brevi\/laboratorio-creativo\/scultura-corso-breve\/\",\"name\":\"Fondamenti di Scultura - RUFA - Rome University of Fine Arts\",\"isPartOf\":{\"@id\":\"https:\/\/www.unirufa.it\/#website\"},\"primaryImageOfPage\":{\"@id\":\"https:\/\/www.unirufa.it\/offerta-formativa\/corsi-brevi\/laboratorio-creativo\/scultura-corso-breve\/#primaryimage\"},\"image\":{\"@id\":\"https:\/\/www.unirufa.it\/offerta-formativa\/corsi-brevi\/laboratorio-creativo\/scultura-corso-breve\/#primaryimage\"},\"thumbnailUrl\":\"https:\/\/www.unirufa.it\/wp-content\/uploads\/2025\/07\/BIO-DAVIDE-MICELI.jpg\",\"datePublished\":\"2025-07-30T11:31:02+00:00\",\"dateModified\":\"2026-03-25T20:59:13+00:00\",\"breadcrumb\":{\"@id\":\"https:\/\/www.unirufa.it\/offerta-formativa\/corsi-brevi\/laboratorio-creativo\/scultura-corso-breve\/#breadcrumb\"},\"inLanguage\":\"es\",\"potentialAction\":[{\"@type\":\"ReadAction\",\"target\":[\"https:\/\/www.unirufa.it\/offerta-formativa\/corsi-brevi\/laboratorio-creativo\/scultura-corso-breve\/\"]}]},{\"@type\":\"ImageObject\",\"inLanguage\":\"es\",\"@id\":\"https:\/\/www.unirufa.it\/offerta-formativa\/corsi-brevi\/laboratorio-creativo\/scultura-corso-breve\/#primaryimage\",\"url\":\"https:\/\/www.unirufa.it\/wp-content\/uploads\/2025\/07\/BIO-DAVIDE-MICELI.jpg\",\"contentUrl\":\"https:\/\/www.unirufa.it\/wp-content\/uploads\/2025\/07\/BIO-DAVIDE-MICELI.jpg\"},{\"@type\":\"BreadcrumbList\",\"@id\":\"https:\/\/www.unirufa.it\/offerta-formativa\/corsi-brevi\/laboratorio-creativo\/scultura-corso-breve\/#breadcrumb\",\"itemListElement\":[{\"@type\":\"ListItem\",\"position\":1,\"name\":\"Home\",\"item\":\"https:\/\/www.unirufa.it\/\"},{\"@type\":\"ListItem\",\"position\":2,\"name\":\"Offerta formativa\",\"item\":\"https:\/\/www.unirufa.it\/offerta-formativa\/\"},{\"@type\":\"ListItem\",\"position\":3,\"name\":\"Corsi Brevi\",\"item\":\"https:\/\/www.unirufa.it\/offerta-formativa\/corsi-brevi\/\"},{\"@type\":\"ListItem\",\"position\":4,\"name\":\"Laboratorio Creativo\",\"item\":\"https:\/\/www.unirufa.it\/offerta-formativa\/corsi-brevi\/laboratorio-creativo\/\"},{\"@type\":\"ListItem\",\"position\":5,\"name\":\"Fondamenti di Scultura\"}]},{\"@type\":\"WebSite\",\"@id\":\"https:\/\/www.unirufa.it\/#website\",\"url\":\"https:\/\/www.unirufa.it\/\",\"name\":\"RUFA - Rome University of Fine Arts\",\"description\":\"\",\"potentialAction\":[{\"@type\":\"SearchAction\",\"target\":{\"@type\":\"EntryPoint\",\"urlTemplate\":\"https:\/\/www.unirufa.it\/?s={search_term_string}\"},\"query-input\":{\"@type\":\"PropertyValueSpecification\",\"valueRequired\":true,\"valueName\":\"search_term_string\"}}],\"inLanguage\":\"es\"}]}<\/script>\n<!-- \/ Yoast SEO plugin. -->","yoast_head_json":{"title":"Fondamenti di Scultura - RUFA - Rome University of Fine Arts","robots":{"index":"index","follow":"follow","max-snippet":"max-snippet:-1","max-image-preview":"max-image-preview:large","max-video-preview":"max-video-preview:-1"},"canonical":"https:\/\/www.unirufa.it\/offerta-formativa\/corsi-brevi\/laboratorio-creativo\/scultura-corso-breve\/","og_locale":"es_ES","og_type":"article","og_title":"Fondamenti di Scultura - RUFA - Rome University of Fine Arts","og_description":"Disculpa, pero esta entrada est\u00e1 disponible s\u00f3lo en IT y EN.&nbsp; Perch\u00e9 un corso di scultura? Perch\u00e9 la scultura \u00e8 uno spazio di pensiero prima ancora che di forma. \u00c8 il luogo in cui l\u2019idea prende corpo attraverso il confronto diretto con la materia, il peso, il volume e il vuoto. Un corso di scultura...","og_url":"https:\/\/www.unirufa.it\/offerta-formativa\/corsi-brevi\/laboratorio-creativo\/scultura-corso-breve\/","og_site_name":"RUFA - Rome University of Fine Arts","article_modified_time":"2026-03-25T20:59:13+00:00","og_image":[{"url":"https:\/\/www.unirufa.it\/wp-content\/uploads\/2025\/07\/BIO-DAVIDE-MICELI.jpg","type":"","width":"","height":""}],"twitter_misc":{"Tiempo de lectura":"11 minutos"},"schema":{"@context":"https:\/\/schema.org","@graph":[{"@type":"WebPage","@id":"https:\/\/www.unirufa.it\/offerta-formativa\/corsi-brevi\/laboratorio-creativo\/scultura-corso-breve\/","url":"https:\/\/www.unirufa.it\/offerta-formativa\/corsi-brevi\/laboratorio-creativo\/scultura-corso-breve\/","name":"Fondamenti di Scultura - RUFA - Rome University of Fine Arts","isPartOf":{"@id":"https:\/\/www.unirufa.it\/#website"},"primaryImageOfPage":{"@id":"https:\/\/www.unirufa.it\/offerta-formativa\/corsi-brevi\/laboratorio-creativo\/scultura-corso-breve\/#primaryimage"},"image":{"@id":"https:\/\/www.unirufa.it\/offerta-formativa\/corsi-brevi\/laboratorio-creativo\/scultura-corso-breve\/#primaryimage"},"thumbnailUrl":"https:\/\/www.unirufa.it\/wp-content\/uploads\/2025\/07\/BIO-DAVIDE-MICELI.jpg","datePublished":"2025-07-30T11:31:02+00:00","dateModified":"2026-03-25T20:59:13+00:00","breadcrumb":{"@id":"https:\/\/www.unirufa.it\/offerta-formativa\/corsi-brevi\/laboratorio-creativo\/scultura-corso-breve\/#breadcrumb"},"inLanguage":"es","potentialAction":[{"@type":"ReadAction","target":["https:\/\/www.unirufa.it\/offerta-formativa\/corsi-brevi\/laboratorio-creativo\/scultura-corso-breve\/"]}]},{"@type":"ImageObject","inLanguage":"es","@id":"https:\/\/www.unirufa.it\/offerta-formativa\/corsi-brevi\/laboratorio-creativo\/scultura-corso-breve\/#primaryimage","url":"https:\/\/www.unirufa.it\/wp-content\/uploads\/2025\/07\/BIO-DAVIDE-MICELI.jpg","contentUrl":"https:\/\/www.unirufa.it\/wp-content\/uploads\/2025\/07\/BIO-DAVIDE-MICELI.jpg"},{"@type":"BreadcrumbList","@id":"https:\/\/www.unirufa.it\/offerta-formativa\/corsi-brevi\/laboratorio-creativo\/scultura-corso-breve\/#breadcrumb","itemListElement":[{"@type":"ListItem","position":1,"name":"Home","item":"https:\/\/www.unirufa.it\/"},{"@type":"ListItem","position":2,"name":"Offerta formativa","item":"https:\/\/www.unirufa.it\/offerta-formativa\/"},{"@type":"ListItem","position":3,"name":"Corsi Brevi","item":"https:\/\/www.unirufa.it\/offerta-formativa\/corsi-brevi\/"},{"@type":"ListItem","position":4,"name":"Laboratorio Creativo","item":"https:\/\/www.unirufa.it\/offerta-formativa\/corsi-brevi\/laboratorio-creativo\/"},{"@type":"ListItem","position":5,"name":"Fondamenti di Scultura"}]},{"@type":"WebSite","@id":"https:\/\/www.unirufa.it\/#website","url":"https:\/\/www.unirufa.it\/","name":"RUFA - Rome University of Fine Arts","description":"","potentialAction":[{"@type":"SearchAction","target":{"@type":"EntryPoint","urlTemplate":"https:\/\/www.unirufa.it\/?s={search_term_string}"},"query-input":{"@type":"PropertyValueSpecification","valueRequired":true,"valueName":"search_term_string"}}],"inLanguage":"es"}]}},"_links":{"self":[{"href":"https:\/\/www.unirufa.it\/es\/wp-json\/wp\/v2\/pages\/147204","targetHints":{"allow":["GET"]}}],"collection":[{"href":"https:\/\/www.unirufa.it\/es\/wp-json\/wp\/v2\/pages"}],"about":[{"href":"https:\/\/www.unirufa.it\/es\/wp-json\/wp\/v2\/types\/page"}],"author":[{"embeddable":true,"href":"https:\/\/www.unirufa.it\/es\/wp-json\/wp\/v2\/users\/28"}],"replies":[{"embeddable":true,"href":"https:\/\/www.unirufa.it\/es\/wp-json\/wp\/v2\/comments?post=147204"}],"version-history":[{"count":36,"href":"https:\/\/www.unirufa.it\/es\/wp-json\/wp\/v2\/pages\/147204\/revisions"}],"predecessor-version":[{"id":152307,"href":"https:\/\/www.unirufa.it\/es\/wp-json\/wp\/v2\/pages\/147204\/revisions\/152307"}],"up":[{"embeddable":true,"href":"https:\/\/www.unirufa.it\/es\/wp-json\/wp\/v2\/pages\/10850"}],"wp:attachment":[{"href":"https:\/\/www.unirufa.it\/es\/wp-json\/wp\/v2\/media?parent=147204"}],"curies":[{"name":"wp","href":"https:\/\/api.w.org\/{rel}","templated":true}]}}