


{"id":147571,"date":"2025-09-05T08:48:27","date_gmt":"2025-09-05T06:48:27","guid":{"rendered":"https:\/\/www.unirufa.it\/?page_id=147571"},"modified":"2025-10-20T15:38:09","modified_gmt":"2025-10-20T13:38:09","slug":"bozza-progetto-editoriale","status":"publish","type":"page","link":"https:\/\/www.unirufa.it\/es\/bozza-progetto-editoriale\/","title":{"rendered":"BOZZA \u2013 Proyecto Editorial"},"content":{"rendered":"<h2>Narraciones visuales del curso de Graphic Design \u2013 Comics and Illustration<\/h2>\n<p>BOZZA es el proyecto editorial que re\u00fane y narra la experiencia formativa de los estudiantes del curso de diploma acad\u00e9mico de primer nivel en Graphic Design \u2013 Comics and Illustration.<\/p>\n<p>El trabajo surgi\u00f3 de la creaci\u00f3n de <strong>tres redacciones experimentales<\/strong>, en las que los participantes de los cursos de <strong>Graphic Design<\/strong> y <strong>Graphic Design \u2013 Comics and Illustration<\/strong> colaboraron en la selecci\u00f3n de contenidos, la postproducci\u00f3n fotogr\u00e1fica, el dise\u00f1o gr\u00e1fico, la maquetaci\u00f3n y la preparaci\u00f3n de los archivos de impresi\u00f3n.<\/p>\n<p><img loading=\"lazy\" decoding=\"async\" width=\"1050\" height=\"600\" class=\"alignnone size-medium wp-image-147577\" src=\"https:\/\/www.unirufa.it\/wp-content\/uploads\/2025\/09\/RUFA_BOZZA-STUDENTI_COMICS.jpg\" alt=\"Descripci\u00f3n de la imagen\" style=\"max-width:100%; height:auto;\" srcset=\"https:\/\/www.unirufa.it\/wp-content\/uploads\/2025\/09\/RUFA_BOZZA-STUDENTI_COMICS.jpg 1050w, https:\/\/www.unirufa.it\/wp-content\/uploads\/2025\/09\/RUFA_BOZZA-STUDENTI_COMICS-300x171.jpg 300w, https:\/\/www.unirufa.it\/wp-content\/uploads\/2025\/09\/RUFA_BOZZA-STUDENTI_COMICS-1024x585.jpg 1024w, https:\/\/www.unirufa.it\/wp-content\/uploads\/2025\/09\/RUFA_BOZZA-STUDENTI_COMICS-768x439.jpg 768w\" sizes=\"auto, (max-width: 1050px) 100vw, 1050px\" \/><\/p>\n<p>El resultado es una colecci\u00f3n compuesta por tres revistas, tres desplegables y tres p\u00f3steres, cada uno dedicado a uno de los a\u00f1os acad\u00e9micos del curso. Las publicaciones <strong>recogen una selecci\u00f3n de proyectos acad\u00e9micos<\/strong> desarrollados a lo largo del trienio, con el objetivo de representar de forma visual el enfoque educativo, los procesos creativos y el crecimiento que han caracterizado el recorrido de los estudiantes.<\/p>\n<p>BOZZA es por lo tanto m\u00e1s que un simple producto editorial: es una herramienta para compartir los m\u00e9todos, las experimentaciones y las visiones que nacen en el aula y que se transforman, p\u00e1gina tras p\u00e1gina, en signos tangibles de un camino formativo.<\/p>\n<h2>BOZZA#1<\/h2>\n\n<h2>BOZZA#2<\/h2>\n\n<h2>BOZZA#3<\/h2>\n\n<p>&nbsp;<\/p>\n<p><a id=\"btn-bozza\" style=\"background-color:#007ac9; border-color:#007ac9\" class=\"download-btn\" href=\"https:\/\/drive.google.com\/drive\/folders\/1An3zYSNwYmPQseZ3Ki-_hmvnrqKGFDJT?usp=drive_link\"><font color=\"#ffffff\">DOWNLOAD BOZZA 1, 2 and 3 &#8211; MAGAZINE<\/a><\/font><a id=\"btn-bozza\" style=\"background-color:#007ac9; border-color:#007ac9\" class=\"download-btn\" href=\"https:\/\/drive.google.com\/drive\/folders\/1URGBf7AK_jHmS484oC6CP5yrjfFx6sZS?usp=drive_link\"><font color=\"#ffffff\">DOWNLOAD BOZZA 1, 2 and 3 &#8211; FOGLI<\/a><\/font><\/p>\n<h5>Cr\u00e9ditos:<\/h5>\n<p><strong>Coordinaci\u00f3n:<\/strong> Claudio Spuri<br \/>\n<strong>Impresi\u00f3n:<\/strong> Tiburtini<br \/>\n<strong>Tipograf\u00edas:<\/strong><br \/>\nNeon NBL, Sole Sans VF, Capraia, Arzachel (CAST)<br \/>\nPoppins, Jaquard 12 (Google Font)<\/p>\n<h5>Redacci\u00f3n y Dise\u00f1o gr\u00e1fico:<\/h5>\n<div class=\"row\">\n<div class=\"col-sm-12 col-lg-4\">\n<h5>Bozza#1<\/h5>\n<p>Greta Quarta<br \/>\nDenise Haia Zuwaris<br \/>\nGiulia Cecchini<br \/>\nAngelica Cavicchioli<\/p>\n<\/div>\n<div class=\"col-sm-12 col-lg-4\">\n<h5>Bozza#2<\/h5>\n<p>Giulia D\u2019Andrea<br \/>\nChiara De Siena<br \/>\nAndrea Falocco<br \/>\nSjria Fusacchia<br \/>\nGiulio Tavormina<\/p>\n<\/div>\n<div class=\"col-sm-12 col-lg-4\">\n<h5>Bozza#3<\/h5>\n<p>Francesco Adami<br \/>\nLeonardo Borri<br \/>\nVittoria Fornari<br \/>\nMaria Furlotti<br \/>\nAlice Rossini<\/p>\n<\/div>\n<\/div>\n<p><a id=\"btn-regolamentocorso\" style=\"background-color:#007ac9; border-color:#007ac9\" class=\"download-btn full\" href=\"https:\/\/www.unirufa.it\/offerta-formativa\/corso-i-livello\/comics-and-illustration\/\"><font color=\"#ffffff\">VOLVER AL CURSO COMICS AND ILLUSTRATION<\/a><\/font>","protected":false},"excerpt":{"rendered":"<p>Narraciones visuales del curso de Graphic Design \u2013 Comics and Illustration BOZZA es el proyecto editorial que re\u00fane y narra la experiencia formativa de los estudiantes del curso de diploma acad\u00e9mico de primer nivel en Graphic Design \u2013 Comics and Illustration. El trabajo surgi\u00f3 de la creaci\u00f3n de tres redacciones experimentales, en las que los&#8230;<\/p>\n","protected":false},"author":35,"featured_media":147576,"parent":0,"menu_order":0,"comment_status":"closed","ping_status":"closed","template":"","meta":{"content-type":"","footnotes":""},"class_list":["post-147571","page","type-page","status-publish","has-post-thumbnail","hentry"],"yoast_head":"<!-- This site is optimized with the Yoast SEO plugin v24.2 - https:\/\/yoast.com\/wordpress\/plugins\/seo\/ -->\n<title>BOZZA \u2013 Proyecto Editorial - RUFA - Rome University of Fine Arts<\/title>\n<meta name=\"robots\" content=\"index, follow, max-snippet:-1, max-image-preview:large, max-video-preview:-1\" \/>\n<link rel=\"canonical\" href=\"https:\/\/www.unirufa.it\/bozza-progetto-editoriale\/\" \/>\n<meta property=\"og:locale\" content=\"es_ES\" \/>\n<meta property=\"og:type\" content=\"article\" \/>\n<meta property=\"og:title\" content=\"BOZZA \u2013 Proyecto Editorial - RUFA - Rome University of Fine Arts\" \/>\n<meta property=\"og:description\" content=\"Narraciones visuales del curso de Graphic Design \u2013 Comics and Illustration BOZZA es el proyecto editorial que re\u00fane y narra la experiencia formativa de los estudiantes del curso de diploma acad\u00e9mico de primer nivel en Graphic Design \u2013 Comics and Illustration. El trabajo surgi\u00f3 de la creaci\u00f3n de tres redacciones experimentales, en las que los...\" \/>\n<meta property=\"og:url\" content=\"https:\/\/www.unirufa.it\/bozza-progetto-editoriale\/\" \/>\n<meta property=\"og:site_name\" content=\"RUFA - Rome University of Fine Arts\" \/>\n<meta property=\"article:modified_time\" content=\"2025-10-20T13:38:09+00:00\" \/>\n<meta property=\"og:image\" content=\"https:\/\/www.unirufa.it\/wp-content\/uploads\/2025\/09\/RUFA_BOZZA_PROGETTO_EDITORAIALE_COMICS.jpg\" \/>\n\t<meta property=\"og:image:width\" content=\"1440\" \/>\n\t<meta property=\"og:image:height\" content=\"600\" \/>\n\t<meta property=\"og:image:type\" content=\"image\/jpeg\" \/>\n<meta name=\"twitter:label1\" content=\"Tiempo de lectura\" \/>\n\t<meta name=\"twitter:data1\" content=\"5 minutos\" \/>\n<script type=\"application\/ld+json\" class=\"yoast-schema-graph\">{\"@context\":\"https:\/\/schema.org\",\"@graph\":[{\"@type\":\"WebPage\",\"@id\":\"https:\/\/www.unirufa.it\/bozza-progetto-editoriale\/\",\"url\":\"https:\/\/www.unirufa.it\/bozza-progetto-editoriale\/\",\"name\":\"BOZZA \u2013 Proyecto Editorial - RUFA - Rome University of Fine Arts\",\"isPartOf\":{\"@id\":\"https:\/\/www.unirufa.it\/#website\"},\"primaryImageOfPage\":{\"@id\":\"https:\/\/www.unirufa.it\/bozza-progetto-editoriale\/#primaryimage\"},\"image\":{\"@id\":\"https:\/\/www.unirufa.it\/bozza-progetto-editoriale\/#primaryimage\"},\"thumbnailUrl\":\"https:\/\/www.unirufa.it\/wp-content\/uploads\/2025\/09\/RUFA_BOZZA_PROGETTO_EDITORAIALE_COMICS.jpg\",\"datePublished\":\"2025-09-05T06:48:27+00:00\",\"dateModified\":\"2025-10-20T13:38:09+00:00\",\"breadcrumb\":{\"@id\":\"https:\/\/www.unirufa.it\/bozza-progetto-editoriale\/#breadcrumb\"},\"inLanguage\":\"es\",\"potentialAction\":[{\"@type\":\"ReadAction\",\"target\":[\"https:\/\/www.unirufa.it\/bozza-progetto-editoriale\/\"]}]},{\"@type\":\"ImageObject\",\"inLanguage\":\"es\",\"@id\":\"https:\/\/www.unirufa.it\/bozza-progetto-editoriale\/#primaryimage\",\"url\":\"https:\/\/www.unirufa.it\/wp-content\/uploads\/2025\/09\/RUFA_BOZZA_PROGETTO_EDITORAIALE_COMICS.jpg\",\"contentUrl\":\"https:\/\/www.unirufa.it\/wp-content\/uploads\/2025\/09\/RUFA_BOZZA_PROGETTO_EDITORAIALE_COMICS.jpg\",\"width\":1440,\"height\":600},{\"@type\":\"BreadcrumbList\",\"@id\":\"https:\/\/www.unirufa.it\/bozza-progetto-editoriale\/#breadcrumb\",\"itemListElement\":[{\"@type\":\"ListItem\",\"position\":1,\"name\":\"Home\",\"item\":\"https:\/\/www.unirufa.it\/\"},{\"@type\":\"ListItem\",\"position\":2,\"name\":\"BOZZA \u2013 Progetto Editoriale\"}]},{\"@type\":\"WebSite\",\"@id\":\"https:\/\/www.unirufa.it\/#website\",\"url\":\"https:\/\/www.unirufa.it\/\",\"name\":\"RUFA - Rome University of Fine Arts\",\"description\":\"\",\"potentialAction\":[{\"@type\":\"SearchAction\",\"target\":{\"@type\":\"EntryPoint\",\"urlTemplate\":\"https:\/\/www.unirufa.it\/?s={search_term_string}\"},\"query-input\":{\"@type\":\"PropertyValueSpecification\",\"valueRequired\":true,\"valueName\":\"search_term_string\"}}],\"inLanguage\":\"es\"}]}<\/script>\n<!-- \/ Yoast SEO plugin. -->","yoast_head_json":{"title":"BOZZA \u2013 Proyecto Editorial - RUFA - Rome University of Fine Arts","robots":{"index":"index","follow":"follow","max-snippet":"max-snippet:-1","max-image-preview":"max-image-preview:large","max-video-preview":"max-video-preview:-1"},"canonical":"https:\/\/www.unirufa.it\/bozza-progetto-editoriale\/","og_locale":"es_ES","og_type":"article","og_title":"BOZZA \u2013 Proyecto Editorial - RUFA - Rome University of Fine Arts","og_description":"Narraciones visuales del curso de Graphic Design \u2013 Comics and Illustration BOZZA es el proyecto editorial que re\u00fane y narra la experiencia formativa de los estudiantes del curso de diploma acad\u00e9mico de primer nivel en Graphic Design \u2013 Comics and Illustration. El trabajo surgi\u00f3 de la creaci\u00f3n de tres redacciones experimentales, en las que los...","og_url":"https:\/\/www.unirufa.it\/bozza-progetto-editoriale\/","og_site_name":"RUFA - Rome University of Fine Arts","article_modified_time":"2025-10-20T13:38:09+00:00","og_image":[{"width":1440,"height":600,"url":"https:\/\/www.unirufa.it\/wp-content\/uploads\/2025\/09\/RUFA_BOZZA_PROGETTO_EDITORAIALE_COMICS.jpg","type":"image\/jpeg"}],"twitter_misc":{"Tiempo de lectura":"5 minutos"},"schema":{"@context":"https:\/\/schema.org","@graph":[{"@type":"WebPage","@id":"https:\/\/www.unirufa.it\/bozza-progetto-editoriale\/","url":"https:\/\/www.unirufa.it\/bozza-progetto-editoriale\/","name":"BOZZA \u2013 Proyecto Editorial - RUFA - Rome University of Fine Arts","isPartOf":{"@id":"https:\/\/www.unirufa.it\/#website"},"primaryImageOfPage":{"@id":"https:\/\/www.unirufa.it\/bozza-progetto-editoriale\/#primaryimage"},"image":{"@id":"https:\/\/www.unirufa.it\/bozza-progetto-editoriale\/#primaryimage"},"thumbnailUrl":"https:\/\/www.unirufa.it\/wp-content\/uploads\/2025\/09\/RUFA_BOZZA_PROGETTO_EDITORAIALE_COMICS.jpg","datePublished":"2025-09-05T06:48:27+00:00","dateModified":"2025-10-20T13:38:09+00:00","breadcrumb":{"@id":"https:\/\/www.unirufa.it\/bozza-progetto-editoriale\/#breadcrumb"},"inLanguage":"es","potentialAction":[{"@type":"ReadAction","target":["https:\/\/www.unirufa.it\/bozza-progetto-editoriale\/"]}]},{"@type":"ImageObject","inLanguage":"es","@id":"https:\/\/www.unirufa.it\/bozza-progetto-editoriale\/#primaryimage","url":"https:\/\/www.unirufa.it\/wp-content\/uploads\/2025\/09\/RUFA_BOZZA_PROGETTO_EDITORAIALE_COMICS.jpg","contentUrl":"https:\/\/www.unirufa.it\/wp-content\/uploads\/2025\/09\/RUFA_BOZZA_PROGETTO_EDITORAIALE_COMICS.jpg","width":1440,"height":600},{"@type":"BreadcrumbList","@id":"https:\/\/www.unirufa.it\/bozza-progetto-editoriale\/#breadcrumb","itemListElement":[{"@type":"ListItem","position":1,"name":"Home","item":"https:\/\/www.unirufa.it\/"},{"@type":"ListItem","position":2,"name":"BOZZA \u2013 Progetto Editoriale"}]},{"@type":"WebSite","@id":"https:\/\/www.unirufa.it\/#website","url":"https:\/\/www.unirufa.it\/","name":"RUFA - Rome University of Fine Arts","description":"","potentialAction":[{"@type":"SearchAction","target":{"@type":"EntryPoint","urlTemplate":"https:\/\/www.unirufa.it\/?s={search_term_string}"},"query-input":{"@type":"PropertyValueSpecification","valueRequired":true,"valueName":"search_term_string"}}],"inLanguage":"es"}]}},"_links":{"self":[{"href":"https:\/\/www.unirufa.it\/es\/wp-json\/wp\/v2\/pages\/147571","targetHints":{"allow":["GET"]}}],"collection":[{"href":"https:\/\/www.unirufa.it\/es\/wp-json\/wp\/v2\/pages"}],"about":[{"href":"https:\/\/www.unirufa.it\/es\/wp-json\/wp\/v2\/types\/page"}],"author":[{"embeddable":true,"href":"https:\/\/www.unirufa.it\/es\/wp-json\/wp\/v2\/users\/35"}],"replies":[{"embeddable":true,"href":"https:\/\/www.unirufa.it\/es\/wp-json\/wp\/v2\/comments?post=147571"}],"version-history":[{"count":11,"href":"https:\/\/www.unirufa.it\/es\/wp-json\/wp\/v2\/pages\/147571\/revisions"}],"predecessor-version":[{"id":148819,"href":"https:\/\/www.unirufa.it\/es\/wp-json\/wp\/v2\/pages\/147571\/revisions\/148819"}],"wp:featuredmedia":[{"embeddable":true,"href":"https:\/\/www.unirufa.it\/es\/wp-json\/wp\/v2\/media\/147576"}],"wp:attachment":[{"href":"https:\/\/www.unirufa.it\/es\/wp-json\/wp\/v2\/media?parent=147571"}],"curies":[{"name":"wp","href":"https:\/\/api.w.org\/{rel}","templated":true}]}}