


{"id":149096,"date":"2025-10-28T13:42:03","date_gmt":"2025-10-28T12:42:03","guid":{"rendered":"https:\/\/www.unirufa.it\/?page_id=149096"},"modified":"2026-03-25T22:22:00","modified_gmt":"2026-03-25T21:22:00","slug":"mural-art-rome-in-color","status":"publish","type":"page","link":"https:\/\/www.unirufa.it\/es\/offerta-formativa\/summer-academy\/mural-art-rome-in-color\/","title":{"rendered":"Mural Art: Rome in Color!"},"content":{"rendered":"<p class=\"qtranxs-available-languages-message qtranxs-available-languages-message-es\">Disculpa, pero esta entrada est\u00e1 disponible s\u00f3lo en <a href=\"https:\/\/www.unirufa.it\/it\/wp-json\/wp\/v2\/pages\/149096\" class=\"qtranxs-available-language-link qtranxs-available-language-link-it\" title=\"IT\">IT<\/a> y <a href=\"https:\/\/www.unirufa.it\/en\/wp-json\/wp\/v2\/pages\/149096\" class=\"qtranxs-available-language-link qtranxs-available-language-link-en\" title=\"EN\">EN<\/a>.<\/p><p>&nbsp;<\/p>\n<div class=\"row\">\n<div class=\"col-lg-10\" style=\"background-color: #eeeeee; padding: 30px;\">\n<h3><strong>DIDATTICA IN INGLESE \/ 1 SETTIMANA \/ 6-10 LUGLIO 2026 \/ IN CAMPUS<\/strong><\/h3>\n<\/div>\n<\/div>\n<p>&nbsp;<br \/>\n<strong>Mural Art: Rome in Color!<\/strong> rappresenta un\u2019esperienza unica nel panorama romano: uno dei primi corsi di muralismo offerti da un\u2019universit\u00e0 ufficialmente riconosciuta dal MUR. Non si tratta semplicemente di un laboratorio tecnico di pittura murale, ma di un vero e proprio percorso formativo che indaga l\u2019arte come pratica collettiva e strumento di trasformazione sociale. <\/p>\n<p>L\u2019obiettivo \u00e8 sviluppare competenze artistiche e progettuali capaci di dialogare con lo spazio urbano, dando vita a opere condivise che intrecciano estetica e architettura e che nascono dall\u2019incontro tra creativit\u00e0 individuale e partecipazione comunitaria. In questo corso confluiscono inoltre alcune delle principali vocazioni artistiche e tecniche che caratterizzano RUFA come Accademia: dalla pittura al design, dall\u2019architettura alla performance, in un\u2019esperienza interdisciplinare che amplia le prospettive creative e professionali dei partecipanti.<\/p>\n<p>Al termine del corso, viene rilasciato un attestato di frequenza, a fronte della presenza ad almeno 4 delle 5 lezioni previste, per un eventuale riconoscimento di 2 CFA.<\/p>\n\n    <div class=\"panel-group\" id=\"accordion\" role=\"tablist\" aria-multiselectable=\"true\">\n        \n\n<article class=\"panel panel-default\" role=\"article\" itemscope itemtype=\"http:\/\/schema.org\/BlogPosting\">\n    <div class=\"panel-heading\" role=\"tab\" id=\"heading1\">\n\t    <h4 class=\"panel-title\">\n\t        <a class=\"collapsed\" role=\"button\" data-toggle=\"collapse\" data-parent=\"#accordion\" href=\"#collapse1\" aria-expanded=\"false\" aria-controls=\"collapse1\" itemprop=\"headline\"><strong>INFORMAZIONI GENERALI<\/strong>\t        \t<span class=\"courses\">\n                 \n\t        \t<\/span>\n\t        <\/a>\n\t    <\/h4>\n\t<\/div>\n<\/article>\n\n\n    <div id=\"collapse1\" class=\"panel-collapse collapse \" role=\"tabpanel\" aria-labelledby=\"heading1\">\n        <div class=\"panel-body\" itemprop=\"articleBody\">\n            <div class=\"item-description\">\n                \n<p><strong>Tipologia corso:<\/strong> gruppo \u2013 in presenza<br \/>\n<strong>Partecipanti:<\/strong> Min. 8, Max. 20 | Il programma \u00e8 aperto a studenti universitari di Belle Arti, Storia dell\u2019Arte, Design, Insegnanti delle scuole medie inferiori e superiori, attivisti, professionisti, writers e chiunque abbia a cuore la riqualificazione delle aree urbane.<br \/>\n<strong>Frequenza:<\/strong> dal luned\u00ec al venerd\u00ec, dalle 9 alle 17<br \/>\n<strong>Durata:<\/strong> 6-10 luglio 2026<br \/>\n<strong>Costo:<\/strong> 850\u20ac<br \/>\n<strong>Requisiti\/supporti:<\/strong> Nessun requisito di ingresso. I partecipanti sono invitati a portare il proprio laptop\/tablet per i primi due giorni.<br \/>\n<strong>Lingua:<\/strong> Ai partecipanti \u00e8 richiesta una buona conoscenza della lingua inglese.<br \/>\n<strong>Docente:<\/strong> Clarisse Hermont<br \/>\n<strong>Sede:<\/strong> RUFA \u2013 Via Degli Ausoni 7\/A \u2013 Roma; spazi urbani in via di definizione<br \/>\n<strong>Attestato:<\/strong> Al termine del corso, viene rilasciato un attestato di frequenza, a fronte della presenza ad almeno 4 delle 5 lezioni previste, per l\u2019eventuale riconoscimento di 2 CFA.<\/p>\n            <\/div>\n        <\/div>\n    <\/div>\n    \n\n<article class=\"panel panel-default\" role=\"article\" itemscope itemtype=\"http:\/\/schema.org\/BlogPosting\">\n    <div class=\"panel-heading\" role=\"tab\" id=\"heading3\">\n\t    <h4 class=\"panel-title\">\n\t        <a class=\"collapsed\" role=\"button\" data-toggle=\"collapse\" data-parent=\"#accordion\" href=\"#collapse3\" aria-expanded=\"false\" aria-controls=\"collapse3\" itemprop=\"headline\"><strong>PROGRAMMA DEL CORSO<\/strong>\t        \t<span class=\"courses\">\n                 \n\t        \t<\/span>\n\t        <\/a>\n\t    <\/h4>\n\t<\/div>\n<\/article>\n\n\n    <div id=\"collapse3\" class=\"panel-collapse collapse \" role=\"tabpanel\" aria-labelledby=\"heading3\">\n        <div class=\"panel-body\" itemprop=\"articleBody\">\n            <div class=\"item-description\">\n                \n<p><strong>METODOLOGIA<\/strong><br \/>\nLezioni interattive: presentazioni con slide su teoria, storia e casi studio di murales significativi.<br \/>\nLaboratori pratici: esercizi di progettazione in classe (bozzetti, mock-up) e dimostrazioni pratiche di pittura.<br \/>\nEsercitazione di analisi del sito: visita sul posto a un muro o a uno spazio interno selezionato per lo studio del contesto reale.<br \/>\nLavoro di gruppo e critica: progetti collaborativi con sessioni di feedback tra pari e discussioni di gruppo.<br \/>\nEsecuzione tecnica: traduzione dei progetti su superfici di grandi dimensioni applicando metodi di trasferimento (griglia, proiezione) e utilizzando strumenti e materiali adeguati. Dimostrazione delle competenze nella preparazione e applicazione della pittura su pannelli di 2\u00d72 m (o pareti), osservando le buone pratiche di sicurezza e gestione dei materiali.<br \/>\nPresentazione finale: gli studenti presentano un progetto di murales e un piano operativo, simulando una proposta per un cliente, seguita da una sessione di critica.<\/p>\n<p><strong>OBIETTIVI DEL CORSO<\/strong><br \/>\nIl corso si propone di accompagnare gli studenti alla scoperta dell\u2019arte murale, esplorandone la storia, il ruolo sociale e le molteplici declinazioni contemporanee. Attraverso lezioni teoriche e attivit\u00e0 pratiche, i partecipanti apprenderanno le tecniche fondamentali della pittura su larga scala, acquisendo familiarit\u00e0 con materiali, strumenti e norme di sicurezza indispensabili per operare in contesti reali.<br \/>\nParticolare attenzione sar\u00e0 dedicata allo sviluppo delle competenze progettuali, dalla composizione al colore, dalla prospettiva alle proporzioni, affinando la capacit\u00e0 di trasformare un\u2019idea in un intervento artistico coerente e comunicativo. Gli studenti impareranno inoltre ad analizzare il contesto fisico e urbano di un sito murale \u2014 valutandone scala, materiali, luce, flussi di passaggio e altre variabili \u2014 per adattare il progetto allo spazio che lo accoglier\u00e0.<br \/>\nIl percorso fornir\u00e0 anche strumenti utili alla gestione professionale di un progetto: dalla comunicazione con il cliente alla redazione di proposte, dalla definizione del budget alla pianificazione logistica. Infine, l\u2019esperienza laboratoriale favorir\u00e0 lo sviluppo del lavoro di squadra, del pensiero creativo e della capacit\u00e0 di integrare l\u2019arte con l\u2019architettura e con la dimensione comunitaria degli spazi pubblici.<\/p>\n            <\/div>\n        <\/div>\n    <\/div>\n    \n\n<article class=\"panel panel-default\" role=\"article\" itemscope itemtype=\"http:\/\/schema.org\/BlogPosting\">\n    <div class=\"panel-heading\" role=\"tab\" id=\"heading4\">\n\t    <h4 class=\"panel-title\">\n\t        <a class=\"collapsed\" role=\"button\" data-toggle=\"collapse\" data-parent=\"#accordion\" href=\"#collapse4\" aria-expanded=\"false\" aria-controls=\"collapse4\" itemprop=\"headline\"><strong>DOCENTE - CLARISSE HERMONT<\/strong>\t        \t<span class=\"courses\">\n                 \n\t        \t<\/span>\n\t        <\/a>\n\t    <\/h4>\n\t<\/div>\n<\/article>\n\n\n    <div id=\"collapse4\" class=\"panel-collapse collapse \" role=\"tabpanel\" aria-labelledby=\"heading4\">\n        <div class=\"panel-body\" itemprop=\"articleBody\">\n            <div class=\"item-description\">\n                \n<div class=\"row\">\n<div class=\"col-md-3\">\n<a href=\"https:\/\/www.unirufa.it\/wp-content\/uploads\/2025\/10\/RIDOTTO-CAMILLE-HERMONT-PORTRAIT-scaled.jpg\"><img decoding=\"async\" class=\"alignnone size-medium wp-image-30173\" src=\"https:\/\/www.unirufa.it\/wp-content\/uploads\/2025\/10\/RIDOTTO-CAMILLE-HERMONT-PORTRAIT-scaled.jpg\" alt=\"\" width=\"100%\" height=\"auto\" \/><\/a>\n <\/div>\n<div class=\"col-md-9\">\n<h4>Clarisse Hermont<\/h4>\n<p>Clarisse Hermont \u00e8 originaria di Minas Gerais, in Brasile. Nata a Belo Horizonte, attualmente vive a Roma, dove ha concluso un Master in Pittura presso la Rome University of Fine Arts (RUFA). Si \u00e8 laureata in Architettura e Urbanistica nel 2021 e, dal 2018, ha intrapreso un percorso di crescita e consolidamento all\u2019interno della scena artistica. Attraverso l\u2019arte, ha trovato l\u2019opportunit\u00e0 di trasformare la grigia uniformit\u00e0 delle citt\u00e0 in ambienti che celebrano la bellezza della natura. \u00c8 riconosciuta per la sua capacit\u00e0 di sviluppare tecniche innovative e per la costante esplorazione di linguaggi visivi che stimolano la creativit\u00e0 e valorizzano l\u2019impatto estetico delle sue opere.<br \/>\nArtista visiva poliedrica e sperimentale, Clarisse possiede un portfolio ampio e variegato che riflette l\u2019evoluzione personale del suo percorso artistico. Creativa disciplinata e produttiva, \u00e8 anche un\u2019insegnante esperta, con solide competenze nella gestione della classe, nello sviluppo di workshop e nella motivazione degli studenti. Leader aperta, empatica e comunicativa, ha ottenuto risultati concreti grazie all\u2019adozione di metodologie didattiche innovative, migliorando significativamente la comprensione e l\u2019interesse degli studenti per il mondo dell\u2019arte. Il suo ultimo lavoro, patrocinato dal Comune di Artena, \u00e8 stato un murales in ricordo di Willy Monteiro Duarte, realizzato in accordo con la famiglia e grazie alla collaborazione collettiva della cittadinanza.<\/p>\n<\/div>\n<\/div>\n            <\/div>\n        <\/div>\n    <\/div>\n    \n\n<article class=\"panel panel-default\" role=\"article\" itemscope itemtype=\"http:\/\/schema.org\/BlogPosting\">\n    <div class=\"panel-heading\" role=\"tab\" id=\"heading5\">\n\t    <h4 class=\"panel-title\">\n\t        <a class=\"collapsed\" role=\"button\" data-toggle=\"collapse\" data-parent=\"#accordion\" href=\"#collapse5\" aria-expanded=\"false\" aria-controls=\"collapse5\" itemprop=\"headline\"><strong>AGEVOLAZIONI<\/strong>\t        \t<span class=\"courses\">\n                 \n\t        \t<\/span>\n\t        <\/a>\n\t    <\/h4>\n\t<\/div>\n<\/article>\n\n\n    <div id=\"collapse5\" class=\"panel-collapse collapse \" role=\"tabpanel\" aria-labelledby=\"heading5\">\n        <div class=\"panel-body\" itemprop=\"articleBody\">\n            <div class=\"item-description\">\n                \n<p>Studenti e Alumni Corsi Winter-Summer RUFA: 10%<br \/>\nStudenti e Alumni RUFA: 50%<br \/>\nVery early bird: entro il 31 dicembre 2025 \u2013 15%<br \/>\nEarly bird: entro 31 marzo 2026 \u2013 10%<br \/>\nPacchetto corsi\/gruppi\/famiglia: contatta <a href=\"mailto:corsibrevi@unirufa.it\" target=\"_blank\" rel=\"noopener\">corsibrevi@unirufa.it<\/a><\/p>\n<p>Ai partecipanti che, dopo aver frequentato il corso, si iscriveranno a un corso accademico di Laurea di primo o secondo livello, RUFA applicher\u00e0 un 10% di riduzione sulla retta annuale di frequenza del primo anno.<\/p>\n            <\/div>\n        <\/div>\n    <\/div>\n    \n\n<article class=\"panel panel-default\" role=\"article\" itemscope itemtype=\"http:\/\/schema.org\/BlogPosting\">\n    <div class=\"panel-heading\" role=\"tab\" id=\"heading6\">\n\t    <h4 class=\"panel-title\">\n\t        <a class=\"collapsed\" role=\"button\" data-toggle=\"collapse\" data-parent=\"#accordion\" href=\"#collapse6\" aria-expanded=\"false\" aria-controls=\"collapse6\" itemprop=\"headline\"><strong>ALLOGGIO<\/strong>\t        \t<span class=\"courses\">\n                 \n\t        \t<\/span>\n\t        <\/a>\n\t    <\/h4>\n\t<\/div>\n<\/article>\n\n\n    <div id=\"collapse6\" class=\"panel-collapse collapse \" role=\"tabpanel\" aria-labelledby=\"heading6\">\n        <div class=\"panel-body\" itemprop=\"articleBody\">\n            <div class=\"item-description\">\n                \n<p>RUFA ha stipulato diversi accordi con strutture che forniscono servizi di housing. Per maggiori informazioni si prega di contattare <a href=\"mailto:corsibrevi@unirufa.it\" target=\"_blank\" rel=\"noopener\">corsibrevi@unirufa.it<\/a><\/p>\n            <\/div>\n        <\/div>\n    <\/div>\n    \n    <\/div>\n    \n<p>&nbsp;<\/p>\n<div class=\"embed-responsive embed-responsive-16by9\"><iframe loading=\"lazy\" src=\"https:\/\/www.youtube-nocookie.com\/embed\/snngZfTSi_Q?si=LRWlmMxH50EvV9R-\" width=\"560\" height=\"315\" frameborder=\"0\" allowfullscreen=\"allowfullscreen\"><\/iframe><\/div>\n<p>&nbsp;<\/p>\n<div class=\"row\" style=\"background-color: #eeeeee; padding: 30px;\">\n<h3>Per informazioni sul corso, compila il modulo e sarai contattato al pi\u00f9 presto.<\/h3>\n\n\t\t\t\t\t<script>\n\t\t\t\t\t\twindow.hsFormsOnReady = window.hsFormsOnReady || [];\n\t\t\t\t\t\twindow.hsFormsOnReady.push(()=>{\n\t\t\t\t\t\t\thbspt.forms.create({\n\t\t\t\t\t\t\t\tportalId: 147413364,\n\t\t\t\t\t\t\t\tformId: \"a37e698c-27cf-4966-b29c-27094a8c21d0\",\n\t\t\t\t\t\t\t\ttarget: \"#hbspt-form-1775965268000-8342702127\",\n\t\t\t\t\t\t\t\tregion: \"eu1\",\n\t\t\t\t\t\t\t\t\n\t\t\t\t\t\t})});\n\t\t\t\t\t<\/script>\n\t\t\t\t\t<div class=\"hbspt-form\" id=\"hbspt-form-1775965268000-8342702127\"><\/div>\n<\/div>\n<p>&nbsp;","protected":false},"excerpt":{"rendered":"<p>Disculpa, pero esta entrada est\u00e1 disponible s\u00f3lo en IT y EN.&nbsp; DIDATTICA IN INGLESE \/ 1 SETTIMANA \/ 6-10 LUGLIO 2026 \/ IN CAMPUS &nbsp; Mural Art: Rome in Color! rappresenta un\u2019esperienza unica nel panorama romano: uno dei primi corsi di muralismo offerti da un\u2019universit\u00e0 ufficialmente riconosciuta dal MUR. Non si tratta semplicemente di un&#8230;<\/p>\n","protected":false},"author":28,"featured_media":0,"parent":1263,"menu_order":0,"comment_status":"closed","ping_status":"closed","template":"page_short-courses.php","meta":{"content-type":"","footnotes":""},"class_list":["post-149096","page","type-page","status-publish","hentry"],"yoast_head":"<!-- This site is optimized with the Yoast SEO plugin v24.2 - https:\/\/yoast.com\/wordpress\/plugins\/seo\/ -->\n<title>Mural Art: Rome in Color! - RUFA - Rome University of Fine Arts<\/title>\n<meta name=\"robots\" content=\"index, follow, max-snippet:-1, max-image-preview:large, max-video-preview:-1\" \/>\n<link rel=\"canonical\" href=\"https:\/\/www.unirufa.it\/offerta-formativa\/summer-academy\/mural-art-rome-in-color\/\" \/>\n<meta property=\"og:locale\" content=\"es_ES\" \/>\n<meta property=\"og:type\" content=\"article\" \/>\n<meta property=\"og:title\" content=\"Mural Art: Rome in Color! - RUFA - Rome University of Fine Arts\" \/>\n<meta property=\"og:description\" content=\"Disculpa, pero esta entrada est\u00e1 disponible s\u00f3lo en IT y EN.&nbsp; DIDATTICA IN INGLESE \/ 1 SETTIMANA \/ 6-10 LUGLIO 2026 \/ IN CAMPUS &nbsp; Mural Art: Rome in Color! rappresenta un\u2019esperienza unica nel panorama romano: uno dei primi corsi di muralismo offerti da un\u2019universit\u00e0 ufficialmente riconosciuta dal MUR. Non si tratta semplicemente di un...\" \/>\n<meta property=\"og:url\" content=\"https:\/\/www.unirufa.it\/offerta-formativa\/summer-academy\/mural-art-rome-in-color\/\" \/>\n<meta property=\"og:site_name\" content=\"RUFA - Rome University of Fine Arts\" \/>\n<meta property=\"article:modified_time\" content=\"2026-03-25T21:22:00+00:00\" \/>\n<meta property=\"og:image\" content=\"https:\/\/www.unirufa.it\/wp-content\/uploads\/2025\/10\/RIDOTTO-CAMILLE-HERMONT-PORTRAIT-scaled.jpg\" \/>\n<meta name=\"twitter:label1\" content=\"Tiempo de lectura\" \/>\n\t<meta name=\"twitter:data1\" content=\"11 minutos\" \/>\n<script type=\"application\/ld+json\" class=\"yoast-schema-graph\">{\"@context\":\"https:\/\/schema.org\",\"@graph\":[{\"@type\":\"WebPage\",\"@id\":\"https:\/\/www.unirufa.it\/offerta-formativa\/summer-academy\/mural-art-rome-in-color\/\",\"url\":\"https:\/\/www.unirufa.it\/offerta-formativa\/summer-academy\/mural-art-rome-in-color\/\",\"name\":\"Mural Art: Rome in Color! - RUFA - Rome University of Fine Arts\",\"isPartOf\":{\"@id\":\"https:\/\/www.unirufa.it\/#website\"},\"primaryImageOfPage\":{\"@id\":\"https:\/\/www.unirufa.it\/offerta-formativa\/summer-academy\/mural-art-rome-in-color\/#primaryimage\"},\"image\":{\"@id\":\"https:\/\/www.unirufa.it\/offerta-formativa\/summer-academy\/mural-art-rome-in-color\/#primaryimage\"},\"thumbnailUrl\":\"https:\/\/www.unirufa.it\/wp-content\/uploads\/2025\/10\/RIDOTTO-CAMILLE-HERMONT-PORTRAIT-scaled.jpg\",\"datePublished\":\"2025-10-28T12:42:03+00:00\",\"dateModified\":\"2026-03-25T21:22:00+00:00\",\"breadcrumb\":{\"@id\":\"https:\/\/www.unirufa.it\/offerta-formativa\/summer-academy\/mural-art-rome-in-color\/#breadcrumb\"},\"inLanguage\":\"es\",\"potentialAction\":[{\"@type\":\"ReadAction\",\"target\":[\"https:\/\/www.unirufa.it\/offerta-formativa\/summer-academy\/mural-art-rome-in-color\/\"]}]},{\"@type\":\"ImageObject\",\"inLanguage\":\"es\",\"@id\":\"https:\/\/www.unirufa.it\/offerta-formativa\/summer-academy\/mural-art-rome-in-color\/#primaryimage\",\"url\":\"https:\/\/www.unirufa.it\/wp-content\/uploads\/2025\/10\/RIDOTTO-CAMILLE-HERMONT-PORTRAIT-scaled.jpg\",\"contentUrl\":\"https:\/\/www.unirufa.it\/wp-content\/uploads\/2025\/10\/RIDOTTO-CAMILLE-HERMONT-PORTRAIT-scaled.jpg\"},{\"@type\":\"BreadcrumbList\",\"@id\":\"https:\/\/www.unirufa.it\/offerta-formativa\/summer-academy\/mural-art-rome-in-color\/#breadcrumb\",\"itemListElement\":[{\"@type\":\"ListItem\",\"position\":1,\"name\":\"Home\",\"item\":\"https:\/\/www.unirufa.it\/\"},{\"@type\":\"ListItem\",\"position\":2,\"name\":\"Offerta formativa\",\"item\":\"https:\/\/www.unirufa.it\/offerta-formativa\/\"},{\"@type\":\"ListItem\",\"position\":3,\"name\":\"Corsi Summer Academy\",\"item\":\"https:\/\/www.unirufa.it\/offerta-formativa\/summer-academy\/\"},{\"@type\":\"ListItem\",\"position\":4,\"name\":\"Mural Art: Rome in Color!\"}]},{\"@type\":\"WebSite\",\"@id\":\"https:\/\/www.unirufa.it\/#website\",\"url\":\"https:\/\/www.unirufa.it\/\",\"name\":\"RUFA - Rome University of Fine Arts\",\"description\":\"\",\"potentialAction\":[{\"@type\":\"SearchAction\",\"target\":{\"@type\":\"EntryPoint\",\"urlTemplate\":\"https:\/\/www.unirufa.it\/?s={search_term_string}\"},\"query-input\":{\"@type\":\"PropertyValueSpecification\",\"valueRequired\":true,\"valueName\":\"search_term_string\"}}],\"inLanguage\":\"es\"}]}<\/script>\n<!-- \/ Yoast SEO plugin. -->","yoast_head_json":{"title":"Mural Art: Rome in Color! - RUFA - Rome University of Fine Arts","robots":{"index":"index","follow":"follow","max-snippet":"max-snippet:-1","max-image-preview":"max-image-preview:large","max-video-preview":"max-video-preview:-1"},"canonical":"https:\/\/www.unirufa.it\/offerta-formativa\/summer-academy\/mural-art-rome-in-color\/","og_locale":"es_ES","og_type":"article","og_title":"Mural Art: Rome in Color! - RUFA - Rome University of Fine Arts","og_description":"Disculpa, pero esta entrada est\u00e1 disponible s\u00f3lo en IT y EN.&nbsp; DIDATTICA IN INGLESE \/ 1 SETTIMANA \/ 6-10 LUGLIO 2026 \/ IN CAMPUS &nbsp; Mural Art: Rome in Color! rappresenta un\u2019esperienza unica nel panorama romano: uno dei primi corsi di muralismo offerti da un\u2019universit\u00e0 ufficialmente riconosciuta dal MUR. Non si tratta semplicemente di un...","og_url":"https:\/\/www.unirufa.it\/offerta-formativa\/summer-academy\/mural-art-rome-in-color\/","og_site_name":"RUFA - Rome University of Fine Arts","article_modified_time":"2026-03-25T21:22:00+00:00","og_image":[{"url":"https:\/\/www.unirufa.it\/wp-content\/uploads\/2025\/10\/RIDOTTO-CAMILLE-HERMONT-PORTRAIT-scaled.jpg","type":"","width":"","height":""}],"twitter_misc":{"Tiempo de lectura":"11 minutos"},"schema":{"@context":"https:\/\/schema.org","@graph":[{"@type":"WebPage","@id":"https:\/\/www.unirufa.it\/offerta-formativa\/summer-academy\/mural-art-rome-in-color\/","url":"https:\/\/www.unirufa.it\/offerta-formativa\/summer-academy\/mural-art-rome-in-color\/","name":"Mural Art: Rome in Color! - RUFA - Rome University of Fine Arts","isPartOf":{"@id":"https:\/\/www.unirufa.it\/#website"},"primaryImageOfPage":{"@id":"https:\/\/www.unirufa.it\/offerta-formativa\/summer-academy\/mural-art-rome-in-color\/#primaryimage"},"image":{"@id":"https:\/\/www.unirufa.it\/offerta-formativa\/summer-academy\/mural-art-rome-in-color\/#primaryimage"},"thumbnailUrl":"https:\/\/www.unirufa.it\/wp-content\/uploads\/2025\/10\/RIDOTTO-CAMILLE-HERMONT-PORTRAIT-scaled.jpg","datePublished":"2025-10-28T12:42:03+00:00","dateModified":"2026-03-25T21:22:00+00:00","breadcrumb":{"@id":"https:\/\/www.unirufa.it\/offerta-formativa\/summer-academy\/mural-art-rome-in-color\/#breadcrumb"},"inLanguage":"es","potentialAction":[{"@type":"ReadAction","target":["https:\/\/www.unirufa.it\/offerta-formativa\/summer-academy\/mural-art-rome-in-color\/"]}]},{"@type":"ImageObject","inLanguage":"es","@id":"https:\/\/www.unirufa.it\/offerta-formativa\/summer-academy\/mural-art-rome-in-color\/#primaryimage","url":"https:\/\/www.unirufa.it\/wp-content\/uploads\/2025\/10\/RIDOTTO-CAMILLE-HERMONT-PORTRAIT-scaled.jpg","contentUrl":"https:\/\/www.unirufa.it\/wp-content\/uploads\/2025\/10\/RIDOTTO-CAMILLE-HERMONT-PORTRAIT-scaled.jpg"},{"@type":"BreadcrumbList","@id":"https:\/\/www.unirufa.it\/offerta-formativa\/summer-academy\/mural-art-rome-in-color\/#breadcrumb","itemListElement":[{"@type":"ListItem","position":1,"name":"Home","item":"https:\/\/www.unirufa.it\/"},{"@type":"ListItem","position":2,"name":"Offerta formativa","item":"https:\/\/www.unirufa.it\/offerta-formativa\/"},{"@type":"ListItem","position":3,"name":"Corsi Summer Academy","item":"https:\/\/www.unirufa.it\/offerta-formativa\/summer-academy\/"},{"@type":"ListItem","position":4,"name":"Mural Art: Rome in Color!"}]},{"@type":"WebSite","@id":"https:\/\/www.unirufa.it\/#website","url":"https:\/\/www.unirufa.it\/","name":"RUFA - Rome University of Fine Arts","description":"","potentialAction":[{"@type":"SearchAction","target":{"@type":"EntryPoint","urlTemplate":"https:\/\/www.unirufa.it\/?s={search_term_string}"},"query-input":{"@type":"PropertyValueSpecification","valueRequired":true,"valueName":"search_term_string"}}],"inLanguage":"es"}]}},"_links":{"self":[{"href":"https:\/\/www.unirufa.it\/es\/wp-json\/wp\/v2\/pages\/149096","targetHints":{"allow":["GET"]}}],"collection":[{"href":"https:\/\/www.unirufa.it\/es\/wp-json\/wp\/v2\/pages"}],"about":[{"href":"https:\/\/www.unirufa.it\/es\/wp-json\/wp\/v2\/types\/page"}],"author":[{"embeddable":true,"href":"https:\/\/www.unirufa.it\/es\/wp-json\/wp\/v2\/users\/28"}],"replies":[{"embeddable":true,"href":"https:\/\/www.unirufa.it\/es\/wp-json\/wp\/v2\/comments?post=149096"}],"version-history":[{"count":12,"href":"https:\/\/www.unirufa.it\/es\/wp-json\/wp\/v2\/pages\/149096\/revisions"}],"predecessor-version":[{"id":152323,"href":"https:\/\/www.unirufa.it\/es\/wp-json\/wp\/v2\/pages\/149096\/revisions\/152323"}],"up":[{"embeddable":true,"href":"https:\/\/www.unirufa.it\/es\/wp-json\/wp\/v2\/pages\/1263"}],"wp:attachment":[{"href":"https:\/\/www.unirufa.it\/es\/wp-json\/wp\/v2\/media?parent=149096"}],"curies":[{"name":"wp","href":"https:\/\/api.w.org\/{rel}","templated":true}]}}