


{"id":150001,"date":"2025-12-11T15:43:08","date_gmt":"2025-12-11T14:43:08","guid":{"rendered":"https:\/\/www.unirufa.it\/?page_id=150001"},"modified":"2025-12-20T10:35:28","modified_gmt":"2025-12-20T09:35:28","slug":"rufa-annual-report-2023-24","status":"publish","type":"page","link":"https:\/\/www.unirufa.it\/es\/rufa-annual-report-2023-24\/","title":{"rendered":"RUFA Annual Report 2023\u201324"},"content":{"rendered":"<p class=\"qtranxs-available-languages-message qtranxs-available-languages-message-es\">Disculpa, pero esta entrada est\u00e1 disponible s\u00f3lo en <a href=\"https:\/\/www.unirufa.it\/it\/wp-json\/wp\/v2\/pages\/150001\" class=\"qtranxs-available-language-link qtranxs-available-language-link-it\" title=\"IT\">IT<\/a> y <a href=\"https:\/\/www.unirufa.it\/en\/wp-json\/wp\/v2\/pages\/150001\" class=\"qtranxs-available-language-link qtranxs-available-language-link-en\" title=\"EN\">EN<\/a>.<\/p><h2>Una festa progettuale per i 25 anni dell\u2019Accademia.<\/h2>\n<p>&nbsp;<br \/>\nRUFA compie <strong>25 anni<\/strong> e celebra questa ricorrenza con una nuova edizione dell\u2019Annual Report, trasformato per il 2023\u201324 in una vera e propria <strong>performance collettiva<\/strong>. Non un semplice volume che documenta le attivit\u00e0 dell\u2019anno, ma un atto progettuale condiviso che mette al centro <strong>l\u2019intenzione<\/strong>, il <strong>processo<\/strong> e la forza della collaborazione.<\/p>\n<p>Ispirandosi al pensiero di Vil\u00e9m Flusser \u2014 secondo cui <em>\u201ctutto dipende dall\u2019intenzione (design)\u201d<\/em> \u2014 l\u2019Annual Report \u00e8 stato realizzato attraverso una <strong>maratona creativa di 48 ore<\/strong>: un workshop intensivo che ha coinvolto <strong>50 studenti selezionati<\/strong>, affiancati da designer, fotografi, visual artist, copywriter e docenti-coordinatori. In uno spazio unico, trasformato in laboratorio aperto, i team hanno lavorato in sinergia producendo contenuti, immagini, dati e narrazioni che hanno dato forma al volume finale.<\/p>\n\n<h4>Il nuovo Annual Report racconta RUFA attraverso una struttura che assomiglia a un viaggio. <\/h4>\n<p>Si apre con <strong>dieci parole-chiave<\/strong> che interpretano l\u2019identit\u00e0 dell\u2019Accademia tra passato e futuro, prosegue con una selezione fotografica dedicata alle <strong>tesi dei trienni e bienni<\/strong>, e si estende poi alle attivit\u00e0 dell\u2019anno: eventi, workshop, talk, progetti di internazionalizzazione. Non mancano infografiche realizzate secondo l\u2019approccio del <em>Data Humanism<\/em>, costruite a partire da interviste e questionari a studenti e docenti.<\/p>\n<p>Il volume \u00e8 completato da una <strong>sovraccoperta semitrasparente<\/strong> che raccoglie un patchwork di frammenti visivi generati dai partecipanti, simbolo della natura corale del progetto e della comunit\u00e0 che lo anima.<\/p>\n<p>L\u2019Annual Report 2023\u201324 diventa cos\u00ec non solo un documento, ma una dichiarazione di metodo: un modo per guardare alla crescita dell\u2019Accademia attraverso l\u2019esperienza, la ricerca condivisa e la creativit\u00e0 che nasce dal lavorare insieme.<\/p>\n\n<p>&nbsp;<\/p>\n<div class=\"row\">\n<p><a class=\"download-btn full\" href=\"https:\/\/drive.google.com\/file\/d\/1KzNM7duqgj5aH3Wh9Hw__zYxIXKJWK68\/view?usp=drive_link\">Sfoglia la pubblicazione<\/a> <\/p>\n<\/div>\n<p>&nbsp;<\/p>\n<h3>Il team che ha dato vita al progetto:<\/h3>\n<div class=\"row\">\n<p>  <!-- COLONNA SINISTRA --><\/p>\n<div class=\"col-md-6\">\n<h6>Editorial project<\/h6>\n<p>    Cristiana Pagnottelli<br \/>\n    Guido Lombardo<br \/>\n    Alessandra Giacomelli<\/p>\n<h6>Content supervisor<\/h6>\n<p>    Fabio Mongelli<\/p>\n<h6>Design<\/h6>\n<p>    <a href=\"https:\/\/www.instagram.com\/intornodesign\" target=\"_blank\">Intorno Design:<\/a><\/p>\n<p>    Davide Luccini<br \/>\n    Francesco Incantalupo<br \/>\n    Guido Lombardo <\/p>\n<h6>Producer<\/h6>\n<p>    Cristiana Pagnottelli<\/p>\n<h6>Illustrations<\/h6>\n<p>    Francesco Fidani<\/p>\n<h6>Portrait Photo &#038; Postproduction<\/h6>\n<p>    Stefano Compagnucci<br \/>\n    Maria Vittoria Pecchioli<\/p>\n<h6>Text Editor<\/h6>\n<p>    Alessandra Giacomelli<br \/>\n    Giorgia Susta<\/p>\n<h6>Visual Content Editors<\/h6>\n<p>    Chiara Cesta<br \/>\n    Alice Attanasio<br \/>\n    Silvia Panaro<br \/>\n    Sophie Nardi<br \/>\n    Matteo Facello<br \/>\n    Barbara Notaro<br \/>\n    Michelle Kovanova<br \/>\n    Riccardo Veracini<\/p>\n<h6>Layout Group<\/h6>\n<p>    Andrea Boncristiani<br \/>\n    Lorenzo Bracaglia<br \/>\n    Bianca D\u2019Aquino<br \/>\n    Matilde Francia<br \/>\n    Simone Massari<br \/>\n    Giorgia Natale<br \/>\n    Gabriele Nassuato<br \/>\n    Gaia Zaffiri<br \/>\n    Alessandro Zingone<\/p><\/div>\n<p>  <!-- COLONNA DESTRA --><\/p>\n<div class=\"col-md-6\">\n<h6>Infographic group<\/h6>\n<p>    Flavia Basile<br \/>\n    Mattia Capomaci<br \/>\n    Giulia Cantini<br \/>\n    Giulia Chiriani<br \/>\n    Chiara De Siena<br \/>\n    Denis D\u2019Andrea<br \/>\n    Vittoria Fornari<br \/>\n    Sofia Paciotti<br \/>\n    Livia Rosati<br \/>\n    Chiara Tamburrini<br \/>\n    Agnese Troncone<\/p>\n<h6>Illustration group<\/h6>\n<p>    Andrea Camaioni<br \/>\n    Victor Ciriani<br \/>\n    Chiara Dionisi<br \/>\n    Laura Ettori<br \/>\n    Antonio Fornari<br \/>\n    Margherita Gasparro<br \/>\n    Cesare Mezzapelle<br \/>\n    Alessandra Pavoni<br \/>\n    Alice Rossini<br \/>\n    Angelica Sagace<br \/>\n    Valentina Xiang<\/p>\n<h6>Photography group<\/h6>\n<p>    Valerio Ardovino<br \/>\n    Beatrice Bacci<br \/>\n    Flavia Cardone<br \/>\n    Francesca D\u2019Eliax<br \/>\n    Martina Madeddu<br \/>\n    Michele Quondam Pasquale<br \/>\n    Valentina Gabriele<br \/>\n    Matteo Vicinanza<\/p>\n<h6>Photo contributors<\/h6>\n<p>    Claudia Rolando<br \/>\n    Marta Ferro<br \/>\n    Luca Carbone<\/p>\n<h6>Grazie a<\/h6>\n<p>    Tutti gli uffici RUFA<\/p>\n<h6>Typeface<\/h6>\n<p>    Milligram by Zetafonts<\/p>\n<h6>Printed on<\/h6>\n<p>    <a href=\"https:\/\/www.favini.com\/\" target=\"_blank\">Favini papers<\/a><\/p>\n<p><\/p>\n<h6>L\u2019Annual Report RUFA 2023\u20132024 \u00e8 stato realizzato grazie al prezioso contributo della Favini Papers Division e di Tiburtini srl, che hanno rispettivamente fornito la carta e curato la stampa della pubblicazione.<\/h6>\n<\/p><\/div>\n<\/div>\n<p>&nbsp;<\/p>\n<h3>FAQ<\/h3>\n\n    <div class=\"panel-group\" id=\"accordion\" role=\"tablist\" aria-multiselectable=\"true\">\n        \n\n<article class=\"panel panel-default\" role=\"article\" itemscope itemtype=\"http:\/\/schema.org\/BlogPosting\">\n    <div class=\"panel-heading\" role=\"tab\" id=\"heading1\">\n\t    <h4 class=\"panel-title\">\n\t        <a class=\"collapsed\" role=\"button\" data-toggle=\"collapse\" data-parent=\"#accordion\" href=\"#collapse1\" aria-expanded=\"false\" aria-controls=\"collapse1\" itemprop=\"headline\"><strong>Che cos\u2019\u00e8 il RUFA Annual Report?<\/strong>\t        \t<span class=\"courses\">\n                 \n\t        \t<\/span>\n\t        <\/a>\n\t    <\/h4>\n\t<\/div>\n<\/article>\n\n\n    <div id=\"collapse1\" class=\"panel-collapse collapse \" role=\"tabpanel\" aria-labelledby=\"heading1\">\n        <div class=\"panel-body\" itemprop=\"articleBody\">\n            <div class=\"item-description\">\n                \n<p>Il RUFA Annual Report \u00e8 la pubblicazione annuale che raccoglie progetti, tesi, attivit\u00e0 ed eventi che raccontano l\u2019identit\u00e0 e l\u2019evoluzione della Rome University of Fine Arts nel corso dell\u2019anno accademico.<br \/>\n            <\/div>\n        <\/div>\n    <\/div>\n    \n\n<article class=\"panel panel-default\" role=\"article\" itemscope itemtype=\"http:\/\/schema.org\/BlogPosting\">\n    <div class=\"panel-heading\" role=\"tab\" id=\"heading2\">\n\t    <h4 class=\"panel-title\">\n\t        <a class=\"collapsed\" role=\"button\" data-toggle=\"collapse\" data-parent=\"#accordion\" href=\"#collapse2\" aria-expanded=\"false\" aria-controls=\"collapse2\" itemprop=\"headline\"><strong>Cosa rende speciale l\u2019edizione 2023\u201324?<\/strong>\t        \t<span class=\"courses\">\n                 \n\t        \t<\/span>\n\t        <\/a>\n\t    <\/h4>\n\t<\/div>\n<\/article>\n\n\n    <div id=\"collapse2\" class=\"panel-collapse collapse \" role=\"tabpanel\" aria-labelledby=\"heading2\">\n        <div class=\"panel-body\" itemprop=\"articleBody\">\n            <div class=\"item-description\">\n                \n<p>L\u2019edizione 2023\u201324 celebra i 25 anni di RUFA ed \u00e8 stata realizzata attraverso una maratona creativa di 48 ore che ha coinvolto studenti, docenti, designer, fotografi e visual artist in una vera e propria performance collettiva di progettazione.<br \/>\n            <\/div>\n        <\/div>\n    <\/div>\n    \n\n<article class=\"panel panel-default\" role=\"article\" itemscope itemtype=\"http:\/\/schema.org\/BlogPosting\">\n    <div class=\"panel-heading\" role=\"tab\" id=\"heading3\">\n\t    <h4 class=\"panel-title\">\n\t        <a class=\"collapsed\" role=\"button\" data-toggle=\"collapse\" data-parent=\"#accordion\" href=\"#collapse3\" aria-expanded=\"false\" aria-controls=\"collapse3\" itemprop=\"headline\"><strong>Chi ha partecipato alla realizzazione dell\u2019Annual Report?<\/strong>\t        \t<span class=\"courses\">\n                 \n\t        \t<\/span>\n\t        <\/a>\n\t    <\/h4>\n\t<\/div>\n<\/article>\n\n\n    <div id=\"collapse3\" class=\"panel-collapse collapse \" role=\"tabpanel\" aria-labelledby=\"heading3\">\n        <div class=\"panel-body\" itemprop=\"articleBody\">\n            <div class=\"item-description\">\n                \n<p>Alla creazione del volume hanno preso parte oltre 50 studenti selezionati, insieme a professionisti della comunicazione visiva, della fotografia, della scrittura e ai docenti coordinatori dei diversi team.<br \/>\n            <\/div>\n        <\/div>\n    <\/div>\n    \n\n<article class=\"panel panel-default\" role=\"article\" itemscope itemtype=\"http:\/\/schema.org\/BlogPosting\">\n    <div class=\"panel-heading\" role=\"tab\" id=\"heading4\">\n\t    <h4 class=\"panel-title\">\n\t        <a class=\"collapsed\" role=\"button\" data-toggle=\"collapse\" data-parent=\"#accordion\" href=\"#collapse4\" aria-expanded=\"false\" aria-controls=\"collapse4\" itemprop=\"headline\"><strong>Come posso consultare il RUFA Annual Report 2023\u201324?<\/strong>\t        \t<span class=\"courses\">\n                 \n\t        \t<\/span>\n\t        <\/a>\n\t    <\/h4>\n\t<\/div>\n<\/article>\n\n\n    <div id=\"collapse4\" class=\"panel-collapse collapse \" role=\"tabpanel\" aria-labelledby=\"heading4\">\n        <div class=\"panel-body\" itemprop=\"articleBody\">\n            <div class=\"item-description\">\n                \n<p>Il RUFA Annual Report 2023\u201324 \u00e8 una pubblicazione a tiratura limitata. Le copie stampate vengono distribuite principalmente alla community RUFA, ai partner e agli stakeholder dell\u2019Accademia. La versione digitale \u00e8 disponibile per la consultazione direttamente in questa pagina.<br \/>\n            <\/div>\n        <\/div>\n    <\/div>\n    \n\n<article class=\"panel panel-default\" role=\"article\" itemscope itemtype=\"http:\/\/schema.org\/BlogPosting\">\n    <div class=\"panel-heading\" role=\"tab\" id=\"heading5\">\n\t    <h4 class=\"panel-title\">\n\t        <a class=\"collapsed\" role=\"button\" data-toggle=\"collapse\" data-parent=\"#accordion\" href=\"#collapse5\" aria-expanded=\"false\" aria-controls=\"collapse5\" itemprop=\"headline\"><strong>Dove posso trovare le edizioni precedenti?<\/strong>\t        \t<span class=\"courses\">\n                 \n\t        \t<\/span>\n\t        <\/a>\n\t    <\/h4>\n\t<\/div>\n<\/article>\n\n\n    <div id=\"collapse5\" class=\"panel-collapse collapse \" role=\"tabpanel\" aria-labelledby=\"heading5\">\n        <div class=\"panel-body\" itemprop=\"articleBody\">\n            <div class=\"item-description\">\n                \n<p>Le edizioni precedenti del RUFA Annual Report sono disponibili nella sezione dedicata del sito RUFA.<br \/>\n<a href=\"https:\/\/www.unirufa.it\/rufa-annual-report\/\">Consulta gli Annual Report degli anni passati<\/a><br \/>\n            <\/div>\n        <\/div>\n    <\/div>\n    \n\n<article class=\"panel panel-default\" role=\"article\" itemscope itemtype=\"http:\/\/schema.org\/BlogPosting\">\n    <div class=\"panel-heading\" role=\"tab\" id=\"heading6\">\n\t    <h4 class=\"panel-title\">\n\t        <a class=\"collapsed\" role=\"button\" data-toggle=\"collapse\" data-parent=\"#accordion\" href=\"#collapse6\" aria-expanded=\"false\" aria-controls=\"collapse6\" itemprop=\"headline\"><strong>Perch\u00e9 il RUFA Annual Report \u00e8 importante per l\u2019Accademia?<\/strong>\t        \t<span class=\"courses\">\n                 \n\t        \t<\/span>\n\t        <\/a>\n\t    <\/h4>\n\t<\/div>\n<\/article>\n\n\n    <div id=\"collapse6\" class=\"panel-collapse collapse \" role=\"tabpanel\" aria-labelledby=\"heading6\">\n        <div class=\"panel-body\" itemprop=\"articleBody\">\n            <div class=\"item-description\">\n                \n<p>Il volume rappresenta uno strumento di autoanalisi e un racconto condiviso della comunit\u00e0 RUFA. Documenta la qualit\u00e0 della formazione, il lavoro degli studenti, le attivit\u00e0 culturali e l\u2019evoluzione dell\u2019Accademia tra Roma, Milano e il panorama internazionale.<\/p>\n            <\/div>\n        <\/div>\n    <\/div>\n    \n    <\/div>","protected":false},"excerpt":{"rendered":"<p>Disculpa, pero esta entrada est\u00e1 disponible s\u00f3lo en IT y EN.Una festa progettuale per i 25 anni dell\u2019Accademia. &nbsp; RUFA compie 25 anni e celebra questa ricorrenza con una nuova edizione dell\u2019Annual Report, trasformato per il 2023\u201324 in una vera e propria performance collettiva. Non un semplice volume che documenta le attivit\u00e0 dell\u2019anno, ma un&#8230;<\/p>\n","protected":false},"author":28,"featured_media":0,"parent":0,"menu_order":0,"comment_status":"closed","ping_status":"closed","template":"","meta":{"content-type":"","footnotes":""},"class_list":["post-150001","page","type-page","status-publish","hentry"],"yoast_head":"<!-- This site is optimized with the Yoast SEO plugin v24.2 - https:\/\/yoast.com\/wordpress\/plugins\/seo\/ -->\n<title>RUFA Annual Report 2023\u201324 - RUFA - Rome University of Fine Arts<\/title>\n<meta name=\"robots\" content=\"index, follow, max-snippet:-1, max-image-preview:large, max-video-preview:-1\" \/>\n<link rel=\"canonical\" href=\"https:\/\/www.unirufa.it\/rufa-annual-report-2023-24\/\" \/>\n<meta property=\"og:locale\" content=\"es_ES\" \/>\n<meta property=\"og:type\" content=\"article\" \/>\n<meta property=\"og:title\" content=\"RUFA Annual Report 2023\u201324 - RUFA - Rome University of Fine Arts\" \/>\n<meta property=\"og:description\" content=\"Disculpa, pero esta entrada est\u00e1 disponible s\u00f3lo en IT y EN.Una festa progettuale per i 25 anni dell\u2019Accademia. &nbsp; RUFA compie 25 anni e celebra questa ricorrenza con una nuova edizione dell\u2019Annual Report, trasformato per il 2023\u201324 in una vera e propria performance collettiva. Non un semplice volume che documenta le attivit\u00e0 dell\u2019anno, ma un...\" \/>\n<meta property=\"og:url\" content=\"https:\/\/www.unirufa.it\/rufa-annual-report-2023-24\/\" \/>\n<meta property=\"og:site_name\" content=\"RUFA - Rome University of Fine Arts\" \/>\n<meta property=\"article:modified_time\" content=\"2025-12-20T09:35:28+00:00\" \/>\n<meta property=\"og:image\" content=\"https:\/\/www.unirufa.it\/wp-content\/uploads\/2017\/11\/logo-rufa-2016.png\" \/>\n\t<meta property=\"og:image:width\" content=\"230\" \/>\n\t<meta property=\"og:image:height\" content=\"149\" \/>\n\t<meta property=\"og:image:type\" content=\"image\/png\" \/>\n<meta name=\"twitter:label1\" content=\"Tiempo de lectura\" \/>\n\t<meta name=\"twitter:data1\" content=\"9 minutos\" \/>\n<script type=\"application\/ld+json\" class=\"yoast-schema-graph\">{\"@context\":\"https:\/\/schema.org\",\"@graph\":[{\"@type\":\"WebPage\",\"@id\":\"https:\/\/www.unirufa.it\/rufa-annual-report-2023-24\/\",\"url\":\"https:\/\/www.unirufa.it\/rufa-annual-report-2023-24\/\",\"name\":\"RUFA Annual Report 2023\u201324 - RUFA - Rome University of Fine Arts\",\"isPartOf\":{\"@id\":\"https:\/\/www.unirufa.it\/#website\"},\"datePublished\":\"2025-12-11T14:43:08+00:00\",\"dateModified\":\"2025-12-20T09:35:28+00:00\",\"breadcrumb\":{\"@id\":\"https:\/\/www.unirufa.it\/rufa-annual-report-2023-24\/#breadcrumb\"},\"inLanguage\":\"es\",\"potentialAction\":[{\"@type\":\"ReadAction\",\"target\":[\"https:\/\/www.unirufa.it\/rufa-annual-report-2023-24\/\"]}]},{\"@type\":\"BreadcrumbList\",\"@id\":\"https:\/\/www.unirufa.it\/rufa-annual-report-2023-24\/#breadcrumb\",\"itemListElement\":[{\"@type\":\"ListItem\",\"position\":1,\"name\":\"Home\",\"item\":\"https:\/\/www.unirufa.it\/\"},{\"@type\":\"ListItem\",\"position\":2,\"name\":\"RUFA Annual Report 2023\u201324\"}]},{\"@type\":\"WebSite\",\"@id\":\"https:\/\/www.unirufa.it\/#website\",\"url\":\"https:\/\/www.unirufa.it\/\",\"name\":\"RUFA - Rome University of Fine Arts\",\"description\":\"\",\"potentialAction\":[{\"@type\":\"SearchAction\",\"target\":{\"@type\":\"EntryPoint\",\"urlTemplate\":\"https:\/\/www.unirufa.it\/?s={search_term_string}\"},\"query-input\":{\"@type\":\"PropertyValueSpecification\",\"valueRequired\":true,\"valueName\":\"search_term_string\"}}],\"inLanguage\":\"es\"}]}<\/script>\n<!-- \/ Yoast SEO plugin. -->","yoast_head_json":{"title":"RUFA Annual Report 2023\u201324 - RUFA - Rome University of Fine Arts","robots":{"index":"index","follow":"follow","max-snippet":"max-snippet:-1","max-image-preview":"max-image-preview:large","max-video-preview":"max-video-preview:-1"},"canonical":"https:\/\/www.unirufa.it\/rufa-annual-report-2023-24\/","og_locale":"es_ES","og_type":"article","og_title":"RUFA Annual Report 2023\u201324 - RUFA - Rome University of Fine Arts","og_description":"Disculpa, pero esta entrada est\u00e1 disponible s\u00f3lo en IT y EN.Una festa progettuale per i 25 anni dell\u2019Accademia. &nbsp; RUFA compie 25 anni e celebra questa ricorrenza con una nuova edizione dell\u2019Annual Report, trasformato per il 2023\u201324 in una vera e propria performance collettiva. Non un semplice volume che documenta le attivit\u00e0 dell\u2019anno, ma un...","og_url":"https:\/\/www.unirufa.it\/rufa-annual-report-2023-24\/","og_site_name":"RUFA - Rome University of Fine Arts","article_modified_time":"2025-12-20T09:35:28+00:00","og_image":[{"width":230,"height":149,"url":"https:\/\/www.unirufa.it\/wp-content\/uploads\/2017\/11\/logo-rufa-2016.png","type":"image\/png"}],"twitter_misc":{"Tiempo de lectura":"9 minutos"},"schema":{"@context":"https:\/\/schema.org","@graph":[{"@type":"WebPage","@id":"https:\/\/www.unirufa.it\/rufa-annual-report-2023-24\/","url":"https:\/\/www.unirufa.it\/rufa-annual-report-2023-24\/","name":"RUFA Annual Report 2023\u201324 - RUFA - Rome University of Fine Arts","isPartOf":{"@id":"https:\/\/www.unirufa.it\/#website"},"datePublished":"2025-12-11T14:43:08+00:00","dateModified":"2025-12-20T09:35:28+00:00","breadcrumb":{"@id":"https:\/\/www.unirufa.it\/rufa-annual-report-2023-24\/#breadcrumb"},"inLanguage":"es","potentialAction":[{"@type":"ReadAction","target":["https:\/\/www.unirufa.it\/rufa-annual-report-2023-24\/"]}]},{"@type":"BreadcrumbList","@id":"https:\/\/www.unirufa.it\/rufa-annual-report-2023-24\/#breadcrumb","itemListElement":[{"@type":"ListItem","position":1,"name":"Home","item":"https:\/\/www.unirufa.it\/"},{"@type":"ListItem","position":2,"name":"RUFA Annual Report 2023\u201324"}]},{"@type":"WebSite","@id":"https:\/\/www.unirufa.it\/#website","url":"https:\/\/www.unirufa.it\/","name":"RUFA - Rome University of Fine Arts","description":"","potentialAction":[{"@type":"SearchAction","target":{"@type":"EntryPoint","urlTemplate":"https:\/\/www.unirufa.it\/?s={search_term_string}"},"query-input":{"@type":"PropertyValueSpecification","valueRequired":true,"valueName":"search_term_string"}}],"inLanguage":"es"}]}},"_links":{"self":[{"href":"https:\/\/www.unirufa.it\/es\/wp-json\/wp\/v2\/pages\/150001","targetHints":{"allow":["GET"]}}],"collection":[{"href":"https:\/\/www.unirufa.it\/es\/wp-json\/wp\/v2\/pages"}],"about":[{"href":"https:\/\/www.unirufa.it\/es\/wp-json\/wp\/v2\/types\/page"}],"author":[{"embeddable":true,"href":"https:\/\/www.unirufa.it\/es\/wp-json\/wp\/v2\/users\/28"}],"replies":[{"embeddable":true,"href":"https:\/\/www.unirufa.it\/es\/wp-json\/wp\/v2\/comments?post=150001"}],"version-history":[{"count":48,"href":"https:\/\/www.unirufa.it\/es\/wp-json\/wp\/v2\/pages\/150001\/revisions"}],"predecessor-version":[{"id":150294,"href":"https:\/\/www.unirufa.it\/es\/wp-json\/wp\/v2\/pages\/150001\/revisions\/150294"}],"wp:attachment":[{"href":"https:\/\/www.unirufa.it\/es\/wp-json\/wp\/v2\/media?parent=150001"}],"curies":[{"name":"wp","href":"https:\/\/api.w.org\/{rel}","templated":true}]}}