


{"id":152797,"date":"2026-04-07T11:43:30","date_gmt":"2026-04-07T09:43:30","guid":{"rendered":"https:\/\/www.unirufa.it\/?page_id=152797"},"modified":"2026-04-07T11:43:30","modified_gmt":"2026-04-07T09:43:30","slug":"social-policy","status":"publish","type":"page","link":"https:\/\/www.unirufa.it\/es\/social-policy\/","title":{"rendered":"Social Policy"},"content":{"rendered":"Bienvenido a la p\u00e1gina oficial dedicada a RUFA \u2013 Rome University of Fine Arts (tambi\u00e9n denominada \u201cRUFA\u201d o la \u201cSociedad\u201d).<\/p>\n<p>Al seguirnos, podr\u00e1s conocer nuestros servicios y mantenerte siempre actualizado sobre las \u00faltimas novedades y ofertas promovidas por la Sociedad.<\/p>\n<p>Esta p\u00e1gina es tambi\u00e9n un espacio que podr\u00e1s utilizar para hacer preguntas y solicitudes, interactuar con otros usuarios y compartir comentarios sobre las actividades de RUFA.<\/p>\n<p>Sin embargo, te pedimos que prestes atenci\u00f3n al contenido de tus publicaciones, absteni\u00e9ndote de hacer spam o de publicar comentarios ofensivos o vulgares, mensajes fuera de tema, as\u00ed como informaci\u00f3n personal y confidencial, ya sea tuya o de terceros.<\/p>\n<p>RUFA se reserva el derecho de intervenir para moderar aquellos contenidos que, al infringir la presente pol\u00edtica y\/o la legislaci\u00f3n vigente, vulneren los derechos de la Sociedad y\/o de terceros o difundan mensajes enga\u00f1osos, falsos o equ\u00edvocos. En los casos m\u00e1s graves, podr\u00e1 bloquear y denunciar a los usuarios que infrinjan esta pol\u00edtica y ejercer sus derechos en las instancias correspondientes.<\/p>\n<p>Los datos de los usuarios son tratados por RUFA, a trav\u00e9s de personal autorizado, con el \u00fanico fin de responder a las solicitudes realizadas dentro de la plataforma (ya sea escribiendo en la p\u00e1gina o de forma privada a la Sociedad) o, previo tu consentimiento y conforme a las pol\u00edticas de la plataforma, tambi\u00e9n con fines promocionales, y en todo caso en cumplimiento de la pol\u00edtica de privacidad disponible en <a href=\"https:\/\/www.unirufa.it\/informativa-privacy-sito\">https:\/\/www.unirufa.it\/informativa-privacy-sito<br \/>\n<\/a>","protected":false},"excerpt":{"rendered":"<p>Bienvenido a la p\u00e1gina oficial dedicada a RUFA \u2013 Rome University of Fine Arts (tambi\u00e9n denominada \u201cRUFA\u201d o la \u201cSociedad\u201d). Al seguirnos, podr\u00e1s conocer nuestros servicios y mantenerte siempre actualizado sobre las \u00faltimas novedades y ofertas promovidas por la Sociedad. Esta p\u00e1gina es tambi\u00e9n un espacio que podr\u00e1s utilizar para hacer preguntas y solicitudes, interactuar&#8230;<\/p>\n","protected":false},"author":47,"featured_media":0,"parent":0,"menu_order":0,"comment_status":"closed","ping_status":"closed","template":"","meta":{"content-type":"","footnotes":""},"class_list":["post-152797","page","type-page","status-publish","hentry"],"yoast_head":"<!-- This site is optimized with the Yoast SEO plugin v24.2 - https:\/\/yoast.com\/wordpress\/plugins\/seo\/ -->\n<title>Social Policy - RUFA - Rome University of Fine Arts<\/title>\n<meta name=\"robots\" content=\"index, follow, max-snippet:-1, max-image-preview:large, max-video-preview:-1\" \/>\n<link rel=\"canonical\" href=\"https:\/\/www.unirufa.it\/social-policy\/\" \/>\n<meta property=\"og:locale\" content=\"es_ES\" \/>\n<meta property=\"og:type\" content=\"article\" \/>\n<meta property=\"og:title\" content=\"Social Policy - RUFA - Rome University of Fine Arts\" \/>\n<meta property=\"og:description\" content=\"Bienvenido a la p\u00e1gina oficial dedicada a RUFA \u2013 Rome University of Fine Arts (tambi\u00e9n denominada \u201cRUFA\u201d o la \u201cSociedad\u201d). Al seguirnos, podr\u00e1s conocer nuestros servicios y mantenerte siempre actualizado sobre las \u00faltimas novedades y ofertas promovidas por la Sociedad. Esta p\u00e1gina es tambi\u00e9n un espacio que podr\u00e1s utilizar para hacer preguntas y solicitudes, interactuar...\" \/>\n<meta property=\"og:url\" content=\"https:\/\/www.unirufa.it\/social-policy\/\" \/>\n<meta property=\"og:site_name\" content=\"RUFA - Rome University of Fine Arts\" \/>\n<meta property=\"og:image\" content=\"https:\/\/www.unirufa.it\/wp-content\/uploads\/2017\/11\/logo-rufa-2016.png\" \/>\n\t<meta property=\"og:image:width\" content=\"230\" \/>\n\t<meta property=\"og:image:height\" content=\"149\" \/>\n\t<meta property=\"og:image:type\" content=\"image\/png\" \/>\n<script type=\"application\/ld+json\" class=\"yoast-schema-graph\">{\"@context\":\"https:\/\/schema.org\",\"@graph\":[{\"@type\":\"WebPage\",\"@id\":\"https:\/\/www.unirufa.it\/social-policy\/\",\"url\":\"https:\/\/www.unirufa.it\/social-policy\/\",\"name\":\"Social Policy - RUFA - Rome University of Fine Arts\",\"isPartOf\":{\"@id\":\"https:\/\/www.unirufa.it\/#website\"},\"datePublished\":\"2026-04-07T09:43:30+00:00\",\"dateModified\":\"2026-04-07T09:43:30+00:00\",\"breadcrumb\":{\"@id\":\"https:\/\/www.unirufa.it\/social-policy\/#breadcrumb\"},\"inLanguage\":\"es\",\"potentialAction\":[{\"@type\":\"ReadAction\",\"target\":[\"https:\/\/www.unirufa.it\/social-policy\/\"]}]},{\"@type\":\"BreadcrumbList\",\"@id\":\"https:\/\/www.unirufa.it\/social-policy\/#breadcrumb\",\"itemListElement\":[{\"@type\":\"ListItem\",\"position\":1,\"name\":\"Home\",\"item\":\"https:\/\/www.unirufa.it\/\"},{\"@type\":\"ListItem\",\"position\":2,\"name\":\"Social Policy\"}]},{\"@type\":\"WebSite\",\"@id\":\"https:\/\/www.unirufa.it\/#website\",\"url\":\"https:\/\/www.unirufa.it\/\",\"name\":\"RUFA - Rome University of Fine Arts\",\"description\":\"\",\"potentialAction\":[{\"@type\":\"SearchAction\",\"target\":{\"@type\":\"EntryPoint\",\"urlTemplate\":\"https:\/\/www.unirufa.it\/?s={search_term_string}\"},\"query-input\":{\"@type\":\"PropertyValueSpecification\",\"valueRequired\":true,\"valueName\":\"search_term_string\"}}],\"inLanguage\":\"es\"}]}<\/script>\n<!-- \/ Yoast SEO plugin. -->","yoast_head_json":{"title":"Social Policy - RUFA - Rome University of Fine Arts","robots":{"index":"index","follow":"follow","max-snippet":"max-snippet:-1","max-image-preview":"max-image-preview:large","max-video-preview":"max-video-preview:-1"},"canonical":"https:\/\/www.unirufa.it\/social-policy\/","og_locale":"es_ES","og_type":"article","og_title":"Social Policy - RUFA - Rome University of Fine Arts","og_description":"Bienvenido a la p\u00e1gina oficial dedicada a RUFA \u2013 Rome University of Fine Arts (tambi\u00e9n denominada \u201cRUFA\u201d o la \u201cSociedad\u201d). Al seguirnos, podr\u00e1s conocer nuestros servicios y mantenerte siempre actualizado sobre las \u00faltimas novedades y ofertas promovidas por la Sociedad. Esta p\u00e1gina es tambi\u00e9n un espacio que podr\u00e1s utilizar para hacer preguntas y solicitudes, interactuar...","og_url":"https:\/\/www.unirufa.it\/social-policy\/","og_site_name":"RUFA - Rome University of Fine Arts","og_image":[{"width":230,"height":149,"url":"https:\/\/www.unirufa.it\/wp-content\/uploads\/2017\/11\/logo-rufa-2016.png","type":"image\/png"}],"schema":{"@context":"https:\/\/schema.org","@graph":[{"@type":"WebPage","@id":"https:\/\/www.unirufa.it\/social-policy\/","url":"https:\/\/www.unirufa.it\/social-policy\/","name":"Social Policy - RUFA - Rome University of Fine Arts","isPartOf":{"@id":"https:\/\/www.unirufa.it\/#website"},"datePublished":"2026-04-07T09:43:30+00:00","dateModified":"2026-04-07T09:43:30+00:00","breadcrumb":{"@id":"https:\/\/www.unirufa.it\/social-policy\/#breadcrumb"},"inLanguage":"es","potentialAction":[{"@type":"ReadAction","target":["https:\/\/www.unirufa.it\/social-policy\/"]}]},{"@type":"BreadcrumbList","@id":"https:\/\/www.unirufa.it\/social-policy\/#breadcrumb","itemListElement":[{"@type":"ListItem","position":1,"name":"Home","item":"https:\/\/www.unirufa.it\/"},{"@type":"ListItem","position":2,"name":"Social Policy"}]},{"@type":"WebSite","@id":"https:\/\/www.unirufa.it\/#website","url":"https:\/\/www.unirufa.it\/","name":"RUFA - Rome University of Fine Arts","description":"","potentialAction":[{"@type":"SearchAction","target":{"@type":"EntryPoint","urlTemplate":"https:\/\/www.unirufa.it\/?s={search_term_string}"},"query-input":{"@type":"PropertyValueSpecification","valueRequired":true,"valueName":"search_term_string"}}],"inLanguage":"es"}]}},"_links":{"self":[{"href":"https:\/\/www.unirufa.it\/es\/wp-json\/wp\/v2\/pages\/152797","targetHints":{"allow":["GET"]}}],"collection":[{"href":"https:\/\/www.unirufa.it\/es\/wp-json\/wp\/v2\/pages"}],"about":[{"href":"https:\/\/www.unirufa.it\/es\/wp-json\/wp\/v2\/types\/page"}],"author":[{"embeddable":true,"href":"https:\/\/www.unirufa.it\/es\/wp-json\/wp\/v2\/users\/47"}],"replies":[{"embeddable":true,"href":"https:\/\/www.unirufa.it\/es\/wp-json\/wp\/v2\/comments?post=152797"}],"version-history":[{"count":1,"href":"https:\/\/www.unirufa.it\/es\/wp-json\/wp\/v2\/pages\/152797\/revisions"}],"predecessor-version":[{"id":152798,"href":"https:\/\/www.unirufa.it\/es\/wp-json\/wp\/v2\/pages\/152797\/revisions\/152798"}],"wp:attachment":[{"href":"https:\/\/www.unirufa.it\/es\/wp-json\/wp\/v2\/media?parent=152797"}],"curies":[{"name":"wp","href":"https:\/\/api.w.org\/{rel}","templated":true}]}}