


{"id":15719,"date":"2018-05-04T08:00:19","date_gmt":"2018-05-04T08:00:19","guid":{"rendered":"https:\/\/www.unirufa.it\/?page_id=15719"},"modified":"2019-05-09T13:09:49","modified_gmt":"2019-05-09T13:09:49","slug":"tracks-of-freedom","status":"publish","type":"page","link":"https:\/\/www.unirufa.it\/es\/tracks-of-freedom\/","title":{"rendered":"Tracks of Freedom"},"content":{"rendered":"<p class=\"qtranxs-available-languages-message qtranxs-available-languages-message-es\">Disculpa, pero esta entrada est\u00e1 disponible s\u00f3lo en <a href=\"https:\/\/www.unirufa.it\/it\/wp-json\/wp\/v2\/pages\/15719\" class=\"qtranxs-available-language-link qtranxs-available-language-link-it\" title=\"IT\">IT<\/a>.<\/p><em>New York, 6 &#8211; 15 maggio 2018.<\/em><br \/>\n<strong>Tracks of Freedom<\/strong> \u00e8 il primo progetto in coordinamento con SVA &#8211; School of Visual Arts di New York. Un\u2019occasione irripetibile per gli studenti dei bienni RUFA nel cuore della Grande Mela. Dieci giorni di lavoro progettuale, approfondimento sociale e culturale, talk di apprezzati designer e <em>visit studio<\/em> per entrare in contatto con differenti metodologie di didattica e progetto.<br \/>\nNew York, simbolo della libert\u00e0 politica, economica, sociale e culturale, si trasforma nello scenario ideale per raccogliere l&#8217;energia e i sogni dei nostri studenti. Il workshop ha l\u2019obiettivo di interpretare il tema della Libert\u00e0, di rappresentare il dinamismo elettrizzante, la forza simbolica e creativa della <em>\u00abCitt\u00e0 che non dorme mai\u00bb<\/em>. Potranno essere utilizzate tutte le tecniche e i linguaggi della comunicazione contemporanea: brand identity, advertising, unconventional, motion graphic, interaction e multimedia design, photography e video. Ogni ibridazione, convergenza e sperimentazione dei linguaggi \u00e8 benvenuta, nello spirito che sta caratterizzando l&#8217;intera Accademia RUFA.","protected":false},"excerpt":{"rendered":"<p>Disculpa, pero esta entrada est\u00e1 disponible s\u00f3lo en IT.New York, 6 &#8211; 15 maggio 2018. Tracks of Freedom \u00e8 il primo progetto in coordinamento con SVA &#8211; School of Visual Arts di New York. Un\u2019occasione irripetibile per gli studenti dei bienni RUFA nel cuore della Grande Mela. Dieci giorni di lavoro progettuale, approfondimento sociale e&#8230;<\/p>\n","protected":false},"author":1,"featured_media":16038,"parent":0,"menu_order":0,"comment_status":"closed","ping_status":"closed","template":"page_sva.php","meta":{"content-type":"","footnotes":""},"class_list":["post-15719","page","type-page","status-publish","has-post-thumbnail","hentry"],"yoast_head":"<!-- This site is optimized with the Yoast SEO plugin v24.2 - https:\/\/yoast.com\/wordpress\/plugins\/seo\/ -->\n<title>Tracks of Freedom - RUFA - Rome University of Fine Arts<\/title>\n<meta name=\"robots\" content=\"index, follow, max-snippet:-1, max-image-preview:large, max-video-preview:-1\" \/>\n<link rel=\"canonical\" href=\"https:\/\/www.unirufa.it\/tracks-of-freedom\/\" \/>\n<meta property=\"og:locale\" content=\"es_ES\" \/>\n<meta property=\"og:type\" content=\"article\" \/>\n<meta property=\"og:title\" content=\"Tracks of Freedom - RUFA - Rome University of Fine Arts\" \/>\n<meta property=\"og:description\" content=\"Disculpa, pero esta entrada est\u00e1 disponible s\u00f3lo en IT.New York, 6 &#8211; 15 maggio 2018. Tracks of Freedom \u00e8 il primo progetto in coordinamento con SVA &#8211; School of Visual Arts di New York. Un\u2019occasione irripetibile per gli studenti dei bienni RUFA nel cuore della Grande Mela. Dieci giorni di lavoro progettuale, approfondimento sociale e...\" \/>\n<meta property=\"og:url\" content=\"https:\/\/www.unirufa.it\/tracks-of-freedom\/\" \/>\n<meta property=\"og:site_name\" content=\"RUFA - Rome University of Fine Arts\" \/>\n<meta property=\"article:modified_time\" content=\"2019-05-09T13:09:49+00:00\" \/>\n<meta property=\"og:image\" content=\"https:\/\/www.unirufa.it\/wp-content\/uploads\/2018\/05\/sva_image-1440x600-1024x427.gif\" \/>\n\t<meta property=\"og:image:width\" content=\"1024\" \/>\n\t<meta property=\"og:image:height\" content=\"427\" \/>\n\t<meta property=\"og:image:type\" content=\"image\/gif\" \/>\n<meta name=\"twitter:label1\" content=\"Tiempo de lectura\" \/>\n\t<meta name=\"twitter:data1\" content=\"1 minuto\" \/>\n<script type=\"application\/ld+json\" class=\"yoast-schema-graph\">{\"@context\":\"https:\/\/schema.org\",\"@graph\":[{\"@type\":\"WebPage\",\"@id\":\"https:\/\/www.unirufa.it\/tracks-of-freedom\/\",\"url\":\"https:\/\/www.unirufa.it\/tracks-of-freedom\/\",\"name\":\"Tracks of Freedom - RUFA - Rome University of Fine Arts\",\"isPartOf\":{\"@id\":\"https:\/\/www.unirufa.it\/#website\"},\"primaryImageOfPage\":{\"@id\":\"https:\/\/www.unirufa.it\/tracks-of-freedom\/#primaryimage\"},\"image\":{\"@id\":\"https:\/\/www.unirufa.it\/tracks-of-freedom\/#primaryimage\"},\"thumbnailUrl\":\"https:\/\/www.unirufa.it\/wp-content\/uploads\/2018\/05\/sva_image-1440x600.gif\",\"datePublished\":\"2018-05-04T08:00:19+00:00\",\"dateModified\":\"2019-05-09T13:09:49+00:00\",\"breadcrumb\":{\"@id\":\"https:\/\/www.unirufa.it\/tracks-of-freedom\/#breadcrumb\"},\"inLanguage\":\"es\",\"potentialAction\":[{\"@type\":\"ReadAction\",\"target\":[\"https:\/\/www.unirufa.it\/tracks-of-freedom\/\"]}]},{\"@type\":\"ImageObject\",\"inLanguage\":\"es\",\"@id\":\"https:\/\/www.unirufa.it\/tracks-of-freedom\/#primaryimage\",\"url\":\"https:\/\/www.unirufa.it\/wp-content\/uploads\/2018\/05\/sva_image-1440x600.gif\",\"contentUrl\":\"https:\/\/www.unirufa.it\/wp-content\/uploads\/2018\/05\/sva_image-1440x600.gif\",\"width\":1440,\"height\":600},{\"@type\":\"BreadcrumbList\",\"@id\":\"https:\/\/www.unirufa.it\/tracks-of-freedom\/#breadcrumb\",\"itemListElement\":[{\"@type\":\"ListItem\",\"position\":1,\"name\":\"Home\",\"item\":\"https:\/\/www.unirufa.it\/\"},{\"@type\":\"ListItem\",\"position\":2,\"name\":\"Tracks of Freedom\"}]},{\"@type\":\"WebSite\",\"@id\":\"https:\/\/www.unirufa.it\/#website\",\"url\":\"https:\/\/www.unirufa.it\/\",\"name\":\"RUFA - Rome University of Fine Arts\",\"description\":\"\",\"potentialAction\":[{\"@type\":\"SearchAction\",\"target\":{\"@type\":\"EntryPoint\",\"urlTemplate\":\"https:\/\/www.unirufa.it\/?s={search_term_string}\"},\"query-input\":{\"@type\":\"PropertyValueSpecification\",\"valueRequired\":true,\"valueName\":\"search_term_string\"}}],\"inLanguage\":\"es\"}]}<\/script>\n<!-- \/ Yoast SEO plugin. -->","yoast_head_json":{"title":"Tracks of Freedom - RUFA - Rome University of Fine Arts","robots":{"index":"index","follow":"follow","max-snippet":"max-snippet:-1","max-image-preview":"max-image-preview:large","max-video-preview":"max-video-preview:-1"},"canonical":"https:\/\/www.unirufa.it\/tracks-of-freedom\/","og_locale":"es_ES","og_type":"article","og_title":"Tracks of Freedom - RUFA - Rome University of Fine Arts","og_description":"Disculpa, pero esta entrada est\u00e1 disponible s\u00f3lo en IT.New York, 6 &#8211; 15 maggio 2018. Tracks of Freedom \u00e8 il primo progetto in coordinamento con SVA &#8211; School of Visual Arts di New York. Un\u2019occasione irripetibile per gli studenti dei bienni RUFA nel cuore della Grande Mela. Dieci giorni di lavoro progettuale, approfondimento sociale e...","og_url":"https:\/\/www.unirufa.it\/tracks-of-freedom\/","og_site_name":"RUFA - Rome University of Fine Arts","article_modified_time":"2019-05-09T13:09:49+00:00","og_image":[{"width":1024,"height":427,"url":"https:\/\/www.unirufa.it\/wp-content\/uploads\/2018\/05\/sva_image-1440x600-1024x427.gif","type":"image\/gif"}],"twitter_misc":{"Tiempo de lectura":"1 minuto"},"schema":{"@context":"https:\/\/schema.org","@graph":[{"@type":"WebPage","@id":"https:\/\/www.unirufa.it\/tracks-of-freedom\/","url":"https:\/\/www.unirufa.it\/tracks-of-freedom\/","name":"Tracks of Freedom - RUFA - Rome University of Fine Arts","isPartOf":{"@id":"https:\/\/www.unirufa.it\/#website"},"primaryImageOfPage":{"@id":"https:\/\/www.unirufa.it\/tracks-of-freedom\/#primaryimage"},"image":{"@id":"https:\/\/www.unirufa.it\/tracks-of-freedom\/#primaryimage"},"thumbnailUrl":"https:\/\/www.unirufa.it\/wp-content\/uploads\/2018\/05\/sva_image-1440x600.gif","datePublished":"2018-05-04T08:00:19+00:00","dateModified":"2019-05-09T13:09:49+00:00","breadcrumb":{"@id":"https:\/\/www.unirufa.it\/tracks-of-freedom\/#breadcrumb"},"inLanguage":"es","potentialAction":[{"@type":"ReadAction","target":["https:\/\/www.unirufa.it\/tracks-of-freedom\/"]}]},{"@type":"ImageObject","inLanguage":"es","@id":"https:\/\/www.unirufa.it\/tracks-of-freedom\/#primaryimage","url":"https:\/\/www.unirufa.it\/wp-content\/uploads\/2018\/05\/sva_image-1440x600.gif","contentUrl":"https:\/\/www.unirufa.it\/wp-content\/uploads\/2018\/05\/sva_image-1440x600.gif","width":1440,"height":600},{"@type":"BreadcrumbList","@id":"https:\/\/www.unirufa.it\/tracks-of-freedom\/#breadcrumb","itemListElement":[{"@type":"ListItem","position":1,"name":"Home","item":"https:\/\/www.unirufa.it\/"},{"@type":"ListItem","position":2,"name":"Tracks of Freedom"}]},{"@type":"WebSite","@id":"https:\/\/www.unirufa.it\/#website","url":"https:\/\/www.unirufa.it\/","name":"RUFA - Rome University of Fine Arts","description":"","potentialAction":[{"@type":"SearchAction","target":{"@type":"EntryPoint","urlTemplate":"https:\/\/www.unirufa.it\/?s={search_term_string}"},"query-input":{"@type":"PropertyValueSpecification","valueRequired":true,"valueName":"search_term_string"}}],"inLanguage":"es"}]}},"_links":{"self":[{"href":"https:\/\/www.unirufa.it\/es\/wp-json\/wp\/v2\/pages\/15719","targetHints":{"allow":["GET"]}}],"collection":[{"href":"https:\/\/www.unirufa.it\/es\/wp-json\/wp\/v2\/pages"}],"about":[{"href":"https:\/\/www.unirufa.it\/es\/wp-json\/wp\/v2\/types\/page"}],"author":[{"embeddable":true,"href":"https:\/\/www.unirufa.it\/es\/wp-json\/wp\/v2\/users\/1"}],"replies":[{"embeddable":true,"href":"https:\/\/www.unirufa.it\/es\/wp-json\/wp\/v2\/comments?post=15719"}],"version-history":[{"count":28,"href":"https:\/\/www.unirufa.it\/es\/wp-json\/wp\/v2\/pages\/15719\/revisions"}],"predecessor-version":[{"id":16027,"href":"https:\/\/www.unirufa.it\/es\/wp-json\/wp\/v2\/pages\/15719\/revisions\/16027"}],"wp:featuredmedia":[{"embeddable":true,"href":"https:\/\/www.unirufa.it\/es\/wp-json\/wp\/v2\/media\/16038"}],"wp:attachment":[{"href":"https:\/\/www.unirufa.it\/es\/wp-json\/wp\/v2\/media?parent=15719"}],"curies":[{"name":"wp","href":"https:\/\/api.w.org\/{rel}","templated":true}]}}