


{"id":16558,"date":"2018-06-04T11:02:41","date_gmt":"2018-06-04T11:02:41","guid":{"rendered":"https:\/\/www.unirufa.it\/?page_id=16558"},"modified":"2021-11-02T18:44:24","modified_gmt":"2021-11-02T17:44:24","slug":"informativa-privacy","status":"publish","type":"page","link":"https:\/\/www.unirufa.it\/es\/informativa-privacy\/","title":{"rendered":"Informativa Privacy &#8211; Newsletter"},"content":{"rendered":"<p class=\"qtranxs-available-languages-message qtranxs-available-languages-message-es\">Disculpa, pero esta entrada est\u00e1 disponible s\u00f3lo en <a href=\"https:\/\/www.unirufa.it\/it\/wp-json\/wp\/v2\/pages\/16558\" class=\"qtranxs-available-language-link qtranxs-available-language-link-it\" title=\"IT\">IT<\/a>.<\/p><h4>INFORMATIVA PRIVACY ISCRIZIONE NEWSLETTER<\/h4>\n<p><strong>PERCH\u00c8 QUESTA INFORMATIVA?<\/strong><br \/>\nCon il presente documento, cos\u00ec come previsto dalla normativa vigente (art. 13 Regolamento generale sulla protezione dei dati, di seguito anche RGPD), si forniscono agli utenti interessati ad iscriversi alla newsletter di RUFA &#8211; Rome University of Fine Arts le informazioni relative al trattamento dei loro dati personali.<\/p>\n<p><strong>INDICAZIONI IMPORTANTI<\/strong><br \/>\nL\u2019iscrizione alla newsletter \u00e8 riservata agli utenti in possesso di un indirizzo email, che abbiano compiuto almeno 16 anni. La newsletter ha ad oggetto comunicazioni di natura promozionale e commerciale. <\/p>\n<p><strong>CHI \u00c8 IL TITOLARE<\/strong><br \/>\nIl Titolare del trattamento \u00e8 R.U.F.A. Srl, Via Latina 20, Roma, P. IVA 09227921005.<\/p>\n<p><strong>QUALI DATI SONO TRATTATI?<\/strong><br \/>\nI dati trattati sono quelli forniti dall\u2019utente attraverso la compilazione dell\u2019apposito form di iscrizione al servizio di newsletter.<\/p>\n<p><strong>QUALI LE FINALIT\u00c0 E LE BASI GIURIDICHE DEL TRATTAMENTO?<\/strong><br \/>\nI dati personali conferiti dall\u2019utente attraverso l\u2019apposito form sono utilizzati per consentire all\u2019interessato di iscriversi alla newsletter e ricevere periodicamente le comunicazioni promozionali e commerciali inviate tramite mail all\u2019indirizzo di posta elettronica indicato.<br \/>\nLa base giuridica del trattamento di tali dati \u00e8 il consenso in quanto l\u2019interessato si iscrive ad un servizio che comporta l\u2019invio di email promozionali.<br \/>\nNel caso si rendesse necessario, i dati potranno anche essere utilizzati a fronte dell\u2019interesse legittimo del titolare di svolgere attivit\u00e0 difensive o fare valere o difendere un diritto in sede giudiziaria. <\/p>\n<p><strong>COME VENGONO GESTITI I DATI?<\/strong><br \/>\nI dati sono trattati attraverso la piattaforma e gli strumenti informatici offerti dal servizio \u201cBenchmark Email\u201d, della societ\u00e0 americana Benchmark Internet Group, LLC, 10621 Calle Lee, Building 141<br \/>\nLos Alamitos, CA 90720; pertanto, nel caso di adesione al servizio di newsletter, i dati dell\u2019interessato potranno essere trasmessi e conosciuti da tale societ\u00e0 americana fornitrice del servizio, che aderisce alla decisione di adeguatezza della Commissione europea denominata \u201cPrivacy Shield\u201d, con ci\u00f2 garantendo il rispetto dei dati personali oggetto del trattamento e che opera, per tale servizio, quale responsabile del trattamento. Le specifiche relative a tale servizio sono disponibili ai seguenti link <a href=\"https:\/\/www.benchmarkemail.com\/TermsOfUse\" rel=\"noopener\" target=\"_blank\">https:\/\/www.benchmarkemail.com\/TermsOfUse <\/a>e <a href=\"https:\/\/www.benchmarkemail.com\/email-marketing\/privacy-policy\" rel=\"noopener\" target=\"_blank\">https:\/\/www.benchmarkemail.com\/email-marketing\/privacy-policy<\/a>.<br \/>\nI dati sono conservati fino alla richiesta dell\u2019interessato di eventuale opposizione all\u2019invio e alla volont\u00e0 di questi di rinunciare alla ricezione della newsletter, e comunque non oltre i due anni dalla registrazione dei dati personali medesimi, fatti salvi i casi di esigenze difensive (che potrebbero rendere necessaria una conservazione ulteriore).<\/p>\n<p><strong>COSA SUCCEDE SE NON VENGONO CONFERITI I DATI?<\/strong><br \/>\nIl conferimento dei dati \u00e8 facoltativo ma, in mancanza, non sar\u00e0 possibile iscriversi al servizio di newsletter e ricevere le mail inviate periodicamente dal Titolare.<\/p>\n<p><strong>CHI PUO\u2019 CONOSCERE I DATI?<\/strong><br \/>\nI dati saranno trattati dal personale del Titolare autorizzato al trattamento. I dati potranno inoltre essere conosciuti dai consulenti o dalle societ\u00e0 che prestano servizi di fornitura ed assistenza informatica per le finalit\u00e0 legate alle indicate attivit\u00e0 di fornitura e assistenza, dai consulenti marketing che prestano assistenza per la gestione delle mailing list e dai consulenti per la gestione del contenzioso e per l\u2019assistenza legale nel caso di eventuali controversie per cui si rendesse necessario il loro coinvolgimento.<br \/>\nCome gi\u00e0 indicato, i dati potranno inoltre essere conosciuti dal fornitore del servizio Benchmark, utilizzato per la gestione del servizio di newsletter.<br \/>\nL\u2019interessato potr\u00e0 richiedere la lista dei soggetti esterni che svolgono la loro attivit\u00e0 quali responsabili del trattamento.<\/p>\n<p><strong>QUALI SONO I DIRITTI DELL\u2019INTERESSATO?<\/strong><br \/>\nLa legge riconosce all\u2019interessato il diritto di chiedere al titolare del trattamento l\u2019accesso ai dati personali e la rettifica o la cancellazione degli stessi o la limitazione del trattamento che lo riguardano o di opporsi al loro trattamento, oltre al diritto alla portabilit\u00e0 dei dati.<br \/>\nL\u2019interessato potr\u00e0 far valere i suoi diritti in ogni momento, senza formalit\u00e0, rivolgendosi al titolare attraverso l\u2019indirizzo email  privacy@unirufa.it<\/p>\n<p>Si riportano di seguito nel dettaglio i diritti riconosciuti dalla normativa vigente in materia di protezione dei dati personali.<br \/>\n\u2022 Il <strong>diritto di accesso<\/strong>, ossia il diritto di ottenere dal titolare del trattamento la conferma che sia o meno in corso un trattamento di dati personali che lo riguardano e in tal caso, di ottenere l\u2019accesso ai dati personali e alle seguenti informazioni: a)  le finalit\u00e0 del trattamento; b)  le categorie di dati personali in questione; c) i destinatari o le categorie di destinatari a cui i dati personali sono stati o saranno comunicati, in particolare se destinatari di paesi terzi o organizzazioni internazionali; d)  quando possibile, il periodo di conservazione dei dati personali previsto oppure, se non \u00e8 possibile, i criteri utilizzati per determinare tale periodo; e)  l\u2019esistenza del diritto dell\u2019interessato di chiedere al titolare del trattamento la rettifica o la cancellazione dei dati personali o la limitazione del trattamento dei dati personali che lo riguardano o di opporsi al loro trattamento; f)  il diritto di proporre reclamo a un\u2019autorit\u00e0 di controllo; g)  qualora i dati non siano raccolti presso l\u2019interessato, tutte le informazioni disponibili sulla loro origine; h)  l\u2019esistenza di un processo decisionale automatizzato, compresa la profilazione e, almeno in tali casi, informazioni significative sulla logica utilizzata, nonch\u00e9 l\u2019importanza e le conseguenze previste di tale trattamento per l\u2019interessato. Qualora i dati personali siano trasferiti a un paese terzo o a un\u2019organizzazione internazionale, l\u2019interessato ha poi il diritto di essere informato dell\u2019esistenza di garanzie adeguate relative al trasferimento.<br \/>\n\u2022 Il <strong>diritto di rettifica<\/strong>, ossia il diritto di ottenere dal titolare del trattamento la rettifica dei dati personali inesatti che lo riguardano senza ingiustificato ritardo. Tenuto conto delle finalit\u00e0 del trattamento, l\u2019interessato ha il diritto di ottenere l\u2019integrazione dei dati personali incompleti, anche fornendo una dichiarazione integrativa.<br \/>\n\u2022 Il <strong>diritto alla cancellazione<\/strong>, ossia il diritto di ottenere dal titolare del trattamento la cancellazione dei dati personali che lo riguardano senza ingiustificato ritardo se: a)  i dati personali non sono pi\u00f9 necessari rispetto alle finalit\u00e0 per le quali sono stati raccolti o altrimenti trattati; b) l\u2019interessato revoca il consenso su cui si basa il trattamento e se non sussiste altro fondamento giuridico per il trattamento; c)  l\u2019interessato si oppone al trattamento effettuato perch\u00e8 necessario per l\u2019esecuzione di un compito di interesse pubblico o connesso all\u2019esercizio di pubblici poteri di cui \u00e8 investito il titolare o per il perseguimento del legittimo interesse e non sussiste alcun motivo legittimo prevalente per procedere al trattamento, oppure si oppone al trattamento per finalit\u00e0 di marketing diretto; d)  i dati personali sono stati trattati illecitamente; e)  i dati personali devono essere cancellati per adempiere un obbligo legale previsto dal diritto dell\u2019Unione o dello Stato membro cui \u00e8 soggetto il titolare del trattamento; f)  i dati personali sono stati raccolti relativamente all\u2019offerta di servizi della societ\u00e0 dell\u2019informazione a minori. La richiesta di cancellazione non pu\u00f2 per\u00f2 essere accolta se il trattamento \u00e8 necessario: a)  per l\u2019esercizio del diritto alla libert\u00e0 di espressione e di informazione; b)  per l\u2019adempimento di un obbligo legale che richieda il trattamento previsto dal diritto dell\u2019Unione o dello Stato membro cui \u00e8 soggetto il titolare del trattamento o per l\u2019esecuzione di un compito svolto nel pubblico interesse oppure nell\u2019esercizio di pubblici poteri di cui \u00e8 investito il titolare del trattamento; c) per motivi di interesse pubblico nel settore della sanit\u00e0 pubblica; d)  a fini di archiviazione nel pubblico interesse, di ricerca scientifica o storica o a fini statistici, nella misura in cui la cancellazione rischi di rendere impossibile o di pregiudicare gravemente il conseguimento degli obiettivi di tale trattamento; o e)  per l\u2019accertamento, l\u2019esercizio o la difesa di un diritto in sede giudiziaria.<br \/>\n\u2022 Il <strong>diritto di limitazione<\/strong>, ossia il diritto di ottenere che i dati siano trattati, salvo che per la conservazione, soltanto con il consenso dell\u2019interessato o per l\u2019accertamento, l\u2019esercizio o la difesa di un diritto in sede giudiziaria oppure per tutelare i diritti di un\u2019altra persona fisica o giuridica o per motivi di interesse pubblico rilevante dell\u2019Unione o di uno Stato membro se: a)  l\u2019interessato contesta l\u2019esattezza dei dati personali, per il periodo necessario al titolare del trattamento per verificare l\u2019esattezza di tali dati personali; b) il trattamento \u00e8 illecito e l\u2019interessato si oppone alla cancellazione dei dati personali e chiede invece che ne sia limitato l\u2019utilizzo; c)  bench\u00e9 il titolare del trattamento non ne abbia pi\u00f9 bisogno ai fini del trattamento, i dati personali sono necessari all\u2019interessato per l\u2019accertamento, l\u2019esercizio o la difesa di un diritto in sede giudiziaria; d)  l\u2019interessato si \u00e8 opposto al trattamento effettuato perch\u00e8 necessario per l\u2019esecuzione di un compito di interesse pubblico o connesso all\u2019esercizio di pubblici poteri di cui \u00e8 investito il titolare o per il perseguimento del legittimo interesse del titolare del trattamento o di terzi, in attesa della verifica in merito all\u2019eventuale prevalenza dei motivi legittimi del titolare del trattamento rispetto a quelli dell\u2019interessato. \u2028<br \/>\n\u2022 Il<strong> diritto alla portabilit\u00e0<\/strong>, ossia il diritto di ricevere in un formato strutturato, di uso comune e leggibile da dispositivo automatico i dati personali che lo riguardano forniti al titolare e ha il diritto di trasmettere tali dati a un altro titolare senza impedimenti da parte del titolare cui li ha forniti, nonch\u00e9 il diritto di ottenere la trasmissione diretta dei dati personali da un titolare all\u2019altro, se tecnicamente fattibile, qualora il trattamento si basi sul consenso o su un contratto e il trattamento sia effettuato con mezzi automatizzati. Tale diritto lascia impregiudicato il diritto alla cancellazione.<br \/>\n\u2022 Il <strong>diritto di opposizione<\/strong>, ossia il  diritto dell\u2019interessato di opporsi in qualsiasi momento, per motivi connessi alla sua situazione particolare, al trattamento dei dati personali che lo riguardano effettuato perch\u00e8 necessario per l\u2019esecuzione di un compito di interesse pubblico o connesso all\u2019esercizio di pubblici poteri di cui \u00e8 investito il titolare o per il perseguimento del legittimo interesse del titolare del trattamento o di terzi. Qualora i dati personali siano trattati per finalit\u00e0 di marketing diretto, l\u2019interessato ha il diritto di opporsi in qualsiasi momento al trattamento dei dati personali che lo riguardano effettuato per tali finalit\u00e0, compresa la profilazione nella misura in cui sia connessa a tale marketing diretto. <\/p>\n<p>Si informa poi l\u2019interessato che la legge gli riconosce la possibilit\u00e0 di far valere i suoi diritti con ricorso al Garante privacy o dinanzi all\u2019autorit\u00e0 giudiziaria.<br \/>","protected":false},"excerpt":{"rendered":"<p>Disculpa, pero esta entrada est\u00e1 disponible s\u00f3lo en IT.INFORMATIVA PRIVACY ISCRIZIONE NEWSLETTER PERCH\u00c8 QUESTA INFORMATIVA? Con il presente documento, cos\u00ec come previsto dalla normativa vigente (art. 13 Regolamento generale sulla protezione dei dati, di seguito anche RGPD), si forniscono agli utenti interessati ad iscriversi alla newsletter di RUFA &#8211; Rome University of Fine Arts le&#8230;<\/p>\n","protected":false},"author":1,"featured_media":0,"parent":0,"menu_order":0,"comment_status":"closed","ping_status":"closed","template":"","meta":{"content-type":"","footnotes":""},"class_list":["post-16558","page","type-page","status-publish","hentry"],"yoast_head":"<!-- This site is optimized with the Yoast SEO plugin v24.2 - https:\/\/yoast.com\/wordpress\/plugins\/seo\/ -->\n<title>Informativa Privacy - Newsletter - RUFA - Rome University of Fine Arts<\/title>\n<meta name=\"robots\" content=\"index, nofollow, max-snippet:-1, max-image-preview:large, max-video-preview:-1\" \/>\n<link rel=\"canonical\" href=\"https:\/\/www.unirufa.it\/es\/informativa-privacy\/\" \/>\n<meta property=\"og:locale\" content=\"es_ES\" \/>\n<meta property=\"og:type\" content=\"article\" \/>\n<meta property=\"og:title\" content=\"Informativa Privacy - Newsletter - RUFA - Rome University of Fine Arts\" \/>\n<meta property=\"og:description\" content=\"Disculpa, pero esta entrada est\u00e1 disponible s\u00f3lo en IT.INFORMATIVA PRIVACY ISCRIZIONE NEWSLETTER PERCH\u00c8 QUESTA INFORMATIVA? Con il presente documento, cos\u00ec come previsto dalla normativa vigente (art. 13 Regolamento generale sulla protezione dei dati, di seguito anche RGPD), si forniscono agli utenti interessati ad iscriversi alla newsletter di RUFA &#8211; Rome University of Fine Arts le...\" \/>\n<meta property=\"og:url\" content=\"https:\/\/www.unirufa.it\/es\/informativa-privacy\/\" \/>\n<meta property=\"og:site_name\" content=\"RUFA - Rome University of Fine Arts\" \/>\n<meta property=\"article:modified_time\" content=\"2021-11-02T17:44:24+00:00\" \/>\n<meta property=\"og:image\" content=\"https:\/\/www.unirufa.it\/wp-content\/uploads\/2017\/11\/logo-rufa-2016.png\" \/>\n\t<meta property=\"og:image:width\" content=\"230\" \/>\n\t<meta property=\"og:image:height\" content=\"149\" \/>\n\t<meta property=\"og:image:type\" content=\"image\/png\" \/>\n<meta name=\"twitter:label1\" content=\"Tiempo de lectura\" \/>\n\t<meta name=\"twitter:data1\" content=\"9 minutos\" \/>\n<script type=\"application\/ld+json\" class=\"yoast-schema-graph\">{\"@context\":\"https:\/\/schema.org\",\"@graph\":[{\"@type\":\"WebPage\",\"@id\":\"https:\/\/www.unirufa.it\/es\/informativa-privacy\/\",\"url\":\"https:\/\/www.unirufa.it\/es\/informativa-privacy\/\",\"name\":\"Informativa Privacy - Newsletter - RUFA - Rome University of Fine Arts\",\"isPartOf\":{\"@id\":\"https:\/\/www.unirufa.it\/#website\"},\"datePublished\":\"2018-06-04T11:02:41+00:00\",\"dateModified\":\"2021-11-02T17:44:24+00:00\",\"breadcrumb\":{\"@id\":\"https:\/\/www.unirufa.it\/es\/informativa-privacy\/#breadcrumb\"},\"inLanguage\":\"es\",\"potentialAction\":[{\"@type\":\"ReadAction\",\"target\":[\"https:\/\/www.unirufa.it\/es\/informativa-privacy\/\"]}]},{\"@type\":\"BreadcrumbList\",\"@id\":\"https:\/\/www.unirufa.it\/es\/informativa-privacy\/#breadcrumb\",\"itemListElement\":[{\"@type\":\"ListItem\",\"position\":1,\"name\":\"Home\",\"item\":\"https:\/\/www.unirufa.it\/\"},{\"@type\":\"ListItem\",\"position\":2,\"name\":\"Informativa Privacy &#8211; Newsletter\"}]},{\"@type\":\"WebSite\",\"@id\":\"https:\/\/www.unirufa.it\/#website\",\"url\":\"https:\/\/www.unirufa.it\/\",\"name\":\"RUFA - Rome University of Fine Arts\",\"description\":\"\",\"potentialAction\":[{\"@type\":\"SearchAction\",\"target\":{\"@type\":\"EntryPoint\",\"urlTemplate\":\"https:\/\/www.unirufa.it\/?s={search_term_string}\"},\"query-input\":{\"@type\":\"PropertyValueSpecification\",\"valueRequired\":true,\"valueName\":\"search_term_string\"}}],\"inLanguage\":\"es\"}]}<\/script>\n<!-- \/ Yoast SEO plugin. -->","yoast_head_json":{"title":"Informativa Privacy - Newsletter - RUFA - Rome University of Fine Arts","robots":{"index":"index","follow":"nofollow","max-snippet":"max-snippet:-1","max-image-preview":"max-image-preview:large","max-video-preview":"max-video-preview:-1"},"canonical":"https:\/\/www.unirufa.it\/es\/informativa-privacy\/","og_locale":"es_ES","og_type":"article","og_title":"Informativa Privacy - Newsletter - RUFA - Rome University of Fine Arts","og_description":"Disculpa, pero esta entrada est\u00e1 disponible s\u00f3lo en IT.INFORMATIVA PRIVACY ISCRIZIONE NEWSLETTER PERCH\u00c8 QUESTA INFORMATIVA? Con il presente documento, cos\u00ec come previsto dalla normativa vigente (art. 13 Regolamento generale sulla protezione dei dati, di seguito anche RGPD), si forniscono agli utenti interessati ad iscriversi alla newsletter di RUFA &#8211; Rome University of Fine Arts le...","og_url":"https:\/\/www.unirufa.it\/es\/informativa-privacy\/","og_site_name":"RUFA - Rome University of Fine Arts","article_modified_time":"2021-11-02T17:44:24+00:00","og_image":[{"width":230,"height":149,"url":"https:\/\/www.unirufa.it\/wp-content\/uploads\/2017\/11\/logo-rufa-2016.png","type":"image\/png"}],"twitter_misc":{"Tiempo de lectura":"9 minutos"},"schema":{"@context":"https:\/\/schema.org","@graph":[{"@type":"WebPage","@id":"https:\/\/www.unirufa.it\/es\/informativa-privacy\/","url":"https:\/\/www.unirufa.it\/es\/informativa-privacy\/","name":"Informativa Privacy - Newsletter - RUFA - Rome University of Fine Arts","isPartOf":{"@id":"https:\/\/www.unirufa.it\/#website"},"datePublished":"2018-06-04T11:02:41+00:00","dateModified":"2021-11-02T17:44:24+00:00","breadcrumb":{"@id":"https:\/\/www.unirufa.it\/es\/informativa-privacy\/#breadcrumb"},"inLanguage":"es","potentialAction":[{"@type":"ReadAction","target":["https:\/\/www.unirufa.it\/es\/informativa-privacy\/"]}]},{"@type":"BreadcrumbList","@id":"https:\/\/www.unirufa.it\/es\/informativa-privacy\/#breadcrumb","itemListElement":[{"@type":"ListItem","position":1,"name":"Home","item":"https:\/\/www.unirufa.it\/"},{"@type":"ListItem","position":2,"name":"Informativa Privacy &#8211; Newsletter"}]},{"@type":"WebSite","@id":"https:\/\/www.unirufa.it\/#website","url":"https:\/\/www.unirufa.it\/","name":"RUFA - Rome University of Fine Arts","description":"","potentialAction":[{"@type":"SearchAction","target":{"@type":"EntryPoint","urlTemplate":"https:\/\/www.unirufa.it\/?s={search_term_string}"},"query-input":{"@type":"PropertyValueSpecification","valueRequired":true,"valueName":"search_term_string"}}],"inLanguage":"es"}]}},"_links":{"self":[{"href":"https:\/\/www.unirufa.it\/es\/wp-json\/wp\/v2\/pages\/16558","targetHints":{"allow":["GET"]}}],"collection":[{"href":"https:\/\/www.unirufa.it\/es\/wp-json\/wp\/v2\/pages"}],"about":[{"href":"https:\/\/www.unirufa.it\/es\/wp-json\/wp\/v2\/types\/page"}],"author":[{"embeddable":true,"href":"https:\/\/www.unirufa.it\/es\/wp-json\/wp\/v2\/users\/1"}],"replies":[{"embeddable":true,"href":"https:\/\/www.unirufa.it\/es\/wp-json\/wp\/v2\/comments?post=16558"}],"version-history":[{"count":3,"href":"https:\/\/www.unirufa.it\/es\/wp-json\/wp\/v2\/pages\/16558\/revisions"}],"predecessor-version":[{"id":16561,"href":"https:\/\/www.unirufa.it\/es\/wp-json\/wp\/v2\/pages\/16558\/revisions\/16561"}],"wp:attachment":[{"href":"https:\/\/www.unirufa.it\/es\/wp-json\/wp\/v2\/media?parent=16558"}],"curies":[{"name":"wp","href":"https:\/\/api.w.org\/{rel}","templated":true}]}}