


{"id":16734,"date":"2018-06-26T10:10:30","date_gmt":"2018-06-26T10:10:30","guid":{"rendered":"https:\/\/www.unirufa.it\/?page_id=16734"},"modified":"2025-11-22T16:37:58","modified_gmt":"2025-11-22T15:37:58","slug":"governance-trasparenza","status":"publish","type":"page","link":"https:\/\/www.unirufa.it\/es\/governance-trasparenza\/","title":{"rendered":"Administraci\u00f3n transparente"},"content":{"rendered":"La Junta de Evaluaci\u00f3n de la Academia de Bellas Artes legalmente reconocida \u00abUniversidad de Bellas Artes de Roma\u00bb RUFA de Roma, de conformidad con el arte. 14, c. 4, letra g), del Decreto Legislativo n\u00ba. 150\/2009 y de las resoluciones de la A.N.A.C. n\u00ba. 50\/2013 y 43\/2016, se ha llevado a cabo la verificaci\u00f3n sobre la publicaci\u00f3n, la integridad, la actualizaci\u00f3n y la apertura del formato de cada documento, datos e informaciones enumerados en el Anexo 2.<br \/>\nLa Junta de Evaluaci\u00f3n llev\u00f3 a cabo las verificaciones teniendo en cuenta tambi\u00e9n los resultados y elementos que surgieron de la actividad de control sobre el cumplimiento de las obligaciones de publicaci\u00f3n realizada por el Gerente de Transparencia de conformidad con el art. 2. 43, p\u00e1rrafo 1, del Decreto Legislativo N\u00ba. 33\/2013.<\/p>\n<p><a class=\"download-btn\" href=\"https:\/\/drive.google.com\/drive\/folders\/1xrZHTB6dyHrUYNh2TW3-ggmdXQTfJRDr?usp=sharing\" target=\"_blank\" rel=\"noopener noreferrer\">DOCUMENTACI\u00d3N DE LAS MEDIDAS PNRR<\/a><a class=\"download-btn\" href=\"https:\/\/www.unirufa.it\/wp-content\/uploads\/2018\/06\/ANAC_Documento_Attestazione_2018.pdf\" target=\"_blank\" rel=\"noopener noreferrer\">Certificado ANAC &#8211; 2018<\/a><a class=\"download-btn\" href=\"https:\/\/www.unirufa.it\/wp-content\/uploads\/2018\/06\/Allegato_2_anac_2018.xlsx.zip\" target=\"_blank\" rel=\"noopener noreferrer\">ANAC Documento Adjunto 2 &#8211; 2018<\/a><a class=\"download-btn\" href=\"https:\/\/www.unirufa.it\/accademia\/sistema-di-valutazione\/nucleo-di-valutazione\/\" target=\"_blank\" rel=\"noopener noreferrer\">Junta de evaluaci\u00f3n<\/a>","protected":false},"excerpt":{"rendered":"<p>La Junta de Evaluaci\u00f3n de la Academia de Bellas Artes legalmente reconocida \u00abUniversidad de Bellas Artes de Roma\u00bb RUFA de Roma, de conformidad con el arte. 14, c. 4, letra g), del Decreto Legislativo n\u00ba. 150\/2009 y de las resoluciones de la A.N.A.C. n\u00ba. 50\/2013 y 43\/2016, se ha llevado a cabo la verificaci\u00f3n sobre&#8230;<\/p>\n","protected":false},"author":1,"featured_media":0,"parent":0,"menu_order":0,"comment_status":"closed","ping_status":"closed","template":"","meta":{"content-type":"","footnotes":""},"class_list":["post-16734","page","type-page","status-publish","hentry"],"yoast_head":"<!-- This site is optimized with the Yoast SEO plugin v24.2 - https:\/\/yoast.com\/wordpress\/plugins\/seo\/ -->\n<title>Amministrazione Trasparente Accademia Belle Arti Roma - RUFA<\/title>\n<meta name=\"description\" content=\"Amministrazione trasparente: RUFA - Accademia delle belle Arti di Roma. Tutte le informazioni riguardanti l&#039;amministrazione RUFA.\" \/>\n<meta name=\"robots\" content=\"index, follow, max-snippet:-1, max-image-preview:large, max-video-preview:-1\" \/>\n<link rel=\"canonical\" href=\"https:\/\/www.unirufa.it\/governance-trasparenza\/\" \/>\n<meta property=\"og:locale\" content=\"es_ES\" \/>\n<meta property=\"og:type\" content=\"article\" \/>\n<meta property=\"og:title\" content=\"[:it]Amministrazione Trasparente Accademia Belle Arti Roma - RUFA[:]\" \/>\n<meta property=\"og:description\" content=\"{:it}Amministrazione trasparente: RUFA - Accademia delle belle Arti di Roma. Tutte le informazioni riguardanti l&#039;amministrazione RUFA.{:}\" \/>\n<meta property=\"og:url\" content=\"https:\/\/www.unirufa.it\/governance-trasparenza\/\" \/>\n<meta property=\"og:site_name\" content=\"RUFA - Rome University of Fine Arts\" \/>\n<meta property=\"article:modified_time\" content=\"2025-11-22T15:37:58+00:00\" \/>\n<meta property=\"og:image\" content=\"https:\/\/www.unirufa.it\/wp-content\/uploads\/2017\/11\/logo-rufa-2016.png\" \/>\n\t<meta property=\"og:image:width\" content=\"230\" \/>\n\t<meta property=\"og:image:height\" content=\"149\" \/>\n\t<meta property=\"og:image:type\" content=\"image\/png\" \/>\n<meta name=\"twitter:label1\" content=\"Tiempo de lectura\" \/>\n\t<meta name=\"twitter:data1\" content=\"1 minuto\" \/>\n<script type=\"application\/ld+json\" class=\"yoast-schema-graph\">{\"@context\":\"https:\/\/schema.org\",\"@graph\":[{\"@type\":\"WebPage\",\"@id\":\"https:\/\/www.unirufa.it\/governance-trasparenza\/\",\"url\":\"https:\/\/www.unirufa.it\/governance-trasparenza\/\",\"name\":\"[:it]Amministrazione Trasparente Accademia Belle Arti Roma - RUFA[:]\",\"isPartOf\":{\"@id\":\"https:\/\/www.unirufa.it\/#website\"},\"datePublished\":\"2018-06-26T10:10:30+00:00\",\"dateModified\":\"2025-11-22T15:37:58+00:00\",\"description\":\"{:it}Amministrazione trasparente: RUFA - Accademia delle belle Arti di Roma. Tutte le informazioni riguardanti l'amministrazione RUFA.{:}\",\"breadcrumb\":{\"@id\":\"https:\/\/www.unirufa.it\/governance-trasparenza\/#breadcrumb\"},\"inLanguage\":\"es\",\"potentialAction\":[{\"@type\":\"ReadAction\",\"target\":[\"https:\/\/www.unirufa.it\/governance-trasparenza\/\"]}]},{\"@type\":\"BreadcrumbList\",\"@id\":\"https:\/\/www.unirufa.it\/governance-trasparenza\/#breadcrumb\",\"itemListElement\":[{\"@type\":\"ListItem\",\"position\":1,\"name\":\"Home\",\"item\":\"https:\/\/www.unirufa.it\/\"},{\"@type\":\"ListItem\",\"position\":2,\"name\":\"Governance e trasparenza\"}]},{\"@type\":\"WebSite\",\"@id\":\"https:\/\/www.unirufa.it\/#website\",\"url\":\"https:\/\/www.unirufa.it\/\",\"name\":\"RUFA - Rome University of Fine Arts\",\"description\":\"\",\"potentialAction\":[{\"@type\":\"SearchAction\",\"target\":{\"@type\":\"EntryPoint\",\"urlTemplate\":\"https:\/\/www.unirufa.it\/?s={search_term_string}\"},\"query-input\":{\"@type\":\"PropertyValueSpecification\",\"valueRequired\":true,\"valueName\":\"search_term_string\"}}],\"inLanguage\":\"es\"}]}<\/script>\n<!-- \/ Yoast SEO plugin. -->","yoast_head_json":{"title":"Amministrazione Trasparente Accademia Belle Arti Roma - RUFA","description":"Amministrazione trasparente: RUFA - Accademia delle belle Arti di Roma. Tutte le informazioni riguardanti l'amministrazione RUFA.","robots":{"index":"index","follow":"follow","max-snippet":"max-snippet:-1","max-image-preview":"max-image-preview:large","max-video-preview":"max-video-preview:-1"},"canonical":"https:\/\/www.unirufa.it\/governance-trasparenza\/","og_locale":"es_ES","og_type":"article","og_title":"[:it]Amministrazione Trasparente Accademia Belle Arti Roma - RUFA[:]","og_description":"{:it}Amministrazione trasparente: RUFA - Accademia delle belle Arti di Roma. Tutte le informazioni riguardanti l'amministrazione RUFA.{:}","og_url":"https:\/\/www.unirufa.it\/governance-trasparenza\/","og_site_name":"RUFA - Rome University of Fine Arts","article_modified_time":"2025-11-22T15:37:58+00:00","og_image":[{"width":230,"height":149,"url":"https:\/\/www.unirufa.it\/wp-content\/uploads\/2017\/11\/logo-rufa-2016.png","type":"image\/png"}],"twitter_misc":{"Tiempo de lectura":"1 minuto"},"schema":{"@context":"https:\/\/schema.org","@graph":[{"@type":"WebPage","@id":"https:\/\/www.unirufa.it\/governance-trasparenza\/","url":"https:\/\/www.unirufa.it\/governance-trasparenza\/","name":"[:it]Amministrazione Trasparente Accademia Belle Arti Roma - RUFA[:]","isPartOf":{"@id":"https:\/\/www.unirufa.it\/#website"},"datePublished":"2018-06-26T10:10:30+00:00","dateModified":"2025-11-22T15:37:58+00:00","description":"{:it}Amministrazione trasparente: RUFA - Accademia delle belle Arti di Roma. Tutte le informazioni riguardanti l'amministrazione RUFA.{:}","breadcrumb":{"@id":"https:\/\/www.unirufa.it\/governance-trasparenza\/#breadcrumb"},"inLanguage":"es","potentialAction":[{"@type":"ReadAction","target":["https:\/\/www.unirufa.it\/governance-trasparenza\/"]}]},{"@type":"BreadcrumbList","@id":"https:\/\/www.unirufa.it\/governance-trasparenza\/#breadcrumb","itemListElement":[{"@type":"ListItem","position":1,"name":"Home","item":"https:\/\/www.unirufa.it\/"},{"@type":"ListItem","position":2,"name":"Governance e trasparenza"}]},{"@type":"WebSite","@id":"https:\/\/www.unirufa.it\/#website","url":"https:\/\/www.unirufa.it\/","name":"RUFA - Rome University of Fine Arts","description":"","potentialAction":[{"@type":"SearchAction","target":{"@type":"EntryPoint","urlTemplate":"https:\/\/www.unirufa.it\/?s={search_term_string}"},"query-input":{"@type":"PropertyValueSpecification","valueRequired":true,"valueName":"search_term_string"}}],"inLanguage":"es"}]}},"_links":{"self":[{"href":"https:\/\/www.unirufa.it\/es\/wp-json\/wp\/v2\/pages\/16734","targetHints":{"allow":["GET"]}}],"collection":[{"href":"https:\/\/www.unirufa.it\/es\/wp-json\/wp\/v2\/pages"}],"about":[{"href":"https:\/\/www.unirufa.it\/es\/wp-json\/wp\/v2\/types\/page"}],"author":[{"embeddable":true,"href":"https:\/\/www.unirufa.it\/es\/wp-json\/wp\/v2\/users\/1"}],"replies":[{"embeddable":true,"href":"https:\/\/www.unirufa.it\/es\/wp-json\/wp\/v2\/comments?post=16734"}],"version-history":[{"count":18,"href":"https:\/\/www.unirufa.it\/es\/wp-json\/wp\/v2\/pages\/16734\/revisions"}],"predecessor-version":[{"id":149605,"href":"https:\/\/www.unirufa.it\/es\/wp-json\/wp\/v2\/pages\/16734\/revisions\/149605"}],"wp:attachment":[{"href":"https:\/\/www.unirufa.it\/es\/wp-json\/wp\/v2\/media?parent=16734"}],"curies":[{"name":"wp","href":"https:\/\/api.w.org\/{rel}","templated":true}]}}