


{"id":18064,"date":"2018-11-21T12:52:48","date_gmt":"2018-11-21T12:52:48","guid":{"rendered":"https:\/\/www.unirufa.it\/?page_id=18064"},"modified":"2021-09-30T16:13:44","modified_gmt":"2021-09-30T14:13:44","slug":"progetto-aiesec","status":"publish","type":"page","link":"https:\/\/www.unirufa.it\/es\/info-studenti\/progetto-aiesec\/","title":{"rendered":"Proyecto Aiesec"},"content":{"rendered":"AIESEC es la mayor red mundial de j\u00f3venes, fundada en 1948 con el objetivo de desarrollar un liderazgo juvenil emprendedor y responsable, capaz de generar un impacto positivo en la sociedad gracias a los conocimientos t\u00e9cnicos y organizativos adquiridos dentro de la organizaci\u00f3n. Con este fin, la AIESEC ofrece oportunidades de liderazgo e intercambios internacionales en los 126 pa\u00edses en los que est\u00e1 presente. Como organizaci\u00f3n mundial, apol\u00edtica, independiente y sin fines de lucro, AIESEC permite que los j\u00f3venes se formen en un entorno internacional y multicultural, abierto a la confrontaci\u00f3n de diferentes puntos de vista y sensible a cuestiones de importancia mundial.<br \/>\nAIESEC desarrolla a sus l\u00edderes a trav\u00e9s del aprendizaje constante durante las experiencias pr\u00e1cticas, permitiendo a los j\u00f3venes aprender y desafiarse a s\u00ed mismos en un ambiente estimulante.<br \/>","protected":false},"excerpt":{"rendered":"<p>AIESEC es la mayor red mundial de j\u00f3venes, fundada en 1948 con el objetivo de desarrollar un liderazgo juvenil emprendedor y responsable, capaz de generar un impacto positivo en la sociedad gracias a los conocimientos t\u00e9cnicos y organizativos adquiridos dentro de la organizaci\u00f3n. Con este fin, la AIESEC ofrece oportunidades de liderazgo e intercambios internacionales&#8230;<\/p>\n","protected":false},"author":1,"featured_media":0,"parent":1310,"menu_order":0,"comment_status":"closed","ping_status":"closed","template":"page_aisec.php","meta":{"content-type":"","footnotes":""},"class_list":["post-18064","page","type-page","status-publish","hentry"],"yoast_head":"<!-- This site is optimized with the Yoast SEO plugin v24.2 - https:\/\/yoast.com\/wordpress\/plugins\/seo\/ -->\n<title>Progetto Aiesec - RUFA - Rome University of Fine Arts<\/title>\n<meta name=\"description\" content=\"AIESEC \u00e8 il pi\u00f9 grande network globale di giovani con l\u2019obiettivo di sviluppare una leadership giovanile imprenditoriale e responsabile.\" \/>\n<meta name=\"robots\" content=\"index, follow, max-snippet:-1, max-image-preview:large, max-video-preview:-1\" \/>\n<link rel=\"canonical\" href=\"https:\/\/www.unirufa.it\/en\/info-studenti\/progetto-aiesec\/\" \/>\n<meta property=\"og:locale\" content=\"es_ES\" \/>\n<meta property=\"og:type\" content=\"article\" \/>\n<meta property=\"og:title\" content=\"Progetto Aiesec - RUFA - Rome University of Fine Arts\" \/>\n<meta property=\"og:description\" content=\"AIESEC \u00e8 il pi\u00f9 grande network globale di giovani con l\u2019obiettivo di sviluppare una leadership giovanile imprenditoriale e responsabile.\" \/>\n<meta property=\"og:url\" content=\"https:\/\/www.unirufa.it\/en\/info-studenti\/progetto-aiesec\/\" \/>\n<meta property=\"og:site_name\" content=\"RUFA - Rome University of Fine Arts\" \/>\n<meta property=\"article:modified_time\" content=\"2021-09-30T14:13:44+00:00\" \/>\n<meta property=\"og:image\" content=\"https:\/\/www.unirufa.it\/wp-content\/uploads\/2017\/11\/logo-rufa-2016.png\" \/>\n\t<meta property=\"og:image:width\" content=\"230\" \/>\n\t<meta property=\"og:image:height\" content=\"149\" \/>\n\t<meta property=\"og:image:type\" content=\"image\/png\" \/>\n<meta name=\"twitter:label1\" content=\"Tiempo de lectura\" \/>\n\t<meta name=\"twitter:data1\" content=\"2 minutos\" \/>\n<script type=\"application\/ld+json\" class=\"yoast-schema-graph\">{\"@context\":\"https:\/\/schema.org\",\"@graph\":[{\"@type\":\"WebPage\",\"@id\":\"https:\/\/www.unirufa.it\/en\/info-studenti\/progetto-aiesec\/\",\"url\":\"https:\/\/www.unirufa.it\/en\/info-studenti\/progetto-aiesec\/\",\"name\":\"Progetto Aiesec - RUFA - Rome University of Fine Arts\",\"isPartOf\":{\"@id\":\"https:\/\/www.unirufa.it\/#website\"},\"datePublished\":\"2018-11-21T12:52:48+00:00\",\"dateModified\":\"2021-09-30T14:13:44+00:00\",\"description\":\"AIESEC \u00e8 il pi\u00f9 grande network globale di giovani con l\u2019obiettivo di sviluppare una leadership giovanile imprenditoriale e responsabile.\",\"breadcrumb\":{\"@id\":\"https:\/\/www.unirufa.it\/en\/info-studenti\/progetto-aiesec\/#breadcrumb\"},\"inLanguage\":\"es\",\"potentialAction\":[{\"@type\":\"ReadAction\",\"target\":[\"https:\/\/www.unirufa.it\/en\/info-studenti\/progetto-aiesec\/\"]}]},{\"@type\":\"BreadcrumbList\",\"@id\":\"https:\/\/www.unirufa.it\/en\/info-studenti\/progetto-aiesec\/#breadcrumb\",\"itemListElement\":[{\"@type\":\"ListItem\",\"position\":1,\"name\":\"Home\",\"item\":\"https:\/\/www.unirufa.it\/\"},{\"@type\":\"ListItem\",\"position\":2,\"name\":\"Info Studenti e Servizi\",\"item\":\"https:\/\/www.unirufa.it\/info-studenti\/\"},{\"@type\":\"ListItem\",\"position\":3,\"name\":\"AIESEC Project\"}]},{\"@type\":\"WebSite\",\"@id\":\"https:\/\/www.unirufa.it\/#website\",\"url\":\"https:\/\/www.unirufa.it\/\",\"name\":\"RUFA - Rome University of Fine Arts\",\"description\":\"\",\"potentialAction\":[{\"@type\":\"SearchAction\",\"target\":{\"@type\":\"EntryPoint\",\"urlTemplate\":\"https:\/\/www.unirufa.it\/?s={search_term_string}\"},\"query-input\":{\"@type\":\"PropertyValueSpecification\",\"valueRequired\":true,\"valueName\":\"search_term_string\"}}],\"inLanguage\":\"es\"}]}<\/script>\n<!-- \/ Yoast SEO plugin. -->","yoast_head_json":{"title":"Progetto Aiesec - RUFA - Rome University of Fine Arts","description":"AIESEC \u00e8 il pi\u00f9 grande network globale di giovani con l\u2019obiettivo di sviluppare una leadership giovanile imprenditoriale e responsabile.","robots":{"index":"index","follow":"follow","max-snippet":"max-snippet:-1","max-image-preview":"max-image-preview:large","max-video-preview":"max-video-preview:-1"},"canonical":"https:\/\/www.unirufa.it\/en\/info-studenti\/progetto-aiesec\/","og_locale":"es_ES","og_type":"article","og_title":"Progetto Aiesec - RUFA - Rome University of Fine Arts","og_description":"AIESEC \u00e8 il pi\u00f9 grande network globale di giovani con l\u2019obiettivo di sviluppare una leadership giovanile imprenditoriale e responsabile.","og_url":"https:\/\/www.unirufa.it\/en\/info-studenti\/progetto-aiesec\/","og_site_name":"RUFA - Rome University of Fine Arts","article_modified_time":"2021-09-30T14:13:44+00:00","og_image":[{"width":230,"height":149,"url":"https:\/\/www.unirufa.it\/wp-content\/uploads\/2017\/11\/logo-rufa-2016.png","type":"image\/png"}],"twitter_misc":{"Tiempo de lectura":"2 minutos"},"schema":{"@context":"https:\/\/schema.org","@graph":[{"@type":"WebPage","@id":"https:\/\/www.unirufa.it\/en\/info-studenti\/progetto-aiesec\/","url":"https:\/\/www.unirufa.it\/en\/info-studenti\/progetto-aiesec\/","name":"Progetto Aiesec - RUFA - Rome University of Fine Arts","isPartOf":{"@id":"https:\/\/www.unirufa.it\/#website"},"datePublished":"2018-11-21T12:52:48+00:00","dateModified":"2021-09-30T14:13:44+00:00","description":"AIESEC \u00e8 il pi\u00f9 grande network globale di giovani con l\u2019obiettivo di sviluppare una leadership giovanile imprenditoriale e responsabile.","breadcrumb":{"@id":"https:\/\/www.unirufa.it\/en\/info-studenti\/progetto-aiesec\/#breadcrumb"},"inLanguage":"es","potentialAction":[{"@type":"ReadAction","target":["https:\/\/www.unirufa.it\/en\/info-studenti\/progetto-aiesec\/"]}]},{"@type":"BreadcrumbList","@id":"https:\/\/www.unirufa.it\/en\/info-studenti\/progetto-aiesec\/#breadcrumb","itemListElement":[{"@type":"ListItem","position":1,"name":"Home","item":"https:\/\/www.unirufa.it\/"},{"@type":"ListItem","position":2,"name":"Info Studenti e Servizi","item":"https:\/\/www.unirufa.it\/info-studenti\/"},{"@type":"ListItem","position":3,"name":"AIESEC Project"}]},{"@type":"WebSite","@id":"https:\/\/www.unirufa.it\/#website","url":"https:\/\/www.unirufa.it\/","name":"RUFA - Rome University of Fine Arts","description":"","potentialAction":[{"@type":"SearchAction","target":{"@type":"EntryPoint","urlTemplate":"https:\/\/www.unirufa.it\/?s={search_term_string}"},"query-input":{"@type":"PropertyValueSpecification","valueRequired":true,"valueName":"search_term_string"}}],"inLanguage":"es"}]}},"_links":{"self":[{"href":"https:\/\/www.unirufa.it\/es\/wp-json\/wp\/v2\/pages\/18064","targetHints":{"allow":["GET"]}}],"collection":[{"href":"https:\/\/www.unirufa.it\/es\/wp-json\/wp\/v2\/pages"}],"about":[{"href":"https:\/\/www.unirufa.it\/es\/wp-json\/wp\/v2\/types\/page"}],"author":[{"embeddable":true,"href":"https:\/\/www.unirufa.it\/es\/wp-json\/wp\/v2\/users\/1"}],"replies":[{"embeddable":true,"href":"https:\/\/www.unirufa.it\/es\/wp-json\/wp\/v2\/comments?post=18064"}],"version-history":[{"count":7,"href":"https:\/\/www.unirufa.it\/es\/wp-json\/wp\/v2\/pages\/18064\/revisions"}],"predecessor-version":[{"id":53123,"href":"https:\/\/www.unirufa.it\/es\/wp-json\/wp\/v2\/pages\/18064\/revisions\/53123"}],"up":[{"embeddable":true,"href":"https:\/\/www.unirufa.it\/es\/wp-json\/wp\/v2\/pages\/1310"}],"wp:attachment":[{"href":"https:\/\/www.unirufa.it\/es\/wp-json\/wp\/v2\/media?parent=18064"}],"curies":[{"name":"wp","href":"https:\/\/api.w.org\/{rel}","templated":true}]}}