


{"id":1848,"date":"2013-10-11T09:06:52","date_gmt":"2013-10-11T09:06:52","guid":{"rendered":"http:\/\/www.unirufa.it\/?page_id=1848"},"modified":"2026-03-25T22:00:22","modified_gmt":"2026-03-25T21:00:22","slug":"pittura-e-disegno","status":"publish","type":"page","link":"https:\/\/www.unirufa.it\/es\/offerta-formativa\/corsi-brevi\/laboratorio-creativo\/pittura-e-disegno\/","title":{"rendered":"Pintura"},"content":{"rendered":"<h4>Adquiere t\u00e9cnicas de pintura a trav\u00e9s de un curso pr\u00e1ctico en la Academia<\/h4>\n<p>Al final del curso, se emitir\u00e1 un certificado de asistencia, siempre que el participante asista al menos a 8 de las 10 lecciones programadas. Esto puede incluir el posible reconocimiento de 2 cr\u00e9ditos CFA.<\/p>\n<p>El curso de Disciplinas de Pintura est\u00e1 dise\u00f1ado para cualquier persona interesada en acercarse a la pr\u00e1ctica de la pintura mediante una serie de sesiones grupales en taller. Las clases pr\u00e1cticas estar\u00e1n precedidas por breves presentaciones te\u00f3ricas, apoyadas por materiales en diapositivas, centradas en la teor\u00eda del color, reglas b\u00e1sicas de composici\u00f3n, diversas t\u00e9cnicas y procesos pict\u00f3ricos, y la exploraci\u00f3n tem\u00e1tica de diferentes \u00e1reas de investigaci\u00f3n y experimentaci\u00f3n art\u00edstica.<\/p>\n<p>Siguiendo un camino de investigaci\u00f3n personal guiado por el docente, los estudiantes adquirir\u00e1n experiencia pr\u00e1ctica con los distintos enfoques t\u00e9cnicos abordados y aplicados durante el desarrollo de sus proyectos. El objetivo es ayudar a los estudiantes a descubrir su propia voz art\u00edstica, desarrollar un modo de expresi\u00f3n personal, cultivar una perspectiva aut\u00e9ntica y dar forma visible a su impulso innato de crear a trav\u00e9s de la pintura.<br \/>\n&nbsp;<\/p>\n\n&nbsp;<\/p>\n\n    <div class=\"panel-group\" id=\"accordion\" role=\"tablist\" aria-multiselectable=\"true\">\n        \n\n<article class=\"panel panel-default\" role=\"article\" itemscope itemtype=\"http:\/\/schema.org\/BlogPosting\">\n    <div class=\"panel-heading\" role=\"tab\" id=\"heading1\">\n\t    <h4 class=\"panel-title\">\n\t        <a class=\"collapsed\" role=\"button\" data-toggle=\"collapse\" data-parent=\"#accordion\" href=\"#collapse1\" aria-expanded=\"false\" aria-controls=\"collapse1\" itemprop=\"headline\"><strong>INFORMACI\u00d3N GENERAL<\/strong>\t        \t<span class=\"courses\">\n                 \n\t        \t<\/span>\n\t        <\/a>\n\t    <\/h4>\n\t<\/div>\n<\/article>\n\n\n    <div id=\"collapse1\" class=\"panel-collapse collapse \" role=\"tabpanel\" aria-labelledby=\"heading1\">\n        <div class=\"panel-body\" itemprop=\"articleBody\">\n            <div class=\"item-description\">\n                \n<p><strong>Tipo de curso:<\/strong> sesi\u00f3n grupal &#8211; presencial<br \/>\n<strong>Participantes:<\/strong> M\u00e1ximo 15<br \/>\n<strong>Frecuencia:<\/strong> semanal, los s\u00e1bados de 9:00 a 13:00 o de 14:00 a 18:00<br \/>\n<strong>Duraci\u00f3n:<\/strong> 10 lecciones \u2013 total de 40 horas<br \/>\n<strong>Costo:<\/strong> \u20ac 590,00 en un \u00fanico pago o en dos cuotas (\u20ac 300 cada una)<br \/>\n<strong>Materiales:<\/strong> a cargo del estudiante<br \/>\n<strong>Idioma:<\/strong> Italiano<br \/>\n<strong>Docente:<\/strong> Guido D&#8217;Angelo<br \/>\n<strong>Ubicaci\u00f3n:<\/strong> RUFA \u2013 Via degli Ausoni, 7 \u2013 Roma  <\/p>\n            <\/div>\n        <\/div>\n    <\/div>\n    \n\n<article class=\"panel panel-default\" role=\"article\" itemscope itemtype=\"http:\/\/schema.org\/BlogPosting\">\n    <div class=\"panel-heading\" role=\"tab\" id=\"heading3\">\n\t    <h4 class=\"panel-title\">\n\t        <a class=\"collapsed\" role=\"button\" data-toggle=\"collapse\" data-parent=\"#accordion\" href=\"#collapse3\" aria-expanded=\"false\" aria-controls=\"collapse3\" itemprop=\"headline\"><strong>PROGRAMA DEL CURSO<\/strong>\t        \t<span class=\"courses\">\n                 \n\t        \t<\/span>\n\t        <\/a>\n\t    <\/h4>\n\t<\/div>\n<\/article>\n\n\n    <div id=\"collapse3\" class=\"panel-collapse collapse \" role=\"tabpanel\" aria-labelledby=\"heading3\">\n        <div class=\"panel-body\" itemprop=\"articleBody\">\n            <div class=\"item-description\">\n                \n<p><strong>Objetivos:<\/strong> Los estudiantes desarrollan su propio estilo mediante un enfoque pr\u00e1ctico mientras aprenden todos los fundamentos te\u00f3ricos y t\u00e9cnicos.<br \/>\nA trav\u00e9s de la exploraci\u00f3n de temas espec\u00edficos como \u00abel paisaje entre visi\u00f3n y composici\u00f3n\u00bb, \u00abel autorretrato: ver lo invisible\u00bb, \u00abnaturaleza muerta: construir y deconstruir hacia lo abstracto\u00bb, los estudiantes adquirir\u00e1n t\u00e9cnicas de pintura con acr\u00edlicos.<\/p>\n<p>Otros temas ser\u00e1n los siguientes:<br \/>\n&#8211; Teor\u00eda del color, armon\u00eda y organizaci\u00f3n crom\u00e1tica<br \/>\n&#8211; Composici\u00f3n<br \/>\n&#8211; Gouache, pintura gestual y mat\u00e9rico<\/p>\n<p><strong>Bibliograf\u00eda sugerida:<\/strong><br \/>\nJohannes Itten \u2013 Arte del color, Ediz. Il Saggiatore, 2007<br \/>\nAlberto Boatto \u2013 De todos los colores. De Matisse a Boetti, las elecciones crom\u00e1ticas del arte moderno, Ediz. Laterza, 2012<br \/>\nPhilip Ball \u2013 Color. Una biograf\u00eda. Entre arte, historia y qu\u00edmica, la belleza y los misterios del mundo del color, Ediz. BUR, 2014<\/p>\n<p><strong>Materiales:<\/strong><br \/>\n1 l\u00e1piz grafito (a elegir entre Caran d&#8217;Ache &#8211; Staedtler &#8211; Winsor &#038; Newton \u2013 Cont\u00e9 \u00e0 Paris &#8211; Koh i Noor &#8211; Faber Castell &#8211; Derwent), graduaci\u00f3n: 2B o 4B; 1 goma blanca Staedtler (o similar); 1 sacapuntas; 1 paquete de carboncillo en bastones Winsor &#038; Newton (u otra marca) tama\u00f1o medio; 1 frasco de tinta china negra de 30 ml. Winsor &#038; Newton; 10 hojas de papel \u00abpapel de borrador\u00bb formato 70X100 CM.; un rollo de cinta adhesiva de papel amarilla de 3 cm de ancho.<\/p>\n<p>Materiales para la t\u00e9cnica con colores en emulsi\u00f3n vin\u00edlica al agua Flasche de Lefranc Bourgeois;<br \/>\nColores: 1 blanco de titanio 022; 1 amarillo japon\u00e9s claro 183; 1 rojo carm\u00edn 366; 1 azul ultramar 043; 1 azul ftalo 036; 1 tierra de siena natural 482; 1 tierra sombra natural 478; 1 negro 265; 1 bote de yeso blanco acr\u00edlico 500 ml. Lefranc Bourgeois.<br \/>\nPinceles planos con mango largo de cerda de cerdo o sint\u00e9ticos duros (tipo duro &#8211; cada marca tiene su propia clasificaci\u00f3n, generalmente de 0 a 28): 1 pincel, tama\u00f1o medio, n\u00famero 14 o 16; 1 pincel, tama\u00f1o peque\u00f1o, n\u00famero 6 u 8; 1 pincel, tama\u00f1o peque\u00f1o, n\u00famero 2; 2 brochas planas de cerda de cerdo (una n. 25 o n. 30 y una n. 50 o n. 60 &#8211; la marca Tintoretto ofrece buena relaci\u00f3n calidad-precio); 1 esp\u00e1tula de acero (suficiente para tomar el color del bote).<\/p>\n<p>Lienzos: Prever un lienzo por clase (medida 50 X 60 cm)<\/p>\n<p>Otros materiales: platos de pl\u00e1stico planos y grandes; recipiente para agua (tipo bol alto o tarro); trapos de tela para limpiar materiales y herramientas.<\/p>\n<p>Para m\u00e1s informaci\u00f3n sobre pedidos de materiales y descuentos, por favor contacta a <a href=\"mailto:corsibrevi@unirufa.it\" rel=\"noopener\" target=\"_blank\">corsibrevi@unirufa.it<\/a>.<\/p>\n            <\/div>\n        <\/div>\n    <\/div>\n    \n\n<article class=\"panel panel-default\" role=\"article\" itemscope itemtype=\"http:\/\/schema.org\/BlogPosting\">\n    <div class=\"panel-heading\" role=\"tab\" id=\"heading4\">\n\t    <h4 class=\"panel-title\">\n\t        <a class=\"collapsed\" role=\"button\" data-toggle=\"collapse\" data-parent=\"#accordion\" href=\"#collapse4\" aria-expanded=\"false\" aria-controls=\"collapse4\" itemprop=\"headline\"><strong>DOCENTE - GUIDO D'ANGELO<\/strong>\t        \t<span class=\"courses\">\n                 \n\t        \t<\/span>\n\t        <\/a>\n\t    <\/h4>\n\t<\/div>\n<\/article>\n\n\n    <div id=\"collapse4\" class=\"panel-collapse collapse \" role=\"tabpanel\" aria-labelledby=\"heading4\">\n        <div class=\"panel-body\" itemprop=\"articleBody\">\n            <div class=\"item-description\">\n                \n<p>Guido D&#8217;Angelo, artista y docente de Pintura, naci\u00f3 en 1971 en Roma, donde vive y trabaja. Se gradu\u00f3 con honores en la Academia de Bellas Artes de Roma con el artista Gino Marotta, y obtuvo la habilitaci\u00f3n docente en 2008. En 2009, consigui\u00f3 un m\u00e1ster en Ciencias de la Educaci\u00f3n por la Universidad Niccol\u00f2 Cusano.<br \/>\nEn 1996 fue uno de los fundadores del grupo &#8216;SANGIORGIO&#8217;, dedicado a la experimentaci\u00f3n t\u00e9cnica de Diaproyeciones Multiverso, inspiradas en la hist\u00f3rica &#8216;Lanterna Magika&#8217;. En 2005, en Berl\u00edn, fund\u00f3 el ALIACORPORA PROJECT, un proyecto colectivo centrado en los conceptos de Acci\u00f3n-Imagen-Entorno. De 2006 a 2010 colabor\u00f3 con el artista Paolo Cotani. En 2013 fund\u00f3 el proyecto MAGTRE. En 2020 fund\u00f3 el laboratorio KHLAB Laboratorio Kaspar Hauser.<br \/>\nSu investigaci\u00f3n se centra en la pintura entendida como un lenguaje y un sistema de procesos. Su obra se articula e incluye enfoques instalativos con el uso de diferentes materiales como goma, metal, madera y tela.<br \/>\nDesde 2018 es docente de T\u00e9cnicas y Tecnolog\u00edas en RUFA.<\/p>\n<p><img loading=\"lazy\" decoding=\"async\" src=\"https:\/\/www.unirufa.it\/wp-content\/uploads\/2023\/11\/portrait-Guido-Dangelo.png\" alt=\"\" width=\"291\" height=\"291\" class=\"alignnone size-full wp-image-114611\" srcset=\"https:\/\/www.unirufa.it\/wp-content\/uploads\/2023\/11\/portrait-Guido-Dangelo.png 291w, https:\/\/www.unirufa.it\/wp-content\/uploads\/2023\/11\/portrait-Guido-Dangelo-150x150.png 150w, https:\/\/www.unirufa.it\/wp-content\/uploads\/2023\/11\/portrait-Guido-Dangelo-125x125.png 125w\" sizes=\"auto, (max-width: 291px) 100vw, 291px\" \/><br \/>\n&nbsp;<br \/>\nInstagram: <a href=\"https:\/\/www.instagram.com\/magtrestudio__gdartproject\/\" rel=\"noopener\" target=\"_blank\">magtrestudio__gdartproject<\/a><br \/>\n<a href=\"https:\/\/magtrestudio.wordpress.com\/\" rel=\"noopener\" target=\"_blank\">Sitio web 1<\/a><br \/>\n<a href=\"https:\/\/www.khlab.it\/\" rel=\"noopener\" target=\"_blank\">Sitio web 2<\/a><\/p>\n            <\/div>\n        <\/div>\n    <\/div>\n    \n\n<article class=\"panel panel-default\" role=\"article\" itemscope itemtype=\"http:\/\/schema.org\/BlogPosting\">\n    <div class=\"panel-heading\" role=\"tab\" id=\"heading5\">\n\t    <h4 class=\"panel-title\">\n\t        <a class=\"collapsed\" role=\"button\" data-toggle=\"collapse\" data-parent=\"#accordion\" href=\"#collapse5\" aria-expanded=\"false\" aria-controls=\"collapse5\" itemprop=\"headline\"><strong>DESCUENTOS EN LA MATR\u00cdCULA<\/strong>\t        \t<span class=\"courses\">\n                 \n\t        \t<\/span>\n\t        <\/a>\n\t    <\/h4>\n\t<\/div>\n<\/article>\n\n\n    <div id=\"collapse5\" class=\"panel-collapse collapse \" role=\"tabpanel\" aria-labelledby=\"heading5\">\n        <div class=\"panel-body\" itemprop=\"articleBody\">\n            <div class=\"item-description\">\n                \n<p><strong>Estudiantes y alumni RUFA:<\/strong> 50%<br \/>\n<strong>Alumni de cursos intensivos y de verano RUFA 2023-24:<\/strong> 10%<br \/>\n<strong>Estudiantes universitarios:<\/strong> 5% (previa presentaci\u00f3n del carnet universitario)<br \/>\n<strong>Paquetes de cursos \/ grupos \/ familia:<\/strong> contactar a <a href=\"mailto:corsibrevi@unirufa.it\">corsibrevi@unirufa.it<\/a><\/p>\n            <\/div>\n        <\/div>\n    <\/div>\n    \n    <\/div>\n    \n&nbsp;<\/p>\n<h3>Rellena el formulario para ser contactado por nuestro equipo<\/h3>\n\n\t\t\t\t\t<script>\n\t\t\t\t\t\twindow.hsFormsOnReady = window.hsFormsOnReady || [];\n\t\t\t\t\t\twindow.hsFormsOnReady.push(()=>{\n\t\t\t\t\t\t\thbspt.forms.create({\n\t\t\t\t\t\t\t\tportalId: 147413364,\n\t\t\t\t\t\t\t\tformId: \"1281b2dc-f238-4c40-b1b6-0ebea1bef9b8\",\n\t\t\t\t\t\t\t\ttarget: \"#hbspt-form-1776156443000-8744003431\",\n\t\t\t\t\t\t\t\tregion: \"eu1\",\n\t\t\t\t\t\t\t\t\n\t\t\t\t\t\t})});\n\t\t\t\t\t<\/script>\n\t\t\t\t\t<div class=\"hbspt-form\" id=\"hbspt-form-1776156443000-8744003431\"><\/div>\n<p>&nbsp;","protected":false},"excerpt":{"rendered":"<p>Adquiere t\u00e9cnicas de pintura a trav\u00e9s de un curso pr\u00e1ctico en la Academia Al final del curso, se emitir\u00e1 un certificado de asistencia, siempre que el participante asista al menos a 8 de las 10 lecciones programadas. Esto puede incluir el posible reconocimiento de 2 cr\u00e9ditos CFA. El curso de Disciplinas de Pintura est\u00e1 dise\u00f1ado&#8230;<\/p>\n","protected":false},"author":1,"featured_media":114603,"parent":10850,"menu_order":13,"comment_status":"closed","ping_status":"closed","template":"page_short_course.php","meta":{"content-type":"","footnotes":""},"class_list":["post-1848","page","type-page","status-publish","has-post-thumbnail","hentry"],"yoast_head":"<!-- This site is optimized with the Yoast SEO plugin v24.2 - https:\/\/yoast.com\/wordpress\/plugins\/seo\/ -->\n<title>Corsi Brevi di Pittura e Disegno all&#039;Accademia delle Belle Arti - RUFA<\/title>\n<meta name=\"description\" content=\"Scopri i corsi brevi di pittura presso l&#039;Accademia delle belle Arti di Roma e trova il percorso formativo pi\u00f9 adatto a te!\" \/>\n<meta name=\"robots\" content=\"index, follow, max-snippet:-1, max-image-preview:large, max-video-preview:-1\" \/>\n<link rel=\"canonical\" href=\"https:\/\/www.unirufa.it\/offerta-formativa\/corsi-brevi\/laboratorio-creativo\/pittura-e-disegno\/\" \/>\n<meta property=\"og:locale\" content=\"es_ES\" \/>\n<meta property=\"og:type\" content=\"article\" \/>\n<meta property=\"og:title\" content=\"[:it]Corsi Brevi di Pittura e Disegno all&#039;Accademia delle Belle Arti - RUFA[:]\" \/>\n<meta property=\"og:description\" content=\"{:it}Scopri i corsi brevi di pittura presso l&#039;Accademia delle belle Arti di Roma e trova il percorso formativo pi\u00f9 adatto a te!{:}\" \/>\n<meta property=\"og:url\" content=\"https:\/\/www.unirufa.it\/offerta-formativa\/corsi-brevi\/laboratorio-creativo\/pittura-e-disegno\/\" \/>\n<meta property=\"og:site_name\" content=\"RUFA - Rome University of Fine Arts\" \/>\n<meta property=\"article:modified_time\" content=\"2026-03-25T21:00:22+00:00\" \/>\n<meta property=\"og:image\" content=\"https:\/\/www.unirufa.it\/wp-content\/uploads\/2023\/11\/corso-breve-pittura.png\" \/>\n\t<meta property=\"og:image:width\" content=\"1440\" \/>\n\t<meta property=\"og:image:height\" content=\"600\" \/>\n\t<meta property=\"og:image:type\" content=\"image\/png\" \/>\n<meta name=\"twitter:label1\" content=\"Tiempo de lectura\" \/>\n\t<meta name=\"twitter:data1\" content=\"18 minutos\" \/>\n<script type=\"application\/ld+json\" class=\"yoast-schema-graph\">{\"@context\":\"https:\/\/schema.org\",\"@graph\":[{\"@type\":\"WebPage\",\"@id\":\"https:\/\/www.unirufa.it\/offerta-formativa\/corsi-brevi\/laboratorio-creativo\/pittura-e-disegno\/\",\"url\":\"https:\/\/www.unirufa.it\/offerta-formativa\/corsi-brevi\/laboratorio-creativo\/pittura-e-disegno\/\",\"name\":\"[:it]Corsi Brevi di Pittura e Disegno all'Accademia delle Belle Arti - RUFA[:]\",\"isPartOf\":{\"@id\":\"https:\/\/www.unirufa.it\/#website\"},\"primaryImageOfPage\":{\"@id\":\"https:\/\/www.unirufa.it\/offerta-formativa\/corsi-brevi\/laboratorio-creativo\/pittura-e-disegno\/#primaryimage\"},\"image\":{\"@id\":\"https:\/\/www.unirufa.it\/offerta-formativa\/corsi-brevi\/laboratorio-creativo\/pittura-e-disegno\/#primaryimage\"},\"thumbnailUrl\":\"https:\/\/www.unirufa.it\/wp-content\/uploads\/2023\/11\/corso-breve-pittura.png\",\"datePublished\":\"2013-10-11T09:06:52+00:00\",\"dateModified\":\"2026-03-25T21:00:22+00:00\",\"description\":\"{:it}Scopri i corsi brevi di pittura presso l'Accademia delle belle Arti di Roma e trova il percorso formativo pi\u00f9 adatto a te!{:}\",\"breadcrumb\":{\"@id\":\"https:\/\/www.unirufa.it\/offerta-formativa\/corsi-brevi\/laboratorio-creativo\/pittura-e-disegno\/#breadcrumb\"},\"inLanguage\":\"es\",\"potentialAction\":[{\"@type\":\"ReadAction\",\"target\":[\"https:\/\/www.unirufa.it\/offerta-formativa\/corsi-brevi\/laboratorio-creativo\/pittura-e-disegno\/\"]}]},{\"@type\":\"ImageObject\",\"inLanguage\":\"es\",\"@id\":\"https:\/\/www.unirufa.it\/offerta-formativa\/corsi-brevi\/laboratorio-creativo\/pittura-e-disegno\/#primaryimage\",\"url\":\"https:\/\/www.unirufa.it\/wp-content\/uploads\/2023\/11\/corso-breve-pittura.png\",\"contentUrl\":\"https:\/\/www.unirufa.it\/wp-content\/uploads\/2023\/11\/corso-breve-pittura.png\",\"width\":1440,\"height\":600,\"caption\":\"corso breve pittura\"},{\"@type\":\"BreadcrumbList\",\"@id\":\"https:\/\/www.unirufa.it\/offerta-formativa\/corsi-brevi\/laboratorio-creativo\/pittura-e-disegno\/#breadcrumb\",\"itemListElement\":[{\"@type\":\"ListItem\",\"position\":1,\"name\":\"Home\",\"item\":\"https:\/\/www.unirufa.it\/\"},{\"@type\":\"ListItem\",\"position\":2,\"name\":\"Offerta formativa\",\"item\":\"https:\/\/www.unirufa.it\/offerta-formativa\/\"},{\"@type\":\"ListItem\",\"position\":3,\"name\":\"Corsi Brevi\",\"item\":\"https:\/\/www.unirufa.it\/offerta-formativa\/corsi-brevi\/\"},{\"@type\":\"ListItem\",\"position\":4,\"name\":\"Laboratorio Creativo\",\"item\":\"https:\/\/www.unirufa.it\/offerta-formativa\/corsi-brevi\/laboratorio-creativo\/\"},{\"@type\":\"ListItem\",\"position\":5,\"name\":\"Fondamenti di Pittura\"}]},{\"@type\":\"WebSite\",\"@id\":\"https:\/\/www.unirufa.it\/#website\",\"url\":\"https:\/\/www.unirufa.it\/\",\"name\":\"RUFA - Rome University of Fine Arts\",\"description\":\"\",\"potentialAction\":[{\"@type\":\"SearchAction\",\"target\":{\"@type\":\"EntryPoint\",\"urlTemplate\":\"https:\/\/www.unirufa.it\/?s={search_term_string}\"},\"query-input\":{\"@type\":\"PropertyValueSpecification\",\"valueRequired\":true,\"valueName\":\"search_term_string\"}}],\"inLanguage\":\"es\"}]}<\/script>\n<!-- \/ Yoast SEO plugin. -->","yoast_head_json":{"title":"Corsi Brevi di Pittura e Disegno all'Accademia delle Belle Arti - RUFA","description":"Scopri i corsi brevi di pittura presso l'Accademia delle belle Arti di Roma e trova il percorso formativo pi\u00f9 adatto a te!","robots":{"index":"index","follow":"follow","max-snippet":"max-snippet:-1","max-image-preview":"max-image-preview:large","max-video-preview":"max-video-preview:-1"},"canonical":"https:\/\/www.unirufa.it\/offerta-formativa\/corsi-brevi\/laboratorio-creativo\/pittura-e-disegno\/","og_locale":"es_ES","og_type":"article","og_title":"[:it]Corsi Brevi di Pittura e Disegno all'Accademia delle Belle Arti - RUFA[:]","og_description":"{:it}Scopri i corsi brevi di pittura presso l'Accademia delle belle Arti di Roma e trova il percorso formativo pi\u00f9 adatto a te!{:}","og_url":"https:\/\/www.unirufa.it\/offerta-formativa\/corsi-brevi\/laboratorio-creativo\/pittura-e-disegno\/","og_site_name":"RUFA - Rome University of Fine Arts","article_modified_time":"2026-03-25T21:00:22+00:00","og_image":[{"width":1440,"height":600,"url":"https:\/\/www.unirufa.it\/wp-content\/uploads\/2023\/11\/corso-breve-pittura.png","type":"image\/png"}],"twitter_misc":{"Tiempo de lectura":"18 minutos"},"schema":{"@context":"https:\/\/schema.org","@graph":[{"@type":"WebPage","@id":"https:\/\/www.unirufa.it\/offerta-formativa\/corsi-brevi\/laboratorio-creativo\/pittura-e-disegno\/","url":"https:\/\/www.unirufa.it\/offerta-formativa\/corsi-brevi\/laboratorio-creativo\/pittura-e-disegno\/","name":"[:it]Corsi Brevi di Pittura e Disegno all'Accademia delle Belle Arti - RUFA[:]","isPartOf":{"@id":"https:\/\/www.unirufa.it\/#website"},"primaryImageOfPage":{"@id":"https:\/\/www.unirufa.it\/offerta-formativa\/corsi-brevi\/laboratorio-creativo\/pittura-e-disegno\/#primaryimage"},"image":{"@id":"https:\/\/www.unirufa.it\/offerta-formativa\/corsi-brevi\/laboratorio-creativo\/pittura-e-disegno\/#primaryimage"},"thumbnailUrl":"https:\/\/www.unirufa.it\/wp-content\/uploads\/2023\/11\/corso-breve-pittura.png","datePublished":"2013-10-11T09:06:52+00:00","dateModified":"2026-03-25T21:00:22+00:00","description":"{:it}Scopri i corsi brevi di pittura presso l'Accademia delle belle Arti di Roma e trova il percorso formativo pi\u00f9 adatto a te!{:}","breadcrumb":{"@id":"https:\/\/www.unirufa.it\/offerta-formativa\/corsi-brevi\/laboratorio-creativo\/pittura-e-disegno\/#breadcrumb"},"inLanguage":"es","potentialAction":[{"@type":"ReadAction","target":["https:\/\/www.unirufa.it\/offerta-formativa\/corsi-brevi\/laboratorio-creativo\/pittura-e-disegno\/"]}]},{"@type":"ImageObject","inLanguage":"es","@id":"https:\/\/www.unirufa.it\/offerta-formativa\/corsi-brevi\/laboratorio-creativo\/pittura-e-disegno\/#primaryimage","url":"https:\/\/www.unirufa.it\/wp-content\/uploads\/2023\/11\/corso-breve-pittura.png","contentUrl":"https:\/\/www.unirufa.it\/wp-content\/uploads\/2023\/11\/corso-breve-pittura.png","width":1440,"height":600,"caption":"corso breve pittura"},{"@type":"BreadcrumbList","@id":"https:\/\/www.unirufa.it\/offerta-formativa\/corsi-brevi\/laboratorio-creativo\/pittura-e-disegno\/#breadcrumb","itemListElement":[{"@type":"ListItem","position":1,"name":"Home","item":"https:\/\/www.unirufa.it\/"},{"@type":"ListItem","position":2,"name":"Offerta formativa","item":"https:\/\/www.unirufa.it\/offerta-formativa\/"},{"@type":"ListItem","position":3,"name":"Corsi Brevi","item":"https:\/\/www.unirufa.it\/offerta-formativa\/corsi-brevi\/"},{"@type":"ListItem","position":4,"name":"Laboratorio Creativo","item":"https:\/\/www.unirufa.it\/offerta-formativa\/corsi-brevi\/laboratorio-creativo\/"},{"@type":"ListItem","position":5,"name":"Fondamenti di Pittura"}]},{"@type":"WebSite","@id":"https:\/\/www.unirufa.it\/#website","url":"https:\/\/www.unirufa.it\/","name":"RUFA - Rome University of Fine Arts","description":"","potentialAction":[{"@type":"SearchAction","target":{"@type":"EntryPoint","urlTemplate":"https:\/\/www.unirufa.it\/?s={search_term_string}"},"query-input":{"@type":"PropertyValueSpecification","valueRequired":true,"valueName":"search_term_string"}}],"inLanguage":"es"}]}},"_links":{"self":[{"href":"https:\/\/www.unirufa.it\/es\/wp-json\/wp\/v2\/pages\/1848","targetHints":{"allow":["GET"]}}],"collection":[{"href":"https:\/\/www.unirufa.it\/es\/wp-json\/wp\/v2\/pages"}],"about":[{"href":"https:\/\/www.unirufa.it\/es\/wp-json\/wp\/v2\/types\/page"}],"author":[{"embeddable":true,"href":"https:\/\/www.unirufa.it\/es\/wp-json\/wp\/v2\/users\/1"}],"replies":[{"embeddable":true,"href":"https:\/\/www.unirufa.it\/es\/wp-json\/wp\/v2\/comments?post=1848"}],"version-history":[{"count":239,"href":"https:\/\/www.unirufa.it\/es\/wp-json\/wp\/v2\/pages\/1848\/revisions"}],"predecessor-version":[{"id":152309,"href":"https:\/\/www.unirufa.it\/es\/wp-json\/wp\/v2\/pages\/1848\/revisions\/152309"}],"up":[{"embeddable":true,"href":"https:\/\/www.unirufa.it\/es\/wp-json\/wp\/v2\/pages\/10850"}],"wp:featuredmedia":[{"embeddable":true,"href":"https:\/\/www.unirufa.it\/es\/wp-json\/wp\/v2\/media\/114603"}],"wp:attachment":[{"href":"https:\/\/www.unirufa.it\/es\/wp-json\/wp\/v2\/media?parent=1848"}],"curies":[{"name":"wp","href":"https:\/\/api.w.org\/{rel}","templated":true}]}}