


{"id":1860,"date":"2013-10-11T09:20:24","date_gmt":"2013-10-11T09:20:24","guid":{"rendered":"http:\/\/www.unirufa.it\/?page_id=1860"},"modified":"2025-10-17T23:01:20","modified_gmt":"2025-10-17T21:01:20","slug":"fiere","status":"publish","type":"page","link":"https:\/\/www.unirufa.it\/es\/orientamento\/fiere\/","title":{"rendered":"Ferias de orientaci\u00f3n"},"content":{"rendered":"Los representantes de RUFA asisten regularmente a diferentes ferias y exposiciones de orientaci\u00f3n a trav\u00e9s de stands informativos donde se ofrece m\u00e1s informaci\u00f3n sobre RUFA.<\/p>\n<h3>Calendario 2025\/26<\/h3>\n<p>Italia \u2013 2025\/26<br \/>\n> Campus Orienta \u2013 Sal\u00f3n del Estudiante \u2013 Mil\u00e1n (Novegro) \u2013 16\u201317 de octubre de 2025<br \/>\n> Young International Forum \u2013 Roma \u2013 21\u201322\u201323 de octubre de 2025<br \/>\n> Punto d\u2019Incontro \u2013 Pordenone \u2013 12\u201313 de noviembre de 2025<br \/>\n> Young \u2013 Sal\u00f3n Nacional del Estudiante \u2013 Mil\u00e1n (Erba) \u2013 13\u201314\u201315 de noviembre de 2025<br \/>\n> Campus Orienta \u2013 Sal\u00f3n del Estudiante \u2013 Roma \u2013 18\u201319\u201320 de noviembre de 2025<br \/>\n> Job Orienta \u2013 Verona \u2013 26\u201327\u201328\u201329 de noviembre de 2025<br \/>\n> Campus Orienta \u2013 Sal\u00f3n del Estudiante \u2013 Bari \u2013 10\u201311\u201312 de diciembre de 2025<\/p>\n<p>Ferias Internacionales 2025\/26<br \/>\n> Begin \u2013 Education International Fair Kazajist\u00e1n \u2013 Astan\u00e1 \u2013 11 de octubre de 2025<br \/>\n> Begin \u2013 Education International Fair Kazajist\u00e1n \u2013 Almat\u00fd \u2013 12 de octubre de 2025<br \/>\n> Inarts Fair \u2013 Turqu\u00eda \u2013 11\u201312 de octubre de 2025<br \/>\n> Begin Edu Fair \u2013 Azerbaiy\u00e1n (Bak\u00fa) \u2013 19 de octubre de 2025<br \/>\n> Begin Edu Fair \u2013 Georgia (Tiflis) \u2013 22 de octubre de 2025<br \/>\n> Study in Italy Days Turqu\u00eda \u2013 Estambul: 22 de noviembre<br \/>\n> Study in Italy Days Turqu\u00eda \u2013 Esmirna: 24 de noviembre<br \/>\n> Study in Italy Days Turqu\u00eda \u2013 Ankara: 26 de noviembre","protected":false},"excerpt":{"rendered":"<p>Los representantes de RUFA asisten regularmente a diferentes ferias y exposiciones de orientaci\u00f3n a trav\u00e9s de stands informativos donde se ofrece m\u00e1s informaci\u00f3n sobre RUFA. Calendario 2025\/26 Italia \u2013 2025\/26 > Campus Orienta \u2013 Sal\u00f3n del Estudiante \u2013 Mil\u00e1n (Novegro) \u2013 16\u201317 de octubre de 2025 > Young International Forum \u2013 Roma \u2013 21\u201322\u201323 de&#8230;<\/p>\n","protected":false},"author":1,"featured_media":0,"parent":48672,"menu_order":0,"comment_status":"closed","ping_status":"closed","template":"","meta":{"content-type":"","footnotes":""},"class_list":["post-1860","page","type-page","status-publish","hentry"],"yoast_head":"<!-- This site is optimized with the Yoast SEO plugin v24.2 - https:\/\/yoast.com\/wordpress\/plugins\/seo\/ -->\n<title>Saloni e Fiere di Orientamento universitario - RUFA<\/title>\n<meta name=\"description\" content=\"RUFA partecipa a diversi Saloni e Fiere di Orientamentodove puoi visitare lo stand e incontrare i nostri incaricati per informazioni.\" \/>\n<meta name=\"robots\" content=\"index, follow, max-snippet:-1, max-image-preview:large, max-video-preview:-1\" \/>\n<link rel=\"canonical\" href=\"https:\/\/www.unirufa.it\/orientamento\/fiere\/\" \/>\n<meta property=\"og:locale\" content=\"es_ES\" \/>\n<meta property=\"og:type\" content=\"article\" \/>\n<meta property=\"og:title\" content=\"[:it]Saloni e Fiere di Orientamento universitario - RUFA[:]\" \/>\n<meta property=\"og:description\" content=\"{:it}RUFA partecipa a diversi Saloni e Fiere di Orientamentodove puoi visitare lo stand e incontrare i nostri incaricati per informazioni.{:}\" \/>\n<meta property=\"og:url\" content=\"https:\/\/www.unirufa.it\/orientamento\/fiere\/\" \/>\n<meta property=\"og:site_name\" content=\"RUFA - Rome University of Fine Arts\" \/>\n<meta property=\"article:modified_time\" content=\"2025-10-17T21:01:20+00:00\" \/>\n<meta property=\"og:image\" content=\"https:\/\/www.unirufa.it\/wp-content\/uploads\/2017\/11\/logo-rufa-2016.png\" \/>\n\t<meta property=\"og:image:width\" content=\"230\" \/>\n\t<meta property=\"og:image:height\" content=\"149\" \/>\n\t<meta property=\"og:image:type\" content=\"image\/png\" \/>\n<meta name=\"twitter:label1\" content=\"Tiempo de lectura\" \/>\n\t<meta name=\"twitter:data1\" content=\"4 minutos\" \/>\n<script type=\"application\/ld+json\" class=\"yoast-schema-graph\">{\"@context\":\"https:\/\/schema.org\",\"@graph\":[{\"@type\":\"WebPage\",\"@id\":\"https:\/\/www.unirufa.it\/orientamento\/fiere\/\",\"url\":\"https:\/\/www.unirufa.it\/orientamento\/fiere\/\",\"name\":\"[:it]Saloni e Fiere di Orientamento universitario - RUFA[:]\",\"isPartOf\":{\"@id\":\"https:\/\/www.unirufa.it\/#website\"},\"datePublished\":\"2013-10-11T09:20:24+00:00\",\"dateModified\":\"2025-10-17T21:01:20+00:00\",\"description\":\"{:it}RUFA partecipa a diversi Saloni e Fiere di Orientamentodove puoi visitare lo stand e incontrare i nostri incaricati per informazioni.{:}\",\"breadcrumb\":{\"@id\":\"https:\/\/www.unirufa.it\/orientamento\/fiere\/#breadcrumb\"},\"inLanguage\":\"es\",\"potentialAction\":[{\"@type\":\"ReadAction\",\"target\":[\"https:\/\/www.unirufa.it\/orientamento\/fiere\/\"]}]},{\"@type\":\"BreadcrumbList\",\"@id\":\"https:\/\/www.unirufa.it\/orientamento\/fiere\/#breadcrumb\",\"itemListElement\":[{\"@type\":\"ListItem\",\"position\":1,\"name\":\"Home\",\"item\":\"https:\/\/www.unirufa.it\/\"},{\"@type\":\"ListItem\",\"position\":2,\"name\":\"Orientamento\",\"item\":\"https:\/\/www.unirufa.it\/orientamento\/\"},{\"@type\":\"ListItem\",\"position\":3,\"name\":\"Saloni e fiere di orientamento\"}]},{\"@type\":\"WebSite\",\"@id\":\"https:\/\/www.unirufa.it\/#website\",\"url\":\"https:\/\/www.unirufa.it\/\",\"name\":\"RUFA - Rome University of Fine Arts\",\"description\":\"\",\"potentialAction\":[{\"@type\":\"SearchAction\",\"target\":{\"@type\":\"EntryPoint\",\"urlTemplate\":\"https:\/\/www.unirufa.it\/?s={search_term_string}\"},\"query-input\":{\"@type\":\"PropertyValueSpecification\",\"valueRequired\":true,\"valueName\":\"search_term_string\"}}],\"inLanguage\":\"es\"}]}<\/script>\n<!-- \/ Yoast SEO plugin. -->","yoast_head_json":{"title":"Saloni e Fiere di Orientamento universitario - RUFA","description":"RUFA partecipa a diversi Saloni e Fiere di Orientamentodove puoi visitare lo stand e incontrare i nostri incaricati per informazioni.","robots":{"index":"index","follow":"follow","max-snippet":"max-snippet:-1","max-image-preview":"max-image-preview:large","max-video-preview":"max-video-preview:-1"},"canonical":"https:\/\/www.unirufa.it\/orientamento\/fiere\/","og_locale":"es_ES","og_type":"article","og_title":"[:it]Saloni e Fiere di Orientamento universitario - RUFA[:]","og_description":"{:it}RUFA partecipa a diversi Saloni e Fiere di Orientamentodove puoi visitare lo stand e incontrare i nostri incaricati per informazioni.{:}","og_url":"https:\/\/www.unirufa.it\/orientamento\/fiere\/","og_site_name":"RUFA - Rome University of Fine Arts","article_modified_time":"2025-10-17T21:01:20+00:00","og_image":[{"width":230,"height":149,"url":"https:\/\/www.unirufa.it\/wp-content\/uploads\/2017\/11\/logo-rufa-2016.png","type":"image\/png"}],"twitter_misc":{"Tiempo de lectura":"4 minutos"},"schema":{"@context":"https:\/\/schema.org","@graph":[{"@type":"WebPage","@id":"https:\/\/www.unirufa.it\/orientamento\/fiere\/","url":"https:\/\/www.unirufa.it\/orientamento\/fiere\/","name":"[:it]Saloni e Fiere di Orientamento universitario - RUFA[:]","isPartOf":{"@id":"https:\/\/www.unirufa.it\/#website"},"datePublished":"2013-10-11T09:20:24+00:00","dateModified":"2025-10-17T21:01:20+00:00","description":"{:it}RUFA partecipa a diversi Saloni e Fiere di Orientamentodove puoi visitare lo stand e incontrare i nostri incaricati per informazioni.{:}","breadcrumb":{"@id":"https:\/\/www.unirufa.it\/orientamento\/fiere\/#breadcrumb"},"inLanguage":"es","potentialAction":[{"@type":"ReadAction","target":["https:\/\/www.unirufa.it\/orientamento\/fiere\/"]}]},{"@type":"BreadcrumbList","@id":"https:\/\/www.unirufa.it\/orientamento\/fiere\/#breadcrumb","itemListElement":[{"@type":"ListItem","position":1,"name":"Home","item":"https:\/\/www.unirufa.it\/"},{"@type":"ListItem","position":2,"name":"Orientamento","item":"https:\/\/www.unirufa.it\/orientamento\/"},{"@type":"ListItem","position":3,"name":"Saloni e fiere di orientamento"}]},{"@type":"WebSite","@id":"https:\/\/www.unirufa.it\/#website","url":"https:\/\/www.unirufa.it\/","name":"RUFA - Rome University of Fine Arts","description":"","potentialAction":[{"@type":"SearchAction","target":{"@type":"EntryPoint","urlTemplate":"https:\/\/www.unirufa.it\/?s={search_term_string}"},"query-input":{"@type":"PropertyValueSpecification","valueRequired":true,"valueName":"search_term_string"}}],"inLanguage":"es"}]}},"_links":{"self":[{"href":"https:\/\/www.unirufa.it\/es\/wp-json\/wp\/v2\/pages\/1860","targetHints":{"allow":["GET"]}}],"collection":[{"href":"https:\/\/www.unirufa.it\/es\/wp-json\/wp\/v2\/pages"}],"about":[{"href":"https:\/\/www.unirufa.it\/es\/wp-json\/wp\/v2\/types\/page"}],"author":[{"embeddable":true,"href":"https:\/\/www.unirufa.it\/es\/wp-json\/wp\/v2\/users\/1"}],"replies":[{"embeddable":true,"href":"https:\/\/www.unirufa.it\/es\/wp-json\/wp\/v2\/comments?post=1860"}],"version-history":[{"count":91,"href":"https:\/\/www.unirufa.it\/es\/wp-json\/wp\/v2\/pages\/1860\/revisions"}],"predecessor-version":[{"id":148659,"href":"https:\/\/www.unirufa.it\/es\/wp-json\/wp\/v2\/pages\/1860\/revisions\/148659"}],"up":[{"embeddable":true,"href":"https:\/\/www.unirufa.it\/es\/wp-json\/wp\/v2\/pages\/48672"}],"wp:attachment":[{"href":"https:\/\/www.unirufa.it\/es\/wp-json\/wp\/v2\/media?parent=1860"}],"curies":[{"name":"wp","href":"https:\/\/api.w.org\/{rel}","templated":true}]}}