


{"id":1863,"date":"2013-10-11T09:24:21","date_gmt":"2013-10-11T09:24:21","guid":{"rendered":"http:\/\/www.unirufa.it\/?page_id=1863"},"modified":"2025-06-17T14:37:29","modified_gmt":"2025-06-17T12:37:29","slug":"sportello-tesi","status":"publish","type":"page","link":"https:\/\/www.unirufa.it\/es\/info-studenti\/sportello-tesi\/","title":{"rendered":"Banco de tesis"},"content":{"rendered":"<p>El Banco de tesis es un servicio de asistencia en la compilaci\u00f3n de la tesis escrita, dirigido a los estudiantes que se grad\u00faan. La RUFA tiene la intenci\u00f3n de proporcionar a sus miembros apoyo metodol\u00f3gico para facilitar la redacci\u00f3n de los trabajos escritos que se presentar\u00e1n y debatir\u00e1n durante la tesis.<\/p>\n<div class=\" hidden-xs hidden-sm hidden-md hidden-lg hidden-xl\">\n<h3>El servicio est\u00e1 disponible a trav\u00e9s de <a href=\"skype:biblioteca@unirufa.it\">Skype<\/a> al hacer la reserva, por lo que es necesario contactar con la siguiente direcci\u00f3n de correo electr\u00f3nico <a href=\"mailto:biblioteca@unirufa.it\"><strong>biblioteca@unirufa.it<\/strong><\/a> unos d\u00edas antes para fijar la cita.<\/h3>\n<\/div>\n<h3>Horarios disponibles:<br \/>\nDe lunes a viernes de 10.00 a 13.00 \/ 15.00 a 17.00.<\/h3>\n<p>&nbsp;<\/p>\n<p>En esos d\u00edas y en esas horas, el responsable del servicio, junto con el asesor de tesis del estudiante y el coponente, ofrecer\u00e1 orientaci\u00f3n y sugerencias sobre los temas a investigar, la articulaci\u00f3n, la redacci\u00f3n y el formato del texto, la compilaci\u00f3n de la bibliograf\u00eda y la edici\u00f3n.<\/p>\n<p>Sin embargo, la mesa no se ocupa de los tr\u00e1mites administrativos relativos a la presentaci\u00f3n del t\u00edtulo, que deben realizarse exclusivamente en la secretar\u00eda de ense\u00f1anza.<\/p>\n<p>Para m\u00e1s informaci\u00f3n, por favor contacte con <a href=\"mailto: biblioteca@unirufa.it\">Lorenzo Torchia<\/a>.<br \/>\n&nbsp;<\/p>\n<p><a class=\"download-btn\" href=\"https:\/\/www.unirufa.it\/wp-content\/uploads\/2019\/08\/regolamento_tesi_2019.pdf\" target=\"_blank\" rel=\"noopener noreferrer\">Reglamento Tesis<\/a><br \/>\n&nbsp;","protected":false},"excerpt":{"rendered":"<p>El Banco de tesis es un servicio de asistencia en la compilaci\u00f3n de la tesis escrita, dirigido a los estudiantes que se grad\u00faan. La RUFA tiene la intenci\u00f3n de proporcionar a sus miembros apoyo metodol\u00f3gico para facilitar la redacci\u00f3n de los trabajos escritos que se presentar\u00e1n y debatir\u00e1n durante la tesis. El servicio est\u00e1 disponible&#8230;<\/p>\n","protected":false},"author":1,"featured_media":0,"parent":1310,"menu_order":0,"comment_status":"closed","ping_status":"closed","template":"","meta":{"content-type":"","footnotes":""},"class_list":["post-1863","page","type-page","status-publish","hentry"],"yoast_head":"<!-- This site is optimized with the Yoast SEO plugin v24.2 - https:\/\/yoast.com\/wordpress\/plugins\/seo\/ -->\n<title>Sportello tesi - RUFA - Rome University of Fine Arts<\/title>\n<meta name=\"description\" content=\"Lo sportello tesi \u00e8 un servizio di assistenza alla compilazione della tesi scrittografica, per fornire supporto metodologico alla sua stesura\" \/>\n<meta name=\"robots\" content=\"index, follow, max-snippet:-1, max-image-preview:large, max-video-preview:-1\" \/>\n<link rel=\"canonical\" href=\"https:\/\/www.unirufa.it\/info-studenti\/sportello-tesi\/\" \/>\n<meta property=\"og:locale\" content=\"es_ES\" \/>\n<meta property=\"og:type\" content=\"article\" \/>\n<meta property=\"og:title\" content=\"[:it]Sportello tesi - RUFA - Rome University of Fine Arts[:]\" \/>\n<meta property=\"og:description\" content=\"{:it}Lo sportello tesi \u00e8 un servizio di assistenza alla compilazione della tesi scrittografica, per fornire supporto metodologico alla sua stesura{:}\" \/>\n<meta property=\"og:url\" content=\"https:\/\/www.unirufa.it\/info-studenti\/sportello-tesi\/\" \/>\n<meta property=\"og:site_name\" content=\"RUFA - Rome University of Fine Arts\" \/>\n<meta property=\"article:modified_time\" content=\"2025-06-17T12:37:29+00:00\" \/>\n<meta property=\"og:image\" content=\"https:\/\/www.unirufa.it\/wp-content\/uploads\/2017\/11\/logo-rufa-2016.png\" \/>\n\t<meta property=\"og:image:width\" content=\"230\" \/>\n\t<meta property=\"og:image:height\" content=\"149\" \/>\n\t<meta property=\"og:image:type\" content=\"image\/png\" \/>\n<meta name=\"twitter:label1\" content=\"Tiempo de lectura\" \/>\n\t<meta name=\"twitter:data1\" content=\"3 minutos\" \/>\n<script type=\"application\/ld+json\" class=\"yoast-schema-graph\">{\"@context\":\"https:\/\/schema.org\",\"@graph\":[{\"@type\":\"WebPage\",\"@id\":\"https:\/\/www.unirufa.it\/info-studenti\/sportello-tesi\/\",\"url\":\"https:\/\/www.unirufa.it\/info-studenti\/sportello-tesi\/\",\"name\":\"[:it]Sportello tesi - RUFA - Rome University of Fine Arts[:]\",\"isPartOf\":{\"@id\":\"https:\/\/www.unirufa.it\/#website\"},\"datePublished\":\"2013-10-11T09:24:21+00:00\",\"dateModified\":\"2025-06-17T12:37:29+00:00\",\"description\":\"{:it}Lo sportello tesi \u00e8 un servizio di assistenza alla compilazione della tesi scrittografica, per fornire supporto metodologico alla sua stesura{:}\",\"breadcrumb\":{\"@id\":\"https:\/\/www.unirufa.it\/info-studenti\/sportello-tesi\/#breadcrumb\"},\"inLanguage\":\"es\",\"potentialAction\":[{\"@type\":\"ReadAction\",\"target\":[\"https:\/\/www.unirufa.it\/info-studenti\/sportello-tesi\/\"]}]},{\"@type\":\"BreadcrumbList\",\"@id\":\"https:\/\/www.unirufa.it\/info-studenti\/sportello-tesi\/#breadcrumb\",\"itemListElement\":[{\"@type\":\"ListItem\",\"position\":1,\"name\":\"Home\",\"item\":\"https:\/\/www.unirufa.it\/\"},{\"@type\":\"ListItem\",\"position\":2,\"name\":\"Info Studenti e Servizi\",\"item\":\"https:\/\/www.unirufa.it\/info-studenti\/\"},{\"@type\":\"ListItem\",\"position\":3,\"name\":\"Sportello tesi\"}]},{\"@type\":\"WebSite\",\"@id\":\"https:\/\/www.unirufa.it\/#website\",\"url\":\"https:\/\/www.unirufa.it\/\",\"name\":\"RUFA - Rome University of Fine Arts\",\"description\":\"\",\"potentialAction\":[{\"@type\":\"SearchAction\",\"target\":{\"@type\":\"EntryPoint\",\"urlTemplate\":\"https:\/\/www.unirufa.it\/?s={search_term_string}\"},\"query-input\":{\"@type\":\"PropertyValueSpecification\",\"valueRequired\":true,\"valueName\":\"search_term_string\"}}],\"inLanguage\":\"es\"}]}<\/script>\n<!-- \/ Yoast SEO plugin. -->","yoast_head_json":{"title":"Sportello tesi - RUFA - Rome University of Fine Arts","description":"Lo sportello tesi \u00e8 un servizio di assistenza alla compilazione della tesi scrittografica, per fornire supporto metodologico alla sua stesura","robots":{"index":"index","follow":"follow","max-snippet":"max-snippet:-1","max-image-preview":"max-image-preview:large","max-video-preview":"max-video-preview:-1"},"canonical":"https:\/\/www.unirufa.it\/info-studenti\/sportello-tesi\/","og_locale":"es_ES","og_type":"article","og_title":"[:it]Sportello tesi - RUFA - Rome University of Fine Arts[:]","og_description":"{:it}Lo sportello tesi \u00e8 un servizio di assistenza alla compilazione della tesi scrittografica, per fornire supporto metodologico alla sua stesura{:}","og_url":"https:\/\/www.unirufa.it\/info-studenti\/sportello-tesi\/","og_site_name":"RUFA - Rome University of Fine Arts","article_modified_time":"2025-06-17T12:37:29+00:00","og_image":[{"width":230,"height":149,"url":"https:\/\/www.unirufa.it\/wp-content\/uploads\/2017\/11\/logo-rufa-2016.png","type":"image\/png"}],"twitter_misc":{"Tiempo de lectura":"3 minutos"},"schema":{"@context":"https:\/\/schema.org","@graph":[{"@type":"WebPage","@id":"https:\/\/www.unirufa.it\/info-studenti\/sportello-tesi\/","url":"https:\/\/www.unirufa.it\/info-studenti\/sportello-tesi\/","name":"[:it]Sportello tesi - RUFA - Rome University of Fine Arts[:]","isPartOf":{"@id":"https:\/\/www.unirufa.it\/#website"},"datePublished":"2013-10-11T09:24:21+00:00","dateModified":"2025-06-17T12:37:29+00:00","description":"{:it}Lo sportello tesi \u00e8 un servizio di assistenza alla compilazione della tesi scrittografica, per fornire supporto metodologico alla sua stesura{:}","breadcrumb":{"@id":"https:\/\/www.unirufa.it\/info-studenti\/sportello-tesi\/#breadcrumb"},"inLanguage":"es","potentialAction":[{"@type":"ReadAction","target":["https:\/\/www.unirufa.it\/info-studenti\/sportello-tesi\/"]}]},{"@type":"BreadcrumbList","@id":"https:\/\/www.unirufa.it\/info-studenti\/sportello-tesi\/#breadcrumb","itemListElement":[{"@type":"ListItem","position":1,"name":"Home","item":"https:\/\/www.unirufa.it\/"},{"@type":"ListItem","position":2,"name":"Info Studenti e Servizi","item":"https:\/\/www.unirufa.it\/info-studenti\/"},{"@type":"ListItem","position":3,"name":"Sportello tesi"}]},{"@type":"WebSite","@id":"https:\/\/www.unirufa.it\/#website","url":"https:\/\/www.unirufa.it\/","name":"RUFA - Rome University of Fine Arts","description":"","potentialAction":[{"@type":"SearchAction","target":{"@type":"EntryPoint","urlTemplate":"https:\/\/www.unirufa.it\/?s={search_term_string}"},"query-input":{"@type":"PropertyValueSpecification","valueRequired":true,"valueName":"search_term_string"}}],"inLanguage":"es"}]}},"_links":{"self":[{"href":"https:\/\/www.unirufa.it\/es\/wp-json\/wp\/v2\/pages\/1863","targetHints":{"allow":["GET"]}}],"collection":[{"href":"https:\/\/www.unirufa.it\/es\/wp-json\/wp\/v2\/pages"}],"about":[{"href":"https:\/\/www.unirufa.it\/es\/wp-json\/wp\/v2\/types\/page"}],"author":[{"embeddable":true,"href":"https:\/\/www.unirufa.it\/es\/wp-json\/wp\/v2\/users\/1"}],"replies":[{"embeddable":true,"href":"https:\/\/www.unirufa.it\/es\/wp-json\/wp\/v2\/comments?post=1863"}],"version-history":[{"count":24,"href":"https:\/\/www.unirufa.it\/es\/wp-json\/wp\/v2\/pages\/1863\/revisions"}],"predecessor-version":[{"id":145966,"href":"https:\/\/www.unirufa.it\/es\/wp-json\/wp\/v2\/pages\/1863\/revisions\/145966"}],"up":[{"embeddable":true,"href":"https:\/\/www.unirufa.it\/es\/wp-json\/wp\/v2\/pages\/1310"}],"wp:attachment":[{"href":"https:\/\/www.unirufa.it\/es\/wp-json\/wp\/v2\/media?parent=1863"}],"curies":[{"name":"wp","href":"https:\/\/api.w.org\/{rel}","templated":true}]}}