


{"id":19803,"date":"2019-04-18T15:23:02","date_gmt":"2019-04-18T15:23:02","guid":{"rendered":"https:\/\/www.unirufa.it\/?page_id=19803"},"modified":"2024-06-07T13:55:35","modified_gmt":"2024-06-07T11:55:35","slug":"fondazione-pastificio-cerere","status":"publish","type":"page","link":"https:\/\/www.unirufa.it\/es\/servizi-e-facilities\/fondazione-pastificio-cerere\/","title":{"rendered":"Fondazione Pastificio Cerere"},"content":{"rendered":"<p class=\"qtranxs-available-languages-message qtranxs-available-languages-message-es\">Disculpa, pero esta entrada est\u00e1 disponible s\u00f3lo en <a href=\"https:\/\/www.unirufa.it\/it\/wp-json\/wp\/v2\/pages\/19803\" class=\"qtranxs-available-language-link qtranxs-available-language-link-it\" title=\"IT\">IT<\/a> y <a href=\"https:\/\/www.unirufa.it\/en\/wp-json\/wp\/v2\/pages\/19803\" class=\"qtranxs-available-language-link qtranxs-available-language-link-en\" title=\"EN\">EN<\/a>.<\/p><h4>RUFA ha attivato una partnership con la <a href=\"https:\/\/www.pastificiocerere.it\/\" rel=\"noopener\" target=\"_blank\">Fondazione Pastificio Cerere<\/a>, fondazione no profit che nasce nel 2005 all\u2019interno del Pastificio Cerere con l\u2019obiettivo di promuovere e sostenere l\u2019arte contemporanea.<\/h4>\n<p>&nbsp;<br \/>\nLa Fondazione attraverso una ricca proposta di incontri, mostre e laboratori intende favorire l\u2019interazione dei linguaggi artistici contemporanei e la sperimentazione di nuove modalit\u00e0 d\u2019intervento e partecipazione, stimolando un dialogo aperto con la citt\u00e0 e coinvolgendo un pubblico sempre pi\u00f9 eterogeneo. Nella mission della Fondazione vi \u00e8 inoltre una attenzione particolare a tutte le attivit\u00e0 rivolte alla formazione. Non potrebbe essere diversamente se si considera la storia dell\u2019edificio in cui ha sede e la sua riconversione da antica fabbrica di pasta a luogo di produzione artistica, hub culturale, spazio di lavoro e di scambio, sempre aperto all\u2019accoglienza.<\/p>\n<p>La collaborazione, attivata con l\u2019ottica di creare una sinergia tra gli enti culturali presenti nell\u2019edificio e di coinvolgere attivamente i ragazzi che ogni giorno vivono e frequentano il palazzo, offre la possibilit\u00e0 agli studenti RUFA di utilizzare gli spazi espositivi della Fondazione: il <em>silos<\/em>, dove veniva originariamente conservato il grano, e lo <em>Spazio Molini<\/em>, situato nei sotterranei e recentemente recuperato a seguito dei lavori di risistemazione dell\u2019antico mulino.","protected":false},"excerpt":{"rendered":"<p>Disculpa, pero esta entrada est\u00e1 disponible s\u00f3lo en IT y EN.RUFA ha attivato una partnership con la Fondazione Pastificio Cerere, fondazione no profit che nasce nel 2005 all\u2019interno del Pastificio Cerere con l\u2019obiettivo di promuovere e sostenere l\u2019arte contemporanea. &nbsp; La Fondazione attraverso una ricca proposta di incontri, mostre e laboratori intende favorire l\u2019interazione dei&#8230;<\/p>\n","protected":false},"author":1,"featured_media":19878,"parent":1273,"menu_order":0,"comment_status":"closed","ping_status":"closed","template":"","meta":{"content-type":"","footnotes":""},"class_list":["post-19803","page","type-page","status-publish","has-post-thumbnail","hentry"],"yoast_head":"<!-- This site is optimized with the Yoast SEO plugin v24.2 - https:\/\/yoast.com\/wordpress\/plugins\/seo\/ -->\n<title>Fondazione Pastificio Cerere - RUFA - Rome University of Fine Arts<\/title>\n<meta name=\"robots\" content=\"index, follow, max-snippet:-1, max-image-preview:large, max-video-preview:-1\" \/>\n<link rel=\"canonical\" href=\"https:\/\/www.unirufa.it\/servizi-e-facilities\/fondazione-pastificio-cerere\/\" \/>\n<meta property=\"og:locale\" content=\"es_ES\" \/>\n<meta property=\"og:type\" content=\"article\" \/>\n<meta property=\"og:title\" content=\"Fondazione Pastificio Cerere - RUFA - Rome University of Fine Arts\" \/>\n<meta property=\"og:description\" content=\"Disculpa, pero esta entrada est\u00e1 disponible s\u00f3lo en IT y EN.RUFA ha attivato una partnership con la Fondazione Pastificio Cerere, fondazione no profit che nasce nel 2005 all\u2019interno del Pastificio Cerere con l\u2019obiettivo di promuovere e sostenere l\u2019arte contemporanea. &nbsp; La Fondazione attraverso una ricca proposta di incontri, mostre e laboratori intende favorire l\u2019interazione dei...\" \/>\n<meta property=\"og:url\" content=\"https:\/\/www.unirufa.it\/servizi-e-facilities\/fondazione-pastificio-cerere\/\" \/>\n<meta property=\"og:site_name\" content=\"RUFA - Rome University of Fine Arts\" \/>\n<meta property=\"article:modified_time\" content=\"2024-06-07T11:55:35+00:00\" \/>\n<meta property=\"og:image\" content=\"https:\/\/www.unirufa.it\/wp-content\/uploads\/2019\/04\/spazio_molini.jpg\" \/>\n\t<meta property=\"og:image:width\" content=\"1440\" \/>\n\t<meta property=\"og:image:height\" content=\"600\" \/>\n\t<meta property=\"og:image:type\" content=\"image\/jpeg\" \/>\n<meta name=\"twitter:label1\" content=\"Tiempo de lectura\" \/>\n\t<meta name=\"twitter:data1\" content=\"2 minutos\" \/>\n<script type=\"application\/ld+json\" class=\"yoast-schema-graph\">{\"@context\":\"https:\/\/schema.org\",\"@graph\":[{\"@type\":\"WebPage\",\"@id\":\"https:\/\/www.unirufa.it\/servizi-e-facilities\/fondazione-pastificio-cerere\/\",\"url\":\"https:\/\/www.unirufa.it\/servizi-e-facilities\/fondazione-pastificio-cerere\/\",\"name\":\"Fondazione Pastificio Cerere - RUFA - Rome University of Fine Arts\",\"isPartOf\":{\"@id\":\"https:\/\/www.unirufa.it\/#website\"},\"primaryImageOfPage\":{\"@id\":\"https:\/\/www.unirufa.it\/servizi-e-facilities\/fondazione-pastificio-cerere\/#primaryimage\"},\"image\":{\"@id\":\"https:\/\/www.unirufa.it\/servizi-e-facilities\/fondazione-pastificio-cerere\/#primaryimage\"},\"thumbnailUrl\":\"https:\/\/www.unirufa.it\/wp-content\/uploads\/2019\/04\/spazio_molini.jpg\",\"datePublished\":\"2019-04-18T15:23:02+00:00\",\"dateModified\":\"2024-06-07T11:55:35+00:00\",\"breadcrumb\":{\"@id\":\"https:\/\/www.unirufa.it\/servizi-e-facilities\/fondazione-pastificio-cerere\/#breadcrumb\"},\"inLanguage\":\"es\",\"potentialAction\":[{\"@type\":\"ReadAction\",\"target\":[\"https:\/\/www.unirufa.it\/servizi-e-facilities\/fondazione-pastificio-cerere\/\"]}]},{\"@type\":\"ImageObject\",\"inLanguage\":\"es\",\"@id\":\"https:\/\/www.unirufa.it\/servizi-e-facilities\/fondazione-pastificio-cerere\/#primaryimage\",\"url\":\"https:\/\/www.unirufa.it\/wp-content\/uploads\/2019\/04\/spazio_molini.jpg\",\"contentUrl\":\"https:\/\/www.unirufa.it\/wp-content\/uploads\/2019\/04\/spazio_molini.jpg\",\"width\":1440,\"height\":600},{\"@type\":\"BreadcrumbList\",\"@id\":\"https:\/\/www.unirufa.it\/servizi-e-facilities\/fondazione-pastificio-cerere\/#breadcrumb\",\"itemListElement\":[{\"@type\":\"ListItem\",\"position\":1,\"name\":\"Home\",\"item\":\"https:\/\/www.unirufa.it\/\"},{\"@type\":\"ListItem\",\"position\":2,\"name\":\"Servizi e facilities\",\"item\":\"https:\/\/www.unirufa.it\/servizi-e-facilities\/\"},{\"@type\":\"ListItem\",\"position\":3,\"name\":\"Fondazione Pastificio Cerere\"}]},{\"@type\":\"WebSite\",\"@id\":\"https:\/\/www.unirufa.it\/#website\",\"url\":\"https:\/\/www.unirufa.it\/\",\"name\":\"RUFA - Rome University of Fine Arts\",\"description\":\"\",\"potentialAction\":[{\"@type\":\"SearchAction\",\"target\":{\"@type\":\"EntryPoint\",\"urlTemplate\":\"https:\/\/www.unirufa.it\/?s={search_term_string}\"},\"query-input\":{\"@type\":\"PropertyValueSpecification\",\"valueRequired\":true,\"valueName\":\"search_term_string\"}}],\"inLanguage\":\"es\"}]}<\/script>\n<!-- \/ Yoast SEO plugin. -->","yoast_head_json":{"title":"Fondazione Pastificio Cerere - RUFA - Rome University of Fine Arts","robots":{"index":"index","follow":"follow","max-snippet":"max-snippet:-1","max-image-preview":"max-image-preview:large","max-video-preview":"max-video-preview:-1"},"canonical":"https:\/\/www.unirufa.it\/servizi-e-facilities\/fondazione-pastificio-cerere\/","og_locale":"es_ES","og_type":"article","og_title":"Fondazione Pastificio Cerere - RUFA - Rome University of Fine Arts","og_description":"Disculpa, pero esta entrada est\u00e1 disponible s\u00f3lo en IT y EN.RUFA ha attivato una partnership con la Fondazione Pastificio Cerere, fondazione no profit che nasce nel 2005 all\u2019interno del Pastificio Cerere con l\u2019obiettivo di promuovere e sostenere l\u2019arte contemporanea. &nbsp; La Fondazione attraverso una ricca proposta di incontri, mostre e laboratori intende favorire l\u2019interazione dei...","og_url":"https:\/\/www.unirufa.it\/servizi-e-facilities\/fondazione-pastificio-cerere\/","og_site_name":"RUFA - Rome University of Fine Arts","article_modified_time":"2024-06-07T11:55:35+00:00","og_image":[{"width":1440,"height":600,"url":"https:\/\/www.unirufa.it\/wp-content\/uploads\/2019\/04\/spazio_molini.jpg","type":"image\/jpeg"}],"twitter_misc":{"Tiempo de lectura":"2 minutos"},"schema":{"@context":"https:\/\/schema.org","@graph":[{"@type":"WebPage","@id":"https:\/\/www.unirufa.it\/servizi-e-facilities\/fondazione-pastificio-cerere\/","url":"https:\/\/www.unirufa.it\/servizi-e-facilities\/fondazione-pastificio-cerere\/","name":"Fondazione Pastificio Cerere - RUFA - Rome University of Fine Arts","isPartOf":{"@id":"https:\/\/www.unirufa.it\/#website"},"primaryImageOfPage":{"@id":"https:\/\/www.unirufa.it\/servizi-e-facilities\/fondazione-pastificio-cerere\/#primaryimage"},"image":{"@id":"https:\/\/www.unirufa.it\/servizi-e-facilities\/fondazione-pastificio-cerere\/#primaryimage"},"thumbnailUrl":"https:\/\/www.unirufa.it\/wp-content\/uploads\/2019\/04\/spazio_molini.jpg","datePublished":"2019-04-18T15:23:02+00:00","dateModified":"2024-06-07T11:55:35+00:00","breadcrumb":{"@id":"https:\/\/www.unirufa.it\/servizi-e-facilities\/fondazione-pastificio-cerere\/#breadcrumb"},"inLanguage":"es","potentialAction":[{"@type":"ReadAction","target":["https:\/\/www.unirufa.it\/servizi-e-facilities\/fondazione-pastificio-cerere\/"]}]},{"@type":"ImageObject","inLanguage":"es","@id":"https:\/\/www.unirufa.it\/servizi-e-facilities\/fondazione-pastificio-cerere\/#primaryimage","url":"https:\/\/www.unirufa.it\/wp-content\/uploads\/2019\/04\/spazio_molini.jpg","contentUrl":"https:\/\/www.unirufa.it\/wp-content\/uploads\/2019\/04\/spazio_molini.jpg","width":1440,"height":600},{"@type":"BreadcrumbList","@id":"https:\/\/www.unirufa.it\/servizi-e-facilities\/fondazione-pastificio-cerere\/#breadcrumb","itemListElement":[{"@type":"ListItem","position":1,"name":"Home","item":"https:\/\/www.unirufa.it\/"},{"@type":"ListItem","position":2,"name":"Servizi e facilities","item":"https:\/\/www.unirufa.it\/servizi-e-facilities\/"},{"@type":"ListItem","position":3,"name":"Fondazione Pastificio Cerere"}]},{"@type":"WebSite","@id":"https:\/\/www.unirufa.it\/#website","url":"https:\/\/www.unirufa.it\/","name":"RUFA - Rome University of Fine Arts","description":"","potentialAction":[{"@type":"SearchAction","target":{"@type":"EntryPoint","urlTemplate":"https:\/\/www.unirufa.it\/?s={search_term_string}"},"query-input":{"@type":"PropertyValueSpecification","valueRequired":true,"valueName":"search_term_string"}}],"inLanguage":"es"}]}},"_links":{"self":[{"href":"https:\/\/www.unirufa.it\/es\/wp-json\/wp\/v2\/pages\/19803","targetHints":{"allow":["GET"]}}],"collection":[{"href":"https:\/\/www.unirufa.it\/es\/wp-json\/wp\/v2\/pages"}],"about":[{"href":"https:\/\/www.unirufa.it\/es\/wp-json\/wp\/v2\/types\/page"}],"author":[{"embeddable":true,"href":"https:\/\/www.unirufa.it\/es\/wp-json\/wp\/v2\/users\/1"}],"replies":[{"embeddable":true,"href":"https:\/\/www.unirufa.it\/es\/wp-json\/wp\/v2\/comments?post=19803"}],"version-history":[{"count":8,"href":"https:\/\/www.unirufa.it\/es\/wp-json\/wp\/v2\/pages\/19803\/revisions"}],"predecessor-version":[{"id":134019,"href":"https:\/\/www.unirufa.it\/es\/wp-json\/wp\/v2\/pages\/19803\/revisions\/134019"}],"up":[{"embeddable":true,"href":"https:\/\/www.unirufa.it\/es\/wp-json\/wp\/v2\/pages\/1273"}],"wp:featuredmedia":[{"embeddable":true,"href":"https:\/\/www.unirufa.it\/es\/wp-json\/wp\/v2\/media\/19878"}],"wp:attachment":[{"href":"https:\/\/www.unirufa.it\/es\/wp-json\/wp\/v2\/media?parent=19803"}],"curies":[{"name":"wp","href":"https:\/\/api.w.org\/{rel}","templated":true}]}}