


{"id":1981,"date":"2013-10-14T12:44:38","date_gmt":"2013-10-14T12:44:38","guid":{"rendered":"http:\/\/www.unirufa.it\/?page_id=1981"},"modified":"2026-02-27T10:23:18","modified_gmt":"2026-02-27T09:23:18","slug":"orientamento-counseling","status":"publish","type":"page","link":"https:\/\/www.unirufa.it\/es\/info-studenti\/orientamento-counseling\/","title":{"rendered":"Asesoramiento Psicol\u00f3gico"},"content":{"rendered":"<h3>Listo para estimular tu creatividad y bienestar.<\/h3>\n<p>La realizaci\u00f3n profesional y el bienestar psicol\u00f3gico est\u00e1n estrechamente relacionados. Las investigaciones m\u00e1s recientes en el \u00e1mbito psicosocial demuestran que el apoyo psicol\u00f3gico fomenta una cultura personal del bienestar, <strong>mejorando la capacidad de afrontar desaf\u00edos acad\u00e9micos y profesionales<\/strong>, y favoreciendo una planificaci\u00f3n consciente de la propia carrera.<\/p>\n<p>RUFA ofrece un <strong>servicio gratuito de asesoramiento para todas las y los estudiantes matriculados<\/strong>, sin importar el a\u00f1o acad\u00e9mico, con el objetivo de desarrollar herramientas para la gesti\u00f3n del estr\u00e9s, mejorar la concentraci\u00f3n, superar el bloqueo creativo y afrontar la ansiedad por el rendimiento.<br \/>\nEl servicio est\u00e1 dirigido a quienes enfrentan desaf\u00edos personales y acad\u00e9micos como:<br \/>\n&#8211; adaptaci\u00f3n a la distancia del hogar e integraci\u00f3n en un nuevo entorno cultural;<br \/>\n&#8211; ansiedad ante los ex\u00e1menes y gesti\u00f3n de las presiones acad\u00e9micas;<br \/>\n&#8211; dificultades en las relaciones interpersonales y afectivas;<br \/>\n&#8211; estr\u00e9s relacionado con la carga de estudio y la preparaci\u00f3n para el mundo laboral.<\/p>\n<p>Adem\u00e1s del apoyo emocional, <strong>el asesoramiento proporciona herramientas de autoconocimiento<\/strong>, fomentando el pensamiento estrat\u00e9gico y basado en proyectos para planificar objetivos a largo plazo y afrontar con mayor conciencia los retos del camino acad\u00e9mico y profesional.<\/p>\n<p>Cada sesi\u00f3n tiene una duraci\u00f3n de <strong>40 minutos<\/strong> y est\u00e1 estructurada en un m\u00e1ximo de <strong>dos encuentros gratuitos<\/strong>, con un enfoque altamente pr\u00e1ctico y orientado a objetivos, acordados mutuamente con el psic\u00f3logo-psicoterapeuta.<br \/>\nEn la primera fase, la sesi\u00f3n se basar\u00e1 en una entrevista semiestructurada, en la que se realizar\u00e1 un an\u00e1lisis detallado de la solicitud para evaluar las principales \u00e1reas de intervenci\u00f3n y los puntos de mejora. En la fase siguiente, el encuentro se desarrollar\u00e1 bajo una l\u00f3gica de reciprocidad, donde la retroalimentaci\u00f3n del estudiante ser\u00e1 un requisito esencial para el buen desarrollo del proceso.<\/p>\n<p>El servicio es ofrecido por Ren\u00e9 Angeramo, psic\u00f3logo-psicoterapeuta (N.\u00ba de colegiaci\u00f3n 15606 \u2013 Orden de Psic\u00f3logos del Lacio), experto en bienestar psicol\u00f3gico y psicosom\u00e1tica.<\/p>\n\n    <div class=\"panel-group\" id=\"accordion\" role=\"tablist\" aria-multiselectable=\"true\">\n            <\/div>\n    \n\n<article class=\"panel panel-default\" role=\"article\" itemscope itemtype=\"http:\/\/schema.org\/BlogPosting\">\n    <div class=\"panel-heading\" role=\"tab\" id=\"heading1\">\n\t    <h4 class=\"panel-title\">\n\t        <a class=\"collapsed\" role=\"button\" data-toggle=\"collapse\" data-parent=\"#accordion\" href=\"#collapse1\" aria-expanded=\"false\" aria-controls=\"collapse1\" itemprop=\"headline\"><strong>RELLENA EL FORMULARIO Y SOLICITA UNA CITA<\/strong>\t        \t<span class=\"courses\">\n                  \t        \t<\/span>\n\t        <\/a>\n\t    <\/h4>\n\t<\/div>\n<\/article>\n \n    <div id=\"collapse1\" class=\"panel-collapse collapse \" role=\"tabpanel\" aria-labelledby=\"heading1\">\n        <div class=\"panel-body\" itemprop=\"articleBody\">\n            <div class=\"item-description\">\n                \n\n<div class=\"wpcf7 no-js\" id=\"wpcf7-f67869-o3\" lang=\"it-IT\" dir=\"ltr\" data-wpcf7-id=\"67869\">\n<div class=\"screen-reader-response\"><p role=\"status\" aria-live=\"polite\" aria-atomic=\"true\"><\/p> <ul><\/ul><\/div>\n<form action=\"\/es\/wp-json\/wp\/v2\/pages\/1981#wpcf7-f67869-o3\" method=\"post\" class=\"wpcf7-form init\" aria-label=\"Contact form\" novalidate=\"novalidate\" data-status=\"init\">\n<div style=\"display: none;\">\n<input type=\"hidden\" name=\"_wpcf7\" value=\"67869\" \/>\n<input type=\"hidden\" name=\"_wpcf7_version\" value=\"6.0.3\" \/>\n<input type=\"hidden\" name=\"_wpcf7_locale\" value=\"it_IT\" \/>\n<input type=\"hidden\" name=\"_wpcf7_unit_tag\" value=\"wpcf7-f67869-o3\" \/>\n<input type=\"hidden\" name=\"_wpcf7_container_post\" value=\"0\" \/>\n<input type=\"hidden\" name=\"_wpcf7_posted_data_hash\" value=\"\" \/>\n<input type=\"hidden\" name=\"_wpcf7cf_hidden_group_fields\" value=\"[]\" \/>\n<input type=\"hidden\" name=\"_wpcf7cf_hidden_groups\" value=\"[]\" \/>\n<input type=\"hidden\" name=\"_wpcf7cf_visible_groups\" value=\"[]\" \/>\n<input type=\"hidden\" name=\"_wpcf7cf_repeaters\" value=\"[]\" \/>\n<input type=\"hidden\" name=\"_wpcf7cf_steps\" value=\"{}\" \/>\n<input type=\"hidden\" name=\"_wpcf7cf_options\" value=\"{&quot;form_id&quot;:67869,&quot;conditions&quot;:[],&quot;settings&quot;:{&quot;animation&quot;:&quot;yes&quot;,&quot;animation_intime&quot;:200,&quot;animation_outtime&quot;:200,&quot;conditions_ui&quot;:&quot;normal&quot;,&quot;notice_dismissed&quot;:true,&quot;notice_dismissed_update-cf7-5.6.3&quot;:true,&quot;notice_dismissed_update-cf7-5.7.1&quot;:true,&quot;notice_dismissed_update-cf7-5.7.2&quot;:true,&quot;notice_dismissed_update-cf7-5.7.3&quot;:true,&quot;notice_dismissed_update-cf7-5.8.3&quot;:true,&quot;notice_dismissed_rollback-cf7-5.8.3&quot;:true,&quot;notice_dismissed_rollback-cf7-5.9.5&quot;:true}}\" \/>\n<input type=\"hidden\" name=\"_wpcf7dtx_version\" value=\"5.0.2\" \/>\n<input type=\"hidden\" name=\"_wpcf7_recaptcha_response\" value=\"\" \/>\n<\/div>\n<div class=\"row inline-row\">\n\t<div class=\"col-sm-6\">\n\t\t<p><label style=\"width: 100%\"> Nome \/ Name \/ Nombre * <\/label><br \/>\n<span class=\"wpcf7-form-control-wrap\" data-name=\"your-name\"><input size=\"40\" maxlength=\"400\" class=\"wpcf7-form-control wpcf7-text wpcf7-validates-as-required\" aria-required=\"true\" aria-invalid=\"false\" value=\"\" type=\"text\" name=\"your-name\" \/><\/span>\n\t\t<\/p>\n\t<\/div>\n\t<div class=\"col-sm-6\">\n\t\t<p><label style=\"width: 100%\"> Cognome \/ Surname \/ Apellido * <\/label><br \/>\n<span class=\"wpcf7-form-control-wrap\" data-name=\"your-surname\"><input size=\"40\" maxlength=\"400\" class=\"wpcf7-form-control wpcf7-text wpcf7-validates-as-required\" aria-required=\"true\" aria-invalid=\"false\" value=\"\" type=\"text\" name=\"your-surname\" \/><\/span>\n\t\t<\/p>\n\t<\/div>\n<\/div>\n<div class=\"row inline-row\">\n\t<div class=\"col-sm-6\">\n\t\t<p><label style=\"width: 100%\"> Email * <\/label><br \/>\n<span class=\"wpcf7-form-control-wrap\" data-name=\"your-email\"><input size=\"40\" maxlength=\"400\" class=\"wpcf7-form-control wpcf7-email wpcf7-validates-as-required wpcf7-text wpcf7-validates-as-email\" aria-required=\"true\" aria-invalid=\"false\" value=\"\" type=\"email\" name=\"your-email\" \/><\/span>\n\t\t<\/p>\n\t<\/div>\n\t<div class=\"col-sm-6\">\n\t\t<p><label style=\"width: 100%\"> Telefono \/ Mobile * <\/label><br \/>\n<span class=\"wpcf7-form-control-wrap CellulareMobile\"><input class=\"wpcf7-form-control wpcf7-intl_tel wpcf7-validates-as-required wpcf7-intl-tel\" aria-required=\"true\" aria-invalid=\"false\" data-initialcountry=\"it\" value=\"\" type=\"tel\" name=\"CellulareMobile-cf7it-national\" \/><input name=\"CellulareMobile\" type=\"hidden\" class=\"wpcf7-intl-tel-full\" \/><input type=\"hidden\" name=\"CellulareMobile-cf7it-country-name\" class=\"wpcf7-intl-tel-country-name\" \/><input type=\"hidden\" name=\"CellulareMobile-cf7it-country-code\" class=\"wpcf7-intl-tel-country-code\" \/><input type=\"hidden\" name=\"CellulareMobile-cf7it-country-iso2\" class=\"wpcf7-intl-tel-country-iso2\" \/><\/span>\n\t\t<\/p>\n\t<\/div>\n<\/div>\n<div class=\"row inline-row\">\n\t<div class=\"col-sm-12\">\n\t\t<p><label> Citt\u00e0 di provenienza \/ City of origin \/ Ciudad de origen <\/label><br \/>\n<span class=\"wpcf7-form-control-wrap\" data-name=\"citta\"><input size=\"40\" maxlength=\"400\" class=\"wpcf7-form-control wpcf7-text wpcf7-validates-as-required\" aria-required=\"true\" aria-invalid=\"false\" value=\"\" type=\"text\" name=\"citta\" \/><\/span>\n\t\t<\/p>\n\t<\/div>\n<\/div>\n<div class=\"row inline-row\">\n\t<div class=\"col-sm-6\">\n\t\t<p><label> Corso di Laurea \/ Course \/ Curso de grado *<\/label><br \/>\n<span class=\"wpcf7-form-control-wrap\" data-name=\"Corsi\"><select class=\"wpcf7-form-control wpcf7-select\" aria-invalid=\"false\" name=\"Corsi\"><option value=\"\">&#8212;Please choose an option&#8212;<\/option><option value=\"BA Graphic design ITA\">BA Graphic design ITA<\/option><option value=\"BA Graphic design - Comics and illustration ITA\">BA Graphic design - Comics and illustration ITA<\/option><option value=\"BA Design ITA\">BA Design ITA<\/option><option value=\"BA Design ENG\">BA Design ENG<\/option><option value=\"BA Fashion design sostenibile\/Sustainable Fashion Design ITA\">BA Fashion design sostenibile\/Sustainable Fashion Design ITA<\/option><option value=\"BA Pittura ITA\">BA Pittura ITA<\/option><option value=\"BA Pittura ENG\">BA Pittura ENG<\/option><option value=\"BA Scultura e installazione ITA\">BA Scultura e installazione ITA<\/option><option value=\"BA Sculpture and installations ENG\">BA Sculpture and installations ENG<\/option><option value=\"BA Multimedia and Game Art ITA\">BA Multimedia and Game Art ITA<\/option><option value=\"BA Cinema ITA\">BA Cinema ITA<\/option><option value=\"BA Fotografia e audiovisivo\/Photography and audiovisual ITA\">BA Fotografia e audiovisivo\/Photography and audiovisual ITA<\/option><option value=\"BA Scenografia\/Set Design ITA\">BA Scenografia\/Set Design ITA<\/option><option value=\"MA Fine arts ITA\">MA Fine arts ITA<\/option><option value=\"MA Visual and innovation design ITA\">MA Visual and innovation design ITA<\/option><option value=\"MA Computer animation and visual effects ITA\">MA Computer animation and visual effects ITA<\/option><option value=\"MA Multimedia Arts and Design ITA\">MA Multimedia Arts and Design ITA<\/option><option value=\"MA Arte Cinematografica\/Film arts ENG\">MA Arte Cinematografica\/Film arts ENG<\/option><option value=\"MA Scenografia\/Set Design ITA\">MA Scenografia\/Set Design ITA<\/option><\/select><\/span>\n\t\t<\/p>\n\t<\/div>\n\t<div class=\"col-sm-6\">\n\t\t<p><label> Anno di iscrizione * <\/label><br \/>\n<span class=\"wpcf7-form-control-wrap\" data-name=\"anno\"><input class=\"wpcf7-form-control wpcf7-number wpcf7-validates-as-required wpcf7-validates-as-number\" aria-required=\"true\" aria-invalid=\"false\" value=\"\" type=\"number\" name=\"anno\" \/><\/span>\n\t\t<\/p>\n\t<\/div>\n<\/div>\n<p>*richiesto\/mandatory\n<\/p>\n<p><span class=\"wpcf7-form-control-wrap\" data-name=\"privacy\"><span class=\"wpcf7-form-control wpcf7-acceptance\"><span class=\"wpcf7-list-item\"><input type=\"checkbox\" name=\"privacy\" value=\"1\" aria-invalid=\"false\" \/><\/span><\/span><\/span> Confermo di aver preso visione della\u00a0<a href=\"https:\/\/www.unirufa.it\/informativa-privacy-sito\/\">\n\t\t<font color=\"blue\">Privacy Policy\n\t\t<\/font><\/a> resa disponibile e acconsento a ricevere le informazioni richieste a RUFA Rome University of Fine Arts. \/ I confirm that I have read the \u00a0<a href=\"https:\/\/www.unirufa.it\/en\/informativa-privacy-sito\/\">\n\t\t<font color=\"blue\">Privacy Policy\n\t\t<\/font><\/a>\u00a0and agree to receive the requested information from RUFA Rome University of Fine Arts.\n<\/p>\n<p><span class=\"wpcf7-form-control-wrap\" data-name=\"promotion\"><span class=\"wpcf7-form-control wpcf7-acceptance optional\"><span class=\"wpcf7-list-item\"><input type=\"checkbox\" name=\"promotion\" value=\"1\" aria-invalid=\"false\" \/><\/span><\/span><\/span> Accetto di ricevere altre comunicazioni da RUFA Rome University of Fine Arts (es. Borse di studio, eventi e workshop). \/ I agree to receive other communications from RUFA Rome University of Fine Arts (e.g., Scholarships, events and workshops).\n<\/p>\n<p><input class=\"wpcf7-form-control wpcf7-submit has-spinner\" type=\"submit\" value=\"Invia\/Send\" \/>\n<\/p><div class=\"wpcf7-response-output\" aria-hidden=\"true\"><\/div>\n<\/form>\n<\/div>\n\n            <\/div>\n        <\/div>\n    <\/div>\n    \n<p>El estudiante tendr\u00e1 la oportunidad de continuar su recorrido con tarifas reducidas en el <strong>centro cualificado asociado<\/strong> con la Academia, el Estudio de Psicoterapia Morana, situado en Via Rubicone 27 (a 400 metros de la sede de Via Benaco). Para aprovechar la tarifa reducida, ser\u00e1 necesario presentar la tarjeta de estudiante de RUFA. Para obtener m\u00e1s informaci\u00f3n sobre los descuentos significativos, puedes ponerte en contacto con la Oficina de Counseling: <a href=\"mailto:counseling@unirufa.it\">counseling@unirufa.it<\/a>. \u00a0<br \/>\n&nbsp;<\/p>\n<h4>Terapia en l\u00ednea con Serenis: una nueva oportunidad para el bienestar psicol\u00f3gico de los estudiantes.<\/h4>\n<p>RUFA, en colaboraci\u00f3n con el Grupo Plena y <a href=\"https:\/\/www.serenis.it\/\" rel=\"noopener\" target=\"_blank\">Serenis<\/a>, la plataforma l\u00edder en <strong>apoyo psicoterap\u00e9utico en l\u00ednea<\/strong>, ofrece a todos los estudiantes un descuento importante para el bienestar mental. A partir de octubre de 2024, los estudiantes de RUFA podr\u00e1n reservar una primera sesi\u00f3n gratuita y disfrutar de una tarifa reducida para las primeras 10 sesiones con un c\u00f3digo exclusivo dirigido a la comunidad. Esta iniciativa, dise\u00f1ada para facilitar el acceso a apoyo psicol\u00f3gico cualificado, representa un paso concreto hacia el cuidado del equilibrio emocional y mental.<br \/>\n&nbsp;<\/p>\n<div class=\"embed-responsive embed-responsive-16by9\"><iframe loading=\"lazy\" width=\"560\" height=\"315\" src=\"https:\/\/www.youtube-nocookie.com\/embed\/qLBGGD9oHDw?si=GHvwaNXt5j5B7xnO\" title=\"YouTube video player\" frameborder=\"0\" allow=\"accelerometer; autoplay; clipboard-write; encrypted-media; gyroscope; picture-in-picture; web-share\" referrerpolicy=\"strict-origin-when-cross-origin\" allowfullscreen><\/iframe><\/div>\n<p>&nbsp;","protected":false},"excerpt":{"rendered":"<p>Listo para estimular tu creatividad y bienestar. La realizaci\u00f3n profesional y el bienestar psicol\u00f3gico est\u00e1n estrechamente relacionados. Las investigaciones m\u00e1s recientes en el \u00e1mbito psicosocial demuestran que el apoyo psicol\u00f3gico fomenta una cultura personal del bienestar, mejorando la capacidad de afrontar desaf\u00edos acad\u00e9micos y profesionales, y favoreciendo una planificaci\u00f3n consciente de la propia carrera. RUFA&#8230;<\/p>\n","protected":false},"author":1,"featured_media":150980,"parent":1310,"menu_order":0,"comment_status":"closed","ping_status":"closed","template":"","meta":{"content-type":"","footnotes":""},"class_list":["post-1981","page","type-page","status-publish","has-post-thumbnail","hentry"],"yoast_head":"<!-- This site is optimized with the Yoast SEO plugin v24.2 - https:\/\/yoast.com\/wordpress\/plugins\/seo\/ -->\n<title>Counseling service for students of the Academy of Fine Arts in Rome - RUFA<\/title>\n<meta name=\"description\" content=\"Discover the Counseling service for students of the Academy of Fine Arts in Rome - RUFA. Find more in this page!\" \/>\n<meta name=\"robots\" content=\"index, follow, max-snippet:-1, max-image-preview:large, max-video-preview:-1\" \/>\n<link rel=\"canonical\" href=\"https:\/\/www.unirufa.it\/info-studenti\/orientamento-counseling\/\" \/>\n<meta property=\"og:locale\" content=\"es_ES\" \/>\n<meta property=\"og:type\" content=\"article\" \/>\n<meta property=\"og:title\" content=\"[:en]Counseling service for students of the Academy of Fine Arts in Rome - RUFA[:]\" \/>\n<meta property=\"og:description\" content=\"{:en}Discover the Counseling service for students of the Academy of Fine Arts in Rome - RUFA. Find more in this page!{:}\" \/>\n<meta property=\"og:url\" content=\"https:\/\/www.unirufa.it\/info-studenti\/orientamento-counseling\/\" \/>\n<meta property=\"og:site_name\" content=\"RUFA - Rome University of Fine Arts\" \/>\n<meta property=\"article:modified_time\" content=\"2026-02-27T09:23:18+00:00\" \/>\n<meta property=\"og:image\" content=\"https:\/\/www.unirufa.it\/wp-content\/uploads\/2026\/01\/RUFA_Counseling_Psicologico.jpg\" \/>\n\t<meta property=\"og:image:width\" content=\"1440\" \/>\n\t<meta property=\"og:image:height\" content=\"600\" \/>\n\t<meta property=\"og:image:type\" content=\"image\/jpeg\" \/>\n<meta name=\"twitter:label1\" content=\"Tiempo de lectura\" \/>\n\t<meta name=\"twitter:data1\" content=\"8 minutos\" \/>\n<script type=\"application\/ld+json\" class=\"yoast-schema-graph\">{\"@context\":\"https:\/\/schema.org\",\"@graph\":[{\"@type\":\"WebPage\",\"@id\":\"https:\/\/www.unirufa.it\/info-studenti\/orientamento-counseling\/\",\"url\":\"https:\/\/www.unirufa.it\/info-studenti\/orientamento-counseling\/\",\"name\":\"[:en]Counseling service for students of the Academy of Fine Arts in Rome - RUFA[:]\",\"isPartOf\":{\"@id\":\"https:\/\/www.unirufa.it\/#website\"},\"primaryImageOfPage\":{\"@id\":\"https:\/\/www.unirufa.it\/info-studenti\/orientamento-counseling\/#primaryimage\"},\"image\":{\"@id\":\"https:\/\/www.unirufa.it\/info-studenti\/orientamento-counseling\/#primaryimage\"},\"thumbnailUrl\":\"https:\/\/www.unirufa.it\/wp-content\/uploads\/2026\/01\/RUFA_Counseling_Psicologico.jpg\",\"datePublished\":\"2013-10-14T12:44:38+00:00\",\"dateModified\":\"2026-02-27T09:23:18+00:00\",\"description\":\"{:en}Discover the Counseling service for students of the Academy of Fine Arts in Rome - RUFA. Find more in this page!{:}\",\"breadcrumb\":{\"@id\":\"https:\/\/www.unirufa.it\/info-studenti\/orientamento-counseling\/#breadcrumb\"},\"inLanguage\":\"es\",\"potentialAction\":[{\"@type\":\"ReadAction\",\"target\":[\"https:\/\/www.unirufa.it\/info-studenti\/orientamento-counseling\/\"]}]},{\"@type\":\"ImageObject\",\"inLanguage\":\"es\",\"@id\":\"https:\/\/www.unirufa.it\/info-studenti\/orientamento-counseling\/#primaryimage\",\"url\":\"https:\/\/www.unirufa.it\/wp-content\/uploads\/2026\/01\/RUFA_Counseling_Psicologico.jpg\",\"contentUrl\":\"https:\/\/www.unirufa.it\/wp-content\/uploads\/2026\/01\/RUFA_Counseling_Psicologico.jpg\",\"width\":1440,\"height\":600},{\"@type\":\"BreadcrumbList\",\"@id\":\"https:\/\/www.unirufa.it\/info-studenti\/orientamento-counseling\/#breadcrumb\",\"itemListElement\":[{\"@type\":\"ListItem\",\"position\":1,\"name\":\"Home\",\"item\":\"https:\/\/www.unirufa.it\/\"},{\"@type\":\"ListItem\",\"position\":2,\"name\":\"Info Studenti e Servizi\",\"item\":\"https:\/\/www.unirufa.it\/info-studenti\/\"},{\"@type\":\"ListItem\",\"position\":3,\"name\":\"Counseling psicologico\"}]},{\"@type\":\"WebSite\",\"@id\":\"https:\/\/www.unirufa.it\/#website\",\"url\":\"https:\/\/www.unirufa.it\/\",\"name\":\"RUFA - Rome University of Fine Arts\",\"description\":\"\",\"potentialAction\":[{\"@type\":\"SearchAction\",\"target\":{\"@type\":\"EntryPoint\",\"urlTemplate\":\"https:\/\/www.unirufa.it\/?s={search_term_string}\"},\"query-input\":{\"@type\":\"PropertyValueSpecification\",\"valueRequired\":true,\"valueName\":\"search_term_string\"}}],\"inLanguage\":\"es\"}]}<\/script>\n<!-- \/ Yoast SEO plugin. -->","yoast_head_json":{"title":"Counseling service for students of the Academy of Fine Arts in Rome - RUFA","description":"Discover the Counseling service for students of the Academy of Fine Arts in Rome - RUFA. Find more in this page!","robots":{"index":"index","follow":"follow","max-snippet":"max-snippet:-1","max-image-preview":"max-image-preview:large","max-video-preview":"max-video-preview:-1"},"canonical":"https:\/\/www.unirufa.it\/info-studenti\/orientamento-counseling\/","og_locale":"es_ES","og_type":"article","og_title":"[:en]Counseling service for students of the Academy of Fine Arts in Rome - RUFA[:]","og_description":"{:en}Discover the Counseling service for students of the Academy of Fine Arts in Rome - RUFA. Find more in this page!{:}","og_url":"https:\/\/www.unirufa.it\/info-studenti\/orientamento-counseling\/","og_site_name":"RUFA - Rome University of Fine Arts","article_modified_time":"2026-02-27T09:23:18+00:00","og_image":[{"width":1440,"height":600,"url":"https:\/\/www.unirufa.it\/wp-content\/uploads\/2026\/01\/RUFA_Counseling_Psicologico.jpg","type":"image\/jpeg"}],"twitter_misc":{"Tiempo de lectura":"8 minutos"},"schema":{"@context":"https:\/\/schema.org","@graph":[{"@type":"WebPage","@id":"https:\/\/www.unirufa.it\/info-studenti\/orientamento-counseling\/","url":"https:\/\/www.unirufa.it\/info-studenti\/orientamento-counseling\/","name":"[:en]Counseling service for students of the Academy of Fine Arts in Rome - RUFA[:]","isPartOf":{"@id":"https:\/\/www.unirufa.it\/#website"},"primaryImageOfPage":{"@id":"https:\/\/www.unirufa.it\/info-studenti\/orientamento-counseling\/#primaryimage"},"image":{"@id":"https:\/\/www.unirufa.it\/info-studenti\/orientamento-counseling\/#primaryimage"},"thumbnailUrl":"https:\/\/www.unirufa.it\/wp-content\/uploads\/2026\/01\/RUFA_Counseling_Psicologico.jpg","datePublished":"2013-10-14T12:44:38+00:00","dateModified":"2026-02-27T09:23:18+00:00","description":"{:en}Discover the Counseling service for students of the Academy of Fine Arts in Rome - RUFA. Find more in this page!{:}","breadcrumb":{"@id":"https:\/\/www.unirufa.it\/info-studenti\/orientamento-counseling\/#breadcrumb"},"inLanguage":"es","potentialAction":[{"@type":"ReadAction","target":["https:\/\/www.unirufa.it\/info-studenti\/orientamento-counseling\/"]}]},{"@type":"ImageObject","inLanguage":"es","@id":"https:\/\/www.unirufa.it\/info-studenti\/orientamento-counseling\/#primaryimage","url":"https:\/\/www.unirufa.it\/wp-content\/uploads\/2026\/01\/RUFA_Counseling_Psicologico.jpg","contentUrl":"https:\/\/www.unirufa.it\/wp-content\/uploads\/2026\/01\/RUFA_Counseling_Psicologico.jpg","width":1440,"height":600},{"@type":"BreadcrumbList","@id":"https:\/\/www.unirufa.it\/info-studenti\/orientamento-counseling\/#breadcrumb","itemListElement":[{"@type":"ListItem","position":1,"name":"Home","item":"https:\/\/www.unirufa.it\/"},{"@type":"ListItem","position":2,"name":"Info Studenti e Servizi","item":"https:\/\/www.unirufa.it\/info-studenti\/"},{"@type":"ListItem","position":3,"name":"Counseling psicologico"}]},{"@type":"WebSite","@id":"https:\/\/www.unirufa.it\/#website","url":"https:\/\/www.unirufa.it\/","name":"RUFA - Rome University of Fine Arts","description":"","potentialAction":[{"@type":"SearchAction","target":{"@type":"EntryPoint","urlTemplate":"https:\/\/www.unirufa.it\/?s={search_term_string}"},"query-input":{"@type":"PropertyValueSpecification","valueRequired":true,"valueName":"search_term_string"}}],"inLanguage":"es"}]}},"_links":{"self":[{"href":"https:\/\/www.unirufa.it\/es\/wp-json\/wp\/v2\/pages\/1981","targetHints":{"allow":["GET"]}}],"collection":[{"href":"https:\/\/www.unirufa.it\/es\/wp-json\/wp\/v2\/pages"}],"about":[{"href":"https:\/\/www.unirufa.it\/es\/wp-json\/wp\/v2\/types\/page"}],"author":[{"embeddable":true,"href":"https:\/\/www.unirufa.it\/es\/wp-json\/wp\/v2\/users\/1"}],"replies":[{"embeddable":true,"href":"https:\/\/www.unirufa.it\/es\/wp-json\/wp\/v2\/comments?post=1981"}],"version-history":[{"count":50,"href":"https:\/\/www.unirufa.it\/es\/wp-json\/wp\/v2\/pages\/1981\/revisions"}],"predecessor-version":[{"id":151633,"href":"https:\/\/www.unirufa.it\/es\/wp-json\/wp\/v2\/pages\/1981\/revisions\/151633"}],"up":[{"embeddable":true,"href":"https:\/\/www.unirufa.it\/es\/wp-json\/wp\/v2\/pages\/1310"}],"wp:featuredmedia":[{"embeddable":true,"href":"https:\/\/www.unirufa.it\/es\/wp-json\/wp\/v2\/media\/150980"}],"wp:attachment":[{"href":"https:\/\/www.unirufa.it\/es\/wp-json\/wp\/v2\/media?parent=1981"}],"curies":[{"name":"wp","href":"https:\/\/api.w.org\/{rel}","templated":true}]}}