


{"id":20109,"date":"2019-05-10T09:35:18","date_gmt":"2019-05-10T09:35:18","guid":{"rendered":"https:\/\/www.unirufa.it\/?page_id=20109"},"modified":"2019-05-16T07:02:29","modified_gmt":"2019-05-16T07:02:29","slug":"tracks-of-freedom-2019","status":"publish","type":"page","link":"https:\/\/www.unirufa.it\/es\/tracks-of-freedom-2019\/","title":{"rendered":"Tracks of Freedom 2019"},"content":{"rendered":"<p class=\"qtranxs-available-languages-message qtranxs-available-languages-message-es\">Disculpa, pero esta entrada est\u00e1 disponible s\u00f3lo en <a href=\"https:\/\/www.unirufa.it\/it\/wp-json\/wp\/v2\/pages\/20109\" class=\"qtranxs-available-language-link qtranxs-available-language-link-it\" title=\"IT\">IT<\/a> y <a href=\"https:\/\/www.unirufa.it\/en\/wp-json\/wp\/v2\/pages\/20109\" class=\"qtranxs-available-language-link qtranxs-available-language-link-en\" title=\"EN\">EN<\/a>.<\/p><h1>Tracks of Freedom 2019<\/h1>\n<p><strong>Tracks of Freedom &#8211; Sense of difference<\/strong> \u00e8 il tema lanciato per il secondo anno del progetto in coordinamento con SVA &#8211; School of Visual Arts di New York. Un\u2019occasione irripetibile per gli studenti dei bienni RUFA nel cuore della Grande Mela. Dieci giorni di lavoro progettuale, approfondimento sociale e culturale, talk di apprezzati designer e <em>visit studio<\/em> per entrare in contatto con differenti metodologie di didattica e progetto.<br \/>\nNew York, simbolo della libert\u00e0 politica, economica, sociale e culturale, si trasforma nello scenario ideale per raccogliere l&#8217;energia e i sogni dei nostri studenti. Il workshop ha l\u2019obiettivo di interpretare il tema della Libert\u00e0, di rappresentare il dinamismo elettrizzante, la forza simbolica e creativa della <em>\u00abCitt\u00e0 che non dorme mai\u00bb<\/em>. Potranno essere utilizzate tutte le tecniche e i linguaggi della comunicazione contemporanea: brand identity, advertising, unconventional, motion graphic, interaction e multimedia design, photography e video. Ogni ibridazione, convergenza e sperimentazione dei linguaggi \u00e8 benvenuta, nello spirito che sta caratterizzando l&#8217;intera Accademia RUFA.<\/p>\n<p>A distanza di circa un anno dalla prima edizione, per gli studenti RUFA si riaprono le porte della School of Visual Arts di New York, una delle scuole di comunicazione pi\u00f9 prestigiose al mondo. L\u2019obiettivo \u00e8 dare forma ad una \u201cexchange experience\u201d per declinare la contemporaneit\u00e0 nella sua essenza.<br \/>\nDieci giorni di soggiorno negli States, dall\u201911 al 20 maggio, per dieci studenti guidati dai docenti Emanuele Cappelli ed Antonio Pace. \u201cTracks of Freedom\u201d non \u00e8 solo un percorso di alta formazione, ma \u00e8 una full-immersion che coniuga studio e progettualit\u00e0.<br \/>\nIn questa visione d\u2019insieme l\u2019obiettivo \u00e8 rimodulare il tema della \u201cLibert\u00e0\u201d, per rappresentare il dinamismo elettrizzante, la forza simbolica e creativa di New York, usando tutte le tecniche e i linguaggi della comunicazione contemporanea: dal brand identity all\u2019advertising.<br \/>\nBuon viaggio e buon lavoro agli studenti RUFA: Benedetta Barone, Sean Patrick Brogan, Arianna Calistri, Federico Leggi, Arianna Rovedi, Nicol\u00f2 Savi, Marina Sbrana, Giovanna Scozzese, Silvia Serraiocco e Marco Taurino.<br \/>\nI lavori prodotti saranno poi inseriti in un percorso espositivo e cognitivo che verr\u00e0 installato nella sede RUFA Pastificio Cerere, nel cuore del quartiere San Lorenzo a Roma, per fornire un imprinting ancora pi\u00f9 marcato alle finalit\u00e0 del progetto. \u201cTracks of Freedom\u201d, per contenuti ed obiettivi, s\u2019inserisce perfettamente nel piano di internazionalizzazione che RUFA ha indirizzato gi\u00e0 da quest\u2019anno e che culminer\u00e0 con la celebrazione della prima doppia decade dalla fondazione. <\/p>","protected":false},"excerpt":{"rendered":"<p>Disculpa, pero esta entrada est\u00e1 disponible s\u00f3lo en IT y EN.Tracks of Freedom 2019 Tracks of Freedom &#8211; Sense of difference \u00e8 il tema lanciato per il secondo anno del progetto in coordinamento con SVA &#8211; School of Visual Arts di New York. Un\u2019occasione irripetibile per gli studenti dei bienni RUFA nel cuore della Grande&#8230;<\/p>\n","protected":false},"author":1,"featured_media":20255,"parent":0,"menu_order":0,"comment_status":"closed","ping_status":"closed","template":"page_sva.php","meta":{"content-type":"","footnotes":""},"class_list":["post-20109","page","type-page","status-publish","has-post-thumbnail","hentry"],"yoast_head":"<!-- This site is optimized with the Yoast SEO plugin v24.2 - https:\/\/yoast.com\/wordpress\/plugins\/seo\/ -->\n<title>Tracks of Freedom 2019 - RUFA - Rome University of Fine Arts<\/title>\n<meta name=\"robots\" content=\"index, follow, max-snippet:-1, max-image-preview:large, max-video-preview:-1\" \/>\n<link rel=\"canonical\" href=\"https:\/\/www.unirufa.it\/tracks-of-freedom-2019\/\" \/>\n<meta property=\"og:locale\" content=\"es_ES\" \/>\n<meta property=\"og:type\" content=\"article\" \/>\n<meta property=\"og:title\" content=\"Tracks of Freedom 2019 - RUFA - Rome University of Fine Arts\" \/>\n<meta property=\"og:description\" content=\"Disculpa, pero esta entrada est\u00e1 disponible s\u00f3lo en IT y EN.Tracks of Freedom 2019 Tracks of Freedom &#8211; Sense of difference \u00e8 il tema lanciato per il secondo anno del progetto in coordinamento con SVA &#8211; School of Visual Arts di New York. Un\u2019occasione irripetibile per gli studenti dei bienni RUFA nel cuore della Grande...\" \/>\n<meta property=\"og:url\" content=\"https:\/\/www.unirufa.it\/tracks-of-freedom-2019\/\" \/>\n<meta property=\"og:site_name\" content=\"RUFA - Rome University of Fine Arts\" \/>\n<meta property=\"article:modified_time\" content=\"2019-05-16T07:02:29+00:00\" \/>\n<meta property=\"og:image\" content=\"https:\/\/www.unirufa.it\/wp-content\/uploads\/2019\/05\/RUFA_Tracks_of_Freedom_slider_1440x600.jpg\" \/>\n\t<meta property=\"og:image:width\" content=\"1440\" \/>\n\t<meta property=\"og:image:height\" content=\"600\" \/>\n\t<meta property=\"og:image:type\" content=\"image\/jpeg\" \/>\n<meta name=\"twitter:label1\" content=\"Tiempo de lectura\" \/>\n\t<meta name=\"twitter:data1\" content=\"4 minutos\" \/>\n<script type=\"application\/ld+json\" class=\"yoast-schema-graph\">{\"@context\":\"https:\/\/schema.org\",\"@graph\":[{\"@type\":\"WebPage\",\"@id\":\"https:\/\/www.unirufa.it\/tracks-of-freedom-2019\/\",\"url\":\"https:\/\/www.unirufa.it\/tracks-of-freedom-2019\/\",\"name\":\"Tracks of Freedom 2019 - RUFA - Rome University of Fine Arts\",\"isPartOf\":{\"@id\":\"https:\/\/www.unirufa.it\/#website\"},\"primaryImageOfPage\":{\"@id\":\"https:\/\/www.unirufa.it\/tracks-of-freedom-2019\/#primaryimage\"},\"image\":{\"@id\":\"https:\/\/www.unirufa.it\/tracks-of-freedom-2019\/#primaryimage\"},\"thumbnailUrl\":\"https:\/\/www.unirufa.it\/wp-content\/uploads\/2019\/05\/RUFA_Tracks_of_Freedom_slider_1440x600.jpg\",\"datePublished\":\"2019-05-10T09:35:18+00:00\",\"dateModified\":\"2019-05-16T07:02:29+00:00\",\"breadcrumb\":{\"@id\":\"https:\/\/www.unirufa.it\/tracks-of-freedom-2019\/#breadcrumb\"},\"inLanguage\":\"es\",\"potentialAction\":[{\"@type\":\"ReadAction\",\"target\":[\"https:\/\/www.unirufa.it\/tracks-of-freedom-2019\/\"]}]},{\"@type\":\"ImageObject\",\"inLanguage\":\"es\",\"@id\":\"https:\/\/www.unirufa.it\/tracks-of-freedom-2019\/#primaryimage\",\"url\":\"https:\/\/www.unirufa.it\/wp-content\/uploads\/2019\/05\/RUFA_Tracks_of_Freedom_slider_1440x600.jpg\",\"contentUrl\":\"https:\/\/www.unirufa.it\/wp-content\/uploads\/2019\/05\/RUFA_Tracks_of_Freedom_slider_1440x600.jpg\",\"width\":1440,\"height\":600},{\"@type\":\"BreadcrumbList\",\"@id\":\"https:\/\/www.unirufa.it\/tracks-of-freedom-2019\/#breadcrumb\",\"itemListElement\":[{\"@type\":\"ListItem\",\"position\":1,\"name\":\"Home\",\"item\":\"https:\/\/www.unirufa.it\/\"},{\"@type\":\"ListItem\",\"position\":2,\"name\":\"Tracks of Freedom 2019\"}]},{\"@type\":\"WebSite\",\"@id\":\"https:\/\/www.unirufa.it\/#website\",\"url\":\"https:\/\/www.unirufa.it\/\",\"name\":\"RUFA - Rome University of Fine Arts\",\"description\":\"\",\"potentialAction\":[{\"@type\":\"SearchAction\",\"target\":{\"@type\":\"EntryPoint\",\"urlTemplate\":\"https:\/\/www.unirufa.it\/?s={search_term_string}\"},\"query-input\":{\"@type\":\"PropertyValueSpecification\",\"valueRequired\":true,\"valueName\":\"search_term_string\"}}],\"inLanguage\":\"es\"}]}<\/script>\n<!-- \/ Yoast SEO plugin. -->","yoast_head_json":{"title":"Tracks of Freedom 2019 - RUFA - Rome University of Fine Arts","robots":{"index":"index","follow":"follow","max-snippet":"max-snippet:-1","max-image-preview":"max-image-preview:large","max-video-preview":"max-video-preview:-1"},"canonical":"https:\/\/www.unirufa.it\/tracks-of-freedom-2019\/","og_locale":"es_ES","og_type":"article","og_title":"Tracks of Freedom 2019 - RUFA - Rome University of Fine Arts","og_description":"Disculpa, pero esta entrada est\u00e1 disponible s\u00f3lo en IT y EN.Tracks of Freedom 2019 Tracks of Freedom &#8211; Sense of difference \u00e8 il tema lanciato per il secondo anno del progetto in coordinamento con SVA &#8211; School of Visual Arts di New York. Un\u2019occasione irripetibile per gli studenti dei bienni RUFA nel cuore della Grande...","og_url":"https:\/\/www.unirufa.it\/tracks-of-freedom-2019\/","og_site_name":"RUFA - Rome University of Fine Arts","article_modified_time":"2019-05-16T07:02:29+00:00","og_image":[{"width":1440,"height":600,"url":"https:\/\/www.unirufa.it\/wp-content\/uploads\/2019\/05\/RUFA_Tracks_of_Freedom_slider_1440x600.jpg","type":"image\/jpeg"}],"twitter_misc":{"Tiempo de lectura":"4 minutos"},"schema":{"@context":"https:\/\/schema.org","@graph":[{"@type":"WebPage","@id":"https:\/\/www.unirufa.it\/tracks-of-freedom-2019\/","url":"https:\/\/www.unirufa.it\/tracks-of-freedom-2019\/","name":"Tracks of Freedom 2019 - RUFA - Rome University of Fine Arts","isPartOf":{"@id":"https:\/\/www.unirufa.it\/#website"},"primaryImageOfPage":{"@id":"https:\/\/www.unirufa.it\/tracks-of-freedom-2019\/#primaryimage"},"image":{"@id":"https:\/\/www.unirufa.it\/tracks-of-freedom-2019\/#primaryimage"},"thumbnailUrl":"https:\/\/www.unirufa.it\/wp-content\/uploads\/2019\/05\/RUFA_Tracks_of_Freedom_slider_1440x600.jpg","datePublished":"2019-05-10T09:35:18+00:00","dateModified":"2019-05-16T07:02:29+00:00","breadcrumb":{"@id":"https:\/\/www.unirufa.it\/tracks-of-freedom-2019\/#breadcrumb"},"inLanguage":"es","potentialAction":[{"@type":"ReadAction","target":["https:\/\/www.unirufa.it\/tracks-of-freedom-2019\/"]}]},{"@type":"ImageObject","inLanguage":"es","@id":"https:\/\/www.unirufa.it\/tracks-of-freedom-2019\/#primaryimage","url":"https:\/\/www.unirufa.it\/wp-content\/uploads\/2019\/05\/RUFA_Tracks_of_Freedom_slider_1440x600.jpg","contentUrl":"https:\/\/www.unirufa.it\/wp-content\/uploads\/2019\/05\/RUFA_Tracks_of_Freedom_slider_1440x600.jpg","width":1440,"height":600},{"@type":"BreadcrumbList","@id":"https:\/\/www.unirufa.it\/tracks-of-freedom-2019\/#breadcrumb","itemListElement":[{"@type":"ListItem","position":1,"name":"Home","item":"https:\/\/www.unirufa.it\/"},{"@type":"ListItem","position":2,"name":"Tracks of Freedom 2019"}]},{"@type":"WebSite","@id":"https:\/\/www.unirufa.it\/#website","url":"https:\/\/www.unirufa.it\/","name":"RUFA - Rome University of Fine Arts","description":"","potentialAction":[{"@type":"SearchAction","target":{"@type":"EntryPoint","urlTemplate":"https:\/\/www.unirufa.it\/?s={search_term_string}"},"query-input":{"@type":"PropertyValueSpecification","valueRequired":true,"valueName":"search_term_string"}}],"inLanguage":"es"}]}},"_links":{"self":[{"href":"https:\/\/www.unirufa.it\/es\/wp-json\/wp\/v2\/pages\/20109","targetHints":{"allow":["GET"]}}],"collection":[{"href":"https:\/\/www.unirufa.it\/es\/wp-json\/wp\/v2\/pages"}],"about":[{"href":"https:\/\/www.unirufa.it\/es\/wp-json\/wp\/v2\/types\/page"}],"author":[{"embeddable":true,"href":"https:\/\/www.unirufa.it\/es\/wp-json\/wp\/v2\/users\/1"}],"replies":[{"embeddable":true,"href":"https:\/\/www.unirufa.it\/es\/wp-json\/wp\/v2\/comments?post=20109"}],"version-history":[{"count":11,"href":"https:\/\/www.unirufa.it\/es\/wp-json\/wp\/v2\/pages\/20109\/revisions"}],"predecessor-version":[{"id":20292,"href":"https:\/\/www.unirufa.it\/es\/wp-json\/wp\/v2\/pages\/20109\/revisions\/20292"}],"wp:featuredmedia":[{"embeddable":true,"href":"https:\/\/www.unirufa.it\/es\/wp-json\/wp\/v2\/media\/20255"}],"wp:attachment":[{"href":"https:\/\/www.unirufa.it\/es\/wp-json\/wp\/v2\/media?parent=20109"}],"curies":[{"name":"wp","href":"https:\/\/api.w.org\/{rel}","templated":true}]}}