


{"id":21184,"date":"2019-07-18T07:36:10","date_gmt":"2019-07-18T07:36:10","guid":{"rendered":"https:\/\/www.unirufa.it\/?page_id=21184"},"modified":"2021-07-30T16:40:03","modified_gmt":"2021-07-30T14:40:03","slug":"annual-report-2017","status":"publish","type":"page","link":"https:\/\/www.unirufa.it\/es\/annual-report-2017\/","title":{"rendered":"Annual report 2017"},"content":{"rendered":"El libro recoge los mejores proyectos anuales de la Academia. Impreso en hexacrom\u00eda, con la presencia de un pantone met\u00e1lico, y en reimpresi\u00f3n (inserci\u00f3n interna), utiliza para los t\u00edtulos tipograf\u00edas m\u00f3viles y composiciones manuales combinadas con fotograf\u00edas en blanco y negro, ilustraciones de artista realizadas en calcograf\u00eda y grabado, impresas a dos colores. El dise\u00f1o, una composici\u00f3n l\u00edquida es una mezcla de t\u00e9cnicas y superposiciones visuales que lo convierten en un producto h\u00edbrido entre gr\u00e1fica y libro de artista. Al hojear las p\u00e1ginas se puede escuchar contenido sonoro adicional relacionado con las diversas actividades.<br \/>\n&nbsp;<\/p>\n<div id=\"su_slider_69f6a223db90c\" class=\"su-slider su-slider-centered su-slider-pages-yes su-slider-responsive-yes\" style=\"width:100%\" data-autoplay=\"3000\" data-speed=\"600\" data-mousewheel=\"true\"><div class=\"su-slider-slides\"><div class=\"su-slider-slide\"><a href=\"https:\/\/www.unirufa.it\/wp-content\/uploads\/2019\/07\/rufa_annual_report_0.jpg\"  title=\"rufa_annual_report_0\"><img decoding=\"async\" src=\"https:\/\/www.unirufa.it\/wp-content\/uploads\/2019\/07\/rufa_annual_report_0-1040x650.jpg\" alt=\"rufa_annual_report_0\" \/><span class=\"su-slider-slide-title\">rufa_annual_report_0<\/span><\/a><\/div><div class=\"su-slider-slide\"><a href=\"https:\/\/www.unirufa.it\/wp-content\/uploads\/2019\/07\/rufa_annual_report_01.jpg\"  title=\"rufa_annual_report_01\"><img decoding=\"async\" src=\"https:\/\/www.unirufa.it\/wp-content\/uploads\/2019\/07\/rufa_annual_report_01-1040x650.jpg\" alt=\"rufa_annual_report_01\" \/><span class=\"su-slider-slide-title\">rufa_annual_report_01<\/span><\/a><\/div><div class=\"su-slider-slide\"><a href=\"https:\/\/www.unirufa.it\/wp-content\/uploads\/2019\/07\/rufa_annual_report_2.jpg\"  title=\"rufa_annual_report_2\"><img decoding=\"async\" src=\"https:\/\/www.unirufa.it\/wp-content\/uploads\/2019\/07\/rufa_annual_report_2-1040x650.jpg\" alt=\"rufa_annual_report_2\" \/><span class=\"su-slider-slide-title\">rufa_annual_report_2<\/span><\/a><\/div><div class=\"su-slider-slide\"><a href=\"https:\/\/www.unirufa.it\/wp-content\/uploads\/2019\/07\/rufa_annual_report_3.jpg\"  title=\"rufa_annual_report_3\"><img decoding=\"async\" src=\"https:\/\/www.unirufa.it\/wp-content\/uploads\/2019\/07\/rufa_annual_report_3-1040x650.jpg\" alt=\"rufa_annual_report_3\" \/><span class=\"su-slider-slide-title\">rufa_annual_report_3<\/span><\/a><\/div><div class=\"su-slider-slide\"><a href=\"https:\/\/www.unirufa.it\/wp-content\/uploads\/2019\/07\/rufa_annual_report_4.jpg\"  title=\"rufa_annual_report_4\"><img decoding=\"async\" src=\"https:\/\/www.unirufa.it\/wp-content\/uploads\/2019\/07\/rufa_annual_report_4-1040x650.jpg\" alt=\"rufa_annual_report_4\" \/><span class=\"su-slider-slide-title\">rufa_annual_report_4<\/span><\/a><\/div><div class=\"su-slider-slide\"><a href=\"https:\/\/www.unirufa.it\/wp-content\/uploads\/2019\/07\/rufa_annual_report_5.jpg\"  title=\"rufa_annual_report_5\"><img decoding=\"async\" src=\"https:\/\/www.unirufa.it\/wp-content\/uploads\/2019\/07\/rufa_annual_report_5-1040x650.jpg\" alt=\"rufa_annual_report_5\" \/><span class=\"su-slider-slide-title\">rufa_annual_report_5<\/span><\/a><\/div><div class=\"su-slider-slide\"><a href=\"https:\/\/www.unirufa.it\/wp-content\/uploads\/2019\/07\/rufa_annual_report_6.jpg\"  title=\"rufa_annual_report_6\"><img decoding=\"async\" src=\"https:\/\/www.unirufa.it\/wp-content\/uploads\/2019\/07\/rufa_annual_report_6-1040x650.jpg\" alt=\"rufa_annual_report_6\" \/><span class=\"su-slider-slide-title\">rufa_annual_report_6<\/span><\/a><\/div><div class=\"su-slider-slide\"><a href=\"https:\/\/www.unirufa.it\/wp-content\/uploads\/2019\/07\/rufa_annual_report_7.jpg\"  title=\"rufa_annual_report_7\"><img decoding=\"async\" src=\"https:\/\/www.unirufa.it\/wp-content\/uploads\/2019\/07\/rufa_annual_report_7-1040x650.jpg\" alt=\"rufa_annual_report_7\" \/><span class=\"su-slider-slide-title\">rufa_annual_report_7<\/span><\/a><\/div><div class=\"su-slider-slide\"><a href=\"https:\/\/www.unirufa.it\/wp-content\/uploads\/2019\/07\/rufa_annual_report_8.jpg\"  title=\"rufa_annual_report_8\"><img decoding=\"async\" src=\"https:\/\/www.unirufa.it\/wp-content\/uploads\/2019\/07\/rufa_annual_report_8-1040x650.jpg\" alt=\"rufa_annual_report_8\" \/><span class=\"su-slider-slide-title\">rufa_annual_report_8<\/span><\/a><\/div><div class=\"su-slider-slide\"><a href=\"https:\/\/www.unirufa.it\/wp-content\/uploads\/2019\/07\/rufa_annual_report_9.jpg\"  title=\"rufa_annual_report_9\"><img decoding=\"async\" src=\"https:\/\/www.unirufa.it\/wp-content\/uploads\/2019\/07\/rufa_annual_report_9-1040x650.jpg\" alt=\"rufa_annual_report_9\" \/><span class=\"su-slider-slide-title\">rufa_annual_report_9<\/span><\/a><\/div><\/div><div class=\"su-slider-nav\"><div class=\"su-slider-direction\"><span class=\"su-slider-prev\"><\/span><span class=\"su-slider-next\"><\/span><\/div><div class=\"su-slider-pagination\"><\/div><\/div><\/div>\n<h6>Foto: Eleonora Cerri Pecorella<\/h6>\n<p>&nbsp;<\/p>\n<p><a class=\"download-btn\" href=\"https:\/\/www.dropbox.com\/s\/cva8k3oxbh92dag\/RUFA_AnnualReport_2017.pdf?dl=0\" target=\"_blank\" rel=\"noopener noreferrer\">Ver la publicaci\u00f3n<\/a>","protected":false},"excerpt":{"rendered":"<p>El libro recoge los mejores proyectos anuales de la Academia. Impreso en hexacrom\u00eda, con la presencia de un pantone met\u00e1lico, y en reimpresi\u00f3n (inserci\u00f3n interna), utiliza para los t\u00edtulos tipograf\u00edas m\u00f3viles y composiciones manuales combinadas con fotograf\u00edas en blanco y negro, ilustraciones de artista realizadas en calcograf\u00eda y grabado, impresas a dos colores. El dise\u00f1o,&#8230;<\/p>\n","protected":false},"author":1,"featured_media":17844,"parent":0,"menu_order":0,"comment_status":"closed","ping_status":"closed","template":"","meta":{"content-type":"","footnotes":""},"class_list":["post-21184","page","type-page","status-publish","has-post-thumbnail","hentry"],"yoast_head":"<!-- This site is optimized with the Yoast SEO plugin v24.2 - https:\/\/yoast.com\/wordpress\/plugins\/seo\/ -->\n<title>Annual report 2017 - RUFA - Rome University of Fine Arts<\/title>\n<meta name=\"robots\" content=\"index, follow, max-snippet:-1, max-image-preview:large, max-video-preview:-1\" \/>\n<link rel=\"canonical\" href=\"https:\/\/www.unirufa.it\/annual-report-2017\/\" \/>\n<meta property=\"og:locale\" content=\"es_ES\" \/>\n<meta property=\"og:type\" content=\"article\" \/>\n<meta property=\"og:title\" content=\"Annual report 2017 - RUFA - Rome University of Fine Arts\" \/>\n<meta property=\"og:description\" content=\"El libro recoge los mejores proyectos anuales de la Academia. Impreso en hexacrom\u00eda, con la presencia de un pantone met\u00e1lico, y en reimpresi\u00f3n (inserci\u00f3n interna), utiliza para los t\u00edtulos tipograf\u00edas m\u00f3viles y composiciones manuales combinadas con fotograf\u00edas en blanco y negro, ilustraciones de artista realizadas en calcograf\u00eda y grabado, impresas a dos colores. El dise\u00f1o,...\" \/>\n<meta property=\"og:url\" content=\"https:\/\/www.unirufa.it\/annual-report-2017\/\" \/>\n<meta property=\"og:site_name\" content=\"RUFA - Rome University of Fine Arts\" \/>\n<meta property=\"article:modified_time\" content=\"2021-07-30T14:40:03+00:00\" \/>\n<meta property=\"og:image\" content=\"https:\/\/www.unirufa.it\/wp-content\/uploads\/2018\/10\/rufa_annual_report.jpg\" \/>\n\t<meta property=\"og:image:width\" content=\"1400\" \/>\n\t<meta property=\"og:image:height\" content=\"600\" \/>\n\t<meta property=\"og:image:type\" content=\"image\/jpeg\" \/>\n<meta name=\"twitter:label1\" content=\"Tiempo de lectura\" \/>\n\t<meta name=\"twitter:data1\" content=\"2 minutos\" \/>\n<script type=\"application\/ld+json\" class=\"yoast-schema-graph\">{\"@context\":\"https:\/\/schema.org\",\"@graph\":[{\"@type\":\"WebPage\",\"@id\":\"https:\/\/www.unirufa.it\/annual-report-2017\/\",\"url\":\"https:\/\/www.unirufa.it\/annual-report-2017\/\",\"name\":\"Annual report 2017 - RUFA - Rome University of Fine Arts\",\"isPartOf\":{\"@id\":\"https:\/\/www.unirufa.it\/#website\"},\"primaryImageOfPage\":{\"@id\":\"https:\/\/www.unirufa.it\/annual-report-2017\/#primaryimage\"},\"image\":{\"@id\":\"https:\/\/www.unirufa.it\/annual-report-2017\/#primaryimage\"},\"thumbnailUrl\":\"https:\/\/www.unirufa.it\/wp-content\/uploads\/2018\/10\/rufa_annual_report.jpg\",\"datePublished\":\"2019-07-18T07:36:10+00:00\",\"dateModified\":\"2021-07-30T14:40:03+00:00\",\"breadcrumb\":{\"@id\":\"https:\/\/www.unirufa.it\/annual-report-2017\/#breadcrumb\"},\"inLanguage\":\"es\",\"potentialAction\":[{\"@type\":\"ReadAction\",\"target\":[\"https:\/\/www.unirufa.it\/annual-report-2017\/\"]}]},{\"@type\":\"ImageObject\",\"inLanguage\":\"es\",\"@id\":\"https:\/\/www.unirufa.it\/annual-report-2017\/#primaryimage\",\"url\":\"https:\/\/www.unirufa.it\/wp-content\/uploads\/2018\/10\/rufa_annual_report.jpg\",\"contentUrl\":\"https:\/\/www.unirufa.it\/wp-content\/uploads\/2018\/10\/rufa_annual_report.jpg\",\"width\":1400,\"height\":600},{\"@type\":\"BreadcrumbList\",\"@id\":\"https:\/\/www.unirufa.it\/annual-report-2017\/#breadcrumb\",\"itemListElement\":[{\"@type\":\"ListItem\",\"position\":1,\"name\":\"Home\",\"item\":\"https:\/\/www.unirufa.it\/\"},{\"@type\":\"ListItem\",\"position\":2,\"name\":\"Annual report 2017\"}]},{\"@type\":\"WebSite\",\"@id\":\"https:\/\/www.unirufa.it\/#website\",\"url\":\"https:\/\/www.unirufa.it\/\",\"name\":\"RUFA - Rome University of Fine Arts\",\"description\":\"\",\"potentialAction\":[{\"@type\":\"SearchAction\",\"target\":{\"@type\":\"EntryPoint\",\"urlTemplate\":\"https:\/\/www.unirufa.it\/?s={search_term_string}\"},\"query-input\":{\"@type\":\"PropertyValueSpecification\",\"valueRequired\":true,\"valueName\":\"search_term_string\"}}],\"inLanguage\":\"es\"}]}<\/script>\n<!-- \/ Yoast SEO plugin. -->","yoast_head_json":{"title":"Annual report 2017 - RUFA - Rome University of Fine Arts","robots":{"index":"index","follow":"follow","max-snippet":"max-snippet:-1","max-image-preview":"max-image-preview:large","max-video-preview":"max-video-preview:-1"},"canonical":"https:\/\/www.unirufa.it\/annual-report-2017\/","og_locale":"es_ES","og_type":"article","og_title":"Annual report 2017 - RUFA - Rome University of Fine Arts","og_description":"El libro recoge los mejores proyectos anuales de la Academia. Impreso en hexacrom\u00eda, con la presencia de un pantone met\u00e1lico, y en reimpresi\u00f3n (inserci\u00f3n interna), utiliza para los t\u00edtulos tipograf\u00edas m\u00f3viles y composiciones manuales combinadas con fotograf\u00edas en blanco y negro, ilustraciones de artista realizadas en calcograf\u00eda y grabado, impresas a dos colores. El dise\u00f1o,...","og_url":"https:\/\/www.unirufa.it\/annual-report-2017\/","og_site_name":"RUFA - Rome University of Fine Arts","article_modified_time":"2021-07-30T14:40:03+00:00","og_image":[{"width":1400,"height":600,"url":"https:\/\/www.unirufa.it\/wp-content\/uploads\/2018\/10\/rufa_annual_report.jpg","type":"image\/jpeg"}],"twitter_misc":{"Tiempo de lectura":"2 minutos"},"schema":{"@context":"https:\/\/schema.org","@graph":[{"@type":"WebPage","@id":"https:\/\/www.unirufa.it\/annual-report-2017\/","url":"https:\/\/www.unirufa.it\/annual-report-2017\/","name":"Annual report 2017 - RUFA - Rome University of Fine Arts","isPartOf":{"@id":"https:\/\/www.unirufa.it\/#website"},"primaryImageOfPage":{"@id":"https:\/\/www.unirufa.it\/annual-report-2017\/#primaryimage"},"image":{"@id":"https:\/\/www.unirufa.it\/annual-report-2017\/#primaryimage"},"thumbnailUrl":"https:\/\/www.unirufa.it\/wp-content\/uploads\/2018\/10\/rufa_annual_report.jpg","datePublished":"2019-07-18T07:36:10+00:00","dateModified":"2021-07-30T14:40:03+00:00","breadcrumb":{"@id":"https:\/\/www.unirufa.it\/annual-report-2017\/#breadcrumb"},"inLanguage":"es","potentialAction":[{"@type":"ReadAction","target":["https:\/\/www.unirufa.it\/annual-report-2017\/"]}]},{"@type":"ImageObject","inLanguage":"es","@id":"https:\/\/www.unirufa.it\/annual-report-2017\/#primaryimage","url":"https:\/\/www.unirufa.it\/wp-content\/uploads\/2018\/10\/rufa_annual_report.jpg","contentUrl":"https:\/\/www.unirufa.it\/wp-content\/uploads\/2018\/10\/rufa_annual_report.jpg","width":1400,"height":600},{"@type":"BreadcrumbList","@id":"https:\/\/www.unirufa.it\/annual-report-2017\/#breadcrumb","itemListElement":[{"@type":"ListItem","position":1,"name":"Home","item":"https:\/\/www.unirufa.it\/"},{"@type":"ListItem","position":2,"name":"Annual report 2017"}]},{"@type":"WebSite","@id":"https:\/\/www.unirufa.it\/#website","url":"https:\/\/www.unirufa.it\/","name":"RUFA - Rome University of Fine Arts","description":"","potentialAction":[{"@type":"SearchAction","target":{"@type":"EntryPoint","urlTemplate":"https:\/\/www.unirufa.it\/?s={search_term_string}"},"query-input":{"@type":"PropertyValueSpecification","valueRequired":true,"valueName":"search_term_string"}}],"inLanguage":"es"}]}},"_links":{"self":[{"href":"https:\/\/www.unirufa.it\/es\/wp-json\/wp\/v2\/pages\/21184","targetHints":{"allow":["GET"]}}],"collection":[{"href":"https:\/\/www.unirufa.it\/es\/wp-json\/wp\/v2\/pages"}],"about":[{"href":"https:\/\/www.unirufa.it\/es\/wp-json\/wp\/v2\/types\/page"}],"author":[{"embeddable":true,"href":"https:\/\/www.unirufa.it\/es\/wp-json\/wp\/v2\/users\/1"}],"replies":[{"embeddable":true,"href":"https:\/\/www.unirufa.it\/es\/wp-json\/wp\/v2\/comments?post=21184"}],"version-history":[{"count":17,"href":"https:\/\/www.unirufa.it\/es\/wp-json\/wp\/v2\/pages\/21184\/revisions"}],"predecessor-version":[{"id":49685,"href":"https:\/\/www.unirufa.it\/es\/wp-json\/wp\/v2\/pages\/21184\/revisions\/49685"}],"wp:featuredmedia":[{"embeddable":true,"href":"https:\/\/www.unirufa.it\/es\/wp-json\/wp\/v2\/media\/17844"}],"wp:attachment":[{"href":"https:\/\/www.unirufa.it\/es\/wp-json\/wp\/v2\/media?parent=21184"}],"curies":[{"name":"wp","href":"https:\/\/api.w.org\/{rel}","templated":true}]}}