


{"id":21420,"date":"2019-07-25T07:44:29","date_gmt":"2019-07-25T07:44:29","guid":{"rendered":"https:\/\/www.unirufa.it\/?page_id=21420"},"modified":"2025-10-15T10:29:11","modified_gmt":"2025-10-15T08:29:11","slug":"prima-di-arrivare","status":"publish","type":"page","link":"https:\/\/www.unirufa.it\/es\/orientamento\/studenti-internazionali\/prima-di-arrivare\/","title":{"rendered":"ANTES DE LLEGAR"},"content":{"rendered":"<h3>EXTRA UE<\/h3>\n<p>Como estudiante no perteneciente a la UE que desea estudiar en Italia, deber\u00e1s solicitar un visado en el Consulado\/Embajada italiana de tu pa\u00eds. Ten en cuenta que el procedimiento puede tardar bastante tiempo y que se te pedir\u00e1 presentar varios documentos, por lo que te recomendamos solicitarlos lo antes posible.<\/p>\n<p>Aunque cada pa\u00eds puede tener procedimientos ligeramente diferentes, los documentos que generalmente solicita la Embajada\/Consulado son:<\/p>\n<p><strong>Para los Cursos Acad\u00e9micos de Primer Nivel<\/strong><br \/>\nDeclaraci\u00f3n de valor en loco o certificado(s) de Verificaci\u00f3n y Comparabilidad del CIMEA seg\u00fan la titulaci\u00f3n, acompa\u00f1ado de*:<br \/>\n&#8211; t\u00edtulo final original de los estudios secundarios, obtenido tras al menos 12 a\u00f1os de escolaridad, o certificado sustitutivo con validez legal;<br \/>\n&#8211; certificado que acredite haber superado cualquier prueba de idoneidad acad\u00e9mica requerida para el acceso a la universidad en tu pa\u00eds de origen;<br \/>\n&#8211; una carta de idoneidad para la matriculaci\u00f3n emitida por RUFA (o similar);<br \/>\n&#8211; realizar el procedimiento telem\u00e1tico de \u00absolicitud de preinscripci\u00f3n\u00bb disponible en el sitio web <a href=\"https:\/\/www.universitaly.it\/\">Universitaly<\/a>.<\/p>\n<p><strong>Para los Cursos Acad\u00e9micos de Segundo Nivel<\/strong><br \/>\nDeclaraci\u00f3n de valor en loco o certificado(s) de Verificaci\u00f3n y Comparabilidad del CIMEA seg\u00fan la titulaci\u00f3n, acompa\u00f1ado de*:<br \/>\n&#8211; t\u00edtulo obtenido en una universidad o t\u00edtulo postsecundario obtenido en un instituto superior no universitario que permita continuar los estudios en el siguiente nivel acad\u00e9mico;<br \/>\n&#8211; certificado emitido por la universidad competente que acredite los ex\u00e1menes superados y, para cada asignatura, los programas detallados para la obtenci\u00f3n de los t\u00edtulos mencionados. Los estudios postsecundarios (ex\u00e1menes y cr\u00e9ditos) pueden acreditarse mediante el Suplemento al Diploma para titulaciones de tres a\u00f1os obtenidas en la UE o Turqu\u00eda;<br \/>\n&#8211; cuando corresponda, una carta de idoneidad para la matriculaci\u00f3n emitida por RUFA (o similar);<br \/>\n&#8211; realizar el procedimiento telem\u00e1tico de \u00absolicitud de preinscripci\u00f3n\u00bb disponible en el sitio web <a href=\"https:\/\/www.universitaly.it\/\">Universitaly<\/a>.<\/p>\n<p><strong>Para ser admitido en un Foundation Course<\/strong><br \/>\n&#8211; Los procedimientos relativos a las preinscripciones al Foundation Course no siguen los plazos previstos para la matr\u00edcula en los cursos de grado o m\u00e1ster, sino que dependen de cada instituci\u00f3n y del inicio de los cursos. Puedes presentar la solicitud directamente a RUFA enviando la documentaci\u00f3n requerida para la evaluaci\u00f3n de los t\u00edtulos mediante el <a href=\"https:\/\/www.unirufa.it\/offerta-formativa\/foundation-course\/application\">formulario correspondiente<\/a>. Una vez aceptado, deber\u00e1s solicitar a la Representaci\u00f3n Italiana en tu pa\u00eds de origen la expedici\u00f3n del visado de estudios, con validez vinculada a la duraci\u00f3n del curso;<br \/>\n&#8211; Declaraci\u00f3n de valor en loco o certificado(s) de Verificaci\u00f3n y Comparabilidad del CIMEA seg\u00fan la titulaci\u00f3n, acompa\u00f1ado de*: t\u00edtulo final original de los estudios secundarios o certificado sustitutivo con validez legal;<br \/>\n&#8211; si eres un estudiante menor de edad, tus padres deber\u00e1n ponerse en contacto con la Embajada o el Consulado Italiano en tu pa\u00eds de origen para recibir informaci\u00f3n sobre posibles procedimientos adicionales necesarios para obtener el visado;<br \/>\n&#8211; realizar el procedimiento telem\u00e1tico de \u00absolicitud de preinscripci\u00f3n\u00bb disponible en el sitio web <a href=\"https:\/\/www.universitaly.it\/\">Universitaly<\/a>.<\/p>\n<p><a href=\"http:\/\/www.studiare-in-italia.it\/studentistranieri\/\"><strong>Haz clic aqu\u00ed<\/strong><\/a> para obtener m\u00e1s informaci\u00f3n.<\/p>\n<p>Ten en cuenta que las fechas l\u00edmite y los documentos requeridos pueden cambiar cada a\u00f1o, por lo que te recomendamos consultar peri\u00f3dicamente el sitio web indicado y contactar con la Embajada\/Consulado Italiano de tu pa\u00eds para asegurarte de disponer de toda la informaci\u00f3n necesaria.<br \/>\nOtros requisitos que pueden solicitar las Embajadas\/Consulados para estudiar en Italia son: conocimiento del idioma italiano (para programas impartidos en italiano), un seguro m\u00e9dico adecuado (que cumpla par\u00e1metros espec\u00edficos), y disponer de los recursos econ\u00f3micos necesarios para permanecer en Italia o regresar a tu pa\u00eds.<br \/>\nUna vez que llegues a Italia, tendr\u00e1s 8 d\u00edas para solicitar el permiso de residencia. Para obtenerlo, se te pedir\u00e1n varios documentos, entre ellos una direcci\u00f3n de residencia registrada en la Agencia Tributaria, etc. Encontrar\u00e1s m\u00e1s informaci\u00f3n en la secci\u00f3n \u00abcuando llegues\u00bb.<\/p>\n<p>En cuanto a los documentos requeridos por RUFA, los procedimientos y los plazos de admisi\u00f3n a los cursos de estudio, puedes encontrar <a href=\"https:\/\/www.unirufa.it\/info-studenti\/ammissioni\/\"><strong>m\u00e1s informaci\u00f3n aqu\u00ed<\/strong><\/a>.<\/p>\n<p><strong>UE<\/strong><br \/>\nSi eres un estudiante de la UE o de la EFTA, o un estudiante procedente de San Marino o de la Ciudad del Vaticano, no necesitar\u00e1s un visado para estudiar en Italia. Los procedimientos que podr\u00edas necesitar seguir antes de llegar a Italia se refieren principalmente al formulario S1 para tu seguro m\u00e9dico. Sin embargo, te recomendamos igualmente contactar con la Embajada Italiana de tu pa\u00eds para obtener m\u00e1s informaci\u00f3n.<\/p>\n<p>Solo en lo que respecta a la verificaci\u00f3n del t\u00edtulo de estudio para el acceso a los Cursos Acad\u00e9micos de Primer Nivel o de Segundo Nivel\/M\u00e1ster Acad\u00e9mico de Primer Nivel o Foundation Course, se deben tener en cuenta las especificaciones indicadas para los estudiantes no pertenecientes a la UE.<\/p>\n<p>En cuanto a los documentos requeridos por RUFA, los procedimientos y los plazos de admisi\u00f3n a los cursos de estudio, puedes encontrar <a href=\"https:\/\/www.unirufa.it\/info-studenti\/ammissioni\/\"><strong>m\u00e1s informaci\u00f3n aqu\u00ed<\/strong><\/a>.<\/p>\n<p>*Cualquier otro documento \u00fatil para la verificaci\u00f3n del t\u00edtulo de estudio podr\u00e1 ser solicitado seg\u00fan el pa\u00eds en el que se haya obtenido la titulaci\u00f3n.","protected":false},"excerpt":{"rendered":"<p>EXTRA UE Como estudiante no perteneciente a la UE que desea estudiar en Italia, deber\u00e1s solicitar un visado en el Consulado\/Embajada italiana de tu pa\u00eds. Ten en cuenta que el procedimiento puede tardar bastante tiempo y que se te pedir\u00e1 presentar varios documentos, por lo que te recomendamos solicitarlos lo antes posible. Aunque cada pa\u00eds&#8230;<\/p>\n","protected":false},"author":1,"featured_media":0,"parent":10342,"menu_order":0,"comment_status":"closed","ping_status":"closed","template":"","meta":{"content-type":"","footnotes":""},"class_list":["post-21420","page","type-page","status-publish","hentry"],"yoast_head":"<!-- This site is optimized with the Yoast SEO plugin v24.2 - https:\/\/yoast.com\/wordpress\/plugins\/seo\/ -->\n<title>Prima di arrivare: guida agli studenti provenienti dall&#039;estero - RUFA<\/title>\n<meta name=\"description\" content=\"Lo studente extra UE che desidera studiare in Italia, dovrai richiedere un visto presso il Consolato\/Ambasciata italiana del tuo Paese.\" \/>\n<meta name=\"robots\" content=\"index, follow, max-snippet:-1, max-image-preview:large, max-video-preview:-1\" \/>\n<link rel=\"canonical\" href=\"https:\/\/www.unirufa.it\/orientamento\/studenti-internazionali\/prima-di-arrivare\/\" \/>\n<meta property=\"og:locale\" content=\"es_ES\" \/>\n<meta property=\"og:type\" content=\"article\" \/>\n<meta property=\"og:title\" content=\"[:it]Prima di arrivare: guida agli studenti provenienti dall&#039;estero - RUFA[:]\" \/>\n<meta property=\"og:description\" content=\"{:it}Lo studente extra UE che desidera studiare in Italia, dovrai richiedere un visto presso il Consolato\/Ambasciata italiana del tuo Paese.{:}\" \/>\n<meta property=\"og:url\" content=\"https:\/\/www.unirufa.it\/orientamento\/studenti-internazionali\/prima-di-arrivare\/\" \/>\n<meta property=\"og:site_name\" content=\"RUFA - Rome University of Fine Arts\" \/>\n<meta property=\"article:modified_time\" content=\"2025-10-15T08:29:11+00:00\" \/>\n<meta property=\"og:image\" content=\"https:\/\/www.unirufa.it\/wp-content\/uploads\/2017\/11\/logo-rufa-2016.png\" \/>\n\t<meta property=\"og:image:width\" content=\"230\" \/>\n\t<meta property=\"og:image:height\" content=\"149\" \/>\n\t<meta property=\"og:image:type\" content=\"image\/png\" \/>\n<meta name=\"twitter:label1\" content=\"Tiempo de lectura\" \/>\n\t<meta name=\"twitter:data1\" content=\"13 minutos\" \/>\n<script type=\"application\/ld+json\" class=\"yoast-schema-graph\">{\"@context\":\"https:\/\/schema.org\",\"@graph\":[{\"@type\":\"WebPage\",\"@id\":\"https:\/\/www.unirufa.it\/orientamento\/studenti-internazionali\/prima-di-arrivare\/\",\"url\":\"https:\/\/www.unirufa.it\/orientamento\/studenti-internazionali\/prima-di-arrivare\/\",\"name\":\"[:it]Prima di arrivare: guida agli studenti provenienti dall'estero - RUFA[:]\",\"isPartOf\":{\"@id\":\"https:\/\/www.unirufa.it\/#website\"},\"datePublished\":\"2019-07-25T07:44:29+00:00\",\"dateModified\":\"2025-10-15T08:29:11+00:00\",\"description\":\"{:it}Lo studente extra UE che desidera studiare in Italia, dovrai richiedere un visto presso il Consolato\/Ambasciata italiana del tuo Paese.{:}\",\"breadcrumb\":{\"@id\":\"https:\/\/www.unirufa.it\/orientamento\/studenti-internazionali\/prima-di-arrivare\/#breadcrumb\"},\"inLanguage\":\"es\",\"potentialAction\":[{\"@type\":\"ReadAction\",\"target\":[\"https:\/\/www.unirufa.it\/orientamento\/studenti-internazionali\/prima-di-arrivare\/\"]}]},{\"@type\":\"BreadcrumbList\",\"@id\":\"https:\/\/www.unirufa.it\/orientamento\/studenti-internazionali\/prima-di-arrivare\/#breadcrumb\",\"itemListElement\":[{\"@type\":\"ListItem\",\"position\":1,\"name\":\"Home\",\"item\":\"https:\/\/www.unirufa.it\/\"},{\"@type\":\"ListItem\",\"position\":2,\"name\":\"Orientamento\",\"item\":\"https:\/\/www.unirufa.it\/orientamento\/\"},{\"@type\":\"ListItem\",\"position\":3,\"name\":\"Studenti internazionali\",\"item\":\"https:\/\/www.unirufa.it\/orientamento\/studenti-internazionali\/\"},{\"@type\":\"ListItem\",\"position\":4,\"name\":\"PRIMA DI ARRIVARE\"}]},{\"@type\":\"WebSite\",\"@id\":\"https:\/\/www.unirufa.it\/#website\",\"url\":\"https:\/\/www.unirufa.it\/\",\"name\":\"RUFA - Rome University of Fine Arts\",\"description\":\"\",\"potentialAction\":[{\"@type\":\"SearchAction\",\"target\":{\"@type\":\"EntryPoint\",\"urlTemplate\":\"https:\/\/www.unirufa.it\/?s={search_term_string}\"},\"query-input\":{\"@type\":\"PropertyValueSpecification\",\"valueRequired\":true,\"valueName\":\"search_term_string\"}}],\"inLanguage\":\"es\"}]}<\/script>\n<!-- \/ Yoast SEO plugin. -->","yoast_head_json":{"title":"Prima di arrivare: guida agli studenti provenienti dall'estero - RUFA","description":"Lo studente extra UE che desidera studiare in Italia, dovrai richiedere un visto presso il Consolato\/Ambasciata italiana del tuo Paese.","robots":{"index":"index","follow":"follow","max-snippet":"max-snippet:-1","max-image-preview":"max-image-preview:large","max-video-preview":"max-video-preview:-1"},"canonical":"https:\/\/www.unirufa.it\/orientamento\/studenti-internazionali\/prima-di-arrivare\/","og_locale":"es_ES","og_type":"article","og_title":"[:it]Prima di arrivare: guida agli studenti provenienti dall'estero - RUFA[:]","og_description":"{:it}Lo studente extra UE che desidera studiare in Italia, dovrai richiedere un visto presso il Consolato\/Ambasciata italiana del tuo Paese.{:}","og_url":"https:\/\/www.unirufa.it\/orientamento\/studenti-internazionali\/prima-di-arrivare\/","og_site_name":"RUFA - Rome University of Fine Arts","article_modified_time":"2025-10-15T08:29:11+00:00","og_image":[{"width":230,"height":149,"url":"https:\/\/www.unirufa.it\/wp-content\/uploads\/2017\/11\/logo-rufa-2016.png","type":"image\/png"}],"twitter_misc":{"Tiempo de lectura":"13 minutos"},"schema":{"@context":"https:\/\/schema.org","@graph":[{"@type":"WebPage","@id":"https:\/\/www.unirufa.it\/orientamento\/studenti-internazionali\/prima-di-arrivare\/","url":"https:\/\/www.unirufa.it\/orientamento\/studenti-internazionali\/prima-di-arrivare\/","name":"[:it]Prima di arrivare: guida agli studenti provenienti dall'estero - RUFA[:]","isPartOf":{"@id":"https:\/\/www.unirufa.it\/#website"},"datePublished":"2019-07-25T07:44:29+00:00","dateModified":"2025-10-15T08:29:11+00:00","description":"{:it}Lo studente extra UE che desidera studiare in Italia, dovrai richiedere un visto presso il Consolato\/Ambasciata italiana del tuo Paese.{:}","breadcrumb":{"@id":"https:\/\/www.unirufa.it\/orientamento\/studenti-internazionali\/prima-di-arrivare\/#breadcrumb"},"inLanguage":"es","potentialAction":[{"@type":"ReadAction","target":["https:\/\/www.unirufa.it\/orientamento\/studenti-internazionali\/prima-di-arrivare\/"]}]},{"@type":"BreadcrumbList","@id":"https:\/\/www.unirufa.it\/orientamento\/studenti-internazionali\/prima-di-arrivare\/#breadcrumb","itemListElement":[{"@type":"ListItem","position":1,"name":"Home","item":"https:\/\/www.unirufa.it\/"},{"@type":"ListItem","position":2,"name":"Orientamento","item":"https:\/\/www.unirufa.it\/orientamento\/"},{"@type":"ListItem","position":3,"name":"Studenti internazionali","item":"https:\/\/www.unirufa.it\/orientamento\/studenti-internazionali\/"},{"@type":"ListItem","position":4,"name":"PRIMA DI ARRIVARE"}]},{"@type":"WebSite","@id":"https:\/\/www.unirufa.it\/#website","url":"https:\/\/www.unirufa.it\/","name":"RUFA - Rome University of Fine Arts","description":"","potentialAction":[{"@type":"SearchAction","target":{"@type":"EntryPoint","urlTemplate":"https:\/\/www.unirufa.it\/?s={search_term_string}"},"query-input":{"@type":"PropertyValueSpecification","valueRequired":true,"valueName":"search_term_string"}}],"inLanguage":"es"}]}},"_links":{"self":[{"href":"https:\/\/www.unirufa.it\/es\/wp-json\/wp\/v2\/pages\/21420","targetHints":{"allow":["GET"]}}],"collection":[{"href":"https:\/\/www.unirufa.it\/es\/wp-json\/wp\/v2\/pages"}],"about":[{"href":"https:\/\/www.unirufa.it\/es\/wp-json\/wp\/v2\/types\/page"}],"author":[{"embeddable":true,"href":"https:\/\/www.unirufa.it\/es\/wp-json\/wp\/v2\/users\/1"}],"replies":[{"embeddable":true,"href":"https:\/\/www.unirufa.it\/es\/wp-json\/wp\/v2\/comments?post=21420"}],"version-history":[{"count":40,"href":"https:\/\/www.unirufa.it\/es\/wp-json\/wp\/v2\/pages\/21420\/revisions"}],"predecessor-version":[{"id":148591,"href":"https:\/\/www.unirufa.it\/es\/wp-json\/wp\/v2\/pages\/21420\/revisions\/148591"}],"up":[{"embeddable":true,"href":"https:\/\/www.unirufa.it\/es\/wp-json\/wp\/v2\/pages\/10342"}],"wp:attachment":[{"href":"https:\/\/www.unirufa.it\/es\/wp-json\/wp\/v2\/media?parent=21420"}],"curies":[{"name":"wp","href":"https:\/\/api.w.org\/{rel}","templated":true}]}}