


{"id":21425,"date":"2019-07-25T08:10:33","date_gmt":"2019-07-25T08:10:33","guid":{"rendered":"https:\/\/www.unirufa.it\/?page_id=21425"},"modified":"2026-02-16T16:11:19","modified_gmt":"2026-02-16T15:11:19","slug":"quando-arrivi","status":"publish","type":"page","link":"https:\/\/www.unirufa.it\/es\/orientamento\/studenti-internazionali\/quando-arrivi\/","title":{"rendered":"CUANDO LLEGUES"},"content":{"rendered":"<h3>Querido estudiante, bienvenido a la RUFA <\/h3>\n<p>Estudiar las artes creativas en un ambiente contaminado por est\u00edmulos e ideas de gran profundidad ofrece ventajas inestimables. Roma fue la cuna del Renacimiento y a\u00fan hoy su patrimonio hist\u00f3rico y art\u00edstico es conocido en todo el mundo. Pero Roma es tambi\u00e9n una ciudad en constante evoluci\u00f3n, donde los nuevos lenguajes din\u00e1micos y excitantes contribuyen a convertirla en el centro de las nuevas tendencias contempor\u00e1neas.<\/p>\n<p>La diversidad de sus museos y galer\u00edas es el signo m\u00e1s evidente de esto. Roma no s\u00f3lo ofrece un arte cl\u00e1sico de gran prestigio, sino tambi\u00e9n eventos estimulantes e iniciativas relacionadas con las nuevas tendencias que van desde el arte, a la m\u00fasica e incluso a los c\u00f3mics.<br \/>\nLa RUFA tiene siete edificios en Roma y 1 en Milan. Esperamos poder darte la bienvenida, pero mientras tanto, \u00a1hay una burocracia que debe ser tratada r\u00e1pidamente para comenzar tu viaje con \u00e9xito!<\/p>\n<p>El folleto \u00abInformaci\u00f3n para estudiantes internacionales\u00bb te ayudar\u00e1 a hacer frente a la burocracia, \u00a1para que puedas empezar a disfrutar de las grandes oportunidades que ofrece la RUFA y nuestro Bel Paese lo antes posible!<br \/>\n&nbsp;<\/p>\n<p><a class=\"download-btn\" href=\"https:\/\/drive.google.com\/file\/d\/15XjnRYALtXzFKObZzFq6owpqZZ__JK2S\/view?usp=drive_link\">Descarga el brochure<\/a><br \/>\n&nbsp;","protected":false},"excerpt":{"rendered":"<p>Querido estudiante, bienvenido a la RUFA Estudiar las artes creativas en un ambiente contaminado por est\u00edmulos e ideas de gran profundidad ofrece ventajas inestimables. Roma fue la cuna del Renacimiento y a\u00fan hoy su patrimonio hist\u00f3rico y art\u00edstico es conocido en todo el mundo. Pero Roma es tambi\u00e9n una ciudad en constante evoluci\u00f3n, donde los&#8230;<\/p>\n","protected":false},"author":1,"featured_media":0,"parent":10342,"menu_order":0,"comment_status":"closed","ping_status":"closed","template":"","meta":{"content-type":"","footnotes":""},"class_list":["post-21425","page","type-page","status-publish","hentry"],"yoast_head":"<!-- This site is optimized with the Yoast SEO plugin v24.2 - https:\/\/yoast.com\/wordpress\/plugins\/seo\/ -->\n<title>QUANDO ARRIVI - RUFA - Rome University of Fine Arts<\/title>\n<meta name=\"description\" content=\"Roma \u00e8 famosa per il suo patrimonio artistico ma \u00e8 anche una citt\u00e0 in evoluzione e il teatro di nuove appassionanti tendenze contemporanee.\" \/>\n<meta name=\"robots\" content=\"index, follow, max-snippet:-1, max-image-preview:large, max-video-preview:-1\" \/>\n<link rel=\"canonical\" href=\"https:\/\/www.unirufa.it\/orientamento\/studenti-internazionali\/quando-arrivi\/\" \/>\n<meta property=\"og:locale\" content=\"es_ES\" \/>\n<meta property=\"og:type\" content=\"article\" \/>\n<meta property=\"og:title\" content=\"[:it]QUANDO ARRIVI - RUFA - Rome University of Fine Arts [:]\" \/>\n<meta property=\"og:description\" content=\"{:it}Roma \u00e8 famosa per il suo patrimonio artistico ma \u00e8 anche una citt\u00e0 in evoluzione e il teatro di nuove appassionanti tendenze contemporanee.{:}\" \/>\n<meta property=\"og:url\" content=\"https:\/\/www.unirufa.it\/orientamento\/studenti-internazionali\/quando-arrivi\/\" \/>\n<meta property=\"og:site_name\" content=\"RUFA - Rome University of Fine Arts\" \/>\n<meta property=\"article:modified_time\" content=\"2026-02-16T15:11:19+00:00\" \/>\n<meta property=\"og:image\" content=\"https:\/\/www.unirufa.it\/wp-content\/uploads\/2017\/11\/logo-rufa-2016.png\" \/>\n\t<meta property=\"og:image:width\" content=\"230\" \/>\n\t<meta property=\"og:image:height\" content=\"149\" \/>\n\t<meta property=\"og:image:type\" content=\"image\/png\" \/>\n<meta name=\"twitter:label1\" content=\"Tiempo de lectura\" \/>\n\t<meta name=\"twitter:data1\" content=\"3 minutos\" \/>\n<script type=\"application\/ld+json\" class=\"yoast-schema-graph\">{\"@context\":\"https:\/\/schema.org\",\"@graph\":[{\"@type\":\"WebPage\",\"@id\":\"https:\/\/www.unirufa.it\/orientamento\/studenti-internazionali\/quando-arrivi\/\",\"url\":\"https:\/\/www.unirufa.it\/orientamento\/studenti-internazionali\/quando-arrivi\/\",\"name\":\"[:it]QUANDO ARRIVI - RUFA - Rome University of Fine Arts [:]\",\"isPartOf\":{\"@id\":\"https:\/\/www.unirufa.it\/#website\"},\"datePublished\":\"2019-07-25T08:10:33+00:00\",\"dateModified\":\"2026-02-16T15:11:19+00:00\",\"description\":\"{:it}Roma \u00e8 famosa per il suo patrimonio artistico ma \u00e8 anche una citt\u00e0 in evoluzione e il teatro di nuove appassionanti tendenze contemporanee.{:}\",\"breadcrumb\":{\"@id\":\"https:\/\/www.unirufa.it\/orientamento\/studenti-internazionali\/quando-arrivi\/#breadcrumb\"},\"inLanguage\":\"es\",\"potentialAction\":[{\"@type\":\"ReadAction\",\"target\":[\"https:\/\/www.unirufa.it\/orientamento\/studenti-internazionali\/quando-arrivi\/\"]}]},{\"@type\":\"BreadcrumbList\",\"@id\":\"https:\/\/www.unirufa.it\/orientamento\/studenti-internazionali\/quando-arrivi\/#breadcrumb\",\"itemListElement\":[{\"@type\":\"ListItem\",\"position\":1,\"name\":\"Home\",\"item\":\"https:\/\/www.unirufa.it\/\"},{\"@type\":\"ListItem\",\"position\":2,\"name\":\"Orientamento\",\"item\":\"https:\/\/www.unirufa.it\/orientamento\/\"},{\"@type\":\"ListItem\",\"position\":3,\"name\":\"Studenti internazionali\",\"item\":\"https:\/\/www.unirufa.it\/orientamento\/studenti-internazionali\/\"},{\"@type\":\"ListItem\",\"position\":4,\"name\":\"QUANDO ARRIVI\"}]},{\"@type\":\"WebSite\",\"@id\":\"https:\/\/www.unirufa.it\/#website\",\"url\":\"https:\/\/www.unirufa.it\/\",\"name\":\"RUFA - Rome University of Fine Arts\",\"description\":\"\",\"potentialAction\":[{\"@type\":\"SearchAction\",\"target\":{\"@type\":\"EntryPoint\",\"urlTemplate\":\"https:\/\/www.unirufa.it\/?s={search_term_string}\"},\"query-input\":{\"@type\":\"PropertyValueSpecification\",\"valueRequired\":true,\"valueName\":\"search_term_string\"}}],\"inLanguage\":\"es\"}]}<\/script>\n<!-- \/ Yoast SEO plugin. -->","yoast_head_json":{"title":"QUANDO ARRIVI - RUFA - Rome University of Fine Arts","description":"Roma \u00e8 famosa per il suo patrimonio artistico ma \u00e8 anche una citt\u00e0 in evoluzione e il teatro di nuove appassionanti tendenze contemporanee.","robots":{"index":"index","follow":"follow","max-snippet":"max-snippet:-1","max-image-preview":"max-image-preview:large","max-video-preview":"max-video-preview:-1"},"canonical":"https:\/\/www.unirufa.it\/orientamento\/studenti-internazionali\/quando-arrivi\/","og_locale":"es_ES","og_type":"article","og_title":"[:it]QUANDO ARRIVI - RUFA - Rome University of Fine Arts [:]","og_description":"{:it}Roma \u00e8 famosa per il suo patrimonio artistico ma \u00e8 anche una citt\u00e0 in evoluzione e il teatro di nuove appassionanti tendenze contemporanee.{:}","og_url":"https:\/\/www.unirufa.it\/orientamento\/studenti-internazionali\/quando-arrivi\/","og_site_name":"RUFA - Rome University of Fine Arts","article_modified_time":"2026-02-16T15:11:19+00:00","og_image":[{"width":230,"height":149,"url":"https:\/\/www.unirufa.it\/wp-content\/uploads\/2017\/11\/logo-rufa-2016.png","type":"image\/png"}],"twitter_misc":{"Tiempo de lectura":"3 minutos"},"schema":{"@context":"https:\/\/schema.org","@graph":[{"@type":"WebPage","@id":"https:\/\/www.unirufa.it\/orientamento\/studenti-internazionali\/quando-arrivi\/","url":"https:\/\/www.unirufa.it\/orientamento\/studenti-internazionali\/quando-arrivi\/","name":"[:it]QUANDO ARRIVI - RUFA - Rome University of Fine Arts [:]","isPartOf":{"@id":"https:\/\/www.unirufa.it\/#website"},"datePublished":"2019-07-25T08:10:33+00:00","dateModified":"2026-02-16T15:11:19+00:00","description":"{:it}Roma \u00e8 famosa per il suo patrimonio artistico ma \u00e8 anche una citt\u00e0 in evoluzione e il teatro di nuove appassionanti tendenze contemporanee.{:}","breadcrumb":{"@id":"https:\/\/www.unirufa.it\/orientamento\/studenti-internazionali\/quando-arrivi\/#breadcrumb"},"inLanguage":"es","potentialAction":[{"@type":"ReadAction","target":["https:\/\/www.unirufa.it\/orientamento\/studenti-internazionali\/quando-arrivi\/"]}]},{"@type":"BreadcrumbList","@id":"https:\/\/www.unirufa.it\/orientamento\/studenti-internazionali\/quando-arrivi\/#breadcrumb","itemListElement":[{"@type":"ListItem","position":1,"name":"Home","item":"https:\/\/www.unirufa.it\/"},{"@type":"ListItem","position":2,"name":"Orientamento","item":"https:\/\/www.unirufa.it\/orientamento\/"},{"@type":"ListItem","position":3,"name":"Studenti internazionali","item":"https:\/\/www.unirufa.it\/orientamento\/studenti-internazionali\/"},{"@type":"ListItem","position":4,"name":"QUANDO ARRIVI"}]},{"@type":"WebSite","@id":"https:\/\/www.unirufa.it\/#website","url":"https:\/\/www.unirufa.it\/","name":"RUFA - Rome University of Fine Arts","description":"","potentialAction":[{"@type":"SearchAction","target":{"@type":"EntryPoint","urlTemplate":"https:\/\/www.unirufa.it\/?s={search_term_string}"},"query-input":{"@type":"PropertyValueSpecification","valueRequired":true,"valueName":"search_term_string"}}],"inLanguage":"es"}]}},"_links":{"self":[{"href":"https:\/\/www.unirufa.it\/es\/wp-json\/wp\/v2\/pages\/21425","targetHints":{"allow":["GET"]}}],"collection":[{"href":"https:\/\/www.unirufa.it\/es\/wp-json\/wp\/v2\/pages"}],"about":[{"href":"https:\/\/www.unirufa.it\/es\/wp-json\/wp\/v2\/types\/page"}],"author":[{"embeddable":true,"href":"https:\/\/www.unirufa.it\/es\/wp-json\/wp\/v2\/users\/1"}],"replies":[{"embeddable":true,"href":"https:\/\/www.unirufa.it\/es\/wp-json\/wp\/v2\/comments?post=21425"}],"version-history":[{"count":18,"href":"https:\/\/www.unirufa.it\/es\/wp-json\/wp\/v2\/pages\/21425\/revisions"}],"predecessor-version":[{"id":151338,"href":"https:\/\/www.unirufa.it\/es\/wp-json\/wp\/v2\/pages\/21425\/revisions\/151338"}],"up":[{"embeddable":true,"href":"https:\/\/www.unirufa.it\/es\/wp-json\/wp\/v2\/pages\/10342"}],"wp:attachment":[{"href":"https:\/\/www.unirufa.it\/es\/wp-json\/wp\/v2\/media?parent=21425"}],"curies":[{"name":"wp","href":"https:\/\/api.w.org\/{rel}","templated":true}]}}