


{"id":22901,"date":"2019-10-04T12:51:51","date_gmt":"2019-10-04T10:51:51","guid":{"rendered":"https:\/\/www.unirufa.it\/?page_id=22901"},"modified":"2026-01-13T10:47:28","modified_gmt":"2026-01-13T09:47:28","slug":"ammissioni","status":"publish","type":"page","link":"https:\/\/www.unirufa.it\/es\/orientamento\/ammissioni\/","title":{"rendered":"Ammissioni"},"content":{"rendered":"<a href=\"\"><img decoding=\"async\" class=\"alignnone size-medium wp-image-30173\" src=\"https:\/\/www.unirufa.it\/wp-content\/uploads\/2026\/01\/RUFA_AMMISSIONI.jpg\" alt=\"\" width=\"100%\" height=\"auto\" \/><\/a><br \/>\n&nbsp;<\/p>\n<div class=\" hidden-xs hidden-sm hidden-md hidden-lg hidden-xl\">\n<div class=\"col-md-12\" style=\"background-color:#eeeeee; padding: 30px;\">\n<h4>EARLY BIRD<\/h4>\n<h5>Todos los estudiantes graduados en Italia que puedan acogerse a la MATR\u00cdCULA DIRECTA se beneficiar\u00e1n de una reducci\u00f3n de 1.200 euros en sus tasas de matr\u00edcula si se matriculan antes del 31 de julio.<\/h5>\n<div class=\"su-accordion su-u-trim\"><div class=\"su-spoiler su-spoiler-style-default su-spoiler-icon-plus su-spoiler-closed\" data-scroll-offset=\"0\" data-anchor-in-url=\"no\"><div class=\"su-spoiler-title\" tabindex=\"0\" role=\"button\"><span class=\"su-spoiler-icon\"><\/span>REQUISITOS PARA LA INSCRIPCI\u00d3N DIRECTA<\/div><div class=\"su-spoiler-content su-u-clearfix su-u-trim\">\n<div class=\"col-sm-12 col-lg-10\">\n<div id=\"tablepress-327-scroll-wrapper\" class=\"tablepress-scroll-wrapper\">\n\n<table id=\"tablepress-327\" class=\"tablepress tablepress-id-327 tablepress-responsive\">\n<thead>\n<tr class=\"row-1\">\n\t<th class=\"column-1\"><strong>ESCUELA DE ORIGEN<\/strong><\/th><th class=\"column-2\"><strong>CURSO ELEGIDO EN RUFA<\/strong><\/th><th class=\"column-3\"><strong>PRUEBA DE ADMISI\u00d3N<\/strong><\/th>\n<\/tr>\n<\/thead>\n<tbody class=\"row-striping row-hover\">\n<tr class=\"row-2\">\n\t<td class=\"column-1\">ESCUELA DE ARTE ITALIANA O EXTRANJERA O IB CON DIRECCI\u00d3N CREATIVA (INTERNATIONAL BACCALAUREATE)<\/td><td class=\"column-2\"><font color=\"#80379b\">PINTURA (ITA\/ENG)<br \/>\nESCULTURA E INSTALACI\u00d3N (ITA\/ENG)<\/font><br \/>\n<font color=\"#00b450\">ESCENOGRAF\u00cdA (ITA)<\/font><\/td><td class=\"column-3\">SIN PRUEBA DE ADMISI\u00d3N<\/td>\n<\/tr>\n<tr class=\"row-3\">\n\t<td class=\"column-1\">LICEO O <strong>INSTITUTO*<\/strong> ART\u00cdSTICO CON DIRECCI\u00d3N <strong><u>SIMILAR<\/u><\/strong> AL CURSO ACAD\u00c9MICO DE RUFA ELEGIDO<\/td><td class=\"column-2\"><font color=\"#00b450\">DESIGN (ITA\/ENG)<br \/>\nDISE\u00d1O DE MODA SOSTENIBLE (ITA\/ENG)<\/font><br \/>\n<font color=\"#007ac9\">GRAPHIC DESIGN (ITA\/ENG)<br \/>\nGD-COMICS AND ILLUSTRATION (ITA)<br \/>\nMULTIMEDIA AND GAME ART (ITA)<\/font><br \/>\n<font color=\"#f10032\">FOTOGRAF\u00cdA Y AUDIOVISUAL (ITA)<br \/>\nCINEMA (ITA\/ENG)<\/font><\/td><td class=\"column-3\">SIN PRUEBA DE ADMISI\u00d3N<\/td>\n<\/tr>\n<tr class=\"row-4\">\n\t<td class=\"column-1\">LICEO ART\u00cdSTICO ITALIANO O EXTRANJERO E IB CON DIRECCI\u00d3N CREATIVA <strong><u>DISTINTA<\/u><\/strong> DEL CURSO ACAD\u00c9MICO DE RUFA<\/td><td class=\"column-2\"><font color=\"#00b450\">DESIGN (ITA\/ENG)<br \/>\nDISE\u00d1O DE MODA SOSTENIBLE (ITA\/ENG)<\/font><br \/>\n<font color=\"#007ac9\">GRAPHIC DESIGN (ITA\/ENG)<br \/>\nGD-COMICS AND ILLUSTRATION (ITA)<br \/>\nMULTIMEDIA AND GAME ART (ITA)<\/font><br \/>\n<font color=\"#f10032\">FOTOGRAF\u00cdA Y AUDIOVISUAL (ITA)<br \/>\nCINEMA (ITA\/ENG)<\/font><\/td><td class=\"column-3\">S\u00d3LO EST\u00c1 PREVISTA LA ENTREVISTA DE ADMISI\u00d3N<\/td>\n<\/tr>\n<\/tbody>\n<\/table>\n\n<\/div><!-- #tablepress-327 from cache -->\n<span style=\"font-size: 13.6px;\"><b>INSTITUTO*<\/b><br \/>\nBachillerato T\u00e9cnico en Gr\u00e1fica y Comunicaci\u00f3n | Institutos Profesionales de Gr\u00e1fica y Multimedia | Instituto T\u00e9cnico de la Industria Audiovisual | Instituto T\u00e9cnico de Producci\u00f3n de Imagen Fotogr\u00e1fica | Institutos T\u00e9cnicos de Moda | Institutos Profesionales de Moda | Institutos T\u00e9cnicos de Top\u00f3grafos (CAT &#8211; Territorio del Entorno de la Construcci\u00f3n)<\/span><\/p>\n<p><em>Los alumnos interesados en matricularse en un curso acad\u00e9mico de ingl\u00e9s tendr\u00e1n que demostrar su conocimiento del idioma con un certificado de nivel intermedio (B2 &#8211; MCER).<\/em>\n<\/div>\n<\/div><\/div><\/div>\n&nbsp;\n<\/p><\/div>","protected":false},"excerpt":{"rendered":"<p>&nbsp; EARLY BIRD Todos los estudiantes graduados en Italia que puedan acogerse a la MATR\u00cdCULA DIRECTA se beneficiar\u00e1n de una reducci\u00f3n de 1.200 euros en sus tasas de matr\u00edcula si se matriculan antes del 31 de julio. &nbsp;<\/p>\n","protected":false},"author":9,"featured_media":150563,"parent":48672,"menu_order":0,"comment_status":"closed","ping_status":"closed","template":"page_generic-courses.php","meta":{"content-type":"","footnotes":""},"class_list":["post-22901","page","type-page","status-publish","has-post-thumbnail","hentry"],"yoast_head":"<!-- This site is optimized with the Yoast SEO plugin v24.2 - https:\/\/yoast.com\/wordpress\/plugins\/seo\/ -->\n<title>Modalit\u00e0 Ammissione Accademia Belle Arti a Roma - RUFA<\/title>\n<meta name=\"description\" content=\"Iscrizioni Accademia delle Belle Arti a Roma: modalit\u00e0 di ammissione ai corsi di laurea magistrale, scopri di pi\u00f9!\" \/>\n<meta name=\"robots\" content=\"index, follow, max-snippet:-1, max-image-preview:large, max-video-preview:-1\" \/>\n<link rel=\"canonical\" href=\"https:\/\/www.unirufa.it\/orientamento\/ammissioni\/\" \/>\n<meta property=\"og:locale\" content=\"es_ES\" \/>\n<meta property=\"og:type\" content=\"article\" \/>\n<meta property=\"og:title\" content=\"[:it]Modalit\u00e0 Ammissione Accademia Belle Arti a Roma - RUFA[:es]Modalit\u00e0 Ammissione Accademia Belle Arti a Roma - RUFA[:]\" \/>\n<meta property=\"og:description\" content=\"{:it}Iscrizioni Accademia delle Belle Arti a Roma: modalit\u00e0 di ammissione ai corsi di laurea magistrale, scopri di pi\u00f9!{:es}Iscrizioni Accademia delle Belle Arti a Roma: modalit\u00e0 di ammissione ai corsi di laurea magistrale, scopri di pi\u00f9!{:}\" \/>\n<meta property=\"og:url\" content=\"https:\/\/www.unirufa.it\/orientamento\/ammissioni\/\" \/>\n<meta property=\"og:site_name\" content=\"RUFA - Rome University of Fine Arts\" \/>\n<meta property=\"article:modified_time\" content=\"2026-01-13T09:47:28+00:00\" \/>\n<meta property=\"og:image\" content=\"https:\/\/www.unirufa.it\/wp-content\/uploads\/2026\/01\/RUFA_AMMISSIONI.jpg\" \/>\n\t<meta property=\"og:image:width\" content=\"1920\" \/>\n\t<meta property=\"og:image:height\" content=\"800\" \/>\n\t<meta property=\"og:image:type\" content=\"image\/jpeg\" \/>\n<meta name=\"twitter:label1\" content=\"Tiempo de lectura\" \/>\n\t<meta name=\"twitter:data1\" content=\"3 minutos\" \/>\n<script type=\"application\/ld+json\" class=\"yoast-schema-graph\">{\"@context\":\"https:\/\/schema.org\",\"@graph\":[{\"@type\":\"WebPage\",\"@id\":\"https:\/\/www.unirufa.it\/orientamento\/ammissioni\/\",\"url\":\"https:\/\/www.unirufa.it\/orientamento\/ammissioni\/\",\"name\":\"[:it]Modalit\u00e0 Ammissione Accademia Belle Arti a Roma - RUFA[:es]Modalit\u00e0 Ammissione Accademia Belle Arti a Roma - RUFA[:]\",\"isPartOf\":{\"@id\":\"https:\/\/www.unirufa.it\/#website\"},\"primaryImageOfPage\":{\"@id\":\"https:\/\/www.unirufa.it\/orientamento\/ammissioni\/#primaryimage\"},\"image\":{\"@id\":\"https:\/\/www.unirufa.it\/orientamento\/ammissioni\/#primaryimage\"},\"thumbnailUrl\":\"https:\/\/www.unirufa.it\/wp-content\/uploads\/2026\/01\/RUFA_AMMISSIONI.jpg\",\"datePublished\":\"2019-10-04T10:51:51+00:00\",\"dateModified\":\"2026-01-13T09:47:28+00:00\",\"description\":\"{:it}Iscrizioni Accademia delle Belle Arti a Roma: modalit\u00e0 di ammissione ai corsi di laurea magistrale, scopri di pi\u00f9!{:es}Iscrizioni Accademia delle Belle Arti a Roma: modalit\u00e0 di ammissione ai corsi di laurea magistrale, scopri di pi\u00f9!{:}\",\"breadcrumb\":{\"@id\":\"https:\/\/www.unirufa.it\/orientamento\/ammissioni\/#breadcrumb\"},\"inLanguage\":\"es\",\"potentialAction\":[{\"@type\":\"ReadAction\",\"target\":[\"https:\/\/www.unirufa.it\/orientamento\/ammissioni\/\"]}]},{\"@type\":\"ImageObject\",\"inLanguage\":\"es\",\"@id\":\"https:\/\/www.unirufa.it\/orientamento\/ammissioni\/#primaryimage\",\"url\":\"https:\/\/www.unirufa.it\/wp-content\/uploads\/2026\/01\/RUFA_AMMISSIONI.jpg\",\"contentUrl\":\"https:\/\/www.unirufa.it\/wp-content\/uploads\/2026\/01\/RUFA_AMMISSIONI.jpg\",\"width\":1920,\"height\":800},{\"@type\":\"BreadcrumbList\",\"@id\":\"https:\/\/www.unirufa.it\/orientamento\/ammissioni\/#breadcrumb\",\"itemListElement\":[{\"@type\":\"ListItem\",\"position\":1,\"name\":\"Home\",\"item\":\"https:\/\/www.unirufa.it\/\"},{\"@type\":\"ListItem\",\"position\":2,\"name\":\"Orientamento\",\"item\":\"https:\/\/www.unirufa.it\/orientamento\/\"},{\"@type\":\"ListItem\",\"position\":3,\"name\":\"Ammissioni\"}]},{\"@type\":\"WebSite\",\"@id\":\"https:\/\/www.unirufa.it\/#website\",\"url\":\"https:\/\/www.unirufa.it\/\",\"name\":\"RUFA - Rome University of Fine Arts\",\"description\":\"\",\"potentialAction\":[{\"@type\":\"SearchAction\",\"target\":{\"@type\":\"EntryPoint\",\"urlTemplate\":\"https:\/\/www.unirufa.it\/?s={search_term_string}\"},\"query-input\":{\"@type\":\"PropertyValueSpecification\",\"valueRequired\":true,\"valueName\":\"search_term_string\"}}],\"inLanguage\":\"es\"}]}<\/script>\n<!-- \/ Yoast SEO plugin. -->","yoast_head_json":{"title":"Modalit\u00e0 Ammissione Accademia Belle Arti a Roma - RUFA","description":"Iscrizioni Accademia delle Belle Arti a Roma: modalit\u00e0 di ammissione ai corsi di laurea magistrale, scopri di pi\u00f9!","robots":{"index":"index","follow":"follow","max-snippet":"max-snippet:-1","max-image-preview":"max-image-preview:large","max-video-preview":"max-video-preview:-1"},"canonical":"https:\/\/www.unirufa.it\/orientamento\/ammissioni\/","og_locale":"es_ES","og_type":"article","og_title":"[:it]Modalit\u00e0 Ammissione Accademia Belle Arti a Roma - RUFA[:es]Modalit\u00e0 Ammissione Accademia Belle Arti a Roma - RUFA[:]","og_description":"{:it}Iscrizioni Accademia delle Belle Arti a Roma: modalit\u00e0 di ammissione ai corsi di laurea magistrale, scopri di pi\u00f9!{:es}Iscrizioni Accademia delle Belle Arti a Roma: modalit\u00e0 di ammissione ai corsi di laurea magistrale, scopri di pi\u00f9!{:}","og_url":"https:\/\/www.unirufa.it\/orientamento\/ammissioni\/","og_site_name":"RUFA - Rome University of Fine Arts","article_modified_time":"2026-01-13T09:47:28+00:00","og_image":[{"width":1920,"height":800,"url":"https:\/\/www.unirufa.it\/wp-content\/uploads\/2026\/01\/RUFA_AMMISSIONI.jpg","type":"image\/jpeg"}],"twitter_misc":{"Tiempo de lectura":"3 minutos"},"schema":{"@context":"https:\/\/schema.org","@graph":[{"@type":"WebPage","@id":"https:\/\/www.unirufa.it\/orientamento\/ammissioni\/","url":"https:\/\/www.unirufa.it\/orientamento\/ammissioni\/","name":"[:it]Modalit\u00e0 Ammissione Accademia Belle Arti a Roma - RUFA[:es]Modalit\u00e0 Ammissione Accademia Belle Arti a Roma - RUFA[:]","isPartOf":{"@id":"https:\/\/www.unirufa.it\/#website"},"primaryImageOfPage":{"@id":"https:\/\/www.unirufa.it\/orientamento\/ammissioni\/#primaryimage"},"image":{"@id":"https:\/\/www.unirufa.it\/orientamento\/ammissioni\/#primaryimage"},"thumbnailUrl":"https:\/\/www.unirufa.it\/wp-content\/uploads\/2026\/01\/RUFA_AMMISSIONI.jpg","datePublished":"2019-10-04T10:51:51+00:00","dateModified":"2026-01-13T09:47:28+00:00","description":"{:it}Iscrizioni Accademia delle Belle Arti a Roma: modalit\u00e0 di ammissione ai corsi di laurea magistrale, scopri di pi\u00f9!{:es}Iscrizioni Accademia delle Belle Arti a Roma: modalit\u00e0 di ammissione ai corsi di laurea magistrale, scopri di pi\u00f9!{:}","breadcrumb":{"@id":"https:\/\/www.unirufa.it\/orientamento\/ammissioni\/#breadcrumb"},"inLanguage":"es","potentialAction":[{"@type":"ReadAction","target":["https:\/\/www.unirufa.it\/orientamento\/ammissioni\/"]}]},{"@type":"ImageObject","inLanguage":"es","@id":"https:\/\/www.unirufa.it\/orientamento\/ammissioni\/#primaryimage","url":"https:\/\/www.unirufa.it\/wp-content\/uploads\/2026\/01\/RUFA_AMMISSIONI.jpg","contentUrl":"https:\/\/www.unirufa.it\/wp-content\/uploads\/2026\/01\/RUFA_AMMISSIONI.jpg","width":1920,"height":800},{"@type":"BreadcrumbList","@id":"https:\/\/www.unirufa.it\/orientamento\/ammissioni\/#breadcrumb","itemListElement":[{"@type":"ListItem","position":1,"name":"Home","item":"https:\/\/www.unirufa.it\/"},{"@type":"ListItem","position":2,"name":"Orientamento","item":"https:\/\/www.unirufa.it\/orientamento\/"},{"@type":"ListItem","position":3,"name":"Ammissioni"}]},{"@type":"WebSite","@id":"https:\/\/www.unirufa.it\/#website","url":"https:\/\/www.unirufa.it\/","name":"RUFA - Rome University of Fine Arts","description":"","potentialAction":[{"@type":"SearchAction","target":{"@type":"EntryPoint","urlTemplate":"https:\/\/www.unirufa.it\/?s={search_term_string}"},"query-input":{"@type":"PropertyValueSpecification","valueRequired":true,"valueName":"search_term_string"}}],"inLanguage":"es"}]}},"_links":{"self":[{"href":"https:\/\/www.unirufa.it\/es\/wp-json\/wp\/v2\/pages\/22901","targetHints":{"allow":["GET"]}}],"collection":[{"href":"https:\/\/www.unirufa.it\/es\/wp-json\/wp\/v2\/pages"}],"about":[{"href":"https:\/\/www.unirufa.it\/es\/wp-json\/wp\/v2\/types\/page"}],"author":[{"embeddable":true,"href":"https:\/\/www.unirufa.it\/es\/wp-json\/wp\/v2\/users\/9"}],"replies":[{"embeddable":true,"href":"https:\/\/www.unirufa.it\/es\/wp-json\/wp\/v2\/comments?post=22901"}],"version-history":[{"count":135,"href":"https:\/\/www.unirufa.it\/es\/wp-json\/wp\/v2\/pages\/22901\/revisions"}],"predecessor-version":[{"id":150565,"href":"https:\/\/www.unirufa.it\/es\/wp-json\/wp\/v2\/pages\/22901\/revisions\/150565"}],"up":[{"embeddable":true,"href":"https:\/\/www.unirufa.it\/es\/wp-json\/wp\/v2\/pages\/48672"}],"wp:featuredmedia":[{"embeddable":true,"href":"https:\/\/www.unirufa.it\/es\/wp-json\/wp\/v2\/media\/150563"}],"wp:attachment":[{"href":"https:\/\/www.unirufa.it\/es\/wp-json\/wp\/v2\/media?parent=22901"}],"curies":[{"name":"wp","href":"https:\/\/api.w.org\/{rel}","templated":true}]}}