


{"id":25672,"date":"2020-04-26T11:51:41","date_gmt":"2020-04-26T09:51:41","guid":{"rendered":"https:\/\/www.unirufa.it\/?page_id=25672"},"modified":"2024-04-08T11:34:02","modified_gmt":"2024-04-08T09:34:02","slug":"prestito-per-merito","status":"publish","type":"page","link":"https:\/\/www.unirufa.it\/es\/servizi-e-facilities\/prestito-per-merito\/","title":{"rendered":"Pr\u00e9stamo por m\u00e9rito"},"content":{"rendered":"Los estudiantes de la RUFA pueden contar con el apoyo financiero dise\u00f1ado por Intesa Sanpaolo para que puedan ampliar sus habilidades.<\/p>\n<p>\u00abper Merito\u00bb es un pr\u00e9stamo que todo estudiante residente en Italia puede obtener con la \u00fanica condici\u00f3n de estar al d\u00eda con el curso de estudio elegido y no requiere ninguna garant\u00eda.<\/p>\n<p>\u00abper Merito\u00bb permite a los estudiantes cubrir sus cuotas de inscripci\u00f3n, comprar materiales para su educaci\u00f3n, cubrir los gastos de alojamiento y todo lo que es necesario para llevar a cabo su curso de estudio con tranquilidad. Y los estudiantes no est\u00e1n obligados a informar de estos gastos.<\/p>\n<p>Al final de los estudios se activa un \u00abper\u00edodo puente\u00bb de 24 meses, durante el cual el estudiante ya no recibir\u00e1 pagos pero no tendr\u00e1 que devolver nada todav\u00eda.<br \/>\nLa devoluci\u00f3n se realiza en un per\u00edodo m\u00e1ximo de 30 a\u00f1os; en caso de devoluci\u00f3n anticipada no hay gastos adicionales.<br \/>\nLa tasa se fija y se define en el momento de la suscripci\u00f3n.<br \/>\nLos intereses son pagados por Intesa Sanpaolo al Fondo para el Impacto, el fondo creado para las categor\u00edas que tienen dificultades para acceder al cr\u00e9dito y a la educaci\u00f3n.<\/p>\n<p>Las condiciones del contrato se pueden consultar en las hojas informativas disponibles en las sucursales y en el sitio web del banco. Los pr\u00e9stamos se conceden si son aprobados por el banco.<\/p>\n<h5><span style=\"background-color: #9e9e9e; color: white;\">NOTA:<\/span><\/h5>\n<p><font color=\"#4f4f4f\"><strong>Los estudiantes que deseen solicitar el Pr\u00e9stamo al M\u00e9rito <strong>deben residir en Italia.<\/strong><\/p>\n<p><strong>Una vez que el banco haya confirmado la concesi\u00f3n del pr\u00e9stamo, los desembolsos se efectuar\u00e1n en plazos semestrales y no coincidir\u00e1n con el calendario de desembolsos de RUFA.<\/strong><\/p>\n<p><strong>RUFA no tiene m\u00e1s acuerdos con el banco que los indicados en la gu\u00eda del Pr\u00e9stamo al M\u00e9rito.<\/strong><\/font><\/p>\n<p>&nbsp;<br \/>\n<a id=\"btn-prestitomeritosanpaolo\" class=\"download-btn\" href=\"https:\/\/www.intesasanpaolo.com\/it\/persone-e-famiglie\/prodotti\/prestiti\/prestito-onore-per-merito.html\">PRESTITO PER MERITO Intesa Sanpaolo<\/a><\/p>\n<p>&nbsp;<br \/>\n<em>DISCLAIMER<\/em><\/p>\n<h6><em>Messaggio pubblicitario con finalit\u00e0 promozionale. \u201cper Merito\u201d \u00e8 un prodotto di credito dedicato agli studenti che frequentano Atenei in Italia e all\u2019estero, o Enti Formatori post diploma. Per le condizioni contrattuali consultare i Fogli Informativi disponibili in filiale e sul sito internet della banca. Per maggiori informazioni chiedi al tuo gestore di filiale o vai nella scheda dedicata al per Merito sul sito www.intesasanpaolo.com nella sezione giovani.<\/em><\/h6>\n<p>&nbsp;","protected":false},"excerpt":{"rendered":"<p>Los estudiantes de la RUFA pueden contar con el apoyo financiero dise\u00f1ado por Intesa Sanpaolo para que puedan ampliar sus habilidades. \u00abper Merito\u00bb es un pr\u00e9stamo que todo estudiante residente en Italia puede obtener con la \u00fanica condici\u00f3n de estar al d\u00eda con el curso de estudio elegido y no requiere ninguna garant\u00eda. \u00abper Merito\u00bb&#8230;<\/p>\n","protected":false},"author":12,"featured_media":25674,"parent":1273,"menu_order":0,"comment_status":"closed","ping_status":"closed","template":"","meta":{"content-type":"","footnotes":""},"class_list":["post-25672","page","type-page","status-publish","has-post-thumbnail","hentry"],"yoast_head":"<!-- This site is optimized with the Yoast SEO plugin v24.2 - https:\/\/yoast.com\/wordpress\/plugins\/seo\/ -->\n<title>Prestito per Merito universitario Accademia Belle Arti Roma - RUFA<\/title>\n<meta name=\"description\" content=\"Universit\u00e0: prestito per merito all&#039;Accademia delle Belle Arti a Roma - RUFA, vuoi sapere come funziona? Scopri di pi\u00f9!\" \/>\n<meta name=\"robots\" content=\"index, follow, max-snippet:-1, max-image-preview:large, max-video-preview:-1\" \/>\n<link rel=\"canonical\" href=\"https:\/\/www.unirufa.it\/servizi-e-facilities\/prestito-per-merito\/\" \/>\n<meta property=\"og:locale\" content=\"es_ES\" \/>\n<meta property=\"og:type\" content=\"article\" \/>\n<meta property=\"og:title\" content=\"[:it]Prestito per Merito universitario Accademia Belle Arti Roma - RUFA[:]\" \/>\n<meta property=\"og:description\" content=\"{:it}Universit\u00e0: prestito per merito all&#039;Accademia delle Belle Arti a Roma - RUFA, vuoi sapere come funziona? Scopri di pi\u00f9!{:}\" \/>\n<meta property=\"og:url\" content=\"https:\/\/www.unirufa.it\/servizi-e-facilities\/prestito-per-merito\/\" \/>\n<meta property=\"og:site_name\" content=\"RUFA - Rome University of Fine Arts\" \/>\n<meta property=\"article:modified_time\" content=\"2024-04-08T09:34:02+00:00\" \/>\n<meta property=\"og:image\" content=\"https:\/\/www.unirufa.it\/wp-content\/uploads\/2020\/01\/ISP.jpg\" \/>\n\t<meta property=\"og:image:width\" content=\"1440\" \/>\n\t<meta property=\"og:image:height\" content=\"600\" \/>\n\t<meta property=\"og:image:type\" content=\"image\/jpeg\" \/>\n<meta name=\"twitter:label1\" content=\"Tiempo de lectura\" \/>\n\t<meta name=\"twitter:data1\" content=\"6 minutos\" \/>\n<script type=\"application\/ld+json\" class=\"yoast-schema-graph\">{\"@context\":\"https:\/\/schema.org\",\"@graph\":[{\"@type\":\"WebPage\",\"@id\":\"https:\/\/www.unirufa.it\/servizi-e-facilities\/prestito-per-merito\/\",\"url\":\"https:\/\/www.unirufa.it\/servizi-e-facilities\/prestito-per-merito\/\",\"name\":\"[:it]Prestito per Merito universitario Accademia Belle Arti Roma - RUFA[:]\",\"isPartOf\":{\"@id\":\"https:\/\/www.unirufa.it\/#website\"},\"primaryImageOfPage\":{\"@id\":\"https:\/\/www.unirufa.it\/servizi-e-facilities\/prestito-per-merito\/#primaryimage\"},\"image\":{\"@id\":\"https:\/\/www.unirufa.it\/servizi-e-facilities\/prestito-per-merito\/#primaryimage\"},\"thumbnailUrl\":\"https:\/\/www.unirufa.it\/wp-content\/uploads\/2020\/01\/ISP.jpg\",\"datePublished\":\"2020-04-26T09:51:41+00:00\",\"dateModified\":\"2024-04-08T09:34:02+00:00\",\"description\":\"{:it}Universit\u00e0: prestito per merito all'Accademia delle Belle Arti a Roma - RUFA, vuoi sapere come funziona? Scopri di pi\u00f9!{:}\",\"breadcrumb\":{\"@id\":\"https:\/\/www.unirufa.it\/servizi-e-facilities\/prestito-per-merito\/#breadcrumb\"},\"inLanguage\":\"es\",\"potentialAction\":[{\"@type\":\"ReadAction\",\"target\":[\"https:\/\/www.unirufa.it\/servizi-e-facilities\/prestito-per-merito\/\"]}]},{\"@type\":\"ImageObject\",\"inLanguage\":\"es\",\"@id\":\"https:\/\/www.unirufa.it\/servizi-e-facilities\/prestito-per-merito\/#primaryimage\",\"url\":\"https:\/\/www.unirufa.it\/wp-content\/uploads\/2020\/01\/ISP.jpg\",\"contentUrl\":\"https:\/\/www.unirufa.it\/wp-content\/uploads\/2020\/01\/ISP.jpg\",\"width\":1440,\"height\":600,\"caption\":\"universit\u00e0 prestito per merito\"},{\"@type\":\"BreadcrumbList\",\"@id\":\"https:\/\/www.unirufa.it\/servizi-e-facilities\/prestito-per-merito\/#breadcrumb\",\"itemListElement\":[{\"@type\":\"ListItem\",\"position\":1,\"name\":\"Home\",\"item\":\"https:\/\/www.unirufa.it\/\"},{\"@type\":\"ListItem\",\"position\":2,\"name\":\"Servizi e facilities\",\"item\":\"https:\/\/www.unirufa.it\/servizi-e-facilities\/\"},{\"@type\":\"ListItem\",\"position\":3,\"name\":\"Prestito per Merito\"}]},{\"@type\":\"WebSite\",\"@id\":\"https:\/\/www.unirufa.it\/#website\",\"url\":\"https:\/\/www.unirufa.it\/\",\"name\":\"RUFA - Rome University of Fine Arts\",\"description\":\"\",\"potentialAction\":[{\"@type\":\"SearchAction\",\"target\":{\"@type\":\"EntryPoint\",\"urlTemplate\":\"https:\/\/www.unirufa.it\/?s={search_term_string}\"},\"query-input\":{\"@type\":\"PropertyValueSpecification\",\"valueRequired\":true,\"valueName\":\"search_term_string\"}}],\"inLanguage\":\"es\"}]}<\/script>\n<!-- \/ Yoast SEO plugin. -->","yoast_head_json":{"title":"Prestito per Merito universitario Accademia Belle Arti Roma - RUFA","description":"Universit\u00e0: prestito per merito all'Accademia delle Belle Arti a Roma - RUFA, vuoi sapere come funziona? Scopri di pi\u00f9!","robots":{"index":"index","follow":"follow","max-snippet":"max-snippet:-1","max-image-preview":"max-image-preview:large","max-video-preview":"max-video-preview:-1"},"canonical":"https:\/\/www.unirufa.it\/servizi-e-facilities\/prestito-per-merito\/","og_locale":"es_ES","og_type":"article","og_title":"[:it]Prestito per Merito universitario Accademia Belle Arti Roma - RUFA[:]","og_description":"{:it}Universit\u00e0: prestito per merito all'Accademia delle Belle Arti a Roma - RUFA, vuoi sapere come funziona? Scopri di pi\u00f9!{:}","og_url":"https:\/\/www.unirufa.it\/servizi-e-facilities\/prestito-per-merito\/","og_site_name":"RUFA - Rome University of Fine Arts","article_modified_time":"2024-04-08T09:34:02+00:00","og_image":[{"width":1440,"height":600,"url":"https:\/\/www.unirufa.it\/wp-content\/uploads\/2020\/01\/ISP.jpg","type":"image\/jpeg"}],"twitter_misc":{"Tiempo de lectura":"6 minutos"},"schema":{"@context":"https:\/\/schema.org","@graph":[{"@type":"WebPage","@id":"https:\/\/www.unirufa.it\/servizi-e-facilities\/prestito-per-merito\/","url":"https:\/\/www.unirufa.it\/servizi-e-facilities\/prestito-per-merito\/","name":"[:it]Prestito per Merito universitario Accademia Belle Arti Roma - RUFA[:]","isPartOf":{"@id":"https:\/\/www.unirufa.it\/#website"},"primaryImageOfPage":{"@id":"https:\/\/www.unirufa.it\/servizi-e-facilities\/prestito-per-merito\/#primaryimage"},"image":{"@id":"https:\/\/www.unirufa.it\/servizi-e-facilities\/prestito-per-merito\/#primaryimage"},"thumbnailUrl":"https:\/\/www.unirufa.it\/wp-content\/uploads\/2020\/01\/ISP.jpg","datePublished":"2020-04-26T09:51:41+00:00","dateModified":"2024-04-08T09:34:02+00:00","description":"{:it}Universit\u00e0: prestito per merito all'Accademia delle Belle Arti a Roma - RUFA, vuoi sapere come funziona? Scopri di pi\u00f9!{:}","breadcrumb":{"@id":"https:\/\/www.unirufa.it\/servizi-e-facilities\/prestito-per-merito\/#breadcrumb"},"inLanguage":"es","potentialAction":[{"@type":"ReadAction","target":["https:\/\/www.unirufa.it\/servizi-e-facilities\/prestito-per-merito\/"]}]},{"@type":"ImageObject","inLanguage":"es","@id":"https:\/\/www.unirufa.it\/servizi-e-facilities\/prestito-per-merito\/#primaryimage","url":"https:\/\/www.unirufa.it\/wp-content\/uploads\/2020\/01\/ISP.jpg","contentUrl":"https:\/\/www.unirufa.it\/wp-content\/uploads\/2020\/01\/ISP.jpg","width":1440,"height":600,"caption":"universit\u00e0 prestito per merito"},{"@type":"BreadcrumbList","@id":"https:\/\/www.unirufa.it\/servizi-e-facilities\/prestito-per-merito\/#breadcrumb","itemListElement":[{"@type":"ListItem","position":1,"name":"Home","item":"https:\/\/www.unirufa.it\/"},{"@type":"ListItem","position":2,"name":"Servizi e facilities","item":"https:\/\/www.unirufa.it\/servizi-e-facilities\/"},{"@type":"ListItem","position":3,"name":"Prestito per Merito"}]},{"@type":"WebSite","@id":"https:\/\/www.unirufa.it\/#website","url":"https:\/\/www.unirufa.it\/","name":"RUFA - Rome University of Fine Arts","description":"","potentialAction":[{"@type":"SearchAction","target":{"@type":"EntryPoint","urlTemplate":"https:\/\/www.unirufa.it\/?s={search_term_string}"},"query-input":{"@type":"PropertyValueSpecification","valueRequired":true,"valueName":"search_term_string"}}],"inLanguage":"es"}]}},"_links":{"self":[{"href":"https:\/\/www.unirufa.it\/es\/wp-json\/wp\/v2\/pages\/25672","targetHints":{"allow":["GET"]}}],"collection":[{"href":"https:\/\/www.unirufa.it\/es\/wp-json\/wp\/v2\/pages"}],"about":[{"href":"https:\/\/www.unirufa.it\/es\/wp-json\/wp\/v2\/types\/page"}],"author":[{"embeddable":true,"href":"https:\/\/www.unirufa.it\/es\/wp-json\/wp\/v2\/users\/12"}],"replies":[{"embeddable":true,"href":"https:\/\/www.unirufa.it\/es\/wp-json\/wp\/v2\/comments?post=25672"}],"version-history":[{"count":28,"href":"https:\/\/www.unirufa.it\/es\/wp-json\/wp\/v2\/pages\/25672\/revisions"}],"predecessor-version":[{"id":128587,"href":"https:\/\/www.unirufa.it\/es\/wp-json\/wp\/v2\/pages\/25672\/revisions\/128587"}],"up":[{"embeddable":true,"href":"https:\/\/www.unirufa.it\/es\/wp-json\/wp\/v2\/pages\/1273"}],"wp:featuredmedia":[{"embeddable":true,"href":"https:\/\/www.unirufa.it\/es\/wp-json\/wp\/v2\/media\/25674"}],"wp:attachment":[{"href":"https:\/\/www.unirufa.it\/es\/wp-json\/wp\/v2\/media?parent=25672"}],"curies":[{"name":"wp","href":"https:\/\/api.w.org\/{rel}","templated":true}]}}