


{"id":25702,"date":"2020-04-26T11:46:28","date_gmt":"2020-04-26T09:46:28","guid":{"rendered":"https:\/\/www.unirufa.it\/?page_id=25702"},"modified":"2025-05-22T11:07:52","modified_gmt":"2025-05-22T09:07:52","slug":"finanziamento-a-tasso-0","status":"publish","type":"page","link":"https:\/\/www.unirufa.it\/es\/servizi-e-facilities\/finanziamento-a-tasso-0\/","title":{"rendered":"Financiaci\u00f3n de intereses al 0%"},"content":{"rendered":"La RUFA cree firmemente en el derecho a estudiar y, gracias a los acuerdos establecidos con el Consel (Grupo Banca Sella), facilita el acceso a la educaci\u00f3n a sus estudiantes mediante la posibilidad de aprovechar la \u00abfinanciaci\u00f3n con inter\u00e9s cero\u00bb en 12 cuotas mensuales.<\/p>\n<p>Para aprovechar esta oportunidad, es necesario que un garante est\u00e9 presente para firmar los papeles en la Oficina de Administraci\u00f3n de la RUFA, as\u00ed como para presentar su \u00faltima n\u00f3mina o declaraci\u00f3n de impuestos y una fotocopia de su documento de identidad y c\u00f3digo fiscal.<\/p>\n<p>El resultado satisfactorio de la solicitud depende de la Instituci\u00f3n de Cr\u00e9dito.<\/p>\n<h5><span style=\"background-color: #9e9e9e; color: white;\">NOTA:<\/span><\/h5>\n<p><font color=\"#4f4f4f\"><strong>Los estudiantes que deseen acogerse al plan de Financiaci\u00f3n a tipo 0 deben tener ingresos y residencia en Italia.<\/strong><\/font>","protected":false},"excerpt":{"rendered":"<p>La RUFA cree firmemente en el derecho a estudiar y, gracias a los acuerdos establecidos con el Consel (Grupo Banca Sella), facilita el acceso a la educaci\u00f3n a sus estudiantes mediante la posibilidad de aprovechar la \u00abfinanciaci\u00f3n con inter\u00e9s cero\u00bb en 12 cuotas mensuales. Para aprovechar esta oportunidad, es necesario que un garante est\u00e9 presente&#8230;<\/p>\n","protected":false},"author":12,"featured_media":25714,"parent":1273,"menu_order":0,"comment_status":"closed","ping_status":"closed","template":"","meta":{"content-type":"","footnotes":""},"class_list":["post-25702","page","type-page","status-publish","has-post-thumbnail","hentry"],"yoast_head":"<!-- This site is optimized with the Yoast SEO plugin v24.2 - https:\/\/yoast.com\/wordpress\/plugins\/seo\/ -->\n<title>Financiaci\u00f3n de intereses al 0% - RUFA - Rome University of Fine Arts<\/title>\n<meta name=\"robots\" content=\"index, follow, max-snippet:-1, max-image-preview:large, max-video-preview:-1\" \/>\n<link rel=\"canonical\" href=\"https:\/\/www.unirufa.it\/servizi-e-facilities\/finanziamento-a-tasso-0\/\" \/>\n<meta property=\"og:locale\" content=\"es_ES\" \/>\n<meta property=\"og:type\" content=\"article\" \/>\n<meta property=\"og:title\" content=\"Financiaci\u00f3n de intereses al 0% - RUFA - Rome University of Fine Arts\" \/>\n<meta property=\"og:description\" content=\"La RUFA cree firmemente en el derecho a estudiar y, gracias a los acuerdos establecidos con el Consel (Grupo Banca Sella), facilita el acceso a la educaci\u00f3n a sus estudiantes mediante la posibilidad de aprovechar la \u00abfinanciaci\u00f3n con inter\u00e9s cero\u00bb en 12 cuotas mensuales. Para aprovechar esta oportunidad, es necesario que un garante est\u00e9 presente...\" \/>\n<meta property=\"og:url\" content=\"https:\/\/www.unirufa.it\/servizi-e-facilities\/finanziamento-a-tasso-0\/\" \/>\n<meta property=\"og:site_name\" content=\"RUFA - Rome University of Fine Arts\" \/>\n<meta property=\"article:modified_time\" content=\"2025-05-22T09:07:52+00:00\" \/>\n<meta property=\"og:image\" content=\"https:\/\/www.unirufa.it\/wp-content\/uploads\/2020\/01\/consel.jpg\" \/>\n\t<meta property=\"og:image:width\" content=\"1440\" \/>\n\t<meta property=\"og:image:height\" content=\"600\" \/>\n\t<meta property=\"og:image:type\" content=\"image\/jpeg\" \/>\n<meta name=\"twitter:label1\" content=\"Tiempo de lectura\" \/>\n\t<meta name=\"twitter:data1\" content=\"3 minutos\" \/>\n<script type=\"application\/ld+json\" class=\"yoast-schema-graph\">{\"@context\":\"https:\/\/schema.org\",\"@graph\":[{\"@type\":\"WebPage\",\"@id\":\"https:\/\/www.unirufa.it\/servizi-e-facilities\/finanziamento-a-tasso-0\/\",\"url\":\"https:\/\/www.unirufa.it\/servizi-e-facilities\/finanziamento-a-tasso-0\/\",\"name\":\"Financiaci\u00f3n de intereses al 0% - RUFA - Rome University of Fine Arts\",\"isPartOf\":{\"@id\":\"https:\/\/www.unirufa.it\/#website\"},\"primaryImageOfPage\":{\"@id\":\"https:\/\/www.unirufa.it\/servizi-e-facilities\/finanziamento-a-tasso-0\/#primaryimage\"},\"image\":{\"@id\":\"https:\/\/www.unirufa.it\/servizi-e-facilities\/finanziamento-a-tasso-0\/#primaryimage\"},\"thumbnailUrl\":\"https:\/\/www.unirufa.it\/wp-content\/uploads\/2020\/01\/consel.jpg\",\"datePublished\":\"2020-04-26T09:46:28+00:00\",\"dateModified\":\"2025-05-22T09:07:52+00:00\",\"breadcrumb\":{\"@id\":\"https:\/\/www.unirufa.it\/servizi-e-facilities\/finanziamento-a-tasso-0\/#breadcrumb\"},\"inLanguage\":\"es\",\"potentialAction\":[{\"@type\":\"ReadAction\",\"target\":[\"https:\/\/www.unirufa.it\/servizi-e-facilities\/finanziamento-a-tasso-0\/\"]}]},{\"@type\":\"ImageObject\",\"inLanguage\":\"es\",\"@id\":\"https:\/\/www.unirufa.it\/servizi-e-facilities\/finanziamento-a-tasso-0\/#primaryimage\",\"url\":\"https:\/\/www.unirufa.it\/wp-content\/uploads\/2020\/01\/consel.jpg\",\"contentUrl\":\"https:\/\/www.unirufa.it\/wp-content\/uploads\/2020\/01\/consel.jpg\",\"width\":1440,\"height\":600},{\"@type\":\"BreadcrumbList\",\"@id\":\"https:\/\/www.unirufa.it\/servizi-e-facilities\/finanziamento-a-tasso-0\/#breadcrumb\",\"itemListElement\":[{\"@type\":\"ListItem\",\"position\":1,\"name\":\"Home\",\"item\":\"https:\/\/www.unirufa.it\/\"},{\"@type\":\"ListItem\",\"position\":2,\"name\":\"Servizi e facilities\",\"item\":\"https:\/\/www.unirufa.it\/servizi-e-facilities\/\"},{\"@type\":\"ListItem\",\"position\":3,\"name\":\"Finanziamento a tasso 0\"}]},{\"@type\":\"WebSite\",\"@id\":\"https:\/\/www.unirufa.it\/#website\",\"url\":\"https:\/\/www.unirufa.it\/\",\"name\":\"RUFA - Rome University of Fine Arts\",\"description\":\"\",\"potentialAction\":[{\"@type\":\"SearchAction\",\"target\":{\"@type\":\"EntryPoint\",\"urlTemplate\":\"https:\/\/www.unirufa.it\/?s={search_term_string}\"},\"query-input\":{\"@type\":\"PropertyValueSpecification\",\"valueRequired\":true,\"valueName\":\"search_term_string\"}}],\"inLanguage\":\"es\"}]}<\/script>\n<!-- \/ Yoast SEO plugin. -->","yoast_head_json":{"title":"Financiaci\u00f3n de intereses al 0% - RUFA - Rome University of Fine Arts","robots":{"index":"index","follow":"follow","max-snippet":"max-snippet:-1","max-image-preview":"max-image-preview:large","max-video-preview":"max-video-preview:-1"},"canonical":"https:\/\/www.unirufa.it\/servizi-e-facilities\/finanziamento-a-tasso-0\/","og_locale":"es_ES","og_type":"article","og_title":"Financiaci\u00f3n de intereses al 0% - RUFA - Rome University of Fine Arts","og_description":"La RUFA cree firmemente en el derecho a estudiar y, gracias a los acuerdos establecidos con el Consel (Grupo Banca Sella), facilita el acceso a la educaci\u00f3n a sus estudiantes mediante la posibilidad de aprovechar la \u00abfinanciaci\u00f3n con inter\u00e9s cero\u00bb en 12 cuotas mensuales. Para aprovechar esta oportunidad, es necesario que un garante est\u00e9 presente...","og_url":"https:\/\/www.unirufa.it\/servizi-e-facilities\/finanziamento-a-tasso-0\/","og_site_name":"RUFA - Rome University of Fine Arts","article_modified_time":"2025-05-22T09:07:52+00:00","og_image":[{"width":1440,"height":600,"url":"https:\/\/www.unirufa.it\/wp-content\/uploads\/2020\/01\/consel.jpg","type":"image\/jpeg"}],"twitter_misc":{"Tiempo de lectura":"3 minutos"},"schema":{"@context":"https:\/\/schema.org","@graph":[{"@type":"WebPage","@id":"https:\/\/www.unirufa.it\/servizi-e-facilities\/finanziamento-a-tasso-0\/","url":"https:\/\/www.unirufa.it\/servizi-e-facilities\/finanziamento-a-tasso-0\/","name":"Financiaci\u00f3n de intereses al 0% - RUFA - Rome University of Fine Arts","isPartOf":{"@id":"https:\/\/www.unirufa.it\/#website"},"primaryImageOfPage":{"@id":"https:\/\/www.unirufa.it\/servizi-e-facilities\/finanziamento-a-tasso-0\/#primaryimage"},"image":{"@id":"https:\/\/www.unirufa.it\/servizi-e-facilities\/finanziamento-a-tasso-0\/#primaryimage"},"thumbnailUrl":"https:\/\/www.unirufa.it\/wp-content\/uploads\/2020\/01\/consel.jpg","datePublished":"2020-04-26T09:46:28+00:00","dateModified":"2025-05-22T09:07:52+00:00","breadcrumb":{"@id":"https:\/\/www.unirufa.it\/servizi-e-facilities\/finanziamento-a-tasso-0\/#breadcrumb"},"inLanguage":"es","potentialAction":[{"@type":"ReadAction","target":["https:\/\/www.unirufa.it\/servizi-e-facilities\/finanziamento-a-tasso-0\/"]}]},{"@type":"ImageObject","inLanguage":"es","@id":"https:\/\/www.unirufa.it\/servizi-e-facilities\/finanziamento-a-tasso-0\/#primaryimage","url":"https:\/\/www.unirufa.it\/wp-content\/uploads\/2020\/01\/consel.jpg","contentUrl":"https:\/\/www.unirufa.it\/wp-content\/uploads\/2020\/01\/consel.jpg","width":1440,"height":600},{"@type":"BreadcrumbList","@id":"https:\/\/www.unirufa.it\/servizi-e-facilities\/finanziamento-a-tasso-0\/#breadcrumb","itemListElement":[{"@type":"ListItem","position":1,"name":"Home","item":"https:\/\/www.unirufa.it\/"},{"@type":"ListItem","position":2,"name":"Servizi e facilities","item":"https:\/\/www.unirufa.it\/servizi-e-facilities\/"},{"@type":"ListItem","position":3,"name":"Finanziamento a tasso 0"}]},{"@type":"WebSite","@id":"https:\/\/www.unirufa.it\/#website","url":"https:\/\/www.unirufa.it\/","name":"RUFA - Rome University of Fine Arts","description":"","potentialAction":[{"@type":"SearchAction","target":{"@type":"EntryPoint","urlTemplate":"https:\/\/www.unirufa.it\/?s={search_term_string}"},"query-input":{"@type":"PropertyValueSpecification","valueRequired":true,"valueName":"search_term_string"}}],"inLanguage":"es"}]}},"_links":{"self":[{"href":"https:\/\/www.unirufa.it\/es\/wp-json\/wp\/v2\/pages\/25702","targetHints":{"allow":["GET"]}}],"collection":[{"href":"https:\/\/www.unirufa.it\/es\/wp-json\/wp\/v2\/pages"}],"about":[{"href":"https:\/\/www.unirufa.it\/es\/wp-json\/wp\/v2\/types\/page"}],"author":[{"embeddable":true,"href":"https:\/\/www.unirufa.it\/es\/wp-json\/wp\/v2\/users\/12"}],"replies":[{"embeddable":true,"href":"https:\/\/www.unirufa.it\/es\/wp-json\/wp\/v2\/comments?post=25702"}],"version-history":[{"count":13,"href":"https:\/\/www.unirufa.it\/es\/wp-json\/wp\/v2\/pages\/25702\/revisions"}],"predecessor-version":[{"id":145250,"href":"https:\/\/www.unirufa.it\/es\/wp-json\/wp\/v2\/pages\/25702\/revisions\/145250"}],"up":[{"embeddable":true,"href":"https:\/\/www.unirufa.it\/es\/wp-json\/wp\/v2\/pages\/1273"}],"wp:featuredmedia":[{"embeddable":true,"href":"https:\/\/www.unirufa.it\/es\/wp-json\/wp\/v2\/media\/25714"}],"wp:attachment":[{"href":"https:\/\/www.unirufa.it\/es\/wp-json\/wp\/v2\/media?parent=25702"}],"curies":[{"name":"wp","href":"https:\/\/api.w.org\/{rel}","templated":true}]}}