


{"id":25705,"date":"2020-04-26T11:45:41","date_gmt":"2020-04-26T09:45:41","guid":{"rendered":"https:\/\/www.unirufa.it\/?page_id=25705"},"modified":"2026-01-20T15:25:33","modified_gmt":"2026-01-20T14:25:33","slug":"agevolazioni-economiche","status":"publish","type":"page","link":"https:\/\/www.unirufa.it\/es\/orientamento\/borse-di-studio-e-agevolazioni-economiche\/agevolazioni-economiche\/","title":{"rendered":"Apoyo econ\u00f3mico"},"content":{"rendered":"Para facilitar el acceso de sus estudiantes a la educaci\u00f3n, la RUFA ha establecido acuerdos con instituciones de cr\u00e9dito.<\/p>\n<p>De esta manera, los estudiantes tienen la oportunidad de beneficiarse de pr\u00e9stamos y oportunidades de financiamiento en condiciones convenientes, para que puedan concentrarse completamente en sus estudios, sin tener que trabajar para cubrir los gastos acad\u00e9micos y sin cargar el presupuesto familiar.<\/p>\n<p>Las soluciones propuestas dependen de la evaluaci\u00f3n de la instituci\u00f3n de cr\u00e9dito, tanto en lo que respecta a los garantes proporcionados como a la atenci\u00f3n acad\u00e9mica del estudiante.<\/p>\n<p><a id=\"btn-agevolazionieconomichefinanziamentotassozero\" class=\"download-btn\" href=\"https:\/\/www.unirufa.it\/servizi-e-facilities\/finanziamento-a-tasso-0\/\">Financiaci\u00f3n de intereses al 0% <\/a><a id=\"btn-agevolazionieconomicheprestitomerito\" class=\"download-btn\" href=\"https:\/\/www.unirufa.it\/servizi-e-facilities\/prestito-per-merito\/\">Pr\u00e9stamo por m\u00e9rito<\/a><a id=\"btn-agevolazionieconomichefinanziamentoagevolato\" class=\"download-btn\" href=\"https:\/\/www.unirufa.it\/servizi-e-facilities\/prestito-studentesco\/\">Prestito studentesco<\/a>","protected":false},"excerpt":{"rendered":"<p>Para facilitar el acceso de sus estudiantes a la educaci\u00f3n, la RUFA ha establecido acuerdos con instituciones de cr\u00e9dito. De esta manera, los estudiantes tienen la oportunidad de beneficiarse de pr\u00e9stamos y oportunidades de financiamiento en condiciones convenientes, para que puedan concentrarse completamente en sus estudios, sin tener que trabajar para cubrir los gastos acad\u00e9micos&#8230;<\/p>\n","protected":false},"author":12,"featured_media":25715,"parent":29801,"menu_order":0,"comment_status":"closed","ping_status":"closed","template":"","meta":{"content-type":"","footnotes":""},"class_list":["post-25705","page","type-page","status-publish","has-post-thumbnail","hentry"],"yoast_head":"<!-- This site is optimized with the Yoast SEO plugin v24.2 - https:\/\/yoast.com\/wordpress\/plugins\/seo\/ -->\n<title>Agevolazioni studenti Universitari - RUFA Rome University Fine Arts<\/title>\n<meta name=\"description\" content=\"Agevolazioni e Bonus per studenti Universitari: Accademia delle Belle Arti a Roma - RUFA, scoprili tutti!\" \/>\n<meta name=\"robots\" content=\"index, follow, max-snippet:-1, max-image-preview:large, max-video-preview:-1\" \/>\n<link rel=\"canonical\" href=\"https:\/\/www.unirufa.it\/orientamento\/borse-di-studio-e-agevolazioni-economiche\/agevolazioni-economiche\/\" \/>\n<meta property=\"og:locale\" content=\"es_ES\" \/>\n<meta property=\"og:type\" content=\"article\" \/>\n<meta property=\"og:title\" content=\"[:it]Agevolazioni studenti Universitari - RUFA Rome University Fine Arts[:]\" \/>\n<meta property=\"og:description\" content=\"{:it}Agevolazioni e Bonus per studenti Universitari: Accademia delle Belle Arti a Roma - RUFA, scoprili tutti!{:}\" \/>\n<meta property=\"og:url\" content=\"https:\/\/www.unirufa.it\/orientamento\/borse-di-studio-e-agevolazioni-economiche\/agevolazioni-economiche\/\" \/>\n<meta property=\"og:site_name\" content=\"RUFA - Rome University of Fine Arts\" \/>\n<meta property=\"article:modified_time\" content=\"2026-01-20T14:25:33+00:00\" \/>\n<meta property=\"og:image\" content=\"https:\/\/www.unirufa.it\/wp-content\/uploads\/2020\/01\/agevolazioni.jpg\" \/>\n\t<meta property=\"og:image:width\" content=\"1920\" \/>\n\t<meta property=\"og:image:height\" content=\"800\" \/>\n\t<meta property=\"og:image:type\" content=\"image\/jpeg\" \/>\n<meta name=\"twitter:label1\" content=\"Tiempo de lectura\" \/>\n\t<meta name=\"twitter:data1\" content=\"2 minutos\" \/>\n<script type=\"application\/ld+json\" class=\"yoast-schema-graph\">{\"@context\":\"https:\/\/schema.org\",\"@graph\":[{\"@type\":\"WebPage\",\"@id\":\"https:\/\/www.unirufa.it\/orientamento\/borse-di-studio-e-agevolazioni-economiche\/agevolazioni-economiche\/\",\"url\":\"https:\/\/www.unirufa.it\/orientamento\/borse-di-studio-e-agevolazioni-economiche\/agevolazioni-economiche\/\",\"name\":\"[:it]Agevolazioni studenti Universitari - RUFA Rome University Fine Arts[:]\",\"isPartOf\":{\"@id\":\"https:\/\/www.unirufa.it\/#website\"},\"primaryImageOfPage\":{\"@id\":\"https:\/\/www.unirufa.it\/orientamento\/borse-di-studio-e-agevolazioni-economiche\/agevolazioni-economiche\/#primaryimage\"},\"image\":{\"@id\":\"https:\/\/www.unirufa.it\/orientamento\/borse-di-studio-e-agevolazioni-economiche\/agevolazioni-economiche\/#primaryimage\"},\"thumbnailUrl\":\"https:\/\/www.unirufa.it\/wp-content\/uploads\/2020\/01\/agevolazioni.jpg\",\"datePublished\":\"2020-04-26T09:45:41+00:00\",\"dateModified\":\"2026-01-20T14:25:33+00:00\",\"description\":\"{:it}Agevolazioni e Bonus per studenti Universitari: Accademia delle Belle Arti a Roma - RUFA, scoprili tutti!{:}\",\"breadcrumb\":{\"@id\":\"https:\/\/www.unirufa.it\/orientamento\/borse-di-studio-e-agevolazioni-economiche\/agevolazioni-economiche\/#breadcrumb\"},\"inLanguage\":\"es\",\"potentialAction\":[{\"@type\":\"ReadAction\",\"target\":[\"https:\/\/www.unirufa.it\/orientamento\/borse-di-studio-e-agevolazioni-economiche\/agevolazioni-economiche\/\"]}]},{\"@type\":\"ImageObject\",\"inLanguage\":\"es\",\"@id\":\"https:\/\/www.unirufa.it\/orientamento\/borse-di-studio-e-agevolazioni-economiche\/agevolazioni-economiche\/#primaryimage\",\"url\":\"https:\/\/www.unirufa.it\/wp-content\/uploads\/2020\/01\/agevolazioni.jpg\",\"contentUrl\":\"https:\/\/www.unirufa.it\/wp-content\/uploads\/2020\/01\/agevolazioni.jpg\",\"width\":1920,\"height\":800,\"caption\":\"agevolazioni universit\u00e0\"},{\"@type\":\"BreadcrumbList\",\"@id\":\"https:\/\/www.unirufa.it\/orientamento\/borse-di-studio-e-agevolazioni-economiche\/agevolazioni-economiche\/#breadcrumb\",\"itemListElement\":[{\"@type\":\"ListItem\",\"position\":1,\"name\":\"Home\",\"item\":\"https:\/\/www.unirufa.it\/\"},{\"@type\":\"ListItem\",\"position\":2,\"name\":\"Orientamento\",\"item\":\"https:\/\/www.unirufa.it\/orientamento\/\"},{\"@type\":\"ListItem\",\"position\":3,\"name\":\"Borse di studio e agevolazioni economiche\",\"item\":\"https:\/\/www.unirufa.it\/orientamento\/borse-di-studio-e-agevolazioni-economiche\/\"},{\"@type\":\"ListItem\",\"position\":4,\"name\":\"Agevolazioni economiche\"}]},{\"@type\":\"WebSite\",\"@id\":\"https:\/\/www.unirufa.it\/#website\",\"url\":\"https:\/\/www.unirufa.it\/\",\"name\":\"RUFA - Rome University of Fine Arts\",\"description\":\"\",\"potentialAction\":[{\"@type\":\"SearchAction\",\"target\":{\"@type\":\"EntryPoint\",\"urlTemplate\":\"https:\/\/www.unirufa.it\/?s={search_term_string}\"},\"query-input\":{\"@type\":\"PropertyValueSpecification\",\"valueRequired\":true,\"valueName\":\"search_term_string\"}}],\"inLanguage\":\"es\"}]}<\/script>\n<!-- \/ Yoast SEO plugin. -->","yoast_head_json":{"title":"Agevolazioni studenti Universitari - RUFA Rome University Fine Arts","description":"Agevolazioni e Bonus per studenti Universitari: Accademia delle Belle Arti a Roma - RUFA, scoprili tutti!","robots":{"index":"index","follow":"follow","max-snippet":"max-snippet:-1","max-image-preview":"max-image-preview:large","max-video-preview":"max-video-preview:-1"},"canonical":"https:\/\/www.unirufa.it\/orientamento\/borse-di-studio-e-agevolazioni-economiche\/agevolazioni-economiche\/","og_locale":"es_ES","og_type":"article","og_title":"[:it]Agevolazioni studenti Universitari - RUFA Rome University Fine Arts[:]","og_description":"{:it}Agevolazioni e Bonus per studenti Universitari: Accademia delle Belle Arti a Roma - RUFA, scoprili tutti!{:}","og_url":"https:\/\/www.unirufa.it\/orientamento\/borse-di-studio-e-agevolazioni-economiche\/agevolazioni-economiche\/","og_site_name":"RUFA - Rome University of Fine Arts","article_modified_time":"2026-01-20T14:25:33+00:00","og_image":[{"width":1920,"height":800,"url":"https:\/\/www.unirufa.it\/wp-content\/uploads\/2020\/01\/agevolazioni.jpg","type":"image\/jpeg"}],"twitter_misc":{"Tiempo de lectura":"2 minutos"},"schema":{"@context":"https:\/\/schema.org","@graph":[{"@type":"WebPage","@id":"https:\/\/www.unirufa.it\/orientamento\/borse-di-studio-e-agevolazioni-economiche\/agevolazioni-economiche\/","url":"https:\/\/www.unirufa.it\/orientamento\/borse-di-studio-e-agevolazioni-economiche\/agevolazioni-economiche\/","name":"[:it]Agevolazioni studenti Universitari - RUFA Rome University Fine Arts[:]","isPartOf":{"@id":"https:\/\/www.unirufa.it\/#website"},"primaryImageOfPage":{"@id":"https:\/\/www.unirufa.it\/orientamento\/borse-di-studio-e-agevolazioni-economiche\/agevolazioni-economiche\/#primaryimage"},"image":{"@id":"https:\/\/www.unirufa.it\/orientamento\/borse-di-studio-e-agevolazioni-economiche\/agevolazioni-economiche\/#primaryimage"},"thumbnailUrl":"https:\/\/www.unirufa.it\/wp-content\/uploads\/2020\/01\/agevolazioni.jpg","datePublished":"2020-04-26T09:45:41+00:00","dateModified":"2026-01-20T14:25:33+00:00","description":"{:it}Agevolazioni e Bonus per studenti Universitari: Accademia delle Belle Arti a Roma - RUFA, scoprili tutti!{:}","breadcrumb":{"@id":"https:\/\/www.unirufa.it\/orientamento\/borse-di-studio-e-agevolazioni-economiche\/agevolazioni-economiche\/#breadcrumb"},"inLanguage":"es","potentialAction":[{"@type":"ReadAction","target":["https:\/\/www.unirufa.it\/orientamento\/borse-di-studio-e-agevolazioni-economiche\/agevolazioni-economiche\/"]}]},{"@type":"ImageObject","inLanguage":"es","@id":"https:\/\/www.unirufa.it\/orientamento\/borse-di-studio-e-agevolazioni-economiche\/agevolazioni-economiche\/#primaryimage","url":"https:\/\/www.unirufa.it\/wp-content\/uploads\/2020\/01\/agevolazioni.jpg","contentUrl":"https:\/\/www.unirufa.it\/wp-content\/uploads\/2020\/01\/agevolazioni.jpg","width":1920,"height":800,"caption":"agevolazioni universit\u00e0"},{"@type":"BreadcrumbList","@id":"https:\/\/www.unirufa.it\/orientamento\/borse-di-studio-e-agevolazioni-economiche\/agevolazioni-economiche\/#breadcrumb","itemListElement":[{"@type":"ListItem","position":1,"name":"Home","item":"https:\/\/www.unirufa.it\/"},{"@type":"ListItem","position":2,"name":"Orientamento","item":"https:\/\/www.unirufa.it\/orientamento\/"},{"@type":"ListItem","position":3,"name":"Borse di studio e agevolazioni economiche","item":"https:\/\/www.unirufa.it\/orientamento\/borse-di-studio-e-agevolazioni-economiche\/"},{"@type":"ListItem","position":4,"name":"Agevolazioni economiche"}]},{"@type":"WebSite","@id":"https:\/\/www.unirufa.it\/#website","url":"https:\/\/www.unirufa.it\/","name":"RUFA - Rome University of Fine Arts","description":"","potentialAction":[{"@type":"SearchAction","target":{"@type":"EntryPoint","urlTemplate":"https:\/\/www.unirufa.it\/?s={search_term_string}"},"query-input":{"@type":"PropertyValueSpecification","valueRequired":true,"valueName":"search_term_string"}}],"inLanguage":"es"}]}},"_links":{"self":[{"href":"https:\/\/www.unirufa.it\/es\/wp-json\/wp\/v2\/pages\/25705","targetHints":{"allow":["GET"]}}],"collection":[{"href":"https:\/\/www.unirufa.it\/es\/wp-json\/wp\/v2\/pages"}],"about":[{"href":"https:\/\/www.unirufa.it\/es\/wp-json\/wp\/v2\/types\/page"}],"author":[{"embeddable":true,"href":"https:\/\/www.unirufa.it\/es\/wp-json\/wp\/v2\/users\/12"}],"replies":[{"embeddable":true,"href":"https:\/\/www.unirufa.it\/es\/wp-json\/wp\/v2\/comments?post=25705"}],"version-history":[{"count":22,"href":"https:\/\/www.unirufa.it\/es\/wp-json\/wp\/v2\/pages\/25705\/revisions"}],"predecessor-version":[{"id":150782,"href":"https:\/\/www.unirufa.it\/es\/wp-json\/wp\/v2\/pages\/25705\/revisions\/150782"}],"up":[{"embeddable":true,"href":"https:\/\/www.unirufa.it\/es\/wp-json\/wp\/v2\/pages\/29801"}],"wp:featuredmedia":[{"embeddable":true,"href":"https:\/\/www.unirufa.it\/es\/wp-json\/wp\/v2\/media\/25715"}],"wp:attachment":[{"href":"https:\/\/www.unirufa.it\/es\/wp-json\/wp\/v2\/media?parent=25705"}],"curies":[{"name":"wp","href":"https:\/\/api.w.org\/{rel}","templated":true}]}}