


{"id":2845,"date":"2014-02-25T15:33:35","date_gmt":"2014-02-25T15:33:35","guid":{"rendered":"http:\/\/www.unirufa.it\/?page_id=2845"},"modified":"2022-04-28T09:28:18","modified_gmt":"2022-04-28T07:28:18","slug":"english-version-erasmus-policy-statement","status":"publish","type":"page","link":"https:\/\/www.unirufa.it\/es\/servizi-e-facilities\/english-version-erasmus-policy-statement\/","title":{"rendered":"Erasmus Policy Statement"},"content":{"rendered":"<div class=\"row\">\n<h3>Erasmus Policy Statement<\/h3>\n<p>RUFA, Rome University of Fine Arts, es un centro educativo multidisciplinar e internacional, legalmente reconocido por el Ministerio de Universidad e Investigaci\u00f3n. Pertenece al sistema de Educaci\u00f3n Superior de Arte y ofrece programas efectivos e innovadores de Licenciatura y Maestr\u00eda en Artes en los campos de Arte, Dise\u00f1o, Comunicaci\u00f3n y Medios de Comunicaci\u00f3n. Estos programas reflejan el nuevo panorama art\u00edstico y cultural, y garantizan a los estudiantes una preparaci\u00f3n tanto te\u00f3rica como metodol\u00f3gica-pr\u00e1ctica siempre actualizada. Con una mirada atenta al mercado de trabajo, los programas proporcionan una preparaci\u00f3n de alto nivel y unas oportunidades laborales prometedoras y concretas.<\/p>\n<p>RUFA participa en el programa Erasmus a trav\u00e9s de la KA103 desde 2011, y en la KA107 desde 2018. <\/p>\n<p>La participaci\u00f3n en el programa Erasmus forma parte del plan estrat\u00e9gico de internacionalizaci\u00f3n de la Academia, con el objetivo de crear colaboraciones internacionales con Instituciones que ofrezcan programas educativos en el \u00e1mbito del Arte, el Dise\u00f1o, la Comunicaci\u00f3n y los Medios de Comunicaci\u00f3n. Estas colaboraciones apoyar\u00e1n las interacciones, los intercambios interculturales y la formaci\u00f3n de los estudiantes a trav\u00e9s de la difusi\u00f3n y el aprendizaje de la pr\u00e1ctica art\u00edstica contempor\u00e1nea. Para la RUFA el Programa Erasmus+ representa un aspecto fundamental del proceso de internacionalizaci\u00f3n de la Instituci\u00f3n, gracias al cual los estudiantes y el personal tienen mayores oportunidades para su crecimiento tanto personal como profesional. <\/p>\n<p>RUFA cuenta con la Carta Erasmus de Educaci\u00f3n Superior desde 2010, y ha establecido con un n\u00famero considerable de Instituciones intercambios productivos de estudiantes, profesores y personal administrativo. Con ello ha enriquecido tanto la calidad de la Academia como la formaci\u00f3n de los estudiantes. Los estudiantes pueden experimentar otra cultura y ampliar sus conocimientos, al tiempo que se benefician de nuevos m\u00e9todos de ense\u00f1anza e intercambian experiencias art\u00edsticas con otros estudiantes en el extranjero. Tambi\u00e9n tienen la oportunidad de madurar y ampliar sus puntos de vista art\u00edsticos, al compararlos con los europeos y los del panorama art\u00edstico internacional. <\/p>\n<p>La RUFA cree que tambi\u00e9n a trav\u00e9s de la internacionalizaci\u00f3n la calidad de sus programas se alinear\u00e1 con los est\u00e1ndares europeos. De hecho, la promoci\u00f3n de la cooperaci\u00f3n cultural internacional, la modernizaci\u00f3n, la investigaci\u00f3n y la movilidad de los estudiantes y el personal es una prioridad de las pol\u00edticas llevadas a cabo por nuestra Instituci\u00f3n. Una Instituci\u00f3n que se caracteriza por un ambiente din\u00e1mico y estimulante. <\/p>\n<p>La participaci\u00f3n en el Programa Erasmus + fomenta el intercambio de experiencias educativas y de proyectos mediante la creaci\u00f3n de colaboraciones y redes para actividades internacionales(como concursos y exposiciones, proyectos conjuntos) organizadas con Instituciones asociadas europeas y no europeas. <\/p>\n<p>El Programa promueve la multiculturalidad, una mayor capacidad de integraci\u00f3n y el sentido de pertenencia a la sociedad europea, la profundizaci\u00f3n y el desarrollo de habilidades art\u00edsticas y t\u00e9cnicas, una mayor conciencia, independencia y confianza en las relaciones interpersonales, y la entrada en el mercado laboral con mayor facilidad. <\/p>\n<p>Roma alberga los principales museos nacionales e importantes instituciones art\u00edsticas y culturales internacionales. El patrimonio hist\u00f3rico, art\u00edstico y cultural de la ciudad de Roma, desde la antig\u00fcedad hasta las \u00faltimas expresiones del arte contempor\u00e1neo, ofrece a los estudiantes y profesores internacionales la posibilidad de una experiencia provechosa. Dada la centralidad de Roma, es tambi\u00e9n un espacio de di\u00e1logo intercultural. En los \u00faltimos a\u00f1os, la oferta cultural de la capital se ha enriquecido con una amplia gama de eventos y festivales multifac\u00e9ticos y de gran calidad. Estos eventos cuentan con la participaci\u00f3n de un p\u00fablico joven y de profesionales y se caracterizan por centrarse en las tendencias de nueva generaci\u00f3n en los campos del arte, el dise\u00f1o, lo digital y lo multimedia. Aunar arte, cultura, territorio y atenci\u00f3n a la sociedad es una caracter\u00edstica de los proyectos que organiza RUFA y en los que participa, en sinergia y en colaboraci\u00f3n con las instituciones mencionadas, implicando activamente a estudiantes y profesores. <\/p>\n<p>El aprendizaje de otras dos lenguas, adem\u00e1s de la lengua materna, representa un est\u00e1ndar a perseguir en la educaci\u00f3n universitaria de calidad, ya que crea m\u00e1s oportunidades de trabajo para los estudiantes. La pol\u00edtica de integraci\u00f3n y el rechazo a cualquier discriminaci\u00f3n son algunos de los principios esenciales que inspiran el RUFA. La RUFA garantiza la inclusi\u00f3n, la igualdad de oportunidades y la transparencia para todos los estudiantes y profesores entrantes y salientes, tambi\u00e9n para los que tienen condiciones desfavorables. <\/p>\n<p>RUFA garantiza la igualdad de condiciones para todos los estudiantes en cuanto a la accesibilidad a los servicios, con atenci\u00f3n espec\u00edfica a los estudiantes con discapacidades o problemas espec\u00edficos de aprendizaje, tambi\u00e9n en cuanto a la personalizaci\u00f3n de los servicios. El RUFA ofrece la posibilidad de participar en todas las actividades a sus miembros, independientemente del g\u00e9nero, la raza, las ideas pol\u00edticas, la afiliaci\u00f3n religiosa y el origen social. <\/p>\n<\/div>","protected":false},"excerpt":{"rendered":"<p>Erasmus Policy Statement RUFA, Rome University of Fine Arts, es un centro educativo multidisciplinar e internacional, legalmente reconocido por el Ministerio de Universidad e Investigaci\u00f3n. Pertenece al sistema de Educaci\u00f3n Superior de Arte y ofrece programas efectivos e innovadores de Licenciatura y Maestr\u00eda en Artes en los campos de Arte, Dise\u00f1o, Comunicaci\u00f3n y Medios de&#8230;<\/p>\n","protected":false},"author":1,"featured_media":0,"parent":1273,"menu_order":0,"comment_status":"closed","ping_status":"closed","template":"","meta":{"content-type":"","footnotes":""},"class_list":["post-2845","page","type-page","status-publish","hentry"],"yoast_head":"<!-- This site is optimized with the Yoast SEO plugin v24.2 - https:\/\/yoast.com\/wordpress\/plugins\/seo\/ -->\n<title>Erasmus Policy Statement - RUFA - Rome University of Fine Arts<\/title>\n<meta name=\"robots\" content=\"index, follow, max-snippet:-1, max-image-preview:large, max-video-preview:-1\" \/>\n<link rel=\"canonical\" href=\"https:\/\/www.unirufa.it\/servizi-e-facilities\/english-version-erasmus-policy-statement\/\" \/>\n<meta property=\"og:locale\" content=\"es_ES\" \/>\n<meta property=\"og:type\" content=\"article\" \/>\n<meta property=\"og:title\" content=\"Erasmus Policy Statement - RUFA - Rome University of Fine Arts\" \/>\n<meta property=\"og:description\" content=\"Erasmus Policy Statement RUFA, Rome University of Fine Arts, es un centro educativo multidisciplinar e internacional, legalmente reconocido por el Ministerio de Universidad e Investigaci\u00f3n. Pertenece al sistema de Educaci\u00f3n Superior de Arte y ofrece programas efectivos e innovadores de Licenciatura y Maestr\u00eda en Artes en los campos de Arte, Dise\u00f1o, Comunicaci\u00f3n y Medios de...\" \/>\n<meta property=\"og:url\" content=\"https:\/\/www.unirufa.it\/servizi-e-facilities\/english-version-erasmus-policy-statement\/\" \/>\n<meta property=\"og:site_name\" content=\"RUFA - Rome University of Fine Arts\" \/>\n<meta property=\"article:modified_time\" content=\"2022-04-28T07:28:18+00:00\" \/>\n<meta property=\"og:image\" content=\"https:\/\/www.unirufa.it\/wp-content\/uploads\/2017\/11\/logo-rufa-2016.png\" \/>\n\t<meta property=\"og:image:width\" content=\"230\" \/>\n\t<meta property=\"og:image:height\" content=\"149\" \/>\n\t<meta property=\"og:image:type\" content=\"image\/png\" \/>\n<meta name=\"twitter:label1\" content=\"Tiempo de lectura\" \/>\n\t<meta name=\"twitter:data1\" content=\"11 minutos\" \/>\n<script type=\"application\/ld+json\" class=\"yoast-schema-graph\">{\"@context\":\"https:\/\/schema.org\",\"@graph\":[{\"@type\":\"WebPage\",\"@id\":\"https:\/\/www.unirufa.it\/servizi-e-facilities\/english-version-erasmus-policy-statement\/\",\"url\":\"https:\/\/www.unirufa.it\/servizi-e-facilities\/english-version-erasmus-policy-statement\/\",\"name\":\"Erasmus Policy Statement - RUFA - Rome University of Fine Arts\",\"isPartOf\":{\"@id\":\"https:\/\/www.unirufa.it\/#website\"},\"datePublished\":\"2014-02-25T15:33:35+00:00\",\"dateModified\":\"2022-04-28T07:28:18+00:00\",\"breadcrumb\":{\"@id\":\"https:\/\/www.unirufa.it\/servizi-e-facilities\/english-version-erasmus-policy-statement\/#breadcrumb\"},\"inLanguage\":\"es\",\"potentialAction\":[{\"@type\":\"ReadAction\",\"target\":[\"https:\/\/www.unirufa.it\/servizi-e-facilities\/english-version-erasmus-policy-statement\/\"]}]},{\"@type\":\"BreadcrumbList\",\"@id\":\"https:\/\/www.unirufa.it\/servizi-e-facilities\/english-version-erasmus-policy-statement\/#breadcrumb\",\"itemListElement\":[{\"@type\":\"ListItem\",\"position\":1,\"name\":\"Home\",\"item\":\"https:\/\/www.unirufa.it\/\"},{\"@type\":\"ListItem\",\"position\":2,\"name\":\"Servizi e facilities\",\"item\":\"https:\/\/www.unirufa.it\/servizi-e-facilities\/\"},{\"@type\":\"ListItem\",\"position\":3,\"name\":\"Erasmus Policy Statement\"}]},{\"@type\":\"WebSite\",\"@id\":\"https:\/\/www.unirufa.it\/#website\",\"url\":\"https:\/\/www.unirufa.it\/\",\"name\":\"RUFA - Rome University of Fine Arts\",\"description\":\"\",\"potentialAction\":[{\"@type\":\"SearchAction\",\"target\":{\"@type\":\"EntryPoint\",\"urlTemplate\":\"https:\/\/www.unirufa.it\/?s={search_term_string}\"},\"query-input\":{\"@type\":\"PropertyValueSpecification\",\"valueRequired\":true,\"valueName\":\"search_term_string\"}}],\"inLanguage\":\"es\"}]}<\/script>\n<!-- \/ Yoast SEO plugin. -->","yoast_head_json":{"title":"Erasmus Policy Statement - RUFA - Rome University of Fine Arts","robots":{"index":"index","follow":"follow","max-snippet":"max-snippet:-1","max-image-preview":"max-image-preview:large","max-video-preview":"max-video-preview:-1"},"canonical":"https:\/\/www.unirufa.it\/servizi-e-facilities\/english-version-erasmus-policy-statement\/","og_locale":"es_ES","og_type":"article","og_title":"Erasmus Policy Statement - RUFA - Rome University of Fine Arts","og_description":"Erasmus Policy Statement RUFA, Rome University of Fine Arts, es un centro educativo multidisciplinar e internacional, legalmente reconocido por el Ministerio de Universidad e Investigaci\u00f3n. Pertenece al sistema de Educaci\u00f3n Superior de Arte y ofrece programas efectivos e innovadores de Licenciatura y Maestr\u00eda en Artes en los campos de Arte, Dise\u00f1o, Comunicaci\u00f3n y Medios de...","og_url":"https:\/\/www.unirufa.it\/servizi-e-facilities\/english-version-erasmus-policy-statement\/","og_site_name":"RUFA - Rome University of Fine Arts","article_modified_time":"2022-04-28T07:28:18+00:00","og_image":[{"width":230,"height":149,"url":"https:\/\/www.unirufa.it\/wp-content\/uploads\/2017\/11\/logo-rufa-2016.png","type":"image\/png"}],"twitter_misc":{"Tiempo de lectura":"11 minutos"},"schema":{"@context":"https:\/\/schema.org","@graph":[{"@type":"WebPage","@id":"https:\/\/www.unirufa.it\/servizi-e-facilities\/english-version-erasmus-policy-statement\/","url":"https:\/\/www.unirufa.it\/servizi-e-facilities\/english-version-erasmus-policy-statement\/","name":"Erasmus Policy Statement - RUFA - Rome University of Fine Arts","isPartOf":{"@id":"https:\/\/www.unirufa.it\/#website"},"datePublished":"2014-02-25T15:33:35+00:00","dateModified":"2022-04-28T07:28:18+00:00","breadcrumb":{"@id":"https:\/\/www.unirufa.it\/servizi-e-facilities\/english-version-erasmus-policy-statement\/#breadcrumb"},"inLanguage":"es","potentialAction":[{"@type":"ReadAction","target":["https:\/\/www.unirufa.it\/servizi-e-facilities\/english-version-erasmus-policy-statement\/"]}]},{"@type":"BreadcrumbList","@id":"https:\/\/www.unirufa.it\/servizi-e-facilities\/english-version-erasmus-policy-statement\/#breadcrumb","itemListElement":[{"@type":"ListItem","position":1,"name":"Home","item":"https:\/\/www.unirufa.it\/"},{"@type":"ListItem","position":2,"name":"Servizi e facilities","item":"https:\/\/www.unirufa.it\/servizi-e-facilities\/"},{"@type":"ListItem","position":3,"name":"Erasmus Policy Statement"}]},{"@type":"WebSite","@id":"https:\/\/www.unirufa.it\/#website","url":"https:\/\/www.unirufa.it\/","name":"RUFA - Rome University of Fine Arts","description":"","potentialAction":[{"@type":"SearchAction","target":{"@type":"EntryPoint","urlTemplate":"https:\/\/www.unirufa.it\/?s={search_term_string}"},"query-input":{"@type":"PropertyValueSpecification","valueRequired":true,"valueName":"search_term_string"}}],"inLanguage":"es"}]}},"_links":{"self":[{"href":"https:\/\/www.unirufa.it\/es\/wp-json\/wp\/v2\/pages\/2845","targetHints":{"allow":["GET"]}}],"collection":[{"href":"https:\/\/www.unirufa.it\/es\/wp-json\/wp\/v2\/pages"}],"about":[{"href":"https:\/\/www.unirufa.it\/es\/wp-json\/wp\/v2\/types\/page"}],"author":[{"embeddable":true,"href":"https:\/\/www.unirufa.it\/es\/wp-json\/wp\/v2\/users\/1"}],"replies":[{"embeddable":true,"href":"https:\/\/www.unirufa.it\/es\/wp-json\/wp\/v2\/comments?post=2845"}],"version-history":[{"count":23,"href":"https:\/\/www.unirufa.it\/es\/wp-json\/wp\/v2\/pages\/2845\/revisions"}],"predecessor-version":[{"id":70176,"href":"https:\/\/www.unirufa.it\/es\/wp-json\/wp\/v2\/pages\/2845\/revisions\/70176"}],"up":[{"embeddable":true,"href":"https:\/\/www.unirufa.it\/es\/wp-json\/wp\/v2\/pages\/1273"}],"wp:attachment":[{"href":"https:\/\/www.unirufa.it\/es\/wp-json\/wp\/v2\/media?parent=2845"}],"curies":[{"name":"wp","href":"https:\/\/api.w.org\/{rel}","templated":true}]}}