


{"id":32659,"date":"2020-09-23T11:32:23","date_gmt":"2020-09-23T09:32:23","guid":{"rendered":"https:\/\/www.unirufa.it\/?page_id=32659"},"modified":"2026-04-02T17:32:27","modified_gmt":"2026-04-02T15:32:27","slug":"rufa-open-day","status":"publish","type":"page","link":"https:\/\/www.unirufa.it\/es\/orientamento\/rufa-open-day\/","title":{"rendered":"RUFA Open Days"},"content":{"rendered":"<p class=\"qtranxs-available-languages-message qtranxs-available-languages-message-es\">Disculpa, pero esta entrada est\u00e1 disponible s\u00f3lo en <a href=\"https:\/\/www.unirufa.it\/it\/wp-json\/wp\/v2\/pages\/32659\" class=\"qtranxs-available-language-link qtranxs-available-language-link-it\" title=\"IT\">IT<\/a> y <a href=\"https:\/\/www.unirufa.it\/en\/wp-json\/wp\/v2\/pages\/32659\" class=\"qtranxs-available-language-link qtranxs-available-language-link-en\" title=\"EN\">EN<\/a>.<\/p><style>\n.digital-sma{display:none}<br \/>.carta{<br \/>width: 100%;<br \/>justify-content: center;<br \/>   height: auto;<br \/>   display: flex;<br \/>   flex-direction: column;<br \/>   padding: 40px;<br \/>   background-size: cover;<br \/>   background-position: bottom right;<br \/>   background-repeat: no-repeat;<br \/>   color: white;<br \/> min-height: 400px;<\/p>\n<p>}<br \/>.dk-none{display:none!important}<br \/>.padding-dk{padding: 20px 0px 20px 20px;}<br \/>.padding-dk-form{padding: 20px 0px 20px 0px;}<br \/>.icona{width: 30px; height: 30px;}<br \/>.right{padding-right: 5px!important}<br \/>.left{padding-left:5px}<br \/>.carta h2{margin:0!important}<br \/>.col-sm-9{padding:0!important}<br \/>@media (max-width: 600px) {<br \/>.digital-desktop{<br \/>padding-left:0!important;<br \/>  .carta{<br \/>    min-height: 320px;      \/* <-- pi\u00f9 bassa *\/<br \/>    justify-content: flex-start; \/* <-- niente centro verticale *\/<br \/>    padding: 20px;<br \/>    background-position: center right; \/* opzionale *\/<br \/> }<br \/>}<\/p>\n<p>.digital-sma{<br \/>display:block}<br \/>.right{padding-right: 0px}<br \/>.left{padding-left:0px}<br \/>.icona{width: 20px; height: 20px;}<br \/>.dk-none{display:block!important}<br \/>.padding-dk{padding: 20px 0px 20px 20px;}<br \/>.padding-dk-form{padding: 20px 0px 20px 0px;}<br \/>}<br \/>.row{margin-left:0}<br \/><\/style>\n<div class=\"col-md-12\" style=\"padding: 20px 0px 10px 0px;\">\n<div class=\"carta\" style=\"background-image: url('https:\/\/www.unirufa.it\/wp-content\/uploads\/2026\/01\/RUFA_OPEN-DAY_1440x600_2-scaled.webp');\">\n<div style=\"display: flex; align-items: center;\">\n<h2 style=\"line-height: 1; margin-bottom: 10px!important;\">OPEN DAYS<br \/>\n<span style=\"color: #ffffff;\">IN PRESENZA<\/span><\/h2>\n<\/div>\n<h5 style=\"margin: 0;\"><strong>12 settembre 2026<\/strong><\/h5>\n<p style=\"margin: 0;\"><span style=\"background-color: #d27579; color: white;\"><strong> Roma e Milano <\/strong><\/span><\/p>\n<p><a id=\"btn-cta\" class=\"download-btn full\" style=\"background-color: #ffffff; border-color: #ffffff; text-align: left; width: auto!important; padding: 5px; margin-top: 10px;\" href=\"#form\"><span style=\"color: #000000; margin: 3px 5px 3px 5px;\">SAVE THE DATE<\/span><\/a><\/p>\n<\/div>\n<div class=\"row\">\n<div class=\"col-sm-12 col-lg-12\" style=\"padding-left: 0; padding-top: 40px; margin-bottom: 20px;\">\n<p>La prossima data del RUFA Open Day \u00e8 prevista per il <strong>12 settembre 2026<\/strong>, presso le sedi di Roma e Milano.<\/p>\n<p>Le iscrizioni sono attualmente chiuse, ma potrai prenotare il tuo posto in prossimit\u00e0 dell\u2019evento.<\/p>\n<p>Il RUFA Open Day \u00e8 un\u2019occasione unica per <strong>vivere in prima persona<\/strong> cosa significa studiare in RUFA.<br \/>\nPotrai incontrare studenti, docenti e il team orientamento, confrontarti con le loro esperienze e fare tutte le domande che desideri.<\/p>\n<p>Potrai partecipare a workshop pratici, visitare gli spazi dell\u2019Accademia e immergerti nelle attivit\u00e0 che caratterizzano il percorso formativo.<\/p>\n<p>Nel frattempo, puoi prenotare in qualsiasi momento un appuntamento con il nostro team orientamento.<br \/>\nPotrai visitare il campus, ricevere informazioni personalizzate e chiarire ogni tuo dubbio.<\/p>\n<p><a href=\"https:\/\/www.unirufa.it\/prenota-un-incontro\/\" target=\"_blank\" rel=\"noopener\"><strong>Per prenotare un appuntamento senza impegno con il team orientamento, clicca QUI<\/strong><\/a>.<\/p>\n<\/div>\n<\/div>\n<div class=\"row\">\n<div class=\"col-sm-12 col-lg-10\" style=\"padding-left: 0; padding-top: 0px; margin-bottom: 0px;\">\n\n    <div class=\"panel-group\" id=\"accordion\" role=\"tablist\" aria-multiselectable=\"true\">\n        \n\n<article class=\"panel panel-default\" role=\"article\" itemscope itemtype=\"http:\/\/schema.org\/BlogPosting\">\n    <div class=\"panel-heading\" role=\"tab\" id=\"heading3\">\n\t    <h4 class=\"panel-title\">\n\t        <a class=\"collapsed\" role=\"button\" data-toggle=\"collapse\" data-parent=\"#accordion\" href=\"#collapse3\" aria-expanded=\"false\" aria-controls=\"collapse3\" itemprop=\"headline\"><strong> SCOPRI L'OFFERTA FORMATIVA RUFA A ROMA<\/strong>\t        \t<span class=\"courses\">\n                 \n\t        \t<\/span>\n\t        <\/a>\n\t    <\/h4>\n\t<\/div>\n<\/article>\n\n\n    <div id=\"collapse3\" class=\"panel-collapse collapse \" role=\"tabpanel\" aria-labelledby=\"heading3\">\n        <div class=\"panel-body\" itemprop=\"articleBody\">\n            <div class=\"item-description\">\n                \n<div class=\"row\">\n<div class=\"col-sm-12 col-lg-12\">\n<div class=\"su-accordion su-u-trim\"><div class=\"su-spoiler su-spoiler-style-default su-spoiler-icon-plus su-spoiler-closed\" data-scroll-offset=\"0\" data-anchor-in-url=\"no\"><div class=\"su-spoiler-title\" tabindex=\"0\" role=\"button\"><span class=\"su-spoiler-icon\"><\/span><strong>DIPLOMI ACCADEMICI TRIENNALI<\/strong><\/div><div class=\"su-spoiler-content su-u-clearfix su-u-trim\">\n<div class=\"col-sm-12 col-lg-12\" style=\"padding-left: 0;\">\n<p><a style=\"text-decoration: none;\" href=\"https:\/\/www.unirufa.it\/offerta-formativa\/corso-i-livello\/graphic-design\/\" target=\"_blank\" rel=\"noopener\"><span style=\"color: #007ac9;\"><strong>\u2022 GRAPHIC DESIGN<\/strong><\/span><\/a><br \/>\n<a style=\"text-decoration: none;\" href=\"https:\/\/www.unirufa.it\/offerta-formativa\/corso-i-livello\/comics-and-illustration\/\" target=\"_blank\" rel=\"noopener\"><span style=\"color: #007ac9;\"><strong>\u2022 GD &#8211; COMICS AND ILLUSTRATION<\/strong> <\/span><\/a><br \/>\n<a style=\"text-decoration: none;\" href=\"https:\/\/www.unirufa.it\/offerta-formativa\/corso-i-livello\/multimedia-and-game-art\/\" target=\"_blank\" rel=\"noopener\"><span style=\"color: #007ac9;\"><strong>\u2022 MULTIMEDIA AND GAME ART<\/strong><\/span><\/a><br \/>\n<a style=\"text-decoration: none;\" href=\"https:\/\/www.unirufa.it\/offerta-formativa\/corso-i-livello\/design\/\" target=\"_blank\" rel=\"noopener\"><span style=\"color: #00b450;\"><strong>\u2022 DESIGN<\/strong><\/span><\/a><br \/>\n<a style=\"text-decoration: none;\" href=\"https:\/\/www.unirufa.it\/offerta-formativa\/corso-i-livello\/fashion-design-sostenibile\/\" target=\"_blank\" rel=\"noopener\"><span style=\"color: #00b450;\"><strong>\u2022 FASHION DESIGN SOSTENIBILE<\/strong><\/span><\/a><\/p>\n<\/div>\n<div class=\"col-sm-12 col-lg-12\" style=\"padding-left: 0;\">\n<p><a style=\"text-decoration: none;\" href=\"https:\/\/www.unirufa.it\/offerta-formativa\/corsi-i-livello\/cinema\/\" target=\"_blank\" rel=\"noopener\"><span style=\"color: #f10032;\"><strong>\u2022 CINEMA<\/strong><\/span><\/a><br \/>\n<a style=\"text-decoration: none;\" href=\"https:\/\/www.unirufa.it\/offerta-formativa\/corsi-i-livello\/fotografia\/\" target=\"_blank\" rel=\"noopener\"><span style=\"color: #f10032;\"><strong>\u2022 FOTOGRAFIA E AUDIOVISIVO<\/strong><\/span><\/a><br \/>\n<a style=\"text-decoration: none;\" href=\"https:\/\/www.unirufa.it\/offerta-formativa\/corsi-i-livello\/scenografia\/\" target=\"_blank\" rel=\"noopener\"><span style=\"color: #00b450;\"><strong>\u2022 SCENOGRAFIA<\/strong><\/span><\/a><br \/>\n<a style=\"text-decoration: none;\" href=\"https:\/\/www.unirufa.it\/offerta-formativa\/corsi-i-livello\/pittura\/\" target=\"_blank\" rel=\"noopener\"><span style=\"color: #80379b;\"><strong>\u2022 PITTURA<\/strong><\/span><\/a><br \/>\n<a style=\"text-decoration: none;\" href=\"https:\/\/www.unirufa.it\/offerta-formativa\/corsi-i-livello\/scultura\" target=\"_blank\" rel=\"noopener\"><span style=\"color: #80379b;\"><strong>\u2022 SCULTURA E INSTALLAZIONE<\/strong><\/span><\/a><\/p>\n<\/div>\n<\/div><\/div><\/div>\n<div class=\"su-accordion su-u-trim\"><div class=\"su-spoiler su-spoiler-style-default su-spoiler-icon-plus su-spoiler-closed\" data-scroll-offset=\"0\" data-anchor-in-url=\"no\"><div class=\"su-spoiler-title\" tabindex=\"0\" role=\"button\"><span class=\"su-spoiler-icon\"><\/span><strong>DIPLOMI ACCADEMICI BIENNALI<\/strong><\/div><div class=\"su-spoiler-content su-u-clearfix su-u-trim\">\n<div class=\"col-sm-12 col-lg-12\" style=\"padding-left: 0;\">\n<p><a style=\"text-decoration: none;\" href=\"https:\/\/www.unirufa.it\/offerta-formativa\/corsi-ii-livello\/visual-and-innovation-design\/\" target=\"_blank\" rel=\"noopener\"><span style=\"color: #007ac9;\"><strong>\u2022 VISUAL AND INNOVATION DESIGN<\/strong><\/span><\/a><br \/>\n<a style=\"text-decoration: none;\" href=\"https:\/\/www.unirufa.it\/offerta-formativa\/corsi-ii-livello\/computer-animation-and-special-effects\/\" target=\"_blank\" rel=\"noopener\"><span style=\"color: #007ac9;\"><strong>\u2022 COMPUTER ANIMATION AND VISUAL EFFECTS<\/strong><\/span><\/a><br \/>\n<a style=\"text-decoration: none;\" href=\"https:\/\/www.unirufa.it\/offerta-formativa\/corsi-ii-livello\/tecnologie-e-progettazione-dello-spazio-multimediale\" target=\"_blank\" rel=\"noopener\"><span style=\"color: #00b450;\"><strong>\u2022 MULTIMEDIA DESIGN AND CREATIVE AI<\/strong><\/span><\/a><br \/>\n<a style=\"text-decoration: none;\" href=\"https:\/\/www.unirufa.it\/offerta-formativa\/corsi-ii-livello\/film-arts\" target=\"_blank\" rel=\"noopener\"><span style=\"color: #f10032;\"><strong>\u2022 FILM ARTS<\/strong><\/span><\/a><br \/>\n<a style=\"text-decoration: none;\" href=\"https:\/\/www.unirufa.it\/offerta-formativa\/corsi-ii-livello\/scenografia\" target=\"_blank\" rel=\"noopener\"><span style=\"color: #00b450;\"><strong>\u2022 SCENOGRAFIA<\/strong><\/span><\/a><br \/>\n<a style=\"text-decoration: none;\" href=\"https:\/\/www.unirufa.it\/offerta-formativa\/corsi-ii-livello\/fine-arts\/\" target=\"_blank\" rel=\"noopener\"><span style=\"color: #80379b;\"><strong>\u2022 FINE ARTS &#8211; PAINTING<\/strong><\/span><\/a><br \/>\n<a style=\"text-decoration: none;\" href=\"https:\/\/www.unirufa.it\/offerta-formativa\/corsi-ii-livello\/fine-arts\/\" target=\"_blank\" rel=\"noopener\"><span style=\"color: #80379b;\"><strong>\u2022 FINE ARTS &#8211; SCULPTURE<\/strong><\/span><\/a><br \/>\n<a style=\"text-decoration: none;\" href=\"https:\/\/www.unirufa.it\/offerta-formativa\/corsi-ii-livello\/fine-arts\/\" target=\"_blank\" rel=\"noopener\"><span style=\"color: #80379b;\"><strong>\u2022 FINE ARTS &#8211; PERFORMANCE<\/strong><\/span><\/a><br \/>\n<a style=\"text-decoration: none;\" href=\"https:\/\/www.unirufa.it\/offerta-formativa\/corsi-ii-livello\/fine-arts\/\" target=\"_blank\" rel=\"noopener\"><span style=\"color: #80379b;\"><strong>\u2022 FINE ARTS &#8211; PRINTMAKING<\/strong><\/span><\/a><\/p>\n<\/div>\n<\/div><\/div><\/div>\n<div class=\"su-accordion su-u-trim\"><div class=\"su-spoiler su-spoiler-style-default su-spoiler-icon-plus su-spoiler-closed\" data-scroll-offset=\"0\" data-anchor-in-url=\"no\"><div class=\"su-spoiler-title\" tabindex=\"0\" role=\"button\"><span class=\"su-spoiler-icon\"><\/span><strong>MASTER ACCADEMICI<\/strong><\/div><div class=\"su-spoiler-content su-u-clearfix su-u-trim\">\n<div class=\"col-sm-12 col-lg-12\" style=\"padding-left: 0;\">\n<p><a style=\"text-decoration: none;\" href=\"https:\/\/www.unirufa.it\/offerta-formativa\/master-accademici\/art-curating-and-management\/\" target=\"_blank\" rel=\"noopener\"><span style=\"color: #000000;\"><strong>\u2022 ART CURATING AND MANAGEMENT<\/strong><\/span><\/a><br \/>\n<a style=\"text-decoration: none;\" href=\"https:\/\/www.unirufa.it\/offerta-formativa\/master-accademici\/design-management\/\" target=\"_blank\" rel=\"noopener\"><span style=\"color: #000000;\"><strong>\u2022 DESIGN MANAGEMENT<\/strong><\/span><\/a><br \/>\n<a style=\"text-decoration: none;\" href=\"https:\/\/www.unirufa.it\/offerta-formativa\/master-accademici\/cinema-and-new-formats-production\/\" target=\"_blank\" rel=\"noopener\"><span style=\"color: #000000;\"><strong>\u2022 CINEMA AND NEW FORMATS PRODUCTION<\/strong><\/span><\/a><br \/>\n<a style=\"text-decoration: none;\" href=\"https:\/\/www.unirufa.it\/offerta-formativa\/master-accademici\/photography-and-italian-cultural-heritage\/\" target=\"_blank\" rel=\"noopener\"><span style=\"color: #000000;\"><strong>\u2022 PHOTOGRAPHY AND ITALIAN CULTURAL HERITAGE<\/strong><\/span><\/a><\/p>\n<\/div>\n<\/div><\/div><\/div>\n<div class=\"su-accordion su-u-trim\"><div class=\"su-spoiler su-spoiler-style-default su-spoiler-icon-plus su-spoiler-closed\" data-scroll-offset=\"0\" data-anchor-in-url=\"no\"><div class=\"su-spoiler-title\" tabindex=\"0\" role=\"button\"><span class=\"su-spoiler-icon\"><\/span><strong>CORSI BREVI E SUMMER ACADEMY - SEDE AUSONI<\/strong><\/div><div class=\"su-spoiler-content su-u-clearfix su-u-trim\">\n<p><a href=\"https:\/\/www.unirufa.it\/offerta-formativa\/corsi-brevi\/\" target=\"_blank\" rel=\"noopener\">Corsi Brevi<\/a><\/p>\n<p><a href=\"https:\/\/www.unirufa.it\/offerta-formativa\/summer-academy\/\" target=\"_blank\" rel=\"noopener\">Summer Academy<\/a><\/p>\n<\/div><\/div><\/div>\n<p>&nbsp;<\/p>\n<\/div>\n<\/div>\n<p>&nbsp;<\/p>\n            <\/div>\n        <\/div>\n    <\/div>\n    \n\n<article class=\"panel panel-default\" role=\"article\" itemscope itemtype=\"http:\/\/schema.org\/BlogPosting\">\n    <div class=\"panel-heading\" role=\"tab\" id=\"heading1\">\n\t    <h4 class=\"panel-title\">\n\t        <a class=\"collapsed\" role=\"button\" data-toggle=\"collapse\" data-parent=\"#accordion\" href=\"#collapse1\" aria-expanded=\"false\" aria-controls=\"collapse1\" itemprop=\"headline\"><strong>SCOPRI L'OFFERTA FORMATIVA RUFA A MILANO<\/strong>\t        \t<span class=\"courses\">\n                 \n\t        \t<\/span>\n\t        <\/a>\n\t    <\/h4>\n\t<\/div>\n<\/article>\n\n\n    <div id=\"collapse1\" class=\"panel-collapse collapse \" role=\"tabpanel\" aria-labelledby=\"heading1\">\n        <div class=\"panel-body\" itemprop=\"articleBody\">\n            <div class=\"item-description\">\n                \n<div class=\"row\">\n<div class=\"col-sm-12 col-lg-12\">\n<div class=\"su-accordion su-u-trim\"><div class=\"su-spoiler su-spoiler-style-default su-spoiler-icon-plus su-spoiler-closed\" data-scroll-offset=\"0\" data-anchor-in-url=\"no\"><div class=\"su-spoiler-title\" tabindex=\"0\" role=\"button\"><span class=\"su-spoiler-icon\"><\/span><strong>DIPLOMI ACCADEMICI TRIENNALI - Milano<\/strong><\/div><div class=\"su-spoiler-content su-u-clearfix su-u-trim\">\n<div class=\"col-sm-12 col-lg-12\" style=\"padding-left: 0;\">\n<p><a style=\"text-decoration: none;\" href=\"https:\/\/www.unirufa.it\/offerta-formativa\/corso-i-livello\/graphic-design\/\" target=\"_blank\" rel=\"noopener\"><span style=\"color: #007ac9;\"><strong>\u2022 GRAPHIC DESIGN<\/strong><\/span><\/a><br \/>\n<a style=\"text-decoration: none;\" href=\"https:\/\/www.unirufa.it\/offerta-formativa\/corso-i-livello\/comics-and-illustration\/\" target=\"_blank\" rel=\"noopener\"><span style=\"color: #007ac9;\"><strong>\u2022 GD &#8211; COMICS AND ILLUSTRATION<\/strong> <\/span><\/a><br \/>\n<a style=\"text-decoration: none;\" href=\"https:\/\/www.unirufa.it\/offerta-formativa\/corso-i-livello\/design\/\" target=\"_blank\" rel=\"noopener\"><span style=\"color: #00b450;\"><strong>\u2022 DESIGN<\/strong><\/span><\/a><br \/>\n<a style=\"text-decoration: none;\" href=\"https:\/\/www.unirufa.it\/offerta-formativa\/corsi-i-livello\/cinema\/\" target=\"_blank\" rel=\"noopener\"><span style=\"color: #f10032;\"><strong>\u2022 CINEMA<\/strong><\/span><\/a><\/p>\n<\/div>\n<\/div><\/div><\/div>\n<p>&nbsp;<\/p>\n<\/div>\n<\/div>\n            <\/div>\n        <\/div>\n    <\/div>\n    \n    <\/div>\n    \n<\/div>\n<\/div>\n<div class=\" hidden-xs hidden-sm hidden-md hidden-lg hidden-xl\">\n<div class=\"\">\n<div class=\"padding-dk-form col-sm-12 col-lg-12\">\n<h2>PRENOTA IL TUO POSTO<\/h2>\n<p><a name=\"form\"><\/a><\/p>\n\n\t\t\t\t\t<script>\n\t\t\t\t\t\twindow.hsFormsOnReady = window.hsFormsOnReady || [];\n\t\t\t\t\t\twindow.hsFormsOnReady.push(()=>{\n\t\t\t\t\t\t\thbspt.forms.create({\n\t\t\t\t\t\t\t\tportalId: 147413364,\n\t\t\t\t\t\t\t\tformId: \"88e97d5a-7da1-4e8e-89f7-6aa42824f8ed\",\n\t\t\t\t\t\t\t\ttarget: \"#hbspt-form-1775281125000-9794802336\",\n\t\t\t\t\t\t\t\tregion: \"eu1\",\n\t\t\t\t\t\t\t\t\n\t\t\t\t\t\t})});\n\t\t\t\t\t<\/script>\n\t\t\t\t\t<div class=\"hbspt-form\" id=\"hbspt-form-1775281125000-9794802336\"><\/div>\n<\/div>\n<\/div>\n<\/div>\n<div class=\"col-sm-12 col-lg-12\" style=\"padding-left: 0; padding-top: 40px; margin-bottom: 20px;\"><\/div>\n<h3>Rivivi gli ultimi Open Day<\/h3>\n<div class=\"col-sm-12 col-lg-4\" style=\"padding-left: 0; margin-bottom: 20px;\">\n<div class=\"video-container\"><iframe loading=\"lazy\" class=\"responsive-iframe\" src=\"https:\/\/www.youtube-nocookie.com\/embed\/OTlonUvyesg?si=AdDR2tNaWC319DH7\" width=\"460\" height=\"280\" frameborder=\"0\" allowfullscreen=\"allowfullscreen\"><\/iframe><\/div>\n<\/div>\n<div class=\"col-sm-12 col-lg-4\" style=\"padding-left: 0; margin-bottom: 20px;\">\n<div class=\"video-container\"><iframe loading=\"lazy\" class=\"responsive-iframe\" src=\"https:\/\/www.youtube-nocookie.com\/embed\/9oMr_rvfxAI?si=UXWL5H2uGUmyFdJV\" width=\"460\" height=\"280\" frameborder=\"0\" allowfullscreen=\"allowfullscreen\"><\/iframe><\/div>\n<\/div>\n<div class=\"col-sm-12 col-lg-4\" style=\"padding-left: 0; margin-bottom: 20px;\">\n<div class=\"video-container\"><iframe loading=\"lazy\" class=\"responsive-iframe\" src=\"https:\/\/www.youtube-nocookie.com\/embed\/wfi0ZdGrnFM?si=cetT5ci2RhpSKG2x\" width=\"460\" height=\"280\" frameborder=\"0\" allowfullscreen=\"allowfullscreen\"><\/iframe><\/div>\n<\/div>\n<\/div>\n<p>&nbsp;","protected":false},"excerpt":{"rendered":"<p>Disculpa, pero esta entrada est\u00e1 disponible s\u00f3lo en IT y EN. OPEN DAYS IN PRESENZA 12 settembre 2026 Roma e Milano SAVE THE DATE La prossima data del RUFA Open Day \u00e8 prevista per il 12 settembre 2026, presso le sedi di Roma e Milano. Le iscrizioni sono attualmente chiuse, ma potrai prenotare il tuo&#8230;<\/p>\n","protected":false},"author":28,"featured_media":0,"parent":48672,"menu_order":0,"comment_status":"closed","ping_status":"closed","template":"","meta":{"content-type":"","footnotes":""},"class_list":["post-32659","page","type-page","status-publish","hentry"],"yoast_head":"<!-- This site is optimized with the Yoast SEO plugin v24.2 - https:\/\/yoast.com\/wordpress\/plugins\/seo\/ -->\n<title>RUFA Open Day<\/title>\n<meta name=\"description\" content=\"RUFA open Day: l&#039;evento per scoprire la nostra offerta formativa, per iniziare il tuo viaggio con noi. Iscriviti ora.\" \/>\n<meta name=\"robots\" content=\"index, follow, max-snippet:-1, max-image-preview:large, max-video-preview:-1\" \/>\n<link rel=\"canonical\" href=\"https:\/\/www.unirufa.it\/orientamento\/rufa-open-day\/\" \/>\n<meta property=\"og:locale\" content=\"es_ES\" \/>\n<meta property=\"og:type\" content=\"article\" \/>\n<meta property=\"og:title\" content=\"[:it]Open Day Accademia Belle Arti a Roma - RUFA[:en]RUFA Open Day[:es]RUFA Open Day[:]\" \/>\n<meta property=\"og:description\" content=\"{:it}RUFA open Day: l&#039;evento per scoprire la nostra offerta formativa, per iniziare il tuo viaggio con noi. Iscriviti ora. {:en}RUFA Open Day\" \/>\n<meta property=\"og:url\" content=\"https:\/\/www.unirufa.it\/orientamento\/rufa-open-day\/\" \/>\n<meta property=\"og:site_name\" content=\"RUFA - Rome University of Fine Arts\" \/>\n<meta property=\"article:modified_time\" content=\"2026-04-02T15:32:27+00:00\" \/>\n<meta property=\"og:image\" content=\"https:\/\/www.unirufa.it\/wp-content\/uploads\/2017\/11\/logo-rufa-2016.png\" \/>\n\t<meta property=\"og:image:width\" content=\"230\" \/>\n\t<meta property=\"og:image:height\" content=\"149\" \/>\n\t<meta property=\"og:image:type\" content=\"image\/png\" \/>\n<meta name=\"twitter:label1\" content=\"Tiempo de lectura\" \/>\n\t<meta name=\"twitter:data1\" content=\"2 minutos\" \/>\n<script type=\"application\/ld+json\" class=\"yoast-schema-graph\">{\"@context\":\"https:\/\/schema.org\",\"@graph\":[{\"@type\":\"WebPage\",\"@id\":\"https:\/\/www.unirufa.it\/orientamento\/rufa-open-day\/\",\"url\":\"https:\/\/www.unirufa.it\/orientamento\/rufa-open-day\/\",\"name\":\"[:it]Open Day Accademia Belle Arti a Roma - RUFA[:en]RUFA Open Day[:es]RUFA Open Day[:]\",\"isPartOf\":{\"@id\":\"https:\/\/www.unirufa.it\/#website\"},\"datePublished\":\"2020-09-23T09:32:23+00:00\",\"dateModified\":\"2026-04-02T15:32:27+00:00\",\"description\":\"{:it}RUFA open Day: l'evento per scoprire la nostra offerta formativa, per iniziare il tuo viaggio con noi. Iscriviti ora. {:en}RUFA Open Day\",\"breadcrumb\":{\"@id\":\"https:\/\/www.unirufa.it\/orientamento\/rufa-open-day\/#breadcrumb\"},\"inLanguage\":\"es\",\"potentialAction\":[{\"@type\":\"ReadAction\",\"target\":[\"https:\/\/www.unirufa.it\/orientamento\/rufa-open-day\/\"]}]},{\"@type\":\"BreadcrumbList\",\"@id\":\"https:\/\/www.unirufa.it\/orientamento\/rufa-open-day\/#breadcrumb\",\"itemListElement\":[{\"@type\":\"ListItem\",\"position\":1,\"name\":\"Home\",\"item\":\"https:\/\/www.unirufa.it\/\"},{\"@type\":\"ListItem\",\"position\":2,\"name\":\"Orientamento\",\"item\":\"https:\/\/www.unirufa.it\/orientamento\/\"},{\"@type\":\"ListItem\",\"position\":3,\"name\":\"RUFA Open Days\"}]},{\"@type\":\"WebSite\",\"@id\":\"https:\/\/www.unirufa.it\/#website\",\"url\":\"https:\/\/www.unirufa.it\/\",\"name\":\"RUFA - Rome University of Fine Arts\",\"description\":\"\",\"potentialAction\":[{\"@type\":\"SearchAction\",\"target\":{\"@type\":\"EntryPoint\",\"urlTemplate\":\"https:\/\/www.unirufa.it\/?s={search_term_string}\"},\"query-input\":{\"@type\":\"PropertyValueSpecification\",\"valueRequired\":true,\"valueName\":\"search_term_string\"}}],\"inLanguage\":\"es\"}]}<\/script>\n<!-- \/ Yoast SEO plugin. -->","yoast_head_json":{"title":"RUFA Open Day","description":"RUFA open Day: l'evento per scoprire la nostra offerta formativa, per iniziare il tuo viaggio con noi. Iscriviti ora.","robots":{"index":"index","follow":"follow","max-snippet":"max-snippet:-1","max-image-preview":"max-image-preview:large","max-video-preview":"max-video-preview:-1"},"canonical":"https:\/\/www.unirufa.it\/orientamento\/rufa-open-day\/","og_locale":"es_ES","og_type":"article","og_title":"[:it]Open Day Accademia Belle Arti a Roma - RUFA[:en]RUFA Open Day[:es]RUFA Open Day[:]","og_description":"{:it}RUFA open Day: l'evento per scoprire la nostra offerta formativa, per iniziare il tuo viaggio con noi. Iscriviti ora. {:en}RUFA Open Day","og_url":"https:\/\/www.unirufa.it\/orientamento\/rufa-open-day\/","og_site_name":"RUFA - Rome University of Fine Arts","article_modified_time":"2026-04-02T15:32:27+00:00","og_image":[{"width":230,"height":149,"url":"https:\/\/www.unirufa.it\/wp-content\/uploads\/2017\/11\/logo-rufa-2016.png","type":"image\/png"}],"twitter_misc":{"Tiempo de lectura":"2 minutos"},"schema":{"@context":"https:\/\/schema.org","@graph":[{"@type":"WebPage","@id":"https:\/\/www.unirufa.it\/orientamento\/rufa-open-day\/","url":"https:\/\/www.unirufa.it\/orientamento\/rufa-open-day\/","name":"[:it]Open Day Accademia Belle Arti a Roma - RUFA[:en]RUFA Open Day[:es]RUFA Open Day[:]","isPartOf":{"@id":"https:\/\/www.unirufa.it\/#website"},"datePublished":"2020-09-23T09:32:23+00:00","dateModified":"2026-04-02T15:32:27+00:00","description":"{:it}RUFA open Day: l'evento per scoprire la nostra offerta formativa, per iniziare il tuo viaggio con noi. Iscriviti ora. {:en}RUFA Open Day","breadcrumb":{"@id":"https:\/\/www.unirufa.it\/orientamento\/rufa-open-day\/#breadcrumb"},"inLanguage":"es","potentialAction":[{"@type":"ReadAction","target":["https:\/\/www.unirufa.it\/orientamento\/rufa-open-day\/"]}]},{"@type":"BreadcrumbList","@id":"https:\/\/www.unirufa.it\/orientamento\/rufa-open-day\/#breadcrumb","itemListElement":[{"@type":"ListItem","position":1,"name":"Home","item":"https:\/\/www.unirufa.it\/"},{"@type":"ListItem","position":2,"name":"Orientamento","item":"https:\/\/www.unirufa.it\/orientamento\/"},{"@type":"ListItem","position":3,"name":"RUFA Open Days"}]},{"@type":"WebSite","@id":"https:\/\/www.unirufa.it\/#website","url":"https:\/\/www.unirufa.it\/","name":"RUFA - Rome University of Fine Arts","description":"","potentialAction":[{"@type":"SearchAction","target":{"@type":"EntryPoint","urlTemplate":"https:\/\/www.unirufa.it\/?s={search_term_string}"},"query-input":{"@type":"PropertyValueSpecification","valueRequired":true,"valueName":"search_term_string"}}],"inLanguage":"es"}]}},"_links":{"self":[{"href":"https:\/\/www.unirufa.it\/es\/wp-json\/wp\/v2\/pages\/32659","targetHints":{"allow":["GET"]}}],"collection":[{"href":"https:\/\/www.unirufa.it\/es\/wp-json\/wp\/v2\/pages"}],"about":[{"href":"https:\/\/www.unirufa.it\/es\/wp-json\/wp\/v2\/types\/page"}],"author":[{"embeddable":true,"href":"https:\/\/www.unirufa.it\/es\/wp-json\/wp\/v2\/users\/28"}],"replies":[{"embeddable":true,"href":"https:\/\/www.unirufa.it\/es\/wp-json\/wp\/v2\/comments?post=32659"}],"version-history":[{"count":529,"href":"https:\/\/www.unirufa.it\/es\/wp-json\/wp\/v2\/pages\/32659\/revisions"}],"predecessor-version":[{"id":152596,"href":"https:\/\/www.unirufa.it\/es\/wp-json\/wp\/v2\/pages\/32659\/revisions\/152596"}],"up":[{"embeddable":true,"href":"https:\/\/www.unirufa.it\/es\/wp-json\/wp\/v2\/pages\/48672"}],"wp:attachment":[{"href":"https:\/\/www.unirufa.it\/es\/wp-json\/wp\/v2\/media?parent=32659"}],"curies":[{"name":"wp","href":"https:\/\/api.w.org\/{rel}","templated":true}]}}