


{"id":3362,"date":"2014-06-24T11:34:01","date_gmt":"2014-06-24T11:34:01","guid":{"rendered":"http:\/\/www.unirufa.it\/?page_id=3362"},"modified":"2025-05-28T09:13:49","modified_gmt":"2025-05-28T07:13:49","slug":"nucleo-di-valutazione","status":"publish","type":"page","link":"https:\/\/www.unirufa.it\/es\/accademia-2\/sistema-di-valutazione\/nucleo-di-valutazione\/","title":{"rendered":"Junta de Evaluaci\u00f3n"},"content":{"rendered":"La Junta de Evaluaci\u00f3n de la RUFA es el \u00f3rgano necesario para la fundaci\u00f3n de la Academia, de conformidad con el art\u00edculo 4, coma 1 letra f) del reglamento que regula los criterios relativos a la autonom\u00eda estatutaria, reglamentaria y organizativa de los Institutos art\u00edsticos y musicales, seg\u00fan lo dispuesto en el Decreto Presidencial n. 132 de 28<a title=\" \" href=\"http:\/\/www.traplana.com\/trip\/plan\/?id=1114054\">de febrero de 2003,<\/a> n. 132, e incorporado al Estatuto de Autonom\u00eda de la Academia en virtud del art\u00edculo 11, que se reproduce a continuaci\u00f3n.<br \/>\nLa Junta de Evaluaci\u00f3n de la RUFA es el \u00f3rgano necesario para la fundaci\u00f3n de la Academia, de conformidad con el art\u00edculo 4, coma 1 letra f) del reglamento que regula los criterios relativos a la autonom\u00eda estatutaria, reglamentaria y organizativa de los Institutos art\u00edsticos y musicales, seg\u00fan lo dispuesto en el Decreto Presidencial n. 132 de 28 de febrero de 2003, e incorporado al Estatuto de Autonom\u00eda de la Academia en virtud del art\u00edculo 11, que se reproduce a continuaci\u00f3n.<\/p>\n<p>1. La Academia adoptar\u00e1 un sistema interno de evaluaci\u00f3n de las actividades docentes y de investigaci\u00f3n, de las intervenciones de apoyo al derecho de estudio y de la gesti\u00f3n administrativa, de conformidad con los procedimientos descritos en el Sistema de Gesti\u00f3n de la Calidad UNI ENISO 9001:2008 y las normas ministeriales vigentes.<br \/>\n2. Las funciones de evaluaci\u00f3n mencionadas ser\u00e1n llevadas a cabo por un \u00f3rgano colegiado denominado Junta de Evaluaci\u00f3n, nombrado por el Director tras consultar con la Junta Acad\u00e9mica.<br \/>\n3. La Academia garantiza a la Junta de Evaluaci\u00f3n el derecho de acceso a los datos e informaciones necesarios y la publicaci\u00f3n y difusi\u00f3n de los actos, de conformidad con la normativa de protecci\u00f3n de la privacidad.<br \/>\n4. Con el fin de garantizar los datos adecuados para las encuestas estad\u00edsticas, la Academia supervisar\u00e1 anualmente los datos relativos a la matriculaci\u00f3n y las carreras de los estudiantes y el ingreso de los graduados al campo laboral. Pedir\u00e1 a los estudiantes que completen cuestionarios de evaluaci\u00f3n de las distintas \u00e1reas de estudio, actividades adicionales y servicios generales, adem\u00e1s de la ense\u00f1anza. Tambi\u00e9n pedir\u00e1 a las empresas participantes que respondan a los cuestionarios sobre el nivel de preparaci\u00f3n de los estudiantes.<br \/>\n5. La Junta de Evaluaci\u00f3n esta compuesta por 3 miembros con experiencia profesional demostrable.<br \/>\n6. La Junta de Evaluaci\u00f3n de la RUFA, al redactar sus informes anuales, se ha remitido, a t\u00edtulo experimental, al marco establecido por la Agencia Nacional Italiana de Evaluaci\u00f3n e Investigaci\u00f3n Universitaria (ANVUR), creada con la Ley N\u00ba 286 de 24 de noviembre de 2006, art\u00edculo 2, comas 138, 139 y 140 y las normas establecidas en el Decreto Presidencial N\u00ba 76 de 1\u00ba de febrero de 2010, relativas a la determinaci\u00f3n de los criterios generales de evaluaci\u00f3n con arreglo al art\u00edculo 10, coma 2, letra b) del Decreto Presidencial 132\/03. El mencionado marco general, elaborado por un grupo de trabajo formado para el prop\u00f3sito espec\u00edfico, tiene la tarea de fotografiar la informaci\u00f3n general y detallada que se considera \u00fatil para un an\u00e1lisis comparativo de los datos que surgen de las instituciones registradas, por diversas razones, en el sistema de la AFAM.<\/p>\n<h3>Miembros<\/h3>\n<p>La Junta de Evaluaci\u00f3n de la RUFA se constituy\u00f3 por resoluci\u00f3n de la Junta Directiva el 17 de diciembre de 2012 y est\u00e1 integrada por<br \/>\nDr. Roberto Morese &#8211; Presidente<br \/>\nEng. Alessandro Lepori &#8211; Experto externo<br \/>\nProf. Alessio Cremisini &#8211; Componente interno<\/p>\n<h5>Sede central de Roma<\/h5>\n<p><a class=\"download-btn\" href=\"https:\/\/www.unirufa.it\/wp-content\/uploads\/2021\/11\/NdV-RELAZIONE-ANNUALE-2013-2014-RUFA_compressed.pdf\" target=\"_blank\" rel=\"noopener noreferrer\">Informe NdV A.A. 2013\/2014<\/a><a class=\"download-btn\" href=\"https:\/\/www.unirufa.it\/wp-content\/uploads\/2021\/11\/RELAZIONE-NUCLEO-VALUTAZIONE-2014-2015-Finale_compressed.pdf\" target=\"_blank\" rel=\"noopener noreferrer\">Informe NdV A.A. 2014\/2015<\/a><a class=\"download-btn\" href=\"https:\/\/www.unirufa.it\/wp-content\/uploads\/2018\/04\/RELAZIONE-NUCLEO_DI_VALUTAZIONE_2015-2016.pdf\" target=\"_blank\" rel=\"noopener noreferrer\">Informe NdV A.A. 2015\/2016<\/a><a class=\"download-btn\" href=\"https:\/\/www.unirufa.it\/wp-content\/uploads\/2014\/06\/NDV-RELAZIONE_ANNUALE_2016-2017.pdf\" target=\"_blank\" rel=\"noopener noreferrer\">Informe NdV A.A. 2016\/2017<\/a><a class=\"download-btn\" href=\"https:\/\/www.unirufa.it\/wp-content\/uploads\/2019\/09\/NDV-RELAZIONE_ANNUALE_2017-2018.pdf\" target=\"_blank\" rel=\"noopener noreferrer\">Informe NdV A.A. 2017\/2018<\/a><a class=\"download-btn\" href=\"https:\/\/www.dropbox.com\/s\/o8o0i4b720xe4wm\/NDV%20-%20RELAZIONE%20ANNUALE%202018-2019%20-%20Finale.pdf?dl=0\" target=\"_blank\" rel=\"noopener noreferrer\">Informe NdV A.A. 2018\/2019<\/a><a class=\"download-btn\" href=\"https:\/\/www.unirufa.it\/wp-content\/uploads\/2022\/09\/Relazione-Nucleo-di-Valutazione-2020.2021.pdf\" target=\"_blank\" rel=\"noopener noreferrer\">Informe NdV A.A. 2020\/2021<\/a><a class=\"download-btn\" href=\"https:\/\/www.unirufa.it\/wp-content\/uploads\/2023\/05\/Relazione_Nucleo_ACCROMA-2021-2022.pdf\" target=\"_blank\" rel=\"noopener noreferrer\">Informe NdV A.A. 2021\/2022<\/a><a class=\"download-btn\" href=\"https:\/\/www.unirufa.it\/wp-content\/uploads\/2025\/03\/Relazione_Nucleo_ACCROMANU24.pdf\" target=\"_blank\" rel=\"noopener noreferrer\">Informe NdV A.A. 2022\/2023<\/a><a class=\"download-btn\" href=\"https:\/\/www.unirufa.it\/wp-content\/uploads\/2025\/05\/Relazione_Nucleo_ACCROMA-2025.pdf\" target=\"_blank\" rel=\"noopener noreferrer\">Informe NdV A.A. 2023\/2024<\/a><\/p>\n<p>&nbsp;<\/p>\n<h5>Sede descentralizada de Mil\u00e1n<\/h5>\n<p><a class=\"download-btn\" href=\"https:\/\/www.unirufa.it\/wp-content\/uploads\/2025\/05\/Relazione_Nucleo_ACCRUFAMI-2024.pdf\" target=\"_blank\" rel=\"noopener noreferrer\">Informe NdV de Mil\u00e1n A.A.2022\/2023<\/a><a class=\"download-btn\" href=\"https:\/\/www.unirufa.it\/wp-content\/uploads\/2025\/05\/Relazione_Nucleo_ACCRUFAMI-2025.pdf\" target=\"_blank\" rel=\"noopener noreferrer\">Informe NdV de Mil\u00e1n A.A.2023\/2024<\/a><\/p>\n<p>&nbsp;","protected":false},"excerpt":{"rendered":"<p>La Junta de Evaluaci\u00f3n de la RUFA es el \u00f3rgano necesario para la fundaci\u00f3n de la Academia, de conformidad con el art\u00edculo 4, coma 1 letra f) del reglamento que regula los criterios relativos a la autonom\u00eda estatutaria, reglamentaria y organizativa de los Institutos art\u00edsticos y musicales, seg\u00fan lo dispuesto en el Decreto Presidencial n&#8230;.<\/p>\n","protected":false},"author":1,"featured_media":0,"parent":10295,"menu_order":0,"comment_status":"closed","ping_status":"closed","template":"","meta":{"content-type":"","footnotes":""},"class_list":["post-3362","page","type-page","status-publish","hentry"],"yoast_head":"<!-- This site is optimized with the Yoast SEO plugin v24.2 - https:\/\/yoast.com\/wordpress\/plugins\/seo\/ -->\n<title>Nucleo di Valutazione Accademia Belle Arti Roma - RUFA<\/title>\n<meta name=\"description\" content=\"Il Nucleo di Valutazione dell\u2019Accademia RUFA \u00e8 organo necessario\u00a0dell\u2019Istituzione ai sensi dell\u2019articolo 4 comma 1 lettera f) del regola...\" \/>\n<meta name=\"robots\" content=\"index, follow, max-snippet:-1, max-image-preview:large, max-video-preview:-1\" \/>\n<link rel=\"canonical\" href=\"https:\/\/www.unirufa.it\/accademia-2\/sistema-di-valutazione\/nucleo-di-valutazione\/\" \/>\n<meta property=\"og:locale\" content=\"es_ES\" \/>\n<meta property=\"og:type\" content=\"article\" \/>\n<meta property=\"og:title\" content=\"[:it]Nucleo di Valutazione Accademia Belle Arti Roma - RUFA[:]\" \/>\n<meta property=\"og:description\" content=\"{:it}Il Nucleo di Valutazione dell\u2019Accademia RUFA \u00e8 organo necessario\u00a0dell\u2019Istituzione ai sensi dell\u2019articolo 4 comma 1 lettera f) del regola...{:}\" \/>\n<meta property=\"og:url\" content=\"https:\/\/www.unirufa.it\/accademia-2\/sistema-di-valutazione\/nucleo-di-valutazione\/\" \/>\n<meta property=\"og:site_name\" content=\"RUFA - Rome University of Fine Arts\" \/>\n<meta property=\"article:modified_time\" content=\"2025-05-28T07:13:49+00:00\" \/>\n<meta property=\"og:image\" content=\"https:\/\/www.unirufa.it\/wp-content\/uploads\/2017\/11\/logo-rufa-2016.png\" \/>\n\t<meta property=\"og:image:width\" content=\"230\" \/>\n\t<meta property=\"og:image:height\" content=\"149\" \/>\n\t<meta property=\"og:image:type\" content=\"image\/png\" \/>\n<meta name=\"twitter:label1\" content=\"Tiempo de lectura\" \/>\n\t<meta name=\"twitter:data1\" content=\"9 minutos\" \/>\n<script type=\"application\/ld+json\" class=\"yoast-schema-graph\">{\"@context\":\"https:\/\/schema.org\",\"@graph\":[{\"@type\":\"WebPage\",\"@id\":\"https:\/\/www.unirufa.it\/accademia-2\/sistema-di-valutazione\/nucleo-di-valutazione\/\",\"url\":\"https:\/\/www.unirufa.it\/accademia-2\/sistema-di-valutazione\/nucleo-di-valutazione\/\",\"name\":\"[:it]Nucleo di Valutazione Accademia Belle Arti Roma - RUFA[:]\",\"isPartOf\":{\"@id\":\"https:\/\/www.unirufa.it\/#website\"},\"datePublished\":\"2014-06-24T11:34:01+00:00\",\"dateModified\":\"2025-05-28T07:13:49+00:00\",\"description\":\"{:it}Il Nucleo di Valutazione dell\u2019Accademia RUFA \u00e8 organo necessario\u00a0dell\u2019Istituzione ai sensi dell\u2019articolo 4 comma 1 lettera f) del regola...{:}\",\"breadcrumb\":{\"@id\":\"https:\/\/www.unirufa.it\/accademia-2\/sistema-di-valutazione\/nucleo-di-valutazione\/#breadcrumb\"},\"inLanguage\":\"es\",\"potentialAction\":[{\"@type\":\"ReadAction\",\"target\":[\"https:\/\/www.unirufa.it\/accademia-2\/sistema-di-valutazione\/nucleo-di-valutazione\/\"]}]},{\"@type\":\"BreadcrumbList\",\"@id\":\"https:\/\/www.unirufa.it\/accademia-2\/sistema-di-valutazione\/nucleo-di-valutazione\/#breadcrumb\",\"itemListElement\":[{\"@type\":\"ListItem\",\"position\":1,\"name\":\"Home\",\"item\":\"https:\/\/www.unirufa.it\/\"},{\"@type\":\"ListItem\",\"position\":2,\"name\":\"Accademia\",\"item\":\"https:\/\/www.unirufa.it\/accademia-2\/\"},{\"@type\":\"ListItem\",\"position\":3,\"name\":\"Evaluation system\",\"item\":\"https:\/\/www.unirufa.it\/en\/accademia-2\/sistema-di-valutazione\/\"},{\"@type\":\"ListItem\",\"position\":4,\"name\":\"Nucleo di valutazione\"}]},{\"@type\":\"WebSite\",\"@id\":\"https:\/\/www.unirufa.it\/#website\",\"url\":\"https:\/\/www.unirufa.it\/\",\"name\":\"RUFA - Rome University of Fine Arts\",\"description\":\"\",\"potentialAction\":[{\"@type\":\"SearchAction\",\"target\":{\"@type\":\"EntryPoint\",\"urlTemplate\":\"https:\/\/www.unirufa.it\/?s={search_term_string}\"},\"query-input\":{\"@type\":\"PropertyValueSpecification\",\"valueRequired\":true,\"valueName\":\"search_term_string\"}}],\"inLanguage\":\"es\"}]}<\/script>\n<!-- \/ Yoast SEO plugin. -->","yoast_head_json":{"title":"Nucleo di Valutazione Accademia Belle Arti Roma - RUFA","description":"Il Nucleo di Valutazione dell\u2019Accademia RUFA \u00e8 organo necessario\u00a0dell\u2019Istituzione ai sensi dell\u2019articolo 4 comma 1 lettera f) del regola...","robots":{"index":"index","follow":"follow","max-snippet":"max-snippet:-1","max-image-preview":"max-image-preview:large","max-video-preview":"max-video-preview:-1"},"canonical":"https:\/\/www.unirufa.it\/accademia-2\/sistema-di-valutazione\/nucleo-di-valutazione\/","og_locale":"es_ES","og_type":"article","og_title":"[:it]Nucleo di Valutazione Accademia Belle Arti Roma - RUFA[:]","og_description":"{:it}Il Nucleo di Valutazione dell\u2019Accademia RUFA \u00e8 organo necessario\u00a0dell\u2019Istituzione ai sensi dell\u2019articolo 4 comma 1 lettera f) del regola...{:}","og_url":"https:\/\/www.unirufa.it\/accademia-2\/sistema-di-valutazione\/nucleo-di-valutazione\/","og_site_name":"RUFA - Rome University of Fine Arts","article_modified_time":"2025-05-28T07:13:49+00:00","og_image":[{"width":230,"height":149,"url":"https:\/\/www.unirufa.it\/wp-content\/uploads\/2017\/11\/logo-rufa-2016.png","type":"image\/png"}],"twitter_misc":{"Tiempo de lectura":"9 minutos"},"schema":{"@context":"https:\/\/schema.org","@graph":[{"@type":"WebPage","@id":"https:\/\/www.unirufa.it\/accademia-2\/sistema-di-valutazione\/nucleo-di-valutazione\/","url":"https:\/\/www.unirufa.it\/accademia-2\/sistema-di-valutazione\/nucleo-di-valutazione\/","name":"[:it]Nucleo di Valutazione Accademia Belle Arti Roma - RUFA[:]","isPartOf":{"@id":"https:\/\/www.unirufa.it\/#website"},"datePublished":"2014-06-24T11:34:01+00:00","dateModified":"2025-05-28T07:13:49+00:00","description":"{:it}Il Nucleo di Valutazione dell\u2019Accademia RUFA \u00e8 organo necessario\u00a0dell\u2019Istituzione ai sensi dell\u2019articolo 4 comma 1 lettera f) del regola...{:}","breadcrumb":{"@id":"https:\/\/www.unirufa.it\/accademia-2\/sistema-di-valutazione\/nucleo-di-valutazione\/#breadcrumb"},"inLanguage":"es","potentialAction":[{"@type":"ReadAction","target":["https:\/\/www.unirufa.it\/accademia-2\/sistema-di-valutazione\/nucleo-di-valutazione\/"]}]},{"@type":"BreadcrumbList","@id":"https:\/\/www.unirufa.it\/accademia-2\/sistema-di-valutazione\/nucleo-di-valutazione\/#breadcrumb","itemListElement":[{"@type":"ListItem","position":1,"name":"Home","item":"https:\/\/www.unirufa.it\/"},{"@type":"ListItem","position":2,"name":"Accademia","item":"https:\/\/www.unirufa.it\/accademia-2\/"},{"@type":"ListItem","position":3,"name":"Evaluation system","item":"https:\/\/www.unirufa.it\/en\/accademia-2\/sistema-di-valutazione\/"},{"@type":"ListItem","position":4,"name":"Nucleo di valutazione"}]},{"@type":"WebSite","@id":"https:\/\/www.unirufa.it\/#website","url":"https:\/\/www.unirufa.it\/","name":"RUFA - Rome University of Fine Arts","description":"","potentialAction":[{"@type":"SearchAction","target":{"@type":"EntryPoint","urlTemplate":"https:\/\/www.unirufa.it\/?s={search_term_string}"},"query-input":{"@type":"PropertyValueSpecification","valueRequired":true,"valueName":"search_term_string"}}],"inLanguage":"es"}]}},"_links":{"self":[{"href":"https:\/\/www.unirufa.it\/es\/wp-json\/wp\/v2\/pages\/3362","targetHints":{"allow":["GET"]}}],"collection":[{"href":"https:\/\/www.unirufa.it\/es\/wp-json\/wp\/v2\/pages"}],"about":[{"href":"https:\/\/www.unirufa.it\/es\/wp-json\/wp\/v2\/types\/page"}],"author":[{"embeddable":true,"href":"https:\/\/www.unirufa.it\/es\/wp-json\/wp\/v2\/users\/1"}],"replies":[{"embeddable":true,"href":"https:\/\/www.unirufa.it\/es\/wp-json\/wp\/v2\/comments?post=3362"}],"version-history":[{"count":53,"href":"https:\/\/www.unirufa.it\/es\/wp-json\/wp\/v2\/pages\/3362\/revisions"}],"predecessor-version":[{"id":145371,"href":"https:\/\/www.unirufa.it\/es\/wp-json\/wp\/v2\/pages\/3362\/revisions\/145371"}],"up":[{"embeddable":true,"href":"https:\/\/www.unirufa.it\/es\/wp-json\/wp\/v2\/pages\/10295"}],"wp:attachment":[{"href":"https:\/\/www.unirufa.it\/es\/wp-json\/wp\/v2\/media?parent=3362"}],"curies":[{"name":"wp","href":"https:\/\/api.w.org\/{rel}","templated":true}]}}