


{"id":36388,"date":"2021-01-19T11:33:15","date_gmt":"2021-01-19T10:33:15","guid":{"rendered":"https:\/\/www.unirufa.it\/?page_id=36388"},"modified":"2025-01-21T11:17:10","modified_gmt":"2025-01-21T10:17:10","slug":"internazionale","status":"publish","type":"page","link":"https:\/\/www.unirufa.it\/es\/internazionale\/","title":{"rendered":"Internacionalizaci\u00f3n"},"content":{"rendered":"RUFA &#8211; La Universidad de Bellas Artes de Roma es un centro multidisciplinar e internacional en constante crecimiento que potencia sus capacidades creativas para desarrollar proyectos orientados a la investigaci\u00f3n, el intercambio de conocimientos y la mejora de las metodolog\u00edas de aprendizaje. El objetivo es ampliar las interacciones y los conocimientos t\u00e9cnicos entre alumnos y profesores. RUFA es miembro de pleno derecho de <strong>CUMULUS<\/strong>, la asociaci\u00f3n que conecta las mejores instituciones universitarias y acad\u00e9micas de dise\u00f1o y arte del mundo. La RUFA, a trav\u00e9s de CUMULUS, se compromete a contribuir al progreso y a la innovaci\u00f3n de la alta formaci\u00f3n art\u00edstica, gracias tambi\u00e9n a la posibilidad de cooperar con instituciones extranjeras en las diferentes formas de intercambio existentes en la actualidad.<\/p>\n<p>Ante el creciente inter\u00e9s mostrado por los estudiantes internacionales en los programas de formaci\u00f3n generados por RUFA, a partir del curso 2019\/2020 se han puesto en marcha <strong>cursos de nivel I y II en ingl\u00e9s.<\/strong>. Esta es una de las v\u00edas que la Academia ha decidido seguir para fomentar la internacionalizaci\u00f3n, con el objetivo de atraer a estudiantes extranjeros con talento y ofrecer a los m\u00e1s meritorios becas que cubran la totalidad de los gastos de matr\u00edcula. Los estudiantes procedentes del extranjero tambi\u00e9n tienen la posibilidad de asistir a varios <strong>cursos cortos, <\/strong>la <strong>Summer Academy <\/strong>y el <strong> Foundation Course<\/strong>.<\/p>\n<p>A lo largo de los a\u00f1os, la RUFA ha creado asociaciones con universidades e instituciones extranjeras para mejorar la experiencia acad\u00e9mica de sus estudiantes y desarrollar a\u00fan m\u00e1s su dimensi\u00f3n internacional. En cuanto a las instituciones extranjeras, estas colaboraciones se han desarrollado a trav\u00e9s de acuerdos bilaterales <strong>Erasmus <\/strong>UE y no UE <strong>protocolos<\/strong> y a trav\u00e9s de memorandos de entendimiento espec\u00edficos con muchas otras realidades. Adem\u00e1s, a lo largo del a\u00f1o se organizan numerosas <strong>talk, masterclass <\/strong>ed<strong>y eventos especiales<\/strong>en los que participan estudiantes, profesores y profesionales de todo el mundo.<\/p>\n<p>En este escenario, lo m\u00e1s destacado es el <strong>RUFA Contest<\/strong>: un evento destinado a apoyar el talento de los estudiantes y en el que ha participado el star-system de la industria creativa: desde el dise\u00f1ador visual Stefan Sagmeister hasta el dise\u00f1ador de productos e interiores Karim Rashid, pasando por el arquitecto Francis K\u00e9r\u00e9, la polifac\u00e9tica Shirin Neshat y el ic\u00f3nico fot\u00f3grafo David LaChapelle. Todos ellos han participado, en las distintas ediciones, como invitados de honor y presidentes del jurado.<\/p>\n<p>La Academia participa en la organizaci\u00f3n de varios <strong>workshop internacionales<\/strong>. El proyecto de investigaci\u00f3n \u00abNeorural Futures\u00bb de SpeculativeEdu, financiado por la Comisi\u00f3n Europea a trav\u00e9s del programa Erasmus +, ni uno de los ejemplos m\u00e1s v\u00e1lidos.<\/p>\n<p>La RUFA ha desarrollado y reforzado, a lo largo del tiempo, una colaboraci\u00f3n con la Escuela de Artes Visuales de Nueva York: los estudiantes tienen la oportunidad de viajar a la prestigiosa instituci\u00f3n americana durante diez d\u00edas, dedic\u00e1ndose al trabajo de dise\u00f1o, a las percepciones sociales y culturales, a los encuentros con dise\u00f1adores famosos y a las visitas a empresas, con el fin de entrar en contacto con diferentes metodolog\u00edas de ense\u00f1anza y recoger aportaciones muy relevantes para el reto global que les espera.<\/p>\n<p>La Academia tambi\u00e9n apoy\u00f3 a la FAO (Organizaci\u00f3n de las Naciones Unidas para la Agricultura y la Alimentaci\u00f3n) dando forma y contenido a una exposici\u00f3n titulada \u00ab100 obras de arte por el derecho a la alimentaci\u00f3n\u00bb que tuvo lugar en la sede de la organizaci\u00f3n en Roma.<br \/>\nLa RUFA ha creado una asociaci\u00f3n con el Consejo de la Uni\u00f3n Europea para llevar a cabo actividades culturales y educativas y eventos art\u00edsticos, con un enfoque espec\u00edfico en el Cine.<\/p>\n<p>Adem\u00e1s de los numerosos proyectos ya desarrollados, la Academia est\u00e1 siempre dispuesta a acoger nuevas propuestas y retos en el \u00e1mbito internacional, fomentando nuevas iniciativas y respondiendo a los est\u00edmulos que, a diario, llegan del exterior.<\/p>\n<h3><strong>A continuaci\u00f3n encontrar\u00e1s una lista de los acuerdos Erasmus vigentes:<\/strong><\/h3>\n<p><strong>Austria: <\/strong>FH Joaneum-University of Applied Sciences, Graz -FH Salzburg University of Applied sciences.<strong>\u00a0Belgio<\/strong>: \u00c9cole de recherche graphique, Bruxelles &#8211; University College Ghent, KASK School of Arts and Conservatory. <strong>Bulgaria<\/strong>: New Bulgarian University. <strong>Republica Ceca<\/strong>: FAMU, Film and TV School of the Academy of Performing Arts in Prague. <strong>Danimarca<\/strong>: The Royal Danish Academy of Fine Arts (School of Visual Arts). <strong>Francia<\/strong>: \u00c9cole Sup\u00e9rieure des arts modernes. <strong>Germania<\/strong>: Hochschule Mainz-University of Applied Sciences &#8211; Hoschule fur Gestaltung Offenbach am Main-University of Art and Design. <strong>Irlanda<\/strong>: National College of Art and Design &#8211; IADT. <strong>Lituania<\/strong>: Vilnius Academy of Arts. <strong>Polonia<\/strong>: University of Warmia and Mazury &#8211; The Eugeniusz Geppert Academy of Arts and Design in Wroclaw. <strong>Portogallo<\/strong>: Universidade de Lisboa &#8211; Escola superior de artes e design, Porto. <strong>Spagna:<\/strong> Universitat de Barcelona &#8211; Institut del Teatre, Barcellona &#8211; Escuela de Arte y Superior de Dise\u00f1o Gran Canaria\u00a0 -Centro Universitario de Artes TAI, Madrid &#8211; Escola d\u2019Art i Superior de Disseny de les Illes Balears, Palma de Mallorca &#8211; Escuela de Arte y Superior de Disseny de Val\u00e8ncia. <strong>Turchia<\/strong>: Marmara University. <strong>Ungheria<\/strong>: University of theatre film art Academy, Budapest. <\/p>\n<p>&nbsp;<\/p>\n<h3>RUFA tambi\u00e9n colabora con las siguientes instituciones a trav\u00e9s de varios tipos de acuerdos:<\/h3>\n<p>Central Saint Martins &#8211; University of Arts (Londra, <strong>Regno Unito<\/strong>);\u00a0 Sichuan Fine Arts Institute (Chongqing, <strong>Cina<\/strong>); Chengdu Academy of Fine Arts (Chengdu, Cina); Chinese People\u2019s Association for Friendship with Foreign Countries (Beijing, Cina); Jilin Animation Institute (Changchun, Cina); Shanghai Theatre Academy (Shanghai, Cina); Wollongong Global Network (Kuala Lumpur, <strong>Malesia<\/strong>); SVA \u2013 School of Visual Arts (New York, <strong>USA<\/strong>); Universitatea Pedagogica de Stat Ion Creanga (Chi\u015fin\u0103u, <strong>Moldavia<\/strong>); Academy of Music, Theatre and Fine Arts (Chi\u015fin\u0103u, Moldavia); Universidad Mayor de San Sim\u00f3n (Cochabamba, <strong>Bolivia<\/strong>); Stieglitz Academy (Saint Petersburg, <strong>Russia<\/strong>); Dr. Bhanuben Nanavati College of Architecture for Woman (Pune, <strong>India<\/strong>).","protected":false},"excerpt":{"rendered":"<p>RUFA &#8211; La Universidad de Bellas Artes de Roma es un centro multidisciplinar e internacional en constante crecimiento que potencia sus capacidades creativas para desarrollar proyectos orientados a la investigaci\u00f3n, el intercambio de conocimientos y la mejora de las metodolog\u00edas de aprendizaje. El objetivo es ampliar las interacciones y los conocimientos t\u00e9cnicos entre alumnos y&#8230;<\/p>\n","protected":false},"author":12,"featured_media":36402,"parent":0,"menu_order":0,"comment_status":"closed","ping_status":"closed","template":"","meta":{"content-type":"","footnotes":""},"class_list":["post-36388","page","type-page","status-publish","has-post-thumbnail","hentry"],"yoast_head":"<!-- This site is optimized with the Yoast SEO plugin v24.2 - https:\/\/yoast.com\/wordpress\/plugins\/seo\/ -->\n<title>Relazioni Internazionali Accademia Belle Arti Roma - RUFA<\/title>\n<meta name=\"description\" content=\"Scopri tutti i progetti internazionali e workshop attivi grazie al programma relazioni internazionale dell&#039;Accademia delle Belle Arti a Roma\" \/>\n<meta name=\"robots\" content=\"index, follow, max-snippet:-1, max-image-preview:large, max-video-preview:-1\" \/>\n<link rel=\"canonical\" href=\"https:\/\/www.unirufa.it\/internazionale\/\" \/>\n<meta property=\"og:locale\" content=\"es_ES\" \/>\n<meta property=\"og:type\" content=\"article\" \/>\n<meta property=\"og:title\" content=\"[:it]Relazioni Internazionali Accademia Belle Arti Roma - RUFA[:]\" \/>\n<meta property=\"og:description\" content=\"{:it}Scopri tutti i progetti internazionali e workshop attivi grazie al programma relazioni internazionale dell&#039;Accademia delle Belle Arti a Roma{:}\" \/>\n<meta property=\"og:url\" content=\"https:\/\/www.unirufa.it\/internazionale\/\" \/>\n<meta property=\"og:site_name\" content=\"RUFA - Rome University of Fine Arts\" \/>\n<meta property=\"article:modified_time\" content=\"2025-01-21T10:17:10+00:00\" \/>\n<meta property=\"og:image\" content=\"https:\/\/www.unirufa.it\/wp-content\/uploads\/2021\/01\/internazionale.jpg\" \/>\n\t<meta property=\"og:image:width\" content=\"1440\" \/>\n\t<meta property=\"og:image:height\" content=\"600\" \/>\n\t<meta property=\"og:image:type\" content=\"image\/jpeg\" \/>\n<meta name=\"twitter:label1\" content=\"Tiempo de lectura\" \/>\n\t<meta name=\"twitter:data1\" content=\"13 minutos\" \/>\n<script type=\"application\/ld+json\" class=\"yoast-schema-graph\">{\"@context\":\"https:\/\/schema.org\",\"@graph\":[{\"@type\":\"WebPage\",\"@id\":\"https:\/\/www.unirufa.it\/internazionale\/\",\"url\":\"https:\/\/www.unirufa.it\/internazionale\/\",\"name\":\"[:it]Relazioni Internazionali Accademia Belle Arti Roma - RUFA[:]\",\"isPartOf\":{\"@id\":\"https:\/\/www.unirufa.it\/#website\"},\"primaryImageOfPage\":{\"@id\":\"https:\/\/www.unirufa.it\/internazionale\/#primaryimage\"},\"image\":{\"@id\":\"https:\/\/www.unirufa.it\/internazionale\/#primaryimage\"},\"thumbnailUrl\":\"https:\/\/www.unirufa.it\/wp-content\/uploads\/2021\/01\/internazionale.jpg\",\"datePublished\":\"2021-01-19T10:33:15+00:00\",\"dateModified\":\"2025-01-21T10:17:10+00:00\",\"description\":\"{:it}Scopri tutti i progetti internazionali e workshop attivi grazie al programma relazioni internazionale dell'Accademia delle Belle Arti a Roma{:}\",\"breadcrumb\":{\"@id\":\"https:\/\/www.unirufa.it\/internazionale\/#breadcrumb\"},\"inLanguage\":\"es\",\"potentialAction\":[{\"@type\":\"ReadAction\",\"target\":[\"https:\/\/www.unirufa.it\/internazionale\/\"]}]},{\"@type\":\"ImageObject\",\"inLanguage\":\"es\",\"@id\":\"https:\/\/www.unirufa.it\/internazionale\/#primaryimage\",\"url\":\"https:\/\/www.unirufa.it\/wp-content\/uploads\/2021\/01\/internazionale.jpg\",\"contentUrl\":\"https:\/\/www.unirufa.it\/wp-content\/uploads\/2021\/01\/internazionale.jpg\",\"width\":1440,\"height\":600,\"caption\":\"relazioni internazionali accademia, ufficio relazioni internazionali\"},{\"@type\":\"BreadcrumbList\",\"@id\":\"https:\/\/www.unirufa.it\/internazionale\/#breadcrumb\",\"itemListElement\":[{\"@type\":\"ListItem\",\"position\":1,\"name\":\"Home\",\"item\":\"https:\/\/www.unirufa.it\/\"},{\"@type\":\"ListItem\",\"position\":2,\"name\":\"Relazioni Internazionali\"}]},{\"@type\":\"WebSite\",\"@id\":\"https:\/\/www.unirufa.it\/#website\",\"url\":\"https:\/\/www.unirufa.it\/\",\"name\":\"RUFA - Rome University of Fine Arts\",\"description\":\"\",\"potentialAction\":[{\"@type\":\"SearchAction\",\"target\":{\"@type\":\"EntryPoint\",\"urlTemplate\":\"https:\/\/www.unirufa.it\/?s={search_term_string}\"},\"query-input\":{\"@type\":\"PropertyValueSpecification\",\"valueRequired\":true,\"valueName\":\"search_term_string\"}}],\"inLanguage\":\"es\"}]}<\/script>\n<!-- \/ Yoast SEO plugin. -->","yoast_head_json":{"title":"Relazioni Internazionali Accademia Belle Arti Roma - RUFA","description":"Scopri tutti i progetti internazionali e workshop attivi grazie al programma relazioni internazionale dell'Accademia delle Belle Arti a Roma","robots":{"index":"index","follow":"follow","max-snippet":"max-snippet:-1","max-image-preview":"max-image-preview:large","max-video-preview":"max-video-preview:-1"},"canonical":"https:\/\/www.unirufa.it\/internazionale\/","og_locale":"es_ES","og_type":"article","og_title":"[:it]Relazioni Internazionali Accademia Belle Arti Roma - RUFA[:]","og_description":"{:it}Scopri tutti i progetti internazionali e workshop attivi grazie al programma relazioni internazionale dell'Accademia delle Belle Arti a Roma{:}","og_url":"https:\/\/www.unirufa.it\/internazionale\/","og_site_name":"RUFA - Rome University of Fine Arts","article_modified_time":"2025-01-21T10:17:10+00:00","og_image":[{"width":1440,"height":600,"url":"https:\/\/www.unirufa.it\/wp-content\/uploads\/2021\/01\/internazionale.jpg","type":"image\/jpeg"}],"twitter_misc":{"Tiempo de lectura":"13 minutos"},"schema":{"@context":"https:\/\/schema.org","@graph":[{"@type":"WebPage","@id":"https:\/\/www.unirufa.it\/internazionale\/","url":"https:\/\/www.unirufa.it\/internazionale\/","name":"[:it]Relazioni Internazionali Accademia Belle Arti Roma - RUFA[:]","isPartOf":{"@id":"https:\/\/www.unirufa.it\/#website"},"primaryImageOfPage":{"@id":"https:\/\/www.unirufa.it\/internazionale\/#primaryimage"},"image":{"@id":"https:\/\/www.unirufa.it\/internazionale\/#primaryimage"},"thumbnailUrl":"https:\/\/www.unirufa.it\/wp-content\/uploads\/2021\/01\/internazionale.jpg","datePublished":"2021-01-19T10:33:15+00:00","dateModified":"2025-01-21T10:17:10+00:00","description":"{:it}Scopri tutti i progetti internazionali e workshop attivi grazie al programma relazioni internazionale dell'Accademia delle Belle Arti a Roma{:}","breadcrumb":{"@id":"https:\/\/www.unirufa.it\/internazionale\/#breadcrumb"},"inLanguage":"es","potentialAction":[{"@type":"ReadAction","target":["https:\/\/www.unirufa.it\/internazionale\/"]}]},{"@type":"ImageObject","inLanguage":"es","@id":"https:\/\/www.unirufa.it\/internazionale\/#primaryimage","url":"https:\/\/www.unirufa.it\/wp-content\/uploads\/2021\/01\/internazionale.jpg","contentUrl":"https:\/\/www.unirufa.it\/wp-content\/uploads\/2021\/01\/internazionale.jpg","width":1440,"height":600,"caption":"relazioni internazionali accademia, ufficio relazioni internazionali"},{"@type":"BreadcrumbList","@id":"https:\/\/www.unirufa.it\/internazionale\/#breadcrumb","itemListElement":[{"@type":"ListItem","position":1,"name":"Home","item":"https:\/\/www.unirufa.it\/"},{"@type":"ListItem","position":2,"name":"Relazioni Internazionali"}]},{"@type":"WebSite","@id":"https:\/\/www.unirufa.it\/#website","url":"https:\/\/www.unirufa.it\/","name":"RUFA - Rome University of Fine Arts","description":"","potentialAction":[{"@type":"SearchAction","target":{"@type":"EntryPoint","urlTemplate":"https:\/\/www.unirufa.it\/?s={search_term_string}"},"query-input":{"@type":"PropertyValueSpecification","valueRequired":true,"valueName":"search_term_string"}}],"inLanguage":"es"}]}},"_links":{"self":[{"href":"https:\/\/www.unirufa.it\/es\/wp-json\/wp\/v2\/pages\/36388","targetHints":{"allow":["GET"]}}],"collection":[{"href":"https:\/\/www.unirufa.it\/es\/wp-json\/wp\/v2\/pages"}],"about":[{"href":"https:\/\/www.unirufa.it\/es\/wp-json\/wp\/v2\/types\/page"}],"author":[{"embeddable":true,"href":"https:\/\/www.unirufa.it\/es\/wp-json\/wp\/v2\/users\/12"}],"replies":[{"embeddable":true,"href":"https:\/\/www.unirufa.it\/es\/wp-json\/wp\/v2\/comments?post=36388"}],"version-history":[{"count":47,"href":"https:\/\/www.unirufa.it\/es\/wp-json\/wp\/v2\/pages\/36388\/revisions"}],"predecessor-version":[{"id":141690,"href":"https:\/\/www.unirufa.it\/es\/wp-json\/wp\/v2\/pages\/36388\/revisions\/141690"}],"wp:featuredmedia":[{"embeddable":true,"href":"https:\/\/www.unirufa.it\/es\/wp-json\/wp\/v2\/media\/36402"}],"wp:attachment":[{"href":"https:\/\/www.unirufa.it\/es\/wp-json\/wp\/v2\/media?parent=36388"}],"curies":[{"name":"wp","href":"https:\/\/api.w.org\/{rel}","templated":true}]}}