


{"id":37901,"date":"2021-02-16T14:58:26","date_gmt":"2021-02-16T13:58:26","guid":{"rendered":"https:\/\/www.unirufa.it\/?page_id=37901"},"modified":"2023-07-12T17:41:56","modified_gmt":"2023-07-12T15:41:56","slug":"digital-open-day-prenotazione-appuntamento","status":"publish","type":"page","link":"https:\/\/www.unirufa.it\/es\/digital-open-day-prenotazione-appuntamento\/","title":{"rendered":"Reserva realizada &#8211; OPEN DAY"},"content":{"rendered":"<meta name=\"robots\" content=\"noindex\"><meta name=\"googlebot\" content=\"noindex\"><\/p>\n<h3>\u00a1Enhorabuena! La reserva en la Jornada de Puertas Abiertas de RUFA ha sido un \u00e9xito.<br \/>\nEn las pr\u00f3ximas semanas, cerca de la fecha del acto, recibir\u00e1 un correo electr\u00f3nico con el programa completo e informaci\u00f3n m\u00e1s detallada.<br \/>\nEsperamos verle en RUFA.<\/h3>\n<p>.","protected":false},"excerpt":{"rendered":"<p>\u00a1Enhorabuena! La reserva en la Jornada de Puertas Abiertas de RUFA ha sido un \u00e9xito. En las pr\u00f3ximas semanas, cerca de la fecha del acto, recibir\u00e1 un correo electr\u00f3nico con el programa completo e informaci\u00f3n m\u00e1s detallada. Esperamos verle en RUFA. .<\/p>\n","protected":false},"author":12,"featured_media":0,"parent":0,"menu_order":0,"comment_status":"closed","ping_status":"closed","template":"","meta":{"content-type":"","footnotes":""},"class_list":["post-37901","page","type-page","status-publish","hentry"],"yoast_head":"<!-- This site is optimized with the Yoast SEO plugin v24.2 - https:\/\/yoast.com\/wordpress\/plugins\/seo\/ -->\n<title>Reserva realizada - OPEN DAY - RUFA - Rome University of Fine Arts<\/title>\n<meta name=\"robots\" content=\"noindex, follow\" \/>\n<meta property=\"og:locale\" content=\"es_ES\" \/>\n<meta property=\"og:type\" content=\"article\" \/>\n<meta property=\"og:title\" content=\"Reserva realizada - OPEN DAY - RUFA - Rome University of Fine Arts\" \/>\n<meta property=\"og:description\" content=\"\u00a1Enhorabuena! La reserva en la Jornada de Puertas Abiertas de RUFA ha sido un \u00e9xito. En las pr\u00f3ximas semanas, cerca de la fecha del acto, recibir\u00e1 un correo electr\u00f3nico con el programa completo e informaci\u00f3n m\u00e1s detallada. Esperamos verle en RUFA. .\" \/>\n<meta property=\"og:url\" content=\"https:\/\/www.unirufa.it\/digital-open-day-prenotazione-appuntamento\/\" \/>\n<meta property=\"og:site_name\" content=\"RUFA - Rome University of Fine Arts\" \/>\n<meta property=\"article:modified_time\" content=\"2023-07-12T15:41:56+00:00\" \/>\n<meta property=\"og:image\" content=\"https:\/\/www.unirufa.it\/wp-content\/uploads\/2017\/11\/logo-rufa-2016.png\" \/>\n\t<meta property=\"og:image:width\" content=\"230\" \/>\n\t<meta property=\"og:image:height\" content=\"149\" \/>\n\t<meta property=\"og:image:type\" content=\"image\/png\" \/>\n<meta name=\"twitter:label1\" content=\"Tiempo de lectura\" \/>\n\t<meta name=\"twitter:data1\" content=\"1 minuto\" \/>\n<script type=\"application\/ld+json\" class=\"yoast-schema-graph\">{\"@context\":\"https:\/\/schema.org\",\"@graph\":[{\"@type\":\"WebPage\",\"@id\":\"https:\/\/www.unirufa.it\/digital-open-day-prenotazione-appuntamento\/\",\"url\":\"https:\/\/www.unirufa.it\/digital-open-day-prenotazione-appuntamento\/\",\"name\":\"Reserva realizada - OPEN DAY - RUFA - Rome University of Fine Arts\",\"isPartOf\":{\"@id\":\"https:\/\/www.unirufa.it\/#website\"},\"datePublished\":\"2021-02-16T13:58:26+00:00\",\"dateModified\":\"2023-07-12T15:41:56+00:00\",\"breadcrumb\":{\"@id\":\"https:\/\/www.unirufa.it\/digital-open-day-prenotazione-appuntamento\/#breadcrumb\"},\"inLanguage\":\"es\",\"potentialAction\":[{\"@type\":\"ReadAction\",\"target\":[\"https:\/\/www.unirufa.it\/digital-open-day-prenotazione-appuntamento\/\"]}]},{\"@type\":\"BreadcrumbList\",\"@id\":\"https:\/\/www.unirufa.it\/digital-open-day-prenotazione-appuntamento\/#breadcrumb\",\"itemListElement\":[{\"@type\":\"ListItem\",\"position\":1,\"name\":\"Home\",\"item\":\"https:\/\/www.unirufa.it\/\"},{\"@type\":\"ListItem\",\"position\":2,\"name\":\"Prenotazione effettuata &#8211; OPEN DAY\"}]},{\"@type\":\"WebSite\",\"@id\":\"https:\/\/www.unirufa.it\/#website\",\"url\":\"https:\/\/www.unirufa.it\/\",\"name\":\"RUFA - Rome University of Fine Arts\",\"description\":\"\",\"potentialAction\":[{\"@type\":\"SearchAction\",\"target\":{\"@type\":\"EntryPoint\",\"urlTemplate\":\"https:\/\/www.unirufa.it\/?s={search_term_string}\"},\"query-input\":{\"@type\":\"PropertyValueSpecification\",\"valueRequired\":true,\"valueName\":\"search_term_string\"}}],\"inLanguage\":\"es\"}]}<\/script>\n<!-- \/ Yoast SEO plugin. -->","yoast_head_json":{"title":"Reserva realizada - OPEN DAY - RUFA - Rome University of Fine Arts","robots":{"index":"noindex","follow":"follow"},"og_locale":"es_ES","og_type":"article","og_title":"Reserva realizada - OPEN DAY - RUFA - Rome University of Fine Arts","og_description":"\u00a1Enhorabuena! La reserva en la Jornada de Puertas Abiertas de RUFA ha sido un \u00e9xito. En las pr\u00f3ximas semanas, cerca de la fecha del acto, recibir\u00e1 un correo electr\u00f3nico con el programa completo e informaci\u00f3n m\u00e1s detallada. Esperamos verle en RUFA. .","og_url":"https:\/\/www.unirufa.it\/digital-open-day-prenotazione-appuntamento\/","og_site_name":"RUFA - Rome University of Fine Arts","article_modified_time":"2023-07-12T15:41:56+00:00","og_image":[{"width":230,"height":149,"url":"https:\/\/www.unirufa.it\/wp-content\/uploads\/2017\/11\/logo-rufa-2016.png","type":"image\/png"}],"twitter_misc":{"Tiempo de lectura":"1 minuto"},"schema":{"@context":"https:\/\/schema.org","@graph":[{"@type":"WebPage","@id":"https:\/\/www.unirufa.it\/digital-open-day-prenotazione-appuntamento\/","url":"https:\/\/www.unirufa.it\/digital-open-day-prenotazione-appuntamento\/","name":"Reserva realizada - OPEN DAY - RUFA - Rome University of Fine Arts","isPartOf":{"@id":"https:\/\/www.unirufa.it\/#website"},"datePublished":"2021-02-16T13:58:26+00:00","dateModified":"2023-07-12T15:41:56+00:00","breadcrumb":{"@id":"https:\/\/www.unirufa.it\/digital-open-day-prenotazione-appuntamento\/#breadcrumb"},"inLanguage":"es","potentialAction":[{"@type":"ReadAction","target":["https:\/\/www.unirufa.it\/digital-open-day-prenotazione-appuntamento\/"]}]},{"@type":"BreadcrumbList","@id":"https:\/\/www.unirufa.it\/digital-open-day-prenotazione-appuntamento\/#breadcrumb","itemListElement":[{"@type":"ListItem","position":1,"name":"Home","item":"https:\/\/www.unirufa.it\/"},{"@type":"ListItem","position":2,"name":"Prenotazione effettuata &#8211; OPEN DAY"}]},{"@type":"WebSite","@id":"https:\/\/www.unirufa.it\/#website","url":"https:\/\/www.unirufa.it\/","name":"RUFA - Rome University of Fine Arts","description":"","potentialAction":[{"@type":"SearchAction","target":{"@type":"EntryPoint","urlTemplate":"https:\/\/www.unirufa.it\/?s={search_term_string}"},"query-input":{"@type":"PropertyValueSpecification","valueRequired":true,"valueName":"search_term_string"}}],"inLanguage":"es"}]}},"_links":{"self":[{"href":"https:\/\/www.unirufa.it\/es\/wp-json\/wp\/v2\/pages\/37901","targetHints":{"allow":["GET"]}}],"collection":[{"href":"https:\/\/www.unirufa.it\/es\/wp-json\/wp\/v2\/pages"}],"about":[{"href":"https:\/\/www.unirufa.it\/es\/wp-json\/wp\/v2\/types\/page"}],"author":[{"embeddable":true,"href":"https:\/\/www.unirufa.it\/es\/wp-json\/wp\/v2\/users\/12"}],"replies":[{"embeddable":true,"href":"https:\/\/www.unirufa.it\/es\/wp-json\/wp\/v2\/comments?post=37901"}],"version-history":[{"count":7,"href":"https:\/\/www.unirufa.it\/es\/wp-json\/wp\/v2\/pages\/37901\/revisions"}],"predecessor-version":[{"id":106095,"href":"https:\/\/www.unirufa.it\/es\/wp-json\/wp\/v2\/pages\/37901\/revisions\/106095"}],"wp:attachment":[{"href":"https:\/\/www.unirufa.it\/es\/wp-json\/wp\/v2\/media?parent=37901"}],"curies":[{"name":"wp","href":"https:\/\/api.w.org\/{rel}","templated":true}]}}