


{"id":37991,"date":"2021-02-17T10:28:42","date_gmt":"2021-02-17T09:28:42","guid":{"rendered":"https:\/\/www.unirufa.it\/?page_id=37991"},"modified":"2024-05-06T10:14:31","modified_gmt":"2024-05-06T08:14:31","slug":"orientamento-istituto-sabatini-menna","status":"publish","type":"page","link":"https:\/\/www.unirufa.it\/es\/orientamento-istituto-sabatini-menna\/","title":{"rendered":"Orientamento Istituto Sabatini Menna"},"content":{"rendered":"<p class=\"qtranxs-available-languages-message qtranxs-available-languages-message-es\">Disculpa, pero esta entrada est\u00e1 disponible s\u00f3lo en <a href=\"https:\/\/www.unirufa.it\/it\/wp-json\/wp\/v2\/pages\/37991\" class=\"qtranxs-available-language-link qtranxs-available-language-link-it\" title=\"IT\">IT<\/a> y <a href=\"https:\/\/www.unirufa.it\/en\/wp-json\/wp\/v2\/pages\/37991\" class=\"qtranxs-available-language-link qtranxs-available-language-link-en\" title=\"EN\">EN<\/a>.<\/p><a href=\"https:\/\/www.unirufa.it\/wp-content\/uploads\/2021\/02\/rufa_ER_orientamento_1440x600NOlogo.png\"><img decoding=\"async\" class=\"alignnone size-medium wp-image-30173\" src=\"https:\/\/www.unirufa.it\/wp-content\/uploads\/2021\/02\/rufa_ER_orientamento_1440x600NOlogo.png\" alt=\"\" width=\"100%\" height=\"auto\" \/><\/a><br \/>\n&nbsp;<\/p>\n<p><strong>RUFA entra nelle scuole per conoscere i creativi di domani.<br \/>\nQuest\u2019anno RUFA arriva nella tua scuola.<br \/>\nIl nostro Ufficio Orientamento \u00e8 pronto a proiettarti nella RUFA Experience.<br \/>\nChe cosa significa studiare in RUFA?<br \/>\nIn un\u2019ora ti racconteremo tutto quello che c\u2019\u00e8 da sapere.<br \/>\nCi sar\u00e0 spazio per informazioni generali, domande, curiosit\u00e0 e indicazioni su sbocchi lavorativi.<br \/>\nSar\u00e0 tutto in forma digitale, ma sar\u00e0 come essere l\u00ec.<\/strong><\/p>\n<h5>LASCIACI I TUOI CONTATTI PER PARTECIPARE ALLA SESSIONE DI ORIENTAMENTO IL 25 FEBBRAIO ORE 10:00<\/h5>\n\n<div class=\"wpcf7 no-js\" id=\"wpcf7-f37990-o1\" lang=\"it-IT\" dir=\"ltr\" data-wpcf7-id=\"37990\">\n<div class=\"screen-reader-response\"><p role=\"status\" aria-live=\"polite\" aria-atomic=\"true\"><\/p> <ul><\/ul><\/div>\n<form action=\"\/es\/wp-json\/wp\/v2\/pages\/37991#wpcf7-f37990-o1\" method=\"post\" class=\"wpcf7-form init\" aria-label=\"Contact form\" novalidate=\"novalidate\" data-status=\"init\">\n<div style=\"display: none;\">\n<input type=\"hidden\" name=\"_wpcf7\" value=\"37990\" \/>\n<input type=\"hidden\" name=\"_wpcf7_version\" value=\"6.0.3\" \/>\n<input type=\"hidden\" name=\"_wpcf7_locale\" value=\"it_IT\" \/>\n<input type=\"hidden\" name=\"_wpcf7_unit_tag\" value=\"wpcf7-f37990-o1\" \/>\n<input type=\"hidden\" name=\"_wpcf7_container_post\" value=\"0\" \/>\n<input type=\"hidden\" name=\"_wpcf7_posted_data_hash\" value=\"\" \/>\n<input type=\"hidden\" name=\"_wpcf7cf_hidden_group_fields\" value=\"[]\" \/>\n<input type=\"hidden\" name=\"_wpcf7cf_hidden_groups\" value=\"[]\" \/>\n<input type=\"hidden\" name=\"_wpcf7cf_visible_groups\" value=\"[]\" \/>\n<input type=\"hidden\" name=\"_wpcf7cf_repeaters\" value=\"[]\" \/>\n<input type=\"hidden\" name=\"_wpcf7cf_steps\" value=\"{}\" \/>\n<input type=\"hidden\" name=\"_wpcf7cf_options\" value=\"{&quot;form_id&quot;:37990,&quot;conditions&quot;:[],&quot;settings&quot;:{&quot;animation&quot;:&quot;yes&quot;,&quot;animation_intime&quot;:200,&quot;animation_outtime&quot;:200,&quot;conditions_ui&quot;:&quot;normal&quot;,&quot;notice_dismissed&quot;:true,&quot;notice_dismissed_update-cf7-5.6.3&quot;:true,&quot;notice_dismissed_update-cf7-5.7.1&quot;:true,&quot;notice_dismissed_update-cf7-5.7.2&quot;:true,&quot;notice_dismissed_update-cf7-5.7.3&quot;:true,&quot;notice_dismissed_update-cf7-5.8.3&quot;:true,&quot;notice_dismissed_rollback-cf7-5.8.3&quot;:true,&quot;notice_dismissed_rollback-cf7-5.9.5&quot;:true}}\" \/>\n<input type=\"hidden\" name=\"_wpcf7dtx_version\" value=\"5.0.2\" \/>\n<input type=\"hidden\" name=\"_wpcf7_recaptcha_response\" value=\"\" \/>\n<\/div>\n<div class=\"col-sm-12 col-lg-6\" style=\"padding-left: 0;\">\n<input class=\"wpcf7-form-control wpcf7-hidden\" value=\"RUFA\" type=\"hidden\" name=\"societa\" \/>\n<input class=\"wpcf7-form-control wpcf7-hidden\" value=\"\" type=\"hidden\" name=\"fonte-lead\" \/>\n<input class=\"wpcf7-form-control wpcf7-hidden\" value=\"SCUOLE\" type=\"hidden\" name=\"fonte-lead\" \/>\n\t<p><label> Nome\/Name *<br \/>\n<span class=\"wpcf7-form-control-wrap\" data-name=\"your-name\"><input size=\"40\" maxlength=\"400\" class=\"wpcf7-form-control wpcf7-text wpcf7-validates-as-required\" aria-required=\"true\" aria-invalid=\"false\" value=\"\" type=\"text\" name=\"your-name\" \/><\/span> <\/label>\n\t<\/p>\n\t<p><label> Cognome\/Family name *<br \/>\n<span class=\"wpcf7-form-control-wrap\" data-name=\"your-surname\"><input size=\"40\" maxlength=\"400\" class=\"wpcf7-form-control wpcf7-text wpcf7-validates-as-required\" aria-required=\"true\" aria-invalid=\"false\" value=\"\" type=\"text\" name=\"your-surname\" \/><\/span> <\/label>\n\t<\/p>\n<\/div>\n<div class=\"col-sm-12 col-lg-6\" style=\"padding-left: 0;\">\n\t<p><label> Email *<br \/>\n<span class=\"wpcf7-form-control-wrap\" data-name=\"your-email\"><input size=\"40\" maxlength=\"400\" class=\"wpcf7-form-control wpcf7-email wpcf7-validates-as-required wpcf7-text wpcf7-validates-as-email\" aria-required=\"true\" aria-invalid=\"false\" value=\"\" type=\"email\" name=\"your-email\" \/><\/span> <\/label>\n\t<\/p>\n\t<p><label> Cellulare\/Mobile *<br \/>\n<span class=\"wpcf7-form-control-wrap\" data-name=\"CellulareMobile\"><input size=\"40\" maxlength=\"400\" class=\"wpcf7-form-control wpcf7-tel wpcf7-validates-as-required wpcf7-text wpcf7-validates-as-tel\" aria-required=\"true\" aria-invalid=\"false\" value=\"\" type=\"tel\" name=\"CellulareMobile\" \/><\/span> <\/label>\n\t<\/p>\n<\/div>\n<div class=\"col-sm-12 col-lg-6\" style=\"padding-left: 0;\">\n\t<p><label> Nome Istituto di provenienza\/Name Institute of origin *<br \/>\n<span class=\"wpcf7-form-control-wrap\" data-name=\"scuola\"><input size=\"40\" maxlength=\"400\" class=\"wpcf7-form-control wpcf7-text wpcf7-validates-as-required\" aria-required=\"true\" aria-invalid=\"false\" value=\"\" type=\"text\" name=\"scuola\" \/><\/span> <\/label>\n\t<\/p>\n\t<p><label> Laurea di interesse?\/Degree course of interest? *<\/label><br \/>\n<span class=\"wpcf7-form-control-wrap\" data-name=\"Corsi\"><select class=\"wpcf7-form-control wpcf7-select\" aria-invalid=\"false\" name=\"Corsi\"><option value=\"\">&#8212;Please choose an option&#8212;<\/option><option value=\"Graphic design - Laurea triennale\/Bachelor of Arts\">Graphic design - Laurea triennale\/Bachelor of Arts<\/option><option value=\"Graphic design - Comics and illustration IT - Laurea triennale\/Bachelor of Arts\">Graphic design - Comics and illustration IT - Laurea triennale\/Bachelor of Arts<\/option><option value=\"Design IT-EN - Laurea triennale\/Bachelor of Arts\">Design IT-EN - Laurea triennale\/Bachelor of Arts<\/option><option value=\"Pittura\/Painting IT-EN - Laurea triennale\/Bachelor of Arts\">Pittura\/Painting IT-EN - Laurea triennale\/Bachelor of Arts<\/option><option value=\"Scultura e installazione\/Sculpture and installations IT-EN - Laurea triennale\/Bachelor of Arts\">Scultura e installazione\/Sculpture and installations IT-EN - Laurea triennale\/Bachelor of Arts<\/option><option value=\"Cinema IT - Laurea triennale\/Bachelor of Arts\">Cinema IT - Laurea triennale\/Bachelor of Arts<\/option><option value=\"Fotografia e audiovisivo\/Photography and audiovisual IT - Laurea triennale\/Bachelor of Arts\">Fotografia e audiovisivo\/Photography and audiovisual IT - Laurea triennale\/Bachelor of Arts<\/option><option value=\"Scenografia\/Set Design IT - Laurea triennale\/Bachelor of Arts\">Scenografia\/Set Design IT - Laurea triennale\/Bachelor of Arts<\/option><option value=\"Fine arts EN - Laurea magistrale\/Master of Arts\">Fine arts EN - Laurea magistrale\/Master of Arts<\/option><option value=\"Visual and innovation design IT - Laurea magistrale\/Master of Arts\">Visual and innovation design IT - Laurea magistrale\/Master of Arts<\/option><option value=\"Computer animation and visual effects IT - Laurea magistrale\/Master of Arts\">Computer animation and visual effects IT - Laurea magistrale\/Master of Arts<\/option><option value=\"Multimedia Arts and Design IT - Laurea magistrale\/Master of Arts\">Multimedia Arts and Design IT - Laurea magistrale\/Master of Arts<\/option><option value=\"Arte Cinematografica\/Film arts EN - Laurea magistrale\/Master of Arts\">Arte Cinematografica\/Film arts EN - Laurea magistrale\/Master of Arts<\/option><option value=\"Scenografia\/Set Design IT -  Laurea magistrale\/Master of Arts\">Scenografia\/Set Design IT -  Laurea magistrale\/Master of Arts<\/option><\/select><\/span>\n\t<\/p>\n\t<p><label> Livello di istruzione\/Education level*<\/label><br \/>\n<span class=\"wpcf7-form-control-wrap\" data-name=\"education\"><select class=\"wpcf7-form-control wpcf7-select\" aria-invalid=\"false\" name=\"education\"><option value=\"Studente quarto anno scuola superiore\/Student fourth year hight school\">Studente quarto anno scuola superiore\/Student fourth year hight school<\/option><option value=\"Studente quinto anno scuola superiore\/Student fifth year hight school\">Studente quinto anno scuola superiore\/Student fifth year hight school<\/option><option value=\"Diploma scuola secondaria\/hight school diploma\">Diploma scuola secondaria\/hight school diploma<\/option><option value=\"Laurea triennale\/Bachelor of Arts\">Laurea triennale\/Bachelor of Arts<\/option><\/select><\/span>\n\t<\/p>\n\t<p>*richiesto\/mandatory\n\t<\/p>\n<\/div>\n<p><span class=\"wpcf7-form-control-wrap\" data-name=\"privacy\"><span class=\"wpcf7-form-control wpcf7-acceptance\"><span class=\"wpcf7-list-item\"><input type=\"checkbox\" name=\"privacy\" value=\"1\" aria-invalid=\"false\" \/><\/span><\/span><\/span> Confermo di aver preso visione della\u00a0<a href=\"https:\/\/www.unirufa.it\/informativa-privacy-sito\/\">\n\t\t<font color=\"blue\">Privacy Policy\n\t\t<\/font><\/a> resa disponibile e acconsento a ricevere le informazioni richieste a RUFA Rome University of Fine Arts. \/ I confirm that I have read the \u00a0<a href=\"https:\/\/www.unirufa.it\/en\/informativa-privacy-sito\/\">\n\t\t<font color=\"blue\">Privacy Policy\n\t\t<\/font><\/a>\u00a0and agree to receive the requested information from RUFA Rome University of Fine Arts.|true\n<\/p>\n<p><span class=\"wpcf7-form-control-wrap\" data-name=\"promotion\"><span class=\"wpcf7-form-control wpcf7-acceptance optional\"><span class=\"wpcf7-list-item\"><input type=\"checkbox\" name=\"promotion\" value=\"1\" aria-invalid=\"false\" \/><\/span><\/span><\/span> Accetto di ricevere altre comunicazioni da RUFA Rome University of Fine Arts (es. Borse di studio, eventi e workshop). \/ I agree to receive other communications from RUFA Rome University of Fine Arts (e.g., Scholarships, events and workshops).|true\n<\/p>\n<p><input class=\"wpcf7-form-control wpcf7-submit has-spinner\" type=\"submit\" value=\"Invia\/Send\" \/>\n<\/p><div class=\"wpcf7-response-output\" aria-hidden=\"true\"><\/div>\n<\/form>\n<\/div>\n\n&nbsp;<\/p>\n<h3>GUARDA IL VIDEO DEI WORKSHOP OTTOBRE 2020<\/h3>\n<div class=\"embed-responsive embed-responsive-16by9\"><iframe loading=\"lazy\" src=\"https:\/\/www.youtube-nocookie.com\/embed\/ya_WQuc_LBg\" width=\"560\" height=\"315\" frameborder=\"0\" allowfullscreen=\"allowfullscreen\"><\/iframe><\/div>\n<p>&nbsp;<\/p>\n<h3>GUARDA IL VIDEO DELLA MOSTRA MULTIPLI<\/h3>\n<div class=\"embed-responsive embed-responsive-16by9\"><iframe loading=\"lazy\" src=\"https:\/\/www.youtube-nocookie.com\/embed\/7cerHTOXW0s\" width=\"560\" height=\"315\" frameborder=\"0\" allowfullscreen=\"allowfullscreen\"><\/iframe><\/div>\n<p>&nbsp;<\/p>\n<h3>SCOPRI IL RUFA CONTEST<\/h3>\n<div class=\"embed-responsive embed-responsive-16by9\"><iframe loading=\"lazy\" src=\"https:\/\/www.youtube-nocookie.com\/embed\/hMS1W6ffWkY\" width=\"560\" height=\"315\" frameborder=\"0\" allowfullscreen=\"allowfullscreen\"><\/iframe><\/div>\n<p>&nbsp;","protected":false},"excerpt":{"rendered":"<p>Disculpa, pero esta entrada est\u00e1 disponible s\u00f3lo en IT y EN. &nbsp; RUFA entra nelle scuole per conoscere i creativi di domani. Quest\u2019anno RUFA arriva nella tua scuola. Il nostro Ufficio Orientamento \u00e8 pronto a proiettarti nella RUFA Experience. Che cosa significa studiare in RUFA? In un\u2019ora ti racconteremo tutto quello che c\u2019\u00e8 da sapere&#8230;.<\/p>\n","protected":false},"author":12,"featured_media":38047,"parent":0,"menu_order":0,"comment_status":"closed","ping_status":"closed","template":"page_blank.php","meta":{"content-type":"","footnotes":""},"class_list":["post-37991","page","type-page","status-publish","has-post-thumbnail","hentry"],"yoast_head":"<!-- This site is optimized with the Yoast SEO plugin v24.2 - https:\/\/yoast.com\/wordpress\/plugins\/seo\/ -->\n<title>Orientamento Istituto Sabatini Menna - RUFA - Rome University of Fine Arts<\/title>\n<meta name=\"robots\" content=\"index, follow, max-snippet:-1, max-image-preview:large, max-video-preview:-1\" \/>\n<link rel=\"canonical\" href=\"https:\/\/www.unirufa.it\/orientamento-istituto-sabatini-menna\/\" \/>\n<meta property=\"og:locale\" content=\"es_ES\" \/>\n<meta property=\"og:type\" content=\"article\" \/>\n<meta property=\"og:title\" content=\"Orientamento Istituto Sabatini Menna - RUFA - Rome University of Fine Arts\" \/>\n<meta property=\"og:description\" content=\"Disculpa, pero esta entrada est\u00e1 disponible s\u00f3lo en IT y EN. &nbsp; RUFA entra nelle scuole per conoscere i creativi di domani. Quest\u2019anno RUFA arriva nella tua scuola. Il nostro Ufficio Orientamento \u00e8 pronto a proiettarti nella RUFA Experience. Che cosa significa studiare in RUFA? In un\u2019ora ti racconteremo tutto quello che c\u2019\u00e8 da sapere....\" \/>\n<meta property=\"og:url\" content=\"https:\/\/www.unirufa.it\/orientamento-istituto-sabatini-menna\/\" \/>\n<meta property=\"og:site_name\" content=\"RUFA - Rome University of Fine Arts\" \/>\n<meta property=\"article:modified_time\" content=\"2024-05-06T08:14:31+00:00\" \/>\n<meta property=\"og:image\" content=\"https:\/\/www.unirufa.it\/wp-content\/uploads\/2021\/02\/rufa_ER_orientamento_1440x600.png\" \/>\n\t<meta property=\"og:image:width\" content=\"1440\" \/>\n\t<meta property=\"og:image:height\" content=\"600\" \/>\n\t<meta property=\"og:image:type\" content=\"image\/png\" \/>\n<meta name=\"twitter:label1\" content=\"Tiempo de lectura\" \/>\n\t<meta name=\"twitter:data1\" content=\"1 minuto\" \/>\n<script type=\"application\/ld+json\" class=\"yoast-schema-graph\">{\"@context\":\"https:\/\/schema.org\",\"@graph\":[{\"@type\":\"WebPage\",\"@id\":\"https:\/\/www.unirufa.it\/orientamento-istituto-sabatini-menna\/\",\"url\":\"https:\/\/www.unirufa.it\/orientamento-istituto-sabatini-menna\/\",\"name\":\"Orientamento Istituto Sabatini Menna - RUFA - Rome University of Fine Arts\",\"isPartOf\":{\"@id\":\"https:\/\/www.unirufa.it\/#website\"},\"primaryImageOfPage\":{\"@id\":\"https:\/\/www.unirufa.it\/orientamento-istituto-sabatini-menna\/#primaryimage\"},\"image\":{\"@id\":\"https:\/\/www.unirufa.it\/orientamento-istituto-sabatini-menna\/#primaryimage\"},\"thumbnailUrl\":\"https:\/\/www.unirufa.it\/wp-content\/uploads\/2021\/02\/rufa_ER_orientamento_1440x600.png\",\"datePublished\":\"2021-02-17T09:28:42+00:00\",\"dateModified\":\"2024-05-06T08:14:31+00:00\",\"breadcrumb\":{\"@id\":\"https:\/\/www.unirufa.it\/orientamento-istituto-sabatini-menna\/#breadcrumb\"},\"inLanguage\":\"es\",\"potentialAction\":[{\"@type\":\"ReadAction\",\"target\":[\"https:\/\/www.unirufa.it\/orientamento-istituto-sabatini-menna\/\"]}]},{\"@type\":\"ImageObject\",\"inLanguage\":\"es\",\"@id\":\"https:\/\/www.unirufa.it\/orientamento-istituto-sabatini-menna\/#primaryimage\",\"url\":\"https:\/\/www.unirufa.it\/wp-content\/uploads\/2021\/02\/rufa_ER_orientamento_1440x600.png\",\"contentUrl\":\"https:\/\/www.unirufa.it\/wp-content\/uploads\/2021\/02\/rufa_ER_orientamento_1440x600.png\",\"width\":1440,\"height\":600},{\"@type\":\"BreadcrumbList\",\"@id\":\"https:\/\/www.unirufa.it\/orientamento-istituto-sabatini-menna\/#breadcrumb\",\"itemListElement\":[{\"@type\":\"ListItem\",\"position\":1,\"name\":\"Home\",\"item\":\"https:\/\/www.unirufa.it\/\"},{\"@type\":\"ListItem\",\"position\":2,\"name\":\"Orientamento Istituto Sabatini Menna\"}]},{\"@type\":\"WebSite\",\"@id\":\"https:\/\/www.unirufa.it\/#website\",\"url\":\"https:\/\/www.unirufa.it\/\",\"name\":\"RUFA - Rome University of Fine Arts\",\"description\":\"\",\"potentialAction\":[{\"@type\":\"SearchAction\",\"target\":{\"@type\":\"EntryPoint\",\"urlTemplate\":\"https:\/\/www.unirufa.it\/?s={search_term_string}\"},\"query-input\":{\"@type\":\"PropertyValueSpecification\",\"valueRequired\":true,\"valueName\":\"search_term_string\"}}],\"inLanguage\":\"es\"}]}<\/script>\n<!-- \/ Yoast SEO plugin. -->","yoast_head_json":{"title":"Orientamento Istituto Sabatini Menna - RUFA - Rome University of Fine Arts","robots":{"index":"index","follow":"follow","max-snippet":"max-snippet:-1","max-image-preview":"max-image-preview:large","max-video-preview":"max-video-preview:-1"},"canonical":"https:\/\/www.unirufa.it\/orientamento-istituto-sabatini-menna\/","og_locale":"es_ES","og_type":"article","og_title":"Orientamento Istituto Sabatini Menna - RUFA - Rome University of Fine Arts","og_description":"Disculpa, pero esta entrada est\u00e1 disponible s\u00f3lo en IT y EN. &nbsp; RUFA entra nelle scuole per conoscere i creativi di domani. Quest\u2019anno RUFA arriva nella tua scuola. Il nostro Ufficio Orientamento \u00e8 pronto a proiettarti nella RUFA Experience. Che cosa significa studiare in RUFA? In un\u2019ora ti racconteremo tutto quello che c\u2019\u00e8 da sapere....","og_url":"https:\/\/www.unirufa.it\/orientamento-istituto-sabatini-menna\/","og_site_name":"RUFA - Rome University of Fine Arts","article_modified_time":"2024-05-06T08:14:31+00:00","og_image":[{"width":1440,"height":600,"url":"https:\/\/www.unirufa.it\/wp-content\/uploads\/2021\/02\/rufa_ER_orientamento_1440x600.png","type":"image\/png"}],"twitter_misc":{"Tiempo de lectura":"1 minuto"},"schema":{"@context":"https:\/\/schema.org","@graph":[{"@type":"WebPage","@id":"https:\/\/www.unirufa.it\/orientamento-istituto-sabatini-menna\/","url":"https:\/\/www.unirufa.it\/orientamento-istituto-sabatini-menna\/","name":"Orientamento Istituto Sabatini Menna - RUFA - Rome University of Fine Arts","isPartOf":{"@id":"https:\/\/www.unirufa.it\/#website"},"primaryImageOfPage":{"@id":"https:\/\/www.unirufa.it\/orientamento-istituto-sabatini-menna\/#primaryimage"},"image":{"@id":"https:\/\/www.unirufa.it\/orientamento-istituto-sabatini-menna\/#primaryimage"},"thumbnailUrl":"https:\/\/www.unirufa.it\/wp-content\/uploads\/2021\/02\/rufa_ER_orientamento_1440x600.png","datePublished":"2021-02-17T09:28:42+00:00","dateModified":"2024-05-06T08:14:31+00:00","breadcrumb":{"@id":"https:\/\/www.unirufa.it\/orientamento-istituto-sabatini-menna\/#breadcrumb"},"inLanguage":"es","potentialAction":[{"@type":"ReadAction","target":["https:\/\/www.unirufa.it\/orientamento-istituto-sabatini-menna\/"]}]},{"@type":"ImageObject","inLanguage":"es","@id":"https:\/\/www.unirufa.it\/orientamento-istituto-sabatini-menna\/#primaryimage","url":"https:\/\/www.unirufa.it\/wp-content\/uploads\/2021\/02\/rufa_ER_orientamento_1440x600.png","contentUrl":"https:\/\/www.unirufa.it\/wp-content\/uploads\/2021\/02\/rufa_ER_orientamento_1440x600.png","width":1440,"height":600},{"@type":"BreadcrumbList","@id":"https:\/\/www.unirufa.it\/orientamento-istituto-sabatini-menna\/#breadcrumb","itemListElement":[{"@type":"ListItem","position":1,"name":"Home","item":"https:\/\/www.unirufa.it\/"},{"@type":"ListItem","position":2,"name":"Orientamento Istituto Sabatini Menna"}]},{"@type":"WebSite","@id":"https:\/\/www.unirufa.it\/#website","url":"https:\/\/www.unirufa.it\/","name":"RUFA - Rome University of Fine Arts","description":"","potentialAction":[{"@type":"SearchAction","target":{"@type":"EntryPoint","urlTemplate":"https:\/\/www.unirufa.it\/?s={search_term_string}"},"query-input":{"@type":"PropertyValueSpecification","valueRequired":true,"valueName":"search_term_string"}}],"inLanguage":"es"}]}},"_links":{"self":[{"href":"https:\/\/www.unirufa.it\/es\/wp-json\/wp\/v2\/pages\/37991","targetHints":{"allow":["GET"]}}],"collection":[{"href":"https:\/\/www.unirufa.it\/es\/wp-json\/wp\/v2\/pages"}],"about":[{"href":"https:\/\/www.unirufa.it\/es\/wp-json\/wp\/v2\/types\/page"}],"author":[{"embeddable":true,"href":"https:\/\/www.unirufa.it\/es\/wp-json\/wp\/v2\/users\/12"}],"replies":[{"embeddable":true,"href":"https:\/\/www.unirufa.it\/es\/wp-json\/wp\/v2\/comments?post=37991"}],"version-history":[{"count":22,"href":"https:\/\/www.unirufa.it\/es\/wp-json\/wp\/v2\/pages\/37991\/revisions"}],"predecessor-version":[{"id":131027,"href":"https:\/\/www.unirufa.it\/es\/wp-json\/wp\/v2\/pages\/37991\/revisions\/131027"}],"wp:featuredmedia":[{"embeddable":true,"href":"https:\/\/www.unirufa.it\/es\/wp-json\/wp\/v2\/media\/38047"}],"wp:attachment":[{"href":"https:\/\/www.unirufa.it\/es\/wp-json\/wp\/v2\/media?parent=37991"}],"curies":[{"name":"wp","href":"https:\/\/api.w.org\/{rel}","templated":true}]}}