


{"id":38364,"date":"2021-02-25T09:28:44","date_gmt":"2021-02-25T08:28:44","guid":{"rendered":"https:\/\/www.unirufa.it\/?page_id=38364"},"modified":"2024-07-04T17:08:10","modified_gmt":"2024-07-04T15:08:10","slug":"progetti-studenti-graphic-design","status":"publish","type":"page","link":"https:\/\/www.unirufa.it\/es\/progetti-studenti-graphic-design\/","title":{"rendered":"Proyectos de los estudiantes- Graphic Design"},"content":{"rendered":"<h3>Descubre lo que puedes aprender en la Academia directamente de quienes han vivido la Experiencia RUFA en primera persona. Explora los proyectos de nuestros estudiantes y las tesis de algunos de los graduados del curso de Dise\u00f1o Gr\u00e1fico.<\/h3>\n<p>&nbsp;<\/p>\n\n<p>&nbsp;<\/p>\n<h2>Muestra GRAPHIIIC<\/h2>\n<h3>Un mosaico de proyectos desarrollados en las distintas disciplinas del curso acad\u00e9mico de Nivel I de Dise\u00f1o Gr\u00e1fico<\/h3>\n<div class=\"col-md-3\" style=\"padding-left: 0;\"><a href=\"https:\/\/www.unirufa.it\/wp-content\/uploads\/2024\/06\/RUFA__0011_GRAFIIIC-SITO-1.jpg\" target=\"_blank\" rel=\"noopener\"><img decoding=\"async\" class=\"alignnone size-medium wp-image-30173\" src=\"https:\/\/www.unirufa.it\/wp-content\/uploads\/2024\/06\/RUFA__0011_GRAFIIIC-SITO-1.jpg\" alt=\"\" width=\"100%\" height=\"auto\" \/><\/a><\/div>\n<div class=\"col-md-3\" style=\"padding-left: 0;\"><a href=\"https:\/\/www.unirufa.it\/wp-content\/uploads\/2024\/06\/RUFA__0010_GRAFIIIC-SITO-2.jpg\" target=\"_blank\" rel=\"noopener\"><img decoding=\"async\" class=\"alignnone size-medium wp-image-30173\" src=\"https:\/\/www.unirufa.it\/wp-content\/uploads\/2024\/06\/RUFA__0010_GRAFIIIC-SITO-2.jpg\" alt=\"\" width=\"100%\" height=\"auto\" \/><\/a><\/div>\n<div class=\"col-md-3\" style=\"padding-left: 0;\"><a href=\"https:\/\/www.unirufa.it\/wp-content\/uploads\/2024\/06\/RUFA__0009_GRAFIIIC-SITO-3.jpg\" target=\"_blank\" rel=\"noopener\"><img decoding=\"async\" class=\"alignnone size-medium wp-image-30173\" src=\"https:\/\/www.unirufa.it\/wp-content\/uploads\/2024\/06\/RUFA__0009_GRAFIIIC-SITO-3.jpg\" alt=\"\" width=\"100%\" height=\"auto\" \/><\/a><\/div>\n<div class=\"col-md-3\" style=\"padding-left: 0;\"><a href=\"https:\/\/www.unirufa.it\/wp-content\/uploads\/2024\/06\/RUFA__0008_GRAFIIIC-SITO-4.jpg\" target=\"_blank\" rel=\"noopener\"><img decoding=\"async\" class=\"alignnone size-medium wp-image-30173\" src=\"https:\/\/www.unirufa.it\/wp-content\/uploads\/2024\/06\/RUFA__0008_GRAFIIIC-SITO-4.jpg\" alt=\"\" width=\"100%\" height=\"auto\" \/><\/a><\/div>\n<div class=\"col-md-3\" style=\"padding-left: 0;\"><a href=\"https:\/\/www.unirufa.it\/wp-content\/uploads\/2024\/06\/RUFA__0007_GRAFIIIC-SITO-5.jpg\" target=\"_blank\" rel=\"noopener\"><img decoding=\"async\" class=\"alignnone size-medium wp-image-30173\" src=\"https:\/\/www.unirufa.it\/wp-content\/uploads\/2024\/06\/RUFA__0007_GRAFIIIC-SITO-5.jpg\" alt=\"\" width=\"100%\" height=\"auto\" \/><\/a><\/div>\n<div class=\"col-md-3\" style=\"padding-left: 0;\"><a href=\"https:\/\/www.unirufa.it\/wp-content\/uploads\/2024\/06\/RUFA__0006_GRAFIIIC-SITO-6.jpg\" target=\"_blank\" rel=\"noopener\"><img decoding=\"async\" class=\"alignnone size-medium wp-image-30173\" src=\"https:\/\/www.unirufa.it\/wp-content\/uploads\/2024\/06\/RUFA__0006_GRAFIIIC-SITO-6.jpg\" alt=\"\" width=\"100%\" height=\"auto\" \/><\/a><\/div>\n<div class=\"col-md-3\" style=\"padding-left: 0;\"><a href=\"https:\/\/www.unirufa.it\/wp-content\/uploads\/2024\/06\/RUFA__0005_GRAFIIIC-SITO-7.jpg\" target=\"_blank\" rel=\"noopener\"><img decoding=\"async\" class=\"alignnone size-medium wp-image-30173\" src=\"https:\/\/www.unirufa.it\/wp-content\/uploads\/2024\/06\/RUFA__0005_GRAFIIIC-SITO-7.jpg\" alt=\"\" width=\"100%\" height=\"auto\" \/><\/a><\/div>\n<div class=\"col-md-3\" style=\"padding-left: 0;\"><a href=\"https:\/\/www.unirufa.it\/wp-content\/uploads\/2024\/06\/RUFA__0004_GRAFIIIC-SITO-8.jpg\" target=\"_blank\" rel=\"noopener\"><img decoding=\"async\" class=\"alignnone size-medium wp-image-30173\" src=\"https:\/\/www.unirufa.it\/wp-content\/uploads\/2024\/06\/RUFA__0004_GRAFIIIC-SITO-8.jpg\" alt=\"\" width=\"100%\" height=\"auto\" \/><\/a><\/div>\n<div class=\"col-md-3\" style=\"padding-left: 0;\"><a href=\"https:\/\/www.unirufa.it\/wp-content\/uploads\/2024\/06\/RUFA__0003_GRAFIIIC-SITO-9.jpg\" target=\"_blank\" rel=\"noopener\"><img decoding=\"async\" class=\"alignnone size-medium wp-image-30173\" src=\"https:\/\/www.unirufa.it\/wp-content\/uploads\/2024\/06\/RUFA__0003_GRAFIIIC-SITO-9.jpg\" alt=\"\" width=\"100%\" height=\"auto\" \/><\/a><\/div>\n<div class=\"col-md-3\" style=\"padding-left: 0;\"><a href=\"https:\/\/www.unirufa.it\/wp-content\/uploads\/2024\/06\/RUFA__0002_GRAFIIIC-SITO-10.jpg\" target=\"_blank\" rel=\"noopener\"><img decoding=\"async\" class=\"alignnone size-medium wp-image-30173\" src=\"https:\/\/www.unirufa.it\/wp-content\/uploads\/2024\/06\/RUFA__0002_GRAFIIIC-SITO-10.jpg\" alt=\"\" width=\"100%\" height=\"auto\" \/><\/a><\/div>\n<div class=\"col-md-3\" style=\"padding-left: 0;\"><a href=\"https:\/\/www.unirufa.it\/wp-content\/uploads\/2024\/06\/RUFA__0001_GRAFIIIC-SITO-11.jpg\" target=\"_blank\" rel=\"noopener\"><img decoding=\"async\" class=\"alignnone size-medium wp-image-30173\" src=\"https:\/\/www.unirufa.it\/wp-content\/uploads\/2024\/06\/RUFA__0001_GRAFIIIC-SITO-11.jpg\" alt=\"\" width=\"100%\" height=\"auto\" \/><\/a><\/div>\n<div class=\"col-md-3\" style=\"padding-left: 0;\"><a href=\"https:\/\/www.unirufa.it\/wp-content\/uploads\/2024\/06\/RUFA__0000_GRAFIIIC-SITO-12.jpg\" target=\"_blank\" rel=\"noopener\"><img decoding=\"async\" class=\"alignnone size-medium wp-image-30173\" src=\"https:\/\/www.unirufa.it\/wp-content\/uploads\/2024\/06\/RUFA__0000_GRAFIIIC-SITO-12.jpg\" alt=\"\" width=\"100%\" height=\"auto\" \/><\/a><\/div>\n<p>&nbsp;<\/p>\n<h2>Proyectos colectivos<\/h2>\n<div class=\"col-sm-12 col-lg-6\" style=\"padding-left: 0; margin-bottom: 40px\">\n<a href=\"https:\/\/www.unirufa.it\/?page_id=66559&#038;preview=true\"><img decoding=\"async\" class=\"alignnone wp-image-29804 size-full\" src=\"https:\/\/www.unirufa.it\/wp-content\/uploads\/2022\/03\/progetti_collettivi_studenti_Graphic_design_giornale_MEZZO-10.jpg\" alt=\"\" width=\"100%\" height=\"auto\" \/><\/a><\/p>\n<h4><a href=\"https:\/\/www.unirufa.it\/?page_id=66559&#038;preview=true\">MEZZO &#8211; Il giornale degli studenti<\/a><\/h4>\n<\/div>\n<div class=\"col-sm-12 col-lg-6\" style=\"padding-left: 0; margin-bottom: 40px\">\n<a href=\"https:\/\/www.unirufa.it\/?page_id=66491&#038;preview=true\"><img decoding=\"async\" class=\"alignnone wp-image-29804 size-full\" src=\"https:\/\/www.unirufa.it\/wp-content\/uploads\/2022\/03\/cover_progetti_collettivi_studenti_graphic_design_gioia_dinnocenti.jpg\" alt=\"\" width=\"100%\" height=\"auto\" \/><\/a><\/p>\n<h4><a href=\"https:\/\/www.unirufa.it\/?page_id=66491&#038;preview=true\">Avanguardie rivisitate<\/a><\/h4>\n<\/div>\n<div class=\"col-sm-12 col-lg-4\" style=\"padding-left: 0; margin-bottom: 20px\">\n<div class=\"video-container\" >\n<iframe class=\"responsive-iframe\" src=\"https:\/\/www.youtube-nocookie.com\/embed\/SeZ_yKbx_YE\" frameborder=\"0\" allow=\"accelerometer; autoplay; clipboard-write; encrypted-media; gyroscope; picture-in-picture\" allowfullscreen><\/iframe>\n<\/div>\n<\/div>\n<div class=\"col-sm-12 col-lg-4\" style=\"padding-left: 0; margin-bottom: 20px\">\n<div class=\"video-container\" >\n<iframe class=\"responsive-iframe\" src=\"https:\/\/www.youtube-nocookie.com\/embed\/yKZXipQkvJo?si=9OvqRzCV8fln1JqD\"\" frameborder=\"0\" allow=\"accelerometer; autoplay; clipboard-write; encrypted-media; gyroscope; picture-in-picture\" allowfullscreen><\/iframe>\n<\/div>\n<\/div>\n<div class=\"col-sm-12 col-lg-4\" style=\"padding-left: 0; margin-bottom: 20px\">\n<div class=\"video-container\" >\n<iframe class=\"responsive-iframe\" src=\"https:\/\/www.youtube-nocookie.com\/embed\/Tc7-eZjsB_k\" frameborder=\"0\" allow=\"accelerometer; autoplay; clipboard-write; encrypted-media; gyroscope; picture-in-picture\" allowfullscreen><\/iframe>\n<\/div>\n<\/div>\n<p>&nbsp;<\/p>\n<h2>Proyectos de tesis<\/h2>\n<div class=\"col-sm-12 col-lg-6\" style=\"padding-left: 0; margin-bottom: 40px\">\n<a href=\"https:\/\/www.unirufa.it\/non-lho-finito-lestetica-del-non-finito\/\"><img decoding=\"async\" class=\"alignnone wp-image-29804 size-full\" src=\"https:\/\/www.unirufa.it\/wp-content\/uploads\/2022\/04\/progetti_studenti_graphic_design_anna_piffer_tesi_incompiuto6.jpg\" alt=\"\" width=\"100%\" height=\"auto\" \/><\/a><\/p>\n<h4><a href=\"https:\/\/www.unirufa.it\/non-lho-finito-lestetica-del-non-finito\/\">Anna Piffer -NON L\u2019HO FINITO \u2013 L\u2019estetica del non finito<\/a><\/h4>\n<\/div>\n<div class=\"col-sm-12 col-lg-6\" style=\"padding-left: 0; margin-bottom: 20px\">\n<a href=\"https:\/\/www.unirufa.it\/play\/\"><img decoding=\"async\" class=\"alignnone wp-image-29804 size-full\" src=\"https:\/\/www.unirufa.it\/wp-content\/uploads\/2022\/04\/progetti_studenti_graphic_design_marina_picari_tesi_play6.jpg\" alt=\"\" width=\"100%\" height=\"auto\" \/><\/a><\/p>\n<h4><a href=\"https:\/\/www.unirufa.it\/play\/\">Marina Picari &#8211; Play<\/a><\/h4>\n<\/div>\n<p>&nbsp;<\/p>\n<div class=\"col-sm-12 col-lg-6\" style=\"padding-left: 0; margin-bottom: 40px\">\n<a href=\"https:\/\/www.unirufa.it\/en\/morte-manifesta-la-narrazione-verbo-visiva-dellannuncio-funebre-murale\/\"><img decoding=\"async\" class=\"alignnone wp-image-29804 size-full\" src=\"https:\/\/www.unirufa.it\/wp-content\/uploads\/2023\/01\/claudia_auricchio_morte_manifesta_10.jpg\" alt=\"\" width=\"100%\" height=\"auto\" \/><\/a><\/p>\n<h4><a href=\"https:\/\/www.unirufa.it\/en\/morte-manifesta-la-narrazione-verbo-visiva-dellannuncio-funebre-murale\/\">Claudia Auricchio &#8211; Morte manifesta. La narrazione verbo-visiva dell\u2019annuncio funebre murale<\/a><\/h4>\n<\/div>\n<div class=\"col-sm-12 col-lg-6\" style=\"padding-left: 0; margin-bottom: 20px\">\n<a href=\"https:\/\/www.unirufa.it\/en\/sedimenti-anguillara-sabazia-memorie-e-identita\/\"><img decoding=\"async\" class=\"alignnone wp-image-29804 size-full\" src=\"https:\/\/www.unirufa.it\/wp-content\/uploads\/2022\/01\/progetti_studenti_graphic_design_fabrizio_crollari_tesi_sedimenti14.jpg\" alt=\"\" width=\"100%\" height=\"auto\" \/><\/a><\/p>\n<h4><a href=\"https:\/\/www.unirufa.it\/en\/sedimenti-anguillara-sabazia-memorie-e-identita\/\">Fabrizio Crollari &#8211; Sedimenti \u2013 Anguillara Sabazia,Memorie e identit\u00e0<br \/>\n<\/a><\/h4>\n<\/div>\n<p>&nbsp;<\/p>\n<p>&nbsp;<br \/>\n&nbsp;<\/p>\n<p><a id=\"btn-regolamentocorso\" style=\"background-color:#007ac9; border-color:#007ac9\" class=\"download-btn full\" href=\"https:\/\/www.unirufa.it\/offerta-formativa\/corso-i-livello\/graphic-design\/\"><font color=\"#ffffff\">VOLVER AL CURSO DE DISE\u00d1O GR\u00c1FICO<\/a><\/font>","protected":false},"excerpt":{"rendered":"<p>Descubre lo que puedes aprender en la Academia directamente de quienes han vivido la Experiencia RUFA en primera persona. Explora los proyectos de nuestros estudiantes y las tesis de algunos de los graduados del curso de Dise\u00f1o Gr\u00e1fico. &nbsp; &nbsp; Muestra GRAPHIIIC Un mosaico de proyectos desarrollados en las distintas disciplinas del curso acad\u00e9mico de&#8230;<\/p>\n","protected":false},"author":12,"featured_media":0,"parent":0,"menu_order":0,"comment_status":"closed","ping_status":"closed","template":"page_blank.php","meta":{"content-type":"","footnotes":""},"class_list":["post-38364","page","type-page","status-publish","hentry"],"yoast_head":"<!-- This site is optimized with the Yoast SEO plugin v24.2 - https:\/\/yoast.com\/wordpress\/plugins\/seo\/ -->\n<title>Proyectos de los estudiantes- Graphic Design - RUFA - Rome University of Fine Arts<\/title>\n<meta name=\"robots\" content=\"index, follow, max-snippet:-1, max-image-preview:large, max-video-preview:-1\" \/>\n<link rel=\"canonical\" href=\"https:\/\/www.unirufa.it\/progetti-studenti-graphic-design\/\" \/>\n<meta property=\"og:locale\" content=\"es_ES\" \/>\n<meta property=\"og:type\" content=\"article\" \/>\n<meta property=\"og:title\" content=\"Proyectos de los estudiantes- Graphic Design - RUFA - Rome University of Fine Arts\" \/>\n<meta property=\"og:description\" content=\"Descubre lo que puedes aprender en la Academia directamente de quienes han vivido la Experiencia RUFA en primera persona. Explora los proyectos de nuestros estudiantes y las tesis de algunos de los graduados del curso de Dise\u00f1o Gr\u00e1fico. &nbsp; &nbsp; Muestra GRAPHIIIC Un mosaico de proyectos desarrollados en las distintas disciplinas del curso acad\u00e9mico de...\" \/>\n<meta property=\"og:url\" content=\"https:\/\/www.unirufa.it\/progetti-studenti-graphic-design\/\" \/>\n<meta property=\"og:site_name\" content=\"RUFA - Rome University of Fine Arts\" \/>\n<meta property=\"article:modified_time\" content=\"2024-07-04T15:08:10+00:00\" \/>\n<meta property=\"og:image\" content=\"https:\/\/www.unirufa.it\/wp-content\/uploads\/2024\/06\/RUFA__0011_GRAFIIIC-SITO-1.jpg\" \/>\n<meta name=\"twitter:label1\" content=\"Tiempo de lectura\" \/>\n\t<meta name=\"twitter:data1\" content=\"1 minuto\" \/>\n<script type=\"application\/ld+json\" class=\"yoast-schema-graph\">{\"@context\":\"https:\/\/schema.org\",\"@graph\":[{\"@type\":\"WebPage\",\"@id\":\"https:\/\/www.unirufa.it\/progetti-studenti-graphic-design\/\",\"url\":\"https:\/\/www.unirufa.it\/progetti-studenti-graphic-design\/\",\"name\":\"Proyectos de los estudiantes- Graphic Design - RUFA - Rome University of Fine Arts\",\"isPartOf\":{\"@id\":\"https:\/\/www.unirufa.it\/#website\"},\"primaryImageOfPage\":{\"@id\":\"https:\/\/www.unirufa.it\/progetti-studenti-graphic-design\/#primaryimage\"},\"image\":{\"@id\":\"https:\/\/www.unirufa.it\/progetti-studenti-graphic-design\/#primaryimage\"},\"thumbnailUrl\":\"https:\/\/www.unirufa.it\/wp-content\/uploads\/2024\/06\/RUFA__0011_GRAFIIIC-SITO-1.jpg\",\"datePublished\":\"2021-02-25T08:28:44+00:00\",\"dateModified\":\"2024-07-04T15:08:10+00:00\",\"breadcrumb\":{\"@id\":\"https:\/\/www.unirufa.it\/progetti-studenti-graphic-design\/#breadcrumb\"},\"inLanguage\":\"es\",\"potentialAction\":[{\"@type\":\"ReadAction\",\"target\":[\"https:\/\/www.unirufa.it\/progetti-studenti-graphic-design\/\"]}]},{\"@type\":\"ImageObject\",\"inLanguage\":\"es\",\"@id\":\"https:\/\/www.unirufa.it\/progetti-studenti-graphic-design\/#primaryimage\",\"url\":\"https:\/\/www.unirufa.it\/wp-content\/uploads\/2024\/06\/RUFA__0011_GRAFIIIC-SITO-1.jpg\",\"contentUrl\":\"https:\/\/www.unirufa.it\/wp-content\/uploads\/2024\/06\/RUFA__0011_GRAFIIIC-SITO-1.jpg\"},{\"@type\":\"BreadcrumbList\",\"@id\":\"https:\/\/www.unirufa.it\/progetti-studenti-graphic-design\/#breadcrumb\",\"itemListElement\":[{\"@type\":\"ListItem\",\"position\":1,\"name\":\"Home\",\"item\":\"https:\/\/www.unirufa.it\/\"},{\"@type\":\"ListItem\",\"position\":2,\"name\":\"I progetti degli studenti &#8211; Graphic Design\"}]},{\"@type\":\"WebSite\",\"@id\":\"https:\/\/www.unirufa.it\/#website\",\"url\":\"https:\/\/www.unirufa.it\/\",\"name\":\"RUFA - Rome University of Fine Arts\",\"description\":\"\",\"potentialAction\":[{\"@type\":\"SearchAction\",\"target\":{\"@type\":\"EntryPoint\",\"urlTemplate\":\"https:\/\/www.unirufa.it\/?s={search_term_string}\"},\"query-input\":{\"@type\":\"PropertyValueSpecification\",\"valueRequired\":true,\"valueName\":\"search_term_string\"}}],\"inLanguage\":\"es\"}]}<\/script>\n<!-- \/ Yoast SEO plugin. -->","yoast_head_json":{"title":"Proyectos de los estudiantes- Graphic Design - RUFA - Rome University of Fine Arts","robots":{"index":"index","follow":"follow","max-snippet":"max-snippet:-1","max-image-preview":"max-image-preview:large","max-video-preview":"max-video-preview:-1"},"canonical":"https:\/\/www.unirufa.it\/progetti-studenti-graphic-design\/","og_locale":"es_ES","og_type":"article","og_title":"Proyectos de los estudiantes- Graphic Design - RUFA - Rome University of Fine Arts","og_description":"Descubre lo que puedes aprender en la Academia directamente de quienes han vivido la Experiencia RUFA en primera persona. Explora los proyectos de nuestros estudiantes y las tesis de algunos de los graduados del curso de Dise\u00f1o Gr\u00e1fico. &nbsp; &nbsp; Muestra GRAPHIIIC Un mosaico de proyectos desarrollados en las distintas disciplinas del curso acad\u00e9mico de...","og_url":"https:\/\/www.unirufa.it\/progetti-studenti-graphic-design\/","og_site_name":"RUFA - Rome University of Fine Arts","article_modified_time":"2024-07-04T15:08:10+00:00","og_image":[{"url":"https:\/\/www.unirufa.it\/wp-content\/uploads\/2024\/06\/RUFA__0011_GRAFIIIC-SITO-1.jpg","type":"","width":"","height":""}],"twitter_misc":{"Tiempo de lectura":"1 minuto"},"schema":{"@context":"https:\/\/schema.org","@graph":[{"@type":"WebPage","@id":"https:\/\/www.unirufa.it\/progetti-studenti-graphic-design\/","url":"https:\/\/www.unirufa.it\/progetti-studenti-graphic-design\/","name":"Proyectos de los estudiantes- Graphic Design - RUFA - Rome University of Fine Arts","isPartOf":{"@id":"https:\/\/www.unirufa.it\/#website"},"primaryImageOfPage":{"@id":"https:\/\/www.unirufa.it\/progetti-studenti-graphic-design\/#primaryimage"},"image":{"@id":"https:\/\/www.unirufa.it\/progetti-studenti-graphic-design\/#primaryimage"},"thumbnailUrl":"https:\/\/www.unirufa.it\/wp-content\/uploads\/2024\/06\/RUFA__0011_GRAFIIIC-SITO-1.jpg","datePublished":"2021-02-25T08:28:44+00:00","dateModified":"2024-07-04T15:08:10+00:00","breadcrumb":{"@id":"https:\/\/www.unirufa.it\/progetti-studenti-graphic-design\/#breadcrumb"},"inLanguage":"es","potentialAction":[{"@type":"ReadAction","target":["https:\/\/www.unirufa.it\/progetti-studenti-graphic-design\/"]}]},{"@type":"ImageObject","inLanguage":"es","@id":"https:\/\/www.unirufa.it\/progetti-studenti-graphic-design\/#primaryimage","url":"https:\/\/www.unirufa.it\/wp-content\/uploads\/2024\/06\/RUFA__0011_GRAFIIIC-SITO-1.jpg","contentUrl":"https:\/\/www.unirufa.it\/wp-content\/uploads\/2024\/06\/RUFA__0011_GRAFIIIC-SITO-1.jpg"},{"@type":"BreadcrumbList","@id":"https:\/\/www.unirufa.it\/progetti-studenti-graphic-design\/#breadcrumb","itemListElement":[{"@type":"ListItem","position":1,"name":"Home","item":"https:\/\/www.unirufa.it\/"},{"@type":"ListItem","position":2,"name":"I progetti degli studenti &#8211; Graphic Design"}]},{"@type":"WebSite","@id":"https:\/\/www.unirufa.it\/#website","url":"https:\/\/www.unirufa.it\/","name":"RUFA - Rome University of Fine Arts","description":"","potentialAction":[{"@type":"SearchAction","target":{"@type":"EntryPoint","urlTemplate":"https:\/\/www.unirufa.it\/?s={search_term_string}"},"query-input":{"@type":"PropertyValueSpecification","valueRequired":true,"valueName":"search_term_string"}}],"inLanguage":"es"}]}},"_links":{"self":[{"href":"https:\/\/www.unirufa.it\/es\/wp-json\/wp\/v2\/pages\/38364","targetHints":{"allow":["GET"]}}],"collection":[{"href":"https:\/\/www.unirufa.it\/es\/wp-json\/wp\/v2\/pages"}],"about":[{"href":"https:\/\/www.unirufa.it\/es\/wp-json\/wp\/v2\/types\/page"}],"author":[{"embeddable":true,"href":"https:\/\/www.unirufa.it\/es\/wp-json\/wp\/v2\/users\/12"}],"replies":[{"embeddable":true,"href":"https:\/\/www.unirufa.it\/es\/wp-json\/wp\/v2\/comments?post=38364"}],"version-history":[{"count":105,"href":"https:\/\/www.unirufa.it\/es\/wp-json\/wp\/v2\/pages\/38364\/revisions"}],"predecessor-version":[{"id":136703,"href":"https:\/\/www.unirufa.it\/es\/wp-json\/wp\/v2\/pages\/38364\/revisions\/136703"}],"wp:attachment":[{"href":"https:\/\/www.unirufa.it\/es\/wp-json\/wp\/v2\/media?parent=38364"}],"curies":[{"name":"wp","href":"https:\/\/api.w.org\/{rel}","templated":true}]}}