


{"id":40660,"date":"2021-03-29T12:03:10","date_gmt":"2021-03-29T10:03:10","guid":{"rendered":"https:\/\/www.unirufa.it\/?page_id=40660"},"modified":"2025-01-23T11:34:12","modified_gmt":"2025-01-23T10:34:12","slug":"orientarti-scopri-luniversita-delle-belle-arti","status":"publish","type":"page","link":"https:\/\/www.unirufa.it\/es\/orientarti-scopri-luniversita-delle-belle-arti\/","title":{"rendered":"Descubra la Universidad de Bellas Artes"},"content":{"rendered":"<p><h3>\u00bfEst\u00e1 haciendo su elecci\u00f3n universitaria en el mundo de las bellas artes?<\/h3>\n<p>Si te sientes confundido, haz el <strong>test de orientaci\u00f3n<\/strong> y descubre en qu\u00e9 eres bueno.<\/p>\n<p>&nbsp;<\/p>\n<h3>Test de orientaci\u00f3n<\/h3>\n\n\t\t<div id=\"interact-62908b5ec3b5f900182c8e52abdd1b2ea4c7bfb65314c552f0e49621\" style=\"\"><\/div>\n\t\t<script type=\"text\/javascript\">\n\t\t\t(function(){\t\t\t\t\n\t\t\t\twindow.addEventListener(\"load\", function(){\n\t\t\t\t\tvar app_id = \"62908b5ec3b5f900182c8e52\";\n\t\t\t\t\tvar ref = \"62908b5ec3b5f900182c8e52abdd1b2ea4c7bfb65314c552f0e49621\";\n\t\t\t\t\tvar w = \"800\";\n\t\t\t\t\tvar h = \"800\";\n\t\t\t\t\tvar host = \"quiz.tryinteract.com\";\n\t\t\t\t\tvar no_cover = true;\n\t\t\t\t\tvar mobile = false;\n\t\t\t\t\tvar redirect = \"false\";\n\t\t\t\t\tvar params = { \"ref\": ref, \"appId\": app_id, \"width\": w, \"height\": h, \"async\": true, \"host\": host, \"auto_resize\": true, \"mobile\":  mobile, \"no_cover\": no_cover };\n\t\t\t\t\tif(redirect === \"host\") { \n\t\t\t\t\t\tparams.redirect_host = true;\n\t\t\t\t\t}\n\t\t\t\t\twindow[ref] = new InteractApp(); \n\t\t\t\t\twindow[ref].initialize(params); \n\t\t\t\t\twindow[ref].display(); \n\t\t\t\t});\n\t\t\t})(window);\n\t\t<\/script>\n\t\n&nbsp;<\/p>\n<p>Podr\u00edas ser un cineasta, un dibujante, quiz\u00e1s hay un artista escondido dentro de ti; o quiz\u00e1s eres un futuro gran dise\u00f1ador gr\u00e1fico, fot\u00f3grafo o dise\u00f1ador. \u00bfQui\u00e9n sabe? Sea cual sea la forma que tome de ti, puede que descubras que tienes potencial. Si incluso despu\u00e9s de esta prueba de orientaci\u00f3n tienes alguna duda, estamos aqu\u00ed para ti. <\/p>\n<p>Los resultados de esta prueba son indicativos: RUFA ha organizado <strong><a href=\"https:\/\/www.unirufa.it\/es\/orientamento\/rufa-open-day\/\">jornadas de puertas abiertas<\/a><\/strong> y <strong>citas<\/strong><a href=\"https:\/\/www.unirufa.it\/es\/eventi\/meet-rufa\/\"><\/a> para que conozcas en detalle toda su oferta educativa.<br \/>\n&nbsp;<\/p>\n<p><a class=\"download-btn\" href=\"https:\/\/www.unirufa.it\/prenota-un-incontro\/\">Colloquio individuale<\/a><a id=\"btn-brochurecorso\" class=\"download-btn\" href=\"https:\/\/www.unirufa.it\/orientamento\/rufa-open-day\/\">Open Day<\/a>","protected":false},"excerpt":{"rendered":"<p>\u00bfEst\u00e1 haciendo su elecci\u00f3n universitaria en el mundo de las bellas artes? Si te sientes confundido, haz el test de orientaci\u00f3n y descubre en qu\u00e9 eres bueno. &nbsp; Test de orientaci\u00f3n &nbsp; Podr\u00edas ser un cineasta, un dibujante, quiz\u00e1s hay un artista escondido dentro de ti; o quiz\u00e1s eres un futuro gran dise\u00f1ador gr\u00e1fico, fot\u00f3grafo&#8230;<\/p>\n","protected":false},"author":21,"featured_media":41644,"parent":0,"menu_order":0,"comment_status":"closed","ping_status":"closed","template":"","meta":{"content-type":"","footnotes":""},"class_list":["post-40660","page","type-page","status-publish","has-post-thumbnail","hentry"],"yoast_head":"<!-- This site is optimized with the Yoast SEO plugin v24.2 - https:\/\/yoast.com\/wordpress\/plugins\/seo\/ -->\n<title>Test di Orientamento Accademia Belle Arti a Roma - RUFA<\/title>\n<meta name=\"description\" content=\"Stai facendo la tua scelta universitaria nel mondo delle belle arti e ti senti confuso? Fai il test di orientamento!\" \/>\n<meta name=\"robots\" content=\"index, follow, max-snippet:-1, max-image-preview:large, max-video-preview:-1\" \/>\n<link rel=\"canonical\" href=\"https:\/\/www.unirufa.it\/orientarti-scopri-luniversita-delle-belle-arti\/\" \/>\n<meta property=\"og:locale\" content=\"es_ES\" \/>\n<meta property=\"og:type\" content=\"article\" \/>\n<meta property=\"og:title\" content=\"[:it]Test di Orientamento Accademia Belle Arti a Roma - RUFA[:]\" \/>\n<meta property=\"og:description\" content=\"{:it}Stai facendo la tua scelta universitaria nel mondo delle belle arti e ti senti confuso? Fai il test di orientamento!{:}\" \/>\n<meta property=\"og:url\" content=\"https:\/\/www.unirufa.it\/orientarti-scopri-luniversita-delle-belle-arti\/\" \/>\n<meta property=\"og:site_name\" content=\"RUFA - Rome University of Fine Arts\" \/>\n<meta property=\"article:modified_time\" content=\"2025-01-23T10:34:12+00:00\" \/>\n<meta property=\"og:image\" content=\"https:\/\/www.unirufa.it\/wp-content\/uploads\/2021\/04\/1440x450_Banner-Landing_Progetto-Orientamento-1.png\" \/>\n\t<meta property=\"og:image:width\" content=\"1440\" \/>\n\t<meta property=\"og:image:height\" content=\"450\" \/>\n\t<meta property=\"og:image:type\" content=\"image\/png\" \/>\n<meta name=\"twitter:label1\" content=\"Tiempo de lectura\" \/>\n\t<meta name=\"twitter:data1\" content=\"3 minutos\" \/>\n<script type=\"application\/ld+json\" class=\"yoast-schema-graph\">{\"@context\":\"https:\/\/schema.org\",\"@graph\":[{\"@type\":\"WebPage\",\"@id\":\"https:\/\/www.unirufa.it\/orientarti-scopri-luniversita-delle-belle-arti\/\",\"url\":\"https:\/\/www.unirufa.it\/orientarti-scopri-luniversita-delle-belle-arti\/\",\"name\":\"[:it]Test di Orientamento Accademia Belle Arti a Roma - RUFA[:]\",\"isPartOf\":{\"@id\":\"https:\/\/www.unirufa.it\/#website\"},\"primaryImageOfPage\":{\"@id\":\"https:\/\/www.unirufa.it\/orientarti-scopri-luniversita-delle-belle-arti\/#primaryimage\"},\"image\":{\"@id\":\"https:\/\/www.unirufa.it\/orientarti-scopri-luniversita-delle-belle-arti\/#primaryimage\"},\"thumbnailUrl\":\"https:\/\/www.unirufa.it\/wp-content\/uploads\/2021\/04\/1440x450_Banner-Landing_Progetto-Orientamento-1.png\",\"datePublished\":\"2021-03-29T10:03:10+00:00\",\"dateModified\":\"2025-01-23T10:34:12+00:00\",\"description\":\"{:it}Stai facendo la tua scelta universitaria nel mondo delle belle arti e ti senti confuso? Fai il test di orientamento!{:}\",\"breadcrumb\":{\"@id\":\"https:\/\/www.unirufa.it\/orientarti-scopri-luniversita-delle-belle-arti\/#breadcrumb\"},\"inLanguage\":\"es\",\"potentialAction\":[{\"@type\":\"ReadAction\",\"target\":[\"https:\/\/www.unirufa.it\/orientarti-scopri-luniversita-delle-belle-arti\/\"]}]},{\"@type\":\"ImageObject\",\"inLanguage\":\"es\",\"@id\":\"https:\/\/www.unirufa.it\/orientarti-scopri-luniversita-delle-belle-arti\/#primaryimage\",\"url\":\"https:\/\/www.unirufa.it\/wp-content\/uploads\/2021\/04\/1440x450_Banner-Landing_Progetto-Orientamento-1.png\",\"contentUrl\":\"https:\/\/www.unirufa.it\/wp-content\/uploads\/2021\/04\/1440x450_Banner-Landing_Progetto-Orientamento-1.png\",\"width\":1440,\"height\":450,\"caption\":\"orientamento belle arti roma\"},{\"@type\":\"BreadcrumbList\",\"@id\":\"https:\/\/www.unirufa.it\/orientarti-scopri-luniversita-delle-belle-arti\/#breadcrumb\",\"itemListElement\":[{\"@type\":\"ListItem\",\"position\":1,\"name\":\"Home\",\"item\":\"https:\/\/www.unirufa.it\/\"},{\"@type\":\"ListItem\",\"position\":2,\"name\":\"Scopri l&#8217;universit\u00e0 delle belle arti\"}]},{\"@type\":\"WebSite\",\"@id\":\"https:\/\/www.unirufa.it\/#website\",\"url\":\"https:\/\/www.unirufa.it\/\",\"name\":\"RUFA - Rome University of Fine Arts\",\"description\":\"\",\"potentialAction\":[{\"@type\":\"SearchAction\",\"target\":{\"@type\":\"EntryPoint\",\"urlTemplate\":\"https:\/\/www.unirufa.it\/?s={search_term_string}\"},\"query-input\":{\"@type\":\"PropertyValueSpecification\",\"valueRequired\":true,\"valueName\":\"search_term_string\"}}],\"inLanguage\":\"es\"}]}<\/script>\n<!-- \/ Yoast SEO plugin. -->","yoast_head_json":{"title":"Test di Orientamento Accademia Belle Arti a Roma - RUFA","description":"Stai facendo la tua scelta universitaria nel mondo delle belle arti e ti senti confuso? Fai il test di orientamento!","robots":{"index":"index","follow":"follow","max-snippet":"max-snippet:-1","max-image-preview":"max-image-preview:large","max-video-preview":"max-video-preview:-1"},"canonical":"https:\/\/www.unirufa.it\/orientarti-scopri-luniversita-delle-belle-arti\/","og_locale":"es_ES","og_type":"article","og_title":"[:it]Test di Orientamento Accademia Belle Arti a Roma - RUFA[:]","og_description":"{:it}Stai facendo la tua scelta universitaria nel mondo delle belle arti e ti senti confuso? Fai il test di orientamento!{:}","og_url":"https:\/\/www.unirufa.it\/orientarti-scopri-luniversita-delle-belle-arti\/","og_site_name":"RUFA - Rome University of Fine Arts","article_modified_time":"2025-01-23T10:34:12+00:00","og_image":[{"width":1440,"height":450,"url":"https:\/\/www.unirufa.it\/wp-content\/uploads\/2021\/04\/1440x450_Banner-Landing_Progetto-Orientamento-1.png","type":"image\/png"}],"twitter_misc":{"Tiempo de lectura":"3 minutos"},"schema":{"@context":"https:\/\/schema.org","@graph":[{"@type":"WebPage","@id":"https:\/\/www.unirufa.it\/orientarti-scopri-luniversita-delle-belle-arti\/","url":"https:\/\/www.unirufa.it\/orientarti-scopri-luniversita-delle-belle-arti\/","name":"[:it]Test di Orientamento Accademia Belle Arti a Roma - RUFA[:]","isPartOf":{"@id":"https:\/\/www.unirufa.it\/#website"},"primaryImageOfPage":{"@id":"https:\/\/www.unirufa.it\/orientarti-scopri-luniversita-delle-belle-arti\/#primaryimage"},"image":{"@id":"https:\/\/www.unirufa.it\/orientarti-scopri-luniversita-delle-belle-arti\/#primaryimage"},"thumbnailUrl":"https:\/\/www.unirufa.it\/wp-content\/uploads\/2021\/04\/1440x450_Banner-Landing_Progetto-Orientamento-1.png","datePublished":"2021-03-29T10:03:10+00:00","dateModified":"2025-01-23T10:34:12+00:00","description":"{:it}Stai facendo la tua scelta universitaria nel mondo delle belle arti e ti senti confuso? Fai il test di orientamento!{:}","breadcrumb":{"@id":"https:\/\/www.unirufa.it\/orientarti-scopri-luniversita-delle-belle-arti\/#breadcrumb"},"inLanguage":"es","potentialAction":[{"@type":"ReadAction","target":["https:\/\/www.unirufa.it\/orientarti-scopri-luniversita-delle-belle-arti\/"]}]},{"@type":"ImageObject","inLanguage":"es","@id":"https:\/\/www.unirufa.it\/orientarti-scopri-luniversita-delle-belle-arti\/#primaryimage","url":"https:\/\/www.unirufa.it\/wp-content\/uploads\/2021\/04\/1440x450_Banner-Landing_Progetto-Orientamento-1.png","contentUrl":"https:\/\/www.unirufa.it\/wp-content\/uploads\/2021\/04\/1440x450_Banner-Landing_Progetto-Orientamento-1.png","width":1440,"height":450,"caption":"orientamento belle arti roma"},{"@type":"BreadcrumbList","@id":"https:\/\/www.unirufa.it\/orientarti-scopri-luniversita-delle-belle-arti\/#breadcrumb","itemListElement":[{"@type":"ListItem","position":1,"name":"Home","item":"https:\/\/www.unirufa.it\/"},{"@type":"ListItem","position":2,"name":"Scopri l&#8217;universit\u00e0 delle belle arti"}]},{"@type":"WebSite","@id":"https:\/\/www.unirufa.it\/#website","url":"https:\/\/www.unirufa.it\/","name":"RUFA - Rome University of Fine Arts","description":"","potentialAction":[{"@type":"SearchAction","target":{"@type":"EntryPoint","urlTemplate":"https:\/\/www.unirufa.it\/?s={search_term_string}"},"query-input":{"@type":"PropertyValueSpecification","valueRequired":true,"valueName":"search_term_string"}}],"inLanguage":"es"}]}},"_links":{"self":[{"href":"https:\/\/www.unirufa.it\/es\/wp-json\/wp\/v2\/pages\/40660","targetHints":{"allow":["GET"]}}],"collection":[{"href":"https:\/\/www.unirufa.it\/es\/wp-json\/wp\/v2\/pages"}],"about":[{"href":"https:\/\/www.unirufa.it\/es\/wp-json\/wp\/v2\/types\/page"}],"author":[{"embeddable":true,"href":"https:\/\/www.unirufa.it\/es\/wp-json\/wp\/v2\/users\/21"}],"replies":[{"embeddable":true,"href":"https:\/\/www.unirufa.it\/es\/wp-json\/wp\/v2\/comments?post=40660"}],"version-history":[{"count":45,"href":"https:\/\/www.unirufa.it\/es\/wp-json\/wp\/v2\/pages\/40660\/revisions"}],"predecessor-version":[{"id":141742,"href":"https:\/\/www.unirufa.it\/es\/wp-json\/wp\/v2\/pages\/40660\/revisions\/141742"}],"wp:featuredmedia":[{"embeddable":true,"href":"https:\/\/www.unirufa.it\/es\/wp-json\/wp\/v2\/media\/41644"}],"wp:attachment":[{"href":"https:\/\/www.unirufa.it\/es\/wp-json\/wp\/v2\/media?parent=40660"}],"curies":[{"name":"wp","href":"https:\/\/api.w.org\/{rel}","templated":true}]}}