


{"id":4135,"date":"2014-10-21T13:10:40","date_gmt":"2014-10-21T13:10:40","guid":{"rendered":"http:\/\/www.unirufa.it\/?page_id=4135"},"modified":"2014-10-21T13:10:40","modified_gmt":"2014-10-21T13:10:40","slug":"note-legali-e-policy-privacy","status":"publish","type":"page","link":"https:\/\/www.unirufa.it\/es\/note-legali-e-policy-privacy\/","title":{"rendered":"Note Legali e Policy Privacy"},"content":{"rendered":"<p class=\"qtranxs-available-languages-message qtranxs-available-languages-message-es\">Disculpa, pero esta entrada est\u00e1 disponible s\u00f3lo en <a href=\"https:\/\/www.unirufa.it\/it\/wp-json\/wp\/v2\/pages\/4135\" class=\"qtranxs-available-language-link qtranxs-available-language-link-it\" title=\"IT\">IT<\/a> y <a href=\"https:\/\/www.unirufa.it\/en\/wp-json\/wp\/v2\/pages\/4135\" class=\"qtranxs-available-language-link qtranxs-available-language-link-en\" title=\"EN\">EN<\/a>.<\/p><p><\/p>\n<h1>Note Legali e Policy Privacy<\/h1>\n<h3>Note legali<\/h3>\n<p>Il sito web di Rome University of Fine Arts (RUFA) fornisce informazioni sull&#8217;attivit\u00e0 dell&#8217;Accademia e sui servizi dalla stessa offerti. La segnalazione di eventuali imprecisioni pu\u00f2 essere fatta inviando una mail all&#8217;indirizzo amministrazione@unirufa.it; l\u2019ufficio fornir\u00e0 un riscontro nel pi\u00f9 breve tempo possibile. \u2028Rome University of Fine Arts non potr\u00e0 essere ritenuta in alcun modo responsabile dei danni di qualsiasi natura causati direttamente o indirettamente dall&#8217;accesso e fruizione del Sito e dei relativi servizi oppure dall&#8217;utilizzo degli strumenti interattivi. L&#8217;utente accetta che il sito e tutti i suoi contenuti, ivi compresi i servizi eventualmente offerti, sono forniti \u00abcos\u00ec come sono\u00bb e \u00abcon tutti gli errori\u00bb.\u00a0 Rome University of Fine Arts si riserva, in qualsiasi momento e senza preavviso, il diritto di inibire o proibire o sospendere l&#8217;accesso al presente sito ed ai relativi servizi e di modificare i contenuti del sito e di queste note in qualsiasi momento e senza alcun preavviso. Rome University of Fine Arts non rilascia alcun tipo di garanzia, esplicita o implicita, riguardo contenuti e le informazioni presenti sul sito, ivi compresi, senza alcuna limitazione, la liceit\u00e0, il diritto di propriet\u00e0, la convenienza o l&#8217;adeguatezza a particolari scopi o usi. Qualsiasi accesso abusivo, alterazione, falsificazione, modificazione o cancellazione in tutto o in parte del contenuto delle informazioni pubblicate, ovvero impedimento o turbamento del funzionamento di questo sito o dei servizi erogati, \u00e8 severamente vietato e gli autori saranno perseguiti a norma del Codice Penale e della Legge 23 dicembre 1993, n. 547.\u00a0 L&#8217;eventuale inosservanza delle presenti disposizioni, salvo esplicita autorizzazione scritta, sar\u00e0 perseguita nelle competenti sedi giudiziarie civili e penali.<\/p>\n<h3>Copyright<\/h3>\n<p>I contenuti del sito web &#8211; a titolo esemplificativo codice di script, software, grafica, testi, tabelle, immagini, suoni, video, files, metadata e ogni altra informazione disponibile in qualunque forma &#8211; sono protetti ai sensi della normativa in tema di opere dell&#8217;ingegno. Ogni prodotto o servizio menzionati in questo sito sono marchi dei rispettivi proprietari o titolari e possono essere protetti da brevetti e\/o copyright concessi o registrati dalle autorit\u00e0 preposte. La riproduzione dei contenuti del sito potr\u00e0 avvenire con il previo consenso di Rome University of Fine Arts. Le note di copyright, gli autori ove indicati o la fonte stessa devono in tutti i casi essere citati nelle pubblicazioni in qualunque forma realizzate e diffuse. I dati personali presenti sul sito web (ad esempio, indirizzo mail, telefono, numero di fax) possono essere utilizzati dagli utenti solo per finalit\u00e0 connesse alle attivit\u00e0 di didattica e di ricerca dell&#8217;Accademia. Sono vietati l&#8217;utilizzo dei dati pubblicati per finalit\u00e0 di marketing, commerciali in assenza di preventivo consenso da parte dell&#8217;interessato e l&#8217;attivit\u00e0 di spamming. Eventuali violazioni saranno segnalate alle autorit\u00e0 competenti. \u00c8 vietato il cd. deep linking ossia l&#8217;utilizzo non trasparente, su siti di soggetti terzi, di parti del Sito.<\/p>\n<h3>Accesso a siti esterni collegati<\/h3>\n<p>L&#8217;esistenza di un collegamento ipertestuale (link) verso un altro sito non comporta alcuna approvazione, neanche parziale e\/o indiretta, da parte di Rome University of Fine Arts.<br \/>\nPer l\u2019eventuale presenza di Rome University of Fine Arts sui social media, si rimanda alle relative condizioni di servizio in materia di copyright, che gli utenti sono tenuti a conoscere e a verificare.<\/p>\n<h3>Virus informatici<\/h3>\n<p>Rome University of Fine Arts non garantisce che il sito sia privo di errori o virus. Rome University of Fine Arts i suoi fornitori e i suoi collaboratori non sono responsabili per i danni subiti dall\u2019utente a causa di tali elementi di carattere distruttivo.<\/p>\n<h3>Policy Privacy<\/h3>\n<p>La presente privacy policy illustra le modalit\u00e0 di trattamento dei dati degli utenti del sito web www.unirufa.it<br \/>\nLe tipologie di utenti sono:<\/p>\n<ul>\n<li>semplici visitatori del sito<\/li>\n<li>utenti che accedono ai servizi tramite autenticazione<\/li>\n<\/ul>\n<p><strong>1. Perch\u00e9 questo avviso<\/strong><br \/>\nSi tratta di un&#8217;informativa che \u00e8 resa ai sensi dell&#8217;art. 13 del d.lgs. n. 196\/2003 &#8211; Codice in materia di protezione dei dati personali a coloro che interagiscono con i servizi web del sito web.<\/p>\n<p><strong>2. Il titolare del trattamento<\/strong><br \/>\nA seguito della consultazione del sito web www.unirufa.it possono essere trattati dati relativi a persone identificate o identificabili. Il \u00abtitolare\u00bb del relativo trattamento di dati personali \u00e8\u00a0 RUFA\u2013 Rome University of Fine Arts, con sede in via Benaco 2 \u2013 00199 Roma;<\/p>\n<p><strong>3. Il luogo di trattamento dei dati<\/strong><br \/>\nI trattamenti connessi al sito web hanno luogo presso Via Benaco, 2, 00199 Roma<br \/>\nI dati personali forniti dagli utenti che inoltrano richieste di invio di materiale informativo sono utilizzati al solo fine di eseguire il servizio o la prestazione richiesta e sono comunicati a terzi nel solo caso in cui ci\u00f2 sia a tal fine necessario.<\/p>\n<p><strong>4. Tipi di dati trattati<\/strong><\/p>\n<h5>Dati di navigazione<\/h5>\n<p>I sistemi informatici e le procedure software preposte al funzionamento del sito web acquisiscono, nel corso del loro normale esercizio, alcuni dati personali la cui trasmissione \u00e8 implicita nell&#8217;uso dei protocolli di comunicazione di Internet o \u00e8 utilizzata per migliorare la qualit\u00e0 del servizio offerto. Si tratta di informazioni che non sono raccolte per essere associate a interessati identificati, ma che per loro stessa natura potrebbero, attraverso elaborazioni ed associazioni, permettere di identificare gli utenti. In questa categoria di dati rientrano gli indirizzi IP o i nomi a dominio dei computer utilizzati dagli utenti che si connettono al sito, l&#8217;orario della richiesta, il metodo utilizzato nel sottoporre la richiesta al server, la dimensione del file ottenuto in risposta, il codice numerico indicante lo stato della risposta data dal server (buon fine, errore, ecc.) ed altri parametri relativi al sistema operativo e all&#8217;ambiente informatico dell&#8217;utente. Questi dati vengono utilizzati al solo fine di ricavare informazioni statistiche anonime (poich\u00e9 in forma aggregata), sull&#8217;uso del sito, sui servizi resi e per controllarne il corretto funzionamento e vengono cancellati periodicamente. I dati potrebbero essere utilizzati per l&#8217;accertamento di responsabilit\u00e0 in caso di ipotetici reati informatici ai danni del sistema Portale o di terzi su richiesta della magistratura e della polizia giudiziaria.<\/p>\n<h5>Dati forniti volontariamente dall&#8217;utente<\/h5>\n<p>L&#8217;invio facoltativo, esplicito e volontario di posta elettronica agli indirizzi indicati su questo portale comporta la successiva acquisizione dell&#8217;indirizzo del mittente, necessario per rispondere alle richieste, nonch\u00e9 degli eventuali altri dati personali inseriti nella missiva. Si assicura, tuttavia, che tale trattamento sar\u00e0 improntato ai principi di correttezza, liceit\u00e0 e trasparenza e di tutela della riservatezza come indicato nel decreto legislativo 196\/03. I dati possono essere scambiati con altre Accademie od Universit\u00e0, con enti come il Ministero dell\u2019Universit\u00e0 e della Ricerca, il Ministero delle Finanze o la Guardia di Finanza, e con l\u2019Agenzia per il Diritto agli Studi Universitari nel Lazio \u2013 LAZIODISU territoriale \u201cLa Sapienza\u201d di Roma per i controlli previsti.<\/p>\n<p><strong>5. Modalit\u00e0 di trattamento dei dati<\/strong><br \/>\nIl trattamento dei dati dal parte del Titolare \u00e8 effettuato in forma scritta e\/o su supporto\u00a0 cartaceo, magnetico, elettronico ed informatico; i dati sono inseriti nelle pertinenti\u00a0 banche dati e per competenza (clienti, fornitori, amministrazione, ecc..), mediante\u00a0 strumenti idonei e protetti secondo i parametri di sicurezza dettati dal D.lgs n. 196\/2003<\/p>\n<p><strong>6. Diritti degli interessati<\/strong><br \/>\nGli utenti possono esercitare i diritti sui propri dati previsti dall&#8217;art. 7 del d.lgs. n. 196\/2003 attraverso l&#8217;invio di una specifica istanza ad oggetto \u00abdiritti privacy\u00bb al Responsabile del trattamento dei dati.<\/p>","protected":false},"excerpt":{"rendered":"<p>Disculpa, pero esta entrada est\u00e1 disponible s\u00f3lo en IT y EN. Note Legali e Policy Privacy Note legali Il sito web di Rome University of Fine Arts (RUFA) fornisce informazioni sull&#8217;attivit\u00e0 dell&#8217;Accademia e sui servizi dalla stessa offerti. La segnalazione di eventuali imprecisioni pu\u00f2 essere fatta inviando una mail all&#8217;indirizzo amministrazione@unirufa.it; l\u2019ufficio fornir\u00e0 un riscontro&#8230;<\/p>\n","protected":false},"author":1,"featured_media":0,"parent":0,"menu_order":0,"comment_status":"closed","ping_status":"closed","template":"","meta":{"content-type":"","footnotes":""},"class_list":["post-4135","page","type-page","status-publish","hentry"],"yoast_head":"<!-- This site is optimized with the Yoast SEO plugin v24.2 - https:\/\/yoast.com\/wordpress\/plugins\/seo\/ -->\n<title>Note Legali e Policy Privacy - RUFA - Rome University of Fine Arts<\/title>\n<meta name=\"robots\" content=\"index, follow, max-snippet:-1, max-image-preview:large, max-video-preview:-1\" \/>\n<link rel=\"canonical\" href=\"https:\/\/www.unirufa.it\/note-legali-e-policy-privacy\/\" \/>\n<meta property=\"og:locale\" content=\"es_ES\" \/>\n<meta property=\"og:type\" content=\"article\" \/>\n<meta property=\"og:title\" content=\"Note Legali e Policy Privacy - RUFA - Rome University of Fine Arts\" \/>\n<meta property=\"og:description\" content=\"Disculpa, pero esta entrada est\u00e1 disponible s\u00f3lo en IT y EN. Note Legali e Policy Privacy Note legali Il sito web di Rome University of Fine Arts (RUFA) fornisce informazioni sull&#8217;attivit\u00e0 dell&#8217;Accademia e sui servizi dalla stessa offerti. La segnalazione di eventuali imprecisioni pu\u00f2 essere fatta inviando una mail all&#8217;indirizzo amministrazione@unirufa.it; l\u2019ufficio fornir\u00e0 un riscontro...\" \/>\n<meta property=\"og:url\" content=\"https:\/\/www.unirufa.it\/note-legali-e-policy-privacy\/\" \/>\n<meta property=\"og:site_name\" content=\"RUFA - Rome University of Fine Arts\" \/>\n<meta property=\"og:image\" content=\"https:\/\/www.unirufa.it\/wp-content\/uploads\/2017\/11\/logo-rufa-2016.png\" \/>\n\t<meta property=\"og:image:width\" content=\"230\" \/>\n\t<meta property=\"og:image:height\" content=\"149\" \/>\n\t<meta property=\"og:image:type\" content=\"image\/png\" \/>\n<meta name=\"twitter:label1\" content=\"Tiempo de lectura\" \/>\n\t<meta name=\"twitter:data1\" content=\"18 minutos\" \/>\n<script type=\"application\/ld+json\" class=\"yoast-schema-graph\">{\"@context\":\"https:\/\/schema.org\",\"@graph\":[{\"@type\":\"WebPage\",\"@id\":\"https:\/\/www.unirufa.it\/note-legali-e-policy-privacy\/\",\"url\":\"https:\/\/www.unirufa.it\/note-legali-e-policy-privacy\/\",\"name\":\"Note Legali e Policy Privacy - RUFA - Rome University of Fine Arts\",\"isPartOf\":{\"@id\":\"https:\/\/www.unirufa.it\/#website\"},\"datePublished\":\"2014-10-21T13:10:40+00:00\",\"dateModified\":\"2014-10-21T13:10:40+00:00\",\"breadcrumb\":{\"@id\":\"https:\/\/www.unirufa.it\/note-legali-e-policy-privacy\/#breadcrumb\"},\"inLanguage\":\"es\",\"potentialAction\":[{\"@type\":\"ReadAction\",\"target\":[\"https:\/\/www.unirufa.it\/note-legali-e-policy-privacy\/\"]}]},{\"@type\":\"BreadcrumbList\",\"@id\":\"https:\/\/www.unirufa.it\/note-legali-e-policy-privacy\/#breadcrumb\",\"itemListElement\":[{\"@type\":\"ListItem\",\"position\":1,\"name\":\"Home\",\"item\":\"https:\/\/www.unirufa.it\/\"},{\"@type\":\"ListItem\",\"position\":2,\"name\":\"Note Legali e Policy Privacy\"}]},{\"@type\":\"WebSite\",\"@id\":\"https:\/\/www.unirufa.it\/#website\",\"url\":\"https:\/\/www.unirufa.it\/\",\"name\":\"RUFA - Rome University of Fine Arts\",\"description\":\"\",\"potentialAction\":[{\"@type\":\"SearchAction\",\"target\":{\"@type\":\"EntryPoint\",\"urlTemplate\":\"https:\/\/www.unirufa.it\/?s={search_term_string}\"},\"query-input\":{\"@type\":\"PropertyValueSpecification\",\"valueRequired\":true,\"valueName\":\"search_term_string\"}}],\"inLanguage\":\"es\"}]}<\/script>\n<!-- \/ Yoast SEO plugin. -->","yoast_head_json":{"title":"Note Legali e Policy Privacy - RUFA - Rome University of Fine Arts","robots":{"index":"index","follow":"follow","max-snippet":"max-snippet:-1","max-image-preview":"max-image-preview:large","max-video-preview":"max-video-preview:-1"},"canonical":"https:\/\/www.unirufa.it\/note-legali-e-policy-privacy\/","og_locale":"es_ES","og_type":"article","og_title":"Note Legali e Policy Privacy - RUFA - Rome University of Fine Arts","og_description":"Disculpa, pero esta entrada est\u00e1 disponible s\u00f3lo en IT y EN. Note Legali e Policy Privacy Note legali Il sito web di Rome University of Fine Arts (RUFA) fornisce informazioni sull&#8217;attivit\u00e0 dell&#8217;Accademia e sui servizi dalla stessa offerti. La segnalazione di eventuali imprecisioni pu\u00f2 essere fatta inviando una mail all&#8217;indirizzo amministrazione@unirufa.it; l\u2019ufficio fornir\u00e0 un riscontro...","og_url":"https:\/\/www.unirufa.it\/note-legali-e-policy-privacy\/","og_site_name":"RUFA - Rome University of Fine Arts","og_image":[{"width":230,"height":149,"url":"https:\/\/www.unirufa.it\/wp-content\/uploads\/2017\/11\/logo-rufa-2016.png","type":"image\/png"}],"twitter_misc":{"Tiempo de lectura":"18 minutos"},"schema":{"@context":"https:\/\/schema.org","@graph":[{"@type":"WebPage","@id":"https:\/\/www.unirufa.it\/note-legali-e-policy-privacy\/","url":"https:\/\/www.unirufa.it\/note-legali-e-policy-privacy\/","name":"Note Legali e Policy Privacy - RUFA - Rome University of Fine Arts","isPartOf":{"@id":"https:\/\/www.unirufa.it\/#website"},"datePublished":"2014-10-21T13:10:40+00:00","dateModified":"2014-10-21T13:10:40+00:00","breadcrumb":{"@id":"https:\/\/www.unirufa.it\/note-legali-e-policy-privacy\/#breadcrumb"},"inLanguage":"es","potentialAction":[{"@type":"ReadAction","target":["https:\/\/www.unirufa.it\/note-legali-e-policy-privacy\/"]}]},{"@type":"BreadcrumbList","@id":"https:\/\/www.unirufa.it\/note-legali-e-policy-privacy\/#breadcrumb","itemListElement":[{"@type":"ListItem","position":1,"name":"Home","item":"https:\/\/www.unirufa.it\/"},{"@type":"ListItem","position":2,"name":"Note Legali e Policy Privacy"}]},{"@type":"WebSite","@id":"https:\/\/www.unirufa.it\/#website","url":"https:\/\/www.unirufa.it\/","name":"RUFA - Rome University of Fine Arts","description":"","potentialAction":[{"@type":"SearchAction","target":{"@type":"EntryPoint","urlTemplate":"https:\/\/www.unirufa.it\/?s={search_term_string}"},"query-input":{"@type":"PropertyValueSpecification","valueRequired":true,"valueName":"search_term_string"}}],"inLanguage":"es"}]}},"_links":{"self":[{"href":"https:\/\/www.unirufa.it\/es\/wp-json\/wp\/v2\/pages\/4135","targetHints":{"allow":["GET"]}}],"collection":[{"href":"https:\/\/www.unirufa.it\/es\/wp-json\/wp\/v2\/pages"}],"about":[{"href":"https:\/\/www.unirufa.it\/es\/wp-json\/wp\/v2\/types\/page"}],"author":[{"embeddable":true,"href":"https:\/\/www.unirufa.it\/es\/wp-json\/wp\/v2\/users\/1"}],"replies":[{"embeddable":true,"href":"https:\/\/www.unirufa.it\/es\/wp-json\/wp\/v2\/comments?post=4135"}],"version-history":[{"count":8,"href":"https:\/\/www.unirufa.it\/es\/wp-json\/wp\/v2\/pages\/4135\/revisions"}],"predecessor-version":[{"id":4144,"href":"https:\/\/www.unirufa.it\/es\/wp-json\/wp\/v2\/pages\/4135\/revisions\/4144"}],"wp:attachment":[{"href":"https:\/\/www.unirufa.it\/es\/wp-json\/wp\/v2\/media?parent=4135"}],"curies":[{"name":"wp","href":"https:\/\/api.w.org\/{rel}","templated":true}]}}