


{"id":43074,"date":"2021-04-29T18:13:09","date_gmt":"2021-04-29T16:13:09","guid":{"rendered":"https:\/\/www.unirufa.it\/?page_id=43074"},"modified":"2021-12-10T16:44:17","modified_gmt":"2021-12-10T15:44:17","slug":"ausoni-occupato","status":"publish","type":"page","link":"https:\/\/www.unirufa.it\/es\/ausoni-occupato\/","title":{"rendered":"Ausoni Occupato"},"content":{"rendered":"<p class=\"qtranxs-available-languages-message qtranxs-available-languages-message-es\">Disculpa, pero esta entrada est\u00e1 disponible s\u00f3lo en <a href=\"https:\/\/www.unirufa.it\/it\/wp-json\/wp\/v2\/pages\/43074\" class=\"qtranxs-available-language-link qtranxs-available-language-link-it\" title=\"IT\">IT<\/a> y <a href=\"https:\/\/www.unirufa.it\/en\/wp-json\/wp\/v2\/pages\/43074\" class=\"qtranxs-available-language-link qtranxs-available-language-link-en\" title=\"EN\">EN<\/a>.<\/p>Ausoni occupato \u00e8 un progetto di <strong><a href=\"https:\/\/www.unirufa.it\/docenti\/simone-cametti\/\">Simone Cametti<\/a><\/strong> che coinvolge gli studenti della scuola di Arti visive. Si tratta di <strong>una serie di eventi multimediali volti ad esplorare tutte le possibili relazioni tra le diverse discipline artistiche<\/strong>. L\u2019obiettivo \u00e8 quello di far maturare in ogni singolo studente una maggiore consapevolezza delle possibilit\u00e0 espressive delle tecniche e dei mezzi artistici.<\/p>\n<p><strong>Da aprile a giugno 2021 si svilupperanno una serie di azioni degli studenti volte a \u201coccupare\u201d il RUFA Space per mezzo di fotografie, opere pittoriche, installazioni multimediali e performance, con azioni della durata massima di 24 ore<\/strong>. Il progetto si ispira alle diverse esperienze di \u201coccupazione\u201d artistica che si sono date nell&#8217;ultimo secolo: dalle pratiche Fluxus con Fluxhouse, alla Kunsthaus Tacheles di Berlino, al 59 Rue de Rivoli di Parigi. Occupare, oggi pi\u00f9 che mai, \u00e8 un atto necessario.<\/p>\n<p>Ogni azione sar\u00e0 accompagnata da una nota di <strong><a href=\"https:\/\/www.unirufa.it\/beatrice-levorato\/\">Beatrice Levorato<\/a>.<\/strong><\/p>\n<p><h1><span style=\"color: #80379b;\">Ecco tutto gli eventi che rientrano nel progetto<\/span><\/h1>\n<\/p>\n<div class=\"col-sm-12 col-lg-6\" style=\"padding-left: 0; margin-bottom: 10px\">\n<a href=\"https:\/\/www.unirufa.it\/evento\/620-secondi\/\"><img decoding=\"async\" class=\"alignnone wp-image-29804 size-full\" src=\"https:\/\/www.unirufa.it\/wp-content\/uploads\/2021\/04\/620-secondi-Miriana-DAlessandro_Immagine_1050x600.jpg\" alt=\"\" width=\"100%\" height=\"auto\" \/><\/a><br \/>\n<a href=\"https:\/\/www.unirufa.it\/evento\/620-secondi\/\"><\/p>\n<h3>620 secondi<\/h3>\n<p> <\/a><\/div>\n<div class=\"col-sm-12 col-lg-6\" style=\"padding-left: 0; margin-bottom: 10px\">\n<a href=\"https:\/\/www.unirufa.it\/evento\/cadde-risorse-e-giacque\/\"><img decoding=\"async\" class=\"alignnone wp-image-29804 size-full\" src=\"https:\/\/www.unirufa.it\/wp-content\/uploads\/2021\/04\/AlessandroMartina_news.jpg\" alt=\"\" width=\"100%\" height=\"auto\" \/><\/a><br \/>\n<a href=\"https:\/\/www.unirufa.it\/evento\/cadde-risorse-e-giacque\/\"><\/p>\n<h3>Cadde, risorse e giacque \u2026<\/h3>\n<p> <\/a>\n<\/div>\n<div class=\"col-sm-12 col-lg-6\" style=\"padding-left: 0; margin-bottom: 10px\">\n<a href=\"https:\/\/www.unirufa.it\/evento\/contrattempo\/\"><img decoding=\"async\" class=\"alignnone wp-image-29804 size-full\" src=\"https:\/\/www.unirufa.it\/wp-content\/uploads\/2021\/05\/img_evento_contrattempo_francesco_politano_1050x600.jpg\" alt=\"\" width=\"100%\" height=\"auto\" \/><\/a><br \/>\n<a href=\"https:\/\/www.unirufa.it\/evento\/contrattempo\/\"><\/p>\n<h3>Contrattempo<\/h3>\n<p> <\/a>\n<\/div>\n<div class=\"col-sm-12 col-lg-6\" style=\"padding-left: 0; margin-bottom: 10px\">\n<a href=\"https:\/\/www.unirufa.it\/eventi\/superstrato\/\"><img decoding=\"async\" class=\"alignnone wp-image-29804 size-full\" src=\"https:\/\/www.unirufa.it\/wp-content\/uploads\/2021\/07\/Superstrato_1050x600.jpg\" alt=\"\" width=\"100%\" height=\"auto\" \/><\/a><br \/>\n<a href=\"https:\/\/www.unirufa.it\/eventi\/superstrato\/\"><\/p>\n<h3>Superstrato<\/h3>\n<p> <\/a>\n<\/div>\n<div class=\"col-sm-12 col-lg-6\" style=\"padding-left: 0; margin-bottom: 10px\">\n<a href=\"https:\/\/www.unirufa.it\/eventi\/still-going-e-3r\/\"><img decoding=\"async\" class=\"alignnone wp-image-29804 size-full\" src=\"https:\/\/www.unirufa.it\/wp-content\/uploads\/2021\/12\/Still-Going-3R-Ausono-Occupato.jpg\" alt=\"\" width=\"100%\" height=\"auto\" \/><\/a><br \/>\n<a href=\"https:\/\/www.unirufa.it\/eventi\/still-going-e-3r\/\"><\/p>\n<h3>Still Going e 3R<\/h3>\n<p> <\/a>\n<\/div>","protected":false},"excerpt":{"rendered":"<p>Disculpa, pero esta entrada est\u00e1 disponible s\u00f3lo en IT y EN.Ausoni occupato \u00e8 un progetto di Simone Cametti che coinvolge gli studenti della scuola di Arti visive. Si tratta di una serie di eventi multimediali volti ad esplorare tutte le possibili relazioni tra le diverse discipline artistiche. L\u2019obiettivo \u00e8 quello di far maturare in ogni&#8230;<\/p>\n","protected":false},"author":12,"featured_media":43073,"parent":0,"menu_order":0,"comment_status":"closed","ping_status":"closed","template":"","meta":{"content-type":"","footnotes":""},"class_list":["post-43074","page","type-page","status-publish","has-post-thumbnail","hentry"],"yoast_head":"<!-- This site is optimized with the Yoast SEO plugin v24.2 - https:\/\/yoast.com\/wordpress\/plugins\/seo\/ -->\n<title>Ausoni Occupato - RUFA - Rome University of Fine Arts<\/title>\n<meta name=\"description\" content=\"Una serie di eventi multimediali della scuola di Arti visive che esplorano tutte le possibili relazioni tra le diverse discipline artistiche.\" \/>\n<meta name=\"robots\" content=\"index, follow, max-snippet:-1, max-image-preview:large, max-video-preview:-1\" \/>\n<link rel=\"canonical\" href=\"https:\/\/www.unirufa.it\/ausoni-occupato\/\" \/>\n<meta property=\"og:locale\" content=\"es_ES\" \/>\n<meta property=\"og:type\" content=\"article\" \/>\n<meta property=\"og:title\" content=\"Ausoni Occupato - RUFA - Rome University of Fine Arts\" \/>\n<meta property=\"og:description\" content=\"{:it}Una serie di eventi multimediali della scuola di Arti visive che esplorano tutte le possibili relazioni tra le diverse discipline artistiche.{:}\" \/>\n<meta property=\"og:url\" content=\"https:\/\/www.unirufa.it\/ausoni-occupato\/\" \/>\n<meta property=\"og:site_name\" content=\"RUFA - Rome University of Fine Arts\" \/>\n<meta property=\"article:modified_time\" content=\"2021-12-10T15:44:17+00:00\" \/>\n<meta property=\"og:image\" content=\"https:\/\/www.unirufa.it\/wp-content\/uploads\/2021\/04\/AusoniOccupato.jpg\" \/>\n\t<meta property=\"og:image:width\" content=\"1440\" \/>\n\t<meta property=\"og:image:height\" content=\"600\" \/>\n\t<meta property=\"og:image:type\" content=\"image\/jpeg\" \/>\n<meta name=\"twitter:label1\" content=\"Tiempo de lectura\" \/>\n\t<meta name=\"twitter:data1\" content=\"2 minutos\" \/>\n<script type=\"application\/ld+json\" class=\"yoast-schema-graph\">{\"@context\":\"https:\/\/schema.org\",\"@graph\":[{\"@type\":\"WebPage\",\"@id\":\"https:\/\/www.unirufa.it\/ausoni-occupato\/\",\"url\":\"https:\/\/www.unirufa.it\/ausoni-occupato\/\",\"name\":\"Ausoni Occupato - RUFA - Rome University of Fine Arts\",\"isPartOf\":{\"@id\":\"https:\/\/www.unirufa.it\/#website\"},\"primaryImageOfPage\":{\"@id\":\"https:\/\/www.unirufa.it\/ausoni-occupato\/#primaryimage\"},\"image\":{\"@id\":\"https:\/\/www.unirufa.it\/ausoni-occupato\/#primaryimage\"},\"thumbnailUrl\":\"https:\/\/www.unirufa.it\/wp-content\/uploads\/2021\/04\/AusoniOccupato.jpg\",\"datePublished\":\"2021-04-29T16:13:09+00:00\",\"dateModified\":\"2021-12-10T15:44:17+00:00\",\"description\":\"{:it}Una serie di eventi multimediali della scuola di Arti visive che esplorano tutte le possibili relazioni tra le diverse discipline artistiche.{:}\",\"breadcrumb\":{\"@id\":\"https:\/\/www.unirufa.it\/ausoni-occupato\/#breadcrumb\"},\"inLanguage\":\"es\",\"potentialAction\":[{\"@type\":\"ReadAction\",\"target\":[\"https:\/\/www.unirufa.it\/ausoni-occupato\/\"]}]},{\"@type\":\"ImageObject\",\"inLanguage\":\"es\",\"@id\":\"https:\/\/www.unirufa.it\/ausoni-occupato\/#primaryimage\",\"url\":\"https:\/\/www.unirufa.it\/wp-content\/uploads\/2021\/04\/AusoniOccupato.jpg\",\"contentUrl\":\"https:\/\/www.unirufa.it\/wp-content\/uploads\/2021\/04\/AusoniOccupato.jpg\",\"width\":1440,\"height\":600},{\"@type\":\"BreadcrumbList\",\"@id\":\"https:\/\/www.unirufa.it\/ausoni-occupato\/#breadcrumb\",\"itemListElement\":[{\"@type\":\"ListItem\",\"position\":1,\"name\":\"Home\",\"item\":\"https:\/\/www.unirufa.it\/\"},{\"@type\":\"ListItem\",\"position\":2,\"name\":\"Ausoni Occupato\"}]},{\"@type\":\"WebSite\",\"@id\":\"https:\/\/www.unirufa.it\/#website\",\"url\":\"https:\/\/www.unirufa.it\/\",\"name\":\"RUFA - Rome University of Fine Arts\",\"description\":\"\",\"potentialAction\":[{\"@type\":\"SearchAction\",\"target\":{\"@type\":\"EntryPoint\",\"urlTemplate\":\"https:\/\/www.unirufa.it\/?s={search_term_string}\"},\"query-input\":{\"@type\":\"PropertyValueSpecification\",\"valueRequired\":true,\"valueName\":\"search_term_string\"}}],\"inLanguage\":\"es\"}]}<\/script>\n<!-- \/ Yoast SEO plugin. -->","yoast_head_json":{"title":"Ausoni Occupato - RUFA - Rome University of Fine Arts","description":"Una serie di eventi multimediali della scuola di Arti visive che esplorano tutte le possibili relazioni tra le diverse discipline artistiche.","robots":{"index":"index","follow":"follow","max-snippet":"max-snippet:-1","max-image-preview":"max-image-preview:large","max-video-preview":"max-video-preview:-1"},"canonical":"https:\/\/www.unirufa.it\/ausoni-occupato\/","og_locale":"es_ES","og_type":"article","og_title":"Ausoni Occupato - RUFA - Rome University of Fine Arts","og_description":"{:it}Una serie di eventi multimediali della scuola di Arti visive che esplorano tutte le possibili relazioni tra le diverse discipline artistiche.{:}","og_url":"https:\/\/www.unirufa.it\/ausoni-occupato\/","og_site_name":"RUFA - Rome University of Fine Arts","article_modified_time":"2021-12-10T15:44:17+00:00","og_image":[{"width":1440,"height":600,"url":"https:\/\/www.unirufa.it\/wp-content\/uploads\/2021\/04\/AusoniOccupato.jpg","type":"image\/jpeg"}],"twitter_misc":{"Tiempo de lectura":"2 minutos"},"schema":{"@context":"https:\/\/schema.org","@graph":[{"@type":"WebPage","@id":"https:\/\/www.unirufa.it\/ausoni-occupato\/","url":"https:\/\/www.unirufa.it\/ausoni-occupato\/","name":"Ausoni Occupato - RUFA - Rome University of Fine Arts","isPartOf":{"@id":"https:\/\/www.unirufa.it\/#website"},"primaryImageOfPage":{"@id":"https:\/\/www.unirufa.it\/ausoni-occupato\/#primaryimage"},"image":{"@id":"https:\/\/www.unirufa.it\/ausoni-occupato\/#primaryimage"},"thumbnailUrl":"https:\/\/www.unirufa.it\/wp-content\/uploads\/2021\/04\/AusoniOccupato.jpg","datePublished":"2021-04-29T16:13:09+00:00","dateModified":"2021-12-10T15:44:17+00:00","description":"{:it}Una serie di eventi multimediali della scuola di Arti visive che esplorano tutte le possibili relazioni tra le diverse discipline artistiche.{:}","breadcrumb":{"@id":"https:\/\/www.unirufa.it\/ausoni-occupato\/#breadcrumb"},"inLanguage":"es","potentialAction":[{"@type":"ReadAction","target":["https:\/\/www.unirufa.it\/ausoni-occupato\/"]}]},{"@type":"ImageObject","inLanguage":"es","@id":"https:\/\/www.unirufa.it\/ausoni-occupato\/#primaryimage","url":"https:\/\/www.unirufa.it\/wp-content\/uploads\/2021\/04\/AusoniOccupato.jpg","contentUrl":"https:\/\/www.unirufa.it\/wp-content\/uploads\/2021\/04\/AusoniOccupato.jpg","width":1440,"height":600},{"@type":"BreadcrumbList","@id":"https:\/\/www.unirufa.it\/ausoni-occupato\/#breadcrumb","itemListElement":[{"@type":"ListItem","position":1,"name":"Home","item":"https:\/\/www.unirufa.it\/"},{"@type":"ListItem","position":2,"name":"Ausoni Occupato"}]},{"@type":"WebSite","@id":"https:\/\/www.unirufa.it\/#website","url":"https:\/\/www.unirufa.it\/","name":"RUFA - Rome University of Fine Arts","description":"","potentialAction":[{"@type":"SearchAction","target":{"@type":"EntryPoint","urlTemplate":"https:\/\/www.unirufa.it\/?s={search_term_string}"},"query-input":{"@type":"PropertyValueSpecification","valueRequired":true,"valueName":"search_term_string"}}],"inLanguage":"es"}]}},"_links":{"self":[{"href":"https:\/\/www.unirufa.it\/es\/wp-json\/wp\/v2\/pages\/43074","targetHints":{"allow":["GET"]}}],"collection":[{"href":"https:\/\/www.unirufa.it\/es\/wp-json\/wp\/v2\/pages"}],"about":[{"href":"https:\/\/www.unirufa.it\/es\/wp-json\/wp\/v2\/types\/page"}],"author":[{"embeddable":true,"href":"https:\/\/www.unirufa.it\/es\/wp-json\/wp\/v2\/users\/12"}],"replies":[{"embeddable":true,"href":"https:\/\/www.unirufa.it\/es\/wp-json\/wp\/v2\/comments?post=43074"}],"version-history":[{"count":14,"href":"https:\/\/www.unirufa.it\/es\/wp-json\/wp\/v2\/pages\/43074\/revisions"}],"predecessor-version":[{"id":57504,"href":"https:\/\/www.unirufa.it\/es\/wp-json\/wp\/v2\/pages\/43074\/revisions\/57504"}],"wp:featuredmedia":[{"embeddable":true,"href":"https:\/\/www.unirufa.it\/es\/wp-json\/wp\/v2\/media\/43073"}],"wp:attachment":[{"href":"https:\/\/www.unirufa.it\/es\/wp-json\/wp\/v2\/media?parent=43074"}],"curies":[{"name":"wp","href":"https:\/\/api.w.org\/{rel}","templated":true}]}}