


{"id":44159,"date":"2021-05-17T13:39:08","date_gmt":"2021-05-17T11:39:08","guid":{"rendered":"https:\/\/www.unirufa.it\/?page_id=44159"},"modified":"2021-12-21T16:51:01","modified_gmt":"2021-12-21T15:51:01","slug":"san-lorenzo-place-identity-butta-la-pasta","status":"publish","type":"page","link":"https:\/\/www.unirufa.it\/es\/san-lorenzo-place-identity-butta-la-pasta\/","title":{"rendered":"Butta la Pasta"},"content":{"rendered":"<p class=\"qtranxs-available-languages-message qtranxs-available-languages-message-es\">Disculpa, pero esta entrada est\u00e1 disponible s\u00f3lo en <a href=\"https:\/\/www.unirufa.it\/it\/wp-json\/wp\/v2\/pages\/44159\" class=\"qtranxs-available-language-link qtranxs-available-language-link-it\" title=\"IT\">IT<\/a> y <a href=\"https:\/\/www.unirufa.it\/en\/wp-json\/wp\/v2\/pages\/44159\" class=\"qtranxs-available-language-link qtranxs-available-language-link-en\" title=\"EN\">EN<\/a>.<\/p><div class=\"col-sm-12 col-lg-2\" style=\"padding-left: 0;\">\n<h4><strong>CORSO<\/strong><\/h4>\n<\/div>\n<div class=\"col-sm-12 col-lg-10\" style=\"padding-left: 0;\">\n<h4>Graphic Design<\/h4>\n<\/div>\n<p>&nbsp;<\/p>\n<div class=\"col-sm-12 col-lg-2\" style=\"padding-left: 0;\">\n<h4><strong>DOCENTE<\/strong><\/h4>\n<\/div>\n<div class=\"col-sm-12 col-lg-10\" style=\"padding-left: 0;\">\n<h4>Guido Lombardo<\/h4>\n<\/div>\n<p>&nbsp;<\/p>\n<div class=\"col-sm-12 col-lg-2\" style=\"padding-left: 0;\">\n<h4><strong>STUDENTI<\/strong><\/h4>\n<\/div>\n<div class=\"col-sm-12 col-lg-10\" style=\"padding-left: 0;\">\n<h4>Sara Corona, Sara Stipcevich<\/h4>\n<\/div>\n<p>&nbsp;<\/p>\n<div class=\"su-image-carousel  su-image-carousel-has-spacing su-image-carousel-adaptive su-image-carousel-slides-style-minimal su-image-carousel-controls-style-light su-image-carousel-align-left\" style=\"\" data-flickity-options='{\"groupCells\":true,\"cellSelector\":\".su-image-carousel-item\",\"adaptiveHeight\":true,\"cellAlign\":\"left\",\"prevNextButtons\":true,\"pageDots\":false,\"autoPlay\":3000,\"imagesLoaded\":true,\"contain\":false,\"selectedAttraction\":0.025,\"friction\":0.28}' id=\"su_image_carousel_69de134b62b95\"><div class=\"su-image-carousel-item\"><div class=\"su-image-carousel-item-content\"><img loading=\"lazy\" decoding=\"async\" width=\"1050\" height=\"600\" src=\"https:\/\/www.unirufa.it\/wp-content\/uploads\/2021\/05\/san_lorenzo_place_identity_butta_la_pasta_corona_stipcevich.jpg\" class=\"\" alt=\"\" srcset=\"https:\/\/www.unirufa.it\/wp-content\/uploads\/2021\/05\/san_lorenzo_place_identity_butta_la_pasta_corona_stipcevich.jpg 1050w, https:\/\/www.unirufa.it\/wp-content\/uploads\/2021\/05\/san_lorenzo_place_identity_butta_la_pasta_corona_stipcevich-300x171.jpg 300w, https:\/\/www.unirufa.it\/wp-content\/uploads\/2021\/05\/san_lorenzo_place_identity_butta_la_pasta_corona_stipcevich-1024x585.jpg 1024w, https:\/\/www.unirufa.it\/wp-content\/uploads\/2021\/05\/san_lorenzo_place_identity_butta_la_pasta_corona_stipcevich-768x439.jpg 768w\" sizes=\"auto, (max-width: 1050px) 100vw, 1050px\" \/><\/div><\/div><div class=\"su-image-carousel-item\"><div class=\"su-image-carousel-item-content\"><img loading=\"lazy\" decoding=\"async\" width=\"1050\" height=\"600\" src=\"https:\/\/www.unirufa.it\/wp-content\/uploads\/2021\/05\/san_lorenzo_place_identity_butta_la_pasta_corona_stipcevich_print.jpg\" class=\"\" alt=\"\" srcset=\"https:\/\/www.unirufa.it\/wp-content\/uploads\/2021\/05\/san_lorenzo_place_identity_butta_la_pasta_corona_stipcevich_print.jpg 1050w, https:\/\/www.unirufa.it\/wp-content\/uploads\/2021\/05\/san_lorenzo_place_identity_butta_la_pasta_corona_stipcevich_print-300x171.jpg 300w, https:\/\/www.unirufa.it\/wp-content\/uploads\/2021\/05\/san_lorenzo_place_identity_butta_la_pasta_corona_stipcevich_print-1024x585.jpg 1024w, https:\/\/www.unirufa.it\/wp-content\/uploads\/2021\/05\/san_lorenzo_place_identity_butta_la_pasta_corona_stipcevich_print-768x439.jpg 768w\" sizes=\"auto, (max-width: 1050px) 100vw, 1050px\" \/><\/div><\/div><div class=\"su-image-carousel-item\"><div class=\"su-image-carousel-item-content\"><img loading=\"lazy\" decoding=\"async\" width=\"1050\" height=\"600\" src=\"https:\/\/www.unirufa.it\/wp-content\/uploads\/2021\/05\/san_lorenzo_place_identity_butta_la_pasta_corona_stipcevich_print2.jpg\" class=\"\" alt=\"\" srcset=\"https:\/\/www.unirufa.it\/wp-content\/uploads\/2021\/05\/san_lorenzo_place_identity_butta_la_pasta_corona_stipcevich_print2.jpg 1050w, https:\/\/www.unirufa.it\/wp-content\/uploads\/2021\/05\/san_lorenzo_place_identity_butta_la_pasta_corona_stipcevich_print2-300x171.jpg 300w, https:\/\/www.unirufa.it\/wp-content\/uploads\/2021\/05\/san_lorenzo_place_identity_butta_la_pasta_corona_stipcevich_print2-1024x585.jpg 1024w, https:\/\/www.unirufa.it\/wp-content\/uploads\/2021\/05\/san_lorenzo_place_identity_butta_la_pasta_corona_stipcevich_print2-768x439.jpg 768w\" sizes=\"auto, (max-width: 1050px) 100vw, 1050px\" \/><\/div><\/div><div class=\"su-image-carousel-item\"><div class=\"su-image-carousel-item-content\"><img loading=\"lazy\" decoding=\"async\" width=\"1050\" height=\"600\" src=\"https:\/\/www.unirufa.it\/wp-content\/uploads\/2021\/05\/san_lorenzo_place_identity_butta_la_pasta_corona_stipcevich_print1.jpg\" class=\"\" alt=\"\" srcset=\"https:\/\/www.unirufa.it\/wp-content\/uploads\/2021\/05\/san_lorenzo_place_identity_butta_la_pasta_corona_stipcevich_print1.jpg 1050w, https:\/\/www.unirufa.it\/wp-content\/uploads\/2021\/05\/san_lorenzo_place_identity_butta_la_pasta_corona_stipcevich_print1-300x171.jpg 300w, https:\/\/www.unirufa.it\/wp-content\/uploads\/2021\/05\/san_lorenzo_place_identity_butta_la_pasta_corona_stipcevich_print1-1024x585.jpg 1024w, https:\/\/www.unirufa.it\/wp-content\/uploads\/2021\/05\/san_lorenzo_place_identity_butta_la_pasta_corona_stipcevich_print1-768x439.jpg 768w\" sizes=\"auto, (max-width: 1050px) 100vw, 1050px\" \/><\/div><\/div><div class=\"su-image-carousel-item\"><div class=\"su-image-carousel-item-content\"><img loading=\"lazy\" decoding=\"async\" width=\"1050\" height=\"600\" src=\"https:\/\/www.unirufa.it\/wp-content\/uploads\/2021\/05\/san_lorenzo_place_identity_butta_la_pasta_corona_stipcevich_adv.jpg\" class=\"\" alt=\"\" srcset=\"https:\/\/www.unirufa.it\/wp-content\/uploads\/2021\/05\/san_lorenzo_place_identity_butta_la_pasta_corona_stipcevich_adv.jpg 1050w, https:\/\/www.unirufa.it\/wp-content\/uploads\/2021\/05\/san_lorenzo_place_identity_butta_la_pasta_corona_stipcevich_adv-300x171.jpg 300w, https:\/\/www.unirufa.it\/wp-content\/uploads\/2021\/05\/san_lorenzo_place_identity_butta_la_pasta_corona_stipcevich_adv-1024x585.jpg 1024w, https:\/\/www.unirufa.it\/wp-content\/uploads\/2021\/05\/san_lorenzo_place_identity_butta_la_pasta_corona_stipcevich_adv-768x439.jpg 768w\" sizes=\"auto, (max-width: 1050px) 100vw, 1050px\" \/><\/div><\/div><div class=\"su-image-carousel-item\"><div class=\"su-image-carousel-item-content\"><img loading=\"lazy\" decoding=\"async\" width=\"1050\" height=\"600\" src=\"https:\/\/www.unirufa.it\/wp-content\/uploads\/2021\/05\/san_lorenzo_place_identity_butta_la_pasta_corona_stipcevich_posters.jpg\" class=\"\" alt=\"\" srcset=\"https:\/\/www.unirufa.it\/wp-content\/uploads\/2021\/05\/san_lorenzo_place_identity_butta_la_pasta_corona_stipcevich_posters.jpg 1050w, https:\/\/www.unirufa.it\/wp-content\/uploads\/2021\/05\/san_lorenzo_place_identity_butta_la_pasta_corona_stipcevich_posters-300x171.jpg 300w, https:\/\/www.unirufa.it\/wp-content\/uploads\/2021\/05\/san_lorenzo_place_identity_butta_la_pasta_corona_stipcevich_posters-1024x585.jpg 1024w, https:\/\/www.unirufa.it\/wp-content\/uploads\/2021\/05\/san_lorenzo_place_identity_butta_la_pasta_corona_stipcevich_posters-768x439.jpg 768w\" sizes=\"auto, (max-width: 1050px) 100vw, 1050px\" \/><\/div><\/div><div class=\"su-image-carousel-item\"><div class=\"su-image-carousel-item-content\"><img loading=\"lazy\" decoding=\"async\" width=\"1050\" height=\"600\" src=\"https:\/\/www.unirufa.it\/wp-content\/uploads\/2021\/05\/san_lorenzo_place_identity_butta_la_pasta_corona_stipcevich_instagram_page.jpg\" class=\"\" alt=\"\" srcset=\"https:\/\/www.unirufa.it\/wp-content\/uploads\/2021\/05\/san_lorenzo_place_identity_butta_la_pasta_corona_stipcevich_instagram_page.jpg 1050w, https:\/\/www.unirufa.it\/wp-content\/uploads\/2021\/05\/san_lorenzo_place_identity_butta_la_pasta_corona_stipcevich_instagram_page-300x171.jpg 300w, https:\/\/www.unirufa.it\/wp-content\/uploads\/2021\/05\/san_lorenzo_place_identity_butta_la_pasta_corona_stipcevich_instagram_page-1024x585.jpg 1024w, https:\/\/www.unirufa.it\/wp-content\/uploads\/2021\/05\/san_lorenzo_place_identity_butta_la_pasta_corona_stipcevich_instagram_page-768x439.jpg 768w\" sizes=\"auto, (max-width: 1050px) 100vw, 1050px\" \/><\/div><\/div><div class=\"su-image-carousel-item\"><div class=\"su-image-carousel-item-content\"><img loading=\"lazy\" decoding=\"async\" width=\"1050\" height=\"600\" src=\"https:\/\/www.unirufa.it\/wp-content\/uploads\/2021\/05\/san_lorenzo_place_identity_butta_la_pasta_corona_stipcevich_shopper.jpg\" class=\"\" alt=\"\" srcset=\"https:\/\/www.unirufa.it\/wp-content\/uploads\/2021\/05\/san_lorenzo_place_identity_butta_la_pasta_corona_stipcevich_shopper.jpg 1050w, https:\/\/www.unirufa.it\/wp-content\/uploads\/2021\/05\/san_lorenzo_place_identity_butta_la_pasta_corona_stipcevich_shopper-300x171.jpg 300w, https:\/\/www.unirufa.it\/wp-content\/uploads\/2021\/05\/san_lorenzo_place_identity_butta_la_pasta_corona_stipcevich_shopper-1024x585.jpg 1024w, https:\/\/www.unirufa.it\/wp-content\/uploads\/2021\/05\/san_lorenzo_place_identity_butta_la_pasta_corona_stipcevich_shopper-768x439.jpg 768w\" sizes=\"auto, (max-width: 1050px) 100vw, 1050px\" \/><\/div><\/div><\/div><script id=\"su_image_carousel_69de134b62b95_script\">if(window.SUImageCarousel){setTimeout(function() {window.SUImageCarousel.initGallery(document.getElementById(\"su_image_carousel_69de134b62b95\"))}, 0);}var su_image_carousel_69de134b62b95_script=document.getElementById(\"su_image_carousel_69de134b62b95_script\");if(su_image_carousel_69de134b62b95_script){su_image_carousel_69de134b62b95_script.parentNode.removeChild(su_image_carousel_69de134b62b95_script);}<\/script>\n<h3>Il progetto<\/h3>\n<p>Abbiamo scelto come argomento del lavoro food, drink e socialit\u00e0. Inizialmente abbiamo fatto delle interviste a persone di et\u00e0 compresa tra i 20 e i 50 anni, da cui \u00e8 risultato che il piatto preferito sia la pasta. Inoltre abbiamo parlato con il Dott. Giuseppe D\u2019Onofrio Caputo, psicologo e sociologo che ci ha illustrato la relazione tra la socialit\u00e0 e il cibo e di come questo significhi affetto, ospitalit\u00e0, riconoscimento di s\u00e9 stessi e della propria famiglia. Partendo da questi risultati abbiamo deciso di realizzare un progetto riguardante un evento di streetfood a San Lorenzo, legato alla pasta e soprattutto alle ricette della tradizione romana.<\/p>\n<div class=\"col-sm-12 col-lg-6\" style=\"padding-left: 0;\"><a id=\"btn-regolamentocorso\" class=\"download-btn\" style=\"background-color: #000000;\" href=\"https:\/\/www.unirufa.it\/san-lorenzo-place-identity\/#progetti\"><span style=\"color: #ffffff;\">TORNA AI PROGETTI<\/span><\/a><\/div>\n<p>&nbsp;","protected":false},"excerpt":{"rendered":"<p>Disculpa, pero esta entrada est\u00e1 disponible s\u00f3lo en IT y EN. CORSO Graphic Design &nbsp; DOCENTE Guido Lombardo &nbsp; STUDENTI Sara Corona, Sara Stipcevich &nbsp; Il progetto Abbiamo scelto come argomento del lavoro food, drink e socialit\u00e0. Inizialmente abbiamo fatto delle interviste a persone di et\u00e0 compresa tra i 20 e i 50 anni, da&#8230;<\/p>\n","protected":false},"author":22,"featured_media":0,"parent":0,"menu_order":0,"comment_status":"closed","ping_status":"closed","template":"","meta":{"content-type":"","footnotes":""},"class_list":["post-44159","page","type-page","status-publish","hentry"],"yoast_head":"<!-- This site is optimized with the Yoast SEO plugin v24.2 - https:\/\/yoast.com\/wordpress\/plugins\/seo\/ -->\n<title>Butta la pasta: il progetto degli studenti RUFA per San Lorenzo - RUFA<\/title>\n<meta name=\"description\" content=\"Sapevi che tra i nostri intervistati di et\u00e0 compresa tra i 20 e i 50 anni il cibo preferito \u00e8 la pasta? Scopri di pi\u00f9 sul nostro progetto!\" \/>\n<meta name=\"robots\" content=\"index, follow, max-snippet:-1, max-image-preview:large, max-video-preview:-1\" \/>\n<link rel=\"canonical\" href=\"https:\/\/www.unirufa.it\/san-lorenzo-place-identity-butta-la-pasta\/\" \/>\n<meta property=\"og:locale\" content=\"es_ES\" \/>\n<meta property=\"og:type\" content=\"article\" \/>\n<meta property=\"og:title\" content=\"Butta la pasta: il progetto degli studenti RUFA per San Lorenzo - RUFA\" \/>\n<meta property=\"og:description\" content=\"Sapevi che tra i nostri intervistati di et\u00e0 compresa tra i 20 e i 50 anni il cibo preferito \u00e8 la pasta? Scopri di pi\u00f9 sul nostro progetto!\" \/>\n<meta property=\"og:url\" content=\"https:\/\/www.unirufa.it\/san-lorenzo-place-identity-butta-la-pasta\/\" \/>\n<meta property=\"og:site_name\" content=\"RUFA - Rome University of Fine Arts\" \/>\n<meta property=\"article:modified_time\" content=\"2021-12-21T15:51:01+00:00\" \/>\n<meta property=\"og:image\" content=\"https:\/\/www.unirufa.it\/wp-content\/uploads\/2017\/11\/logo-rufa-2016.png\" \/>\n\t<meta property=\"og:image:width\" content=\"230\" \/>\n\t<meta property=\"og:image:height\" content=\"149\" \/>\n\t<meta property=\"og:image:type\" content=\"image\/png\" \/>\n<meta name=\"twitter:label1\" content=\"Tiempo de lectura\" \/>\n\t<meta name=\"twitter:data1\" content=\"1 minuto\" \/>\n<script type=\"application\/ld+json\" class=\"yoast-schema-graph\">{\"@context\":\"https:\/\/schema.org\",\"@graph\":[{\"@type\":\"WebPage\",\"@id\":\"https:\/\/www.unirufa.it\/san-lorenzo-place-identity-butta-la-pasta\/\",\"url\":\"https:\/\/www.unirufa.it\/san-lorenzo-place-identity-butta-la-pasta\/\",\"name\":\"Butta la pasta: il progetto degli studenti RUFA per San Lorenzo - RUFA\",\"isPartOf\":{\"@id\":\"https:\/\/www.unirufa.it\/#website\"},\"datePublished\":\"2021-05-17T11:39:08+00:00\",\"dateModified\":\"2021-12-21T15:51:01+00:00\",\"description\":\"Sapevi che tra i nostri intervistati di et\u00e0 compresa tra i 20 e i 50 anni il cibo preferito \u00e8 la pasta? Scopri di pi\u00f9 sul nostro progetto!\",\"breadcrumb\":{\"@id\":\"https:\/\/www.unirufa.it\/san-lorenzo-place-identity-butta-la-pasta\/#breadcrumb\"},\"inLanguage\":\"es\",\"potentialAction\":[{\"@type\":\"ReadAction\",\"target\":[\"https:\/\/www.unirufa.it\/san-lorenzo-place-identity-butta-la-pasta\/\"]}]},{\"@type\":\"BreadcrumbList\",\"@id\":\"https:\/\/www.unirufa.it\/san-lorenzo-place-identity-butta-la-pasta\/#breadcrumb\",\"itemListElement\":[{\"@type\":\"ListItem\",\"position\":1,\"name\":\"Home\",\"item\":\"https:\/\/www.unirufa.it\/\"},{\"@type\":\"ListItem\",\"position\":2,\"name\":\"Butta la Pasta\"}]},{\"@type\":\"WebSite\",\"@id\":\"https:\/\/www.unirufa.it\/#website\",\"url\":\"https:\/\/www.unirufa.it\/\",\"name\":\"RUFA - Rome University of Fine Arts\",\"description\":\"\",\"potentialAction\":[{\"@type\":\"SearchAction\",\"target\":{\"@type\":\"EntryPoint\",\"urlTemplate\":\"https:\/\/www.unirufa.it\/?s={search_term_string}\"},\"query-input\":{\"@type\":\"PropertyValueSpecification\",\"valueRequired\":true,\"valueName\":\"search_term_string\"}}],\"inLanguage\":\"es\"}]}<\/script>\n<!-- \/ Yoast SEO plugin. -->","yoast_head_json":{"title":"Butta la pasta: il progetto degli studenti RUFA per San Lorenzo - RUFA","description":"Sapevi che tra i nostri intervistati di et\u00e0 compresa tra i 20 e i 50 anni il cibo preferito \u00e8 la pasta? Scopri di pi\u00f9 sul nostro progetto!","robots":{"index":"index","follow":"follow","max-snippet":"max-snippet:-1","max-image-preview":"max-image-preview:large","max-video-preview":"max-video-preview:-1"},"canonical":"https:\/\/www.unirufa.it\/san-lorenzo-place-identity-butta-la-pasta\/","og_locale":"es_ES","og_type":"article","og_title":"Butta la pasta: il progetto degli studenti RUFA per San Lorenzo - RUFA","og_description":"Sapevi che tra i nostri intervistati di et\u00e0 compresa tra i 20 e i 50 anni il cibo preferito \u00e8 la pasta? Scopri di pi\u00f9 sul nostro progetto!","og_url":"https:\/\/www.unirufa.it\/san-lorenzo-place-identity-butta-la-pasta\/","og_site_name":"RUFA - Rome University of Fine Arts","article_modified_time":"2021-12-21T15:51:01+00:00","og_image":[{"width":230,"height":149,"url":"https:\/\/www.unirufa.it\/wp-content\/uploads\/2017\/11\/logo-rufa-2016.png","type":"image\/png"}],"twitter_misc":{"Tiempo de lectura":"1 minuto"},"schema":{"@context":"https:\/\/schema.org","@graph":[{"@type":"WebPage","@id":"https:\/\/www.unirufa.it\/san-lorenzo-place-identity-butta-la-pasta\/","url":"https:\/\/www.unirufa.it\/san-lorenzo-place-identity-butta-la-pasta\/","name":"Butta la pasta: il progetto degli studenti RUFA per San Lorenzo - RUFA","isPartOf":{"@id":"https:\/\/www.unirufa.it\/#website"},"datePublished":"2021-05-17T11:39:08+00:00","dateModified":"2021-12-21T15:51:01+00:00","description":"Sapevi che tra i nostri intervistati di et\u00e0 compresa tra i 20 e i 50 anni il cibo preferito \u00e8 la pasta? Scopri di pi\u00f9 sul nostro progetto!","breadcrumb":{"@id":"https:\/\/www.unirufa.it\/san-lorenzo-place-identity-butta-la-pasta\/#breadcrumb"},"inLanguage":"es","potentialAction":[{"@type":"ReadAction","target":["https:\/\/www.unirufa.it\/san-lorenzo-place-identity-butta-la-pasta\/"]}]},{"@type":"BreadcrumbList","@id":"https:\/\/www.unirufa.it\/san-lorenzo-place-identity-butta-la-pasta\/#breadcrumb","itemListElement":[{"@type":"ListItem","position":1,"name":"Home","item":"https:\/\/www.unirufa.it\/"},{"@type":"ListItem","position":2,"name":"Butta la Pasta"}]},{"@type":"WebSite","@id":"https:\/\/www.unirufa.it\/#website","url":"https:\/\/www.unirufa.it\/","name":"RUFA - Rome University of Fine Arts","description":"","potentialAction":[{"@type":"SearchAction","target":{"@type":"EntryPoint","urlTemplate":"https:\/\/www.unirufa.it\/?s={search_term_string}"},"query-input":{"@type":"PropertyValueSpecification","valueRequired":true,"valueName":"search_term_string"}}],"inLanguage":"es"}]}},"_links":{"self":[{"href":"https:\/\/www.unirufa.it\/es\/wp-json\/wp\/v2\/pages\/44159","targetHints":{"allow":["GET"]}}],"collection":[{"href":"https:\/\/www.unirufa.it\/es\/wp-json\/wp\/v2\/pages"}],"about":[{"href":"https:\/\/www.unirufa.it\/es\/wp-json\/wp\/v2\/types\/page"}],"author":[{"embeddable":true,"href":"https:\/\/www.unirufa.it\/es\/wp-json\/wp\/v2\/users\/22"}],"replies":[{"embeddable":true,"href":"https:\/\/www.unirufa.it\/es\/wp-json\/wp\/v2\/comments?post=44159"}],"version-history":[{"count":9,"href":"https:\/\/www.unirufa.it\/es\/wp-json\/wp\/v2\/pages\/44159\/revisions"}],"predecessor-version":[{"id":58324,"href":"https:\/\/www.unirufa.it\/es\/wp-json\/wp\/v2\/pages\/44159\/revisions\/58324"}],"wp:attachment":[{"href":"https:\/\/www.unirufa.it\/es\/wp-json\/wp\/v2\/media?parent=44159"}],"curies":[{"name":"wp","href":"https:\/\/api.w.org\/{rel}","templated":true}]}}