


{"id":44371,"date":"2021-05-20T10:39:14","date_gmt":"2021-05-20T08:39:14","guid":{"rendered":"https:\/\/www.unirufa.it\/?page_id=44371"},"modified":"2024-05-06T09:50:37","modified_gmt":"2024-05-06T07:50:37","slug":"piazze-romane","status":"publish","type":"page","link":"https:\/\/www.unirufa.it\/es\/piazze-romane\/","title":{"rendered":"Piazze romane"},"content":{"rendered":"<div class=\"embed-responsive embed-responsive-16by9\"><iframe loading=\"lazy\" width=\"560\" height=\"315\" src=\"https:\/\/www.youtube-nocookie.com\/embed\/JWN5Nnh1Q3E\" frameborder=\"0\" gesture=\"media\" allow=\"encrypted-media\" allowfullscreen><\/iframe><\/div>\n<p><\/br><\/p>\n<h3>El contexto<\/h3>\n<p>El <strong>Municipio Roma I Centro<\/strong> entre 2014 y 2020 ha trabajado para apoyar el dise\u00f1o y la implementaci\u00f3n de intervenciones para la reurbanizaci\u00f3n y el mantenimiento de espacios urbanos p\u00fablicos en el centro hist\u00f3rico de la Capital. En este contexto naci\u00f3 <strong>\u201cRoma sei mia\u201d<\/strong>, un proyecto amplio y diversificado para lograr un inter\u00e9s p\u00fablico y fomentar procesos participativos de la ciudadan\u00eda en el cuidado del territorio. La remodelaci\u00f3n de plazas, aceras, islas peatonales y tramos urbanos ha hecho accesibles y atractivos ocho lugares diferentes:<strong>plaza Poli<\/strong>, <strong>plaza Giuseppe Gioacchino Belli<\/strong>, <strong>plaza Cardelli<\/strong>, <strong>plaza San Giovanni della Malva<\/strong>, <strong>plaza di Pasquino<\/strong>, <strong>plaza Borghese<\/strong>, <strong>plaza del Teatro de Pompeyo<\/strong>, <strong>v\u00eda della Frezza<\/strong>. Son lugares llenos de significado, que a veces est\u00e1n vinculados a an\u00e9cdotas y acontecimientos poco conocidos, para contar las mil facetas de la ciudad. Para potenciar esta experiencia, el Municipio I Roma Centro ha decidido lanzar desde estos lugares un <strong>mensaje de cohesi\u00f3n, socialidad y renovaci\u00f3n a trav\u00e9s de los lenguajes del arte contempor\u00e1neo<\/strong>.<\/p>\n<p>Los talentos en formaci\u00f3n de las Academias de Bellas Artes fueron convocados para desarrollar un proyecto <strong>\u201csite-specific\u201d<\/strong>, que debe entenderse como una experiencia colectiva y contempor\u00e1nea, concibiendo obras e instalaciones para ser colocadas temporalmente en estos lugares del centro hist\u00f3rico de Roma, para luego ser reubicadas en los suburbios, en sitios inusuales, siguiendo un modo diferente de fruici\u00f3n cultural, centrado en el dinamismo que las nuevas generaciones de artistas saben generar.  <\/p>\n<p>El resultado es una propuesta muy interesante: <strong>\u201cLigereza, ox\u00edgeno, respiraci\u00f3n, vida, energ\u00eda\u201d<\/strong>, siguiendo los pasos de la <strong>Agenda 2030 de Naciones Unidas<\/strong>. Una experiencia que invita al di\u00e1logo, a construir una comunidad de personas, deseosas de ampliar su red de relaciones, para volver a ponerse en marcha. El arte contempor\u00e1neo muestra a las diferentes generaciones una forma innovadora y curiosa sobre el presente y el futuro, desarrollando no s\u00f3lo una identidad hist\u00f3rica, sino tambi\u00e9n la capacidad cr\u00edtica que hace que el pensamiento sea diferente.<br \/>\n&nbsp;<\/p>\n<h3>El camino<\/h3>\n<p>Viajar es un acto que conduce al descubrimiento y, por tanto, al conocimiento. El proyecto <strong>\u201cPiazze Romane\u201d<\/strong> es el <strong>escenario ideal para un viaje de reflexi\u00f3n, entre la historia, la memoria, la identidad y la innovaci\u00f3n<\/strong>: 4,2 kil\u00f3metros en el coraz\u00f3n del centro hist\u00f3rico de Roma; un paseo de 53 minutos para apreciar las estratificaciones culturales que hacen \u00fanica a la Ciudad Eterna; <strong>una experiencia de inmersi\u00f3n en la cultura contempor\u00e1nea<\/strong>. El objetivo es entrar en contacto con los numerosos lugares de inter\u00e9s y llenos de significado que albergan 4 de los 22 distritos que caracterizan la toponimia de la Capital: Trastevere (plaza Giuseppe Gioacchino Belli, plaza San Giovanni della Malva), Parione (plaza de Pasquino, plaza del Teatro de Pompeyo), Campo Marzio (plaza Borghese, plaza Cardelli, V\u00eda della Frezza), Trevi (plaza Poli).<br \/>\n&nbsp;<\/p>\n<p><a href=\"https:\/\/www.unirufa.it\/wp-content\/uploads\/2021\/06\/percorso_piazze_romane_0406.jpg\"><img decoding=\"async\" class=\"alignnone size-medium wp-image-30173\" src=\"https:\/\/www.unirufa.it\/wp-content\/uploads\/2021\/06\/percorso_piazze_romane_0406.jpg\" alt=\"\" width=\"100%\" height=\"auto\" \/><\/a><br \/>\n&nbsp;<\/p>\n<h3>El m\u00e9todo<\/h3>\n<p>En el desarrollo de las hip\u00f3tesis de dise\u00f1o, se dio prioridad al posicionamiento temporal de las obras y a la necesidad correlativa de que las estructuras sean completamente autoportantes. Estas intervenciones art\u00edsticas pretenden ser obras contextualizadas en los espacios urbanos del centro hist\u00f3rico de Roma, identificados con el fin de potenciar la reurbanizaci\u00f3n producida. Al considerar la relaci\u00f3n entre las obras y el contexto hist\u00f3rico, cultural y art\u00edstico, se ha tenido en cuenta la significativa congruencia entre el lugar y el tema como elemento de connotaci\u00f3n de las mismas.<br \/>\n&nbsp;<\/p>\n<p><a class=\"download-btn\" id=\"btn-prenotalavisita\" href=\"https:\/\/www.unirufa.it\/wp-content\/uploads\/2021\/06\/Rufa_Pieghevole_Piazze_Romane_exe_1.pdf\">Descargar el folleto<\/a><br \/>\n&nbsp;<\/p>\n<h3>Las obras<\/h3>\n<div class=\"col-sm-12 col-lg-6\" style=\"padding-left: 0;\">\n<a href=\"https:\/\/www.unirufa.it\/es\/roma-tales\/\"><img decoding=\"async\" class=\"alignnone size-small wp-image-30173\" src=\"https:\/\/www.unirufa.it\/wp-content\/uploads\/2021\/06\/01-\u2013-ROMA-TALES-\u2013-MARTINA-CALANNI-GIULIA-DI-LORENZO-PIAZZA-GIUSEPPE-GIOACCHINO-BELLI_Anteprima_2.jpg\" alt=\"\" width=\"100%\" height=\"auto\" \/><\/a><\/p>\n<p><a href=\"https:\/\/www.unirufa.it\/es\/roma-tales\/\"><strong>01 &#8211; \u00abROMA TALES\u00bb &#8211; MARTINA CALANNI, GIULIA DI LORENZO<\/strong><br \/>\nPLAZA GIUSEPPE GIOACCHINO BELLI<\/a>\n<\/div>\n<div class=\"col-sm-12 col-lg-6\" style=\"padding-left: 0;\">\n<a href=\"https:\/\/www.unirufa.it\/es\/dal-panino-si-va-in-piazza\/\"><img decoding=\"async\" class=\"alignnone size-small wp-image-30173\" src=\"https:\/\/www.unirufa.it\/wp-content\/uploads\/2021\/06\/02-\u2013-DAL-PANINO-SI-VA-IN-PIAZZA-\u2013-AMEDEO-LONGO-PIAZZA-SAN-GIOVANNI-DELLA-MALVA_Anteprima.jpg\" alt=\"\" width=\"100%\" height=\"auto\" \/><\/a><\/p>\n<p><a href=\"https:\/\/www.unirufa.it\/es\/dal-panino-si-va-in-piazza\/\"><strong>02 &#8211; \u201cDEL S\u00c1NDWICH A LA PLAZA\u201d &#8211; AMEDEO LONGO<\/strong><br \/>\nPLAZA SAN GIOVANNI DELLA MALVA<\/a>\n<\/div>\n<p>&nbsp;<\/p>\n<div class=\"col-sm-12 col-lg-6\" style=\"padding-left: 0;\">\n<a href=\"https:\/\/www.unirufa.it\/es\/citta-effimera-arte-scienza-follia\/\"><img decoding=\"async\" class=\"alignnone size-small wp-image-30173\" src=\"https:\/\/www.unirufa.it\/wp-content\/uploads\/2021\/06\/03-\u2013-CITTA\u0300-EFFIMERA-ARTE-SCIENZA-FOLLIA-\u2013-ANICA-HUCK-PIAZZA-DEL-TEATRO-DI-POMPEO_Anteprima.jpg\" alt=\"\" width=\"100%\" height=\"auto\" \/><\/a><\/p>\n<p><a href=\"https:\/\/www.unirufa.it\/es\/citta-effimera-arte-scienza-follia\/\"><strong>03 &#8211; \u201cCIUDAD EF\u00cdMERA: ARTE, CIENCIA, LOCURA\u201d &#8211; ANICA HUCK<\/strong><br \/>\nPLAZA DEL TEATRO DE POMPEYO<\/a>\n<\/div>\n<div class=\"col-sm-12 col-lg-6\" style=\"padding-left: 0;\">\n<a href=\"https:\/\/www.unirufa.it\/es\/laic-prayers\/\"><img decoding=\"async\" class=\"alignnone size-small wp-image-30173\" src=\"https:\/\/www.unirufa.it\/wp-content\/uploads\/2021\/06\/04-\u2013-LAIC-PRAYERS-\u2013-AGNIESZKA-BRZEZINA-ALESSANDRA-DI-MIZIO-ANNA-FISCHNALLER-MARIA-CHIARA-PRENCIPE-PIAZZA-DI-PASQUINO_Anteprima.jpg\" alt=\"\" width=\"100%\" height=\"auto\" \/><\/a><\/p>\n<p><a href=\"https:\/\/www.unirufa.it\/es\/laic-prayers\/\"><strong>04 &#8211; \u201cLAIC PRAYERS\u201d &#8211; AGNIESZKA BRZEZINA, ALESSANDRA DI MIZIO, ANNA FISCHNALLER, MARIA CHIARA PRENCIPE<\/strong><br \/>\nPLAZA DI PASQUINO<\/a>\n<\/div>\n<p>&nbsp;<\/p>\n<div class=\"col-sm-12 col-lg-6\" style=\"padding-left: 0;\">\n<a href=\"https:\/\/www.unirufa.it\/es\/do-you-have-a-light\/\"><img decoding=\"async\" class=\"alignnone size-small wp-image-30173\" src=\"https:\/\/www.unirufa.it\/wp-content\/uploads\/2021\/06\/05-\u2013-DO-YOU-HAVE-A-LIGHT-\u2013-ALEXANDRA-FONGARO-PIAZZA-CARDELLI_Anteprima.jpg\" alt=\"\" width=\"100%\" height=\"auto\" \/><\/a><\/p>\n<p><a href=\"https:\/\/www.unirufa.it\/es\/do-you-have-a-light\/\"><strong>05 &#8211; \u201cDO YOU HAVE A LIGHT?\u201d &#8211; ALEXANDRA FONGARO<\/strong><br \/>\nPLAZA CARDELLI<\/a>\n<\/div>\n<div class=\"col-sm-12 col-lg-6\" style=\"padding-left: 0;\">\n<a href=\"https:\/\/www.unirufa.it\/es\/er-nasone\/\"><img decoding=\"async\" class=\"alignnone size-small wp-image-30173\" src=\"https:\/\/www.unirufa.it\/wp-content\/uploads\/2021\/06\/06-\u2013-ER-NASONE-\u2013-NOEMI-DAMICO-CAMILLA-TORTORA-PIAZZA-BORGHESE_Anteprima.jpg\" alt=\"\" width=\"100%\" height=\"auto\" \/><\/a><\/p>\n<p><a href=\"https:\/\/www.unirufa.it\/es\/er-nasone\/\"><strong>06 &#8211; \u201cER NASONE\u201d &#8211; NOEMI D\u2019AMICO, CAMILLA TORTORA<\/strong><br \/>\nPLAZA BORGHESE <\/a>\n<\/div>\n<p>&nbsp;<\/p>\n<div class=\"col-sm-12 col-lg-6\" style=\"padding-left: 0;\">\n<a href=\"https:\/\/www.unirufa.it\/es\/hedgehog\/\"><img decoding=\"async\" class=\"alignnone size-small wp-image-30173\" src=\"https:\/\/www.unirufa.it\/wp-content\/uploads\/2021\/06\/07-\u2013-HEDGEHOG-\u2013-DAVIDE-MICELI-VIA-DELLA-FREZZA_Anteprima.jpg\" alt=\"\" width=\"100%\" height=\"auto\" \/><\/a><\/p>\n<p><a href=\"https:\/\/www.unirufa.it\/es\/hedgehog\/\"><strong>07 &#8211; \u201cHEDGEHOG\u201d &#8211; DAVIDE MICELI<\/strong><br \/>\nV\u00cdA DELLA FREZZA<\/a>\n<\/div>\n<div class=\"col-sm-12 col-lg-6\" style=\"padding-left: 0;\">\n<a href=\"https:\/\/www.unirufa.it\/es\/door-stop\/\"><img decoding=\"async\" class=\"alignnone size-small wp-image-30173\" src=\"https:\/\/www.unirufa.it\/wp-content\/uploads\/2021\/06\/08-\u2013-DOOR-STOP-\u2013-WANG-YU-XIANG-PIAZZA-POLI_Anteprima.jpg\" alt=\"\" width=\"100%\" height=\"auto\" \/><\/a><\/p>\n<p><a href=\"https:\/\/www.unirufa.it\/es\/door-stop\/\"><strong>08 &#8211; \u201cDOOR STOP\u201d &#8211; WANG YU XIANG<\/strong><br \/>\nPLAZA POLI<\/a>\n<\/div>\n<p>&nbsp;<\/p>\n<h3>Making of del proyecto<\/h3>\n<div class=\"embed-responsive embed-responsive-16by9\"><iframe loading=\"lazy\" src=\"https:\/\/www.youtube-nocookie.com\/embed\/zpUfhI7w2VM\" width=\"560\" height=\"315\" frameborder=\"0\" allowfullscreen=\"allowfullscreen\"><\/iframe><\/div>\n<p>&nbsp;<\/p>\n<div class=\"embed-responsive embed-responsive-4by3\"><a title=\"Piazze Romane - Conferenza stampa backstage\" href=\"https:\/\/www.flickr.com\/photos\/unirufa\/albums\/72157719425727731\" data-flickr-embed=\"true\"><img decoding=\"async\" class=\"embed-responsive-item\" src=\"https:\/\/live.staticflickr.com\/65535\/51253864619_ff90c30633_z.jpg\" alt=\"Piazze Romane - Conferenza stampa backstage\" \/><\/a><script async src=\"\/\/embedr.flickr.com\/assets\/client-code.js\" charset=\"utf-8\"><\/script><\/div>\n<p>&nbsp;<\/p>\n<h3>Revive la rueda de prensa en vivo<\/h3>\n<div class=\"embed-responsive embed-responsive-16by9\"><iframe loading=\"lazy\" width=\"560\" height=\"315\" src=\"https:\/\/www.youtube-nocookie.com\/embed\/-uV-ShDVwmU\" frameborder=\"0\" gesture=\"media\" allow=\"encrypted-media\" allowfullscreen><\/iframe><\/div>\n<p>&nbsp;<\/p>\n<h3>Conferencia de prensa entre bastidores<\/h3>\n<div class=\"embed-responsive embed-responsive-4by3\"><a title=\"Piazze Romane - Inaugurazione\" href=\"https:\/\/www.flickr.com\/photos\/unirufa\/albums\/72157719438308169\" data-flickr-embed=\"true\"><img decoding=\"async\" class=\"embed-responsive-item\" src=\"https:\/\/live.staticflickr.com\/65535\/51262218395_0b89ea8673_z.jpg\" alt=\"Piazze Romane - Inaugurazione\" \/><\/a><script async src=\"\/\/embedr.flickr.com\/assets\/client-code.js\" charset=\"utf-8\"><\/script><\/div>\n<p>&nbsp;","protected":false},"excerpt":{"rendered":"<p>El contexto El Municipio Roma I Centro entre 2014 y 2020 ha trabajado para apoyar el dise\u00f1o y la implementaci\u00f3n de intervenciones para la reurbanizaci\u00f3n y el mantenimiento de espacios urbanos p\u00fablicos en el centro hist\u00f3rico de la Capital. En este contexto naci\u00f3 \u201cRoma sei mia\u201d, un proyecto amplio y diversificado para lograr un inter\u00e9s&#8230;<\/p>\n","protected":false},"author":28,"featured_media":0,"parent":0,"menu_order":0,"comment_status":"closed","ping_status":"closed","template":"","meta":{"content-type":"","footnotes":""},"class_list":["post-44371","page","type-page","status-publish","hentry"],"yoast_head":"<!-- This site is optimized with the Yoast SEO plugin v24.2 - https:\/\/yoast.com\/wordpress\/plugins\/seo\/ -->\n<title>Progetto di Ricerca Piazze Romane Accademia Belle Arti a Roma - RUFA<\/title>\n<meta name=\"description\" content=\"Il Municipio Roma I Centro si \u00e8 adoperato per sostenere la realizzazione di interventi di riqualificazione di spazi urbani pubblici nel centro storico\" \/>\n<meta name=\"robots\" content=\"index, follow, max-snippet:-1, max-image-preview:large, max-video-preview:-1\" \/>\n<link rel=\"canonical\" href=\"https:\/\/www.unirufa.it\/piazze-romane\/\" \/>\n<meta property=\"og:locale\" content=\"es_ES\" \/>\n<meta property=\"og:type\" content=\"article\" \/>\n<meta property=\"og:title\" content=\"[:it]Progetto di Ricerca Piazze Romane Accademia Belle Arti a Roma - RUFA[:]\" \/>\n<meta property=\"og:description\" content=\"{:it}Il Municipio Roma I Centro si \u00e8 adoperato per sostenere la realizzazione di interventi di riqualificazione di spazi urbani pubblici nel centro storico{:}\" \/>\n<meta property=\"og:url\" content=\"https:\/\/www.unirufa.it\/piazze-romane\/\" \/>\n<meta property=\"og:site_name\" content=\"RUFA - Rome University of Fine Arts\" \/>\n<meta property=\"article:modified_time\" content=\"2024-05-06T07:50:37+00:00\" \/>\n<meta property=\"og:image\" content=\"https:\/\/www.unirufa.it\/wp-content\/uploads\/2021\/06\/percorso_piazze_romane_0406.jpg\" \/>\n<meta name=\"twitter:label1\" content=\"Tiempo de lectura\" \/>\n\t<meta name=\"twitter:data1\" content=\"9 minutos\" \/>\n<script type=\"application\/ld+json\" class=\"yoast-schema-graph\">{\"@context\":\"https:\/\/schema.org\",\"@graph\":[{\"@type\":\"WebPage\",\"@id\":\"https:\/\/www.unirufa.it\/piazze-romane\/\",\"url\":\"https:\/\/www.unirufa.it\/piazze-romane\/\",\"name\":\"[:it]Progetto di Ricerca Piazze Romane Accademia Belle Arti a Roma - RUFA[:]\",\"isPartOf\":{\"@id\":\"https:\/\/www.unirufa.it\/#website\"},\"primaryImageOfPage\":{\"@id\":\"https:\/\/www.unirufa.it\/piazze-romane\/#primaryimage\"},\"image\":{\"@id\":\"https:\/\/www.unirufa.it\/piazze-romane\/#primaryimage\"},\"thumbnailUrl\":\"https:\/\/www.unirufa.it\/wp-content\/uploads\/2021\/06\/percorso_piazze_romane_0406.jpg\",\"datePublished\":\"2021-05-20T08:39:14+00:00\",\"dateModified\":\"2024-05-06T07:50:37+00:00\",\"description\":\"{:it}Il Municipio Roma I Centro si \u00e8 adoperato per sostenere la realizzazione di interventi di riqualificazione di spazi urbani pubblici nel centro storico{:}\",\"breadcrumb\":{\"@id\":\"https:\/\/www.unirufa.it\/piazze-romane\/#breadcrumb\"},\"inLanguage\":\"es\",\"potentialAction\":[{\"@type\":\"ReadAction\",\"target\":[\"https:\/\/www.unirufa.it\/piazze-romane\/\"]}]},{\"@type\":\"ImageObject\",\"inLanguage\":\"es\",\"@id\":\"https:\/\/www.unirufa.it\/piazze-romane\/#primaryimage\",\"url\":\"https:\/\/www.unirufa.it\/wp-content\/uploads\/2021\/06\/percorso_piazze_romane_0406.jpg\",\"contentUrl\":\"https:\/\/www.unirufa.it\/wp-content\/uploads\/2021\/06\/percorso_piazze_romane_0406.jpg\"},{\"@type\":\"BreadcrumbList\",\"@id\":\"https:\/\/www.unirufa.it\/piazze-romane\/#breadcrumb\",\"itemListElement\":[{\"@type\":\"ListItem\",\"position\":1,\"name\":\"Home\",\"item\":\"https:\/\/www.unirufa.it\/\"},{\"@type\":\"ListItem\",\"position\":2,\"name\":\"Piazze romane\"}]},{\"@type\":\"WebSite\",\"@id\":\"https:\/\/www.unirufa.it\/#website\",\"url\":\"https:\/\/www.unirufa.it\/\",\"name\":\"RUFA - Rome University of Fine Arts\",\"description\":\"\",\"potentialAction\":[{\"@type\":\"SearchAction\",\"target\":{\"@type\":\"EntryPoint\",\"urlTemplate\":\"https:\/\/www.unirufa.it\/?s={search_term_string}\"},\"query-input\":{\"@type\":\"PropertyValueSpecification\",\"valueRequired\":true,\"valueName\":\"search_term_string\"}}],\"inLanguage\":\"es\"}]}<\/script>\n<!-- \/ Yoast SEO plugin. -->","yoast_head_json":{"title":"Progetto di Ricerca Piazze Romane Accademia Belle Arti a Roma - RUFA","description":"Il Municipio Roma I Centro si \u00e8 adoperato per sostenere la realizzazione di interventi di riqualificazione di spazi urbani pubblici nel centro storico","robots":{"index":"index","follow":"follow","max-snippet":"max-snippet:-1","max-image-preview":"max-image-preview:large","max-video-preview":"max-video-preview:-1"},"canonical":"https:\/\/www.unirufa.it\/piazze-romane\/","og_locale":"es_ES","og_type":"article","og_title":"[:it]Progetto di Ricerca Piazze Romane Accademia Belle Arti a Roma - RUFA[:]","og_description":"{:it}Il Municipio Roma I Centro si \u00e8 adoperato per sostenere la realizzazione di interventi di riqualificazione di spazi urbani pubblici nel centro storico{:}","og_url":"https:\/\/www.unirufa.it\/piazze-romane\/","og_site_name":"RUFA - Rome University of Fine Arts","article_modified_time":"2024-05-06T07:50:37+00:00","og_image":[{"url":"https:\/\/www.unirufa.it\/wp-content\/uploads\/2021\/06\/percorso_piazze_romane_0406.jpg","type":"","width":"","height":""}],"twitter_misc":{"Tiempo de lectura":"9 minutos"},"schema":{"@context":"https:\/\/schema.org","@graph":[{"@type":"WebPage","@id":"https:\/\/www.unirufa.it\/piazze-romane\/","url":"https:\/\/www.unirufa.it\/piazze-romane\/","name":"[:it]Progetto di Ricerca Piazze Romane Accademia Belle Arti a Roma - RUFA[:]","isPartOf":{"@id":"https:\/\/www.unirufa.it\/#website"},"primaryImageOfPage":{"@id":"https:\/\/www.unirufa.it\/piazze-romane\/#primaryimage"},"image":{"@id":"https:\/\/www.unirufa.it\/piazze-romane\/#primaryimage"},"thumbnailUrl":"https:\/\/www.unirufa.it\/wp-content\/uploads\/2021\/06\/percorso_piazze_romane_0406.jpg","datePublished":"2021-05-20T08:39:14+00:00","dateModified":"2024-05-06T07:50:37+00:00","description":"{:it}Il Municipio Roma I Centro si \u00e8 adoperato per sostenere la realizzazione di interventi di riqualificazione di spazi urbani pubblici nel centro storico{:}","breadcrumb":{"@id":"https:\/\/www.unirufa.it\/piazze-romane\/#breadcrumb"},"inLanguage":"es","potentialAction":[{"@type":"ReadAction","target":["https:\/\/www.unirufa.it\/piazze-romane\/"]}]},{"@type":"ImageObject","inLanguage":"es","@id":"https:\/\/www.unirufa.it\/piazze-romane\/#primaryimage","url":"https:\/\/www.unirufa.it\/wp-content\/uploads\/2021\/06\/percorso_piazze_romane_0406.jpg","contentUrl":"https:\/\/www.unirufa.it\/wp-content\/uploads\/2021\/06\/percorso_piazze_romane_0406.jpg"},{"@type":"BreadcrumbList","@id":"https:\/\/www.unirufa.it\/piazze-romane\/#breadcrumb","itemListElement":[{"@type":"ListItem","position":1,"name":"Home","item":"https:\/\/www.unirufa.it\/"},{"@type":"ListItem","position":2,"name":"Piazze romane"}]},{"@type":"WebSite","@id":"https:\/\/www.unirufa.it\/#website","url":"https:\/\/www.unirufa.it\/","name":"RUFA - Rome University of Fine Arts","description":"","potentialAction":[{"@type":"SearchAction","target":{"@type":"EntryPoint","urlTemplate":"https:\/\/www.unirufa.it\/?s={search_term_string}"},"query-input":{"@type":"PropertyValueSpecification","valueRequired":true,"valueName":"search_term_string"}}],"inLanguage":"es"}]}},"_links":{"self":[{"href":"https:\/\/www.unirufa.it\/es\/wp-json\/wp\/v2\/pages\/44371","targetHints":{"allow":["GET"]}}],"collection":[{"href":"https:\/\/www.unirufa.it\/es\/wp-json\/wp\/v2\/pages"}],"about":[{"href":"https:\/\/www.unirufa.it\/es\/wp-json\/wp\/v2\/types\/page"}],"author":[{"embeddable":true,"href":"https:\/\/www.unirufa.it\/es\/wp-json\/wp\/v2\/users\/28"}],"replies":[{"embeddable":true,"href":"https:\/\/www.unirufa.it\/es\/wp-json\/wp\/v2\/comments?post=44371"}],"version-history":[{"count":125,"href":"https:\/\/www.unirufa.it\/es\/wp-json\/wp\/v2\/pages\/44371\/revisions"}],"predecessor-version":[{"id":130980,"href":"https:\/\/www.unirufa.it\/es\/wp-json\/wp\/v2\/pages\/44371\/revisions\/130980"}],"wp:attachment":[{"href":"https:\/\/www.unirufa.it\/es\/wp-json\/wp\/v2\/media?parent=44371"}],"curies":[{"name":"wp","href":"https:\/\/api.w.org\/{rel}","templated":true}]}}