


{"id":44439,"date":"2021-05-18T16:31:08","date_gmt":"2021-05-18T14:31:08","guid":{"rendered":"https:\/\/www.unirufa.it\/?page_id=44439"},"modified":"2023-08-03T11:21:26","modified_gmt":"2023-08-03T09:21:26","slug":"rufa-culture","status":"publish","type":"page","link":"https:\/\/www.unirufa.it\/es\/rufa-culture\/","title":{"rendered":"RUFA Culture"},"content":{"rendered":"<h2>Ox\u00edgeno para comunicar<\/h2>\n<p>RUFA Culture es el nuevo <strong>proyecto cultural<\/strong> de RUFA. Es un <strong>contenedor digital<\/strong> dedicado por completo a los proyectos de nuestros alumnos<\/strong>: arte contempor\u00e1neo y dise\u00f1o gr\u00e1fico, multimedia y comunicaci\u00f3n visual, fotograf\u00eda y dise\u00f1o. Toda la rica producci\u00f3n cultural, que los estudiantes organizan con el apoyo de los profesores, se declina en una serie de <strong>exposiciones, performances, eventos y proyectos curatoriales<\/strong> que atraviesan las diferentes formas de expresi\u00f3n contempor\u00e1nea. Estudiar en RUFA significa tambi\u00e9n experimentar sobre el terreno lo que significa planificar y organizar colectivamente las propias capacidades creativas. RUFA Culture pone a disposici\u00f3n de todos esto una serie de <strong>streaming directo, historias en instagram, entrevistas, v\u00eddeos inmersivos<\/strong> que permitir\u00e1n a todos <strong>vivir en directo y revisar los eventos<\/strong> que a lo largo del a\u00f1o tendr\u00e1n lugar en los espacios del Pastificio Cerere en San Lorenzo y en el barrio de Trieste. Adem\u00e1s, <strong>un archivo digital permitir\u00e1 a todos los estudiantes presentar sus portafolios y dar a conocer su trabajo al creciente p\u00fablico <\/strong>que sigue nuestros canales.<\/p>\n<h5>Comunicar, y saber comunicar, es parte del bagaje indispensable para cualquiera que decida hacer carrera en el mundo del arte y la creatividad contempor\u00e1nea. RUFA Culture es el ox\u00edgeno que necesit\u00e1bamos para hacerlo.<br \/>\nNosotros, junto con los estudiantes y toda la comunidad RUFA, estamos preparados.<\/h5>\n<p>Bienvenidos entonces y que se diviertan todos.<br \/>\n<\/p>\n<p><a class=\"download-btn full\" href=\"https:\/\/www.unirufa.it\/es\/artisti\/\">Descubra a los artistas de RUFA<\/a><br \/>\n&nbsp;","protected":false},"excerpt":{"rendered":"<p>Ox\u00edgeno para comunicar RUFA Culture es el nuevo proyecto cultural de RUFA. Es un contenedor digital dedicado por completo a los proyectos de nuestros alumnos: arte contempor\u00e1neo y dise\u00f1o gr\u00e1fico, multimedia y comunicaci\u00f3n visual, fotograf\u00eda y dise\u00f1o. Toda la rica producci\u00f3n cultural, que los estudiantes organizan con el apoyo de los profesores, se declina en&#8230;<\/p>\n","protected":false},"author":9,"featured_media":0,"parent":0,"menu_order":0,"comment_status":"closed","ping_status":"closed","template":"page_rufa-culture.php","meta":{"content-type":"","footnotes":""},"class_list":["post-44439","page","type-page","status-publish","hentry"],"yoast_head":"<!-- This site is optimized with the Yoast SEO plugin v24.2 - https:\/\/yoast.com\/wordpress\/plugins\/seo\/ -->\n<title>RUFA Culture - RUFA - Rome University of Fine Arts<\/title>\n<meta name=\"description\" content=\"Un contenitore digitale dedicato ai progetti degli studenti: arte contemporanea e graphic design, multimedialit\u00e0 e comunicazione visiva, fotografia e design.\" \/>\n<meta name=\"robots\" content=\"index, follow, max-snippet:-1, max-image-preview:large, max-video-preview:-1\" \/>\n<link rel=\"canonical\" href=\"https:\/\/www.unirufa.it\/rufa-culture\/\" \/>\n<meta property=\"og:locale\" content=\"es_ES\" \/>\n<meta property=\"og:type\" content=\"article\" \/>\n<meta property=\"og:title\" content=\"RUFA Culture - RUFA - Rome University of Fine Arts\" \/>\n<meta property=\"og:description\" content=\"{:it}Un contenitore digitale dedicato ai progetti degli studenti: arte contemporanea e graphic design, multimedialit\u00e0 e comunicazione visiva, fotografia e design.{:}\" \/>\n<meta property=\"og:url\" content=\"https:\/\/www.unirufa.it\/rufa-culture\/\" \/>\n<meta property=\"og:site_name\" content=\"RUFA - Rome University of Fine Arts\" \/>\n<meta property=\"article:modified_time\" content=\"2023-08-03T09:21:26+00:00\" \/>\n<meta property=\"og:image\" content=\"https:\/\/www.unirufa.it\/wp-content\/uploads\/2022\/01\/RUFA-Culture-Anteprima-Social.jpg\" \/>\n\t<meta property=\"og:image:width\" content=\"1920\" \/>\n\t<meta property=\"og:image:height\" content=\"1080\" \/>\n\t<meta property=\"og:image:type\" content=\"image\/jpeg\" \/>\n<script type=\"application\/ld+json\" class=\"yoast-schema-graph\">{\"@context\":\"https:\/\/schema.org\",\"@graph\":[{\"@type\":\"WebPage\",\"@id\":\"https:\/\/www.unirufa.it\/rufa-culture\/\",\"url\":\"https:\/\/www.unirufa.it\/rufa-culture\/\",\"name\":\"RUFA Culture - RUFA - Rome University of Fine Arts\",\"isPartOf\":{\"@id\":\"https:\/\/www.unirufa.it\/#website\"},\"datePublished\":\"2021-05-18T14:31:08+00:00\",\"dateModified\":\"2023-08-03T09:21:26+00:00\",\"description\":\"{:it}Un contenitore digitale dedicato ai progetti degli studenti: arte contemporanea e graphic design, multimedialit\u00e0 e comunicazione visiva, fotografia e design.{:}\",\"breadcrumb\":{\"@id\":\"https:\/\/www.unirufa.it\/rufa-culture\/#breadcrumb\"},\"inLanguage\":\"es\",\"potentialAction\":[{\"@type\":\"ReadAction\",\"target\":[\"https:\/\/www.unirufa.it\/rufa-culture\/\"]}]},{\"@type\":\"BreadcrumbList\",\"@id\":\"https:\/\/www.unirufa.it\/rufa-culture\/#breadcrumb\",\"itemListElement\":[{\"@type\":\"ListItem\",\"position\":1,\"name\":\"Home\",\"item\":\"https:\/\/www.unirufa.it\/\"},{\"@type\":\"ListItem\",\"position\":2,\"name\":\"RUFA Culture\"}]},{\"@type\":\"WebSite\",\"@id\":\"https:\/\/www.unirufa.it\/#website\",\"url\":\"https:\/\/www.unirufa.it\/\",\"name\":\"RUFA - Rome University of Fine Arts\",\"description\":\"\",\"potentialAction\":[{\"@type\":\"SearchAction\",\"target\":{\"@type\":\"EntryPoint\",\"urlTemplate\":\"https:\/\/www.unirufa.it\/?s={search_term_string}\"},\"query-input\":{\"@type\":\"PropertyValueSpecification\",\"valueRequired\":true,\"valueName\":\"search_term_string\"}}],\"inLanguage\":\"es\"}]}<\/script>\n<!-- \/ Yoast SEO plugin. -->","yoast_head_json":{"title":"RUFA Culture - RUFA - Rome University of Fine Arts","description":"Un contenitore digitale dedicato ai progetti degli studenti: arte contemporanea e graphic design, multimedialit\u00e0 e comunicazione visiva, fotografia e design.","robots":{"index":"index","follow":"follow","max-snippet":"max-snippet:-1","max-image-preview":"max-image-preview:large","max-video-preview":"max-video-preview:-1"},"canonical":"https:\/\/www.unirufa.it\/rufa-culture\/","og_locale":"es_ES","og_type":"article","og_title":"RUFA Culture - RUFA - Rome University of Fine Arts","og_description":"{:it}Un contenitore digitale dedicato ai progetti degli studenti: arte contemporanea e graphic design, multimedialit\u00e0 e comunicazione visiva, fotografia e design.{:}","og_url":"https:\/\/www.unirufa.it\/rufa-culture\/","og_site_name":"RUFA - Rome University of Fine Arts","article_modified_time":"2023-08-03T09:21:26+00:00","og_image":[{"width":1920,"height":1080,"url":"https:\/\/www.unirufa.it\/wp-content\/uploads\/2022\/01\/RUFA-Culture-Anteprima-Social.jpg","type":"image\/jpeg"}],"schema":{"@context":"https:\/\/schema.org","@graph":[{"@type":"WebPage","@id":"https:\/\/www.unirufa.it\/rufa-culture\/","url":"https:\/\/www.unirufa.it\/rufa-culture\/","name":"RUFA Culture - RUFA - Rome University of Fine Arts","isPartOf":{"@id":"https:\/\/www.unirufa.it\/#website"},"datePublished":"2021-05-18T14:31:08+00:00","dateModified":"2023-08-03T09:21:26+00:00","description":"{:it}Un contenitore digitale dedicato ai progetti degli studenti: arte contemporanea e graphic design, multimedialit\u00e0 e comunicazione visiva, fotografia e design.{:}","breadcrumb":{"@id":"https:\/\/www.unirufa.it\/rufa-culture\/#breadcrumb"},"inLanguage":"es","potentialAction":[{"@type":"ReadAction","target":["https:\/\/www.unirufa.it\/rufa-culture\/"]}]},{"@type":"BreadcrumbList","@id":"https:\/\/www.unirufa.it\/rufa-culture\/#breadcrumb","itemListElement":[{"@type":"ListItem","position":1,"name":"Home","item":"https:\/\/www.unirufa.it\/"},{"@type":"ListItem","position":2,"name":"RUFA Culture"}]},{"@type":"WebSite","@id":"https:\/\/www.unirufa.it\/#website","url":"https:\/\/www.unirufa.it\/","name":"RUFA - Rome University of Fine Arts","description":"","potentialAction":[{"@type":"SearchAction","target":{"@type":"EntryPoint","urlTemplate":"https:\/\/www.unirufa.it\/?s={search_term_string}"},"query-input":{"@type":"PropertyValueSpecification","valueRequired":true,"valueName":"search_term_string"}}],"inLanguage":"es"}]}},"_links":{"self":[{"href":"https:\/\/www.unirufa.it\/es\/wp-json\/wp\/v2\/pages\/44439","targetHints":{"allow":["GET"]}}],"collection":[{"href":"https:\/\/www.unirufa.it\/es\/wp-json\/wp\/v2\/pages"}],"about":[{"href":"https:\/\/www.unirufa.it\/es\/wp-json\/wp\/v2\/types\/page"}],"author":[{"embeddable":true,"href":"https:\/\/www.unirufa.it\/es\/wp-json\/wp\/v2\/users\/9"}],"replies":[{"embeddable":true,"href":"https:\/\/www.unirufa.it\/es\/wp-json\/wp\/v2\/comments?post=44439"}],"version-history":[{"count":22,"href":"https:\/\/www.unirufa.it\/es\/wp-json\/wp\/v2\/pages\/44439\/revisions"}],"predecessor-version":[{"id":106922,"href":"https:\/\/www.unirufa.it\/es\/wp-json\/wp\/v2\/pages\/44439\/revisions\/106922"}],"wp:attachment":[{"href":"https:\/\/www.unirufa.it\/es\/wp-json\/wp\/v2\/media?parent=44439"}],"curies":[{"name":"wp","href":"https:\/\/api.w.org\/{rel}","templated":true}]}}