


{"id":44562,"date":"2021-05-17T13:32:59","date_gmt":"2021-05-17T11:32:59","guid":{"rendered":"https:\/\/www.unirufa.it\/?page_id=44562"},"modified":"2021-05-31T10:02:10","modified_gmt":"2021-05-31T08:02:10","slug":"san-lorenzo-place-identity-letterpress","status":"publish","type":"page","link":"https:\/\/www.unirufa.it\/es\/san-lorenzo-place-identity-letterpress\/","title":{"rendered":"Letterpress"},"content":{"rendered":"<p class=\"qtranxs-available-languages-message qtranxs-available-languages-message-es\">Disculpa, pero esta entrada est\u00e1 disponible s\u00f3lo en <a href=\"https:\/\/www.unirufa.it\/it\/wp-json\/wp\/v2\/pages\/44562\" class=\"qtranxs-available-language-link qtranxs-available-language-link-it\" title=\"IT\">IT<\/a> y <a href=\"https:\/\/www.unirufa.it\/en\/wp-json\/wp\/v2\/pages\/44562\" class=\"qtranxs-available-language-link qtranxs-available-language-link-en\" title=\"EN\">EN<\/a>.<\/p><div class=\"col-sm-12 col-lg-2\" style=\"padding-left: 0\">\n<h4><strong>CORSO<\/strong><\/h4>\n<\/div>\n<div class=\"col-sm-12 col-lg-10\" style=\"padding-left: 0\">\n<h4>Graphic Design<\/h4>\n<\/div>\n<p><\/br><\/p>\n<div class=\"col-sm-12 col-lg-2\" style=\"padding-left: 0\">\n<h4><strong>DOCENTE<\/strong><\/h4>\n<\/div>\n<div class=\"col-sm-12 col-lg-10\" style=\"padding-left: 0\">\n<h4>Guido Lombardo<\/h4>\n<\/div>\n<p><\/br><\/p>\n<div class=\"col-sm-12 col-lg-2\" style=\"padding-left: 0\">\n<h4><strong>CURATORI<\/strong><\/h4>\n<\/div>\n<div class=\"col-sm-12 col-lg-10\" style=\"padding-left: 0\">\n<h4>Andrea Vendetti, Elettra Scotucci<\/h4>\n<\/div>\n<p><\/br><\/p>\n<div class=\"col-sm-12 col-lg-2\" style=\"padding-left: 0\">\n<h4><strong>STAMPA<\/strong><\/h4>\n<\/div>\n<div class=\"col-sm-12 col-lg-10\" style=\"padding-left: 0\">\n<h4>SLAB<\/h4>\n<\/div>\n<p><\/br><\/p>\n<div class=\"col-sm-12 col-lg-2\" style=\"padding-left: 0\">\n<h4><strong>STUDENTI<\/strong><\/h4>\n<\/div>\n<div class=\"col-sm-12 col-lg-10\" style=\"padding-left: 0\">\n<h4>Giuseppe Accroglian\u00f2, Sara Andronico, Claudio Antonangeli, Aurora Baiocchi, Elena Belli, Carlotta Biagioni, Sara Bonini, Raffaello Borrelli, Luca Bruni, Stefano Catino, Eleonora Chicca, Loris Cometa, Sara Corona, Domitilla Davoli, Carla De Gennaro, Edoardo De Maglie, Francesco Dori, Alessio Gennaro, Domiziano Sagnelli, Nicolo Santini Rossi, Flaminia Filigi, Gaia Formigari, Carlotta Franceschi, Giulia Gatta, Marco Genovali, Valeria Gionfra, Virginia Granata, Beatrice Greco, Valentina Guarda, Leonardo Iaia, Isabella Immediato, Francesco Paolo Incantalupo, Fabio La Gattuta, Gianluca Mazzocco, Francesca Mazz\u00f9, Letizia Micheli, Gabriele Minotti, Diego Morana, Roberto Muto, Stefano Cattani, Giulia Del Vecchio, Edoardo Nardi, Marco Nicol\u00f2, Barbara Notaro, Alice Oieni, Laura Perrucci, Silvia Santopaolo, Lorenzo Numa Sbrolli, Antonella Scardino, Giordana Scipioni, Rachele Sdoga, Sara Stipcevich, Caterina Tahan, Marco Telesca, Valerio Teti, Francesco Tricarico, Martina Villani, Rebecca Zambelli, Alessia Zappitelli, Marco Zini<\/h4>\n<\/div>\n<p>&nbsp;<\/p>\n<div class=\"su-image-carousel  su-image-carousel-has-spacing su-image-carousel-adaptive su-image-carousel-slides-style-minimal su-image-carousel-controls-style-light su-image-carousel-align-left\" style=\"\" data-flickity-options='{\"groupCells\":true,\"cellSelector\":\".su-image-carousel-item\",\"adaptiveHeight\":true,\"cellAlign\":\"left\",\"prevNextButtons\":true,\"pageDots\":false,\"autoPlay\":3000,\"imagesLoaded\":true,\"contain\":false,\"selectedAttraction\":0.025,\"friction\":0.28}' id=\"su_image_carousel_69d8ccc5c1240\"><div class=\"su-image-carousel-item\"><div class=\"su-image-carousel-item-content\"><img loading=\"lazy\" decoding=\"async\" width=\"1050\" height=\"600\" src=\"https:\/\/www.unirufa.it\/wp-content\/uploads\/2021\/05\/san_lorenzo_place_identity_poster_a_caratteri_mobili_spiegazione.jpg\" class=\"\" alt=\"\" srcset=\"https:\/\/www.unirufa.it\/wp-content\/uploads\/2021\/05\/san_lorenzo_place_identity_poster_a_caratteri_mobili_spiegazione.jpg 1050w, https:\/\/www.unirufa.it\/wp-content\/uploads\/2021\/05\/san_lorenzo_place_identity_poster_a_caratteri_mobili_spiegazione-300x171.jpg 300w, https:\/\/www.unirufa.it\/wp-content\/uploads\/2021\/05\/san_lorenzo_place_identity_poster_a_caratteri_mobili_spiegazione-1024x585.jpg 1024w, https:\/\/www.unirufa.it\/wp-content\/uploads\/2021\/05\/san_lorenzo_place_identity_poster_a_caratteri_mobili_spiegazione-768x439.jpg 768w\" sizes=\"auto, (max-width: 1050px) 100vw, 1050px\" \/><\/div><\/div><div class=\"su-image-carousel-item\"><div class=\"su-image-carousel-item-content\"><img loading=\"lazy\" decoding=\"async\" width=\"1050\" height=\"600\" src=\"https:\/\/www.unirufa.it\/wp-content\/uploads\/2021\/05\/san_lorenzo_place_identity_poster_a_caratteri_mobili_caratteri_mobili.jpg\" class=\"\" alt=\"\" srcset=\"https:\/\/www.unirufa.it\/wp-content\/uploads\/2021\/05\/san_lorenzo_place_identity_poster_a_caratteri_mobili_caratteri_mobili.jpg 1050w, https:\/\/www.unirufa.it\/wp-content\/uploads\/2021\/05\/san_lorenzo_place_identity_poster_a_caratteri_mobili_caratteri_mobili-300x171.jpg 300w, https:\/\/www.unirufa.it\/wp-content\/uploads\/2021\/05\/san_lorenzo_place_identity_poster_a_caratteri_mobili_caratteri_mobili-1024x585.jpg 1024w, https:\/\/www.unirufa.it\/wp-content\/uploads\/2021\/05\/san_lorenzo_place_identity_poster_a_caratteri_mobili_caratteri_mobili-768x439.jpg 768w\" sizes=\"auto, (max-width: 1050px) 100vw, 1050px\" \/><\/div><\/div><div class=\"su-image-carousel-item\"><div class=\"su-image-carousel-item-content\"><img loading=\"lazy\" decoding=\"async\" width=\"1050\" height=\"600\" src=\"https:\/\/www.unirufa.it\/wp-content\/uploads\/2021\/05\/san_lorenzo_place_identity_poster_a_caratteri_mobili_posizionamento.jpg\" class=\"\" alt=\"\" srcset=\"https:\/\/www.unirufa.it\/wp-content\/uploads\/2021\/05\/san_lorenzo_place_identity_poster_a_caratteri_mobili_posizionamento.jpg 1050w, https:\/\/www.unirufa.it\/wp-content\/uploads\/2021\/05\/san_lorenzo_place_identity_poster_a_caratteri_mobili_posizionamento-300x171.jpg 300w, https:\/\/www.unirufa.it\/wp-content\/uploads\/2021\/05\/san_lorenzo_place_identity_poster_a_caratteri_mobili_posizionamento-1024x585.jpg 1024w, https:\/\/www.unirufa.it\/wp-content\/uploads\/2021\/05\/san_lorenzo_place_identity_poster_a_caratteri_mobili_posizionamento-768x439.jpg 768w\" sizes=\"auto, (max-width: 1050px) 100vw, 1050px\" \/><\/div><\/div><div class=\"su-image-carousel-item\"><div class=\"su-image-carousel-item-content\"><img loading=\"lazy\" decoding=\"async\" width=\"1050\" height=\"600\" src=\"https:\/\/www.unirufa.it\/wp-content\/uploads\/2021\/05\/san_lorenzo_place_identity_poster_a_caratteri_mobili_stretta.jpg\" class=\"\" alt=\"\" srcset=\"https:\/\/www.unirufa.it\/wp-content\/uploads\/2021\/05\/san_lorenzo_place_identity_poster_a_caratteri_mobili_stretta.jpg 1050w, https:\/\/www.unirufa.it\/wp-content\/uploads\/2021\/05\/san_lorenzo_place_identity_poster_a_caratteri_mobili_stretta-300x171.jpg 300w, https:\/\/www.unirufa.it\/wp-content\/uploads\/2021\/05\/san_lorenzo_place_identity_poster_a_caratteri_mobili_stretta-1024x585.jpg 1024w, https:\/\/www.unirufa.it\/wp-content\/uploads\/2021\/05\/san_lorenzo_place_identity_poster_a_caratteri_mobili_stretta-768x439.jpg 768w\" sizes=\"auto, (max-width: 1050px) 100vw, 1050px\" \/><\/div><\/div><div class=\"su-image-carousel-item\"><div class=\"su-image-carousel-item-content\"><img loading=\"lazy\" decoding=\"async\" width=\"1050\" height=\"600\" src=\"https:\/\/www.unirufa.it\/wp-content\/uploads\/2021\/05\/san_lorenzo_place_identity_poster_a_caratteri_mobili_inchiostro.jpg\" class=\"\" alt=\"\" srcset=\"https:\/\/www.unirufa.it\/wp-content\/uploads\/2021\/05\/san_lorenzo_place_identity_poster_a_caratteri_mobili_inchiostro.jpg 1050w, https:\/\/www.unirufa.it\/wp-content\/uploads\/2021\/05\/san_lorenzo_place_identity_poster_a_caratteri_mobili_inchiostro-300x171.jpg 300w, https:\/\/www.unirufa.it\/wp-content\/uploads\/2021\/05\/san_lorenzo_place_identity_poster_a_caratteri_mobili_inchiostro-1024x585.jpg 1024w, https:\/\/www.unirufa.it\/wp-content\/uploads\/2021\/05\/san_lorenzo_place_identity_poster_a_caratteri_mobili_inchiostro-768x439.jpg 768w\" sizes=\"auto, (max-width: 1050px) 100vw, 1050px\" \/><\/div><\/div><div class=\"su-image-carousel-item\"><div class=\"su-image-carousel-item-content\"><img loading=\"lazy\" decoding=\"async\" width=\"1050\" height=\"600\" src=\"https:\/\/www.unirufa.it\/wp-content\/uploads\/2021\/05\/san_lorenzo_place_identity_poster_a_caratteri_mobili_foglio.jpg\" class=\"\" alt=\"\" srcset=\"https:\/\/www.unirufa.it\/wp-content\/uploads\/2021\/05\/san_lorenzo_place_identity_poster_a_caratteri_mobili_foglio.jpg 1050w, https:\/\/www.unirufa.it\/wp-content\/uploads\/2021\/05\/san_lorenzo_place_identity_poster_a_caratteri_mobili_foglio-300x171.jpg 300w, https:\/\/www.unirufa.it\/wp-content\/uploads\/2021\/05\/san_lorenzo_place_identity_poster_a_caratteri_mobili_foglio-1024x585.jpg 1024w, https:\/\/www.unirufa.it\/wp-content\/uploads\/2021\/05\/san_lorenzo_place_identity_poster_a_caratteri_mobili_foglio-768x439.jpg 768w\" sizes=\"auto, (max-width: 1050px) 100vw, 1050px\" \/><\/div><\/div><div class=\"su-image-carousel-item\"><div class=\"su-image-carousel-item-content\"><img loading=\"lazy\" decoding=\"async\" width=\"1050\" height=\"600\" src=\"https:\/\/www.unirufa.it\/wp-content\/uploads\/2021\/05\/san_lorenzo_place_identity_poster_a_caratteri_mobili_poster.jpg\" class=\"\" alt=\"\" srcset=\"https:\/\/www.unirufa.it\/wp-content\/uploads\/2021\/05\/san_lorenzo_place_identity_poster_a_caratteri_mobili_poster.jpg 1050w, https:\/\/www.unirufa.it\/wp-content\/uploads\/2021\/05\/san_lorenzo_place_identity_poster_a_caratteri_mobili_poster-300x171.jpg 300w, https:\/\/www.unirufa.it\/wp-content\/uploads\/2021\/05\/san_lorenzo_place_identity_poster_a_caratteri_mobili_poster-1024x585.jpg 1024w, https:\/\/www.unirufa.it\/wp-content\/uploads\/2021\/05\/san_lorenzo_place_identity_poster_a_caratteri_mobili_poster-768x439.jpg 768w\" sizes=\"auto, (max-width: 1050px) 100vw, 1050px\" \/><\/div><\/div><div class=\"su-image-carousel-item\"><div class=\"su-image-carousel-item-content\"><img loading=\"lazy\" decoding=\"async\" width=\"1050\" height=\"600\" src=\"https:\/\/www.unirufa.it\/wp-content\/uploads\/2021\/05\/san_lorenzo_place_identity_poster_a_caratteri_mobili_asciugatura.jpg\" class=\"\" alt=\"\" srcset=\"https:\/\/www.unirufa.it\/wp-content\/uploads\/2021\/05\/san_lorenzo_place_identity_poster_a_caratteri_mobili_asciugatura.jpg 1050w, https:\/\/www.unirufa.it\/wp-content\/uploads\/2021\/05\/san_lorenzo_place_identity_poster_a_caratteri_mobili_asciugatura-300x171.jpg 300w, https:\/\/www.unirufa.it\/wp-content\/uploads\/2021\/05\/san_lorenzo_place_identity_poster_a_caratteri_mobili_asciugatura-1024x585.jpg 1024w, https:\/\/www.unirufa.it\/wp-content\/uploads\/2021\/05\/san_lorenzo_place_identity_poster_a_caratteri_mobili_asciugatura-768x439.jpg 768w\" sizes=\"auto, (max-width: 1050px) 100vw, 1050px\" \/><\/div><\/div><\/div><script id=\"su_image_carousel_69d8ccc5c1240_script\">if(window.SUImageCarousel){setTimeout(function() {window.SUImageCarousel.initGallery(document.getElementById(\"su_image_carousel_69d8ccc5c1240\"))}, 0);}var su_image_carousel_69d8ccc5c1240_script=document.getElementById(\"su_image_carousel_69d8ccc5c1240_script\");if(su_image_carousel_69d8ccc5c1240_script){su_image_carousel_69d8ccc5c1240_script.parentNode.removeChild(su_image_carousel_69d8ccc5c1240_script);}<\/script>\n&nbsp;<\/p>\n<h3>Il progetto<\/h3>\n<p>Approcciarsi e scontrarsi coi caratteri mobili ed il letterpress, superarne i problemi e affrontare la disposizione degli elementi \u00e8 ci\u00f2 che rende pi\u00f9 interessante questa tecnica di stampa e che apre a nuove sperimentazioni l\u2019elaborazione grafica.<br \/>\nDurante l\u2019incontro, le tre classi di Graphic Design sono state divise in due gruppi ai quali sono state assegnate due frasi riguardanti San Lorenzo, da comporre con i caratteri mobili: una proveniente dalla canzone di De Gregori \u201cSan Lorenzo\u201d, l\u2019altra dalla poesia di Pascoli \u201c10 Agosto\u201d. Comporre le frasi di autori cos\u00ec grandi con una concentrazione ed un\u2019attenzione analogica, il contatto diretto con l\u2019inchiostro e la fibra della carta e la gestualit\u00e0 della pressa che spinge il foglio sull\u2019inchiostro, hanno conferito ai poster stampati un significato pi\u00f9 profondo e attinente ad un quartiere vissuto e vivo come San Lorenzo.<br \/>\n&nbsp;<br \/>\n&nbsp;<\/p>\n<div class=\"col-sm-12 col-lg-6\" style=\"padding-left: 0\">\n<a id=\"btn-regolamentocorso\" style=\"background-color:#000000;\" class=\"download-btn\" href=\"https:\/\/www.unirufa.it\/san-lorenzo-place-identity\/#progetti\"><font color=\"#ffffff\">TORNA AI PROGETTI<\/a><\/font>\n<\/div>\n<p>&nbsp;","protected":false},"excerpt":{"rendered":"<p>Disculpa, pero esta entrada est\u00e1 disponible s\u00f3lo en IT y EN. CORSO Graphic Design DOCENTE Guido Lombardo CURATORI Andrea Vendetti, Elettra Scotucci STAMPA SLAB STUDENTI Giuseppe Accroglian\u00f2, Sara Andronico, Claudio Antonangeli, Aurora Baiocchi, Elena Belli, Carlotta Biagioni, Sara Bonini, Raffaello Borrelli, Luca Bruni, Stefano Catino, Eleonora Chicca, Loris Cometa, Sara Corona, Domitilla Davoli, Carla De&#8230;<\/p>\n","protected":false},"author":22,"featured_media":0,"parent":0,"menu_order":0,"comment_status":"closed","ping_status":"closed","template":"","meta":{"content-type":"","footnotes":""},"class_list":["post-44562","page","type-page","status-publish","hentry"],"yoast_head":"<!-- This site is optimized with the Yoast SEO plugin v24.2 - https:\/\/yoast.com\/wordpress\/plugins\/seo\/ -->\n<title>Letterpress - RUFA - Rome University of Fine Arts<\/title>\n<meta name=\"robots\" content=\"index, follow, max-snippet:-1, max-image-preview:large, max-video-preview:-1\" \/>\n<link rel=\"canonical\" href=\"https:\/\/www.unirufa.it\/es\/san-lorenzo-place-identity-letterpress\/\" \/>\n<meta property=\"og:locale\" content=\"es_ES\" \/>\n<meta property=\"og:type\" content=\"article\" \/>\n<meta property=\"og:title\" content=\"Letterpress - RUFA - Rome University of Fine Arts\" \/>\n<meta property=\"og:description\" content=\"Disculpa, pero esta entrada est\u00e1 disponible s\u00f3lo en IT y EN. CORSO Graphic Design DOCENTE Guido Lombardo CURATORI Andrea Vendetti, Elettra Scotucci STAMPA SLAB STUDENTI Giuseppe Accroglian\u00f2, Sara Andronico, Claudio Antonangeli, Aurora Baiocchi, Elena Belli, Carlotta Biagioni, Sara Bonini, Raffaello Borrelli, Luca Bruni, Stefano Catino, Eleonora Chicca, Loris Cometa, Sara Corona, Domitilla Davoli, Carla De...\" \/>\n<meta property=\"og:url\" content=\"https:\/\/www.unirufa.it\/es\/san-lorenzo-place-identity-letterpress\/\" \/>\n<meta property=\"og:site_name\" content=\"RUFA - Rome University of Fine Arts\" \/>\n<meta property=\"article:modified_time\" content=\"2021-05-31T08:02:10+00:00\" \/>\n<meta property=\"og:image\" content=\"https:\/\/www.unirufa.it\/wp-content\/uploads\/2017\/11\/logo-rufa-2016.png\" \/>\n\t<meta property=\"og:image:width\" content=\"230\" \/>\n\t<meta property=\"og:image:height\" content=\"149\" \/>\n\t<meta property=\"og:image:type\" content=\"image\/png\" \/>\n<meta name=\"twitter:label1\" content=\"Tiempo de lectura\" \/>\n\t<meta name=\"twitter:data1\" content=\"3 minutos\" \/>\n<script type=\"application\/ld+json\" class=\"yoast-schema-graph\">{\"@context\":\"https:\/\/schema.org\",\"@graph\":[{\"@type\":\"WebPage\",\"@id\":\"https:\/\/www.unirufa.it\/es\/san-lorenzo-place-identity-letterpress\/\",\"url\":\"https:\/\/www.unirufa.it\/es\/san-lorenzo-place-identity-letterpress\/\",\"name\":\"Letterpress - RUFA - Rome University of Fine Arts\",\"isPartOf\":{\"@id\":\"https:\/\/www.unirufa.it\/#website\"},\"datePublished\":\"2021-05-17T11:32:59+00:00\",\"dateModified\":\"2021-05-31T08:02:10+00:00\",\"breadcrumb\":{\"@id\":\"https:\/\/www.unirufa.it\/es\/san-lorenzo-place-identity-letterpress\/#breadcrumb\"},\"inLanguage\":\"es\",\"potentialAction\":[{\"@type\":\"ReadAction\",\"target\":[\"https:\/\/www.unirufa.it\/es\/san-lorenzo-place-identity-letterpress\/\"]}]},{\"@type\":\"BreadcrumbList\",\"@id\":\"https:\/\/www.unirufa.it\/es\/san-lorenzo-place-identity-letterpress\/#breadcrumb\",\"itemListElement\":[{\"@type\":\"ListItem\",\"position\":1,\"name\":\"Home\",\"item\":\"https:\/\/www.unirufa.it\/\"},{\"@type\":\"ListItem\",\"position\":2,\"name\":\"Letterpress\"}]},{\"@type\":\"WebSite\",\"@id\":\"https:\/\/www.unirufa.it\/#website\",\"url\":\"https:\/\/www.unirufa.it\/\",\"name\":\"RUFA - Rome University of Fine Arts\",\"description\":\"\",\"potentialAction\":[{\"@type\":\"SearchAction\",\"target\":{\"@type\":\"EntryPoint\",\"urlTemplate\":\"https:\/\/www.unirufa.it\/?s={search_term_string}\"},\"query-input\":{\"@type\":\"PropertyValueSpecification\",\"valueRequired\":true,\"valueName\":\"search_term_string\"}}],\"inLanguage\":\"es\"}]}<\/script>\n<!-- \/ Yoast SEO plugin. -->","yoast_head_json":{"title":"Letterpress - RUFA - Rome University of Fine Arts","robots":{"index":"index","follow":"follow","max-snippet":"max-snippet:-1","max-image-preview":"max-image-preview:large","max-video-preview":"max-video-preview:-1"},"canonical":"https:\/\/www.unirufa.it\/es\/san-lorenzo-place-identity-letterpress\/","og_locale":"es_ES","og_type":"article","og_title":"Letterpress - RUFA - Rome University of Fine Arts","og_description":"Disculpa, pero esta entrada est\u00e1 disponible s\u00f3lo en IT y EN. CORSO Graphic Design DOCENTE Guido Lombardo CURATORI Andrea Vendetti, Elettra Scotucci STAMPA SLAB STUDENTI Giuseppe Accroglian\u00f2, Sara Andronico, Claudio Antonangeli, Aurora Baiocchi, Elena Belli, Carlotta Biagioni, Sara Bonini, Raffaello Borrelli, Luca Bruni, Stefano Catino, Eleonora Chicca, Loris Cometa, Sara Corona, Domitilla Davoli, Carla De...","og_url":"https:\/\/www.unirufa.it\/es\/san-lorenzo-place-identity-letterpress\/","og_site_name":"RUFA - Rome University of Fine Arts","article_modified_time":"2021-05-31T08:02:10+00:00","og_image":[{"width":230,"height":149,"url":"https:\/\/www.unirufa.it\/wp-content\/uploads\/2017\/11\/logo-rufa-2016.png","type":"image\/png"}],"twitter_misc":{"Tiempo de lectura":"3 minutos"},"schema":{"@context":"https:\/\/schema.org","@graph":[{"@type":"WebPage","@id":"https:\/\/www.unirufa.it\/es\/san-lorenzo-place-identity-letterpress\/","url":"https:\/\/www.unirufa.it\/es\/san-lorenzo-place-identity-letterpress\/","name":"Letterpress - RUFA - Rome University of Fine Arts","isPartOf":{"@id":"https:\/\/www.unirufa.it\/#website"},"datePublished":"2021-05-17T11:32:59+00:00","dateModified":"2021-05-31T08:02:10+00:00","breadcrumb":{"@id":"https:\/\/www.unirufa.it\/es\/san-lorenzo-place-identity-letterpress\/#breadcrumb"},"inLanguage":"es","potentialAction":[{"@type":"ReadAction","target":["https:\/\/www.unirufa.it\/es\/san-lorenzo-place-identity-letterpress\/"]}]},{"@type":"BreadcrumbList","@id":"https:\/\/www.unirufa.it\/es\/san-lorenzo-place-identity-letterpress\/#breadcrumb","itemListElement":[{"@type":"ListItem","position":1,"name":"Home","item":"https:\/\/www.unirufa.it\/"},{"@type":"ListItem","position":2,"name":"Letterpress"}]},{"@type":"WebSite","@id":"https:\/\/www.unirufa.it\/#website","url":"https:\/\/www.unirufa.it\/","name":"RUFA - Rome University of Fine Arts","description":"","potentialAction":[{"@type":"SearchAction","target":{"@type":"EntryPoint","urlTemplate":"https:\/\/www.unirufa.it\/?s={search_term_string}"},"query-input":{"@type":"PropertyValueSpecification","valueRequired":true,"valueName":"search_term_string"}}],"inLanguage":"es"}]}},"_links":{"self":[{"href":"https:\/\/www.unirufa.it\/es\/wp-json\/wp\/v2\/pages\/44562","targetHints":{"allow":["GET"]}}],"collection":[{"href":"https:\/\/www.unirufa.it\/es\/wp-json\/wp\/v2\/pages"}],"about":[{"href":"https:\/\/www.unirufa.it\/es\/wp-json\/wp\/v2\/types\/page"}],"author":[{"embeddable":true,"href":"https:\/\/www.unirufa.it\/es\/wp-json\/wp\/v2\/users\/22"}],"replies":[{"embeddable":true,"href":"https:\/\/www.unirufa.it\/es\/wp-json\/wp\/v2\/comments?post=44562"}],"version-history":[{"count":5,"href":"https:\/\/www.unirufa.it\/es\/wp-json\/wp\/v2\/pages\/44562\/revisions"}],"predecessor-version":[{"id":45645,"href":"https:\/\/www.unirufa.it\/es\/wp-json\/wp\/v2\/pages\/44562\/revisions\/45645"}],"wp:attachment":[{"href":"https:\/\/www.unirufa.it\/es\/wp-json\/wp\/v2\/media?parent=44562"}],"curies":[{"name":"wp","href":"https:\/\/api.w.org\/{rel}","templated":true}]}}