


{"id":44600,"date":"2021-05-17T13:47:39","date_gmt":"2021-05-17T11:47:39","guid":{"rendered":"https:\/\/www.unirufa.it\/?page_id=44600"},"modified":"2021-12-21T16:44:25","modified_gmt":"2021-12-21T15:44:25","slug":"san-lorenzo-place-identity-animalia","status":"publish","type":"page","link":"https:\/\/www.unirufa.it\/es\/san-lorenzo-place-identity-animalia\/","title":{"rendered":"Animalia"},"content":{"rendered":"<p class=\"qtranxs-available-languages-message qtranxs-available-languages-message-es\">Disculpa, pero esta entrada est\u00e1 disponible s\u00f3lo en <a href=\"https:\/\/www.unirufa.it\/it\/wp-json\/wp\/v2\/pages\/44600\" class=\"qtranxs-available-language-link qtranxs-available-language-link-it\" title=\"IT\">IT<\/a> y <a href=\"https:\/\/www.unirufa.it\/en\/wp-json\/wp\/v2\/pages\/44600\" class=\"qtranxs-available-language-link qtranxs-available-language-link-en\" title=\"EN\">EN<\/a>.<\/p><div class=\"col-sm-12 col-lg-2\" style=\"padding-left: 0;\">\n<h4><strong>CORSO<\/strong><\/h4>\n<\/div>\n<div class=\"col-sm-12 col-lg-10\" style=\"padding-left: 0;\">\n<h4>Graphic Design<\/h4>\n<\/div>\n<p>&nbsp;<\/p>\n<div class=\"col-sm-12 col-lg-2\" style=\"padding-left: 0;\">\n<h4><strong>DOCENTE<\/strong><\/h4>\n<\/div>\n<div class=\"col-sm-12 col-lg-10\" style=\"padding-left: 0;\">\n<h4>Guido Lombardo<\/h4>\n<\/div>\n<p>&nbsp;<\/p>\n<div class=\"col-sm-12 col-lg-2\" style=\"padding-left: 0;\">\n<h4><strong>STUDENTI<\/strong><\/h4>\n<\/div>\n<div class=\"col-sm-12 col-lg-10\" style=\"padding-left: 0;\">\n<h4>Alice Oieni, Laura Perrucci, Rachele Sdoga, Giulia Del Vecchio<\/h4>\n<\/div>\n<p>&nbsp;<\/p>\n<div class=\"su-image-carousel  su-image-carousel-has-spacing su-image-carousel-adaptive su-image-carousel-slides-style-minimal su-image-carousel-controls-style-light su-image-carousel-align-left\" style=\"\" data-flickity-options='{\"groupCells\":true,\"cellSelector\":\".su-image-carousel-item\",\"adaptiveHeight\":true,\"cellAlign\":\"left\",\"prevNextButtons\":true,\"pageDots\":false,\"autoPlay\":3000,\"imagesLoaded\":true,\"contain\":false,\"selectedAttraction\":0.025,\"friction\":0.28}' id=\"su_image_carousel_69f617353ee82\"><div class=\"su-image-carousel-item\"><div class=\"su-image-carousel-item-content\"><img loading=\"lazy\" decoding=\"async\" width=\"1050\" height=\"600\" src=\"https:\/\/www.unirufa.it\/wp-content\/uploads\/2021\/05\/san_lorenzo_place_identity_animalia_oieni_perrucci_sdoga_del-vecchio.jpg\" class=\"\" alt=\"\" srcset=\"https:\/\/www.unirufa.it\/wp-content\/uploads\/2021\/05\/san_lorenzo_place_identity_animalia_oieni_perrucci_sdoga_del-vecchio.jpg 1050w, https:\/\/www.unirufa.it\/wp-content\/uploads\/2021\/05\/san_lorenzo_place_identity_animalia_oieni_perrucci_sdoga_del-vecchio-300x171.jpg 300w, https:\/\/www.unirufa.it\/wp-content\/uploads\/2021\/05\/san_lorenzo_place_identity_animalia_oieni_perrucci_sdoga_del-vecchio-1024x585.jpg 1024w, https:\/\/www.unirufa.it\/wp-content\/uploads\/2021\/05\/san_lorenzo_place_identity_animalia_oieni_perrucci_sdoga_del-vecchio-768x439.jpg 768w\" sizes=\"auto, (max-width: 1050px) 100vw, 1050px\" \/><\/div><\/div><div class=\"su-image-carousel-item\"><div class=\"su-image-carousel-item-content\"><img loading=\"lazy\" decoding=\"async\" width=\"1050\" height=\"600\" src=\"https:\/\/www.unirufa.it\/wp-content\/uploads\/2021\/05\/san_lorenzo_place_identity_animalia_oieni_perrucci_sdoga_del-vecchio_mockup1.jpg\" class=\"\" alt=\"\" srcset=\"https:\/\/www.unirufa.it\/wp-content\/uploads\/2021\/05\/san_lorenzo_place_identity_animalia_oieni_perrucci_sdoga_del-vecchio_mockup1.jpg 1050w, https:\/\/www.unirufa.it\/wp-content\/uploads\/2021\/05\/san_lorenzo_place_identity_animalia_oieni_perrucci_sdoga_del-vecchio_mockup1-300x171.jpg 300w, https:\/\/www.unirufa.it\/wp-content\/uploads\/2021\/05\/san_lorenzo_place_identity_animalia_oieni_perrucci_sdoga_del-vecchio_mockup1-1024x585.jpg 1024w, https:\/\/www.unirufa.it\/wp-content\/uploads\/2021\/05\/san_lorenzo_place_identity_animalia_oieni_perrucci_sdoga_del-vecchio_mockup1-768x439.jpg 768w\" sizes=\"auto, (max-width: 1050px) 100vw, 1050px\" \/><\/div><\/div><div class=\"su-image-carousel-item\"><div class=\"su-image-carousel-item-content\"><img loading=\"lazy\" decoding=\"async\" width=\"1050\" height=\"600\" src=\"https:\/\/www.unirufa.it\/wp-content\/uploads\/2021\/05\/san_lorenzo_place_identity_animalia_oieni_perrucci_sdoga_del-vecchio_mockup.jpg\" class=\"\" alt=\"\" srcset=\"https:\/\/www.unirufa.it\/wp-content\/uploads\/2021\/05\/san_lorenzo_place_identity_animalia_oieni_perrucci_sdoga_del-vecchio_mockup.jpg 1050w, https:\/\/www.unirufa.it\/wp-content\/uploads\/2021\/05\/san_lorenzo_place_identity_animalia_oieni_perrucci_sdoga_del-vecchio_mockup-300x171.jpg 300w, https:\/\/www.unirufa.it\/wp-content\/uploads\/2021\/05\/san_lorenzo_place_identity_animalia_oieni_perrucci_sdoga_del-vecchio_mockup-1024x585.jpg 1024w, https:\/\/www.unirufa.it\/wp-content\/uploads\/2021\/05\/san_lorenzo_place_identity_animalia_oieni_perrucci_sdoga_del-vecchio_mockup-768x439.jpg 768w\" sizes=\"auto, (max-width: 1050px) 100vw, 1050px\" \/><\/div><\/div><div class=\"su-image-carousel-item\"><div class=\"su-image-carousel-item-content\"><img loading=\"lazy\" decoding=\"async\" width=\"1050\" height=\"600\" src=\"https:\/\/www.unirufa.it\/wp-content\/uploads\/2021\/05\/san_lorenzo_place_identity_animalia_oieni_perrucci_sdoga_del-vecchio_tabellone.jpg\" class=\"\" alt=\"\" srcset=\"https:\/\/www.unirufa.it\/wp-content\/uploads\/2021\/05\/san_lorenzo_place_identity_animalia_oieni_perrucci_sdoga_del-vecchio_tabellone.jpg 1050w, https:\/\/www.unirufa.it\/wp-content\/uploads\/2021\/05\/san_lorenzo_place_identity_animalia_oieni_perrucci_sdoga_del-vecchio_tabellone-300x171.jpg 300w, https:\/\/www.unirufa.it\/wp-content\/uploads\/2021\/05\/san_lorenzo_place_identity_animalia_oieni_perrucci_sdoga_del-vecchio_tabellone-1024x585.jpg 1024w, https:\/\/www.unirufa.it\/wp-content\/uploads\/2021\/05\/san_lorenzo_place_identity_animalia_oieni_perrucci_sdoga_del-vecchio_tabellone-768x439.jpg 768w\" sizes=\"auto, (max-width: 1050px) 100vw, 1050px\" \/><\/div><\/div><div class=\"su-image-carousel-item\"><div class=\"su-image-carousel-item-content\"><img loading=\"lazy\" decoding=\"async\" width=\"1050\" height=\"600\" src=\"https:\/\/www.unirufa.it\/wp-content\/uploads\/2021\/05\/san_lorenzo_place_identity_animalia_oieni_perrucci_sdoga_del-vecchio_carte1.jpg\" class=\"\" alt=\"\" srcset=\"https:\/\/www.unirufa.it\/wp-content\/uploads\/2021\/05\/san_lorenzo_place_identity_animalia_oieni_perrucci_sdoga_del-vecchio_carte1.jpg 1050w, https:\/\/www.unirufa.it\/wp-content\/uploads\/2021\/05\/san_lorenzo_place_identity_animalia_oieni_perrucci_sdoga_del-vecchio_carte1-300x171.jpg 300w, https:\/\/www.unirufa.it\/wp-content\/uploads\/2021\/05\/san_lorenzo_place_identity_animalia_oieni_perrucci_sdoga_del-vecchio_carte1-1024x585.jpg 1024w, https:\/\/www.unirufa.it\/wp-content\/uploads\/2021\/05\/san_lorenzo_place_identity_animalia_oieni_perrucci_sdoga_del-vecchio_carte1-768x439.jpg 768w\" sizes=\"auto, (max-width: 1050px) 100vw, 1050px\" \/><\/div><\/div><div class=\"su-image-carousel-item\"><div class=\"su-image-carousel-item-content\"><img loading=\"lazy\" decoding=\"async\" width=\"1050\" height=\"600\" src=\"https:\/\/www.unirufa.it\/wp-content\/uploads\/2021\/05\/san_lorenzo_place_identity_animalia_oieni_perrucci_sdoga_del-vecchio_carte.jpg\" class=\"\" alt=\"\" srcset=\"https:\/\/www.unirufa.it\/wp-content\/uploads\/2021\/05\/san_lorenzo_place_identity_animalia_oieni_perrucci_sdoga_del-vecchio_carte.jpg 1050w, https:\/\/www.unirufa.it\/wp-content\/uploads\/2021\/05\/san_lorenzo_place_identity_animalia_oieni_perrucci_sdoga_del-vecchio_carte-300x171.jpg 300w, https:\/\/www.unirufa.it\/wp-content\/uploads\/2021\/05\/san_lorenzo_place_identity_animalia_oieni_perrucci_sdoga_del-vecchio_carte-1024x585.jpg 1024w, https:\/\/www.unirufa.it\/wp-content\/uploads\/2021\/05\/san_lorenzo_place_identity_animalia_oieni_perrucci_sdoga_del-vecchio_carte-768x439.jpg 768w\" sizes=\"auto, (max-width: 1050px) 100vw, 1050px\" \/><\/div><\/div><\/div><script id=\"su_image_carousel_69f617353ee82_script\">if(window.SUImageCarousel){setTimeout(function() {window.SUImageCarousel.initGallery(document.getElementById(\"su_image_carousel_69f617353ee82\"))}, 0);}var su_image_carousel_69f617353ee82_script=document.getElementById(\"su_image_carousel_69f617353ee82_script\");if(su_image_carousel_69f617353ee82_script){su_image_carousel_69f617353ee82_script.parentNode.removeChild(su_image_carousel_69f617353ee82_script);}<\/script>\n<h3>Il progetto<\/h3>\n<p>\u201cI Bestiari medievali sono strani libri di animali che parlano delle diverse specie zoologiche non tanto per descriverle oggettivamente e ancor meno per descriverle in maniera scientifica, ma piuttosto per trarne significati morali e religiosi\u201d (Bestiari del Medioevo, di Michel Pastoureau).<\/p>\n<p>Da questa definizione \u00e8 partita la nostra ricerca, mirata alla realizzazione di un prodotto che fondesse le caratteristiche del bestiario con i connotati del quartiere di San Lorenzo. Abbiamo cos\u00ec deciso di realizzare un gioco da tavola il cui naming \u00e8 \u00abAnimalia\u00bb ed \u00e8 ambientato a San Lorenzo, luogo in cui i personaggi del gioco, ovvero bestie create dalla fusione di pi\u00f9 animali che rappresentano i personaggi tipo del quartiere, si muovono e compiono furti: l&#8217;obiettivo del gioco \u00e8 appunto scoprire chi ha rubato cosa e in quale luogo.<\/p>\n<div class=\"col-sm-12 col-lg-6\" style=\"padding-left: 0;\"><a id=\"btn-regolamentocorso\" class=\"download-btn\" style=\"background-color: #000000;\" href=\"https:\/\/www.unirufa.it\/san-lorenzo-place-identity\/#progetti\"><span style=\"color: #ffffff;\">TORNA AI PROGETTI<\/span><\/a><\/div>\n<p>&nbsp;","protected":false},"excerpt":{"rendered":"<p>Disculpa, pero esta entrada est\u00e1 disponible s\u00f3lo en IT y EN. CORSO Graphic Design &nbsp; DOCENTE Guido Lombardo &nbsp; STUDENTI Alice Oieni, Laura Perrucci, Rachele Sdoga, Giulia Del Vecchio &nbsp; Il progetto \u201cI Bestiari medievali sono strani libri di animali che parlano delle diverse specie zoologiche non tanto per descriverle oggettivamente e ancor meno per&#8230;<\/p>\n","protected":false},"author":22,"featured_media":0,"parent":0,"menu_order":0,"comment_status":"closed","ping_status":"closed","template":"","meta":{"content-type":"","footnotes":""},"class_list":["post-44600","page","type-page","status-publish","hentry"],"yoast_head":"<!-- This site is optimized with the Yoast SEO plugin v24.2 - https:\/\/yoast.com\/wordpress\/plugins\/seo\/ -->\n<title>Il progetto Animalia del corso di Graphic Design - RUFA<\/title>\n<meta name=\"description\" content=\"Il progetto ha come obiettivo la realizzazione di un prodotto con caratteristiche del bestiario con i connotati del quartiere di San Lorenzo.\" \/>\n<meta name=\"robots\" content=\"index, follow, max-snippet:-1, max-image-preview:large, max-video-preview:-1\" \/>\n<link rel=\"canonical\" href=\"https:\/\/www.unirufa.it\/san-lorenzo-place-identity-animalia\/\" \/>\n<meta property=\"og:locale\" content=\"es_ES\" \/>\n<meta property=\"og:type\" content=\"article\" \/>\n<meta property=\"og:title\" content=\"[:it]Il progetto Animalia del corso di Graphic Design - RUFA [:]\" \/>\n<meta property=\"og:description\" content=\"{:it}Il progetto ha come obiettivo la realizzazione di un prodotto con caratteristiche del bestiario con i connotati del quartiere di San Lorenzo.{:}\" \/>\n<meta property=\"og:url\" content=\"https:\/\/www.unirufa.it\/san-lorenzo-place-identity-animalia\/\" \/>\n<meta property=\"og:site_name\" content=\"RUFA - Rome University of Fine Arts\" \/>\n<meta property=\"article:modified_time\" content=\"2021-12-21T15:44:25+00:00\" \/>\n<meta property=\"og:image\" content=\"https:\/\/www.unirufa.it\/wp-content\/uploads\/2017\/11\/logo-rufa-2016.png\" \/>\n\t<meta property=\"og:image:width\" content=\"230\" \/>\n\t<meta property=\"og:image:height\" content=\"149\" \/>\n\t<meta property=\"og:image:type\" content=\"image\/png\" \/>\n<meta name=\"twitter:label1\" content=\"Tiempo de lectura\" \/>\n\t<meta name=\"twitter:data1\" content=\"2 minutos\" \/>\n<script type=\"application\/ld+json\" class=\"yoast-schema-graph\">{\"@context\":\"https:\/\/schema.org\",\"@graph\":[{\"@type\":\"WebPage\",\"@id\":\"https:\/\/www.unirufa.it\/san-lorenzo-place-identity-animalia\/\",\"url\":\"https:\/\/www.unirufa.it\/san-lorenzo-place-identity-animalia\/\",\"name\":\"[:it]Il progetto Animalia del corso di Graphic Design - RUFA [:]\",\"isPartOf\":{\"@id\":\"https:\/\/www.unirufa.it\/#website\"},\"datePublished\":\"2021-05-17T11:47:39+00:00\",\"dateModified\":\"2021-12-21T15:44:25+00:00\",\"description\":\"{:it}Il progetto ha come obiettivo la realizzazione di un prodotto con caratteristiche del bestiario con i connotati del quartiere di San Lorenzo.{:}\",\"breadcrumb\":{\"@id\":\"https:\/\/www.unirufa.it\/san-lorenzo-place-identity-animalia\/#breadcrumb\"},\"inLanguage\":\"es\",\"potentialAction\":[{\"@type\":\"ReadAction\",\"target\":[\"https:\/\/www.unirufa.it\/san-lorenzo-place-identity-animalia\/\"]}]},{\"@type\":\"BreadcrumbList\",\"@id\":\"https:\/\/www.unirufa.it\/san-lorenzo-place-identity-animalia\/#breadcrumb\",\"itemListElement\":[{\"@type\":\"ListItem\",\"position\":1,\"name\":\"Home\",\"item\":\"https:\/\/www.unirufa.it\/\"},{\"@type\":\"ListItem\",\"position\":2,\"name\":\"Animalia\"}]},{\"@type\":\"WebSite\",\"@id\":\"https:\/\/www.unirufa.it\/#website\",\"url\":\"https:\/\/www.unirufa.it\/\",\"name\":\"RUFA - Rome University of Fine Arts\",\"description\":\"\",\"potentialAction\":[{\"@type\":\"SearchAction\",\"target\":{\"@type\":\"EntryPoint\",\"urlTemplate\":\"https:\/\/www.unirufa.it\/?s={search_term_string}\"},\"query-input\":{\"@type\":\"PropertyValueSpecification\",\"valueRequired\":true,\"valueName\":\"search_term_string\"}}],\"inLanguage\":\"es\"}]}<\/script>\n<!-- \/ Yoast SEO plugin. -->","yoast_head_json":{"title":"Il progetto Animalia del corso di Graphic Design - RUFA","description":"Il progetto ha come obiettivo la realizzazione di un prodotto con caratteristiche del bestiario con i connotati del quartiere di San Lorenzo.","robots":{"index":"index","follow":"follow","max-snippet":"max-snippet:-1","max-image-preview":"max-image-preview:large","max-video-preview":"max-video-preview:-1"},"canonical":"https:\/\/www.unirufa.it\/san-lorenzo-place-identity-animalia\/","og_locale":"es_ES","og_type":"article","og_title":"[:it]Il progetto Animalia del corso di Graphic Design - RUFA [:]","og_description":"{:it}Il progetto ha come obiettivo la realizzazione di un prodotto con caratteristiche del bestiario con i connotati del quartiere di San Lorenzo.{:}","og_url":"https:\/\/www.unirufa.it\/san-lorenzo-place-identity-animalia\/","og_site_name":"RUFA - Rome University of Fine Arts","article_modified_time":"2021-12-21T15:44:25+00:00","og_image":[{"width":230,"height":149,"url":"https:\/\/www.unirufa.it\/wp-content\/uploads\/2017\/11\/logo-rufa-2016.png","type":"image\/png"}],"twitter_misc":{"Tiempo de lectura":"2 minutos"},"schema":{"@context":"https:\/\/schema.org","@graph":[{"@type":"WebPage","@id":"https:\/\/www.unirufa.it\/san-lorenzo-place-identity-animalia\/","url":"https:\/\/www.unirufa.it\/san-lorenzo-place-identity-animalia\/","name":"[:it]Il progetto Animalia del corso di Graphic Design - RUFA [:]","isPartOf":{"@id":"https:\/\/www.unirufa.it\/#website"},"datePublished":"2021-05-17T11:47:39+00:00","dateModified":"2021-12-21T15:44:25+00:00","description":"{:it}Il progetto ha come obiettivo la realizzazione di un prodotto con caratteristiche del bestiario con i connotati del quartiere di San Lorenzo.{:}","breadcrumb":{"@id":"https:\/\/www.unirufa.it\/san-lorenzo-place-identity-animalia\/#breadcrumb"},"inLanguage":"es","potentialAction":[{"@type":"ReadAction","target":["https:\/\/www.unirufa.it\/san-lorenzo-place-identity-animalia\/"]}]},{"@type":"BreadcrumbList","@id":"https:\/\/www.unirufa.it\/san-lorenzo-place-identity-animalia\/#breadcrumb","itemListElement":[{"@type":"ListItem","position":1,"name":"Home","item":"https:\/\/www.unirufa.it\/"},{"@type":"ListItem","position":2,"name":"Animalia"}]},{"@type":"WebSite","@id":"https:\/\/www.unirufa.it\/#website","url":"https:\/\/www.unirufa.it\/","name":"RUFA - Rome University of Fine Arts","description":"","potentialAction":[{"@type":"SearchAction","target":{"@type":"EntryPoint","urlTemplate":"https:\/\/www.unirufa.it\/?s={search_term_string}"},"query-input":{"@type":"PropertyValueSpecification","valueRequired":true,"valueName":"search_term_string"}}],"inLanguage":"es"}]}},"_links":{"self":[{"href":"https:\/\/www.unirufa.it\/es\/wp-json\/wp\/v2\/pages\/44600","targetHints":{"allow":["GET"]}}],"collection":[{"href":"https:\/\/www.unirufa.it\/es\/wp-json\/wp\/v2\/pages"}],"about":[{"href":"https:\/\/www.unirufa.it\/es\/wp-json\/wp\/v2\/types\/page"}],"author":[{"embeddable":true,"href":"https:\/\/www.unirufa.it\/es\/wp-json\/wp\/v2\/users\/22"}],"replies":[{"embeddable":true,"href":"https:\/\/www.unirufa.it\/es\/wp-json\/wp\/v2\/comments?post=44600"}],"version-history":[{"count":7,"href":"https:\/\/www.unirufa.it\/es\/wp-json\/wp\/v2\/pages\/44600\/revisions"}],"predecessor-version":[{"id":88768,"href":"https:\/\/www.unirufa.it\/es\/wp-json\/wp\/v2\/pages\/44600\/revisions\/88768"}],"wp:attachment":[{"href":"https:\/\/www.unirufa.it\/es\/wp-json\/wp\/v2\/media?parent=44600"}],"curies":[{"name":"wp","href":"https:\/\/api.w.org\/{rel}","templated":true}]}}