


{"id":44610,"date":"2021-05-17T13:51:07","date_gmt":"2021-05-17T11:51:07","guid":{"rendered":"https:\/\/www.unirufa.it\/?page_id=44610"},"modified":"2021-12-21T16:57:16","modified_gmt":"2021-12-21T15:57:16","slug":"san-lorenzo-place-identity-colore","status":"publish","type":"page","link":"https:\/\/www.unirufa.it\/es\/san-lorenzo-place-identity-colore\/","title":{"rendered":"Colore"},"content":{"rendered":"<p class=\"qtranxs-available-languages-message qtranxs-available-languages-message-es\">Disculpa, pero esta entrada est\u00e1 disponible s\u00f3lo en <a href=\"https:\/\/www.unirufa.it\/it\/wp-json\/wp\/v2\/pages\/44610\" class=\"qtranxs-available-language-link qtranxs-available-language-link-it\" title=\"IT\">IT<\/a> y <a href=\"https:\/\/www.unirufa.it\/en\/wp-json\/wp\/v2\/pages\/44610\" class=\"qtranxs-available-language-link qtranxs-available-language-link-en\" title=\"EN\">EN<\/a>.<\/p><div class=\"col-sm-12 col-lg-2\" style=\"padding-left: 0;\">\n<h4><strong>CORSO<\/strong><\/h4>\n<\/div>\n<div class=\"col-sm-12 col-lg-10\" style=\"padding-left: 0;\">\n<h4>Comics and Illustration<\/h4>\n<\/div>\n<p>&nbsp;<\/p>\n<div class=\"col-sm-12 col-lg-2\" style=\"padding-left: 0;\">\n<h4><strong>DOCENTE<\/strong><\/h4>\n<\/div>\n<div class=\"col-sm-12 col-lg-10\" style=\"padding-left: 0;\">\n<h4>Guido Lombardo<\/h4>\n<\/div>\n<p>&nbsp;<\/p>\n<div class=\"col-sm-12 col-lg-2\" style=\"padding-left: 0;\">\n<h4><strong>STUDENTI<\/strong><\/h4>\n<\/div>\n<div class=\"col-sm-12 col-lg-10\" style=\"padding-left: 0;\">\n<h4>Emma Arduini, Tiziano Pandolfi<\/h4>\n<\/div>\n<p>&nbsp;<\/p>\n<div class=\"su-image-carousel  su-image-carousel-has-spacing su-image-carousel-adaptive su-image-carousel-slides-style-minimal su-image-carousel-controls-style-light su-image-carousel-align-left\" style=\"\" data-flickity-options='{\"groupCells\":true,\"cellSelector\":\".su-image-carousel-item\",\"adaptiveHeight\":true,\"cellAlign\":\"left\",\"prevNextButtons\":true,\"pageDots\":false,\"autoPlay\":3000,\"imagesLoaded\":true,\"contain\":false,\"selectedAttraction\":0.025,\"friction\":0.28}' id=\"su_image_carousel_69de1576e4412\"><div class=\"su-image-carousel-item\"><div class=\"su-image-carousel-item-content\"><img loading=\"lazy\" decoding=\"async\" width=\"1050\" height=\"600\" src=\"https:\/\/www.unirufa.it\/wp-content\/uploads\/2021\/05\/san_lorenzo_place_identity_colore_arduini_pandolfi_mockup3.jpg\" class=\"\" alt=\"\" srcset=\"https:\/\/www.unirufa.it\/wp-content\/uploads\/2021\/05\/san_lorenzo_place_identity_colore_arduini_pandolfi_mockup3.jpg 1050w, https:\/\/www.unirufa.it\/wp-content\/uploads\/2021\/05\/san_lorenzo_place_identity_colore_arduini_pandolfi_mockup3-300x171.jpg 300w, https:\/\/www.unirufa.it\/wp-content\/uploads\/2021\/05\/san_lorenzo_place_identity_colore_arduini_pandolfi_mockup3-1024x585.jpg 1024w, https:\/\/www.unirufa.it\/wp-content\/uploads\/2021\/05\/san_lorenzo_place_identity_colore_arduini_pandolfi_mockup3-768x439.jpg 768w\" sizes=\"auto, (max-width: 1050px) 100vw, 1050px\" \/><\/div><\/div><div class=\"su-image-carousel-item\"><div class=\"su-image-carousel-item-content\"><img loading=\"lazy\" decoding=\"async\" width=\"1050\" height=\"600\" src=\"https:\/\/www.unirufa.it\/wp-content\/uploads\/2021\/05\/san_lorenzo_place_identity_colore_arduini_pandolfi_mockup2.jpg\" class=\"\" alt=\"\" srcset=\"https:\/\/www.unirufa.it\/wp-content\/uploads\/2021\/05\/san_lorenzo_place_identity_colore_arduini_pandolfi_mockup2.jpg 1050w, https:\/\/www.unirufa.it\/wp-content\/uploads\/2021\/05\/san_lorenzo_place_identity_colore_arduini_pandolfi_mockup2-300x171.jpg 300w, https:\/\/www.unirufa.it\/wp-content\/uploads\/2021\/05\/san_lorenzo_place_identity_colore_arduini_pandolfi_mockup2-1024x585.jpg 1024w, https:\/\/www.unirufa.it\/wp-content\/uploads\/2021\/05\/san_lorenzo_place_identity_colore_arduini_pandolfi_mockup2-768x439.jpg 768w\" sizes=\"auto, (max-width: 1050px) 100vw, 1050px\" \/><\/div><\/div><div class=\"su-image-carousel-item\"><div class=\"su-image-carousel-item-content\"><img loading=\"lazy\" decoding=\"async\" width=\"1050\" height=\"600\" src=\"https:\/\/www.unirufa.it\/wp-content\/uploads\/2021\/05\/san_lorenzo_place_identity_colore_arduini_pandolfi_mockup.jpg\" class=\"\" alt=\"\" srcset=\"https:\/\/www.unirufa.it\/wp-content\/uploads\/2021\/05\/san_lorenzo_place_identity_colore_arduini_pandolfi_mockup.jpg 1050w, https:\/\/www.unirufa.it\/wp-content\/uploads\/2021\/05\/san_lorenzo_place_identity_colore_arduini_pandolfi_mockup-300x171.jpg 300w, https:\/\/www.unirufa.it\/wp-content\/uploads\/2021\/05\/san_lorenzo_place_identity_colore_arduini_pandolfi_mockup-1024x585.jpg 1024w, https:\/\/www.unirufa.it\/wp-content\/uploads\/2021\/05\/san_lorenzo_place_identity_colore_arduini_pandolfi_mockup-768x439.jpg 768w\" sizes=\"auto, (max-width: 1050px) 100vw, 1050px\" \/><\/div><\/div><div class=\"su-image-carousel-item\"><div class=\"su-image-carousel-item-content\"><img loading=\"lazy\" decoding=\"async\" width=\"1050\" height=\"600\" src=\"https:\/\/www.unirufa.it\/wp-content\/uploads\/2021\/05\/san_lorenzo_place_identity_colore_arduini_pandolfi.jpg\" class=\"\" alt=\"\" srcset=\"https:\/\/www.unirufa.it\/wp-content\/uploads\/2021\/05\/san_lorenzo_place_identity_colore_arduini_pandolfi.jpg 1050w, https:\/\/www.unirufa.it\/wp-content\/uploads\/2021\/05\/san_lorenzo_place_identity_colore_arduini_pandolfi-300x171.jpg 300w, https:\/\/www.unirufa.it\/wp-content\/uploads\/2021\/05\/san_lorenzo_place_identity_colore_arduini_pandolfi-1024x585.jpg 1024w, https:\/\/www.unirufa.it\/wp-content\/uploads\/2021\/05\/san_lorenzo_place_identity_colore_arduini_pandolfi-768x439.jpg 768w\" sizes=\"auto, (max-width: 1050px) 100vw, 1050px\" \/><\/div><\/div><div class=\"su-image-carousel-item\"><div class=\"su-image-carousel-item-content\"><img loading=\"lazy\" decoding=\"async\" width=\"1050\" height=\"600\" src=\"https:\/\/www.unirufa.it\/wp-content\/uploads\/2021\/05\/san_lorenzo_place_identity_colore_arduini_pandolfi_book_detail.jpg\" class=\"\" alt=\"\" srcset=\"https:\/\/www.unirufa.it\/wp-content\/uploads\/2021\/05\/san_lorenzo_place_identity_colore_arduini_pandolfi_book_detail.jpg 1050w, https:\/\/www.unirufa.it\/wp-content\/uploads\/2021\/05\/san_lorenzo_place_identity_colore_arduini_pandolfi_book_detail-300x171.jpg 300w, https:\/\/www.unirufa.it\/wp-content\/uploads\/2021\/05\/san_lorenzo_place_identity_colore_arduini_pandolfi_book_detail-1024x585.jpg 1024w, https:\/\/www.unirufa.it\/wp-content\/uploads\/2021\/05\/san_lorenzo_place_identity_colore_arduini_pandolfi_book_detail-768x439.jpg 768w\" sizes=\"auto, (max-width: 1050px) 100vw, 1050px\" \/><\/div><\/div><div class=\"su-image-carousel-item\"><div class=\"su-image-carousel-item-content\"><img loading=\"lazy\" decoding=\"async\" width=\"1050\" height=\"600\" src=\"https:\/\/www.unirufa.it\/wp-content\/uploads\/2021\/05\/san_lorenzo_place_identity_colore_arduini_pandolfi_binding.jpg\" class=\"\" alt=\"\" srcset=\"https:\/\/www.unirufa.it\/wp-content\/uploads\/2021\/05\/san_lorenzo_place_identity_colore_arduini_pandolfi_binding.jpg 1050w, https:\/\/www.unirufa.it\/wp-content\/uploads\/2021\/05\/san_lorenzo_place_identity_colore_arduini_pandolfi_binding-300x171.jpg 300w, https:\/\/www.unirufa.it\/wp-content\/uploads\/2021\/05\/san_lorenzo_place_identity_colore_arduini_pandolfi_binding-1024x585.jpg 1024w, https:\/\/www.unirufa.it\/wp-content\/uploads\/2021\/05\/san_lorenzo_place_identity_colore_arduini_pandolfi_binding-768x439.jpg 768w\" sizes=\"auto, (max-width: 1050px) 100vw, 1050px\" \/><\/div><\/div><\/div><script id=\"su_image_carousel_69de1576e4412_script\">if(window.SUImageCarousel){setTimeout(function() {window.SUImageCarousel.initGallery(document.getElementById(\"su_image_carousel_69de1576e4412\"))}, 0);}var su_image_carousel_69de1576e4412_script=document.getElementById(\"su_image_carousel_69de1576e4412_script\");if(su_image_carousel_69de1576e4412_script){su_image_carousel_69de1576e4412_script.parentNode.removeChild(su_image_carousel_69de1576e4412_script);}<\/script>\n<h3>Il progetto<\/h3>\n<p>L&#8217;emergenza COVID ha costretto a casa tante famiglie, a rivedere le proprie abitudini e a riorganizzare le proprie giornate. COLORE \u00e8 un progetto nato dal dialogo con organizzazioni autogestite di San Lorenzo, a capo di attivit\u00e0 ricreative per bambini e non. \u00c8 stata avvertita la necessit\u00e0 di rendere visibile, \u00abl&#8217;invisibile\u00bb, ovvero di ufficializzare la fitta rete di contatti presente sul territorio attraverso un network online ma a causa degli eventi, \u00e8 stato necessario rivedere il progetto. Poich\u00e9 non era pi\u00f9 possibile riunire gli enti, abbiamo creato noi stessi un progetto che potesse intrattenere il pubblico. La scelta di creare la rivista COLORE si propone come soluzione alla noia che distragga proponendo attivit\u00e0 ludiche e contenuti culturali.<\/p>\n<div class=\"col-sm-12 col-lg-6\" style=\"padding-left: 0;\"><a id=\"btn-regolamentocorso\" class=\"download-btn\" style=\"background-color: #000000;\" href=\"https:\/\/www.unirufa.it\/san-lorenzo-place-identity\/#progetti\"><span style=\"color: #ffffff;\">TORNA AI PROGETTI<\/span><\/a><\/div>\n<p>&nbsp;","protected":false},"excerpt":{"rendered":"<p>Disculpa, pero esta entrada est\u00e1 disponible s\u00f3lo en IT y EN. CORSO Comics and Illustration &nbsp; DOCENTE Guido Lombardo &nbsp; STUDENTI Emma Arduini, Tiziano Pandolfi &nbsp; Il progetto L&#8217;emergenza COVID ha costretto a casa tante famiglie, a rivedere le proprie abitudini e a riorganizzare le proprie giornate. COLORE \u00e8 un progetto nato dal dialogo con&#8230;<\/p>\n","protected":false},"author":22,"featured_media":0,"parent":0,"menu_order":0,"comment_status":"closed","ping_status":"closed","template":"","meta":{"content-type":"","footnotes":""},"class_list":["post-44610","page","type-page","status-publish","hentry"],"yoast_head":"<!-- This site is optimized with the Yoast SEO plugin v24.2 - https:\/\/yoast.com\/wordpress\/plugins\/seo\/ -->\n<title>Progetto Colore a cura delle organizzazioni San Lorenzo e RUFA - RUFA<\/title>\n<meta name=\"description\" content=\"Il progetto COLORE \u00e8 nato dal dialogo con organizzazioni autogestite di San Lorenzo in collaborazione con l&#039;Accademia delle Belle Arti.\" \/>\n<meta name=\"robots\" content=\"index, follow, max-snippet:-1, max-image-preview:large, max-video-preview:-1\" \/>\n<link rel=\"canonical\" href=\"https:\/\/www.unirufa.it\/san-lorenzo-place-identity-colore\/\" \/>\n<meta property=\"og:locale\" content=\"es_ES\" \/>\n<meta property=\"og:type\" content=\"article\" \/>\n<meta property=\"og:title\" content=\"Progetto Colore a cura delle organizzazioni San Lorenzo e RUFA - RUFA\" \/>\n<meta property=\"og:description\" content=\"Il progetto COLORE \u00e8 nato dal dialogo con organizzazioni autogestite di San Lorenzo in collaborazione con l&#039;Accademia delle Belle Arti.\" \/>\n<meta property=\"og:url\" content=\"https:\/\/www.unirufa.it\/san-lorenzo-place-identity-colore\/\" \/>\n<meta property=\"og:site_name\" content=\"RUFA - Rome University of Fine Arts\" \/>\n<meta property=\"article:modified_time\" content=\"2021-12-21T15:57:16+00:00\" \/>\n<meta property=\"og:image\" content=\"https:\/\/www.unirufa.it\/wp-content\/uploads\/2017\/11\/logo-rufa-2016.png\" \/>\n\t<meta property=\"og:image:width\" content=\"230\" \/>\n\t<meta property=\"og:image:height\" content=\"149\" \/>\n\t<meta property=\"og:image:type\" content=\"image\/png\" \/>\n<meta name=\"twitter:label1\" content=\"Tiempo de lectura\" \/>\n\t<meta name=\"twitter:data1\" content=\"2 minutos\" \/>\n<script type=\"application\/ld+json\" class=\"yoast-schema-graph\">{\"@context\":\"https:\/\/schema.org\",\"@graph\":[{\"@type\":\"WebPage\",\"@id\":\"https:\/\/www.unirufa.it\/san-lorenzo-place-identity-colore\/\",\"url\":\"https:\/\/www.unirufa.it\/san-lorenzo-place-identity-colore\/\",\"name\":\"Progetto Colore a cura delle organizzazioni San Lorenzo e RUFA - RUFA\",\"isPartOf\":{\"@id\":\"https:\/\/www.unirufa.it\/#website\"},\"datePublished\":\"2021-05-17T11:51:07+00:00\",\"dateModified\":\"2021-12-21T15:57:16+00:00\",\"description\":\"Il progetto COLORE \u00e8 nato dal dialogo con organizzazioni autogestite di San Lorenzo in collaborazione con l'Accademia delle Belle Arti.\",\"breadcrumb\":{\"@id\":\"https:\/\/www.unirufa.it\/san-lorenzo-place-identity-colore\/#breadcrumb\"},\"inLanguage\":\"es\",\"potentialAction\":[{\"@type\":\"ReadAction\",\"target\":[\"https:\/\/www.unirufa.it\/san-lorenzo-place-identity-colore\/\"]}]},{\"@type\":\"BreadcrumbList\",\"@id\":\"https:\/\/www.unirufa.it\/san-lorenzo-place-identity-colore\/#breadcrumb\",\"itemListElement\":[{\"@type\":\"ListItem\",\"position\":1,\"name\":\"Home\",\"item\":\"https:\/\/www.unirufa.it\/\"},{\"@type\":\"ListItem\",\"position\":2,\"name\":\"Colore\"}]},{\"@type\":\"WebSite\",\"@id\":\"https:\/\/www.unirufa.it\/#website\",\"url\":\"https:\/\/www.unirufa.it\/\",\"name\":\"RUFA - Rome University of Fine Arts\",\"description\":\"\",\"potentialAction\":[{\"@type\":\"SearchAction\",\"target\":{\"@type\":\"EntryPoint\",\"urlTemplate\":\"https:\/\/www.unirufa.it\/?s={search_term_string}\"},\"query-input\":{\"@type\":\"PropertyValueSpecification\",\"valueRequired\":true,\"valueName\":\"search_term_string\"}}],\"inLanguage\":\"es\"}]}<\/script>\n<!-- \/ Yoast SEO plugin. -->","yoast_head_json":{"title":"Progetto Colore a cura delle organizzazioni San Lorenzo e RUFA - RUFA","description":"Il progetto COLORE \u00e8 nato dal dialogo con organizzazioni autogestite di San Lorenzo in collaborazione con l'Accademia delle Belle Arti.","robots":{"index":"index","follow":"follow","max-snippet":"max-snippet:-1","max-image-preview":"max-image-preview:large","max-video-preview":"max-video-preview:-1"},"canonical":"https:\/\/www.unirufa.it\/san-lorenzo-place-identity-colore\/","og_locale":"es_ES","og_type":"article","og_title":"Progetto Colore a cura delle organizzazioni San Lorenzo e RUFA - RUFA","og_description":"Il progetto COLORE \u00e8 nato dal dialogo con organizzazioni autogestite di San Lorenzo in collaborazione con l'Accademia delle Belle Arti.","og_url":"https:\/\/www.unirufa.it\/san-lorenzo-place-identity-colore\/","og_site_name":"RUFA - Rome University of Fine Arts","article_modified_time":"2021-12-21T15:57:16+00:00","og_image":[{"width":230,"height":149,"url":"https:\/\/www.unirufa.it\/wp-content\/uploads\/2017\/11\/logo-rufa-2016.png","type":"image\/png"}],"twitter_misc":{"Tiempo de lectura":"2 minutos"},"schema":{"@context":"https:\/\/schema.org","@graph":[{"@type":"WebPage","@id":"https:\/\/www.unirufa.it\/san-lorenzo-place-identity-colore\/","url":"https:\/\/www.unirufa.it\/san-lorenzo-place-identity-colore\/","name":"Progetto Colore a cura delle organizzazioni San Lorenzo e RUFA - RUFA","isPartOf":{"@id":"https:\/\/www.unirufa.it\/#website"},"datePublished":"2021-05-17T11:51:07+00:00","dateModified":"2021-12-21T15:57:16+00:00","description":"Il progetto COLORE \u00e8 nato dal dialogo con organizzazioni autogestite di San Lorenzo in collaborazione con l'Accademia delle Belle Arti.","breadcrumb":{"@id":"https:\/\/www.unirufa.it\/san-lorenzo-place-identity-colore\/#breadcrumb"},"inLanguage":"es","potentialAction":[{"@type":"ReadAction","target":["https:\/\/www.unirufa.it\/san-lorenzo-place-identity-colore\/"]}]},{"@type":"BreadcrumbList","@id":"https:\/\/www.unirufa.it\/san-lorenzo-place-identity-colore\/#breadcrumb","itemListElement":[{"@type":"ListItem","position":1,"name":"Home","item":"https:\/\/www.unirufa.it\/"},{"@type":"ListItem","position":2,"name":"Colore"}]},{"@type":"WebSite","@id":"https:\/\/www.unirufa.it\/#website","url":"https:\/\/www.unirufa.it\/","name":"RUFA - Rome University of Fine Arts","description":"","potentialAction":[{"@type":"SearchAction","target":{"@type":"EntryPoint","urlTemplate":"https:\/\/www.unirufa.it\/?s={search_term_string}"},"query-input":{"@type":"PropertyValueSpecification","valueRequired":true,"valueName":"search_term_string"}}],"inLanguage":"es"}]}},"_links":{"self":[{"href":"https:\/\/www.unirufa.it\/es\/wp-json\/wp\/v2\/pages\/44610","targetHints":{"allow":["GET"]}}],"collection":[{"href":"https:\/\/www.unirufa.it\/es\/wp-json\/wp\/v2\/pages"}],"about":[{"href":"https:\/\/www.unirufa.it\/es\/wp-json\/wp\/v2\/types\/page"}],"author":[{"embeddable":true,"href":"https:\/\/www.unirufa.it\/es\/wp-json\/wp\/v2\/users\/22"}],"replies":[{"embeddable":true,"href":"https:\/\/www.unirufa.it\/es\/wp-json\/wp\/v2\/comments?post=44610"}],"version-history":[{"count":5,"href":"https:\/\/www.unirufa.it\/es\/wp-json\/wp\/v2\/pages\/44610\/revisions"}],"predecessor-version":[{"id":58327,"href":"https:\/\/www.unirufa.it\/es\/wp-json\/wp\/v2\/pages\/44610\/revisions\/58327"}],"wp:attachment":[{"href":"https:\/\/www.unirufa.it\/es\/wp-json\/wp\/v2\/media?parent=44610"}],"curies":[{"name":"wp","href":"https:\/\/api.w.org\/{rel}","templated":true}]}}