


{"id":44624,"date":"2021-05-17T14:03:35","date_gmt":"2021-05-17T12:03:35","guid":{"rendered":"https:\/\/www.unirufa.it\/?page_id=44624"},"modified":"2021-12-21T17:05:18","modified_gmt":"2021-12-21T16:05:18","slug":"san-lorenzo-place-identity-fandado","status":"publish","type":"page","link":"https:\/\/www.unirufa.it\/es\/san-lorenzo-place-identity-fandado\/","title":{"rendered":"Fandado"},"content":{"rendered":"<p class=\"qtranxs-available-languages-message qtranxs-available-languages-message-es\">Disculpa, pero esta entrada est\u00e1 disponible s\u00f3lo en <a href=\"https:\/\/www.unirufa.it\/it\/wp-json\/wp\/v2\/pages\/44624\" class=\"qtranxs-available-language-link qtranxs-available-language-link-it\" title=\"IT\">IT<\/a> y <a href=\"https:\/\/www.unirufa.it\/en\/wp-json\/wp\/v2\/pages\/44624\" class=\"qtranxs-available-language-link qtranxs-available-language-link-en\" title=\"EN\">EN<\/a>.<\/p><div class=\"col-sm-12 col-lg-2\" style=\"padding-left: 0;\">\n<h4><strong>CORSO<\/strong><\/h4>\n<\/div>\n<div class=\"col-sm-12 col-lg-10\" style=\"padding-left: 0;\">\n<h4>Comics and Illustration<\/h4>\n<\/div>\n<p>&nbsp;<\/p>\n<div class=\"col-sm-12 col-lg-2\" style=\"padding-left: 0;\">\n<h4><strong>DOCENTE<\/strong><\/h4>\n<\/div>\n<div class=\"col-sm-12 col-lg-10\" style=\"padding-left: 0;\">\n<h4>Guido Lombardo<\/h4>\n<\/div>\n<p>&nbsp;<\/p>\n<div class=\"col-sm-12 col-lg-2\" style=\"padding-left: 0;\">\n<h4><strong>STUDENTI<\/strong><\/h4>\n<\/div>\n<div class=\"col-sm-12 col-lg-10\" style=\"padding-left: 0;\">\n<h4>Milena Felici, Alessia Montedoro, Maria Rosa Nenna, Giordana Rimedio<\/h4>\n<\/div>\n<p>&nbsp;<\/p>\n<div class=\"su-image-carousel  su-image-carousel-has-spacing su-image-carousel-adaptive su-image-carousel-slides-style-minimal su-image-carousel-controls-style-light su-image-carousel-align-left\" style=\"\" data-flickity-options='{\"groupCells\":true,\"cellSelector\":\".su-image-carousel-item\",\"adaptiveHeight\":true,\"cellAlign\":\"left\",\"prevNextButtons\":true,\"pageDots\":false,\"autoPlay\":3000,\"imagesLoaded\":true,\"contain\":false,\"selectedAttraction\":0.025,\"friction\":0.28}' id=\"su_image_carousel_69d6d2db2ef88\"><div class=\"su-image-carousel-item\"><div class=\"su-image-carousel-item-content\"><img loading=\"lazy\" decoding=\"async\" width=\"1050\" height=\"600\" src=\"https:\/\/www.unirufa.it\/wp-content\/uploads\/2021\/05\/san_lorenzo_place_identity_fandado_Felici_Montedoro_Nenna_Rimedio_logo.jpg\" class=\"\" alt=\"\" srcset=\"https:\/\/www.unirufa.it\/wp-content\/uploads\/2021\/05\/san_lorenzo_place_identity_fandado_Felici_Montedoro_Nenna_Rimedio_logo.jpg 1050w, https:\/\/www.unirufa.it\/wp-content\/uploads\/2021\/05\/san_lorenzo_place_identity_fandado_Felici_Montedoro_Nenna_Rimedio_logo-300x171.jpg 300w, https:\/\/www.unirufa.it\/wp-content\/uploads\/2021\/05\/san_lorenzo_place_identity_fandado_Felici_Montedoro_Nenna_Rimedio_logo-1024x585.jpg 1024w, https:\/\/www.unirufa.it\/wp-content\/uploads\/2021\/05\/san_lorenzo_place_identity_fandado_Felici_Montedoro_Nenna_Rimedio_logo-768x439.jpg 768w\" sizes=\"auto, (max-width: 1050px) 100vw, 1050px\" \/><\/div><\/div><div class=\"su-image-carousel-item\"><div class=\"su-image-carousel-item-content\"><img loading=\"lazy\" decoding=\"async\" width=\"1050\" height=\"600\" src=\"https:\/\/www.unirufa.it\/wp-content\/uploads\/2021\/05\/san_lorenzo_place_identity_fandado_Felici_Montedoro_Nenna_Rimedio_poster.jpg\" class=\"\" alt=\"\" srcset=\"https:\/\/www.unirufa.it\/wp-content\/uploads\/2021\/05\/san_lorenzo_place_identity_fandado_Felici_Montedoro_Nenna_Rimedio_poster.jpg 1050w, https:\/\/www.unirufa.it\/wp-content\/uploads\/2021\/05\/san_lorenzo_place_identity_fandado_Felici_Montedoro_Nenna_Rimedio_poster-300x171.jpg 300w, https:\/\/www.unirufa.it\/wp-content\/uploads\/2021\/05\/san_lorenzo_place_identity_fandado_Felici_Montedoro_Nenna_Rimedio_poster-1024x585.jpg 1024w, https:\/\/www.unirufa.it\/wp-content\/uploads\/2021\/05\/san_lorenzo_place_identity_fandado_Felici_Montedoro_Nenna_Rimedio_poster-768x439.jpg 768w\" sizes=\"auto, (max-width: 1050px) 100vw, 1050px\" \/><\/div><\/div><div class=\"su-image-carousel-item\"><div class=\"su-image-carousel-item-content\"><img loading=\"lazy\" decoding=\"async\" width=\"1050\" height=\"600\" src=\"https:\/\/www.unirufa.it\/wp-content\/uploads\/2021\/05\/san_lorenzo_place_identity_fandado_Felici_Montedoro_Nenna_Rimedio_poster1.jpg\" class=\"\" alt=\"\" srcset=\"https:\/\/www.unirufa.it\/wp-content\/uploads\/2021\/05\/san_lorenzo_place_identity_fandado_Felici_Montedoro_Nenna_Rimedio_poster1.jpg 1050w, https:\/\/www.unirufa.it\/wp-content\/uploads\/2021\/05\/san_lorenzo_place_identity_fandado_Felici_Montedoro_Nenna_Rimedio_poster1-300x171.jpg 300w, https:\/\/www.unirufa.it\/wp-content\/uploads\/2021\/05\/san_lorenzo_place_identity_fandado_Felici_Montedoro_Nenna_Rimedio_poster1-1024x585.jpg 1024w, https:\/\/www.unirufa.it\/wp-content\/uploads\/2021\/05\/san_lorenzo_place_identity_fandado_Felici_Montedoro_Nenna_Rimedio_poster1-768x439.jpg 768w\" sizes=\"auto, (max-width: 1050px) 100vw, 1050px\" \/><\/div><\/div><div class=\"su-image-carousel-item\"><div class=\"su-image-carousel-item-content\"><img loading=\"lazy\" decoding=\"async\" width=\"1050\" height=\"600\" src=\"https:\/\/www.unirufa.it\/wp-content\/uploads\/2021\/05\/san_lorenzo_place_identity_fandado_Felici_Montedoro_Nenna_Rimedio_illustrazione.jpg\" class=\"\" alt=\"\" srcset=\"https:\/\/www.unirufa.it\/wp-content\/uploads\/2021\/05\/san_lorenzo_place_identity_fandado_Felici_Montedoro_Nenna_Rimedio_illustrazione.jpg 1050w, https:\/\/www.unirufa.it\/wp-content\/uploads\/2021\/05\/san_lorenzo_place_identity_fandado_Felici_Montedoro_Nenna_Rimedio_illustrazione-300x171.jpg 300w, https:\/\/www.unirufa.it\/wp-content\/uploads\/2021\/05\/san_lorenzo_place_identity_fandado_Felici_Montedoro_Nenna_Rimedio_illustrazione-1024x585.jpg 1024w, https:\/\/www.unirufa.it\/wp-content\/uploads\/2021\/05\/san_lorenzo_place_identity_fandado_Felici_Montedoro_Nenna_Rimedio_illustrazione-768x439.jpg 768w\" sizes=\"auto, (max-width: 1050px) 100vw, 1050px\" \/><\/div><\/div><div class=\"su-image-carousel-item\"><div class=\"su-image-carousel-item-content\"><img loading=\"lazy\" decoding=\"async\" width=\"1050\" height=\"600\" src=\"https:\/\/www.unirufa.it\/wp-content\/uploads\/2021\/05\/san_lorenzo_place_identity_fandado_Felici_Montedoro_Nenna_Rimedio_t-shirt.jpg\" class=\"\" alt=\"\" srcset=\"https:\/\/www.unirufa.it\/wp-content\/uploads\/2021\/05\/san_lorenzo_place_identity_fandado_Felici_Montedoro_Nenna_Rimedio_t-shirt.jpg 1050w, https:\/\/www.unirufa.it\/wp-content\/uploads\/2021\/05\/san_lorenzo_place_identity_fandado_Felici_Montedoro_Nenna_Rimedio_t-shirt-300x171.jpg 300w, https:\/\/www.unirufa.it\/wp-content\/uploads\/2021\/05\/san_lorenzo_place_identity_fandado_Felici_Montedoro_Nenna_Rimedio_t-shirt-1024x585.jpg 1024w, https:\/\/www.unirufa.it\/wp-content\/uploads\/2021\/05\/san_lorenzo_place_identity_fandado_Felici_Montedoro_Nenna_Rimedio_t-shirt-768x439.jpg 768w\" sizes=\"auto, (max-width: 1050px) 100vw, 1050px\" \/><\/div><\/div><div class=\"su-image-carousel-item\"><div class=\"su-image-carousel-item-content\"><img loading=\"lazy\" decoding=\"async\" width=\"1050\" height=\"600\" src=\"https:\/\/www.unirufa.it\/wp-content\/uploads\/2021\/05\/san_lorenzo_place_identity_fandado_Felici_Montedoro_Nenna_Rimedio_cromia.jpg\" class=\"\" alt=\"\" srcset=\"https:\/\/www.unirufa.it\/wp-content\/uploads\/2021\/05\/san_lorenzo_place_identity_fandado_Felici_Montedoro_Nenna_Rimedio_cromia.jpg 1050w, https:\/\/www.unirufa.it\/wp-content\/uploads\/2021\/05\/san_lorenzo_place_identity_fandado_Felici_Montedoro_Nenna_Rimedio_cromia-300x171.jpg 300w, https:\/\/www.unirufa.it\/wp-content\/uploads\/2021\/05\/san_lorenzo_place_identity_fandado_Felici_Montedoro_Nenna_Rimedio_cromia-1024x585.jpg 1024w, https:\/\/www.unirufa.it\/wp-content\/uploads\/2021\/05\/san_lorenzo_place_identity_fandado_Felici_Montedoro_Nenna_Rimedio_cromia-768x439.jpg 768w\" sizes=\"auto, (max-width: 1050px) 100vw, 1050px\" \/><\/div><\/div><\/div><script id=\"su_image_carousel_69d6d2db2ef88_script\">if(window.SUImageCarousel){setTimeout(function() {window.SUImageCarousel.initGallery(document.getElementById(\"su_image_carousel_69d6d2db2ef88\"))}, 0);}var su_image_carousel_69d6d2db2ef88_script=document.getElementById(\"su_image_carousel_69d6d2db2ef88_script\");if(su_image_carousel_69d6d2db2ef88_script){su_image_carousel_69d6d2db2ef88_script.parentNode.removeChild(su_image_carousel_69d6d2db2ef88_script);}<\/script>\n<h3>Il progetto<\/h3>\n<p>\u201cFandado\u201d \u00e8 una parola in esperanto, una lingua creata per essere compresa da tutti, e significa \u201cFusione\u201d. Con Fandado volevamo raccontare una San Lorenzo leggermente alterata da come siamo abituati a vederla, attraverso l&#8217;ibridazione di illustrazioni create da quattro mani diverse, ma che accostate tra loro creano un&#8217;immagine di San Lorenzo nuova. Come con l&#8217;Esperanto chi conosce gi\u00e0 il quartiere riconoscer\u00e0 degli elementi familiari, ma chi non lo conosce pu\u00f2 farsi guidare semplicemente da quello che vede. Fandado \u00e8 un grande mosaico di illustrazioni, ed i singoli disegni sono come un alfabeto visivo universale che racconta un quartiere. San Lorenzo \u00e8 un quartiere ibrido, pieno di colori e sfaccettature opposte tra loro, volevamo ricreare questo concetto con un&#8217;immagine, una cartolina concettuale del quartiere, ed \u00e8 nato questo: un puzzle creato dalla nostra personale visione di San Lorenzo. Abbiamo giocato con foto, forme, idee, mitologia, storia, luoghi&#8230; il tutto collegato da colori ricorrenti, presi da una palette creata appositamente per il progetto che richiama la cromia dei dipinti della facciata della Basilica di San Lorenzo.<\/p>\n<div class=\"col-sm-12 col-lg-6\" style=\"padding-left: 0;\"><a id=\"btn-regolamentocorso\" class=\"download-btn\" style=\"background-color: #000000;\" href=\"https:\/\/www.unirufa.it\/san-lorenzo-place-identity\/#progetti\"><span style=\"color: #ffffff;\">TORNA AI PROGETTI<\/span><\/a><\/div>\n<p>&nbsp;","protected":false},"excerpt":{"rendered":"<p>Disculpa, pero esta entrada est\u00e1 disponible s\u00f3lo en IT y EN. CORSO Comics and Illustration &nbsp; DOCENTE Guido Lombardo &nbsp; STUDENTI Milena Felici, Alessia Montedoro, Maria Rosa Nenna, Giordana Rimedio &nbsp; Il progetto \u201cFandado\u201d \u00e8 una parola in esperanto, una lingua creata per essere compresa da tutti, e significa \u201cFusione\u201d. Con Fandado volevamo raccontare una&#8230;<\/p>\n","protected":false},"author":22,"featured_media":0,"parent":0,"menu_order":0,"comment_status":"closed","ping_status":"closed","template":"","meta":{"content-type":"","footnotes":""},"class_list":["post-44624","page","type-page","status-publish","hentry"],"yoast_head":"<!-- This site is optimized with the Yoast SEO plugin v24.2 - https:\/\/yoast.com\/wordpress\/plugins\/seo\/ -->\n<title>Il progetto Fandando racconta San Lorenzo dal punto di vista degli abitanti!<\/title>\n<meta name=\"description\" content=\"\u201cFandado\u201d \u00e8 una parola in esperanto, una lingua creata per essere compresa da tutti, e significa \u201cFusione\u201d. Cosa centra col nostro progetto?\" \/>\n<meta name=\"robots\" content=\"index, follow, max-snippet:-1, max-image-preview:large, max-video-preview:-1\" \/>\n<link rel=\"canonical\" href=\"https:\/\/www.unirufa.it\/es\/san-lorenzo-place-identity-fandado\/\" \/>\n<meta property=\"og:locale\" content=\"es_ES\" \/>\n<meta property=\"og:type\" content=\"article\" \/>\n<meta property=\"og:title\" content=\"Il progetto Fandando racconta San Lorenzo dal punto di vista degli abitanti!\" \/>\n<meta property=\"og:description\" content=\"\u201cFandado\u201d \u00e8 una parola in esperanto, una lingua creata per essere compresa da tutti, e significa \u201cFusione\u201d. Cosa centra col nostro progetto?\" \/>\n<meta property=\"og:url\" content=\"https:\/\/www.unirufa.it\/es\/san-lorenzo-place-identity-fandado\/\" \/>\n<meta property=\"og:site_name\" content=\"RUFA - Rome University of Fine Arts\" \/>\n<meta property=\"article:modified_time\" content=\"2021-12-21T16:05:18+00:00\" \/>\n<meta property=\"og:image\" content=\"https:\/\/www.unirufa.it\/wp-content\/uploads\/2017\/11\/logo-rufa-2016.png\" \/>\n\t<meta property=\"og:image:width\" content=\"230\" \/>\n\t<meta property=\"og:image:height\" content=\"149\" \/>\n\t<meta property=\"og:image:type\" content=\"image\/png\" \/>\n<meta name=\"twitter:label1\" content=\"Tiempo de lectura\" \/>\n\t<meta name=\"twitter:data1\" content=\"2 minutos\" \/>\n<script type=\"application\/ld+json\" class=\"yoast-schema-graph\">{\"@context\":\"https:\/\/schema.org\",\"@graph\":[{\"@type\":\"WebPage\",\"@id\":\"https:\/\/www.unirufa.it\/es\/san-lorenzo-place-identity-fandado\/\",\"url\":\"https:\/\/www.unirufa.it\/es\/san-lorenzo-place-identity-fandado\/\",\"name\":\"Il progetto Fandando racconta San Lorenzo dal punto di vista degli abitanti!\",\"isPartOf\":{\"@id\":\"https:\/\/www.unirufa.it\/#website\"},\"datePublished\":\"2021-05-17T12:03:35+00:00\",\"dateModified\":\"2021-12-21T16:05:18+00:00\",\"description\":\"\u201cFandado\u201d \u00e8 una parola in esperanto, una lingua creata per essere compresa da tutti, e significa \u201cFusione\u201d. Cosa centra col nostro progetto?\",\"breadcrumb\":{\"@id\":\"https:\/\/www.unirufa.it\/es\/san-lorenzo-place-identity-fandado\/#breadcrumb\"},\"inLanguage\":\"es\",\"potentialAction\":[{\"@type\":\"ReadAction\",\"target\":[\"https:\/\/www.unirufa.it\/es\/san-lorenzo-place-identity-fandado\/\"]}]},{\"@type\":\"BreadcrumbList\",\"@id\":\"https:\/\/www.unirufa.it\/es\/san-lorenzo-place-identity-fandado\/#breadcrumb\",\"itemListElement\":[{\"@type\":\"ListItem\",\"position\":1,\"name\":\"Home\",\"item\":\"https:\/\/www.unirufa.it\/\"},{\"@type\":\"ListItem\",\"position\":2,\"name\":\"Fandado\"}]},{\"@type\":\"WebSite\",\"@id\":\"https:\/\/www.unirufa.it\/#website\",\"url\":\"https:\/\/www.unirufa.it\/\",\"name\":\"RUFA - Rome University of Fine Arts\",\"description\":\"\",\"potentialAction\":[{\"@type\":\"SearchAction\",\"target\":{\"@type\":\"EntryPoint\",\"urlTemplate\":\"https:\/\/www.unirufa.it\/?s={search_term_string}\"},\"query-input\":{\"@type\":\"PropertyValueSpecification\",\"valueRequired\":true,\"valueName\":\"search_term_string\"}}],\"inLanguage\":\"es\"}]}<\/script>\n<!-- \/ Yoast SEO plugin. -->","yoast_head_json":{"title":"Il progetto Fandando racconta San Lorenzo dal punto di vista degli abitanti!","description":"\u201cFandado\u201d \u00e8 una parola in esperanto, una lingua creata per essere compresa da tutti, e significa \u201cFusione\u201d. Cosa centra col nostro progetto?","robots":{"index":"index","follow":"follow","max-snippet":"max-snippet:-1","max-image-preview":"max-image-preview:large","max-video-preview":"max-video-preview:-1"},"canonical":"https:\/\/www.unirufa.it\/es\/san-lorenzo-place-identity-fandado\/","og_locale":"es_ES","og_type":"article","og_title":"Il progetto Fandando racconta San Lorenzo dal punto di vista degli abitanti!","og_description":"\u201cFandado\u201d \u00e8 una parola in esperanto, una lingua creata per essere compresa da tutti, e significa \u201cFusione\u201d. Cosa centra col nostro progetto?","og_url":"https:\/\/www.unirufa.it\/es\/san-lorenzo-place-identity-fandado\/","og_site_name":"RUFA - Rome University of Fine Arts","article_modified_time":"2021-12-21T16:05:18+00:00","og_image":[{"width":230,"height":149,"url":"https:\/\/www.unirufa.it\/wp-content\/uploads\/2017\/11\/logo-rufa-2016.png","type":"image\/png"}],"twitter_misc":{"Tiempo de lectura":"2 minutos"},"schema":{"@context":"https:\/\/schema.org","@graph":[{"@type":"WebPage","@id":"https:\/\/www.unirufa.it\/es\/san-lorenzo-place-identity-fandado\/","url":"https:\/\/www.unirufa.it\/es\/san-lorenzo-place-identity-fandado\/","name":"Il progetto Fandando racconta San Lorenzo dal punto di vista degli abitanti!","isPartOf":{"@id":"https:\/\/www.unirufa.it\/#website"},"datePublished":"2021-05-17T12:03:35+00:00","dateModified":"2021-12-21T16:05:18+00:00","description":"\u201cFandado\u201d \u00e8 una parola in esperanto, una lingua creata per essere compresa da tutti, e significa \u201cFusione\u201d. Cosa centra col nostro progetto?","breadcrumb":{"@id":"https:\/\/www.unirufa.it\/es\/san-lorenzo-place-identity-fandado\/#breadcrumb"},"inLanguage":"es","potentialAction":[{"@type":"ReadAction","target":["https:\/\/www.unirufa.it\/es\/san-lorenzo-place-identity-fandado\/"]}]},{"@type":"BreadcrumbList","@id":"https:\/\/www.unirufa.it\/es\/san-lorenzo-place-identity-fandado\/#breadcrumb","itemListElement":[{"@type":"ListItem","position":1,"name":"Home","item":"https:\/\/www.unirufa.it\/"},{"@type":"ListItem","position":2,"name":"Fandado"}]},{"@type":"WebSite","@id":"https:\/\/www.unirufa.it\/#website","url":"https:\/\/www.unirufa.it\/","name":"RUFA - Rome University of Fine Arts","description":"","potentialAction":[{"@type":"SearchAction","target":{"@type":"EntryPoint","urlTemplate":"https:\/\/www.unirufa.it\/?s={search_term_string}"},"query-input":{"@type":"PropertyValueSpecification","valueRequired":true,"valueName":"search_term_string"}}],"inLanguage":"es"}]}},"_links":{"self":[{"href":"https:\/\/www.unirufa.it\/es\/wp-json\/wp\/v2\/pages\/44624","targetHints":{"allow":["GET"]}}],"collection":[{"href":"https:\/\/www.unirufa.it\/es\/wp-json\/wp\/v2\/pages"}],"about":[{"href":"https:\/\/www.unirufa.it\/es\/wp-json\/wp\/v2\/types\/page"}],"author":[{"embeddable":true,"href":"https:\/\/www.unirufa.it\/es\/wp-json\/wp\/v2\/users\/22"}],"replies":[{"embeddable":true,"href":"https:\/\/www.unirufa.it\/es\/wp-json\/wp\/v2\/comments?post=44624"}],"version-history":[{"count":5,"href":"https:\/\/www.unirufa.it\/es\/wp-json\/wp\/v2\/pages\/44624\/revisions"}],"predecessor-version":[{"id":58330,"href":"https:\/\/www.unirufa.it\/es\/wp-json\/wp\/v2\/pages\/44624\/revisions\/58330"}],"wp:attachment":[{"href":"https:\/\/www.unirufa.it\/es\/wp-json\/wp\/v2\/media?parent=44624"}],"curies":[{"name":"wp","href":"https:\/\/api.w.org\/{rel}","templated":true}]}}