


{"id":44638,"date":"2021-05-17T14:07:29","date_gmt":"2021-05-17T12:07:29","guid":{"rendered":"https:\/\/www.unirufa.it\/?page_id=44638"},"modified":"2021-06-03T22:05:09","modified_gmt":"2021-06-03T20:05:09","slug":"san-lorenzo-place-identity-post-it","status":"publish","type":"page","link":"https:\/\/www.unirufa.it\/es\/san-lorenzo-place-identity-post-it\/","title":{"rendered":"POST-it"},"content":{"rendered":"<p class=\"qtranxs-available-languages-message qtranxs-available-languages-message-es\">Disculpa, pero esta entrada est\u00e1 disponible s\u00f3lo en <a href=\"https:\/\/www.unirufa.it\/it\/wp-json\/wp\/v2\/pages\/44638\" class=\"qtranxs-available-language-link qtranxs-available-language-link-it\" title=\"IT\">IT<\/a> y <a href=\"https:\/\/www.unirufa.it\/en\/wp-json\/wp\/v2\/pages\/44638\" class=\"qtranxs-available-language-link qtranxs-available-language-link-en\" title=\"EN\">EN<\/a>.<\/p><div class=\"col-sm-12 col-lg-2\" style=\"padding-left: 0\">\n<h4><strong>CORSO<\/strong><\/h4>\n<\/div>\n<div class=\"col-sm-12 col-lg-10\" style=\"padding-left: 0\">\n<h4>Graphic Design<\/h4>\n<\/div>\n<p><\/br><\/p>\n<div class=\"col-sm-12 col-lg-2\" style=\"padding-left: 0\">\n<h4><strong>DOCENTE<\/strong><\/h4>\n<\/div>\n<div class=\"col-sm-12 col-lg-10\" style=\"padding-left: 0\">\n<h4>Guido Lombardo<\/h4>\n<\/div>\n<p><\/br><\/p>\n<div class=\"col-sm-12 col-lg-2\" style=\"padding-left: 0\">\n<h4><strong>STUDENTI<\/strong><\/h4>\n<\/div>\n<div class=\"col-sm-12 col-lg-10\" style=\"padding-left: 0\">\n<h4>Francesco Dori, Luca Bruni, Edoardo De Maglie, Domiziano Sagnelli<\/h4>\n<\/div>\n<p>&nbsp;<\/p>\n<div class=\"su-image-carousel  su-image-carousel-has-spacing su-image-carousel-adaptive su-image-carousel-slides-style-minimal su-image-carousel-controls-style-light su-image-carousel-align-left\" style=\"\" data-flickity-options='{\"groupCells\":true,\"cellSelector\":\".su-image-carousel-item\",\"adaptiveHeight\":true,\"cellAlign\":\"left\",\"prevNextButtons\":true,\"pageDots\":false,\"autoPlay\":3000,\"imagesLoaded\":true,\"contain\":false,\"selectedAttraction\":0.025,\"friction\":0.28}' id=\"su_image_carousel_69d680641636e\"><div class=\"su-image-carousel-item\"><div class=\"su-image-carousel-item-content\"><img loading=\"lazy\" decoding=\"async\" width=\"1050\" height=\"600\" src=\"https:\/\/www.unirufa.it\/wp-content\/uploads\/2021\/05\/san_lorenzo_place_identity_post-it_bruni_dori_de-maglie_sagnelli.jpg\" class=\"\" alt=\"\" srcset=\"https:\/\/www.unirufa.it\/wp-content\/uploads\/2021\/05\/san_lorenzo_place_identity_post-it_bruni_dori_de-maglie_sagnelli.jpg 1050w, https:\/\/www.unirufa.it\/wp-content\/uploads\/2021\/05\/san_lorenzo_place_identity_post-it_bruni_dori_de-maglie_sagnelli-300x171.jpg 300w, https:\/\/www.unirufa.it\/wp-content\/uploads\/2021\/05\/san_lorenzo_place_identity_post-it_bruni_dori_de-maglie_sagnelli-1024x585.jpg 1024w, https:\/\/www.unirufa.it\/wp-content\/uploads\/2021\/05\/san_lorenzo_place_identity_post-it_bruni_dori_de-maglie_sagnelli-768x439.jpg 768w\" sizes=\"auto, (max-width: 1050px) 100vw, 1050px\" \/><\/div><\/div><div class=\"su-image-carousel-item\"><div class=\"su-image-carousel-item-content\"><img loading=\"lazy\" decoding=\"async\" width=\"1050\" height=\"600\" src=\"https:\/\/www.unirufa.it\/wp-content\/uploads\/2021\/05\/san_lorenzo_place_identity_post-it_bruni_dori_de-maglie_sagnelli_raccolta3.jpg\" class=\"\" alt=\"\" srcset=\"https:\/\/www.unirufa.it\/wp-content\/uploads\/2021\/05\/san_lorenzo_place_identity_post-it_bruni_dori_de-maglie_sagnelli_raccolta3.jpg 1050w, https:\/\/www.unirufa.it\/wp-content\/uploads\/2021\/05\/san_lorenzo_place_identity_post-it_bruni_dori_de-maglie_sagnelli_raccolta3-300x171.jpg 300w, https:\/\/www.unirufa.it\/wp-content\/uploads\/2021\/05\/san_lorenzo_place_identity_post-it_bruni_dori_de-maglie_sagnelli_raccolta3-1024x585.jpg 1024w, https:\/\/www.unirufa.it\/wp-content\/uploads\/2021\/05\/san_lorenzo_place_identity_post-it_bruni_dori_de-maglie_sagnelli_raccolta3-768x439.jpg 768w\" sizes=\"auto, (max-width: 1050px) 100vw, 1050px\" \/><\/div><\/div><div class=\"su-image-carousel-item\"><div class=\"su-image-carousel-item-content\"><img loading=\"lazy\" decoding=\"async\" width=\"1050\" height=\"600\" src=\"https:\/\/www.unirufa.it\/wp-content\/uploads\/2021\/05\/san_lorenzo_place_identity_post-it_bruni_dori_de-maglie_sagnelli_raccolta2.jpg\" class=\"\" alt=\"\" srcset=\"https:\/\/www.unirufa.it\/wp-content\/uploads\/2021\/05\/san_lorenzo_place_identity_post-it_bruni_dori_de-maglie_sagnelli_raccolta2.jpg 1050w, https:\/\/www.unirufa.it\/wp-content\/uploads\/2021\/05\/san_lorenzo_place_identity_post-it_bruni_dori_de-maglie_sagnelli_raccolta2-300x171.jpg 300w, https:\/\/www.unirufa.it\/wp-content\/uploads\/2021\/05\/san_lorenzo_place_identity_post-it_bruni_dori_de-maglie_sagnelli_raccolta2-1024x585.jpg 1024w, https:\/\/www.unirufa.it\/wp-content\/uploads\/2021\/05\/san_lorenzo_place_identity_post-it_bruni_dori_de-maglie_sagnelli_raccolta2-768x439.jpg 768w\" sizes=\"auto, (max-width: 1050px) 100vw, 1050px\" \/><\/div><\/div><div class=\"su-image-carousel-item\"><div class=\"su-image-carousel-item-content\"><img loading=\"lazy\" decoding=\"async\" width=\"1050\" height=\"600\" src=\"https:\/\/www.unirufa.it\/wp-content\/uploads\/2021\/05\/san_lorenzo_place_identity_post-it_bruni_dori_de-maglie_sagnelli_raccolta1.jpg\" class=\"\" alt=\"\" srcset=\"https:\/\/www.unirufa.it\/wp-content\/uploads\/2021\/05\/san_lorenzo_place_identity_post-it_bruni_dori_de-maglie_sagnelli_raccolta1.jpg 1050w, https:\/\/www.unirufa.it\/wp-content\/uploads\/2021\/05\/san_lorenzo_place_identity_post-it_bruni_dori_de-maglie_sagnelli_raccolta1-300x171.jpg 300w, https:\/\/www.unirufa.it\/wp-content\/uploads\/2021\/05\/san_lorenzo_place_identity_post-it_bruni_dori_de-maglie_sagnelli_raccolta1-1024x585.jpg 1024w, https:\/\/www.unirufa.it\/wp-content\/uploads\/2021\/05\/san_lorenzo_place_identity_post-it_bruni_dori_de-maglie_sagnelli_raccolta1-768x439.jpg 768w\" sizes=\"auto, (max-width: 1050px) 100vw, 1050px\" \/><\/div><\/div><div class=\"su-image-carousel-item\"><div class=\"su-image-carousel-item-content\"><img loading=\"lazy\" decoding=\"async\" width=\"1050\" height=\"600\" src=\"https:\/\/www.unirufa.it\/wp-content\/uploads\/2021\/05\/san_lorenzo_place_identity_post-it_bruni_dori_de-maglie_sagnelli_raccolta.jpg\" class=\"\" alt=\"\" srcset=\"https:\/\/www.unirufa.it\/wp-content\/uploads\/2021\/05\/san_lorenzo_place_identity_post-it_bruni_dori_de-maglie_sagnelli_raccolta.jpg 1050w, https:\/\/www.unirufa.it\/wp-content\/uploads\/2021\/05\/san_lorenzo_place_identity_post-it_bruni_dori_de-maglie_sagnelli_raccolta-300x171.jpg 300w, https:\/\/www.unirufa.it\/wp-content\/uploads\/2021\/05\/san_lorenzo_place_identity_post-it_bruni_dori_de-maglie_sagnelli_raccolta-1024x585.jpg 1024w, https:\/\/www.unirufa.it\/wp-content\/uploads\/2021\/05\/san_lorenzo_place_identity_post-it_bruni_dori_de-maglie_sagnelli_raccolta-768x439.jpg 768w\" sizes=\"auto, (max-width: 1050px) 100vw, 1050px\" \/><\/div><\/div><\/div><script id=\"su_image_carousel_69d680641636e_script\">if(window.SUImageCarousel){setTimeout(function() {window.SUImageCarousel.initGallery(document.getElementById(\"su_image_carousel_69d680641636e\"))}, 0);}var su_image_carousel_69d680641636e_script=document.getElementById(\"su_image_carousel_69d680641636e_script\");if(su_image_carousel_69d680641636e_script){su_image_carousel_69d680641636e_script.parentNode.removeChild(su_image_carousel_69d680641636e_script);}<\/script>\n&nbsp;<\/p>\n<h3>Il progetto<\/h3>\n<p>POST-it \u00e8 un progetto collettivo che ha come scopo principale quello di riuscire a far esprimere la personalissima opinione di ogni singola persona attraverso un linguaggio comune: la scrittura. La libert\u00e0 di espressione si pone al centro di tutto e non lo fa escludendo ogni tipo di relazione con gli altri, bens\u00ec agevolandola e unendola alla nostra. Ogni individuo potr\u00e0, quindi, caricare il proprio alfabeto con la propria calligrafia, scrivere una propria frase o un pensiero personale e potr\u00e0 scegliere quale fra gli abbinamenti con gli alfabeti degli altri utenti lo aggrada maggiormente. Il progetto si avvale del potente mezzo della scrittura per ricordarci che tutti siamo unici a modo nostro, ma solo il confronto e l\u2019unione con le altre persone pu\u00f2 permetterci di fare quello che, al giorno d\u2019oggi, ci riesce sempre con pi\u00f9 difficolt\u00e0: comunicare.<br \/>\n&nbsp;<br \/>\n&nbsp;<\/p>\n<div class=\"col-sm-12 col-lg-6\" style=\"padding-left: 0\">\n<a id=\"btn-regolamentocorso\" style=\"background-color:#000000;\" class=\"download-btn\" href=\"https:\/\/www.unirufa.it\/san-lorenzo-place-identity\/#progetti\"><font color=\"#ffffff\">TORNA AI PROGETTI<\/a><\/font>\n<\/div>\n<p>&nbsp;","protected":false},"excerpt":{"rendered":"<p>Disculpa, pero esta entrada est\u00e1 disponible s\u00f3lo en IT y EN. CORSO Graphic Design DOCENTE Guido Lombardo STUDENTI Francesco Dori, Luca Bruni, Edoardo De Maglie, Domiziano Sagnelli &nbsp; &nbsp; Il progetto POST-it \u00e8 un progetto collettivo che ha come scopo principale quello di riuscire a far esprimere la personalissima opinione di ogni singola persona attraverso&#8230;<\/p>\n","protected":false},"author":22,"featured_media":0,"parent":0,"menu_order":0,"comment_status":"closed","ping_status":"closed","template":"","meta":{"content-type":"","footnotes":""},"class_list":["post-44638","page","type-page","status-publish","hentry"],"yoast_head":"<!-- This site is optimized with the Yoast SEO plugin v24.2 - https:\/\/yoast.com\/wordpress\/plugins\/seo\/ -->\n<title>POST-it - RUFA - Rome University of Fine Arts<\/title>\n<meta name=\"robots\" content=\"index, follow, max-snippet:-1, max-image-preview:large, max-video-preview:-1\" \/>\n<link rel=\"canonical\" href=\"https:\/\/www.unirufa.it\/san-lorenzo-place-identity-post-it\/\" \/>\n<meta property=\"og:locale\" content=\"es_ES\" \/>\n<meta property=\"og:type\" content=\"article\" \/>\n<meta property=\"og:title\" content=\"POST-it - RUFA - Rome University of Fine Arts\" \/>\n<meta property=\"og:description\" content=\"Disculpa, pero esta entrada est\u00e1 disponible s\u00f3lo en IT y EN. CORSO Graphic Design DOCENTE Guido Lombardo STUDENTI Francesco Dori, Luca Bruni, Edoardo De Maglie, Domiziano Sagnelli &nbsp; &nbsp; Il progetto POST-it \u00e8 un progetto collettivo che ha come scopo principale quello di riuscire a far esprimere la personalissima opinione di ogni singola persona attraverso...\" \/>\n<meta property=\"og:url\" content=\"https:\/\/www.unirufa.it\/san-lorenzo-place-identity-post-it\/\" \/>\n<meta property=\"og:site_name\" content=\"RUFA - Rome University of Fine Arts\" \/>\n<meta property=\"article:modified_time\" content=\"2021-06-03T20:05:09+00:00\" \/>\n<meta property=\"og:image\" content=\"https:\/\/www.unirufa.it\/wp-content\/uploads\/2017\/11\/logo-rufa-2016.png\" \/>\n\t<meta property=\"og:image:width\" content=\"230\" \/>\n\t<meta property=\"og:image:height\" content=\"149\" \/>\n\t<meta property=\"og:image:type\" content=\"image\/png\" \/>\n<meta name=\"twitter:label1\" content=\"Tiempo de lectura\" \/>\n\t<meta name=\"twitter:data1\" content=\"2 minutos\" \/>\n<script type=\"application\/ld+json\" class=\"yoast-schema-graph\">{\"@context\":\"https:\/\/schema.org\",\"@graph\":[{\"@type\":\"WebPage\",\"@id\":\"https:\/\/www.unirufa.it\/san-lorenzo-place-identity-post-it\/\",\"url\":\"https:\/\/www.unirufa.it\/san-lorenzo-place-identity-post-it\/\",\"name\":\"POST-it - RUFA - Rome University of Fine Arts\",\"isPartOf\":{\"@id\":\"https:\/\/www.unirufa.it\/#website\"},\"datePublished\":\"2021-05-17T12:07:29+00:00\",\"dateModified\":\"2021-06-03T20:05:09+00:00\",\"breadcrumb\":{\"@id\":\"https:\/\/www.unirufa.it\/san-lorenzo-place-identity-post-it\/#breadcrumb\"},\"inLanguage\":\"es\",\"potentialAction\":[{\"@type\":\"ReadAction\",\"target\":[\"https:\/\/www.unirufa.it\/san-lorenzo-place-identity-post-it\/\"]}]},{\"@type\":\"BreadcrumbList\",\"@id\":\"https:\/\/www.unirufa.it\/san-lorenzo-place-identity-post-it\/#breadcrumb\",\"itemListElement\":[{\"@type\":\"ListItem\",\"position\":1,\"name\":\"Home\",\"item\":\"https:\/\/www.unirufa.it\/\"},{\"@type\":\"ListItem\",\"position\":2,\"name\":\"POST-it\"}]},{\"@type\":\"WebSite\",\"@id\":\"https:\/\/www.unirufa.it\/#website\",\"url\":\"https:\/\/www.unirufa.it\/\",\"name\":\"RUFA - Rome University of Fine Arts\",\"description\":\"\",\"potentialAction\":[{\"@type\":\"SearchAction\",\"target\":{\"@type\":\"EntryPoint\",\"urlTemplate\":\"https:\/\/www.unirufa.it\/?s={search_term_string}\"},\"query-input\":{\"@type\":\"PropertyValueSpecification\",\"valueRequired\":true,\"valueName\":\"search_term_string\"}}],\"inLanguage\":\"es\"}]}<\/script>\n<!-- \/ Yoast SEO plugin. -->","yoast_head_json":{"title":"POST-it - RUFA - Rome University of Fine Arts","robots":{"index":"index","follow":"follow","max-snippet":"max-snippet:-1","max-image-preview":"max-image-preview:large","max-video-preview":"max-video-preview:-1"},"canonical":"https:\/\/www.unirufa.it\/san-lorenzo-place-identity-post-it\/","og_locale":"es_ES","og_type":"article","og_title":"POST-it - RUFA - Rome University of Fine Arts","og_description":"Disculpa, pero esta entrada est\u00e1 disponible s\u00f3lo en IT y EN. CORSO Graphic Design DOCENTE Guido Lombardo STUDENTI Francesco Dori, Luca Bruni, Edoardo De Maglie, Domiziano Sagnelli &nbsp; &nbsp; Il progetto POST-it \u00e8 un progetto collettivo che ha come scopo principale quello di riuscire a far esprimere la personalissima opinione di ogni singola persona attraverso...","og_url":"https:\/\/www.unirufa.it\/san-lorenzo-place-identity-post-it\/","og_site_name":"RUFA - Rome University of Fine Arts","article_modified_time":"2021-06-03T20:05:09+00:00","og_image":[{"width":230,"height":149,"url":"https:\/\/www.unirufa.it\/wp-content\/uploads\/2017\/11\/logo-rufa-2016.png","type":"image\/png"}],"twitter_misc":{"Tiempo de lectura":"2 minutos"},"schema":{"@context":"https:\/\/schema.org","@graph":[{"@type":"WebPage","@id":"https:\/\/www.unirufa.it\/san-lorenzo-place-identity-post-it\/","url":"https:\/\/www.unirufa.it\/san-lorenzo-place-identity-post-it\/","name":"POST-it - RUFA - Rome University of Fine Arts","isPartOf":{"@id":"https:\/\/www.unirufa.it\/#website"},"datePublished":"2021-05-17T12:07:29+00:00","dateModified":"2021-06-03T20:05:09+00:00","breadcrumb":{"@id":"https:\/\/www.unirufa.it\/san-lorenzo-place-identity-post-it\/#breadcrumb"},"inLanguage":"es","potentialAction":[{"@type":"ReadAction","target":["https:\/\/www.unirufa.it\/san-lorenzo-place-identity-post-it\/"]}]},{"@type":"BreadcrumbList","@id":"https:\/\/www.unirufa.it\/san-lorenzo-place-identity-post-it\/#breadcrumb","itemListElement":[{"@type":"ListItem","position":1,"name":"Home","item":"https:\/\/www.unirufa.it\/"},{"@type":"ListItem","position":2,"name":"POST-it"}]},{"@type":"WebSite","@id":"https:\/\/www.unirufa.it\/#website","url":"https:\/\/www.unirufa.it\/","name":"RUFA - Rome University of Fine Arts","description":"","potentialAction":[{"@type":"SearchAction","target":{"@type":"EntryPoint","urlTemplate":"https:\/\/www.unirufa.it\/?s={search_term_string}"},"query-input":{"@type":"PropertyValueSpecification","valueRequired":true,"valueName":"search_term_string"}}],"inLanguage":"es"}]}},"_links":{"self":[{"href":"https:\/\/www.unirufa.it\/es\/wp-json\/wp\/v2\/pages\/44638","targetHints":{"allow":["GET"]}}],"collection":[{"href":"https:\/\/www.unirufa.it\/es\/wp-json\/wp\/v2\/pages"}],"about":[{"href":"https:\/\/www.unirufa.it\/es\/wp-json\/wp\/v2\/types\/page"}],"author":[{"embeddable":true,"href":"https:\/\/www.unirufa.it\/es\/wp-json\/wp\/v2\/users\/22"}],"replies":[{"embeddable":true,"href":"https:\/\/www.unirufa.it\/es\/wp-json\/wp\/v2\/comments?post=44638"}],"version-history":[{"count":4,"href":"https:\/\/www.unirufa.it\/es\/wp-json\/wp\/v2\/pages\/44638\/revisions"}],"predecessor-version":[{"id":45806,"href":"https:\/\/www.unirufa.it\/es\/wp-json\/wp\/v2\/pages\/44638\/revisions\/45806"}],"wp:attachment":[{"href":"https:\/\/www.unirufa.it\/es\/wp-json\/wp\/v2\/media?parent=44638"}],"curies":[{"name":"wp","href":"https:\/\/api.w.org\/{rel}","templated":true}]}}