


{"id":44640,"date":"2021-05-17T14:10:51","date_gmt":"2021-05-17T12:10:51","guid":{"rendered":"https:\/\/www.unirufa.it\/?page_id=44640"},"modified":"2021-12-21T17:11:43","modified_gmt":"2021-12-21T16:11:43","slug":"san-lorenzo-place-identity-quell-angelo-tra-le-bombe","status":"publish","type":"page","link":"https:\/\/www.unirufa.it\/es\/san-lorenzo-place-identity-quell-angelo-tra-le-bombe\/","title":{"rendered":"Quell&#8217;angelo tra le bombe"},"content":{"rendered":"<p class=\"qtranxs-available-languages-message qtranxs-available-languages-message-es\">Disculpa, pero esta entrada est\u00e1 disponible s\u00f3lo en <a href=\"https:\/\/www.unirufa.it\/it\/wp-json\/wp\/v2\/pages\/44640\" class=\"qtranxs-available-language-link qtranxs-available-language-link-it\" title=\"IT\">IT<\/a> y <a href=\"https:\/\/www.unirufa.it\/en\/wp-json\/wp\/v2\/pages\/44640\" class=\"qtranxs-available-language-link qtranxs-available-language-link-en\" title=\"EN\">EN<\/a>.<\/p><div class=\"col-sm-12 col-lg-2\" style=\"padding-left: 0;\">\n<h4><strong>CORSO<\/strong><\/h4>\n<\/div>\n<div class=\"col-sm-12 col-lg-10\" style=\"padding-left: 0;\">\n<h4>Graphic Design<\/h4>\n<\/div>\n<p>&nbsp;<\/p>\n<div class=\"col-sm-12 col-lg-2\" style=\"padding-left: 0;\">\n<h4><strong>DOCENTE<\/strong><\/h4>\n<\/div>\n<div class=\"col-sm-12 col-lg-10\" style=\"padding-left: 0;\">\n<h4>Guido Lombardo<\/h4>\n<\/div>\n<p>&nbsp;<\/p>\n<div class=\"col-sm-12 col-lg-2\" style=\"padding-left: 0;\">\n<h4><strong>STUDENTI<\/strong><\/h4>\n<\/div>\n<div class=\"col-sm-12 col-lg-10\" style=\"padding-left: 0;\">\n<h4>Francesca Mazz\u00f9, Flaminia Filigi<\/h4>\n<\/div>\n<p>&nbsp;<\/p>\n<div class=\"su-image-carousel  su-image-carousel-has-spacing su-image-carousel-adaptive su-image-carousel-slides-style-minimal su-image-carousel-controls-style-light su-image-carousel-align-left\" style=\"\" data-flickity-options='{\"groupCells\":true,\"cellSelector\":\".su-image-carousel-item\",\"adaptiveHeight\":true,\"cellAlign\":\"left\",\"prevNextButtons\":true,\"pageDots\":false,\"autoPlay\":3000,\"imagesLoaded\":true,\"contain\":false,\"selectedAttraction\":0.025,\"friction\":0.28}' id=\"su_image_carousel_69e5d578342d8\"><div class=\"su-image-carousel-item\"><div class=\"su-image-carousel-item-content\"><img loading=\"lazy\" decoding=\"async\" width=\"1050\" height=\"600\" src=\"https:\/\/www.unirufa.it\/wp-content\/uploads\/2021\/05\/san_lorenzo_place_identity_quellangelo_tra_le_bombe_mazzu_filigi_book.jpg\" class=\"\" alt=\"\" srcset=\"https:\/\/www.unirufa.it\/wp-content\/uploads\/2021\/05\/san_lorenzo_place_identity_quellangelo_tra_le_bombe_mazzu_filigi_book.jpg 1050w, https:\/\/www.unirufa.it\/wp-content\/uploads\/2021\/05\/san_lorenzo_place_identity_quellangelo_tra_le_bombe_mazzu_filigi_book-300x171.jpg 300w, https:\/\/www.unirufa.it\/wp-content\/uploads\/2021\/05\/san_lorenzo_place_identity_quellangelo_tra_le_bombe_mazzu_filigi_book-1024x585.jpg 1024w, https:\/\/www.unirufa.it\/wp-content\/uploads\/2021\/05\/san_lorenzo_place_identity_quellangelo_tra_le_bombe_mazzu_filigi_book-768x439.jpg 768w\" sizes=\"auto, (max-width: 1050px) 100vw, 1050px\" \/><\/div><\/div><div class=\"su-image-carousel-item\"><div class=\"su-image-carousel-item-content\"><img loading=\"lazy\" decoding=\"async\" width=\"1050\" height=\"600\" src=\"https:\/\/www.unirufa.it\/wp-content\/uploads\/2021\/05\/san_lorenzo_place_identity_quellangelo_tra_le_bombe_mazzu_filigi_interior_pages5.jpg\" class=\"\" alt=\"\" srcset=\"https:\/\/www.unirufa.it\/wp-content\/uploads\/2021\/05\/san_lorenzo_place_identity_quellangelo_tra_le_bombe_mazzu_filigi_interior_pages5.jpg 1050w, https:\/\/www.unirufa.it\/wp-content\/uploads\/2021\/05\/san_lorenzo_place_identity_quellangelo_tra_le_bombe_mazzu_filigi_interior_pages5-300x171.jpg 300w, https:\/\/www.unirufa.it\/wp-content\/uploads\/2021\/05\/san_lorenzo_place_identity_quellangelo_tra_le_bombe_mazzu_filigi_interior_pages5-1024x585.jpg 1024w, https:\/\/www.unirufa.it\/wp-content\/uploads\/2021\/05\/san_lorenzo_place_identity_quellangelo_tra_le_bombe_mazzu_filigi_interior_pages5-768x439.jpg 768w\" sizes=\"auto, (max-width: 1050px) 100vw, 1050px\" \/><\/div><\/div><div class=\"su-image-carousel-item\"><div class=\"su-image-carousel-item-content\"><img loading=\"lazy\" decoding=\"async\" width=\"1050\" height=\"600\" src=\"https:\/\/www.unirufa.it\/wp-content\/uploads\/2021\/05\/san_lorenzo_place_identity_quellangelo_tra_le_bombe_mazzu_filigi_interior_pages4.jpg\" class=\"\" alt=\"\" srcset=\"https:\/\/www.unirufa.it\/wp-content\/uploads\/2021\/05\/san_lorenzo_place_identity_quellangelo_tra_le_bombe_mazzu_filigi_interior_pages4.jpg 1050w, https:\/\/www.unirufa.it\/wp-content\/uploads\/2021\/05\/san_lorenzo_place_identity_quellangelo_tra_le_bombe_mazzu_filigi_interior_pages4-300x171.jpg 300w, https:\/\/www.unirufa.it\/wp-content\/uploads\/2021\/05\/san_lorenzo_place_identity_quellangelo_tra_le_bombe_mazzu_filigi_interior_pages4-1024x585.jpg 1024w, https:\/\/www.unirufa.it\/wp-content\/uploads\/2021\/05\/san_lorenzo_place_identity_quellangelo_tra_le_bombe_mazzu_filigi_interior_pages4-768x439.jpg 768w\" sizes=\"auto, (max-width: 1050px) 100vw, 1050px\" \/><\/div><\/div><div class=\"su-image-carousel-item\"><div class=\"su-image-carousel-item-content\"><img loading=\"lazy\" decoding=\"async\" width=\"1050\" height=\"600\" src=\"https:\/\/www.unirufa.it\/wp-content\/uploads\/2021\/05\/san_lorenzo_place_identity_quellangelo_tra_le_bombe_mazzu_filigi_interior_pages3.jpg\" class=\"\" alt=\"\" srcset=\"https:\/\/www.unirufa.it\/wp-content\/uploads\/2021\/05\/san_lorenzo_place_identity_quellangelo_tra_le_bombe_mazzu_filigi_interior_pages3.jpg 1050w, https:\/\/www.unirufa.it\/wp-content\/uploads\/2021\/05\/san_lorenzo_place_identity_quellangelo_tra_le_bombe_mazzu_filigi_interior_pages3-300x171.jpg 300w, https:\/\/www.unirufa.it\/wp-content\/uploads\/2021\/05\/san_lorenzo_place_identity_quellangelo_tra_le_bombe_mazzu_filigi_interior_pages3-1024x585.jpg 1024w, https:\/\/www.unirufa.it\/wp-content\/uploads\/2021\/05\/san_lorenzo_place_identity_quellangelo_tra_le_bombe_mazzu_filigi_interior_pages3-768x439.jpg 768w\" sizes=\"auto, (max-width: 1050px) 100vw, 1050px\" \/><\/div><\/div><div class=\"su-image-carousel-item\"><div class=\"su-image-carousel-item-content\"><img loading=\"lazy\" decoding=\"async\" width=\"1050\" height=\"600\" src=\"https:\/\/www.unirufa.it\/wp-content\/uploads\/2021\/05\/san_lorenzo_place_identity_quellangelo_tra_le_bombe_mazzu_filigi_interior_pages2.jpg\" class=\"\" alt=\"\" srcset=\"https:\/\/www.unirufa.it\/wp-content\/uploads\/2021\/05\/san_lorenzo_place_identity_quellangelo_tra_le_bombe_mazzu_filigi_interior_pages2.jpg 1050w, https:\/\/www.unirufa.it\/wp-content\/uploads\/2021\/05\/san_lorenzo_place_identity_quellangelo_tra_le_bombe_mazzu_filigi_interior_pages2-300x171.jpg 300w, https:\/\/www.unirufa.it\/wp-content\/uploads\/2021\/05\/san_lorenzo_place_identity_quellangelo_tra_le_bombe_mazzu_filigi_interior_pages2-1024x585.jpg 1024w, https:\/\/www.unirufa.it\/wp-content\/uploads\/2021\/05\/san_lorenzo_place_identity_quellangelo_tra_le_bombe_mazzu_filigi_interior_pages2-768x439.jpg 768w\" sizes=\"auto, (max-width: 1050px) 100vw, 1050px\" \/><\/div><\/div><div class=\"su-image-carousel-item\"><div class=\"su-image-carousel-item-content\"><img loading=\"lazy\" decoding=\"async\" width=\"1050\" height=\"600\" src=\"https:\/\/www.unirufa.it\/wp-content\/uploads\/2021\/05\/san_lorenzo_place_identity_quellangelo_tra_le_bombe_mazzu_filigi_interior_pages1.jpg\" class=\"\" alt=\"\" srcset=\"https:\/\/www.unirufa.it\/wp-content\/uploads\/2021\/05\/san_lorenzo_place_identity_quellangelo_tra_le_bombe_mazzu_filigi_interior_pages1.jpg 1050w, https:\/\/www.unirufa.it\/wp-content\/uploads\/2021\/05\/san_lorenzo_place_identity_quellangelo_tra_le_bombe_mazzu_filigi_interior_pages1-300x171.jpg 300w, https:\/\/www.unirufa.it\/wp-content\/uploads\/2021\/05\/san_lorenzo_place_identity_quellangelo_tra_le_bombe_mazzu_filigi_interior_pages1-1024x585.jpg 1024w, https:\/\/www.unirufa.it\/wp-content\/uploads\/2021\/05\/san_lorenzo_place_identity_quellangelo_tra_le_bombe_mazzu_filigi_interior_pages1-768x439.jpg 768w\" sizes=\"auto, (max-width: 1050px) 100vw, 1050px\" \/><\/div><\/div><div class=\"su-image-carousel-item\"><div class=\"su-image-carousel-item-content\"><img loading=\"lazy\" decoding=\"async\" width=\"1050\" height=\"600\" src=\"https:\/\/www.unirufa.it\/wp-content\/uploads\/2021\/05\/san_lorenzo_place_identity_quellangelo_tra_le_bombe_mazzu_filigi_interior_pages.jpg\" class=\"\" alt=\"\" srcset=\"https:\/\/www.unirufa.it\/wp-content\/uploads\/2021\/05\/san_lorenzo_place_identity_quellangelo_tra_le_bombe_mazzu_filigi_interior_pages.jpg 1050w, https:\/\/www.unirufa.it\/wp-content\/uploads\/2021\/05\/san_lorenzo_place_identity_quellangelo_tra_le_bombe_mazzu_filigi_interior_pages-300x171.jpg 300w, https:\/\/www.unirufa.it\/wp-content\/uploads\/2021\/05\/san_lorenzo_place_identity_quellangelo_tra_le_bombe_mazzu_filigi_interior_pages-1024x585.jpg 1024w, https:\/\/www.unirufa.it\/wp-content\/uploads\/2021\/05\/san_lorenzo_place_identity_quellangelo_tra_le_bombe_mazzu_filigi_interior_pages-768x439.jpg 768w\" sizes=\"auto, (max-width: 1050px) 100vw, 1050px\" \/><\/div><\/div><div class=\"su-image-carousel-item\"><div class=\"su-image-carousel-item-content\"><img loading=\"lazy\" decoding=\"async\" width=\"1050\" height=\"600\" src=\"https:\/\/www.unirufa.it\/wp-content\/uploads\/2021\/05\/san_lorenzo_place_identity_quellangelo_tra_le_bombe_mazzu_filigi_interior_retro.jpg\" class=\"\" alt=\"\" srcset=\"https:\/\/www.unirufa.it\/wp-content\/uploads\/2021\/05\/san_lorenzo_place_identity_quellangelo_tra_le_bombe_mazzu_filigi_interior_retro.jpg 1050w, https:\/\/www.unirufa.it\/wp-content\/uploads\/2021\/05\/san_lorenzo_place_identity_quellangelo_tra_le_bombe_mazzu_filigi_interior_retro-300x171.jpg 300w, https:\/\/www.unirufa.it\/wp-content\/uploads\/2021\/05\/san_lorenzo_place_identity_quellangelo_tra_le_bombe_mazzu_filigi_interior_retro-1024x585.jpg 1024w, https:\/\/www.unirufa.it\/wp-content\/uploads\/2021\/05\/san_lorenzo_place_identity_quellangelo_tra_le_bombe_mazzu_filigi_interior_retro-768x439.jpg 768w\" sizes=\"auto, (max-width: 1050px) 100vw, 1050px\" \/><\/div><\/div><\/div><script id=\"su_image_carousel_69e5d578342d8_script\">if(window.SUImageCarousel){setTimeout(function() {window.SUImageCarousel.initGallery(document.getElementById(\"su_image_carousel_69e5d578342d8\"))}, 0);}var su_image_carousel_69e5d578342d8_script=document.getElementById(\"su_image_carousel_69e5d578342d8_script\");if(su_image_carousel_69e5d578342d8_script){su_image_carousel_69e5d578342d8_script.parentNode.removeChild(su_image_carousel_69e5d578342d8_script);}<\/script>\n<h3>Il progetto<\/h3>\n<p>Per questo progetto abbiamo pensato di immaginare una storia di vita vissuta, narrata in un romanzo illustrato che ripercorre uno dei momenti pi\u00f9 drammatici per il quartiere, il bombardamento del 19 luglio 1943. Una vicenda narrata dal punto di vista di un bambino di 8 anni che, nella confusione seguita alla pioggia di bombe che ha devastato il rione, perde il contatto con la sua famiglia e finisce col vivere un&#8217;avventura tra il fantastico e l&#8217;onirico, grazie all&#8217;incontro con un personaggio decisamente particolare, che lo aiuta a ritrovare la strada e a vincere le proprie paure. La vicenda si conclude con il bambino testimone diretto di uno dei passaggi pi\u00f9 intensi di quella giornata epocale: l&#8217;arrivo di Papa Pio XII al piazzale del Verano. Lo scopo di questo progetto \u00e8 quello di tramandare e preservare la memoria delle esperienze che hanno segnato concretamente la storia di questo quartiere.<\/p>\n<div class=\"col-sm-12 col-lg-6\" style=\"padding-left: 0;\"><a id=\"btn-regolamentocorso\" class=\"download-btn\" style=\"background-color: #000000;\" href=\"https:\/\/www.unirufa.it\/san-lorenzo-place-identity\/#progetti\"><span style=\"color: #ffffff;\">TORNA AI PROGETTI<\/span><\/a><\/div>\n<p>&nbsp;","protected":false},"excerpt":{"rendered":"<p>Disculpa, pero esta entrada est\u00e1 disponible s\u00f3lo en IT y EN. CORSO Graphic Design &nbsp; DOCENTE Guido Lombardo &nbsp; STUDENTI Francesca Mazz\u00f9, Flaminia Filigi &nbsp; Il progetto Per questo progetto abbiamo pensato di immaginare una storia di vita vissuta, narrata in un romanzo illustrato che ripercorre uno dei momenti pi\u00f9 drammatici per il quartiere, il&#8230;<\/p>\n","protected":false},"author":22,"featured_media":0,"parent":0,"menu_order":0,"comment_status":"closed","ping_status":"closed","template":"","meta":{"content-type":"","footnotes":""},"class_list":["post-44640","page","type-page","status-publish","hentry"],"yoast_head":"<!-- This site is optimized with the Yoast SEO plugin v24.2 - https:\/\/yoast.com\/wordpress\/plugins\/seo\/ -->\n<title>&quot;Quell&#039;angelo tra le bombe&quot;: un progetto degli studenti RUFA - RUFA<\/title>\n<meta name=\"description\" content=\"Abbiamo immaginato una storia di vita vissuta che ripercorre un momento drammatico per il quartiere San Lorenzo. Scopri di pi\u00f9!\" \/>\n<meta name=\"robots\" content=\"index, follow, max-snippet:-1, max-image-preview:large, max-video-preview:-1\" \/>\n<link rel=\"canonical\" href=\"https:\/\/www.unirufa.it\/san-lorenzo-place-identity-quell-angelo-tra-le-bombe\/\" \/>\n<meta property=\"og:locale\" content=\"es_ES\" \/>\n<meta property=\"og:type\" content=\"article\" \/>\n<meta property=\"og:title\" content=\"&quot;Quell&#039;angelo tra le bombe&quot;: un progetto degli studenti RUFA - RUFA\" \/>\n<meta property=\"og:description\" content=\"Abbiamo immaginato una storia di vita vissuta che ripercorre un momento drammatico per il quartiere San Lorenzo. Scopri di pi\u00f9!\" \/>\n<meta property=\"og:url\" content=\"https:\/\/www.unirufa.it\/san-lorenzo-place-identity-quell-angelo-tra-le-bombe\/\" \/>\n<meta property=\"og:site_name\" content=\"RUFA - Rome University of Fine Arts\" \/>\n<meta property=\"article:modified_time\" content=\"2021-12-21T16:11:43+00:00\" \/>\n<meta property=\"og:image\" content=\"https:\/\/www.unirufa.it\/wp-content\/uploads\/2017\/11\/logo-rufa-2016.png\" \/>\n\t<meta property=\"og:image:width\" content=\"230\" \/>\n\t<meta property=\"og:image:height\" content=\"149\" \/>\n\t<meta property=\"og:image:type\" content=\"image\/png\" \/>\n<meta name=\"twitter:label1\" content=\"Tiempo de lectura\" \/>\n\t<meta name=\"twitter:data1\" content=\"2 minutos\" \/>\n<script type=\"application\/ld+json\" class=\"yoast-schema-graph\">{\"@context\":\"https:\/\/schema.org\",\"@graph\":[{\"@type\":\"WebPage\",\"@id\":\"https:\/\/www.unirufa.it\/san-lorenzo-place-identity-quell-angelo-tra-le-bombe\/\",\"url\":\"https:\/\/www.unirufa.it\/san-lorenzo-place-identity-quell-angelo-tra-le-bombe\/\",\"name\":\"\\\"Quell'angelo tra le bombe\\\": un progetto degli studenti RUFA - RUFA\",\"isPartOf\":{\"@id\":\"https:\/\/www.unirufa.it\/#website\"},\"datePublished\":\"2021-05-17T12:10:51+00:00\",\"dateModified\":\"2021-12-21T16:11:43+00:00\",\"description\":\"Abbiamo immaginato una storia di vita vissuta che ripercorre un momento drammatico per il quartiere San Lorenzo. Scopri di pi\u00f9!\",\"breadcrumb\":{\"@id\":\"https:\/\/www.unirufa.it\/san-lorenzo-place-identity-quell-angelo-tra-le-bombe\/#breadcrumb\"},\"inLanguage\":\"es\",\"potentialAction\":[{\"@type\":\"ReadAction\",\"target\":[\"https:\/\/www.unirufa.it\/san-lorenzo-place-identity-quell-angelo-tra-le-bombe\/\"]}]},{\"@type\":\"BreadcrumbList\",\"@id\":\"https:\/\/www.unirufa.it\/san-lorenzo-place-identity-quell-angelo-tra-le-bombe\/#breadcrumb\",\"itemListElement\":[{\"@type\":\"ListItem\",\"position\":1,\"name\":\"Home\",\"item\":\"https:\/\/www.unirufa.it\/\"},{\"@type\":\"ListItem\",\"position\":2,\"name\":\"Quell&#8217;angelo tra le bombe\"}]},{\"@type\":\"WebSite\",\"@id\":\"https:\/\/www.unirufa.it\/#website\",\"url\":\"https:\/\/www.unirufa.it\/\",\"name\":\"RUFA - Rome University of Fine Arts\",\"description\":\"\",\"potentialAction\":[{\"@type\":\"SearchAction\",\"target\":{\"@type\":\"EntryPoint\",\"urlTemplate\":\"https:\/\/www.unirufa.it\/?s={search_term_string}\"},\"query-input\":{\"@type\":\"PropertyValueSpecification\",\"valueRequired\":true,\"valueName\":\"search_term_string\"}}],\"inLanguage\":\"es\"}]}<\/script>\n<!-- \/ Yoast SEO plugin. -->","yoast_head_json":{"title":"\"Quell'angelo tra le bombe\": un progetto degli studenti RUFA - RUFA","description":"Abbiamo immaginato una storia di vita vissuta che ripercorre un momento drammatico per il quartiere San Lorenzo. Scopri di pi\u00f9!","robots":{"index":"index","follow":"follow","max-snippet":"max-snippet:-1","max-image-preview":"max-image-preview:large","max-video-preview":"max-video-preview:-1"},"canonical":"https:\/\/www.unirufa.it\/san-lorenzo-place-identity-quell-angelo-tra-le-bombe\/","og_locale":"es_ES","og_type":"article","og_title":"\"Quell'angelo tra le bombe\": un progetto degli studenti RUFA - RUFA","og_description":"Abbiamo immaginato una storia di vita vissuta che ripercorre un momento drammatico per il quartiere San Lorenzo. Scopri di pi\u00f9!","og_url":"https:\/\/www.unirufa.it\/san-lorenzo-place-identity-quell-angelo-tra-le-bombe\/","og_site_name":"RUFA - Rome University of Fine Arts","article_modified_time":"2021-12-21T16:11:43+00:00","og_image":[{"width":230,"height":149,"url":"https:\/\/www.unirufa.it\/wp-content\/uploads\/2017\/11\/logo-rufa-2016.png","type":"image\/png"}],"twitter_misc":{"Tiempo de lectura":"2 minutos"},"schema":{"@context":"https:\/\/schema.org","@graph":[{"@type":"WebPage","@id":"https:\/\/www.unirufa.it\/san-lorenzo-place-identity-quell-angelo-tra-le-bombe\/","url":"https:\/\/www.unirufa.it\/san-lorenzo-place-identity-quell-angelo-tra-le-bombe\/","name":"\"Quell'angelo tra le bombe\": un progetto degli studenti RUFA - RUFA","isPartOf":{"@id":"https:\/\/www.unirufa.it\/#website"},"datePublished":"2021-05-17T12:10:51+00:00","dateModified":"2021-12-21T16:11:43+00:00","description":"Abbiamo immaginato una storia di vita vissuta che ripercorre un momento drammatico per il quartiere San Lorenzo. Scopri di pi\u00f9!","breadcrumb":{"@id":"https:\/\/www.unirufa.it\/san-lorenzo-place-identity-quell-angelo-tra-le-bombe\/#breadcrumb"},"inLanguage":"es","potentialAction":[{"@type":"ReadAction","target":["https:\/\/www.unirufa.it\/san-lorenzo-place-identity-quell-angelo-tra-le-bombe\/"]}]},{"@type":"BreadcrumbList","@id":"https:\/\/www.unirufa.it\/san-lorenzo-place-identity-quell-angelo-tra-le-bombe\/#breadcrumb","itemListElement":[{"@type":"ListItem","position":1,"name":"Home","item":"https:\/\/www.unirufa.it\/"},{"@type":"ListItem","position":2,"name":"Quell&#8217;angelo tra le bombe"}]},{"@type":"WebSite","@id":"https:\/\/www.unirufa.it\/#website","url":"https:\/\/www.unirufa.it\/","name":"RUFA - Rome University of Fine Arts","description":"","potentialAction":[{"@type":"SearchAction","target":{"@type":"EntryPoint","urlTemplate":"https:\/\/www.unirufa.it\/?s={search_term_string}"},"query-input":{"@type":"PropertyValueSpecification","valueRequired":true,"valueName":"search_term_string"}}],"inLanguage":"es"}]}},"_links":{"self":[{"href":"https:\/\/www.unirufa.it\/es\/wp-json\/wp\/v2\/pages\/44640","targetHints":{"allow":["GET"]}}],"collection":[{"href":"https:\/\/www.unirufa.it\/es\/wp-json\/wp\/v2\/pages"}],"about":[{"href":"https:\/\/www.unirufa.it\/es\/wp-json\/wp\/v2\/types\/page"}],"author":[{"embeddable":true,"href":"https:\/\/www.unirufa.it\/es\/wp-json\/wp\/v2\/users\/22"}],"replies":[{"embeddable":true,"href":"https:\/\/www.unirufa.it\/es\/wp-json\/wp\/v2\/comments?post=44640"}],"version-history":[{"count":6,"href":"https:\/\/www.unirufa.it\/es\/wp-json\/wp\/v2\/pages\/44640\/revisions"}],"predecessor-version":[{"id":58332,"href":"https:\/\/www.unirufa.it\/es\/wp-json\/wp\/v2\/pages\/44640\/revisions\/58332"}],"wp:attachment":[{"href":"https:\/\/www.unirufa.it\/es\/wp-json\/wp\/v2\/media?parent=44640"}],"curies":[{"name":"wp","href":"https:\/\/api.w.org\/{rel}","templated":true}]}}