


{"id":44674,"date":"2021-05-17T14:19:54","date_gmt":"2021-05-17T12:19:54","guid":{"rendered":"https:\/\/www.unirufa.it\/?page_id=44674"},"modified":"2021-06-03T22:12:12","modified_gmt":"2021-06-03T20:12:12","slug":"san-lorenzo-place-identity-sputnik","status":"publish","type":"page","link":"https:\/\/www.unirufa.it\/es\/san-lorenzo-place-identity-sputnik\/","title":{"rendered":"Sputnik"},"content":{"rendered":"<p class=\"qtranxs-available-languages-message qtranxs-available-languages-message-es\">Disculpa, pero esta entrada est\u00e1 disponible s\u00f3lo en <a href=\"https:\/\/www.unirufa.it\/it\/wp-json\/wp\/v2\/pages\/44674\" class=\"qtranxs-available-language-link qtranxs-available-language-link-it\" title=\"IT\">IT<\/a> y <a href=\"https:\/\/www.unirufa.it\/en\/wp-json\/wp\/v2\/pages\/44674\" class=\"qtranxs-available-language-link qtranxs-available-language-link-en\" title=\"EN\">EN<\/a>.<\/p><div class=\"col-sm-12 col-lg-2\" style=\"padding-left: 0\">\n<h4><strong>CORSO<\/strong><\/h4>\n<\/div>\n<div class=\"col-sm-12 col-lg-10\" style=\"padding-left: 0\">\n<h4>Graphic Design<\/h4>\n<\/div>\n<p><\/br><\/p>\n<div class=\"col-sm-12 col-lg-2\" style=\"padding-left: 0\">\n<h4><strong>DOCENTE<\/strong><\/h4>\n<\/div>\n<div class=\"col-sm-12 col-lg-10\" style=\"padding-left: 0\">\n<h4>Guido Lombardo<\/h4>\n<\/div>\n<p><\/br><\/p>\n<div class=\"col-sm-12 col-lg-2\" style=\"padding-left: 0\">\n<h4><strong>STUDENTI<\/strong><\/h4>\n<\/div>\n<div class=\"col-sm-12 col-lg-10\" style=\"padding-left: 0\">\n<h4>Silvia Santopaolo, Martina Villani<\/h4>\n<\/div>\n<p>&nbsp;<\/p>\n<div class=\"su-image-carousel  su-image-carousel-has-spacing su-image-carousel-adaptive su-image-carousel-slides-style-minimal su-image-carousel-controls-style-light su-image-carousel-align-left\" style=\"\" data-flickity-options='{\"groupCells\":true,\"cellSelector\":\".su-image-carousel-item\",\"adaptiveHeight\":true,\"cellAlign\":\"left\",\"prevNextButtons\":true,\"pageDots\":false,\"autoPlay\":3000,\"imagesLoaded\":true,\"contain\":false,\"selectedAttraction\":0.025,\"friction\":0.28}' id=\"su_image_carousel_69db2541e61d4\"><div class=\"su-image-carousel-item\"><div class=\"su-image-carousel-item-content\"><img loading=\"lazy\" decoding=\"async\" width=\"1050\" height=\"600\" src=\"https:\/\/www.unirufa.it\/wp-content\/uploads\/2021\/05\/san_lorenzo_place_identity_sputnik_santopaolo_villani_book.jpg\" class=\"\" alt=\"\" srcset=\"https:\/\/www.unirufa.it\/wp-content\/uploads\/2021\/05\/san_lorenzo_place_identity_sputnik_santopaolo_villani_book.jpg 1050w, https:\/\/www.unirufa.it\/wp-content\/uploads\/2021\/05\/san_lorenzo_place_identity_sputnik_santopaolo_villani_book-300x171.jpg 300w, https:\/\/www.unirufa.it\/wp-content\/uploads\/2021\/05\/san_lorenzo_place_identity_sputnik_santopaolo_villani_book-1024x585.jpg 1024w, https:\/\/www.unirufa.it\/wp-content\/uploads\/2021\/05\/san_lorenzo_place_identity_sputnik_santopaolo_villani_book-768x439.jpg 768w\" sizes=\"auto, (max-width: 1050px) 100vw, 1050px\" \/><\/div><\/div><div class=\"su-image-carousel-item\"><div class=\"su-image-carousel-item-content\"><img loading=\"lazy\" decoding=\"async\" width=\"1050\" height=\"600\" src=\"https:\/\/www.unirufa.it\/wp-content\/uploads\/2021\/05\/san_lorenzo_place_identity_sputnik_santopaolo_villani_interior_pages.jpg\" class=\"\" alt=\"\" srcset=\"https:\/\/www.unirufa.it\/wp-content\/uploads\/2021\/05\/san_lorenzo_place_identity_sputnik_santopaolo_villani_interior_pages.jpg 1050w, https:\/\/www.unirufa.it\/wp-content\/uploads\/2021\/05\/san_lorenzo_place_identity_sputnik_santopaolo_villani_interior_pages-300x171.jpg 300w, https:\/\/www.unirufa.it\/wp-content\/uploads\/2021\/05\/san_lorenzo_place_identity_sputnik_santopaolo_villani_interior_pages-1024x585.jpg 1024w, https:\/\/www.unirufa.it\/wp-content\/uploads\/2021\/05\/san_lorenzo_place_identity_sputnik_santopaolo_villani_interior_pages-768x439.jpg 768w\" sizes=\"auto, (max-width: 1050px) 100vw, 1050px\" \/><\/div><\/div><div class=\"su-image-carousel-item\"><div class=\"su-image-carousel-item-content\"><img loading=\"lazy\" decoding=\"async\" width=\"1050\" height=\"600\" src=\"https:\/\/www.unirufa.it\/wp-content\/uploads\/2021\/05\/san_lorenzo_place_identity_sputnik_santopaolo_villani_interior_pages1.jpg\" class=\"\" alt=\"\" srcset=\"https:\/\/www.unirufa.it\/wp-content\/uploads\/2021\/05\/san_lorenzo_place_identity_sputnik_santopaolo_villani_interior_pages1.jpg 1050w, https:\/\/www.unirufa.it\/wp-content\/uploads\/2021\/05\/san_lorenzo_place_identity_sputnik_santopaolo_villani_interior_pages1-300x171.jpg 300w, https:\/\/www.unirufa.it\/wp-content\/uploads\/2021\/05\/san_lorenzo_place_identity_sputnik_santopaolo_villani_interior_pages1-1024x585.jpg 1024w, https:\/\/www.unirufa.it\/wp-content\/uploads\/2021\/05\/san_lorenzo_place_identity_sputnik_santopaolo_villani_interior_pages1-768x439.jpg 768w\" sizes=\"auto, (max-width: 1050px) 100vw, 1050px\" \/><\/div><\/div><div class=\"su-image-carousel-item\"><div class=\"su-image-carousel-item-content\"><img loading=\"lazy\" decoding=\"async\" width=\"1050\" height=\"600\" src=\"https:\/\/www.unirufa.it\/wp-content\/uploads\/2021\/05\/san_lorenzo_place_identity_sputnik_santopaolo_villani_interior_pages5.jpg\" class=\"\" alt=\"\" srcset=\"https:\/\/www.unirufa.it\/wp-content\/uploads\/2021\/05\/san_lorenzo_place_identity_sputnik_santopaolo_villani_interior_pages5.jpg 1050w, https:\/\/www.unirufa.it\/wp-content\/uploads\/2021\/05\/san_lorenzo_place_identity_sputnik_santopaolo_villani_interior_pages5-300x171.jpg 300w, https:\/\/www.unirufa.it\/wp-content\/uploads\/2021\/05\/san_lorenzo_place_identity_sputnik_santopaolo_villani_interior_pages5-1024x585.jpg 1024w, https:\/\/www.unirufa.it\/wp-content\/uploads\/2021\/05\/san_lorenzo_place_identity_sputnik_santopaolo_villani_interior_pages5-768x439.jpg 768w\" sizes=\"auto, (max-width: 1050px) 100vw, 1050px\" \/><\/div><\/div><div class=\"su-image-carousel-item\"><div class=\"su-image-carousel-item-content\"><img loading=\"lazy\" decoding=\"async\" width=\"1050\" height=\"600\" src=\"https:\/\/www.unirufa.it\/wp-content\/uploads\/2021\/05\/san_lorenzo_place_identity_sputnik_santopaolo_villani_interior_pages4.jpg\" class=\"\" alt=\"\" srcset=\"https:\/\/www.unirufa.it\/wp-content\/uploads\/2021\/05\/san_lorenzo_place_identity_sputnik_santopaolo_villani_interior_pages4.jpg 1050w, https:\/\/www.unirufa.it\/wp-content\/uploads\/2021\/05\/san_lorenzo_place_identity_sputnik_santopaolo_villani_interior_pages4-300x171.jpg 300w, https:\/\/www.unirufa.it\/wp-content\/uploads\/2021\/05\/san_lorenzo_place_identity_sputnik_santopaolo_villani_interior_pages4-1024x585.jpg 1024w, https:\/\/www.unirufa.it\/wp-content\/uploads\/2021\/05\/san_lorenzo_place_identity_sputnik_santopaolo_villani_interior_pages4-768x439.jpg 768w\" sizes=\"auto, (max-width: 1050px) 100vw, 1050px\" \/><\/div><\/div><div class=\"su-image-carousel-item\"><div class=\"su-image-carousel-item-content\"><img loading=\"lazy\" decoding=\"async\" width=\"1050\" height=\"600\" src=\"https:\/\/www.unirufa.it\/wp-content\/uploads\/2021\/05\/san_lorenzo_place_identity_sputnik_santopaolo_villani_interior_pages3.jpg\" class=\"\" alt=\"\" srcset=\"https:\/\/www.unirufa.it\/wp-content\/uploads\/2021\/05\/san_lorenzo_place_identity_sputnik_santopaolo_villani_interior_pages3.jpg 1050w, https:\/\/www.unirufa.it\/wp-content\/uploads\/2021\/05\/san_lorenzo_place_identity_sputnik_santopaolo_villani_interior_pages3-300x171.jpg 300w, https:\/\/www.unirufa.it\/wp-content\/uploads\/2021\/05\/san_lorenzo_place_identity_sputnik_santopaolo_villani_interior_pages3-1024x585.jpg 1024w, https:\/\/www.unirufa.it\/wp-content\/uploads\/2021\/05\/san_lorenzo_place_identity_sputnik_santopaolo_villani_interior_pages3-768x439.jpg 768w\" sizes=\"auto, (max-width: 1050px) 100vw, 1050px\" \/><\/div><\/div><div class=\"su-image-carousel-item\"><div class=\"su-image-carousel-item-content\"><img loading=\"lazy\" decoding=\"async\" width=\"1050\" height=\"600\" src=\"https:\/\/www.unirufa.it\/wp-content\/uploads\/2021\/05\/san_lorenzo_place_identity_sputnik_santopaolo_villani_interior_pages2.jpg\" class=\"\" alt=\"\" srcset=\"https:\/\/www.unirufa.it\/wp-content\/uploads\/2021\/05\/san_lorenzo_place_identity_sputnik_santopaolo_villani_interior_pages2.jpg 1050w, https:\/\/www.unirufa.it\/wp-content\/uploads\/2021\/05\/san_lorenzo_place_identity_sputnik_santopaolo_villani_interior_pages2-300x171.jpg 300w, https:\/\/www.unirufa.it\/wp-content\/uploads\/2021\/05\/san_lorenzo_place_identity_sputnik_santopaolo_villani_interior_pages2-1024x585.jpg 1024w, https:\/\/www.unirufa.it\/wp-content\/uploads\/2021\/05\/san_lorenzo_place_identity_sputnik_santopaolo_villani_interior_pages2-768x439.jpg 768w\" sizes=\"auto, (max-width: 1050px) 100vw, 1050px\" \/><\/div><\/div><div class=\"su-image-carousel-item\"><div class=\"su-image-carousel-item-content\"><img loading=\"lazy\" decoding=\"async\" width=\"1050\" height=\"600\" src=\"https:\/\/www.unirufa.it\/wp-content\/uploads\/2021\/05\/san_lorenzo_place_identity_sputnik_santopaolo_villani_interior_pages6.jpg\" class=\"\" alt=\"\" srcset=\"https:\/\/www.unirufa.it\/wp-content\/uploads\/2021\/05\/san_lorenzo_place_identity_sputnik_santopaolo_villani_interior_pages6.jpg 1050w, https:\/\/www.unirufa.it\/wp-content\/uploads\/2021\/05\/san_lorenzo_place_identity_sputnik_santopaolo_villani_interior_pages6-300x171.jpg 300w, https:\/\/www.unirufa.it\/wp-content\/uploads\/2021\/05\/san_lorenzo_place_identity_sputnik_santopaolo_villani_interior_pages6-1024x585.jpg 1024w, https:\/\/www.unirufa.it\/wp-content\/uploads\/2021\/05\/san_lorenzo_place_identity_sputnik_santopaolo_villani_interior_pages6-768x439.jpg 768w\" sizes=\"auto, (max-width: 1050px) 100vw, 1050px\" \/><\/div><\/div><div class=\"su-image-carousel-item\"><div class=\"su-image-carousel-item-content\"><img loading=\"lazy\" decoding=\"async\" width=\"1050\" height=\"600\" src=\"https:\/\/www.unirufa.it\/wp-content\/uploads\/2021\/05\/san_lorenzo_place_identity_sputnik_santopaolo_villani_inspiration.jpg\" class=\"\" alt=\"\" srcset=\"https:\/\/www.unirufa.it\/wp-content\/uploads\/2021\/05\/san_lorenzo_place_identity_sputnik_santopaolo_villani_inspiration.jpg 1050w, https:\/\/www.unirufa.it\/wp-content\/uploads\/2021\/05\/san_lorenzo_place_identity_sputnik_santopaolo_villani_inspiration-300x171.jpg 300w, https:\/\/www.unirufa.it\/wp-content\/uploads\/2021\/05\/san_lorenzo_place_identity_sputnik_santopaolo_villani_inspiration-1024x585.jpg 1024w, https:\/\/www.unirufa.it\/wp-content\/uploads\/2021\/05\/san_lorenzo_place_identity_sputnik_santopaolo_villani_inspiration-768x439.jpg 768w\" sizes=\"auto, (max-width: 1050px) 100vw, 1050px\" \/><\/div><\/div><\/div><script id=\"su_image_carousel_69db2541e61d4_script\">if(window.SUImageCarousel){setTimeout(function() {window.SUImageCarousel.initGallery(document.getElementById(\"su_image_carousel_69db2541e61d4\"))}, 0);}var su_image_carousel_69db2541e61d4_script=document.getElementById(\"su_image_carousel_69db2541e61d4_script\");if(su_image_carousel_69db2541e61d4_script){su_image_carousel_69db2541e61d4_script.parentNode.removeChild(su_image_carousel_69db2541e61d4_script);}<\/script>\n&nbsp;<\/p>\n<h3>Il progetto<\/h3>\n<p>\u201cSputnik\u201d, \u00e8 una parola russa che tradotta in italiano significa compagno di viaggio. Il concept che sta alla base del libro \u00e8 stato sviluppato partendo dal nome. Sputnik \u00e8 una raccolta di momenti che si snodano tra le strade di San Lorenzo alla ricerca del filo rosso che tiene insieme i segni del passato e del futuro. Questo \u201cviaggio\u201d nel tempo \u00e8 narrato attraverso la voce di Sputnik, solitario e sensibile robottino catapultato da molto lontano, che si \u00e8 ritrovato a vivere la storia del popolo di San Lorenzo. \u00c8 stato inevitabile: nella calda atmosfera del quartiere, il robottino ha preso subito parte alla vita del popolo, imparando il significato di comunit\u00e0 e di resistenza. Lo stile del libro, attraverso la palette cromatica, le font e le griglie, \u00e8 stato organizzato in modo tale da riflettere l\u2019anima politica di San Lorenzo.<br \/>\n&nbsp;<br \/>\n&nbsp;<\/p>\n<div class=\"col-sm-12 col-lg-6\" style=\"padding-left: 0\">\n<a id=\"btn-regolamentocorso\" style=\"background-color:#000000;\" class=\"download-btn\" href=\"https:\/\/www.unirufa.it\/san-lorenzo-place-identity\/#progetti\"><font color=\"#ffffff\">TORNA AI PROGETTI<\/a><\/font>\n<\/div>\n<p>&nbsp;","protected":false},"excerpt":{"rendered":"<p>Disculpa, pero esta entrada est\u00e1 disponible s\u00f3lo en IT y EN. CORSO Graphic Design DOCENTE Guido Lombardo STUDENTI Silvia Santopaolo, Martina Villani &nbsp; &nbsp; Il progetto \u201cSputnik\u201d, \u00e8 una parola russa che tradotta in italiano significa compagno di viaggio. Il concept che sta alla base del libro \u00e8 stato sviluppato partendo dal nome. Sputnik \u00e8&#8230;<\/p>\n","protected":false},"author":22,"featured_media":0,"parent":0,"menu_order":0,"comment_status":"closed","ping_status":"closed","template":"","meta":{"content-type":"","footnotes":""},"class_list":["post-44674","page","type-page","status-publish","hentry"],"yoast_head":"<!-- This site is optimized with the Yoast SEO plugin v24.2 - https:\/\/yoast.com\/wordpress\/plugins\/seo\/ -->\n<title>Sputnik - RUFA - Rome University of Fine Arts<\/title>\n<meta name=\"robots\" content=\"index, follow, max-snippet:-1, max-image-preview:large, max-video-preview:-1\" \/>\n<link rel=\"canonical\" href=\"https:\/\/www.unirufa.it\/san-lorenzo-place-identity-sputnik\/\" \/>\n<meta property=\"og:locale\" content=\"es_ES\" \/>\n<meta property=\"og:type\" content=\"article\" \/>\n<meta property=\"og:title\" content=\"Sputnik - RUFA - Rome University of Fine Arts\" \/>\n<meta property=\"og:description\" content=\"Disculpa, pero esta entrada est\u00e1 disponible s\u00f3lo en IT y EN. CORSO Graphic Design DOCENTE Guido Lombardo STUDENTI Silvia Santopaolo, Martina Villani &nbsp; &nbsp; Il progetto \u201cSputnik\u201d, \u00e8 una parola russa che tradotta in italiano significa compagno di viaggio. Il concept che sta alla base del libro \u00e8 stato sviluppato partendo dal nome. Sputnik \u00e8...\" \/>\n<meta property=\"og:url\" content=\"https:\/\/www.unirufa.it\/san-lorenzo-place-identity-sputnik\/\" \/>\n<meta property=\"og:site_name\" content=\"RUFA - Rome University of Fine Arts\" \/>\n<meta property=\"article:modified_time\" content=\"2021-06-03T20:12:12+00:00\" \/>\n<meta property=\"og:image\" content=\"https:\/\/www.unirufa.it\/wp-content\/uploads\/2017\/11\/logo-rufa-2016.png\" \/>\n\t<meta property=\"og:image:width\" content=\"230\" \/>\n\t<meta property=\"og:image:height\" content=\"149\" \/>\n\t<meta property=\"og:image:type\" content=\"image\/png\" \/>\n<meta name=\"twitter:label1\" content=\"Tiempo de lectura\" \/>\n\t<meta name=\"twitter:data1\" content=\"2 minutos\" \/>\n<script type=\"application\/ld+json\" class=\"yoast-schema-graph\">{\"@context\":\"https:\/\/schema.org\",\"@graph\":[{\"@type\":\"WebPage\",\"@id\":\"https:\/\/www.unirufa.it\/san-lorenzo-place-identity-sputnik\/\",\"url\":\"https:\/\/www.unirufa.it\/san-lorenzo-place-identity-sputnik\/\",\"name\":\"Sputnik - RUFA - Rome University of Fine Arts\",\"isPartOf\":{\"@id\":\"https:\/\/www.unirufa.it\/#website\"},\"datePublished\":\"2021-05-17T12:19:54+00:00\",\"dateModified\":\"2021-06-03T20:12:12+00:00\",\"breadcrumb\":{\"@id\":\"https:\/\/www.unirufa.it\/san-lorenzo-place-identity-sputnik\/#breadcrumb\"},\"inLanguage\":\"es\",\"potentialAction\":[{\"@type\":\"ReadAction\",\"target\":[\"https:\/\/www.unirufa.it\/san-lorenzo-place-identity-sputnik\/\"]}]},{\"@type\":\"BreadcrumbList\",\"@id\":\"https:\/\/www.unirufa.it\/san-lorenzo-place-identity-sputnik\/#breadcrumb\",\"itemListElement\":[{\"@type\":\"ListItem\",\"position\":1,\"name\":\"Home\",\"item\":\"https:\/\/www.unirufa.it\/\"},{\"@type\":\"ListItem\",\"position\":2,\"name\":\"Sputnik\"}]},{\"@type\":\"WebSite\",\"@id\":\"https:\/\/www.unirufa.it\/#website\",\"url\":\"https:\/\/www.unirufa.it\/\",\"name\":\"RUFA - Rome University of Fine Arts\",\"description\":\"\",\"potentialAction\":[{\"@type\":\"SearchAction\",\"target\":{\"@type\":\"EntryPoint\",\"urlTemplate\":\"https:\/\/www.unirufa.it\/?s={search_term_string}\"},\"query-input\":{\"@type\":\"PropertyValueSpecification\",\"valueRequired\":true,\"valueName\":\"search_term_string\"}}],\"inLanguage\":\"es\"}]}<\/script>\n<!-- \/ Yoast SEO plugin. -->","yoast_head_json":{"title":"Sputnik - RUFA - Rome University of Fine Arts","robots":{"index":"index","follow":"follow","max-snippet":"max-snippet:-1","max-image-preview":"max-image-preview:large","max-video-preview":"max-video-preview:-1"},"canonical":"https:\/\/www.unirufa.it\/san-lorenzo-place-identity-sputnik\/","og_locale":"es_ES","og_type":"article","og_title":"Sputnik - RUFA - Rome University of Fine Arts","og_description":"Disculpa, pero esta entrada est\u00e1 disponible s\u00f3lo en IT y EN. CORSO Graphic Design DOCENTE Guido Lombardo STUDENTI Silvia Santopaolo, Martina Villani &nbsp; &nbsp; Il progetto \u201cSputnik\u201d, \u00e8 una parola russa che tradotta in italiano significa compagno di viaggio. Il concept che sta alla base del libro \u00e8 stato sviluppato partendo dal nome. Sputnik \u00e8...","og_url":"https:\/\/www.unirufa.it\/san-lorenzo-place-identity-sputnik\/","og_site_name":"RUFA - Rome University of Fine Arts","article_modified_time":"2021-06-03T20:12:12+00:00","og_image":[{"width":230,"height":149,"url":"https:\/\/www.unirufa.it\/wp-content\/uploads\/2017\/11\/logo-rufa-2016.png","type":"image\/png"}],"twitter_misc":{"Tiempo de lectura":"2 minutos"},"schema":{"@context":"https:\/\/schema.org","@graph":[{"@type":"WebPage","@id":"https:\/\/www.unirufa.it\/san-lorenzo-place-identity-sputnik\/","url":"https:\/\/www.unirufa.it\/san-lorenzo-place-identity-sputnik\/","name":"Sputnik - RUFA - Rome University of Fine Arts","isPartOf":{"@id":"https:\/\/www.unirufa.it\/#website"},"datePublished":"2021-05-17T12:19:54+00:00","dateModified":"2021-06-03T20:12:12+00:00","breadcrumb":{"@id":"https:\/\/www.unirufa.it\/san-lorenzo-place-identity-sputnik\/#breadcrumb"},"inLanguage":"es","potentialAction":[{"@type":"ReadAction","target":["https:\/\/www.unirufa.it\/san-lorenzo-place-identity-sputnik\/"]}]},{"@type":"BreadcrumbList","@id":"https:\/\/www.unirufa.it\/san-lorenzo-place-identity-sputnik\/#breadcrumb","itemListElement":[{"@type":"ListItem","position":1,"name":"Home","item":"https:\/\/www.unirufa.it\/"},{"@type":"ListItem","position":2,"name":"Sputnik"}]},{"@type":"WebSite","@id":"https:\/\/www.unirufa.it\/#website","url":"https:\/\/www.unirufa.it\/","name":"RUFA - Rome University of Fine Arts","description":"","potentialAction":[{"@type":"SearchAction","target":{"@type":"EntryPoint","urlTemplate":"https:\/\/www.unirufa.it\/?s={search_term_string}"},"query-input":{"@type":"PropertyValueSpecification","valueRequired":true,"valueName":"search_term_string"}}],"inLanguage":"es"}]}},"_links":{"self":[{"href":"https:\/\/www.unirufa.it\/es\/wp-json\/wp\/v2\/pages\/44674","targetHints":{"allow":["GET"]}}],"collection":[{"href":"https:\/\/www.unirufa.it\/es\/wp-json\/wp\/v2\/pages"}],"about":[{"href":"https:\/\/www.unirufa.it\/es\/wp-json\/wp\/v2\/types\/page"}],"author":[{"embeddable":true,"href":"https:\/\/www.unirufa.it\/es\/wp-json\/wp\/v2\/users\/22"}],"replies":[{"embeddable":true,"href":"https:\/\/www.unirufa.it\/es\/wp-json\/wp\/v2\/comments?post=44674"}],"version-history":[{"count":5,"href":"https:\/\/www.unirufa.it\/es\/wp-json\/wp\/v2\/pages\/44674\/revisions"}],"predecessor-version":[{"id":45809,"href":"https:\/\/www.unirufa.it\/es\/wp-json\/wp\/v2\/pages\/44674\/revisions\/45809"}],"wp:attachment":[{"href":"https:\/\/www.unirufa.it\/es\/wp-json\/wp\/v2\/media?parent=44674"}],"curies":[{"name":"wp","href":"https:\/\/api.w.org\/{rel}","templated":true}]}}