


{"id":44692,"date":"2021-05-17T14:23:18","date_gmt":"2021-05-17T12:23:18","guid":{"rendered":"https:\/\/www.unirufa.it\/?page_id=44692"},"modified":"2021-06-03T22:13:44","modified_gmt":"2021-06-03T20:13:44","slug":"san-lorenzo-place-identity-sslo","status":"publish","type":"page","link":"https:\/\/www.unirufa.it\/es\/san-lorenzo-place-identity-sslo\/","title":{"rendered":"Ssl\u00f2"},"content":{"rendered":"<p class=\"qtranxs-available-languages-message qtranxs-available-languages-message-es\">Disculpa, pero esta entrada est\u00e1 disponible s\u00f3lo en <a href=\"https:\/\/www.unirufa.it\/it\/wp-json\/wp\/v2\/pages\/44692\" class=\"qtranxs-available-language-link qtranxs-available-language-link-it\" title=\"IT\">IT<\/a> y <a href=\"https:\/\/www.unirufa.it\/en\/wp-json\/wp\/v2\/pages\/44692\" class=\"qtranxs-available-language-link qtranxs-available-language-link-en\" title=\"EN\">EN<\/a>.<\/p><div class=\"col-sm-12 col-lg-2\" style=\"padding-left: 0\">\n<h4><strong>CORSO<\/strong><\/h4>\n<\/div>\n<div class=\"col-sm-12 col-lg-10\" style=\"padding-left: 0\">\n<h4>Graphic Design<\/h4>\n<\/div>\n<p><\/br><\/p>\n<div class=\"col-sm-12 col-lg-2\" style=\"padding-left: 0\">\n<h4><strong>DOCENTE<\/strong><\/h4>\n<\/div>\n<div class=\"col-sm-12 col-lg-10\" style=\"padding-left: 0\">\n<h4>Guido Lombardo<\/h4>\n<\/div>\n<p><\/br><\/p>\n<div class=\"col-sm-12 col-lg-2\" style=\"padding-left: 0\">\n<h4><strong>STUDENTI<\/strong><\/h4>\n<\/div>\n<div class=\"col-sm-12 col-lg-10\" style=\"padding-left: 0\">\n<h4>Beatrice Greco, Isabella Immediato<\/h4>\n<\/div>\n<p>&nbsp;<\/p>\n<div class=\"su-image-carousel  su-image-carousel-has-spacing su-image-carousel-adaptive su-image-carousel-slides-style-minimal su-image-carousel-controls-style-light su-image-carousel-align-left\" style=\"\" data-flickity-options='{\"groupCells\":true,\"cellSelector\":\".su-image-carousel-item\",\"adaptiveHeight\":true,\"cellAlign\":\"left\",\"prevNextButtons\":true,\"pageDots\":false,\"autoPlay\":3000,\"imagesLoaded\":true,\"contain\":false,\"selectedAttraction\":0.025,\"friction\":0.28}' id=\"su_image_carousel_69f6171153d2a\"><div class=\"su-image-carousel-item\"><div class=\"su-image-carousel-item-content\"><img loading=\"lazy\" decoding=\"async\" width=\"1050\" height=\"600\" src=\"https:\/\/www.unirufa.it\/wp-content\/uploads\/2021\/05\/san_lorenzo_place_identity_sslo_greco_immediato_logo.jpg\" class=\"\" alt=\"\" srcset=\"https:\/\/www.unirufa.it\/wp-content\/uploads\/2021\/05\/san_lorenzo_place_identity_sslo_greco_immediato_logo.jpg 1050w, https:\/\/www.unirufa.it\/wp-content\/uploads\/2021\/05\/san_lorenzo_place_identity_sslo_greco_immediato_logo-300x171.jpg 300w, https:\/\/www.unirufa.it\/wp-content\/uploads\/2021\/05\/san_lorenzo_place_identity_sslo_greco_immediato_logo-1024x585.jpg 1024w, https:\/\/www.unirufa.it\/wp-content\/uploads\/2021\/05\/san_lorenzo_place_identity_sslo_greco_immediato_logo-768x439.jpg 768w\" sizes=\"auto, (max-width: 1050px) 100vw, 1050px\" \/><\/div><\/div><div class=\"su-image-carousel-item\"><div class=\"su-image-carousel-item-content\"><img loading=\"lazy\" decoding=\"async\" width=\"1050\" height=\"600\" src=\"https:\/\/www.unirufa.it\/wp-content\/uploads\/2021\/05\/san_lorenzo_place_identity_sslo_greco_immediato_lookbook.jpg\" class=\"\" alt=\"\" srcset=\"https:\/\/www.unirufa.it\/wp-content\/uploads\/2021\/05\/san_lorenzo_place_identity_sslo_greco_immediato_lookbook.jpg 1050w, https:\/\/www.unirufa.it\/wp-content\/uploads\/2021\/05\/san_lorenzo_place_identity_sslo_greco_immediato_lookbook-300x171.jpg 300w, https:\/\/www.unirufa.it\/wp-content\/uploads\/2021\/05\/san_lorenzo_place_identity_sslo_greco_immediato_lookbook-1024x585.jpg 1024w, https:\/\/www.unirufa.it\/wp-content\/uploads\/2021\/05\/san_lorenzo_place_identity_sslo_greco_immediato_lookbook-768x439.jpg 768w\" sizes=\"auto, (max-width: 1050px) 100vw, 1050px\" \/><\/div><\/div><div class=\"su-image-carousel-item\"><div class=\"su-image-carousel-item-content\"><img loading=\"lazy\" decoding=\"async\" width=\"1050\" height=\"600\" src=\"https:\/\/www.unirufa.it\/wp-content\/uploads\/2021\/05\/san_lorenzo_place_identity_sslo_greco_immediato_volsci.jpg\" class=\"\" alt=\"\" srcset=\"https:\/\/www.unirufa.it\/wp-content\/uploads\/2021\/05\/san_lorenzo_place_identity_sslo_greco_immediato_volsci.jpg 1050w, https:\/\/www.unirufa.it\/wp-content\/uploads\/2021\/05\/san_lorenzo_place_identity_sslo_greco_immediato_volsci-300x171.jpg 300w, https:\/\/www.unirufa.it\/wp-content\/uploads\/2021\/05\/san_lorenzo_place_identity_sslo_greco_immediato_volsci-1024x585.jpg 1024w, https:\/\/www.unirufa.it\/wp-content\/uploads\/2021\/05\/san_lorenzo_place_identity_sslo_greco_immediato_volsci-768x439.jpg 768w\" sizes=\"auto, (max-width: 1050px) 100vw, 1050px\" \/><\/div><\/div><div class=\"su-image-carousel-item\"><div class=\"su-image-carousel-item-content\"><img loading=\"lazy\" decoding=\"async\" width=\"1050\" height=\"600\" src=\"https:\/\/www.unirufa.it\/wp-content\/uploads\/2021\/05\/san_lorenzo_place_identity_sslo_greco_immediato_appareal.jpg\" class=\"\" alt=\"\" srcset=\"https:\/\/www.unirufa.it\/wp-content\/uploads\/2021\/05\/san_lorenzo_place_identity_sslo_greco_immediato_appareal.jpg 1050w, https:\/\/www.unirufa.it\/wp-content\/uploads\/2021\/05\/san_lorenzo_place_identity_sslo_greco_immediato_appareal-300x171.jpg 300w, https:\/\/www.unirufa.it\/wp-content\/uploads\/2021\/05\/san_lorenzo_place_identity_sslo_greco_immediato_appareal-1024x585.jpg 1024w, https:\/\/www.unirufa.it\/wp-content\/uploads\/2021\/05\/san_lorenzo_place_identity_sslo_greco_immediato_appareal-768x439.jpg 768w\" sizes=\"auto, (max-width: 1050px) 100vw, 1050px\" \/><\/div><\/div><div class=\"su-image-carousel-item\"><div class=\"su-image-carousel-item-content\"><img loading=\"lazy\" decoding=\"async\" width=\"1050\" height=\"600\" src=\"https:\/\/www.unirufa.it\/wp-content\/uploads\/2021\/05\/san_lorenzo_place_identity_sslo_greco_immediato_verano.jpg\" class=\"\" alt=\"\" srcset=\"https:\/\/www.unirufa.it\/wp-content\/uploads\/2021\/05\/san_lorenzo_place_identity_sslo_greco_immediato_verano.jpg 1050w, https:\/\/www.unirufa.it\/wp-content\/uploads\/2021\/05\/san_lorenzo_place_identity_sslo_greco_immediato_verano-300x171.jpg 300w, https:\/\/www.unirufa.it\/wp-content\/uploads\/2021\/05\/san_lorenzo_place_identity_sslo_greco_immediato_verano-1024x585.jpg 1024w, https:\/\/www.unirufa.it\/wp-content\/uploads\/2021\/05\/san_lorenzo_place_identity_sslo_greco_immediato_verano-768x439.jpg 768w\" sizes=\"auto, (max-width: 1050px) 100vw, 1050px\" \/><\/div><\/div><div class=\"su-image-carousel-item\"><div class=\"su-image-carousel-item-content\"><img loading=\"lazy\" decoding=\"async\" width=\"1050\" height=\"600\" src=\"https:\/\/www.unirufa.it\/wp-content\/uploads\/2021\/05\/san_lorenzo_place_identity_sslo_greco_immediato_appareal1.jpg\" class=\"\" alt=\"\" srcset=\"https:\/\/www.unirufa.it\/wp-content\/uploads\/2021\/05\/san_lorenzo_place_identity_sslo_greco_immediato_appareal1.jpg 1050w, https:\/\/www.unirufa.it\/wp-content\/uploads\/2021\/05\/san_lorenzo_place_identity_sslo_greco_immediato_appareal1-300x171.jpg 300w, https:\/\/www.unirufa.it\/wp-content\/uploads\/2021\/05\/san_lorenzo_place_identity_sslo_greco_immediato_appareal1-1024x585.jpg 1024w, https:\/\/www.unirufa.it\/wp-content\/uploads\/2021\/05\/san_lorenzo_place_identity_sslo_greco_immediato_appareal1-768x439.jpg 768w\" sizes=\"auto, (max-width: 1050px) 100vw, 1050px\" \/><\/div><\/div><div class=\"su-image-carousel-item\"><div class=\"su-image-carousel-item-content\"><img loading=\"lazy\" decoding=\"async\" width=\"1050\" height=\"600\" src=\"https:\/\/www.unirufa.it\/wp-content\/uploads\/2021\/05\/san_lorenzo_place_identity_sslo_greco_immediato_sabelli.jpg\" class=\"\" alt=\"\" srcset=\"https:\/\/www.unirufa.it\/wp-content\/uploads\/2021\/05\/san_lorenzo_place_identity_sslo_greco_immediato_sabelli.jpg 1050w, https:\/\/www.unirufa.it\/wp-content\/uploads\/2021\/05\/san_lorenzo_place_identity_sslo_greco_immediato_sabelli-300x171.jpg 300w, https:\/\/www.unirufa.it\/wp-content\/uploads\/2021\/05\/san_lorenzo_place_identity_sslo_greco_immediato_sabelli-1024x585.jpg 1024w, https:\/\/www.unirufa.it\/wp-content\/uploads\/2021\/05\/san_lorenzo_place_identity_sslo_greco_immediato_sabelli-768x439.jpg 768w\" sizes=\"auto, (max-width: 1050px) 100vw, 1050px\" \/><\/div><\/div><div class=\"su-image-carousel-item\"><div class=\"su-image-carousel-item-content\"><img loading=\"lazy\" decoding=\"async\" width=\"1050\" height=\"600\" src=\"https:\/\/www.unirufa.it\/wp-content\/uploads\/2021\/05\/san_lorenzo_place_identity_sslo_greco_immediato_instagram_page.jpg\" class=\"\" alt=\"\" srcset=\"https:\/\/www.unirufa.it\/wp-content\/uploads\/2021\/05\/san_lorenzo_place_identity_sslo_greco_immediato_instagram_page.jpg 1050w, https:\/\/www.unirufa.it\/wp-content\/uploads\/2021\/05\/san_lorenzo_place_identity_sslo_greco_immediato_instagram_page-300x171.jpg 300w, https:\/\/www.unirufa.it\/wp-content\/uploads\/2021\/05\/san_lorenzo_place_identity_sslo_greco_immediato_instagram_page-1024x585.jpg 1024w, https:\/\/www.unirufa.it\/wp-content\/uploads\/2021\/05\/san_lorenzo_place_identity_sslo_greco_immediato_instagram_page-768x439.jpg 768w\" sizes=\"auto, (max-width: 1050px) 100vw, 1050px\" \/><\/div><\/div><\/div><script id=\"su_image_carousel_69f6171153d2a_script\">if(window.SUImageCarousel){setTimeout(function() {window.SUImageCarousel.initGallery(document.getElementById(\"su_image_carousel_69f6171153d2a\"))}, 0);}var su_image_carousel_69f6171153d2a_script=document.getElementById(\"su_image_carousel_69f6171153d2a_script\");if(su_image_carousel_69f6171153d2a_script){su_image_carousel_69f6171153d2a_script.parentNode.removeChild(su_image_carousel_69f6171153d2a_script);}<\/script>\n&nbsp;<\/p>\n<h3>Il progetto<\/h3>\n<p>Ssl\u00f2, acronimo di Shop San Lorenzo, \u00e8 il primo brand streetwear completamente dedicato al quartiere romano di San lorenzo. Ssl\u00f2 esalta l\u2019arte e le bellezze del quartiere a cui generalmente non si presta attenzione e ne varolizza ogni perimetro. Per realizzare i prodotti abbiamo esplorato a pieno il quartiere, fotografando ci\u00f2 che colpiva la nostra attenzione. Ci siamo soffermate non solo sulla vista grandangolare, collettiva del luogo, ma avvicinandoci il pi\u00f9 possibile alla ricerca di texture, superfici e tracce particolari ed uniche che solo osservando con attenzione \u00e8 possibile individuare. Ci siamo ispirate anche alla concezione giapponese del Wabisabi, per la quale la bellezza \u00e8 intimamente intrecciata con l\u2019imperfezione e la caducit\u00e0 delle cose. Abbiamo rielaborato il materiale fotografico scattato a San Lorenzo creando texture e motivi, poi applicate a felpe, t-shirt, orologi e cover.<br \/>\n&nbsp;<br \/>\n&nbsp;<\/p>\n<div class=\"col-sm-12 col-lg-6\" style=\"padding-left: 0\">\n<a id=\"btn-regolamentocorso\" style=\"background-color:#000000;\" class=\"download-btn\" href=\"https:\/\/www.unirufa.it\/san-lorenzo-place-identity\/#progetti\"><font color=\"#ffffff\">TORNA AI PROGETTI<\/a><\/font>\n<\/div>\n<p>&nbsp;","protected":false},"excerpt":{"rendered":"<p>Disculpa, pero esta entrada est\u00e1 disponible s\u00f3lo en IT y EN. CORSO Graphic Design DOCENTE Guido Lombardo STUDENTI Beatrice Greco, Isabella Immediato &nbsp; &nbsp; Il progetto Ssl\u00f2, acronimo di Shop San Lorenzo, \u00e8 il primo brand streetwear completamente dedicato al quartiere romano di San lorenzo. Ssl\u00f2 esalta l\u2019arte e le bellezze del quartiere a cui&#8230;<\/p>\n","protected":false},"author":22,"featured_media":0,"parent":0,"menu_order":0,"comment_status":"closed","ping_status":"closed","template":"","meta":{"content-type":"","footnotes":""},"class_list":["post-44692","page","type-page","status-publish","hentry"],"yoast_head":"<!-- This site is optimized with the Yoast SEO plugin v24.2 - https:\/\/yoast.com\/wordpress\/plugins\/seo\/ -->\n<title>Ssl\u00f2 - RUFA - Rome University of Fine Arts<\/title>\n<meta name=\"robots\" content=\"index, follow, max-snippet:-1, max-image-preview:large, max-video-preview:-1\" \/>\n<link rel=\"canonical\" href=\"https:\/\/www.unirufa.it\/en\/san-lorenzo-place-identity-sslo\/\" \/>\n<meta property=\"og:locale\" content=\"es_ES\" \/>\n<meta property=\"og:type\" content=\"article\" \/>\n<meta property=\"og:title\" content=\"Ssl\u00f2 - RUFA - Rome University of Fine Arts\" \/>\n<meta property=\"og:description\" content=\"Disculpa, pero esta entrada est\u00e1 disponible s\u00f3lo en IT y EN. CORSO Graphic Design DOCENTE Guido Lombardo STUDENTI Beatrice Greco, Isabella Immediato &nbsp; &nbsp; Il progetto Ssl\u00f2, acronimo di Shop San Lorenzo, \u00e8 il primo brand streetwear completamente dedicato al quartiere romano di San lorenzo. Ssl\u00f2 esalta l\u2019arte e le bellezze del quartiere a cui...\" \/>\n<meta property=\"og:url\" content=\"https:\/\/www.unirufa.it\/en\/san-lorenzo-place-identity-sslo\/\" \/>\n<meta property=\"og:site_name\" content=\"RUFA - Rome University of Fine Arts\" \/>\n<meta property=\"article:modified_time\" content=\"2021-06-03T20:13:44+00:00\" \/>\n<meta property=\"og:image\" content=\"https:\/\/www.unirufa.it\/wp-content\/uploads\/2017\/11\/logo-rufa-2016.png\" \/>\n\t<meta property=\"og:image:width\" content=\"230\" \/>\n\t<meta property=\"og:image:height\" content=\"149\" \/>\n\t<meta property=\"og:image:type\" content=\"image\/png\" \/>\n<meta name=\"twitter:label1\" content=\"Tiempo de lectura\" \/>\n\t<meta name=\"twitter:data1\" content=\"2 minutos\" \/>\n<script type=\"application\/ld+json\" class=\"yoast-schema-graph\">{\"@context\":\"https:\/\/schema.org\",\"@graph\":[{\"@type\":\"WebPage\",\"@id\":\"https:\/\/www.unirufa.it\/en\/san-lorenzo-place-identity-sslo\/\",\"url\":\"https:\/\/www.unirufa.it\/en\/san-lorenzo-place-identity-sslo\/\",\"name\":\"Ssl\u00f2 - RUFA - Rome University of Fine Arts\",\"isPartOf\":{\"@id\":\"https:\/\/www.unirufa.it\/#website\"},\"datePublished\":\"2021-05-17T12:23:18+00:00\",\"dateModified\":\"2021-06-03T20:13:44+00:00\",\"breadcrumb\":{\"@id\":\"https:\/\/www.unirufa.it\/en\/san-lorenzo-place-identity-sslo\/#breadcrumb\"},\"inLanguage\":\"es\",\"potentialAction\":[{\"@type\":\"ReadAction\",\"target\":[\"https:\/\/www.unirufa.it\/en\/san-lorenzo-place-identity-sslo\/\"]}]},{\"@type\":\"BreadcrumbList\",\"@id\":\"https:\/\/www.unirufa.it\/en\/san-lorenzo-place-identity-sslo\/#breadcrumb\",\"itemListElement\":[{\"@type\":\"ListItem\",\"position\":1,\"name\":\"Home\",\"item\":\"https:\/\/www.unirufa.it\/\"},{\"@type\":\"ListItem\",\"position\":2,\"name\":\"Ssl\u00f2\"}]},{\"@type\":\"WebSite\",\"@id\":\"https:\/\/www.unirufa.it\/#website\",\"url\":\"https:\/\/www.unirufa.it\/\",\"name\":\"RUFA - Rome University of Fine Arts\",\"description\":\"\",\"potentialAction\":[{\"@type\":\"SearchAction\",\"target\":{\"@type\":\"EntryPoint\",\"urlTemplate\":\"https:\/\/www.unirufa.it\/?s={search_term_string}\"},\"query-input\":{\"@type\":\"PropertyValueSpecification\",\"valueRequired\":true,\"valueName\":\"search_term_string\"}}],\"inLanguage\":\"es\"}]}<\/script>\n<!-- \/ Yoast SEO plugin. -->","yoast_head_json":{"title":"Ssl\u00f2 - RUFA - Rome University of Fine Arts","robots":{"index":"index","follow":"follow","max-snippet":"max-snippet:-1","max-image-preview":"max-image-preview:large","max-video-preview":"max-video-preview:-1"},"canonical":"https:\/\/www.unirufa.it\/en\/san-lorenzo-place-identity-sslo\/","og_locale":"es_ES","og_type":"article","og_title":"Ssl\u00f2 - RUFA - Rome University of Fine Arts","og_description":"Disculpa, pero esta entrada est\u00e1 disponible s\u00f3lo en IT y EN. CORSO Graphic Design DOCENTE Guido Lombardo STUDENTI Beatrice Greco, Isabella Immediato &nbsp; &nbsp; Il progetto Ssl\u00f2, acronimo di Shop San Lorenzo, \u00e8 il primo brand streetwear completamente dedicato al quartiere romano di San lorenzo. Ssl\u00f2 esalta l\u2019arte e le bellezze del quartiere a cui...","og_url":"https:\/\/www.unirufa.it\/en\/san-lorenzo-place-identity-sslo\/","og_site_name":"RUFA - Rome University of Fine Arts","article_modified_time":"2021-06-03T20:13:44+00:00","og_image":[{"width":230,"height":149,"url":"https:\/\/www.unirufa.it\/wp-content\/uploads\/2017\/11\/logo-rufa-2016.png","type":"image\/png"}],"twitter_misc":{"Tiempo de lectura":"2 minutos"},"schema":{"@context":"https:\/\/schema.org","@graph":[{"@type":"WebPage","@id":"https:\/\/www.unirufa.it\/en\/san-lorenzo-place-identity-sslo\/","url":"https:\/\/www.unirufa.it\/en\/san-lorenzo-place-identity-sslo\/","name":"Ssl\u00f2 - RUFA - Rome University of Fine Arts","isPartOf":{"@id":"https:\/\/www.unirufa.it\/#website"},"datePublished":"2021-05-17T12:23:18+00:00","dateModified":"2021-06-03T20:13:44+00:00","breadcrumb":{"@id":"https:\/\/www.unirufa.it\/en\/san-lorenzo-place-identity-sslo\/#breadcrumb"},"inLanguage":"es","potentialAction":[{"@type":"ReadAction","target":["https:\/\/www.unirufa.it\/en\/san-lorenzo-place-identity-sslo\/"]}]},{"@type":"BreadcrumbList","@id":"https:\/\/www.unirufa.it\/en\/san-lorenzo-place-identity-sslo\/#breadcrumb","itemListElement":[{"@type":"ListItem","position":1,"name":"Home","item":"https:\/\/www.unirufa.it\/"},{"@type":"ListItem","position":2,"name":"Ssl\u00f2"}]},{"@type":"WebSite","@id":"https:\/\/www.unirufa.it\/#website","url":"https:\/\/www.unirufa.it\/","name":"RUFA - Rome University of Fine Arts","description":"","potentialAction":[{"@type":"SearchAction","target":{"@type":"EntryPoint","urlTemplate":"https:\/\/www.unirufa.it\/?s={search_term_string}"},"query-input":{"@type":"PropertyValueSpecification","valueRequired":true,"valueName":"search_term_string"}}],"inLanguage":"es"}]}},"_links":{"self":[{"href":"https:\/\/www.unirufa.it\/es\/wp-json\/wp\/v2\/pages\/44692","targetHints":{"allow":["GET"]}}],"collection":[{"href":"https:\/\/www.unirufa.it\/es\/wp-json\/wp\/v2\/pages"}],"about":[{"href":"https:\/\/www.unirufa.it\/es\/wp-json\/wp\/v2\/types\/page"}],"author":[{"embeddable":true,"href":"https:\/\/www.unirufa.it\/es\/wp-json\/wp\/v2\/users\/22"}],"replies":[{"embeddable":true,"href":"https:\/\/www.unirufa.it\/es\/wp-json\/wp\/v2\/comments?post=44692"}],"version-history":[{"count":4,"href":"https:\/\/www.unirufa.it\/es\/wp-json\/wp\/v2\/pages\/44692\/revisions"}],"predecessor-version":[{"id":45810,"href":"https:\/\/www.unirufa.it\/es\/wp-json\/wp\/v2\/pages\/44692\/revisions\/45810"}],"wp:attachment":[{"href":"https:\/\/www.unirufa.it\/es\/wp-json\/wp\/v2\/media?parent=44692"}],"curies":[{"name":"wp","href":"https:\/\/api.w.org\/{rel}","templated":true}]}}