


{"id":44703,"date":"2021-05-17T14:26:29","date_gmt":"2021-05-17T12:26:29","guid":{"rendered":"https:\/\/www.unirufa.it\/?page_id=44703"},"modified":"2021-12-21T17:16:20","modified_gmt":"2021-12-21T16:16:20","slug":"san-lorenzo-place-identity-victoria","status":"publish","type":"page","link":"https:\/\/www.unirufa.it\/es\/san-lorenzo-place-identity-victoria\/","title":{"rendered":"Victoria"},"content":{"rendered":"<p class=\"qtranxs-available-languages-message qtranxs-available-languages-message-es\">Disculpa, pero esta entrada est\u00e1 disponible s\u00f3lo en <a href=\"https:\/\/www.unirufa.it\/it\/wp-json\/wp\/v2\/pages\/44703\" class=\"qtranxs-available-language-link qtranxs-available-language-link-it\" title=\"IT\">IT<\/a> y <a href=\"https:\/\/www.unirufa.it\/en\/wp-json\/wp\/v2\/pages\/44703\" class=\"qtranxs-available-language-link qtranxs-available-language-link-en\" title=\"EN\">EN<\/a>.<\/p><div class=\"col-sm-12 col-lg-2\" style=\"padding-left: 0;\">\n<h4><strong>CORSO<\/strong><\/h4>\n<\/div>\n<div class=\"col-sm-12 col-lg-10\" style=\"padding-left: 0;\">\n<h4>Graphic Design<\/h4>\n<\/div>\n<p>&nbsp;<\/p>\n<div class=\"col-sm-12 col-lg-2\" style=\"padding-left: 0;\">\n<h4><strong>DOCENTE<\/strong><\/h4>\n<\/div>\n<div class=\"col-sm-12 col-lg-10\" style=\"padding-left: 0;\">\n<h4>Guido Lombardo<\/h4>\n<\/div>\n<p>&nbsp;<\/p>\n<div class=\"col-sm-12 col-lg-2\" style=\"padding-left: 0;\">\n<h4><strong>STUDENTI<\/strong><\/h4>\n<\/div>\n<div class=\"col-sm-12 col-lg-10\" style=\"padding-left: 0;\">\n<h4>Carlotta Biagioni, Sara Andronico, Sara Bonini<\/h4>\n<\/div>\n<p>&nbsp;<\/p>\n<div class=\"su-image-carousel  su-image-carousel-has-spacing su-image-carousel-adaptive su-image-carousel-slides-style-minimal su-image-carousel-controls-style-light su-image-carousel-align-left\" style=\"\" data-flickity-options='{\"groupCells\":true,\"cellSelector\":\".su-image-carousel-item\",\"adaptiveHeight\":true,\"cellAlign\":\"left\",\"prevNextButtons\":true,\"pageDots\":false,\"autoPlay\":3000,\"imagesLoaded\":true,\"contain\":false,\"selectedAttraction\":0.025,\"friction\":0.28}' id=\"su_image_carousel_69d10c17c3371\"><div class=\"su-image-carousel-item\"><div class=\"su-image-carousel-item-content\"><img loading=\"lazy\" decoding=\"async\" width=\"1050\" height=\"600\" src=\"https:\/\/www.unirufa.it\/wp-content\/uploads\/2021\/05\/san_lorenzo_place_identity_victoria_andronico_bonini_biagioni_book.jpg\" class=\"\" alt=\"\" srcset=\"https:\/\/www.unirufa.it\/wp-content\/uploads\/2021\/05\/san_lorenzo_place_identity_victoria_andronico_bonini_biagioni_book.jpg 1050w, https:\/\/www.unirufa.it\/wp-content\/uploads\/2021\/05\/san_lorenzo_place_identity_victoria_andronico_bonini_biagioni_book-300x171.jpg 300w, https:\/\/www.unirufa.it\/wp-content\/uploads\/2021\/05\/san_lorenzo_place_identity_victoria_andronico_bonini_biagioni_book-1024x585.jpg 1024w, https:\/\/www.unirufa.it\/wp-content\/uploads\/2021\/05\/san_lorenzo_place_identity_victoria_andronico_bonini_biagioni_book-768x439.jpg 768w\" sizes=\"auto, (max-width: 1050px) 100vw, 1050px\" \/><\/div><\/div><div class=\"su-image-carousel-item\"><div class=\"su-image-carousel-item-content\"><img loading=\"lazy\" decoding=\"async\" width=\"1050\" height=\"600\" src=\"https:\/\/www.unirufa.it\/wp-content\/uploads\/2021\/05\/san_lorenzo_place_identity_victoria_andronico_bonini_biagioni_interior_pages4.jpg\" class=\"\" alt=\"\" srcset=\"https:\/\/www.unirufa.it\/wp-content\/uploads\/2021\/05\/san_lorenzo_place_identity_victoria_andronico_bonini_biagioni_interior_pages4.jpg 1050w, https:\/\/www.unirufa.it\/wp-content\/uploads\/2021\/05\/san_lorenzo_place_identity_victoria_andronico_bonini_biagioni_interior_pages4-300x171.jpg 300w, https:\/\/www.unirufa.it\/wp-content\/uploads\/2021\/05\/san_lorenzo_place_identity_victoria_andronico_bonini_biagioni_interior_pages4-1024x585.jpg 1024w, https:\/\/www.unirufa.it\/wp-content\/uploads\/2021\/05\/san_lorenzo_place_identity_victoria_andronico_bonini_biagioni_interior_pages4-768x439.jpg 768w\" sizes=\"auto, (max-width: 1050px) 100vw, 1050px\" \/><\/div><\/div><div class=\"su-image-carousel-item\"><div class=\"su-image-carousel-item-content\"><img loading=\"lazy\" decoding=\"async\" width=\"1050\" height=\"600\" src=\"https:\/\/www.unirufa.it\/wp-content\/uploads\/2021\/05\/san_lorenzo_place_identity_victoria_andronico_bonini_biagioni_interior_pages3.jpg\" class=\"\" alt=\"\" srcset=\"https:\/\/www.unirufa.it\/wp-content\/uploads\/2021\/05\/san_lorenzo_place_identity_victoria_andronico_bonini_biagioni_interior_pages3.jpg 1050w, https:\/\/www.unirufa.it\/wp-content\/uploads\/2021\/05\/san_lorenzo_place_identity_victoria_andronico_bonini_biagioni_interior_pages3-300x171.jpg 300w, https:\/\/www.unirufa.it\/wp-content\/uploads\/2021\/05\/san_lorenzo_place_identity_victoria_andronico_bonini_biagioni_interior_pages3-1024x585.jpg 1024w, https:\/\/www.unirufa.it\/wp-content\/uploads\/2021\/05\/san_lorenzo_place_identity_victoria_andronico_bonini_biagioni_interior_pages3-768x439.jpg 768w\" sizes=\"auto, (max-width: 1050px) 100vw, 1050px\" \/><\/div><\/div><div class=\"su-image-carousel-item\"><div class=\"su-image-carousel-item-content\"><img loading=\"lazy\" decoding=\"async\" width=\"1050\" height=\"600\" src=\"https:\/\/www.unirufa.it\/wp-content\/uploads\/2021\/05\/san_lorenzo_place_identity_victoria_andronico_bonini_biagioni_interior_pages2.jpg\" class=\"\" alt=\"\" srcset=\"https:\/\/www.unirufa.it\/wp-content\/uploads\/2021\/05\/san_lorenzo_place_identity_victoria_andronico_bonini_biagioni_interior_pages2.jpg 1050w, https:\/\/www.unirufa.it\/wp-content\/uploads\/2021\/05\/san_lorenzo_place_identity_victoria_andronico_bonini_biagioni_interior_pages2-300x171.jpg 300w, https:\/\/www.unirufa.it\/wp-content\/uploads\/2021\/05\/san_lorenzo_place_identity_victoria_andronico_bonini_biagioni_interior_pages2-1024x585.jpg 1024w, https:\/\/www.unirufa.it\/wp-content\/uploads\/2021\/05\/san_lorenzo_place_identity_victoria_andronico_bonini_biagioni_interior_pages2-768x439.jpg 768w\" sizes=\"auto, (max-width: 1050px) 100vw, 1050px\" \/><\/div><\/div><div class=\"su-image-carousel-item\"><div class=\"su-image-carousel-item-content\"><img loading=\"lazy\" decoding=\"async\" width=\"1050\" height=\"600\" src=\"https:\/\/www.unirufa.it\/wp-content\/uploads\/2021\/05\/san_lorenzo_place_identity_victoria_andronico_bonini_biagioni_interior_pages1.jpg\" class=\"\" alt=\"\" srcset=\"https:\/\/www.unirufa.it\/wp-content\/uploads\/2021\/05\/san_lorenzo_place_identity_victoria_andronico_bonini_biagioni_interior_pages1.jpg 1050w, https:\/\/www.unirufa.it\/wp-content\/uploads\/2021\/05\/san_lorenzo_place_identity_victoria_andronico_bonini_biagioni_interior_pages1-300x171.jpg 300w, https:\/\/www.unirufa.it\/wp-content\/uploads\/2021\/05\/san_lorenzo_place_identity_victoria_andronico_bonini_biagioni_interior_pages1-1024x585.jpg 1024w, https:\/\/www.unirufa.it\/wp-content\/uploads\/2021\/05\/san_lorenzo_place_identity_victoria_andronico_bonini_biagioni_interior_pages1-768x439.jpg 768w\" sizes=\"auto, (max-width: 1050px) 100vw, 1050px\" \/><\/div><\/div><div class=\"su-image-carousel-item\"><div class=\"su-image-carousel-item-content\"><img loading=\"lazy\" decoding=\"async\" width=\"1050\" height=\"600\" src=\"https:\/\/www.unirufa.it\/wp-content\/uploads\/2021\/05\/san_lorenzo_place_identity_victoria_andronico_bonini_biagioni_interior_pages.jpg\" class=\"\" alt=\"\" srcset=\"https:\/\/www.unirufa.it\/wp-content\/uploads\/2021\/05\/san_lorenzo_place_identity_victoria_andronico_bonini_biagioni_interior_pages.jpg 1050w, https:\/\/www.unirufa.it\/wp-content\/uploads\/2021\/05\/san_lorenzo_place_identity_victoria_andronico_bonini_biagioni_interior_pages-300x171.jpg 300w, https:\/\/www.unirufa.it\/wp-content\/uploads\/2021\/05\/san_lorenzo_place_identity_victoria_andronico_bonini_biagioni_interior_pages-1024x585.jpg 1024w, https:\/\/www.unirufa.it\/wp-content\/uploads\/2021\/05\/san_lorenzo_place_identity_victoria_andronico_bonini_biagioni_interior_pages-768x439.jpg 768w\" sizes=\"auto, (max-width: 1050px) 100vw, 1050px\" \/><\/div><\/div><div class=\"su-image-carousel-item\"><div class=\"su-image-carousel-item-content\"><img loading=\"lazy\" decoding=\"async\" width=\"1050\" height=\"600\" src=\"https:\/\/www.unirufa.it\/wp-content\/uploads\/2021\/05\/san_lorenzo_place_identity_victoria_andronico_bonini_biagioni_interior_pages5.jpg\" class=\"\" alt=\"\" srcset=\"https:\/\/www.unirufa.it\/wp-content\/uploads\/2021\/05\/san_lorenzo_place_identity_victoria_andronico_bonini_biagioni_interior_pages5.jpg 1050w, https:\/\/www.unirufa.it\/wp-content\/uploads\/2021\/05\/san_lorenzo_place_identity_victoria_andronico_bonini_biagioni_interior_pages5-300x171.jpg 300w, https:\/\/www.unirufa.it\/wp-content\/uploads\/2021\/05\/san_lorenzo_place_identity_victoria_andronico_bonini_biagioni_interior_pages5-1024x585.jpg 1024w, https:\/\/www.unirufa.it\/wp-content\/uploads\/2021\/05\/san_lorenzo_place_identity_victoria_andronico_bonini_biagioni_interior_pages5-768x439.jpg 768w\" sizes=\"auto, (max-width: 1050px) 100vw, 1050px\" \/><\/div><\/div><\/div><script id=\"su_image_carousel_69d10c17c3371_script\">if(window.SUImageCarousel){setTimeout(function() {window.SUImageCarousel.initGallery(document.getElementById(\"su_image_carousel_69d10c17c3371\"))}, 0);}var su_image_carousel_69d10c17c3371_script=document.getElementById(\"su_image_carousel_69d10c17c3371_script\");if(su_image_carousel_69d10c17c3371_script){su_image_carousel_69d10c17c3371_script.parentNode.removeChild(su_image_carousel_69d10c17c3371_script);}<\/script>\n<h3>Il progetto<\/h3>\n<p>Sono le donne di Roma che hanno fatto la storia della capitale, sono le vere protagoniste di una citt\u00e0 che ad ogni angolo rimanda a personaggi leggendari e antichi miti. Una citt\u00e0 che trasuda arte da ogni poro e che \u00e8 stata abitata e vissuta da attrici, artiste, sante e scrittrici che grazie al loro talento hanno portato la citt\u00e0 dei sette colli sul tetto del mondo. Ogni settimana, una nuova uscita di Victoria dedicata al racconto delle donne e per le donne, in un diverso quartiere della Capitale.<br \/>\nIn questa prima uscita della rivista abbiamo scelto proprio San Lorenzo per far conoscere alle persone un lato di questo piccolo, ma allo stesso tempo grande, quartiere che non tutti conoscono. \u00c8 una di quelle anime antiche che porta con s\u00e9 una valigia piena di testimonianze del passato, quasi volesse dire a tutti di andare oltre l\u2019apparenza che piomba nelle sue strade, solitamente viene visto come il quartiere del degrado, popolato da ragazzi e extracomunitari, ma ve lo assicuriamo \u00e8 molto di pi\u00f9. \u00c8 un quartiere che viene vissuto a pieno ogni giorno ricco di una grande storia rappresentata da grandissime donne, come la Montessori che ha fondato un proprio metodo di insegnamento ormai famoso in tutto il mondo, donne che hanno fatto la rivoluzione creando un movimento e segnando la storia, che solamente grazie a loro ora possiamo usufruire dei diritti che ci appartengono e che prima ci venivano negati con molta facilit\u00e0. Ma oltre a questo \u00e8 anche vissuto da donne moderne dei nostri tempi che non si arrendono e lottano ogni giorno per sostenere le proprie idee.<\/p>\n<div class=\"col-sm-12 col-lg-6\" style=\"padding-left: 0;\"><a id=\"btn-regolamentocorso\" class=\"download-btn\" style=\"background-color: #000000;\" href=\"https:\/\/www.unirufa.it\/san-lorenzo-place-identity\/#progetti\"><span style=\"color: #ffffff;\">TORNA AI PROGETTI<\/span><\/a><\/div>\n<p>&nbsp;","protected":false},"excerpt":{"rendered":"<p>Disculpa, pero esta entrada est\u00e1 disponible s\u00f3lo en IT y EN. CORSO Graphic Design &nbsp; DOCENTE Guido Lombardo &nbsp; STUDENTI Carlotta Biagioni, Sara Andronico, Sara Bonini &nbsp; Il progetto Sono le donne di Roma che hanno fatto la storia della capitale, sono le vere protagoniste di una citt\u00e0 che ad ogni angolo rimanda a personaggi&#8230;<\/p>\n","protected":false},"author":22,"featured_media":0,"parent":0,"menu_order":0,"comment_status":"closed","ping_status":"closed","template":"","meta":{"content-type":"","footnotes":""},"class_list":["post-44703","page","type-page","status-publish","hentry"],"yoast_head":"<!-- This site is optimized with the Yoast SEO plugin v24.2 - https:\/\/yoast.com\/wordpress\/plugins\/seo\/ -->\n<title>&quot;Victoria&quot;: un progetto degli studenti dell&#039;Accademia delle Belle Arti - RUFA<\/title>\n<meta name=\"description\" content=\"Roma trasuda arte da ogni poro grazie ad attrici, artiste e scrittrici che grazie al loro talento hanno portato la citt\u00e0 sul tetto del mondo.\" \/>\n<meta name=\"robots\" content=\"index, follow, max-snippet:-1, max-image-preview:large, max-video-preview:-1\" \/>\n<link rel=\"canonical\" href=\"https:\/\/www.unirufa.it\/san-lorenzo-place-identity-victoria\/\" \/>\n<meta property=\"og:locale\" content=\"es_ES\" \/>\n<meta property=\"og:type\" content=\"article\" \/>\n<meta property=\"og:title\" content=\"&quot;Victoria&quot;: un progetto degli studenti dell&#039;Accademia delle Belle Arti - RUFA\" \/>\n<meta property=\"og:description\" content=\"Roma trasuda arte da ogni poro grazie ad attrici, artiste e scrittrici che grazie al loro talento hanno portato la citt\u00e0 sul tetto del mondo.\" \/>\n<meta property=\"og:url\" content=\"https:\/\/www.unirufa.it\/san-lorenzo-place-identity-victoria\/\" \/>\n<meta property=\"og:site_name\" content=\"RUFA - Rome University of Fine Arts\" \/>\n<meta property=\"article:modified_time\" content=\"2021-12-21T16:16:20+00:00\" \/>\n<meta property=\"og:image\" content=\"https:\/\/www.unirufa.it\/wp-content\/uploads\/2017\/11\/logo-rufa-2016.png\" \/>\n\t<meta property=\"og:image:width\" content=\"230\" \/>\n\t<meta property=\"og:image:height\" content=\"149\" \/>\n\t<meta property=\"og:image:type\" content=\"image\/png\" \/>\n<meta name=\"twitter:label1\" content=\"Tiempo de lectura\" \/>\n\t<meta name=\"twitter:data1\" content=\"3 minutos\" \/>\n<script type=\"application\/ld+json\" class=\"yoast-schema-graph\">{\"@context\":\"https:\/\/schema.org\",\"@graph\":[{\"@type\":\"WebPage\",\"@id\":\"https:\/\/www.unirufa.it\/san-lorenzo-place-identity-victoria\/\",\"url\":\"https:\/\/www.unirufa.it\/san-lorenzo-place-identity-victoria\/\",\"name\":\"\\\"Victoria\\\": un progetto degli studenti dell'Accademia delle Belle Arti - RUFA\",\"isPartOf\":{\"@id\":\"https:\/\/www.unirufa.it\/#website\"},\"datePublished\":\"2021-05-17T12:26:29+00:00\",\"dateModified\":\"2021-12-21T16:16:20+00:00\",\"description\":\"Roma trasuda arte da ogni poro grazie ad attrici, artiste e scrittrici che grazie al loro talento hanno portato la citt\u00e0 sul tetto del mondo.\",\"breadcrumb\":{\"@id\":\"https:\/\/www.unirufa.it\/san-lorenzo-place-identity-victoria\/#breadcrumb\"},\"inLanguage\":\"es\",\"potentialAction\":[{\"@type\":\"ReadAction\",\"target\":[\"https:\/\/www.unirufa.it\/san-lorenzo-place-identity-victoria\/\"]}]},{\"@type\":\"BreadcrumbList\",\"@id\":\"https:\/\/www.unirufa.it\/san-lorenzo-place-identity-victoria\/#breadcrumb\",\"itemListElement\":[{\"@type\":\"ListItem\",\"position\":1,\"name\":\"Home\",\"item\":\"https:\/\/www.unirufa.it\/\"},{\"@type\":\"ListItem\",\"position\":2,\"name\":\"Victoria\"}]},{\"@type\":\"WebSite\",\"@id\":\"https:\/\/www.unirufa.it\/#website\",\"url\":\"https:\/\/www.unirufa.it\/\",\"name\":\"RUFA - Rome University of Fine Arts\",\"description\":\"\",\"potentialAction\":[{\"@type\":\"SearchAction\",\"target\":{\"@type\":\"EntryPoint\",\"urlTemplate\":\"https:\/\/www.unirufa.it\/?s={search_term_string}\"},\"query-input\":{\"@type\":\"PropertyValueSpecification\",\"valueRequired\":true,\"valueName\":\"search_term_string\"}}],\"inLanguage\":\"es\"}]}<\/script>\n<!-- \/ Yoast SEO plugin. -->","yoast_head_json":{"title":"\"Victoria\": un progetto degli studenti dell'Accademia delle Belle Arti - RUFA","description":"Roma trasuda arte da ogni poro grazie ad attrici, artiste e scrittrici che grazie al loro talento hanno portato la citt\u00e0 sul tetto del mondo.","robots":{"index":"index","follow":"follow","max-snippet":"max-snippet:-1","max-image-preview":"max-image-preview:large","max-video-preview":"max-video-preview:-1"},"canonical":"https:\/\/www.unirufa.it\/san-lorenzo-place-identity-victoria\/","og_locale":"es_ES","og_type":"article","og_title":"\"Victoria\": un progetto degli studenti dell'Accademia delle Belle Arti - RUFA","og_description":"Roma trasuda arte da ogni poro grazie ad attrici, artiste e scrittrici che grazie al loro talento hanno portato la citt\u00e0 sul tetto del mondo.","og_url":"https:\/\/www.unirufa.it\/san-lorenzo-place-identity-victoria\/","og_site_name":"RUFA - Rome University of Fine Arts","article_modified_time":"2021-12-21T16:16:20+00:00","og_image":[{"width":230,"height":149,"url":"https:\/\/www.unirufa.it\/wp-content\/uploads\/2017\/11\/logo-rufa-2016.png","type":"image\/png"}],"twitter_misc":{"Tiempo de lectura":"3 minutos"},"schema":{"@context":"https:\/\/schema.org","@graph":[{"@type":"WebPage","@id":"https:\/\/www.unirufa.it\/san-lorenzo-place-identity-victoria\/","url":"https:\/\/www.unirufa.it\/san-lorenzo-place-identity-victoria\/","name":"\"Victoria\": un progetto degli studenti dell'Accademia delle Belle Arti - RUFA","isPartOf":{"@id":"https:\/\/www.unirufa.it\/#website"},"datePublished":"2021-05-17T12:26:29+00:00","dateModified":"2021-12-21T16:16:20+00:00","description":"Roma trasuda arte da ogni poro grazie ad attrici, artiste e scrittrici che grazie al loro talento hanno portato la citt\u00e0 sul tetto del mondo.","breadcrumb":{"@id":"https:\/\/www.unirufa.it\/san-lorenzo-place-identity-victoria\/#breadcrumb"},"inLanguage":"es","potentialAction":[{"@type":"ReadAction","target":["https:\/\/www.unirufa.it\/san-lorenzo-place-identity-victoria\/"]}]},{"@type":"BreadcrumbList","@id":"https:\/\/www.unirufa.it\/san-lorenzo-place-identity-victoria\/#breadcrumb","itemListElement":[{"@type":"ListItem","position":1,"name":"Home","item":"https:\/\/www.unirufa.it\/"},{"@type":"ListItem","position":2,"name":"Victoria"}]},{"@type":"WebSite","@id":"https:\/\/www.unirufa.it\/#website","url":"https:\/\/www.unirufa.it\/","name":"RUFA - Rome University of Fine Arts","description":"","potentialAction":[{"@type":"SearchAction","target":{"@type":"EntryPoint","urlTemplate":"https:\/\/www.unirufa.it\/?s={search_term_string}"},"query-input":{"@type":"PropertyValueSpecification","valueRequired":true,"valueName":"search_term_string"}}],"inLanguage":"es"}]}},"_links":{"self":[{"href":"https:\/\/www.unirufa.it\/es\/wp-json\/wp\/v2\/pages\/44703","targetHints":{"allow":["GET"]}}],"collection":[{"href":"https:\/\/www.unirufa.it\/es\/wp-json\/wp\/v2\/pages"}],"about":[{"href":"https:\/\/www.unirufa.it\/es\/wp-json\/wp\/v2\/types\/page"}],"author":[{"embeddable":true,"href":"https:\/\/www.unirufa.it\/es\/wp-json\/wp\/v2\/users\/22"}],"replies":[{"embeddable":true,"href":"https:\/\/www.unirufa.it\/es\/wp-json\/wp\/v2\/comments?post=44703"}],"version-history":[{"count":5,"href":"https:\/\/www.unirufa.it\/es\/wp-json\/wp\/v2\/pages\/44703\/revisions"}],"predecessor-version":[{"id":58333,"href":"https:\/\/www.unirufa.it\/es\/wp-json\/wp\/v2\/pages\/44703\/revisions\/58333"}],"wp:attachment":[{"href":"https:\/\/www.unirufa.it\/es\/wp-json\/wp\/v2\/media?parent=44703"}],"curies":[{"name":"wp","href":"https:\/\/api.w.org\/{rel}","templated":true}]}}